{"id":56,"date":"2013-09-18T07:05:51","date_gmt":"2013-09-18T07:05:51","guid":{"rendered":"http:\/\/phase.cpl.es\/?page_id=56"},"modified":"2023-02-27T08:30:24","modified_gmt":"2023-02-27T08:30:24","slug":"suscripcion-2","status":"publish","type":"page","link":"https:\/\/www.cpl.es\/phase\/?page_id=56","title":{"rendered":"SUSCRIPCI\u00d3N"},"content":{"rendered":"<figure id=\"attachment_1840\" aria-describedby=\"caption-attachment-1840\" style=\"width: 191px\" class=\"wp-caption alignleft\"><a href=\"http:\/\/phase.cpl.es\/wp-content\/uploads\/2023\/02\/PHE_367.jpg\"><img loading=\"lazy\" decoding=\"async\" class=\"wp-image-1840 size-medium\" src=\"http:\/\/phase.cpl.es\/wp-content\/uploads\/2023\/02\/PHE_367-191x300.jpg\" alt=\"\" width=\"191\" height=\"300\" srcset=\"https:\/\/www.cpl.es\/phase\/wp-content\/uploads\/2023\/02\/PHE_367-191x300.jpg 191w, https:\/\/www.cpl.es\/phase\/wp-content\/uploads\/2023\/02\/PHE_367.jpg 236w\" sizes=\"(max-width: 191px) 100vw, 191px\" \/><\/a><figcaption id=\"caption-attachment-1840\" class=\"wp-caption-text\">Phase 367 &#8211; \u00abCaminar juntos\u00bb lit\u00fargicamente\u00bb<\/figcaption><\/figure>\n<h4 style=\"text-align: left;\">Precios de la revista <em>Phase\u00a0<\/em>2023 (a\u00f1o 63)<\/h4>\n<p>4 n\u00fameros (367 al 370)<\/p>\n<p>La suscripci\u00f3n es por a\u00f1o natural (enero-diciembre), pero si deseas alg\u00fan periodo o n\u00famero en especial , ponte en\u00a0<a title=\"Contacto\" href=\"http:\/\/phase.cpl.es\/contacto\/\">contacto\u00a0<\/a>con nosotros y te atenderemos gustosamente.<\/p>\n<h5>Espa\u00f1a: 79,00 \u20ac<\/h5>\n<h5>Resto del mundo (correo a\u00e9reo): 97,00 $<\/h5>\n<p>Precio de un n\u00famero:\u00a0 20,00\u20ac<\/p>\n<h3>\u221a\u00a0<a title=\"Formulario de inscripci\u00f3n a la revista Phase\" href=\"http:\/\/www.cpl.es\/cliente\/identificarse\/suscripcion\/PH\" target=\"_blank\" rel=\"noopener\">Deseo suscribirme a la revista<\/a><\/h3>\n<p>\u00a0<\/p>\n<p><a href=\"http:\/\/http:\/\/web.bcn2003.cpl.es\/phase\/formulario.htm\">\u00a0<\/a><\/p>\n\n\n<p><\/p>\n","protected":false},"excerpt":{"rendered":"<p>Precios de la revista Phase\u00a02023 (a\u00f1o 63) 4 n\u00fameros (367 al 370) La suscripci\u00f3n es por a\u00f1o natural (enero-diciembre), pero si deseas alg\u00fan periodo o n\u00famero en especial , ponte en\u00a0contacto\u00a0con nosotros y te atenderemos gustosamente. Espa\u00f1a: 79,00 \u20ac Resto del mundo (correo a\u00e9reo): 97,00 $ Precio de un n\u00famero:\u00a0 &#8230;<\/p>\n","protected":false},"author":1,"featured_media":0,"parent":0,"menu_order":3,"comment_status":"closed","ping_status":"closed","template":"","meta":{"footnotes":""},"_links":{"self":[{"href":"https:\/\/www.cpl.es\/phase\/index.php?rest_route=\/wp\/v2\/pages\/56"}],"collection":[{"href":"https:\/\/www.cpl.es\/phase\/index.php?rest_route=\/wp\/v2\/pages"}],"about":[{"href":"https:\/\/www.cpl.es\/phase\/index.php?rest_route=\/wp\/v2\/types\/page"}],"author":[{"embeddable":true,"href":"https:\/\/www.cpl.es\/phase\/index.php?rest_route=\/wp\/v2\/users\/1"}],"replies":[{"embeddable":true,"href":"https:\/\/www.cpl.es\/phase\/index.php?rest_route=%2Fwp%2Fv2%2Fcomments&post=56"}],"version-history":[{"count":34,"href":"https:\/\/www.cpl.es\/phase\/index.php?rest_route=\/wp\/v2\/pages\/56\/revisions"}],"predecessor-version":[{"id":1848,"href":"https:\/\/www.cpl.es\/phase\/index.php?rest_route=\/wp\/v2\/pages\/56\/revisions\/1848"}],"wp:attachment":[{"href":"https:\/\/www.cpl.es\/phase\/index.php?rest_route=%2Fwp%2Fv2%2Fmedia&parent=56"}],"curies":[{"name":"wp","href":"https:\/\/api.w.org\/{rel}","templated":true}]}}