{"id":910,"date":"2019-05-31T14:03:12","date_gmt":"2019-05-31T12:03:12","guid":{"rendered":"http:\/\/ivory-newt-719188.hostingersite.com\/?page_id=910"},"modified":"2023-07-10T11:54:44","modified_gmt":"2023-07-10T09:54:44","slug":"con-el-num-08-de-galilea-153","status":"publish","type":"page","link":"https:\/\/www.cpl.es\/galilea\/material-del-num-22-de-galilea-153\/con-el-num-08-de-galilea-153\/","title":{"rendered":"Materiales con el n\u00fam. 08 de Galilea.153"},"content":{"rendered":"\n<p class=\"has-text-color\" style=\"color:#006eb6\"><strong>Galilea.153 de julio-agosto de 2019 <\/strong>ayuda a tomar conciencia&nbsp;de la fragilidad de la Creaci\u00f3n recibida de Dios. Tambi\u00e9n nuestro compromiso en su cuidado. Una revista acompa\u00f1ada de materiales apropiados para ser&nbsp;utilizados en nuestros grupos y comunidades. <\/p>\n\n\n\n<p>Por tanto los materiales son los siguientes:<\/p>\n\n\n\n<table id=\"tablepress-10\" class=\"tablepress tablepress-id-10\">\n<thead>\n<tr class=\"row-1 odd\">\n\t<th class=\"column-1\"><figure id=\"attachment_892\" aria-describedby=\"caption-attachment-892\" style=\"width: 264px\" class=\"wp-caption alignnone\"><a href=\"http:\/\/ivory-newt-719188.hostingersite.com\/wp-content\/uploads\/2019\/05\/Hoja-laudato-si.pdf\"><img loading=\"lazy\" decoding=\"async\" src=\"http:\/\/ivory-newt-719188.hostingersite.com\/wp-content\/uploads\/2019\/05\/laudato-si-e1559303520243.jpg\" alt=\"\" width=\"264\" height=\"370\" class=\"size-full wp-image-892\" \/><\/a><figcaption id=\"caption-attachment-892\" class=\"wp-caption-text\">Resumen de la Carta Enc\u00edclica Laudato s\u00ed\u2019 (\u00a1Alabado seas!) del papa Francisco<\/figcaption><\/figure><\/th><th class=\"column-2\"><figure id=\"attachment_895\" aria-describedby=\"caption-attachment-895\" style=\"width: 264px\" class=\"wp-caption alignnone\"><a href=\"http:\/\/ivory-newt-719188.hostingersite.com\/wp-content\/uploads\/2019\/05\/Hoja-cantico-criaturas.pdf\"><img loading=\"lazy\" decoding=\"async\" src=\"http:\/\/ivory-newt-719188.hostingersite.com\/wp-content\/uploads\/2019\/05\/cantico-criaturas-e1559303588790.jpg\" alt=\"\" width=\"264\" height=\"370\" class=\"size-full wp-image-895\" \/><\/a><figcaption id=\"caption-attachment-895\" class=\"wp-caption-text\">Rezar por el cuidado de la Creaci\u00f3n<\/figcaption><\/figure><\/th><th class=\"column-3\"><figure id=\"attachment_893\" aria-describedby=\"caption-attachment-893\" style=\"width: 234px\" class=\"wp-caption alignnone\"><a href=\"http:\/\/ivory-newt-719188.hostingersite.com\/wp-content\/uploads\/2019\/05\/Lo-creado-como-Eucaristia.pdf\"><img loading=\"lazy\" decoding=\"async\" src=\"http:\/\/ivory-newt-719188.hostingersite.com\/wp-content\/uploads\/2019\/05\/Lo-creado-como-Eucaristia-e1559303543126.jpg\" alt=\"\" width=\"234\" height=\"370\" class=\"size-full wp-image-893\" \/><\/a><figcaption id=\"caption-attachment-893\" class=\"wp-caption-text\">Lo creado como Eucarist\u00eda<\/figcaption><\/figure><\/th>\n<\/tr>\n<\/thead>\n<tbody class=\"row-hover\">\n<tr class=\"row-2 even\">\n\t<td class=\"column-1\"><figure id=\"attachment_894\" aria-describedby=\"caption-attachment-894\" style=\"width: 370px\" class=\"wp-caption alignnone\"><a href=\"http:\/\/ivory-newt-719188.hostingersite.com\/wp-content\/uploads\/2019\/05\/Modelo-oracion-san-francisco.pdf\"><img loading=\"lazy\" decoding=\"async\" src=\"http:\/\/ivory-newt-719188.hostingersite.com\/wp-content\/uploads\/2019\/05\/Modelo-oracion-san-francisco-e1559303564990.jpg\" alt=\"\" width=\"370\" height=\"241\" class=\"size-full wp-image-894\" \/><\/a><figcaption id=\"caption-attachment-894\" class=\"wp-caption-text\">Propuesta de oraci\u00f3n para la festividad de san Francisco de As\u00eds<\/figcaption><\/figure><\/td><td class=\"column-2\"><figure id=\"attachment_896\" aria-describedby=\"caption-attachment-896\" style=\"width: 278px\" class=\"wp-caption alignnone\"><a href=\"http:\/\/ivory-newt-719188.hostingersite.com\/wp-content\/uploads\/2019\/05\/Ireneo-de-Lyon.pdf\"><img loading=\"lazy\" decoding=\"async\" src=\"http:\/\/ivory-newt-719188.hostingersite.com\/wp-content\/uploads\/2019\/05\/Ireneo-de-Lyon-e1559303605573.jpg\" alt=\"\" width=\"278\" height=\"370\" class=\"size-full wp-image-896\" \/><\/a><figcaption id=\"caption-attachment-896\" class=\"wp-caption-text\">Ireneo de Ly\u00f3n<\/figcaption><\/figure><\/td><td class=\"column-3\"><\/td>\n<\/tr>\n<\/tbody>\n<\/table>\n\n","protected":false},"excerpt":{"rendered":"<p>Galilea.153 de julio-agosto de 2019 ayuda a tomar conciencia&nbsp;de la fragilidad de la Creaci\u00f3n recibida de Dios. Tambi\u00e9n nuestro compromiso en su cuidado. Una revista acompa\u00f1ada de materiales apropiados para ser&nbsp;utilizados en nuestros grupos y comunidades. Por tanto los materiales son los siguientes:<\/p>\n","protected":false},"author":1,"featured_media":0,"parent":1862,"menu_order":0,"comment_status":"closed","ping_status":"closed","template":"","meta":{"footnotes":""},"class_list":["post-910","page","type-page","status-publish","hentry"],"yoast_head":"<!-- This site is optimized with the Yoast SEO plugin v23.5 - https:\/\/yoast.com\/wordpress\/plugins\/seo\/ -->\n<title>Materiales con el n\u00fam. 08 de Galilea.153 - Galilea.153<\/title>\n<meta name=\"description\" content=\"Una revista acompa\u00f1ada de materiales para ser utilizados en nuestros grupos y comunidades en la refelxi\u00f3n del compromiso con el cuidado de la Creaci\u00f3n.\" \/>\n<meta name=\"robots\" content=\"index, follow, max-snippet:-1, max-image-preview:large, max-video-preview:-1\" \/>\n<link rel=\"canonical\" href=\"https:\/\/www.cpl.es\/galilea\/material-del-num-22-de-galilea-153\/con-el-num-08-de-galilea-153\/\" \/>\n<meta property=\"og:locale\" content=\"es_ES\" \/>\n<meta property=\"og:type\" content=\"article\" \/>\n<meta property=\"og:title\" content=\"Materiales con el n\u00fam. 08 de Galilea.153 - Galilea.153\" \/>\n<meta property=\"og:description\" content=\"Una revista acompa\u00f1ada de materiales para ser utilizados en nuestros grupos y comunidades en la refelxi\u00f3n del compromiso con el cuidado de la Creaci\u00f3n.\" \/>\n<meta property=\"og:url\" content=\"https:\/\/www.cpl.es\/galilea\/material-del-num-22-de-galilea-153\/con-el-num-08-de-galilea-153\/\" \/>\n<meta property=\"og:site_name\" content=\"Galilea.153\" \/>\n<meta property=\"article:publisher\" content=\"https:\/\/www.facebook.com\/CPLeditorial\" \/>\n<meta property=\"article:modified_time\" content=\"2023-07-10T09:54:44+00:00\" \/>\n<meta name=\"twitter:card\" content=\"summary_large_image\" \/>\n<meta name=\"twitter:site\" content=\"@CPLeditorial\" \/>\n<meta name=\"twitter:label1\" content=\"Tiempo de lectura\" \/>\n\t<meta name=\"twitter:data1\" content=\"1 minuto\" \/>\n<script type=\"application\/ld+json\" class=\"yoast-schema-graph\">{\"@context\":\"https:\/\/schema.org\",\"@graph\":[{\"@type\":\"WebPage\",\"@id\":\"https:\/\/www.cpl.es\/galilea\/material-del-num-22-de-galilea-153\/con-el-num-08-de-galilea-153\/\",\"url\":\"https:\/\/www.cpl.es\/galilea\/material-del-num-22-de-galilea-153\/con-el-num-08-de-galilea-153\/\",\"name\":\"Materiales con el n\u00fam. 08 de Galilea.153 - Galilea.153\",\"isPartOf\":{\"@id\":\"https:\/\/www.cpl.es\/galilea\/#website\"},\"datePublished\":\"2019-05-31T12:03:12+00:00\",\"dateModified\":\"2023-07-10T09:54:44+00:00\",\"description\":\"Una revista acompa\u00f1ada de materiales para ser utilizados en nuestros grupos y comunidades en la refelxi\u00f3n del compromiso con el cuidado de la Creaci\u00f3n.\",\"breadcrumb\":{\"@id\":\"https:\/\/www.cpl.es\/galilea\/material-del-num-22-de-galilea-153\/con-el-num-08-de-galilea-153\/#breadcrumb\"},\"inLanguage\":\"es\",\"potentialAction\":[{\"@type\":\"ReadAction\",\"target\":[\"https:\/\/www.cpl.es\/galilea\/material-del-num-22-de-galilea-153\/con-el-num-08-de-galilea-153\/\"]}]},{\"@type\":\"BreadcrumbList\",\"@id\":\"https:\/\/www.cpl.es\/galilea\/material-del-num-22-de-galilea-153\/con-el-num-08-de-galilea-153\/#breadcrumb\",\"itemListElement\":[{\"@type\":\"ListItem\",\"position\":1,\"name\":\"Home\",\"item\":\"https:\/\/www.cpl.es\/galilea\/\"},{\"@type\":\"ListItem\",\"position\":2,\"name\":\"Materiales con n\u00fam. 22 de Galilea.153\",\"item\":\"https:\/\/www.cpl.es\/galilea\/material-del-num-22-de-galilea-153\/\"},{\"@type\":\"ListItem\",\"position\":3,\"name\":\"Materiales con el n\u00fam. 08 de Galilea.153\"}]},{\"@type\":\"WebSite\",\"@id\":\"https:\/\/www.cpl.es\/galilea\/#website\",\"url\":\"https:\/\/www.cpl.es\/galilea\/\",\"name\":\"Galilea.153\",\"description\":\"Liturgia, pastoral, vida cristiana\",\"publisher\":{\"@id\":\"https:\/\/www.cpl.es\/galilea\/#organization\"},\"potentialAction\":[{\"@type\":\"SearchAction\",\"target\":{\"@type\":\"EntryPoint\",\"urlTemplate\":\"https:\/\/www.cpl.es\/galilea\/?s={search_term_string}\"},\"query-input\":{\"@type\":\"PropertyValueSpecification\",\"valueRequired\":true,\"valueName\":\"search_term_string\"}}],\"inLanguage\":\"es\"},{\"@type\":\"Organization\",\"@id\":\"https:\/\/www.cpl.es\/galilea\/#organization\",\"name\":\"Centre de Pastoral Lit\u00fargica\",\"url\":\"https:\/\/www.cpl.es\/galilea\/\",\"logo\":{\"@type\":\"ImageObject\",\"inLanguage\":\"es\",\"@id\":\"https:\/\/www.cpl.es\/galilea\/#\/schema\/logo\/image\/\",\"url\":\"https:\/\/i0.wp.com\/ivory-newt-719188.hostingersite.com\/wp-content\/uploads\/2022\/10\/perfil-xarxes-400x400-1.jpg?fit=400%2C400&ssl=1\",\"contentUrl\":\"https:\/\/i0.wp.com\/ivory-newt-719188.hostingersite.com\/wp-content\/uploads\/2022\/10\/perfil-xarxes-400x400-1.jpg?fit=400%2C400&ssl=1\",\"width\":400,\"height\":400,\"caption\":\"Centre de Pastoral Lit\u00fargica\"},\"image\":{\"@id\":\"https:\/\/www.cpl.es\/galilea\/#\/schema\/logo\/image\/\"},\"sameAs\":[\"https:\/\/www.facebook.com\/CPLeditorial\",\"https:\/\/x.com\/CPLeditorial\",\"https:\/\/www.instagram.com\/cpleditorial\/\",\"https:\/\/www.youtube.com\/c\/CentredePastoralLitrgicaCPL\"]}]}<\/script>\n<!-- \/ Yoast SEO plugin. -->","yoast_head_json":{"title":"Materiales con el n\u00fam. 08 de Galilea.153 - Galilea.153","description":"Una revista acompa\u00f1ada de materiales para ser utilizados en nuestros grupos y comunidades en la refelxi\u00f3n del compromiso con el cuidado de la Creaci\u00f3n.","robots":{"index":"index","follow":"follow","max-snippet":"max-snippet:-1","max-image-preview":"max-image-preview:large","max-video-preview":"max-video-preview:-1"},"canonical":"https:\/\/www.cpl.es\/galilea\/material-del-num-22-de-galilea-153\/con-el-num-08-de-galilea-153\/","og_locale":"es_ES","og_type":"article","og_title":"Materiales con el n\u00fam. 08 de Galilea.153 - Galilea.153","og_description":"Una revista acompa\u00f1ada de materiales para ser utilizados en nuestros grupos y comunidades en la refelxi\u00f3n del compromiso con el cuidado de la Creaci\u00f3n.","og_url":"https:\/\/www.cpl.es\/galilea\/material-del-num-22-de-galilea-153\/con-el-num-08-de-galilea-153\/","og_site_name":"Galilea.153","article_publisher":"https:\/\/www.facebook.com\/CPLeditorial","article_modified_time":"2023-07-10T09:54:44+00:00","twitter_card":"summary_large_image","twitter_site":"@CPLeditorial","twitter_misc":{"Tiempo de lectura":"1 minuto"},"schema":{"@context":"https:\/\/schema.org","@graph":[{"@type":"WebPage","@id":"https:\/\/www.cpl.es\/galilea\/material-del-num-22-de-galilea-153\/con-el-num-08-de-galilea-153\/","url":"https:\/\/www.cpl.es\/galilea\/material-del-num-22-de-galilea-153\/con-el-num-08-de-galilea-153\/","name":"Materiales con el n\u00fam. 08 de Galilea.153 - Galilea.153","isPartOf":{"@id":"https:\/\/www.cpl.es\/galilea\/#website"},"datePublished":"2019-05-31T12:03:12+00:00","dateModified":"2023-07-10T09:54:44+00:00","description":"Una revista acompa\u00f1ada de materiales para ser utilizados en nuestros grupos y comunidades en la refelxi\u00f3n del compromiso con el cuidado de la Creaci\u00f3n.","breadcrumb":{"@id":"https:\/\/www.cpl.es\/galilea\/material-del-num-22-de-galilea-153\/con-el-num-08-de-galilea-153\/#breadcrumb"},"inLanguage":"es","potentialAction":[{"@type":"ReadAction","target":["https:\/\/www.cpl.es\/galilea\/material-del-num-22-de-galilea-153\/con-el-num-08-de-galilea-153\/"]}]},{"@type":"BreadcrumbList","@id":"https:\/\/www.cpl.es\/galilea\/material-del-num-22-de-galilea-153\/con-el-num-08-de-galilea-153\/#breadcrumb","itemListElement":[{"@type":"ListItem","position":1,"name":"Home","item":"https:\/\/www.cpl.es\/galilea\/"},{"@type":"ListItem","position":2,"name":"Materiales con n\u00fam. 22 de Galilea.153","item":"https:\/\/www.cpl.es\/galilea\/material-del-num-22-de-galilea-153\/"},{"@type":"ListItem","position":3,"name":"Materiales con el n\u00fam. 08 de Galilea.153"}]},{"@type":"WebSite","@id":"https:\/\/www.cpl.es\/galilea\/#website","url":"https:\/\/www.cpl.es\/galilea\/","name":"Galilea.153","description":"Liturgia, pastoral, vida cristiana","publisher":{"@id":"https:\/\/www.cpl.es\/galilea\/#organization"},"potentialAction":[{"@type":"SearchAction","target":{"@type":"EntryPoint","urlTemplate":"https:\/\/www.cpl.es\/galilea\/?s={search_term_string}"},"query-input":{"@type":"PropertyValueSpecification","valueRequired":true,"valueName":"search_term_string"}}],"inLanguage":"es"},{"@type":"Organization","@id":"https:\/\/www.cpl.es\/galilea\/#organization","name":"Centre de Pastoral Lit\u00fargica","url":"https:\/\/www.cpl.es\/galilea\/","logo":{"@type":"ImageObject","inLanguage":"es","@id":"https:\/\/www.cpl.es\/galilea\/#\/schema\/logo\/image\/","url":"https:\/\/i0.wp.com\/ivory-newt-719188.hostingersite.com\/wp-content\/uploads\/2022\/10\/perfil-xarxes-400x400-1.jpg?fit=400%2C400&ssl=1","contentUrl":"https:\/\/i0.wp.com\/ivory-newt-719188.hostingersite.com\/wp-content\/uploads\/2022\/10\/perfil-xarxes-400x400-1.jpg?fit=400%2C400&ssl=1","width":400,"height":400,"caption":"Centre de Pastoral Lit\u00fargica"},"image":{"@id":"https:\/\/www.cpl.es\/galilea\/#\/schema\/logo\/image\/"},"sameAs":["https:\/\/www.facebook.com\/CPLeditorial","https:\/\/x.com\/CPLeditorial","https:\/\/www.instagram.com\/cpleditorial\/","https:\/\/www.youtube.com\/c\/CentredePastoralLitrgicaCPL"]}]}},"_links":{"self":[{"href":"https:\/\/www.cpl.es\/galilea\/wp-json\/wp\/v2\/pages\/910"}],"collection":[{"href":"https:\/\/www.cpl.es\/galilea\/wp-json\/wp\/v2\/pages"}],"about":[{"href":"https:\/\/www.cpl.es\/galilea\/wp-json\/wp\/v2\/types\/page"}],"author":[{"embeddable":true,"href":"https:\/\/www.cpl.es\/galilea\/wp-json\/wp\/v2\/users\/1"}],"replies":[{"embeddable":true,"href":"https:\/\/www.cpl.es\/galilea\/wp-json\/wp\/v2\/comments?post=910"}],"version-history":[{"count":12,"href":"https:\/\/www.cpl.es\/galilea\/wp-json\/wp\/v2\/pages\/910\/revisions"}],"predecessor-version":[{"id":2601,"href":"https:\/\/www.cpl.es\/galilea\/wp-json\/wp\/v2\/pages\/910\/revisions\/2601"}],"up":[{"embeddable":true,"href":"https:\/\/www.cpl.es\/galilea\/wp-json\/wp\/v2\/pages\/1862"}],"wp:attachment":[{"href":"https:\/\/www.cpl.es\/galilea\/wp-json\/wp\/v2\/media?parent=910"}],"curies":[{"name":"wp","href":"https:\/\/api.w.org\/{rel}","templated":true}]}}