{"id":3220,"date":"2024-06-19T12:27:31","date_gmt":"2024-06-19T10:27:31","guid":{"rendered":"https:\/\/ivory-newt-719188.hostingersite.com\/?page_id=3220"},"modified":"2024-06-19T12:27:34","modified_gmt":"2024-06-19T10:27:34","slug":"materiales-con-el-num-38-de-galilea-153","status":"publish","type":"page","link":"https:\/\/www.cpl.es\/galilea\/materiales-con-el-num-38-de-galilea-153\/","title":{"rendered":"Materiales con el n\u00fam. 38 de Galilea. 153"},"content":{"rendered":"\n<p class=\"has-text-color has-link-color wp-elements-91f40224685c7182d532f310f64a51bc\" style=\"color:#006eb6\">El n\u00famero 38 de la revista Galilea.153 julio-agosto 2024: \u00abSant\u00edsimo\u00bb.<\/p>\n\n\n\n<p>Aqu\u00ed te ofrecemos contenidos publicados por el <a href=\"http:\/\/cpl.es\">Centre de Pastoral Lit\u00fargica<\/a> sobre este tema que te pueden interesar: <\/p>\n\n\n\n\n<table id=\"tablepress-46\" class=\"tablepress tablepress-id-46\">\n<thead>\n<tr class=\"row-1 odd\">\n\t<th class=\"column-1\"><figure id=\"attachment_3204\" aria-describedby=\"caption-attachment-3204\" style=\"width: 214px\" class=\"wp-caption alignnone\"><a href=\"https:\/\/www.cpl.es\/galilea\/wp-content\/uploads\/2024\/06\/Exposicion-santisimo.pdf\"><img loading=\"lazy\" decoding=\"async\" src=\"https:\/\/www.cpl.es\/galilea\/wp-content\/uploads\/2024\/06\/Exposicion-santisimo-214x300.jpg\" alt=\"\" width=\"214\" height=\"300\" class=\"size-medium wp-image-3204\" srcset=\"https:\/\/www.cpl.es\/galilea\/wp-content\/uploads\/2024\/06\/Exposicion-santisimo-214x300.jpg 214w, https:\/\/www.cpl.es\/galilea\/wp-content\/uploads\/2024\/06\/Exposicion-santisimo-732x1024.jpg 732w, https:\/\/www.cpl.es\/galilea\/wp-content\/uploads\/2024\/06\/Exposicion-santisimo-768x1074.jpg 768w, https:\/\/www.cpl.es\/galilea\/wp-content\/uploads\/2024\/06\/Exposicion-santisimo-9x12.jpg 9w, https:\/\/www.cpl.es\/galilea\/wp-content\/uploads\/2024\/06\/Exposicion-santisimo.jpg 915w\" sizes=\"(max-width: 214px) 85vw, 214px\" \/><\/a><figcaption id=\"caption-attachment-3204\" class=\"wp-caption-text\">Hoja MD: Exposici\u00f3n del Sant\u00edsimo Sacramento<\/figcaption><\/figure><\/th><th class=\"column-2\"><figure id=\"attachment_3199\" aria-describedby=\"caption-attachment-3199\" style=\"width: 214px\" class=\"wp-caption alignnone\"><a href=\"https:\/\/www.cpl.es\/galilea\/wp-content\/uploads\/2020\/06\/Hoja-rezar-musica.pdf\"><img loading=\"lazy\" decoding=\"async\" src=\"https:\/\/www.cpl.es\/galilea\/wp-content\/uploads\/2024\/06\/Rezar-con-musica-214x300.jpg\" alt=\"\" width=\"214\" height=\"300\" class=\"size-medium wp-image-3199\" srcset=\"https:\/\/www.cpl.es\/galilea\/wp-content\/uploads\/2024\/06\/Rezar-con-musica-214x300.jpg 214w, https:\/\/www.cpl.es\/galilea\/wp-content\/uploads\/2024\/06\/Rezar-con-musica-9x12.jpg 9w, https:\/\/www.cpl.es\/galilea\/wp-content\/uploads\/2024\/06\/Rezar-con-musica.jpg 457w\" sizes=\"(max-width: 214px) 85vw, 214px\" \/><\/a><figcaption id=\"caption-attachment-3199\" class=\"wp-caption-text\">Hoja MD: Rezar con la m\u00fasica<\/figcaption><\/figure><\/th>\n<\/tr>\n<\/thead>\n<tbody class=\"row-hover\">\n<tr class=\"row-2 even\">\n\t<td class=\"column-1\"><figure id=\"attachment_3200\" aria-describedby=\"caption-attachment-3200\" style=\"width: 194px\" class=\"wp-caption alignnone\"><a href=\"https:\/\/www.cpl.es\/galilea\/wp-content\/uploads\/2024\/06\/Teologia-espiritualidad.pdf\"><img loading=\"lazy\" decoding=\"async\" src=\"https:\/\/www.cpl.es\/galilea\/wp-content\/uploads\/2024\/06\/Teologia-espiritualidad-194x300.jpg\" alt=\"\" width=\"194\" height=\"300\" class=\"size-medium wp-image-3200\" srcset=\"https:\/\/www.cpl.es\/galilea\/wp-content\/uploads\/2024\/06\/Teologia-espiritualidad-194x300.jpg 194w, https:\/\/www.cpl.es\/galilea\/wp-content\/uploads\/2024\/06\/Teologia-espiritualidad-8x12.jpg 8w, https:\/\/www.cpl.es\/galilea\/wp-content\/uploads\/2024\/06\/Teologia-espiritualidad.jpg 239w\" sizes=\"(max-width: 194px) 85vw, 194px\" \/><\/a><figcaption id=\"caption-attachment-3200\" class=\"wp-caption-text\">El culto eucar\u00edstico. Teolog\u00eda y espiritualidad<\/figcaption><\/figure><\/td><td class=\"column-2\"><figure id=\"attachment_3202\" aria-describedby=\"caption-attachment-3202\" style=\"width: 211px\" class=\"wp-caption alignnone\"><a href=\"https:\/\/www.cpl.es\/galilea\/wp-content\/uploads\/2024\/06\/Enviados-Aldazabal.pdf\"><img loading=\"lazy\" decoding=\"async\" src=\"https:\/\/www.cpl.es\/galilea\/wp-content\/uploads\/2024\/06\/Enviados-Aldazabal-211x300.jpg\" alt=\"\" width=\"211\" height=\"300\" class=\"size-medium wp-image-3202\" srcset=\"https:\/\/www.cpl.es\/galilea\/wp-content\/uploads\/2024\/06\/Enviados-Aldazabal-211x300.jpg 211w, https:\/\/www.cpl.es\/galilea\/wp-content\/uploads\/2024\/06\/Enviados-Aldazabal-719x1024.jpg 719w, https:\/\/www.cpl.es\/galilea\/wp-content\/uploads\/2024\/06\/Enviados-Aldazabal-768x1093.jpg 768w, https:\/\/www.cpl.es\/galilea\/wp-content\/uploads\/2024\/06\/Enviados-Aldazabal-8x12.jpg 8w, https:\/\/www.cpl.es\/galilea\/wp-content\/uploads\/2024\/06\/Enviados-Aldazabal.jpg 899w\" sizes=\"(max-width: 211px) 85vw, 211px\" \/><\/a><figcaption id=\"caption-attachment-3202\" class=\"wp-caption-text\">La eucarist\u00eda. Siete catequesis<\/figcaption><\/figure><\/td>\n<\/tr>\n<tr class=\"row-3 odd\">\n\t<td class=\"column-1\"><figure id=\"attachment_631\" aria-describedby=\"caption-attachment-631\" style=\"width: 217px\" class=\"wp-caption alignnone\"><a href=\"https:\/\/www.cpl.es\/galilea\/wp-content\/uploads\/2024\/06\/Ministros-comunion.pdf\"><img loading=\"lazy\" decoding=\"async\" src=\"https:\/\/www.cpl.es\/galilea\/wp-content\/uploads\/2018\/12\/Los-ministros-de-la-comunion-217x300.jpg\" alt=\"Los ministros extraordinarios de la comuni\u00f3n\" width=\"217\" height=\"300\" class=\"size-medium wp-image-631\" \/><\/a><figcaption id=\"caption-attachment-631\" class=\"wp-caption-text\">Los ministros extraordinarios de la comuni\u00f3n<\/figcaption><\/figure><\/td><td class=\"column-2\"><figure id=\"attachment_3215\" aria-describedby=\"caption-attachment-3215\" style=\"width: 211px\" class=\"wp-caption alignnone\"><a href=\"https:\/\/www.cpl.es\/galilea\/wp-content\/uploads\/2024\/06\/lecturas-GL-38.pdf\"><img loading=\"lazy\" decoding=\"async\" src=\"https:\/\/www.cpl.es\/galilea\/wp-content\/uploads\/2024\/06\/lecturas-GL-38-211x300.jpg\" alt=\"\" width=\"211\" height=\"300\" class=\"size-medium wp-image-3215\" \/><\/a><figcaption id=\"caption-attachment-3215\" class=\"wp-caption-text\">Explicaci\u00f3n b\u00edblica 38<\/figcaption><\/figure><\/td>\n<\/tr>\n<tr class=\"row-4 even\">\n\t<td class=\"column-1\"><figure id=\"attachment_1586\" aria-describedby=\"caption-attachment-1586\" style=\"width: 254px\" class=\"wp-caption alignnone\"><a href=\"https:\/\/www.cpl.es\/galilea\/wp-content\/uploads\/2024\/06\/Jesus-invita-mesa.pdf\"><img loading=\"lazy\" decoding=\"async\" src=\"https:\/\/www.cpl.es\/galilea\/wp-content\/uploads\/2020\/12\/Jesus-su-mesa-254x300.jpg\" alt=\"\" width=\"254\" height=\"300\" class=\"size-medium wp-image-1586\" srcset=\"https:\/\/www.cpl.es\/galilea\/wp-content\/uploads\/2020\/12\/Jesus-su-mesa-254x300.jpg 254w, https:\/\/www.cpl.es\/galilea\/wp-content\/uploads\/2020\/12\/Jesus-su-mesa.jpg 313w\" sizes=\"(max-width: 254px) 85vw, 254px\" \/><\/a><figcaption id=\"caption-attachment-1586\" class=\"wp-caption-text\">Jes\u00fas te invita a su mesa<\/figcaption><\/figure><\/td><td class=\"column-2\"><figure id=\"attachment_2648\" aria-describedby=\"caption-attachment-2648\" style=\"width: 214px\" class=\"wp-caption alignnone\"><a href=\"https:\/\/www.cpl.es\/galilea\/wp-content\/uploads\/2023\/07\/HV-tiempo-verano.pdf\"><img loading=\"lazy\" decoding=\"async\" src=\"https:\/\/www.cpl.es\/galilea\/wp-content\/uploads\/2023\/07\/Hv-tiempo-verano-214x300.jpg\" alt=\"\" width=\"214\" height=\"300\" class=\"size-medium wp-image-2648\" srcset=\"https:\/\/www.cpl.es\/galilea\/wp-content\/uploads\/2023\/07\/Hv-tiempo-verano-214x300.jpg 214w, https:\/\/www.cpl.es\/galilea\/wp-content\/uploads\/2023\/07\/Hv-tiempo-verano-732x1024.jpg 732w, https:\/\/www.cpl.es\/galilea\/wp-content\/uploads\/2023\/07\/Hv-tiempo-verano-768x1075.jpg 768w, https:\/\/www.cpl.es\/galilea\/wp-content\/uploads\/2023\/07\/Hv-tiempo-verano-1097x1536.jpg 1097w, https:\/\/www.cpl.es\/galilea\/wp-content\/uploads\/2023\/07\/Hv-tiempo-verano-1463x2048.jpg 1463w, https:\/\/www.cpl.es\/galilea\/wp-content\/uploads\/2023\/07\/Hv-tiempo-verano-9x12.jpg 9w, https:\/\/www.cpl.es\/galilea\/wp-content\/uploads\/2023\/07\/Hv-tiempo-verano-1200x1679.jpg 1200w, https:\/\/www.cpl.es\/galilea\/wp-content\/uploads\/2023\/07\/Hv-tiempo-verano.jpg 1772w\" sizes=\"(max-width: 214px) 85vw, 214px\" \/><\/a><figcaption id=\"caption-attachment-2648\" class=\"wp-caption-text\">Hoja MD: Tiempo de verano, tiempo tambi\u00e9n para Dios<\/figcaption><\/figure><\/td>\n<\/tr>\n<\/tbody>\n<\/table>\n<!-- #tablepress-46 from cache -->\n","protected":false},"excerpt":{"rendered":"<p>El n\u00famero 38 de la revista Galilea.153 julio-agosto 2024: \u00abSant\u00edsimo\u00bb. Aqu\u00ed te ofrecemos contenidos publicados por el Centre de Pastoral Lit\u00fargica sobre este tema que te pueden interesar:<\/p>\n","protected":false},"author":1,"featured_media":0,"parent":0,"menu_order":0,"comment_status":"closed","ping_status":"closed","template":"","meta":{"footnotes":""},"class_list":["post-3220","page","type-page","status-publish","hentry"],"yoast_head":"<!-- This site is optimized with the Yoast SEO plugin v23.5 - https:\/\/yoast.com\/wordpress\/plugins\/seo\/ -->\n<title>Materiales con el n\u00fam. 38 de Galilea. 153<\/title>\n<meta name=\"description\" content=\"Materiales publicados por el Centre de Pastoral Lit\u00fargica adjuntos al n\u00famero 38 de la revista Galilea.153 julio-agosto 2024: \u00abSant\u00edsimo\u00bb.\" \/>\n<meta name=\"robots\" content=\"index, follow, max-snippet:-1, max-image-preview:large, max-video-preview:-1\" \/>\n<link rel=\"canonical\" href=\"https:\/\/www.cpl.es\/galilea\/materiales-con-el-num-38-de-galilea-153\/\" \/>\n<meta property=\"og:locale\" content=\"es_ES\" \/>\n<meta property=\"og:type\" content=\"article\" \/>\n<meta property=\"og:title\" content=\"Materiales con el n\u00fam. 38 de Galilea. 153\" \/>\n<meta property=\"og:description\" content=\"Materiales publicados por el Centre de Pastoral Lit\u00fargica adjuntos al n\u00famero 38 de la revista Galilea.153 julio-agosto 2024: \u00abSant\u00edsimo\u00bb.\" \/>\n<meta property=\"og:url\" content=\"https:\/\/www.cpl.es\/galilea\/materiales-con-el-num-38-de-galilea-153\/\" \/>\n<meta property=\"og:site_name\" content=\"Galilea.153\" \/>\n<meta property=\"article:publisher\" content=\"https:\/\/www.facebook.com\/CPLeditorial\" \/>\n<meta property=\"article:modified_time\" content=\"2024-06-19T10:27:34+00:00\" \/>\n<meta name=\"twitter:card\" content=\"summary_large_image\" \/>\n<meta name=\"twitter:site\" content=\"@CPLeditorial\" \/>\n<meta name=\"twitter:label1\" content=\"Tiempo de lectura\" \/>\n\t<meta name=\"twitter:data1\" content=\"1 minuto\" \/>\n<script type=\"application\/ld+json\" class=\"yoast-schema-graph\">{\"@context\":\"https:\/\/schema.org\",\"@graph\":[{\"@type\":\"WebPage\",\"@id\":\"https:\/\/www.cpl.es\/galilea\/materiales-con-el-num-38-de-galilea-153\/\",\"url\":\"https:\/\/www.cpl.es\/galilea\/materiales-con-el-num-38-de-galilea-153\/\",\"name\":\"Materiales con el n\u00fam. 38 de Galilea. 153\",\"isPartOf\":{\"@id\":\"https:\/\/www.cpl.es\/galilea\/#website\"},\"datePublished\":\"2024-06-19T10:27:31+00:00\",\"dateModified\":\"2024-06-19T10:27:34+00:00\",\"description\":\"Materiales publicados por el Centre de Pastoral Lit\u00fargica adjuntos al n\u00famero 38 de la revista Galilea.153 julio-agosto 2024: \u00abSant\u00edsimo\u00bb.\",\"breadcrumb\":{\"@id\":\"https:\/\/www.cpl.es\/galilea\/materiales-con-el-num-38-de-galilea-153\/#breadcrumb\"},\"inLanguage\":\"es\",\"potentialAction\":[{\"@type\":\"ReadAction\",\"target\":[\"https:\/\/www.cpl.es\/galilea\/materiales-con-el-num-38-de-galilea-153\/\"]}]},{\"@type\":\"BreadcrumbList\",\"@id\":\"https:\/\/www.cpl.es\/galilea\/materiales-con-el-num-38-de-galilea-153\/#breadcrumb\",\"itemListElement\":[{\"@type\":\"ListItem\",\"position\":1,\"name\":\"Home\",\"item\":\"https:\/\/www.cpl.es\/galilea\/\"},{\"@type\":\"ListItem\",\"position\":2,\"name\":\"Materiales con el n\u00fam. 38 de Galilea. 153\"}]},{\"@type\":\"WebSite\",\"@id\":\"https:\/\/www.cpl.es\/galilea\/#website\",\"url\":\"https:\/\/www.cpl.es\/galilea\/\",\"name\":\"Galilea.153\",\"description\":\"Liturgia, pastoral, vida cristiana\",\"publisher\":{\"@id\":\"https:\/\/www.cpl.es\/galilea\/#organization\"},\"potentialAction\":[{\"@type\":\"SearchAction\",\"target\":{\"@type\":\"EntryPoint\",\"urlTemplate\":\"https:\/\/www.cpl.es\/galilea\/?s={search_term_string}\"},\"query-input\":{\"@type\":\"PropertyValueSpecification\",\"valueRequired\":true,\"valueName\":\"search_term_string\"}}],\"inLanguage\":\"es\"},{\"@type\":\"Organization\",\"@id\":\"https:\/\/www.cpl.es\/galilea\/#organization\",\"name\":\"Centre de Pastoral Lit\u00fargica\",\"url\":\"https:\/\/www.cpl.es\/galilea\/\",\"logo\":{\"@type\":\"ImageObject\",\"inLanguage\":\"es\",\"@id\":\"https:\/\/www.cpl.es\/galilea\/#\/schema\/logo\/image\/\",\"url\":\"https:\/\/i0.wp.com\/ivory-newt-719188.hostingersite.com\/wp-content\/uploads\/2022\/10\/perfil-xarxes-400x400-1.jpg?fit=400%2C400&ssl=1\",\"contentUrl\":\"https:\/\/i0.wp.com\/ivory-newt-719188.hostingersite.com\/wp-content\/uploads\/2022\/10\/perfil-xarxes-400x400-1.jpg?fit=400%2C400&ssl=1\",\"width\":400,\"height\":400,\"caption\":\"Centre de Pastoral Lit\u00fargica\"},\"image\":{\"@id\":\"https:\/\/www.cpl.es\/galilea\/#\/schema\/logo\/image\/\"},\"sameAs\":[\"https:\/\/www.facebook.com\/CPLeditorial\",\"https:\/\/x.com\/CPLeditorial\",\"https:\/\/www.instagram.com\/cpleditorial\/\",\"https:\/\/www.youtube.com\/c\/CentredePastoralLitrgicaCPL\"]}]}<\/script>\n<!-- \/ Yoast SEO plugin. -->","yoast_head_json":{"title":"Materiales con el n\u00fam. 38 de Galilea. 153","description":"Materiales publicados por el Centre de Pastoral Lit\u00fargica adjuntos al n\u00famero 38 de la revista Galilea.153 julio-agosto 2024: \u00abSant\u00edsimo\u00bb.","robots":{"index":"index","follow":"follow","max-snippet":"max-snippet:-1","max-image-preview":"max-image-preview:large","max-video-preview":"max-video-preview:-1"},"canonical":"https:\/\/www.cpl.es\/galilea\/materiales-con-el-num-38-de-galilea-153\/","og_locale":"es_ES","og_type":"article","og_title":"Materiales con el n\u00fam. 38 de Galilea. 153","og_description":"Materiales publicados por el Centre de Pastoral Lit\u00fargica adjuntos al n\u00famero 38 de la revista Galilea.153 julio-agosto 2024: \u00abSant\u00edsimo\u00bb.","og_url":"https:\/\/www.cpl.es\/galilea\/materiales-con-el-num-38-de-galilea-153\/","og_site_name":"Galilea.153","article_publisher":"https:\/\/www.facebook.com\/CPLeditorial","article_modified_time":"2024-06-19T10:27:34+00:00","twitter_card":"summary_large_image","twitter_site":"@CPLeditorial","twitter_misc":{"Tiempo de lectura":"1 minuto"},"schema":{"@context":"https:\/\/schema.org","@graph":[{"@type":"WebPage","@id":"https:\/\/www.cpl.es\/galilea\/materiales-con-el-num-38-de-galilea-153\/","url":"https:\/\/www.cpl.es\/galilea\/materiales-con-el-num-38-de-galilea-153\/","name":"Materiales con el n\u00fam. 38 de Galilea. 153","isPartOf":{"@id":"https:\/\/www.cpl.es\/galilea\/#website"},"datePublished":"2024-06-19T10:27:31+00:00","dateModified":"2024-06-19T10:27:34+00:00","description":"Materiales publicados por el Centre de Pastoral Lit\u00fargica adjuntos al n\u00famero 38 de la revista Galilea.153 julio-agosto 2024: \u00abSant\u00edsimo\u00bb.","breadcrumb":{"@id":"https:\/\/www.cpl.es\/galilea\/materiales-con-el-num-38-de-galilea-153\/#breadcrumb"},"inLanguage":"es","potentialAction":[{"@type":"ReadAction","target":["https:\/\/www.cpl.es\/galilea\/materiales-con-el-num-38-de-galilea-153\/"]}]},{"@type":"BreadcrumbList","@id":"https:\/\/www.cpl.es\/galilea\/materiales-con-el-num-38-de-galilea-153\/#breadcrumb","itemListElement":[{"@type":"ListItem","position":1,"name":"Home","item":"https:\/\/www.cpl.es\/galilea\/"},{"@type":"ListItem","position":2,"name":"Materiales con el n\u00fam. 38 de Galilea. 153"}]},{"@type":"WebSite","@id":"https:\/\/www.cpl.es\/galilea\/#website","url":"https:\/\/www.cpl.es\/galilea\/","name":"Galilea.153","description":"Liturgia, pastoral, vida cristiana","publisher":{"@id":"https:\/\/www.cpl.es\/galilea\/#organization"},"potentialAction":[{"@type":"SearchAction","target":{"@type":"EntryPoint","urlTemplate":"https:\/\/www.cpl.es\/galilea\/?s={search_term_string}"},"query-input":{"@type":"PropertyValueSpecification","valueRequired":true,"valueName":"search_term_string"}}],"inLanguage":"es"},{"@type":"Organization","@id":"https:\/\/www.cpl.es\/galilea\/#organization","name":"Centre de Pastoral Lit\u00fargica","url":"https:\/\/www.cpl.es\/galilea\/","logo":{"@type":"ImageObject","inLanguage":"es","@id":"https:\/\/www.cpl.es\/galilea\/#\/schema\/logo\/image\/","url":"https:\/\/i0.wp.com\/ivory-newt-719188.hostingersite.com\/wp-content\/uploads\/2022\/10\/perfil-xarxes-400x400-1.jpg?fit=400%2C400&ssl=1","contentUrl":"https:\/\/i0.wp.com\/ivory-newt-719188.hostingersite.com\/wp-content\/uploads\/2022\/10\/perfil-xarxes-400x400-1.jpg?fit=400%2C400&ssl=1","width":400,"height":400,"caption":"Centre de Pastoral Lit\u00fargica"},"image":{"@id":"https:\/\/www.cpl.es\/galilea\/#\/schema\/logo\/image\/"},"sameAs":["https:\/\/www.facebook.com\/CPLeditorial","https:\/\/x.com\/CPLeditorial","https:\/\/www.instagram.com\/cpleditorial\/","https:\/\/www.youtube.com\/c\/CentredePastoralLitrgicaCPL"]}]}},"_links":{"self":[{"href":"https:\/\/www.cpl.es\/galilea\/wp-json\/wp\/v2\/pages\/3220"}],"collection":[{"href":"https:\/\/www.cpl.es\/galilea\/wp-json\/wp\/v2\/pages"}],"about":[{"href":"https:\/\/www.cpl.es\/galilea\/wp-json\/wp\/v2\/types\/page"}],"author":[{"embeddable":true,"href":"https:\/\/www.cpl.es\/galilea\/wp-json\/wp\/v2\/users\/1"}],"replies":[{"embeddable":true,"href":"https:\/\/www.cpl.es\/galilea\/wp-json\/wp\/v2\/comments?post=3220"}],"version-history":[{"count":1,"href":"https:\/\/www.cpl.es\/galilea\/wp-json\/wp\/v2\/pages\/3220\/revisions"}],"predecessor-version":[{"id":3221,"href":"https:\/\/www.cpl.es\/galilea\/wp-json\/wp\/v2\/pages\/3220\/revisions\/3221"}],"wp:attachment":[{"href":"https:\/\/www.cpl.es\/galilea\/wp-json\/wp\/v2\/media?parent=3220"}],"curies":[{"name":"wp","href":"https:\/\/api.w.org\/{rel}","templated":true}]}}