{"id":300,"date":"2018-05-25T10:38:41","date_gmt":"2018-05-25T08:38:41","guid":{"rendered":"http:\/\/ivory-newt-719188.hostingersite.com\/?page_id=300"},"modified":"2024-07-17T14:42:24","modified_gmt":"2024-07-17T12:42:24","slug":"sugerencias-para-los-cantos","status":"publish","type":"page","link":"https:\/\/www.cpl.es\/galilea\/sugerencias-para-los-cantos\/","title":{"rendered":"Sugerencias para los cantos de la misa"},"content":{"rendered":"\n<p>Aqu\u00ed encontrar\u00e1s las sugerencias para los cantos de la misa de las pr\u00f3ximas celebraciones. <\/p>\n\n\n\n<p><a href=\"https:\/\/www.cpl.es\/galilea\/wp-content\/uploads\/2024\/05\/Cantos-30-junio-7-14-21-julio.pdf\" target=\"_blank\" rel=\"noreferrer noopener\">Cantos para los d\u00edas 30 de junio y 7, 14, 21 de julio<\/a><\/p>\n\n\n\n<p><a href=\"https:\/\/www.cpl.es\/galilea\/wp-content\/uploads\/2024\/05\/Cantos-25-28-julio-y-4-11-agosto.pdf\" target=\"_blank\" rel=\"noreferrer noopener\">Cantos para los d\u00edas 25, 28 de julio y 4, 11 de agosto<\/a><\/p>\n\n\n\n<p><a href=\"https:\/\/www.cpl.es\/galilea\/wp-content\/uploads\/2024\/07\/Cantos-15-18-25-agosto-y-1-septiembre.pdf\" target=\"_blank\" rel=\"noreferrer noopener\">Cantos para los d\u00edas 15, 18, 25 de agosto y 1 de septiembre<\/a><\/p>\n\n\n\n<p><a href=\"https:\/\/www.cpl.es\/galilea\/wp-content\/uploads\/2024\/07\/Cantos-8-15-22-29-septiembre.pdf\" target=\"_blank\" rel=\"noreferrer noopener\">Cantos para los d\u00edas 8, 15, 22 y 29 de septiembre<\/a><\/p>\n\n\n\n<p><a href=\"https:\/\/www.cpl.es\/galilea\/wp-content\/uploads\/2024\/07\/Cantos-6-13-20-27-octubre.pdf\" target=\"_blank\" rel=\"noreferrer noopener\">Cantos para los d\u00edas 6, 13, 20, 27 de octubre<\/a><\/p>\n\n\n\n<p>Tambi\u00e9n te ofrecemos las propuestas de canto para los tiempos fuertes del a\u00f1o lit\u00fargico que encontrar\u00e1s enlazadas en los t\u00edtulos siguientes:<\/p>\n\n\n\n<p><a href=\"http:\/\/ivory-newt-719188.hostingersite.com\/wp-content\/uploads\/2018\/10\/Cantos-Adviento.pdf\" target=\"_blank\" rel=\"noreferrer noopener\" aria-label=\" (opens in a new tab)\">Canto para los domingos de Adviento y la Pur\u00edsima<\/a><\/p>\n\n\n\n<p><a href=\"http:\/\/ivory-newt-719188.hostingersite.com\/wp-content\/uploads\/2018\/10\/Cantos-Navidad.pdf\" target=\"_blank\" rel=\"noreferrer noopener\">Cantos para las misas de las fiestas del tiempo de Navidad<\/a><\/p>\n\n\n\n<p><a href=\"http:\/\/pastoralliturgica.cpl.es\/wp-content\/uploads\/2019\/02\/Cantos-Cuaresma.pdf\" target=\"_blank\" rel=\"noreferrer noopener\">Cantos para las misas del tiempo de Cuaresma<\/a><\/p>\n\n\n\n<p><a href=\"http:\/\/pastoralliturgica.cpl.es\/wp-content\/uploads\/2019\/02\/Cantos-Semana-Santa.pdf\" target=\"_blank\" rel=\"noreferrer noopener\">Cantos para las celebraciones de Semana Santa<\/a><\/p>\n\n\n\n<p><a href=\"http:\/\/pastoralliturgica.cpl.es\/wp-content\/uploads\/2018\/02\/Cantos-Pascua.pdf\" target=\"_blank\" rel=\"noreferrer noopener\">Cantos para las celebraciones de Pascua<\/a><\/p>\n","protected":false},"excerpt":{"rendered":"<p>Aqu\u00ed encontrar\u00e1s las sugerencias para los cantos de la misa de las pr\u00f3ximas celebraciones. Cantos para los d\u00edas 30 de junio y 7, 14, 21 de julio Cantos para los d\u00edas 25, 28 de julio y 4, 11 de agosto Cantos para los d\u00edas 15, 18, 25 de agosto y 1 de septiembre Cantos para &hellip; <a href=\"https:\/\/www.cpl.es\/galilea\/sugerencias-para-los-cantos\/\" class=\"more-link\">Continuar leyendo<span class=\"screen-reader-text\"> &#8220;Sugerencias para los cantos de la misa&#8221;<\/span><\/a><\/p>\n","protected":false},"author":1,"featured_media":299,"parent":0,"menu_order":0,"comment_status":"closed","ping_status":"closed","template":"","meta":{"footnotes":""},"class_list":["post-300","page","type-page","status-publish","has-post-thumbnail","hentry"],"yoast_head":"<!-- This site is optimized with the Yoast SEO plugin v23.5 - https:\/\/yoast.com\/wordpress\/plugins\/seo\/ -->\n<title>Sugerencias para los cantos de la misa - Galilea.153<\/title>\n<meta name=\"robots\" content=\"index, follow, max-snippet:-1, max-image-preview:large, max-video-preview:-1\" \/>\n<link rel=\"canonical\" href=\"https:\/\/www.cpl.es\/galilea\/sugerencias-para-los-cantos\/\" \/>\n<meta property=\"og:locale\" content=\"es_ES\" \/>\n<meta property=\"og:type\" content=\"article\" \/>\n<meta property=\"og:title\" content=\"Sugerencias para los cantos de la misa - Galilea.153\" \/>\n<meta property=\"og:description\" content=\"Aqu\u00ed encontrar\u00e1s las sugerencias para los cantos de la misa de las pr\u00f3ximas celebraciones. Cantos para los d\u00edas 30 de junio y 7, 14, 21 de julio Cantos para los d\u00edas 25, 28 de julio y 4, 11 de agosto Cantos para los d\u00edas 15, 18, 25 de agosto y 1 de septiembre Cantos para &hellip; Continuar leyendo &quot;Sugerencias para los cantos de la misa&quot;\" \/>\n<meta property=\"og:url\" content=\"https:\/\/www.cpl.es\/galilea\/sugerencias-para-los-cantos\/\" \/>\n<meta property=\"og:site_name\" content=\"Galilea.153\" \/>\n<meta property=\"article:publisher\" content=\"https:\/\/www.facebook.com\/CPLeditorial\" \/>\n<meta property=\"article:modified_time\" content=\"2024-07-17T12:42:24+00:00\" \/>\n<meta property=\"og:image\" content=\"https:\/\/www.cpl.es\/galilea\/wp-content\/uploads\/2018\/05\/organ-3233984-1024x680.jpg\" \/>\n\t<meta property=\"og:image:width\" content=\"1024\" \/>\n\t<meta property=\"og:image:height\" content=\"680\" \/>\n\t<meta property=\"og:image:type\" content=\"image\/jpeg\" \/>\n<meta name=\"twitter:card\" content=\"summary_large_image\" \/>\n<meta name=\"twitter:site\" content=\"@CPLeditorial\" \/>\n<meta name=\"twitter:label1\" content=\"Tiempo de lectura\" \/>\n\t<meta name=\"twitter:data1\" content=\"1 minuto\" \/>\n<script type=\"application\/ld+json\" class=\"yoast-schema-graph\">{\"@context\":\"https:\/\/schema.org\",\"@graph\":[{\"@type\":\"WebPage\",\"@id\":\"https:\/\/www.cpl.es\/galilea\/ca\/sugerencias-para-los-cantos\/\",\"url\":\"https:\/\/www.cpl.es\/galilea\/ca\/sugerencias-para-los-cantos\/\",\"name\":\"Sugerencias para los cantos de la misa - Galilea.153\",\"isPartOf\":{\"@id\":\"https:\/\/www.cpl.es\/galilea\/#website\"},\"primaryImageOfPage\":{\"@id\":\"https:\/\/www.cpl.es\/galilea\/ca\/sugerencias-para-los-cantos\/#primaryimage\"},\"image\":{\"@id\":\"https:\/\/www.cpl.es\/galilea\/ca\/sugerencias-para-los-cantos\/#primaryimage\"},\"thumbnailUrl\":\"https:\/\/www.cpl.es\/galilea\/wp-content\/uploads\/2018\/05\/organ-3233984.jpg\",\"datePublished\":\"2018-05-25T08:38:41+00:00\",\"dateModified\":\"2024-07-17T12:42:24+00:00\",\"breadcrumb\":{\"@id\":\"https:\/\/www.cpl.es\/galilea\/ca\/sugerencias-para-los-cantos\/#breadcrumb\"},\"inLanguage\":\"es\",\"potentialAction\":[{\"@type\":\"ReadAction\",\"target\":[\"https:\/\/www.cpl.es\/galilea\/ca\/sugerencias-para-los-cantos\/\"]}]},{\"@type\":\"ImageObject\",\"inLanguage\":\"es\",\"@id\":\"https:\/\/www.cpl.es\/galilea\/ca\/sugerencias-para-los-cantos\/#primaryimage\",\"url\":\"https:\/\/www.cpl.es\/galilea\/wp-content\/uploads\/2018\/05\/organ-3233984.jpg\",\"contentUrl\":\"https:\/\/www.cpl.es\/galilea\/wp-content\/uploads\/2018\/05\/organ-3233984.jpg\",\"width\":4602,\"height\":3057},{\"@type\":\"BreadcrumbList\",\"@id\":\"https:\/\/www.cpl.es\/galilea\/ca\/sugerencias-para-los-cantos\/#breadcrumb\",\"itemListElement\":[{\"@type\":\"ListItem\",\"position\":1,\"name\":\"Home\",\"item\":\"https:\/\/www.cpl.es\/galilea\/\"},{\"@type\":\"ListItem\",\"position\":2,\"name\":\"Sugerencias para los cantos de la misa\"}]},{\"@type\":\"WebSite\",\"@id\":\"https:\/\/www.cpl.es\/galilea\/#website\",\"url\":\"https:\/\/www.cpl.es\/galilea\/\",\"name\":\"Galilea.153\",\"description\":\"Liturgia, pastoral, vida cristiana\",\"publisher\":{\"@id\":\"https:\/\/www.cpl.es\/galilea\/#organization\"},\"potentialAction\":[{\"@type\":\"SearchAction\",\"target\":{\"@type\":\"EntryPoint\",\"urlTemplate\":\"https:\/\/www.cpl.es\/galilea\/?s={search_term_string}\"},\"query-input\":{\"@type\":\"PropertyValueSpecification\",\"valueRequired\":true,\"valueName\":\"search_term_string\"}}],\"inLanguage\":\"es\"},{\"@type\":\"Organization\",\"@id\":\"https:\/\/www.cpl.es\/galilea\/#organization\",\"name\":\"Centre de Pastoral Lit\u00fargica\",\"url\":\"https:\/\/www.cpl.es\/galilea\/\",\"logo\":{\"@type\":\"ImageObject\",\"inLanguage\":\"es\",\"@id\":\"https:\/\/www.cpl.es\/galilea\/#\/schema\/logo\/image\/\",\"url\":\"https:\/\/i0.wp.com\/ivory-newt-719188.hostingersite.com\/wp-content\/uploads\/2022\/10\/perfil-xarxes-400x400-1.jpg?fit=400%2C400&ssl=1\",\"contentUrl\":\"https:\/\/i0.wp.com\/ivory-newt-719188.hostingersite.com\/wp-content\/uploads\/2022\/10\/perfil-xarxes-400x400-1.jpg?fit=400%2C400&ssl=1\",\"width\":400,\"height\":400,\"caption\":\"Centre de Pastoral Lit\u00fargica\"},\"image\":{\"@id\":\"https:\/\/www.cpl.es\/galilea\/#\/schema\/logo\/image\/\"},\"sameAs\":[\"https:\/\/www.facebook.com\/CPLeditorial\",\"https:\/\/x.com\/CPLeditorial\",\"https:\/\/www.instagram.com\/cpleditorial\/\",\"https:\/\/www.youtube.com\/c\/CentredePastoralLitrgicaCPL\"]}]}<\/script>\n<!-- \/ Yoast SEO plugin. -->","yoast_head_json":{"title":"Sugerencias para los cantos de la misa - Galilea.153","robots":{"index":"index","follow":"follow","max-snippet":"max-snippet:-1","max-image-preview":"max-image-preview:large","max-video-preview":"max-video-preview:-1"},"canonical":"https:\/\/www.cpl.es\/galilea\/sugerencias-para-los-cantos\/","og_locale":"es_ES","og_type":"article","og_title":"Sugerencias para los cantos de la misa - Galilea.153","og_description":"Aqu\u00ed encontrar\u00e1s las sugerencias para los cantos de la misa de las pr\u00f3ximas celebraciones. Cantos para los d\u00edas 30 de junio y 7, 14, 21 de julio Cantos para los d\u00edas 25, 28 de julio y 4, 11 de agosto Cantos para los d\u00edas 15, 18, 25 de agosto y 1 de septiembre Cantos para &hellip; Continuar leyendo \"Sugerencias para los cantos de la misa\"","og_url":"https:\/\/www.cpl.es\/galilea\/sugerencias-para-los-cantos\/","og_site_name":"Galilea.153","article_publisher":"https:\/\/www.facebook.com\/CPLeditorial","article_modified_time":"2024-07-17T12:42:24+00:00","og_image":[{"width":1024,"height":680,"url":"https:\/\/www.cpl.es\/galilea\/wp-content\/uploads\/2018\/05\/organ-3233984-1024x680.jpg","type":"image\/jpeg"}],"twitter_card":"summary_large_image","twitter_site":"@CPLeditorial","twitter_misc":{"Tiempo de lectura":"1 minuto"},"schema":{"@context":"https:\/\/schema.org","@graph":[{"@type":"WebPage","@id":"https:\/\/www.cpl.es\/galilea\/ca\/sugerencias-para-los-cantos\/","url":"https:\/\/www.cpl.es\/galilea\/ca\/sugerencias-para-los-cantos\/","name":"Sugerencias para los cantos de la misa - Galilea.153","isPartOf":{"@id":"https:\/\/www.cpl.es\/galilea\/#website"},"primaryImageOfPage":{"@id":"https:\/\/www.cpl.es\/galilea\/ca\/sugerencias-para-los-cantos\/#primaryimage"},"image":{"@id":"https:\/\/www.cpl.es\/galilea\/ca\/sugerencias-para-los-cantos\/#primaryimage"},"thumbnailUrl":"https:\/\/www.cpl.es\/galilea\/wp-content\/uploads\/2018\/05\/organ-3233984.jpg","datePublished":"2018-05-25T08:38:41+00:00","dateModified":"2024-07-17T12:42:24+00:00","breadcrumb":{"@id":"https:\/\/www.cpl.es\/galilea\/ca\/sugerencias-para-los-cantos\/#breadcrumb"},"inLanguage":"es","potentialAction":[{"@type":"ReadAction","target":["https:\/\/www.cpl.es\/galilea\/ca\/sugerencias-para-los-cantos\/"]}]},{"@type":"ImageObject","inLanguage":"es","@id":"https:\/\/www.cpl.es\/galilea\/ca\/sugerencias-para-los-cantos\/#primaryimage","url":"https:\/\/www.cpl.es\/galilea\/wp-content\/uploads\/2018\/05\/organ-3233984.jpg","contentUrl":"https:\/\/www.cpl.es\/galilea\/wp-content\/uploads\/2018\/05\/organ-3233984.jpg","width":4602,"height":3057},{"@type":"BreadcrumbList","@id":"https:\/\/www.cpl.es\/galilea\/ca\/sugerencias-para-los-cantos\/#breadcrumb","itemListElement":[{"@type":"ListItem","position":1,"name":"Home","item":"https:\/\/www.cpl.es\/galilea\/"},{"@type":"ListItem","position":2,"name":"Sugerencias para los cantos de la misa"}]},{"@type":"WebSite","@id":"https:\/\/www.cpl.es\/galilea\/#website","url":"https:\/\/www.cpl.es\/galilea\/","name":"Galilea.153","description":"Liturgia, pastoral, vida cristiana","publisher":{"@id":"https:\/\/www.cpl.es\/galilea\/#organization"},"potentialAction":[{"@type":"SearchAction","target":{"@type":"EntryPoint","urlTemplate":"https:\/\/www.cpl.es\/galilea\/?s={search_term_string}"},"query-input":{"@type":"PropertyValueSpecification","valueRequired":true,"valueName":"search_term_string"}}],"inLanguage":"es"},{"@type":"Organization","@id":"https:\/\/www.cpl.es\/galilea\/#organization","name":"Centre de Pastoral Lit\u00fargica","url":"https:\/\/www.cpl.es\/galilea\/","logo":{"@type":"ImageObject","inLanguage":"es","@id":"https:\/\/www.cpl.es\/galilea\/#\/schema\/logo\/image\/","url":"https:\/\/i0.wp.com\/ivory-newt-719188.hostingersite.com\/wp-content\/uploads\/2022\/10\/perfil-xarxes-400x400-1.jpg?fit=400%2C400&ssl=1","contentUrl":"https:\/\/i0.wp.com\/ivory-newt-719188.hostingersite.com\/wp-content\/uploads\/2022\/10\/perfil-xarxes-400x400-1.jpg?fit=400%2C400&ssl=1","width":400,"height":400,"caption":"Centre de Pastoral Lit\u00fargica"},"image":{"@id":"https:\/\/www.cpl.es\/galilea\/#\/schema\/logo\/image\/"},"sameAs":["https:\/\/www.facebook.com\/CPLeditorial","https:\/\/x.com\/CPLeditorial","https:\/\/www.instagram.com\/cpleditorial\/","https:\/\/www.youtube.com\/c\/CentredePastoralLitrgicaCPL"]}]}},"_links":{"self":[{"href":"https:\/\/www.cpl.es\/galilea\/wp-json\/wp\/v2\/pages\/300"}],"collection":[{"href":"https:\/\/www.cpl.es\/galilea\/wp-json\/wp\/v2\/pages"}],"about":[{"href":"https:\/\/www.cpl.es\/galilea\/wp-json\/wp\/v2\/types\/page"}],"author":[{"embeddable":true,"href":"https:\/\/www.cpl.es\/galilea\/wp-json\/wp\/v2\/users\/1"}],"replies":[{"embeddable":true,"href":"https:\/\/www.cpl.es\/galilea\/wp-json\/wp\/v2\/comments?post=300"}],"version-history":[{"count":56,"href":"https:\/\/www.cpl.es\/galilea\/wp-json\/wp\/v2\/pages\/300\/revisions"}],"predecessor-version":[{"id":3250,"href":"https:\/\/www.cpl.es\/galilea\/wp-json\/wp\/v2\/pages\/300\/revisions\/3250"}],"wp:featuredmedia":[{"embeddable":true,"href":"https:\/\/www.cpl.es\/galilea\/wp-json\/wp\/v2\/media\/299"}],"wp:attachment":[{"href":"https:\/\/www.cpl.es\/galilea\/wp-json\/wp\/v2\/media?parent=300"}],"curies":[{"name":"wp","href":"https:\/\/api.w.org\/{rel}","templated":true}]}}