{"id":2275,"date":"2022-07-21T17:40:40","date_gmt":"2022-07-21T15:40:40","guid":{"rendered":"https:\/\/ivory-newt-719188.hostingersite.com\/?page_id=2275"},"modified":"2022-07-21T17:40:43","modified_gmt":"2022-07-21T15:40:43","slug":"hojas-verdes-md-tema-de-liturgia","status":"publish","type":"page","link":"https:\/\/www.cpl.es\/galilea\/hojas-verdes-md-tema-de-liturgia\/","title":{"rendered":"Hojas verdes MD: tema de liturgia"},"content":{"rendered":"\n<p>Te ofrecemos una serie de publicaciones de Hojas verdes MD que tratan sobre la liturgia de la Iglesia: <\/p>\n\n\n\n<table id=\"tablepress-32\" class=\"tablepress tablepress-id-32\">\n<thead>\n<tr class=\"row-1 odd\">\n\t<th class=\"column-1\"><figure id=\"attachment_37\" aria-describedby=\"caption-attachment-37\" style=\"width: 214px\" class=\"wp-caption alignnone\"><a href=\"http:\/\/ivory-newt-719188.hostingersite.com\/wp-content\/uploads\/2018\/04\/La-reforma-liturgica-es-irreversible.pdf\"><img loading=\"lazy\" decoding=\"async\" src=\"http:\/\/ivory-newt-719188.hostingersite.com\/wp-content\/uploads\/2018\/03\/La-reforma-lit\u00fargica-\u00e9s-irreversible-214x300.jpg\" alt=\"\" width=\"214\" height=\"300\" class=\"size-medium wp-image-37\" srcset=\"https:\/\/www.cpl.es\/galilea\/wp-content\/uploads\/2018\/03\/La-reforma-lit\u00fargica-\u00e9s-irreversible-214x300.jpg 214w, https:\/\/www.cpl.es\/galilea\/wp-content\/uploads\/2018\/03\/La-reforma-lit\u00fargica-\u00e9s-irreversible.jpg 425w\" sizes=\"(max-width: 214px) 85vw, 214px\" \/><\/a><figcaption id=\"caption-attachment-37\" class=\"wp-caption-text\">Hoja verde MD: Del papa Francisco a los participantes de la 68 semana lit\u00fargica italiana<\/figcaption><\/figure><\/th><th class=\"column-2\"><figure id=\"attachment_286\" aria-describedby=\"caption-attachment-286\" style=\"width: 214px\" class=\"wp-caption alignnone\"><a href=\"http:\/\/ivory-newt-719188.hostingersite.com\/wp-content\/uploads\/2018\/05\/Liturgia-transformadora.pdf\"><img loading=\"lazy\" decoding=\"async\" src=\"http:\/\/ivory-newt-719188.hostingersite.com\/wp-content\/uploads\/2018\/05\/Liturgia-transformadora-214x300.jpg\" alt=\"Enlace con la charla: La liturgia, una relaci\u00f3n con Dios que nos transforma\" width=\"214\" height=\"300\" class=\"size-medium wp-image-286\" \/><\/a><figcaption id=\"caption-attachment-286\" class=\"wp-caption-text\">Hoja verde MD: La liturgia, una relaci\u00f3n con Dios que nos transforma<\/figcaption><\/figure><\/th>\n<\/tr>\n<\/thead>\n<tbody class=\"row-hover\">\n<tr class=\"row-2 even\">\n\t<td class=\"column-1\"><figure id=\"attachment_1122\" aria-describedby=\"caption-attachment-1122\" style=\"width: 214px\" class=\"wp-caption alignnone\"><a href=\"https:\/\/www.cpl.es\/galilea\/wp-content\/uploads\/2019\/09\/Los-colores-de-la-liturgia.pdf\"><img loading=\"lazy\" decoding=\"async\" src=\"https:\/\/www.cpl.es\/galilea\/wp-content\/uploads\/2019\/09\/colores-liturgia-214x300.jpg\" alt=\"Explicaci\u00f3n de los colores del a\u00f1o lit\u00fargico\" width=\"214\" height=\"300\" class=\"size-medium wp-image-1122\" srcset=\"https:\/\/www.cpl.es\/galilea\/wp-content\/uploads\/2019\/09\/colores-liturgia-214x300.jpg 214w, https:\/\/www.cpl.es\/galilea\/wp-content\/uploads\/2019\/09\/colores-liturgia.jpg 640w\" sizes=\"(max-width: 214px) 85vw, 214px\" \/><\/a><figcaption id=\"caption-attachment-1122\" class=\"wp-caption-text\">Los colores del a\u00f1o liturgico<\/figcaption><\/figure><\/td><td class=\"column-2\"><figure id=\"attachment_1123\" aria-describedby=\"caption-attachment-1123\" style=\"width: 214px\" class=\"wp-caption alignnone\"><a href=\"http:\/\/ivory-newt-719188.hostingersite.com\/wp-content\/uploads\/2019\/09\/equipos-liturgia.pdf\"><img loading=\"lazy\" decoding=\"async\" src=\"http:\/\/ivory-newt-719188.hostingersite.com\/wp-content\/uploads\/2019\/09\/equipos-liturgia-214x300.jpg\" alt=\"S\u00edntesis de la ponencia de Enric Termes en la entrega del IV Memorial Pere Tena de Pastoral Lit\u00fargica 2018\" width=\"214\" height=\"300\" class=\"size-medium wp-image-1123\" srcset=\"https:\/\/www.cpl.es\/galilea\/wp-content\/uploads\/2019\/09\/equipos-liturgia-214x300.jpg 214w, https:\/\/www.cpl.es\/galilea\/wp-content\/uploads\/2019\/09\/equipos-liturgia.jpg 640w\" sizes=\"(max-width: 214px) 85vw, 214px\" \/><\/a><figcaption id=\"caption-attachment-1123\" class=\"wp-caption-text\">Hoja verde MD: Los equipos de liturgia, para vivir comunitariamente la fe. De la fragmentaci\u00f3n a la unidad<\/figcaption><\/figure><\/td>\n<\/tr>\n<tr class=\"row-3 odd\">\n\t<td class=\"column-1\"><figure id=\"attachment_1696\" aria-describedby=\"caption-attachment-1696\" style=\"width: 214px\" class=\"wp-caption alignnone\"><a href=\"http:\/\/ivory-newt-719188.hostingersite.com\/wp-content\/uploads\/2021\/04\/HV-pastoral-liturgica.pdf\"><img loading=\"lazy\" decoding=\"async\" src=\"http:\/\/ivory-newt-719188.hostingersite.com\/wp-content\/uploads\/2021\/04\/HV-pastoral-liturgica-214x300.jpg\" alt=\"\" width=\"214\" height=\"300\" class=\"size-medium wp-image-1696\" \/><\/a><figcaption id=\"caption-attachment-1696\" class=\"wp-caption-text\">Hoja verde MD: \u00bfC\u00f3mo es la pastoral lit\u00fargica de nuestra comunicad cristiana?<\/figcaption><\/figure><\/td><td class=\"column-2\"><figure id=\"attachment_2863\" aria-describedby=\"caption-attachment-2863\" style=\"width: 215px\" class=\"wp-caption alignnone\"><a href=\"https:\/\/www.cpl.es\/galilea\/wp-content\/uploads\/2023\/11\/simbolos-liturgicos.pdf\"><img loading=\"lazy\" decoding=\"async\" src=\"https:\/\/www.cpl.es\/galilea\/wp-content\/uploads\/2023\/11\/Simbolos-liturgicos-215x300.jpg\" alt=\"\" width=\"215\" height=\"300\" class=\"size-medium wp-image-2863\" srcset=\"https:\/\/www.cpl.es\/galilea\/wp-content\/uploads\/2023\/11\/Simbolos-liturgicos-215x300.jpg 215w, https:\/\/www.cpl.es\/galilea\/wp-content\/uploads\/2023\/11\/Simbolos-liturgicos-9x12.jpg 9w, https:\/\/www.cpl.es\/galilea\/wp-content\/uploads\/2023\/11\/Simbolos-liturgicos.jpg 265w\" sizes=\"(max-width: 215px) 85vw, 215px\" \/><\/a><figcaption id=\"caption-attachment-2863\" class=\"wp-caption-text\">Hoja verde MD: Signos lit\u00fargicos: la Eucarist\u00eda<\/figcaption><\/figure><\/td>\n<\/tr>\n<tr class=\"row-4 even\">\n\t<td class=\"column-1\"><figure id=\"attachment_2849\" aria-describedby=\"caption-attachment-2849\" style=\"width: 215px\" class=\"wp-caption alignnone\"><a href=\"https:\/\/www.cpl.es\/galilea\/wp-content\/uploads\/2023\/11\/Consejos-lectores.pdf\"><img loading=\"lazy\" decoding=\"async\" src=\"https:\/\/www.cpl.es\/galilea\/wp-content\/uploads\/2023\/11\/Consejos-lectores-215x300.jpg\" alt=\"\" width=\"215\" height=\"300\" class=\"size-medium wp-image-2849\" srcset=\"https:\/\/www.cpl.es\/galilea\/wp-content\/uploads\/2023\/11\/Consejos-lectores-215x300.jpg 215w, https:\/\/www.cpl.es\/galilea\/wp-content\/uploads\/2023\/11\/Consejos-lectores-9x12.jpg 9w, https:\/\/www.cpl.es\/galilea\/wp-content\/uploads\/2023\/11\/Consejos-lectores.jpg 265w\" sizes=\"(max-width: 215px) 85vw, 215px\" \/><\/a><figcaption id=\"caption-attachment-2849\" class=\"wp-caption-text\">Hoja verde MD: Consejos de locuci\u00f3n para los lectores lit\u00fargicos<\/figcaption><\/figure><\/td><td class=\"column-2\"><figure id=\"attachment_2851\" aria-describedby=\"caption-attachment-2851\" style=\"width: 215px\" class=\"wp-caption alignnone\"><a href=\"https:\/\/www.cpl.es\/galilea\/wp-content\/uploads\/2023\/11\/HV-Palabra-celebrada.pdf\"><img loading=\"lazy\" decoding=\"async\" src=\"https:\/\/www.cpl.es\/galilea\/wp-content\/uploads\/2023\/11\/HV-Palabra-celebrada-215x300.jpg\" alt=\"\" width=\"215\" height=\"300\" class=\"size-medium wp-image-2851\" srcset=\"https:\/\/www.cpl.es\/galilea\/wp-content\/uploads\/2023\/11\/HV-Palabra-celebrada-215x300.jpg 215w, https:\/\/www.cpl.es\/galilea\/wp-content\/uploads\/2023\/11\/HV-Palabra-celebrada-9x12.jpg 9w, https:\/\/www.cpl.es\/galilea\/wp-content\/uploads\/2023\/11\/HV-Palabra-celebrada.jpg 265w\" sizes=\"(max-width: 215px) 85vw, 215px\" \/><\/a><figcaption id=\"caption-attachment-2851\" class=\"wp-caption-text\">Hoja verde MD: La Palabra celebrada<\/figcaption><\/figure><\/td>\n<\/tr>\n<\/tbody>\n<\/table>\n<!-- #tablepress-32 from cache -->\n","protected":false},"excerpt":{"rendered":"<p>Te ofrecemos una serie de publicaciones de Hojas verdes MD que tratan sobre la liturgia de la Iglesia:<\/p>\n","protected":false},"author":1,"featured_media":0,"parent":0,"menu_order":0,"comment_status":"closed","ping_status":"closed","template":"","meta":{"footnotes":""},"class_list":["post-2275","page","type-page","status-publish","hentry"],"yoast_head":"<!-- This site is optimized with the Yoast SEO plugin v23.5 - https:\/\/yoast.com\/wordpress\/plugins\/seo\/ -->\n<title>Hojas verdes MD: tema de liturgia - Galilea.153<\/title>\n<meta name=\"robots\" content=\"index, follow, max-snippet:-1, max-image-preview:large, max-video-preview:-1\" \/>\n<link rel=\"canonical\" href=\"https:\/\/www.cpl.es\/galilea\/hojas-verdes-md-tema-de-liturgia\/\" \/>\n<meta property=\"og:locale\" content=\"es_ES\" \/>\n<meta property=\"og:type\" content=\"article\" \/>\n<meta property=\"og:title\" content=\"Hojas verdes MD: tema de liturgia - Galilea.153\" \/>\n<meta property=\"og:description\" content=\"Te ofrecemos una serie de publicaciones de Hojas verdes MD que tratan sobre la liturgia de la Iglesia:\" \/>\n<meta property=\"og:url\" content=\"https:\/\/www.cpl.es\/galilea\/hojas-verdes-md-tema-de-liturgia\/\" \/>\n<meta property=\"og:site_name\" content=\"Galilea.153\" \/>\n<meta property=\"article:publisher\" content=\"https:\/\/www.facebook.com\/CPLeditorial\" \/>\n<meta property=\"article:modified_time\" content=\"2022-07-21T15:40:43+00:00\" \/>\n<meta name=\"twitter:card\" content=\"summary_large_image\" \/>\n<meta name=\"twitter:site\" content=\"@CPLeditorial\" \/>\n<meta name=\"twitter:label1\" content=\"Tiempo de lectura\" \/>\n\t<meta name=\"twitter:data1\" content=\"1 minuto\" \/>\n<script type=\"application\/ld+json\" class=\"yoast-schema-graph\">{\"@context\":\"https:\/\/schema.org\",\"@graph\":[{\"@type\":\"WebPage\",\"@id\":\"https:\/\/www.cpl.es\/galilea\/hojas-verdes-md-tema-de-liturgia\/\",\"url\":\"https:\/\/www.cpl.es\/galilea\/hojas-verdes-md-tema-de-liturgia\/\",\"name\":\"Hojas verdes MD: tema de liturgia - Galilea.153\",\"isPartOf\":{\"@id\":\"https:\/\/www.cpl.es\/galilea\/#website\"},\"datePublished\":\"2022-07-21T15:40:40+00:00\",\"dateModified\":\"2022-07-21T15:40:43+00:00\",\"breadcrumb\":{\"@id\":\"https:\/\/www.cpl.es\/galilea\/hojas-verdes-md-tema-de-liturgia\/#breadcrumb\"},\"inLanguage\":\"es\",\"potentialAction\":[{\"@type\":\"ReadAction\",\"target\":[\"https:\/\/www.cpl.es\/galilea\/hojas-verdes-md-tema-de-liturgia\/\"]}]},{\"@type\":\"BreadcrumbList\",\"@id\":\"https:\/\/www.cpl.es\/galilea\/hojas-verdes-md-tema-de-liturgia\/#breadcrumb\",\"itemListElement\":[{\"@type\":\"ListItem\",\"position\":1,\"name\":\"Home\",\"item\":\"https:\/\/www.cpl.es\/galilea\/\"},{\"@type\":\"ListItem\",\"position\":2,\"name\":\"Hojas verdes MD: tema de liturgia\"}]},{\"@type\":\"WebSite\",\"@id\":\"https:\/\/www.cpl.es\/galilea\/#website\",\"url\":\"https:\/\/www.cpl.es\/galilea\/\",\"name\":\"Galilea.153\",\"description\":\"Liturgia, pastoral, vida cristiana\",\"publisher\":{\"@id\":\"https:\/\/www.cpl.es\/galilea\/#organization\"},\"potentialAction\":[{\"@type\":\"SearchAction\",\"target\":{\"@type\":\"EntryPoint\",\"urlTemplate\":\"https:\/\/www.cpl.es\/galilea\/?s={search_term_string}\"},\"query-input\":{\"@type\":\"PropertyValueSpecification\",\"valueRequired\":true,\"valueName\":\"search_term_string\"}}],\"inLanguage\":\"es\"},{\"@type\":\"Organization\",\"@id\":\"https:\/\/www.cpl.es\/galilea\/#organization\",\"name\":\"Centre de Pastoral Lit\u00fargica\",\"url\":\"https:\/\/www.cpl.es\/galilea\/\",\"logo\":{\"@type\":\"ImageObject\",\"inLanguage\":\"es\",\"@id\":\"https:\/\/www.cpl.es\/galilea\/#\/schema\/logo\/image\/\",\"url\":\"https:\/\/i0.wp.com\/ivory-newt-719188.hostingersite.com\/wp-content\/uploads\/2022\/10\/perfil-xarxes-400x400-1.jpg?fit=400%2C400&ssl=1\",\"contentUrl\":\"https:\/\/i0.wp.com\/ivory-newt-719188.hostingersite.com\/wp-content\/uploads\/2022\/10\/perfil-xarxes-400x400-1.jpg?fit=400%2C400&ssl=1\",\"width\":400,\"height\":400,\"caption\":\"Centre de Pastoral Lit\u00fargica\"},\"image\":{\"@id\":\"https:\/\/www.cpl.es\/galilea\/#\/schema\/logo\/image\/\"},\"sameAs\":[\"https:\/\/www.facebook.com\/CPLeditorial\",\"https:\/\/x.com\/CPLeditorial\",\"https:\/\/www.instagram.com\/cpleditorial\/\",\"https:\/\/www.youtube.com\/c\/CentredePastoralLitrgicaCPL\"]}]}<\/script>\n<!-- \/ Yoast SEO plugin. -->","yoast_head_json":{"title":"Hojas verdes MD: tema de liturgia - Galilea.153","robots":{"index":"index","follow":"follow","max-snippet":"max-snippet:-1","max-image-preview":"max-image-preview:large","max-video-preview":"max-video-preview:-1"},"canonical":"https:\/\/www.cpl.es\/galilea\/hojas-verdes-md-tema-de-liturgia\/","og_locale":"es_ES","og_type":"article","og_title":"Hojas verdes MD: tema de liturgia - Galilea.153","og_description":"Te ofrecemos una serie de publicaciones de Hojas verdes MD que tratan sobre la liturgia de la Iglesia:","og_url":"https:\/\/www.cpl.es\/galilea\/hojas-verdes-md-tema-de-liturgia\/","og_site_name":"Galilea.153","article_publisher":"https:\/\/www.facebook.com\/CPLeditorial","article_modified_time":"2022-07-21T15:40:43+00:00","twitter_card":"summary_large_image","twitter_site":"@CPLeditorial","twitter_misc":{"Tiempo de lectura":"1 minuto"},"schema":{"@context":"https:\/\/schema.org","@graph":[{"@type":"WebPage","@id":"https:\/\/www.cpl.es\/galilea\/hojas-verdes-md-tema-de-liturgia\/","url":"https:\/\/www.cpl.es\/galilea\/hojas-verdes-md-tema-de-liturgia\/","name":"Hojas verdes MD: tema de liturgia - Galilea.153","isPartOf":{"@id":"https:\/\/www.cpl.es\/galilea\/#website"},"datePublished":"2022-07-21T15:40:40+00:00","dateModified":"2022-07-21T15:40:43+00:00","breadcrumb":{"@id":"https:\/\/www.cpl.es\/galilea\/hojas-verdes-md-tema-de-liturgia\/#breadcrumb"},"inLanguage":"es","potentialAction":[{"@type":"ReadAction","target":["https:\/\/www.cpl.es\/galilea\/hojas-verdes-md-tema-de-liturgia\/"]}]},{"@type":"BreadcrumbList","@id":"https:\/\/www.cpl.es\/galilea\/hojas-verdes-md-tema-de-liturgia\/#breadcrumb","itemListElement":[{"@type":"ListItem","position":1,"name":"Home","item":"https:\/\/www.cpl.es\/galilea\/"},{"@type":"ListItem","position":2,"name":"Hojas verdes MD: tema de liturgia"}]},{"@type":"WebSite","@id":"https:\/\/www.cpl.es\/galilea\/#website","url":"https:\/\/www.cpl.es\/galilea\/","name":"Galilea.153","description":"Liturgia, pastoral, vida cristiana","publisher":{"@id":"https:\/\/www.cpl.es\/galilea\/#organization"},"potentialAction":[{"@type":"SearchAction","target":{"@type":"EntryPoint","urlTemplate":"https:\/\/www.cpl.es\/galilea\/?s={search_term_string}"},"query-input":{"@type":"PropertyValueSpecification","valueRequired":true,"valueName":"search_term_string"}}],"inLanguage":"es"},{"@type":"Organization","@id":"https:\/\/www.cpl.es\/galilea\/#organization","name":"Centre de Pastoral Lit\u00fargica","url":"https:\/\/www.cpl.es\/galilea\/","logo":{"@type":"ImageObject","inLanguage":"es","@id":"https:\/\/www.cpl.es\/galilea\/#\/schema\/logo\/image\/","url":"https:\/\/i0.wp.com\/ivory-newt-719188.hostingersite.com\/wp-content\/uploads\/2022\/10\/perfil-xarxes-400x400-1.jpg?fit=400%2C400&ssl=1","contentUrl":"https:\/\/i0.wp.com\/ivory-newt-719188.hostingersite.com\/wp-content\/uploads\/2022\/10\/perfil-xarxes-400x400-1.jpg?fit=400%2C400&ssl=1","width":400,"height":400,"caption":"Centre de Pastoral Lit\u00fargica"},"image":{"@id":"https:\/\/www.cpl.es\/galilea\/#\/schema\/logo\/image\/"},"sameAs":["https:\/\/www.facebook.com\/CPLeditorial","https:\/\/x.com\/CPLeditorial","https:\/\/www.instagram.com\/cpleditorial\/","https:\/\/www.youtube.com\/c\/CentredePastoralLitrgicaCPL"]}]}},"_links":{"self":[{"href":"https:\/\/www.cpl.es\/galilea\/wp-json\/wp\/v2\/pages\/2275"}],"collection":[{"href":"https:\/\/www.cpl.es\/galilea\/wp-json\/wp\/v2\/pages"}],"about":[{"href":"https:\/\/www.cpl.es\/galilea\/wp-json\/wp\/v2\/types\/page"}],"author":[{"embeddable":true,"href":"https:\/\/www.cpl.es\/galilea\/wp-json\/wp\/v2\/users\/1"}],"replies":[{"embeddable":true,"href":"https:\/\/www.cpl.es\/galilea\/wp-json\/wp\/v2\/comments?post=2275"}],"version-history":[{"count":2,"href":"https:\/\/www.cpl.es\/galilea\/wp-json\/wp\/v2\/pages\/2275\/revisions"}],"predecessor-version":[{"id":2999,"href":"https:\/\/www.cpl.es\/galilea\/wp-json\/wp\/v2\/pages\/2275\/revisions\/2999"}],"wp:attachment":[{"href":"https:\/\/www.cpl.es\/galilea\/wp-json\/wp\/v2\/media?parent=2275"}],"curies":[{"name":"wp","href":"https:\/\/api.w.org\/{rel}","templated":true}]}}