{"id":17,"date":"2018-03-06T13:19:30","date_gmt":"2018-03-06T11:19:30","guid":{"rendered":"http:\/\/ivory-newt-719188.hostingersite.com\/?page_id=17"},"modified":"2022-05-10T13:03:12","modified_gmt":"2022-05-10T11:03:12","slug":"que-es-galilea-153","status":"publish","type":"page","link":"https:\/\/www.cpl.es\/galilea\/que-es-galilea-153\/","title":{"rendered":"\u00bfQu\u00e9 es Galilea.153?"},"content":{"rendered":"<p>Galilea.153 es una revista de liturgia para laicos y laicas. Que publicamos cada dos meses y que se complementa con esta p\u00e1gina web. Pensada para contribuir a la formaci\u00f3n de los equipos de liturgia, pero tambi\u00e9n para facilitar instrumentos pr\u00e1cticos para el trabajo pastoral, y para profundizar en la liturgia desde los muy diversos \u00e1mbitos de la vida de nuestras comunidades.<\/p>\n<p>Revista editada por el <a href=\"https:\/\/www.cpl.es\/\" target=\"_blank\" rel=\"noopener\">Centre de Pastoral Lit\u00fargica de Barcelona<\/a>.<\/p>\n","protected":false},"excerpt":{"rendered":"<p>Galilea.153 es una revista de liturgia para laicos y laicas. Que publicamos cada dos meses y que se complementa con esta p\u00e1gina web. Pensada para contribuir a la formaci\u00f3n de los equipos de liturgia, pero tambi\u00e9n para facilitar instrumentos pr\u00e1cticos para el trabajo pastoral, y para profundizar en la liturgia desde los muy diversos \u00e1mbitos &hellip; <a href=\"https:\/\/www.cpl.es\/galilea\/que-es-galilea-153\/\" class=\"more-link\">Continuar leyendo<span class=\"screen-reader-text\"> &#8220;\u00bfQu\u00e9 es Galilea.153?&#8221;<\/span><\/a><\/p>\n","protected":false},"author":1,"featured_media":18,"parent":0,"menu_order":0,"comment_status":"closed","ping_status":"closed","template":"","meta":{"footnotes":""},"class_list":["post-17","page","type-page","status-publish","has-post-thumbnail","hentry"],"yoast_head":"<!-- This site is optimized with the Yoast SEO plugin v23.5 - https:\/\/yoast.com\/wordpress\/plugins\/seo\/ -->\n<title>\u00bfQu\u00e9 es Galilea.153? - Galilea.153<\/title>\n<meta name=\"description\" content=\"Galilea. 153 es una revista de liturgia para laicos y laicas pensada para contribuir a la formaci\u00f3n de los equipos de liturgia y al laicado en general.\" \/>\n<meta name=\"robots\" content=\"index, follow, max-snippet:-1, max-image-preview:large, max-video-preview:-1\" \/>\n<link rel=\"canonical\" href=\"https:\/\/www.cpl.es\/galilea\/que-es-galilea-153\/\" \/>\n<meta property=\"og:locale\" content=\"es_ES\" \/>\n<meta property=\"og:type\" content=\"article\" \/>\n<meta property=\"og:title\" content=\"\u00bfQu\u00e9 es Galilea.153? - Galilea.153\" \/>\n<meta property=\"og:description\" content=\"Galilea. 153 es una revista de liturgia para laicos y laicas pensada para contribuir a la formaci\u00f3n de los equipos de liturgia y al laicado en general.\" \/>\n<meta property=\"og:url\" content=\"https:\/\/www.cpl.es\/galilea\/que-es-galilea-153\/\" \/>\n<meta property=\"og:site_name\" content=\"Galilea.153\" \/>\n<meta property=\"article:publisher\" content=\"https:\/\/www.facebook.com\/CPLeditorial\" \/>\n<meta property=\"article:modified_time\" content=\"2022-05-10T11:03:12+00:00\" \/>\n<meta property=\"og:image\" content=\"https:\/\/www.cpl.es\/galilea\/wp-content\/uploads\/2018\/03\/cathopic_1505355255146130-1024x768.jpg\" \/>\n\t<meta property=\"og:image:width\" content=\"1024\" \/>\n\t<meta property=\"og:image:height\" content=\"768\" \/>\n\t<meta property=\"og:image:type\" content=\"image\/jpeg\" \/>\n<meta name=\"twitter:card\" content=\"summary_large_image\" \/>\n<meta name=\"twitter:site\" content=\"@CPLeditorial\" \/>\n<meta name=\"twitter:label1\" content=\"Tiempo de lectura\" \/>\n\t<meta name=\"twitter:data1\" content=\"1 minuto\" \/>\n<script type=\"application\/ld+json\" class=\"yoast-schema-graph\">{\"@context\":\"https:\/\/schema.org\",\"@graph\":[{\"@type\":\"WebPage\",\"@id\":\"https:\/\/www.cpl.es\/galilea\/ca\/que-es-galilea-153\/\",\"url\":\"https:\/\/www.cpl.es\/galilea\/ca\/que-es-galilea-153\/\",\"name\":\"\u00bfQu\u00e9 es Galilea.153? - Galilea.153\",\"isPartOf\":{\"@id\":\"https:\/\/www.cpl.es\/galilea\/#website\"},\"primaryImageOfPage\":{\"@id\":\"https:\/\/www.cpl.es\/galilea\/ca\/que-es-galilea-153\/#primaryimage\"},\"image\":{\"@id\":\"https:\/\/www.cpl.es\/galilea\/ca\/que-es-galilea-153\/#primaryimage\"},\"thumbnailUrl\":\"https:\/\/www.cpl.es\/galilea\/wp-content\/uploads\/2018\/03\/cathopic_1505355255146130.jpg\",\"datePublished\":\"2018-03-06T11:19:30+00:00\",\"dateModified\":\"2022-05-10T11:03:12+00:00\",\"description\":\"Galilea. 153 es una revista de liturgia para laicos y laicas pensada para contribuir a la formaci\u00f3n de los equipos de liturgia y al laicado en general.\",\"breadcrumb\":{\"@id\":\"https:\/\/www.cpl.es\/galilea\/ca\/que-es-galilea-153\/#breadcrumb\"},\"inLanguage\":\"es\",\"potentialAction\":[{\"@type\":\"ReadAction\",\"target\":[\"https:\/\/www.cpl.es\/galilea\/ca\/que-es-galilea-153\/\"]}]},{\"@type\":\"ImageObject\",\"inLanguage\":\"es\",\"@id\":\"https:\/\/www.cpl.es\/galilea\/ca\/que-es-galilea-153\/#primaryimage\",\"url\":\"https:\/\/www.cpl.es\/galilea\/wp-content\/uploads\/2018\/03\/cathopic_1505355255146130.jpg\",\"contentUrl\":\"https:\/\/www.cpl.es\/galilea\/wp-content\/uploads\/2018\/03\/cathopic_1505355255146130.jpg\",\"width\":4288,\"height\":3216,\"caption\":\"Foto Cathopic\"},{\"@type\":\"BreadcrumbList\",\"@id\":\"https:\/\/www.cpl.es\/galilea\/ca\/que-es-galilea-153\/#breadcrumb\",\"itemListElement\":[{\"@type\":\"ListItem\",\"position\":1,\"name\":\"Home\",\"item\":\"https:\/\/www.cpl.es\/galilea\/\"},{\"@type\":\"ListItem\",\"position\":2,\"name\":\"\u00bfQu\u00e9 es Galilea.153?\"}]},{\"@type\":\"WebSite\",\"@id\":\"https:\/\/www.cpl.es\/galilea\/#website\",\"url\":\"https:\/\/www.cpl.es\/galilea\/\",\"name\":\"Galilea.153\",\"description\":\"Liturgia, pastoral, vida cristiana\",\"publisher\":{\"@id\":\"https:\/\/www.cpl.es\/galilea\/#organization\"},\"potentialAction\":[{\"@type\":\"SearchAction\",\"target\":{\"@type\":\"EntryPoint\",\"urlTemplate\":\"https:\/\/www.cpl.es\/galilea\/?s={search_term_string}\"},\"query-input\":{\"@type\":\"PropertyValueSpecification\",\"valueRequired\":true,\"valueName\":\"search_term_string\"}}],\"inLanguage\":\"es\"},{\"@type\":\"Organization\",\"@id\":\"https:\/\/www.cpl.es\/galilea\/#organization\",\"name\":\"Centre de Pastoral Lit\u00fargica\",\"url\":\"https:\/\/www.cpl.es\/galilea\/\",\"logo\":{\"@type\":\"ImageObject\",\"inLanguage\":\"es\",\"@id\":\"https:\/\/www.cpl.es\/galilea\/#\/schema\/logo\/image\/\",\"url\":\"https:\/\/i0.wp.com\/ivory-newt-719188.hostingersite.com\/wp-content\/uploads\/2022\/10\/perfil-xarxes-400x400-1.jpg?fit=400%2C400&ssl=1\",\"contentUrl\":\"https:\/\/i0.wp.com\/ivory-newt-719188.hostingersite.com\/wp-content\/uploads\/2022\/10\/perfil-xarxes-400x400-1.jpg?fit=400%2C400&ssl=1\",\"width\":400,\"height\":400,\"caption\":\"Centre de Pastoral Lit\u00fargica\"},\"image\":{\"@id\":\"https:\/\/www.cpl.es\/galilea\/#\/schema\/logo\/image\/\"},\"sameAs\":[\"https:\/\/www.facebook.com\/CPLeditorial\",\"https:\/\/x.com\/CPLeditorial\",\"https:\/\/www.instagram.com\/cpleditorial\/\",\"https:\/\/www.youtube.com\/c\/CentredePastoralLitrgicaCPL\"]}]}<\/script>\n<!-- \/ Yoast SEO plugin. -->","yoast_head_json":{"title":"\u00bfQu\u00e9 es Galilea.153? - Galilea.153","description":"Galilea. 153 es una revista de liturgia para laicos y laicas pensada para contribuir a la formaci\u00f3n de los equipos de liturgia y al laicado en general.","robots":{"index":"index","follow":"follow","max-snippet":"max-snippet:-1","max-image-preview":"max-image-preview:large","max-video-preview":"max-video-preview:-1"},"canonical":"https:\/\/www.cpl.es\/galilea\/que-es-galilea-153\/","og_locale":"es_ES","og_type":"article","og_title":"\u00bfQu\u00e9 es Galilea.153? - Galilea.153","og_description":"Galilea. 153 es una revista de liturgia para laicos y laicas pensada para contribuir a la formaci\u00f3n de los equipos de liturgia y al laicado en general.","og_url":"https:\/\/www.cpl.es\/galilea\/que-es-galilea-153\/","og_site_name":"Galilea.153","article_publisher":"https:\/\/www.facebook.com\/CPLeditorial","article_modified_time":"2022-05-10T11:03:12+00:00","og_image":[{"width":1024,"height":768,"url":"https:\/\/www.cpl.es\/galilea\/wp-content\/uploads\/2018\/03\/cathopic_1505355255146130-1024x768.jpg","type":"image\/jpeg"}],"twitter_card":"summary_large_image","twitter_site":"@CPLeditorial","twitter_misc":{"Tiempo de lectura":"1 minuto"},"schema":{"@context":"https:\/\/schema.org","@graph":[{"@type":"WebPage","@id":"https:\/\/www.cpl.es\/galilea\/ca\/que-es-galilea-153\/","url":"https:\/\/www.cpl.es\/galilea\/ca\/que-es-galilea-153\/","name":"\u00bfQu\u00e9 es Galilea.153? - Galilea.153","isPartOf":{"@id":"https:\/\/www.cpl.es\/galilea\/#website"},"primaryImageOfPage":{"@id":"https:\/\/www.cpl.es\/galilea\/ca\/que-es-galilea-153\/#primaryimage"},"image":{"@id":"https:\/\/www.cpl.es\/galilea\/ca\/que-es-galilea-153\/#primaryimage"},"thumbnailUrl":"https:\/\/www.cpl.es\/galilea\/wp-content\/uploads\/2018\/03\/cathopic_1505355255146130.jpg","datePublished":"2018-03-06T11:19:30+00:00","dateModified":"2022-05-10T11:03:12+00:00","description":"Galilea. 153 es una revista de liturgia para laicos y laicas pensada para contribuir a la formaci\u00f3n de los equipos de liturgia y al laicado en general.","breadcrumb":{"@id":"https:\/\/www.cpl.es\/galilea\/ca\/que-es-galilea-153\/#breadcrumb"},"inLanguage":"es","potentialAction":[{"@type":"ReadAction","target":["https:\/\/www.cpl.es\/galilea\/ca\/que-es-galilea-153\/"]}]},{"@type":"ImageObject","inLanguage":"es","@id":"https:\/\/www.cpl.es\/galilea\/ca\/que-es-galilea-153\/#primaryimage","url":"https:\/\/www.cpl.es\/galilea\/wp-content\/uploads\/2018\/03\/cathopic_1505355255146130.jpg","contentUrl":"https:\/\/www.cpl.es\/galilea\/wp-content\/uploads\/2018\/03\/cathopic_1505355255146130.jpg","width":4288,"height":3216,"caption":"Foto Cathopic"},{"@type":"BreadcrumbList","@id":"https:\/\/www.cpl.es\/galilea\/ca\/que-es-galilea-153\/#breadcrumb","itemListElement":[{"@type":"ListItem","position":1,"name":"Home","item":"https:\/\/www.cpl.es\/galilea\/"},{"@type":"ListItem","position":2,"name":"\u00bfQu\u00e9 es Galilea.153?"}]},{"@type":"WebSite","@id":"https:\/\/www.cpl.es\/galilea\/#website","url":"https:\/\/www.cpl.es\/galilea\/","name":"Galilea.153","description":"Liturgia, pastoral, vida cristiana","publisher":{"@id":"https:\/\/www.cpl.es\/galilea\/#organization"},"potentialAction":[{"@type":"SearchAction","target":{"@type":"EntryPoint","urlTemplate":"https:\/\/www.cpl.es\/galilea\/?s={search_term_string}"},"query-input":{"@type":"PropertyValueSpecification","valueRequired":true,"valueName":"search_term_string"}}],"inLanguage":"es"},{"@type":"Organization","@id":"https:\/\/www.cpl.es\/galilea\/#organization","name":"Centre de Pastoral Lit\u00fargica","url":"https:\/\/www.cpl.es\/galilea\/","logo":{"@type":"ImageObject","inLanguage":"es","@id":"https:\/\/www.cpl.es\/galilea\/#\/schema\/logo\/image\/","url":"https:\/\/i0.wp.com\/ivory-newt-719188.hostingersite.com\/wp-content\/uploads\/2022\/10\/perfil-xarxes-400x400-1.jpg?fit=400%2C400&ssl=1","contentUrl":"https:\/\/i0.wp.com\/ivory-newt-719188.hostingersite.com\/wp-content\/uploads\/2022\/10\/perfil-xarxes-400x400-1.jpg?fit=400%2C400&ssl=1","width":400,"height":400,"caption":"Centre de Pastoral Lit\u00fargica"},"image":{"@id":"https:\/\/www.cpl.es\/galilea\/#\/schema\/logo\/image\/"},"sameAs":["https:\/\/www.facebook.com\/CPLeditorial","https:\/\/x.com\/CPLeditorial","https:\/\/www.instagram.com\/cpleditorial\/","https:\/\/www.youtube.com\/c\/CentredePastoralLitrgicaCPL"]}]}},"_links":{"self":[{"href":"https:\/\/www.cpl.es\/galilea\/wp-json\/wp\/v2\/pages\/17"}],"collection":[{"href":"https:\/\/www.cpl.es\/galilea\/wp-json\/wp\/v2\/pages"}],"about":[{"href":"https:\/\/www.cpl.es\/galilea\/wp-json\/wp\/v2\/types\/page"}],"author":[{"embeddable":true,"href":"https:\/\/www.cpl.es\/galilea\/wp-json\/wp\/v2\/users\/1"}],"replies":[{"embeddable":true,"href":"https:\/\/www.cpl.es\/galilea\/wp-json\/wp\/v2\/comments?post=17"}],"version-history":[{"count":10,"href":"https:\/\/www.cpl.es\/galilea\/wp-json\/wp\/v2\/pages\/17\/revisions"}],"predecessor-version":[{"id":2076,"href":"https:\/\/www.cpl.es\/galilea\/wp-json\/wp\/v2\/pages\/17\/revisions\/2076"}],"wp:featuredmedia":[{"embeddable":true,"href":"https:\/\/www.cpl.es\/galilea\/wp-json\/wp\/v2\/media\/18"}],"wp:attachment":[{"href":"https:\/\/www.cpl.es\/galilea\/wp-json\/wp\/v2\/media?parent=17"}],"curies":[{"name":"wp","href":"https:\/\/api.w.org\/{rel}","templated":true}]}}