{"id":85,"date":"2018-03-07T11:17:39","date_gmt":"2018-03-07T09:17:39","guid":{"rendered":"http:\/\/ivory-newt-719188.hostingersite.com\/?page_id=85"},"modified":"2022-05-10T13:04:17","modified_gmt":"2022-05-10T11:04:17","slug":"contacto","status":"publish","type":"page","link":"https:\/\/www.cpl.es\/galilea\/ca\/contacto\/","title":{"rendered":"Contacte"},"content":{"rendered":"<p>Ens podeu trobar a la seu del Centre de Pastoral Lit\u00fargica de Barcelona:<\/p>\n<p><strong><a href=\"https:\/\/www.cpl.es\/galilea\/ca\/\" target=\"_blank\" rel=\"noopener\">Centre de Pastoral Lit\u00fargica de Barcelona<\/a><br \/>\n<\/strong>Calle Diputaci\u00f3n, 231<br \/>\n08007 Barcelona<br \/>\nTel. 93 302 22 35<br \/>\nwa: 619741047<br \/>\nDirectora: qguirao@cpl.es<br \/>\ncpl@cpl.es<\/p>","protected":false},"excerpt":{"rendered":"<p>Estamos en la sede del Centre de Pastoral Lit\u00fargica de Barcelona: Centre de Pastoral Lit\u00fargica de Barcelona Calle Diputaci\u00f3n, 231 08007 Barcelona Tel. 93 302 22 35 wa: 619741047 Directora: qguirao@cpl.es cpl@cpl.es<\/p>","protected":false},"author":1,"featured_media":2053,"parent":0,"menu_order":0,"comment_status":"closed","ping_status":"closed","template":"","meta":{"footnotes":""},"class_list":["post-85","page","type-page","status-publish","has-post-thumbnail","hentry"],"yoast_head":"<!-- This site is optimized with the Yoast SEO plugin v23.5 - https:\/\/yoast.com\/wordpress\/plugins\/seo\/ -->\n<title>Contacto - Galilea.153<\/title>\n<meta name=\"description\" content=\"La revista Galilea.153 es una publicaci\u00f3n del Centre de Pastoral Lit\u00fargica. Tiene su sede en la c. Diputaci\u00f3n 231 - 08007 Barcelona\" \/>\n<meta name=\"robots\" content=\"index, follow, max-snippet:-1, max-image-preview:large, max-video-preview:-1\" \/>\n<link rel=\"canonical\" href=\"https:\/\/www.cpl.es\/galilea\/ca\/contacto\/\" \/>\n<meta property=\"og:locale\" content=\"ca_ES\" \/>\n<meta property=\"og:type\" content=\"article\" \/>\n<meta property=\"og:title\" content=\"Contacto - Galilea.153\" \/>\n<meta property=\"og:description\" content=\"La revista Galilea.153 es una publicaci\u00f3n del Centre de Pastoral Lit\u00fargica. Tiene su sede en la c. Diputaci\u00f3n 231 - 08007 Barcelona\" \/>\n<meta property=\"og:url\" content=\"https:\/\/www.cpl.es\/galilea\/ca\/contacto\/\" \/>\n<meta property=\"og:site_name\" content=\"Galilea.153\" \/>\n<meta property=\"article:publisher\" content=\"https:\/\/www.facebook.com\/CPLeditorial\" \/>\n<meta property=\"article:modified_time\" content=\"2022-05-10T11:04:17+00:00\" \/>\n<meta property=\"og:image\" content=\"https:\/\/www.cpl.es\/galilea\/wp-content\/uploads\/2022\/04\/fotos-benediccio-CPL-2021-105-scaled.jpg\" \/>\n\t<meta property=\"og:image:width\" content=\"2560\" \/>\n\t<meta property=\"og:image:height\" content=\"1440\" \/>\n\t<meta property=\"og:image:type\" content=\"image\/jpeg\" \/>\n<meta name=\"twitter:card\" content=\"summary_large_image\" \/>\n<meta name=\"twitter:site\" content=\"@CPLeditorial\" \/>\n<meta name=\"twitter:label1\" content=\"Temps estimat de lectura\" \/>\n\t<meta name=\"twitter:data1\" content=\"1 minut\" \/>\n<script type=\"application\/ld+json\" class=\"yoast-schema-graph\">{\"@context\":\"https:\/\/schema.org\",\"@graph\":[{\"@type\":\"WebPage\",\"@id\":\"https:\/\/www.cpl.es\/galilea\/contacto\/\",\"url\":\"https:\/\/www.cpl.es\/galilea\/contacto\/\",\"name\":\"Contacto - Galilea.153\",\"isPartOf\":{\"@id\":\"https:\/\/www.cpl.es\/galilea\/#website\"},\"primaryImageOfPage\":{\"@id\":\"https:\/\/www.cpl.es\/galilea\/contacto\/#primaryimage\"},\"image\":{\"@id\":\"https:\/\/www.cpl.es\/galilea\/contacto\/#primaryimage\"},\"thumbnailUrl\":\"https:\/\/www.cpl.es\/galilea\/wp-content\/uploads\/2022\/04\/fotos-benediccio-CPL-2021-105-scaled.jpg\",\"datePublished\":\"2018-03-07T09:17:39+00:00\",\"dateModified\":\"2022-05-10T11:04:17+00:00\",\"description\":\"La revista Galilea.153 es una publicaci\u00f3n del Centre de Pastoral Lit\u00fargica. Tiene su sede en la c. Diputaci\u00f3n 231 - 08007 Barcelona\",\"breadcrumb\":{\"@id\":\"https:\/\/www.cpl.es\/galilea\/contacto\/#breadcrumb\"},\"inLanguage\":\"ca\",\"potentialAction\":[{\"@type\":\"ReadAction\",\"target\":[\"https:\/\/www.cpl.es\/galilea\/contacto\/\"]}]},{\"@type\":\"ImageObject\",\"inLanguage\":\"ca\",\"@id\":\"https:\/\/www.cpl.es\/galilea\/contacto\/#primaryimage\",\"url\":\"https:\/\/www.cpl.es\/galilea\/wp-content\/uploads\/2022\/04\/fotos-benediccio-CPL-2021-105-scaled.jpg\",\"contentUrl\":\"https:\/\/www.cpl.es\/galilea\/wp-content\/uploads\/2022\/04\/fotos-benediccio-CPL-2021-105-scaled.jpg\",\"width\":2560,\"height\":1440},{\"@type\":\"BreadcrumbList\",\"@id\":\"https:\/\/www.cpl.es\/galilea\/contacto\/#breadcrumb\",\"itemListElement\":[{\"@type\":\"ListItem\",\"position\":1,\"name\":\"Home\",\"item\":\"https:\/\/www.cpl.es\/galilea\/\"},{\"@type\":\"ListItem\",\"position\":2,\"name\":\"Contacto\"}]},{\"@type\":\"WebSite\",\"@id\":\"https:\/\/www.cpl.es\/galilea\/#website\",\"url\":\"https:\/\/www.cpl.es\/galilea\/\",\"name\":\"Galilea.153\",\"description\":\"Liturgia, pastoral, vida cristiana\",\"publisher\":{\"@id\":\"https:\/\/www.cpl.es\/galilea\/#organization\"},\"potentialAction\":[{\"@type\":\"SearchAction\",\"target\":{\"@type\":\"EntryPoint\",\"urlTemplate\":\"https:\/\/www.cpl.es\/galilea\/?s={search_term_string}\"},\"query-input\":{\"@type\":\"PropertyValueSpecification\",\"valueRequired\":true,\"valueName\":\"search_term_string\"}}],\"inLanguage\":\"ca\"},{\"@type\":\"Organization\",\"@id\":\"https:\/\/www.cpl.es\/galilea\/#organization\",\"name\":\"Centre de Pastoral Lit\u00fargica\",\"url\":\"https:\/\/www.cpl.es\/galilea\/\",\"logo\":{\"@type\":\"ImageObject\",\"inLanguage\":\"ca\",\"@id\":\"https:\/\/www.cpl.es\/galilea\/#\/schema\/logo\/image\/\",\"url\":\"https:\/\/i0.wp.com\/ivory-newt-719188.hostingersite.com\/wp-content\/uploads\/2022\/10\/perfil-xarxes-400x400-1.jpg?fit=400%2C400&ssl=1\",\"contentUrl\":\"https:\/\/i0.wp.com\/ivory-newt-719188.hostingersite.com\/wp-content\/uploads\/2022\/10\/perfil-xarxes-400x400-1.jpg?fit=400%2C400&ssl=1\",\"width\":400,\"height\":400,\"caption\":\"Centre de Pastoral Lit\u00fargica\"},\"image\":{\"@id\":\"https:\/\/www.cpl.es\/galilea\/#\/schema\/logo\/image\/\"},\"sameAs\":[\"https:\/\/www.facebook.com\/CPLeditorial\",\"https:\/\/x.com\/CPLeditorial\",\"https:\/\/www.instagram.com\/cpleditorial\/\",\"https:\/\/www.youtube.com\/c\/CentredePastoralLitrgicaCPL\"]}]}<\/script>\n<!-- \/ Yoast SEO plugin. -->","yoast_head_json":{"title":"Contacto - Galilea.153","description":"La revista Galilea.153 es una publicaci\u00f3n del Centre de Pastoral Lit\u00fargica. Tiene su sede en la c. Diputaci\u00f3n 231 - 08007 Barcelona","robots":{"index":"index","follow":"follow","max-snippet":"max-snippet:-1","max-image-preview":"max-image-preview:large","max-video-preview":"max-video-preview:-1"},"canonical":"https:\/\/www.cpl.es\/galilea\/ca\/contacto\/","og_locale":"ca_ES","og_type":"article","og_title":"Contacto - Galilea.153","og_description":"La revista Galilea.153 es una publicaci\u00f3n del Centre de Pastoral Lit\u00fargica. Tiene su sede en la c. Diputaci\u00f3n 231 - 08007 Barcelona","og_url":"https:\/\/www.cpl.es\/galilea\/ca\/contacto\/","og_site_name":"Galilea.153","article_publisher":"https:\/\/www.facebook.com\/CPLeditorial","article_modified_time":"2022-05-10T11:04:17+00:00","og_image":[{"width":2560,"height":1440,"url":"https:\/\/www.cpl.es\/galilea\/wp-content\/uploads\/2022\/04\/fotos-benediccio-CPL-2021-105-scaled.jpg","type":"image\/jpeg"}],"twitter_card":"summary_large_image","twitter_site":"@CPLeditorial","twitter_misc":{"Temps estimat de lectura":"1 minut"},"schema":{"@context":"https:\/\/schema.org","@graph":[{"@type":"WebPage","@id":"https:\/\/www.cpl.es\/galilea\/contacto\/","url":"https:\/\/www.cpl.es\/galilea\/contacto\/","name":"Contacto - Galilea.153","isPartOf":{"@id":"https:\/\/www.cpl.es\/galilea\/#website"},"primaryImageOfPage":{"@id":"https:\/\/www.cpl.es\/galilea\/contacto\/#primaryimage"},"image":{"@id":"https:\/\/www.cpl.es\/galilea\/contacto\/#primaryimage"},"thumbnailUrl":"https:\/\/www.cpl.es\/galilea\/wp-content\/uploads\/2022\/04\/fotos-benediccio-CPL-2021-105-scaled.jpg","datePublished":"2018-03-07T09:17:39+00:00","dateModified":"2022-05-10T11:04:17+00:00","description":"La revista Galilea.153 es una publicaci\u00f3n del Centre de Pastoral Lit\u00fargica. Tiene su sede en la c. Diputaci\u00f3n 231 - 08007 Barcelona","breadcrumb":{"@id":"https:\/\/www.cpl.es\/galilea\/contacto\/#breadcrumb"},"inLanguage":"ca","potentialAction":[{"@type":"ReadAction","target":["https:\/\/www.cpl.es\/galilea\/contacto\/"]}]},{"@type":"ImageObject","inLanguage":"ca","@id":"https:\/\/www.cpl.es\/galilea\/contacto\/#primaryimage","url":"https:\/\/www.cpl.es\/galilea\/wp-content\/uploads\/2022\/04\/fotos-benediccio-CPL-2021-105-scaled.jpg","contentUrl":"https:\/\/www.cpl.es\/galilea\/wp-content\/uploads\/2022\/04\/fotos-benediccio-CPL-2021-105-scaled.jpg","width":2560,"height":1440},{"@type":"BreadcrumbList","@id":"https:\/\/www.cpl.es\/galilea\/contacto\/#breadcrumb","itemListElement":[{"@type":"ListItem","position":1,"name":"Home","item":"https:\/\/www.cpl.es\/galilea\/"},{"@type":"ListItem","position":2,"name":"Contacto"}]},{"@type":"WebSite","@id":"https:\/\/www.cpl.es\/galilea\/#website","url":"https:\/\/www.cpl.es\/galilea\/","name":"Galilea.153","description":"Liturgia, pastoral, vida cristiana","publisher":{"@id":"https:\/\/www.cpl.es\/galilea\/#organization"},"potentialAction":[{"@type":"SearchAction","target":{"@type":"EntryPoint","urlTemplate":"https:\/\/www.cpl.es\/galilea\/?s={search_term_string}"},"query-input":{"@type":"PropertyValueSpecification","valueRequired":true,"valueName":"search_term_string"}}],"inLanguage":"ca"},{"@type":"Organization","@id":"https:\/\/www.cpl.es\/galilea\/#organization","name":"Centre de Pastoral Lit\u00fargica","url":"https:\/\/www.cpl.es\/galilea\/","logo":{"@type":"ImageObject","inLanguage":"ca","@id":"https:\/\/www.cpl.es\/galilea\/#\/schema\/logo\/image\/","url":"https:\/\/i0.wp.com\/ivory-newt-719188.hostingersite.com\/wp-content\/uploads\/2022\/10\/perfil-xarxes-400x400-1.jpg?fit=400%2C400&ssl=1","contentUrl":"https:\/\/i0.wp.com\/ivory-newt-719188.hostingersite.com\/wp-content\/uploads\/2022\/10\/perfil-xarxes-400x400-1.jpg?fit=400%2C400&ssl=1","width":400,"height":400,"caption":"Centre de Pastoral Lit\u00fargica"},"image":{"@id":"https:\/\/www.cpl.es\/galilea\/#\/schema\/logo\/image\/"},"sameAs":["https:\/\/www.facebook.com\/CPLeditorial","https:\/\/x.com\/CPLeditorial","https:\/\/www.instagram.com\/cpleditorial\/","https:\/\/www.youtube.com\/c\/CentredePastoralLitrgicaCPL"]}]}},"_links":{"self":[{"href":"https:\/\/www.cpl.es\/galilea\/ca\/wp-json\/wp\/v2\/pages\/85"}],"collection":[{"href":"https:\/\/www.cpl.es\/galilea\/ca\/wp-json\/wp\/v2\/pages"}],"about":[{"href":"https:\/\/www.cpl.es\/galilea\/ca\/wp-json\/wp\/v2\/types\/page"}],"author":[{"embeddable":true,"href":"https:\/\/www.cpl.es\/galilea\/ca\/wp-json\/wp\/v2\/users\/1"}],"replies":[{"embeddable":true,"href":"https:\/\/www.cpl.es\/galilea\/ca\/wp-json\/wp\/v2\/comments?post=85"}],"version-history":[{"count":7,"href":"https:\/\/www.cpl.es\/galilea\/ca\/wp-json\/wp\/v2\/pages\/85\/revisions"}],"predecessor-version":[{"id":2078,"href":"https:\/\/www.cpl.es\/galilea\/ca\/wp-json\/wp\/v2\/pages\/85\/revisions\/2078"}],"wp:featuredmedia":[{"embeddable":true,"href":"https:\/\/www.cpl.es\/galilea\/ca\/wp-json\/wp\/v2\/media\/2053"}],"wp:attachment":[{"href":"https:\/\/www.cpl.es\/galilea\/ca\/wp-json\/wp\/v2\/media?parent=85"}],"curies":[{"name":"wp","href":"https:\/\/api.w.org\/{rel}","templated":true}]}}