{"id":3129,"date":"2024-05-06T10:27:27","date_gmt":"2024-05-06T08:27:27","guid":{"rendered":"https:\/\/ivory-newt-719188.hostingersite.com\/?page_id=3129"},"modified":"2024-05-06T10:27:30","modified_gmt":"2024-05-06T08:27:30","slug":"materiales-con-el-num-37-de-galilea-153","status":"publish","type":"page","link":"https:\/\/www.cpl.es\/galilea\/ca\/materiales-con-el-num-37-de-galilea-153\/","title":{"rendered":"Materials amb el n\u00fam. 37 de Galilea.153"},"content":{"rendered":"<p>El n\u00famero 37 de la revista Galilea.153 maig-juliol 2024: \u00abTecnologia i misteri\u00bb.<\/p>\n\n\n\n<p>Aqu\u00ed us oferim continguts de publicacions del Centre de Pastoral Lit\u00fargica sobre el tema que et poden interessar:<\/p>\n\n\n\n\n<table id=\"tablepress-45\" class=\"tablepress tablepress-id-45\">\n<thead>\n<tr class=\"row-1 odd\">\n\t<th class=\"column-1\"><figure id=\"attachment_3120\" aria-describedby=\"caption-attachment-3120\" style=\"width: 213px\" class=\"wp-caption alignnone\"><a href=\"https:\/\/www.cpl.es\/galilea\/wp-content\/uploads\/2024\/05\/CatMesDeMaria.pdf\"><img loading=\"lazy\" decoding=\"async\" src=\"https:\/\/www.cpl.es\/galilea\/wp-content\/uploads\/2024\/05\/MesDeMaria-213x300.jpg\" alt=\"\" width=\"213\" height=\"300\" class=\"size-medium wp-image-3120\" srcset=\"https:\/\/www.cpl.es\/galilea\/wp-content\/uploads\/2024\/05\/MesDeMaria-213x300.jpg 213w, https:\/\/www.cpl.es\/galilea\/wp-content\/uploads\/2024\/05\/MesDeMaria-9x12.jpg 9w, https:\/\/www.cpl.es\/galilea\/wp-content\/uploads\/2024\/05\/MesDeMaria.jpg 263w\" sizes=\"(max-width: 213px) 85vw, 213px\" \/><\/a><figcaption id=\"caption-attachment-3120\" class=\"wp-caption-text\">Celebrar: El mes de Mar\u00eda<\/figcaption><\/figure><\/th><th class=\"column-2\"><figure id=\"attachment_3124\" aria-describedby=\"caption-attachment-3124\" style=\"width: 212px\" class=\"wp-caption alignnone\"><a href=\"https:\/\/www.cpl.es\/galilea\/wp-content\/uploads\/2024\/05\/TothomEsSagrista.pdf\"><img loading=\"lazy\" decoding=\"async\" src=\"https:\/\/www.cpl.es\/galilea\/wp-content\/uploads\/2024\/05\/TodosSomosSacristanes-212x300.jpg\" alt=\"\" width=\"212\" height=\"300\" class=\"size-medium wp-image-3124\" srcset=\"https:\/\/www.cpl.es\/galilea\/wp-content\/uploads\/2024\/05\/TodosSomosSacristanes-212x300.jpg 212w, https:\/\/www.cpl.es\/galilea\/wp-content\/uploads\/2024\/05\/TodosSomosSacristanes-8x12.jpg 8w, https:\/\/www.cpl.es\/galilea\/wp-content\/uploads\/2024\/05\/TodosSomosSacristanes.jpg 261w\" sizes=\"(max-width: 212px) 85vw, 212px\" \/><\/a><figcaption id=\"caption-attachment-3124\" class=\"wp-caption-text\">Celebrar: Todos somos sacristanes<\/figcaption><\/figure><\/th>\n<\/tr>\n<\/thead>\n<tbody class=\"row-hover\">\n<tr class=\"row-2 even\">\n\t<td class=\"column-1\"><figure id=\"attachment_3114\" aria-describedby=\"caption-attachment-3114\" style=\"width: 212px\" class=\"wp-caption alignnone\"><a href=\"https:\/\/www.cpl.es\/galilea\/wp-content\/uploads\/2024\/05\/50-propostes.pdf\"><img loading=\"lazy\" decoding=\"async\" src=\"https:\/\/www.cpl.es\/galilea\/wp-content\/uploads\/2024\/05\/50propuestas-212x300.jpg\" alt=\"\" width=\"212\" height=\"300\" class=\"size-medium wp-image-3114\" srcset=\"https:\/\/www.cpl.es\/galilea\/wp-content\/uploads\/2024\/05\/50propuestas-212x300.jpg 212w, https:\/\/www.cpl.es\/galilea\/wp-content\/uploads\/2024\/05\/50propuestas-8x12.jpg 8w, https:\/\/www.cpl.es\/galilea\/wp-content\/uploads\/2024\/05\/50propuestas.jpg 261w\" sizes=\"(max-width: 212px) 85vw, 212px\" \/><\/a><figcaption id=\"caption-attachment-3114\" class=\"wp-caption-text\">Celebrar: Vida i celebraci\u00f3. 50 propostes<\/figcaption><\/figure><\/td><td class=\"column-2\"><figure id=\"attachment_3122\" aria-describedby=\"caption-attachment-3122\" style=\"width: 190px\" class=\"wp-caption alignnone\"><a href=\"https:\/\/www.cpl.es\/galilea\/wp-content\/uploads\/2024\/05\/MiradaEclesiaOberta.pdf\"><img loading=\"lazy\" decoding=\"async\" src=\"https:\/\/www.cpl.es\/galilea\/wp-content\/uploads\/2024\/05\/MiradaEclesialAbierta-190x300.jpg\" alt=\"\" width=\"190\" height=\"300\" class=\"size-medium wp-image-3122\" srcset=\"https:\/\/www.cpl.es\/galilea\/wp-content\/uploads\/2024\/05\/MiradaEclesialAbierta-190x300.jpg 190w, https:\/\/www.cpl.es\/galilea\/wp-content\/uploads\/2024\/05\/MiradaEclesialAbierta-8x12.jpg 8w, https:\/\/www.cpl.es\/galilea\/wp-content\/uploads\/2024\/05\/MiradaEclesialAbierta.jpg 234w\" sizes=\"(max-width: 190px) 85vw, 190px\" \/><\/a><figcaption id=\"caption-attachment-3122\" class=\"wp-caption-text\">Ema\u00fas: Una mirada eclesial oberta<\/figcaption><\/figure><\/td>\n<\/tr>\n<tr class=\"row-3 odd\">\n\t<td class=\"column-1\"><figure id=\"attachment_3119\" aria-describedby=\"caption-attachment-3119\" style=\"width: 214px\" class=\"wp-caption alignnone\"><a href=\"https:\/\/www.cpl.es\/galilea\/wp-content\/uploads\/2024\/05\/MD-articles.pdf\"><img loading=\"lazy\" decoding=\"async\" src=\"https:\/\/www.cpl.es\/galilea\/wp-content\/uploads\/2024\/05\/MD-articulos-214x300.jpg\" alt=\"\" width=\"214\" height=\"300\" class=\"size-medium wp-image-3119\" srcset=\"https:\/\/www.cpl.es\/galilea\/wp-content\/uploads\/2024\/05\/MD-articulos-214x300.jpg 214w, https:\/\/www.cpl.es\/galilea\/wp-content\/uploads\/2024\/05\/MD-articulos-9x12.jpg 9w, https:\/\/www.cpl.es\/galilea\/wp-content\/uploads\/2024\/05\/MD-articulos.jpg 264w\" sizes=\"(max-width: 214px) 85vw, 214px\" \/><\/a><figcaption id=\"caption-attachment-3119\" class=\"wp-caption-text\">Articles \"Misa Dominical\" sobre tecnologies de la comunicaci\u00f3 en la celebraci\u00f3<\/figcaption><\/figure><\/td><td class=\"column-2\"><figure id=\"attachment_3152\" aria-describedby=\"caption-attachment-3152\" style=\"width: 212px\" class=\"wp-caption alignnone\"><a href=\"https:\/\/www.cpl.es\/galilea\/wp-content\/uploads\/2024\/05\/lectures-GL37cat.pdf\"><img loading=\"lazy\" decoding=\"async\" src=\"https:\/\/www.cpl.es\/galilea\/wp-content\/uploads\/2024\/05\/lecturas-GL37cast-212x300.jpg\" alt=\"\" width=\"212\" height=\"300\" class=\"size-medium wp-image-3152\" srcset=\"https:\/\/www.cpl.es\/galilea\/wp-content\/uploads\/2024\/05\/lecturas-GL37cast-212x300.jpg 212w, https:\/\/www.cpl.es\/galilea\/wp-content\/uploads\/2024\/05\/lecturas-GL37cast-8x12.jpg 8w, https:\/\/www.cpl.es\/galilea\/wp-content\/uploads\/2024\/05\/lecturas-GL37cast.jpg 261w\" sizes=\"(max-width: 212px) 85vw, 212px\" \/><\/a><figcaption id=\"caption-attachment-3152\" class=\"wp-caption-text\">Explicaci\u00f3 b\u00edblica de les lectures 37<\/figcaption><\/figure><\/td>\n<\/tr>\n<tr class=\"row-4 even\">\n\t<td class=\"column-1\"><figure id=\"attachment_3163\" aria-describedby=\"caption-attachment-3163\" style=\"width: 207px\" class=\"wp-caption alignnone\"><a href=\"https:\/\/www.cpl.es\/galilea\/wp-content\/uploads\/2024\/05\/CEE-Retransmision-Eucaristia.pdf\"><img loading=\"lazy\" decoding=\"async\" src=\"https:\/\/www.cpl.es\/galilea\/wp-content\/uploads\/2024\/05\/CEE-Retransmision-Eucaristia-207x300.jpg\" alt=\"\" width=\"207\" height=\"300\" class=\"size-medium wp-image-3163\" srcset=\"https:\/\/www.cpl.es\/galilea\/wp-content\/uploads\/2024\/05\/CEE-Retransmision-Eucaristia-207x300.jpg 207w, https:\/\/www.cpl.es\/galilea\/wp-content\/uploads\/2024\/05\/CEE-Retransmision-Eucaristia-8x12.jpg 8w, https:\/\/www.cpl.es\/galilea\/wp-content\/uploads\/2024\/05\/CEE-Retransmision-Eucaristia.jpg 255w\" sizes=\"(max-width: 207px) 85vw, 207px\" \/><\/a><figcaption id=\"caption-attachment-3163\" class=\"wp-caption-text\">CEE Orientaciones para la retransmisi\u00f3n de la celebraci\u00f3n de la Eucarist\u00eda<\/figcaption><\/figure><\/td><td class=\"column-2\"><\/td>\n<\/tr>\n<\/tbody>\n<\/table>\n<!-- #tablepress-45 from cache -->","protected":false},"excerpt":{"rendered":"<p>El n\u00famero 37 de la revista Galilea.153 mayo-junio 2024: \u00abTecnolog\u00eda y misterio\u00bb. Aqu\u00ed te ofrecemos contenidos publicados por el Centre de Pastoral Lit\u00fargica sobre este tema que te pueden interesar:<\/p>","protected":false},"author":1,"featured_media":0,"parent":0,"menu_order":0,"comment_status":"closed","ping_status":"closed","template":"","meta":{"footnotes":""},"class_list":["post-3129","page","type-page","status-publish","hentry"],"yoast_head":"<!-- This site is optimized with the Yoast SEO plugin v23.5 - https:\/\/yoast.com\/wordpress\/plugins\/seo\/ -->\n<title>Materiales con el n\u00fam. 37 de Galilea.153<\/title>\n<meta name=\"description\" content=\"Aqu\u00ed te ofrecemos contenidos de tecnolog\u00eda y misterio publicados por el Centre de Pastoral Lit\u00fargica sobre que te pueden interesar.\" \/>\n<meta name=\"robots\" content=\"index, follow, max-snippet:-1, max-image-preview:large, max-video-preview:-1\" \/>\n<link rel=\"canonical\" href=\"https:\/\/www.cpl.es\/galilea\/ca\/materiales-con-el-num-37-de-galilea-153\/\" \/>\n<meta property=\"og:locale\" content=\"ca_ES\" \/>\n<meta property=\"og:type\" content=\"article\" \/>\n<meta property=\"og:title\" content=\"Materiales con el n\u00fam. 37 de Galilea.153\" \/>\n<meta property=\"og:description\" content=\"Aqu\u00ed te ofrecemos contenidos de tecnolog\u00eda y misterio publicados por el Centre de Pastoral Lit\u00fargica sobre que te pueden interesar.\" \/>\n<meta property=\"og:url\" content=\"https:\/\/www.cpl.es\/galilea\/ca\/materiales-con-el-num-37-de-galilea-153\/\" \/>\n<meta property=\"og:site_name\" content=\"Galilea.153\" \/>\n<meta property=\"article:publisher\" content=\"https:\/\/www.facebook.com\/CPLeditorial\" \/>\n<meta property=\"article:modified_time\" content=\"2024-05-06T08:27:30+00:00\" \/>\n<meta name=\"twitter:card\" content=\"summary_large_image\" \/>\n<meta name=\"twitter:site\" content=\"@CPLeditorial\" \/>\n<meta name=\"twitter:label1\" content=\"Temps estimat de lectura\" \/>\n\t<meta name=\"twitter:data1\" content=\"1 minut\" \/>\n<script type=\"application\/ld+json\" class=\"yoast-schema-graph\">{\"@context\":\"https:\/\/schema.org\",\"@graph\":[{\"@type\":\"WebPage\",\"@id\":\"https:\/\/www.cpl.es\/galilea\/ca\/materiales-con-el-num-37-de-galilea-153\/\",\"url\":\"https:\/\/www.cpl.es\/galilea\/ca\/materiales-con-el-num-37-de-galilea-153\/\",\"name\":\"Materiales con el n\u00fam. 37 de Galilea.153\",\"isPartOf\":{\"@id\":\"https:\/\/www.cpl.es\/galilea\/#website\"},\"datePublished\":\"2024-05-06T08:27:27+00:00\",\"dateModified\":\"2024-05-06T08:27:30+00:00\",\"description\":\"Aqu\u00ed te ofrecemos contenidos de tecnolog\u00eda y misterio publicados por el Centre de Pastoral Lit\u00fargica sobre que te pueden interesar.\",\"breadcrumb\":{\"@id\":\"https:\/\/www.cpl.es\/galilea\/ca\/materiales-con-el-num-37-de-galilea-153\/#breadcrumb\"},\"inLanguage\":\"ca\",\"potentialAction\":[{\"@type\":\"ReadAction\",\"target\":[\"https:\/\/www.cpl.es\/galilea\/ca\/materiales-con-el-num-37-de-galilea-153\/\"]}]},{\"@type\":\"BreadcrumbList\",\"@id\":\"https:\/\/www.cpl.es\/galilea\/ca\/materiales-con-el-num-37-de-galilea-153\/#breadcrumb\",\"itemListElement\":[{\"@type\":\"ListItem\",\"position\":1,\"name\":\"Home\",\"item\":\"https:\/\/www.cpl.es\/galilea\/\"},{\"@type\":\"ListItem\",\"position\":2,\"name\":\"Materiales con el n\u00fam. 37 de Galilea.153\"}]},{\"@type\":\"WebSite\",\"@id\":\"https:\/\/www.cpl.es\/galilea\/#website\",\"url\":\"https:\/\/www.cpl.es\/galilea\/\",\"name\":\"Galilea.153\",\"description\":\"Liturgia, pastoral, vida cristiana\",\"publisher\":{\"@id\":\"https:\/\/www.cpl.es\/galilea\/#organization\"},\"potentialAction\":[{\"@type\":\"SearchAction\",\"target\":{\"@type\":\"EntryPoint\",\"urlTemplate\":\"https:\/\/www.cpl.es\/galilea\/?s={search_term_string}\"},\"query-input\":{\"@type\":\"PropertyValueSpecification\",\"valueRequired\":true,\"valueName\":\"search_term_string\"}}],\"inLanguage\":\"ca\"},{\"@type\":\"Organization\",\"@id\":\"https:\/\/www.cpl.es\/galilea\/#organization\",\"name\":\"Centre de Pastoral Lit\u00fargica\",\"url\":\"https:\/\/www.cpl.es\/galilea\/\",\"logo\":{\"@type\":\"ImageObject\",\"inLanguage\":\"ca\",\"@id\":\"https:\/\/www.cpl.es\/galilea\/#\/schema\/logo\/image\/\",\"url\":\"https:\/\/i0.wp.com\/ivory-newt-719188.hostingersite.com\/wp-content\/uploads\/2022\/10\/perfil-xarxes-400x400-1.jpg?fit=400%2C400&ssl=1\",\"contentUrl\":\"https:\/\/i0.wp.com\/ivory-newt-719188.hostingersite.com\/wp-content\/uploads\/2022\/10\/perfil-xarxes-400x400-1.jpg?fit=400%2C400&ssl=1\",\"width\":400,\"height\":400,\"caption\":\"Centre de Pastoral Lit\u00fargica\"},\"image\":{\"@id\":\"https:\/\/www.cpl.es\/galilea\/#\/schema\/logo\/image\/\"},\"sameAs\":[\"https:\/\/www.facebook.com\/CPLeditorial\",\"https:\/\/x.com\/CPLeditorial\",\"https:\/\/www.instagram.com\/cpleditorial\/\",\"https:\/\/www.youtube.com\/c\/CentredePastoralLitrgicaCPL\"]}]}<\/script>\n<!-- \/ Yoast SEO plugin. -->","yoast_head_json":{"title":"Materiales con el n\u00fam. 37 de Galilea.153","description":"Aqu\u00ed te ofrecemos contenidos de tecnolog\u00eda y misterio publicados por el Centre de Pastoral Lit\u00fargica sobre que te pueden interesar.","robots":{"index":"index","follow":"follow","max-snippet":"max-snippet:-1","max-image-preview":"max-image-preview:large","max-video-preview":"max-video-preview:-1"},"canonical":"https:\/\/www.cpl.es\/galilea\/ca\/materiales-con-el-num-37-de-galilea-153\/","og_locale":"ca_ES","og_type":"article","og_title":"Materiales con el n\u00fam. 37 de Galilea.153","og_description":"Aqu\u00ed te ofrecemos contenidos de tecnolog\u00eda y misterio publicados por el Centre de Pastoral Lit\u00fargica sobre que te pueden interesar.","og_url":"https:\/\/www.cpl.es\/galilea\/ca\/materiales-con-el-num-37-de-galilea-153\/","og_site_name":"Galilea.153","article_publisher":"https:\/\/www.facebook.com\/CPLeditorial","article_modified_time":"2024-05-06T08:27:30+00:00","twitter_card":"summary_large_image","twitter_site":"@CPLeditorial","twitter_misc":{"Temps estimat de lectura":"1 minut"},"schema":{"@context":"https:\/\/schema.org","@graph":[{"@type":"WebPage","@id":"https:\/\/www.cpl.es\/galilea\/ca\/materiales-con-el-num-37-de-galilea-153\/","url":"https:\/\/www.cpl.es\/galilea\/ca\/materiales-con-el-num-37-de-galilea-153\/","name":"Materiales con el n\u00fam. 37 de Galilea.153","isPartOf":{"@id":"https:\/\/www.cpl.es\/galilea\/#website"},"datePublished":"2024-05-06T08:27:27+00:00","dateModified":"2024-05-06T08:27:30+00:00","description":"Aqu\u00ed te ofrecemos contenidos de tecnolog\u00eda y misterio publicados por el Centre de Pastoral Lit\u00fargica sobre que te pueden interesar.","breadcrumb":{"@id":"https:\/\/www.cpl.es\/galilea\/ca\/materiales-con-el-num-37-de-galilea-153\/#breadcrumb"},"inLanguage":"ca","potentialAction":[{"@type":"ReadAction","target":["https:\/\/www.cpl.es\/galilea\/ca\/materiales-con-el-num-37-de-galilea-153\/"]}]},{"@type":"BreadcrumbList","@id":"https:\/\/www.cpl.es\/galilea\/ca\/materiales-con-el-num-37-de-galilea-153\/#breadcrumb","itemListElement":[{"@type":"ListItem","position":1,"name":"Home","item":"https:\/\/www.cpl.es\/galilea\/"},{"@type":"ListItem","position":2,"name":"Materiales con el n\u00fam. 37 de Galilea.153"}]},{"@type":"WebSite","@id":"https:\/\/www.cpl.es\/galilea\/#website","url":"https:\/\/www.cpl.es\/galilea\/","name":"Galilea.153","description":"Liturgia, pastoral, vida cristiana","publisher":{"@id":"https:\/\/www.cpl.es\/galilea\/#organization"},"potentialAction":[{"@type":"SearchAction","target":{"@type":"EntryPoint","urlTemplate":"https:\/\/www.cpl.es\/galilea\/?s={search_term_string}"},"query-input":{"@type":"PropertyValueSpecification","valueRequired":true,"valueName":"search_term_string"}}],"inLanguage":"ca"},{"@type":"Organization","@id":"https:\/\/www.cpl.es\/galilea\/#organization","name":"Centre de Pastoral Lit\u00fargica","url":"https:\/\/www.cpl.es\/galilea\/","logo":{"@type":"ImageObject","inLanguage":"ca","@id":"https:\/\/www.cpl.es\/galilea\/#\/schema\/logo\/image\/","url":"https:\/\/i0.wp.com\/ivory-newt-719188.hostingersite.com\/wp-content\/uploads\/2022\/10\/perfil-xarxes-400x400-1.jpg?fit=400%2C400&ssl=1","contentUrl":"https:\/\/i0.wp.com\/ivory-newt-719188.hostingersite.com\/wp-content\/uploads\/2022\/10\/perfil-xarxes-400x400-1.jpg?fit=400%2C400&ssl=1","width":400,"height":400,"caption":"Centre de Pastoral Lit\u00fargica"},"image":{"@id":"https:\/\/www.cpl.es\/galilea\/#\/schema\/logo\/image\/"},"sameAs":["https:\/\/www.facebook.com\/CPLeditorial","https:\/\/x.com\/CPLeditorial","https:\/\/www.instagram.com\/cpleditorial\/","https:\/\/www.youtube.com\/c\/CentredePastoralLitrgicaCPL"]}]}},"_links":{"self":[{"href":"https:\/\/www.cpl.es\/galilea\/ca\/wp-json\/wp\/v2\/pages\/3129"}],"collection":[{"href":"https:\/\/www.cpl.es\/galilea\/ca\/wp-json\/wp\/v2\/pages"}],"about":[{"href":"https:\/\/www.cpl.es\/galilea\/ca\/wp-json\/wp\/v2\/types\/page"}],"author":[{"embeddable":true,"href":"https:\/\/www.cpl.es\/galilea\/ca\/wp-json\/wp\/v2\/users\/1"}],"replies":[{"embeddable":true,"href":"https:\/\/www.cpl.es\/galilea\/ca\/wp-json\/wp\/v2\/comments?post=3129"}],"version-history":[{"count":1,"href":"https:\/\/www.cpl.es\/galilea\/ca\/wp-json\/wp\/v2\/pages\/3129\/revisions"}],"predecessor-version":[{"id":3130,"href":"https:\/\/www.cpl.es\/galilea\/ca\/wp-json\/wp\/v2\/pages\/3129\/revisions\/3130"}],"wp:attachment":[{"href":"https:\/\/www.cpl.es\/galilea\/ca\/wp-json\/wp\/v2\/media?parent=3129"}],"curies":[{"name":"wp","href":"https:\/\/api.w.org\/{rel}","templated":true}]}}