{"id":2687,"date":"2023-07-12T17:07:17","date_gmt":"2023-07-12T15:07:17","guid":{"rendered":"http:\/\/ivory-newt-719188.hostingersite.com\/?page_id=2687"},"modified":"2023-07-12T17:07:20","modified_gmt":"2023-07-12T15:07:20","slug":"hojas-verdes-mdde-tematica-conversion-ecologica","status":"publish","type":"page","link":"https:\/\/www.cpl.es\/galilea\/ca\/hojas-verdes-mdde-tematica-conversion-ecologica\/","title":{"rendered":"Fulls verds MD<br>de tem\u00e0tica conversi\u00f3 ecol\u00f2gica"},"content":{"rendered":"<p>La revista Missa Dominical edita els Fulls Verds com a material per ser utilitzat per comunitats parroquials y grups eclesials com a recurs per a la preg\u00e0ria, la reflexi\u00f3 i el coneixement cristi\u00e0.<\/p>\n\n\n\n<table id=\"tablepress-39\" class=\"tablepress tablepress-id-39\">\n<thead>\n<tr class=\"row-1 odd\">\n\t<th class=\"column-1\"><figure id=\"attachment_2643\" aria-describedby=\"caption-attachment-2643\" style=\"width: 214px\" class=\"wp-caption alignnone\"><a href=\"http:\/\/ivory-newt-719188.hostingersite.com\/wp-content\/uploads\/2023\/07\/FV-pregaria-ecologica.pdf\"><img loading=\"lazy\" decoding=\"async\" src=\"http:\/\/ivory-newt-719188.hostingersite.com\/wp-content\/uploads\/2023\/07\/HV-oracion-ecologica-214x300.jpg\" alt=\"\" width=\"214\" height=\"300\" class=\"size-medium wp-image-2643\" srcset=\"https:\/\/www.cpl.es\/galilea\/wp-content\/uploads\/2023\/07\/HV-oracion-ecologica-214x300.jpg 214w, https:\/\/www.cpl.es\/galilea\/wp-content\/uploads\/2023\/07\/HV-oracion-ecologica-732x1024.jpg 732w, https:\/\/www.cpl.es\/galilea\/wp-content\/uploads\/2023\/07\/HV-oracion-ecologica-768x1075.jpg 768w, https:\/\/www.cpl.es\/galilea\/wp-content\/uploads\/2023\/07\/HV-oracion-ecologica-1097x1536.jpg 1097w, https:\/\/www.cpl.es\/galilea\/wp-content\/uploads\/2023\/07\/HV-oracion-ecologica-1463x2048.jpg 1463w, https:\/\/www.cpl.es\/galilea\/wp-content\/uploads\/2023\/07\/HV-oracion-ecologica-9x12.jpg 9w, https:\/\/www.cpl.es\/galilea\/wp-content\/uploads\/2023\/07\/HV-oracion-ecologica-1200x1679.jpg 1200w, https:\/\/www.cpl.es\/galilea\/wp-content\/uploads\/2023\/07\/HV-oracion-ecologica.jpg 1772w\" sizes=\"(max-width: 214px) 85vw, 214px\" \/><\/a><figcaption id=\"caption-attachment-2643\" class=\"wp-caption-text\">Full verd MD: Cam\u00ed de conversi\u00f3 ecol\u00f2gica<\/figcaption><\/figure><\/th><th class=\"column-2\"><figure id=\"attachment_2646\" aria-describedby=\"caption-attachment-2646\" style=\"width: 214px\" class=\"wp-caption alignnone\"><a href=\"http:\/\/ivory-newt-719188.hostingersite.com\/wp-content\/uploads\/2023\/07\/FV-parenostre-ecologic.pdf\"><img loading=\"lazy\" decoding=\"async\" src=\"http:\/\/ivory-newt-719188.hostingersite.com\/wp-content\/uploads\/2023\/07\/HV-padrenuestro-ecologico-214x300.jpg\" alt=\"\" width=\"214\" height=\"300\" class=\"size-medium wp-image-2646\" srcset=\"https:\/\/www.cpl.es\/galilea\/wp-content\/uploads\/2023\/07\/HV-padrenuestro-ecologico-214x300.jpg 214w, https:\/\/www.cpl.es\/galilea\/wp-content\/uploads\/2023\/07\/HV-padrenuestro-ecologico-732x1024.jpg 732w, https:\/\/www.cpl.es\/galilea\/wp-content\/uploads\/2023\/07\/HV-padrenuestro-ecologico-768x1075.jpg 768w, https:\/\/www.cpl.es\/galilea\/wp-content\/uploads\/2023\/07\/HV-padrenuestro-ecologico-1097x1536.jpg 1097w, https:\/\/www.cpl.es\/galilea\/wp-content\/uploads\/2023\/07\/HV-padrenuestro-ecologico-1463x2048.jpg 1463w, https:\/\/www.cpl.es\/galilea\/wp-content\/uploads\/2023\/07\/HV-padrenuestro-ecologico-9x12.jpg 9w, https:\/\/www.cpl.es\/galilea\/wp-content\/uploads\/2023\/07\/HV-padrenuestro-ecologico-1200x1679.jpg 1200w, https:\/\/www.cpl.es\/galilea\/wp-content\/uploads\/2023\/07\/HV-padrenuestro-ecologico.jpg 1772w\" sizes=\"(max-width: 214px) 85vw, 214px\" \/><\/a><figcaption id=\"caption-attachment-2646\" class=\"wp-caption-text\">Full verd MD: El Parenostre ens mena a la conversi\u00f3 ecol\u00f2gica integral<\/figcaption><\/figure><\/th>\n<\/tr>\n<\/thead>\n<tbody class=\"row-hover\">\n<tr class=\"row-2 even\">\n\t<td class=\"column-1\"><figure id=\"attachment_2644\" aria-describedby=\"caption-attachment-2644\" style=\"width: 214px\" class=\"wp-caption alignnone\"><a href=\"http:\/\/ivory-newt-719188.hostingersite.com\/wp-content\/uploads\/2023\/07\/FV-pregaria-pluja.pdf\"><img loading=\"lazy\" decoding=\"async\" src=\"http:\/\/ivory-newt-719188.hostingersite.com\/wp-content\/uploads\/2023\/07\/HV-oracion-lluvia-214x300.jpg\" alt=\"\" width=\"214\" height=\"300\" class=\"size-medium wp-image-2644\" srcset=\"https:\/\/www.cpl.es\/galilea\/wp-content\/uploads\/2023\/07\/HV-oracion-lluvia-214x300.jpg 214w, https:\/\/www.cpl.es\/galilea\/wp-content\/uploads\/2023\/07\/HV-oracion-lluvia-732x1024.jpg 732w, https:\/\/www.cpl.es\/galilea\/wp-content\/uploads\/2023\/07\/HV-oracion-lluvia-768x1075.jpg 768w, https:\/\/www.cpl.es\/galilea\/wp-content\/uploads\/2023\/07\/HV-oracion-lluvia-1097x1536.jpg 1097w, https:\/\/www.cpl.es\/galilea\/wp-content\/uploads\/2023\/07\/HV-oracion-lluvia-1463x2048.jpg 1463w, https:\/\/www.cpl.es\/galilea\/wp-content\/uploads\/2023\/07\/HV-oracion-lluvia-9x12.jpg 9w, https:\/\/www.cpl.es\/galilea\/wp-content\/uploads\/2023\/07\/HV-oracion-lluvia-1200x1679.jpg 1200w, https:\/\/www.cpl.es\/galilea\/wp-content\/uploads\/2023\/07\/HV-oracion-lluvia.jpg 1772w\" sizes=\"(max-width: 214px) 85vw, 214px\" \/><\/a><figcaption id=\"caption-attachment-2644\" class=\"wp-caption-text\">Full verd MD: Per demanar el do de la pluja<\/figcaption><\/figure><\/td><td class=\"column-2\"><figure id=\"attachment_895\" aria-describedby=\"caption-attachment-895\" style=\"width: 264px\" class=\"wp-caption alignnone\"><a href=\"http:\/\/ivory-newt-719188.hostingersite.com\/wp-content\/uploads\/2023\/07\/Full-cantic-criatures.pdf\"><img loading=\"lazy\" decoding=\"async\" src=\"http:\/\/ivory-newt-719188.hostingersite.com\/wp-content\/uploads\/2019\/05\/cantico-criaturas-e1559303588790.jpg\" alt=\"\" width=\"214\" height=\"300\" class=\"size-full wp-image-895\" \/><\/a><figcaption id=\"caption-attachment-895\" class=\"wp-caption-text\">Full verd MD: Pregar per la cura de la creaci\u00f3<\/figcaption><\/figure><\/td>\n<\/tr>\n<tr class=\"row-3 odd\">\n\t<td class=\"column-1\"><figure id=\"attachment_288\" aria-describedby=\"caption-attachment-288\" style=\"width: 214px\" class=\"wp-caption alignnone\"><a href=\"http:\/\/ivory-newt-719188.hostingersite.com\/wp-content\/uploads\/2023\/07\/Full-laudato-si.pdf\"><img loading=\"lazy\" decoding=\"async\" src=\"http:\/\/ivory-newt-719188.hostingersite.com\/wp-content\/uploads\/2018\/05\/Francisco-Laudato-si-214x300.jpg\" alt=\"\" width=\"214\" height=\"300\" class=\"size-medium wp-image-288\" \/><\/a><figcaption id=\"caption-attachment-288\" class=\"wp-caption-text\">Hoja verde MD: Laudato si&#8217; (\u00a1Alabado seas!). Pistas para una reflexi\u00f3n personal o en grupo<\/figcaption><\/figure><\/td><td class=\"column-2\"><\/td>\n<\/tr>\n<\/tbody>\n<\/table>\n<!-- #tablepress-39 from cache -->","protected":false},"excerpt":{"rendered":"<p>La revista Missa Dominical edita els Fulls Verds com a material per ser utilitzat per comunitats parroquials y grups eclesials com a recurs per a la preg\u00e0ria, la reflexi\u00f3 i el coneixement cristi\u00e0.<\/p>","protected":false},"author":1,"featured_media":0,"parent":0,"menu_order":0,"comment_status":"closed","ping_status":"closed","template":"","meta":{"footnotes":""},"class_list":["post-2687","page","type-page","status-publish","hentry"],"yoast_head":"<!-- This site is optimized with the Yoast SEO plugin v23.5 - https:\/\/yoast.com\/wordpress\/plugins\/seo\/ -->\n<title>Hojas verdes MDde tem\u00e1tica conversi\u00f3n ecol\u00f3gica - Galilea.153<\/title>\n<meta name=\"robots\" content=\"index, follow, max-snippet:-1, max-image-preview:large, max-video-preview:-1\" \/>\n<link rel=\"canonical\" href=\"https:\/\/www.cpl.es\/galilea\/ca\/hojas-verdes-mdde-tematica-conversion-ecologica\/\" \/>\n<meta property=\"og:locale\" content=\"ca_ES\" \/>\n<meta property=\"og:type\" content=\"article\" \/>\n<meta property=\"og:title\" content=\"Hojas verdes MDde tem\u00e1tica conversi\u00f3n ecol\u00f3gica - Galilea.153\" \/>\n<meta property=\"og:description\" content=\"La revista Misa Dominical edita las Hojas verdes como material para ser utilizado por comunidades parroquiales y grupos eclesiales como recurso para la oraci\u00f3n, la reflexi\u00f3n y el conocimiento cristiano.\" \/>\n<meta property=\"og:url\" content=\"https:\/\/www.cpl.es\/galilea\/ca\/hojas-verdes-mdde-tematica-conversion-ecologica\/\" \/>\n<meta property=\"og:site_name\" content=\"Galilea.153\" \/>\n<meta property=\"article:publisher\" content=\"https:\/\/www.facebook.com\/CPLeditorial\" \/>\n<meta property=\"article:modified_time\" content=\"2023-07-12T15:07:20+00:00\" \/>\n<meta name=\"twitter:card\" content=\"summary_large_image\" \/>\n<meta name=\"twitter:site\" content=\"@CPLeditorial\" \/>\n<meta name=\"twitter:label1\" content=\"Temps estimat de lectura\" \/>\n\t<meta name=\"twitter:data1\" content=\"1 minut\" \/>\n<script type=\"application\/ld+json\" class=\"yoast-schema-graph\">{\"@context\":\"https:\/\/schema.org\",\"@graph\":[{\"@type\":\"WebPage\",\"@id\":\"https:\/\/www.cpl.es\/galilea\/hojas-verdes-mdde-tematica-conversion-ecologica\/\",\"url\":\"https:\/\/www.cpl.es\/galilea\/hojas-verdes-mdde-tematica-conversion-ecologica\/\",\"name\":\"Hojas verdes MD de tem\u00e1tica conversi\u00f3n ecol\u00f3gica - Galilea.153\",\"isPartOf\":{\"@id\":\"https:\/\/www.cpl.es\/galilea\/#website\"},\"datePublished\":\"2023-07-12T15:07:17+00:00\",\"dateModified\":\"2023-07-12T15:07:20+00:00\",\"breadcrumb\":{\"@id\":\"https:\/\/www.cpl.es\/galilea\/hojas-verdes-mdde-tematica-conversion-ecologica\/#breadcrumb\"},\"inLanguage\":\"ca\",\"potentialAction\":[{\"@type\":\"ReadAction\",\"target\":[\"https:\/\/www.cpl.es\/galilea\/hojas-verdes-mdde-tematica-conversion-ecologica\/\"]}]},{\"@type\":\"BreadcrumbList\",\"@id\":\"https:\/\/www.cpl.es\/galilea\/hojas-verdes-mdde-tematica-conversion-ecologica\/#breadcrumb\",\"itemListElement\":[{\"@type\":\"ListItem\",\"position\":1,\"name\":\"Home\",\"item\":\"https:\/\/www.cpl.es\/galilea\/\"},{\"@type\":\"ListItem\",\"position\":2,\"name\":\"Hojas verdes MDde tem\u00e1tica conversi\u00f3n ecol\u00f3gica\"}]},{\"@type\":\"WebSite\",\"@id\":\"https:\/\/www.cpl.es\/galilea\/#website\",\"url\":\"https:\/\/www.cpl.es\/galilea\/\",\"name\":\"Galilea.153\",\"description\":\"Liturgia, pastoral, vida cristiana\",\"publisher\":{\"@id\":\"https:\/\/www.cpl.es\/galilea\/#organization\"},\"potentialAction\":[{\"@type\":\"SearchAction\",\"target\":{\"@type\":\"EntryPoint\",\"urlTemplate\":\"https:\/\/www.cpl.es\/galilea\/?s={search_term_string}\"},\"query-input\":{\"@type\":\"PropertyValueSpecification\",\"valueRequired\":true,\"valueName\":\"search_term_string\"}}],\"inLanguage\":\"ca\"},{\"@type\":\"Organization\",\"@id\":\"https:\/\/www.cpl.es\/galilea\/#organization\",\"name\":\"Centre de Pastoral Lit\u00fargica\",\"url\":\"https:\/\/www.cpl.es\/galilea\/\",\"logo\":{\"@type\":\"ImageObject\",\"inLanguage\":\"ca\",\"@id\":\"https:\/\/www.cpl.es\/galilea\/#\/schema\/logo\/image\/\",\"url\":\"https:\/\/i0.wp.com\/ivory-newt-719188.hostingersite.com\/wp-content\/uploads\/2022\/10\/perfil-xarxes-400x400-1.jpg?fit=400%2C400&ssl=1\",\"contentUrl\":\"https:\/\/i0.wp.com\/ivory-newt-719188.hostingersite.com\/wp-content\/uploads\/2022\/10\/perfil-xarxes-400x400-1.jpg?fit=400%2C400&ssl=1\",\"width\":400,\"height\":400,\"caption\":\"Centre de Pastoral Lit\u00fargica\"},\"image\":{\"@id\":\"https:\/\/www.cpl.es\/galilea\/#\/schema\/logo\/image\/\"},\"sameAs\":[\"https:\/\/www.facebook.com\/CPLeditorial\",\"https:\/\/x.com\/CPLeditorial\",\"https:\/\/www.instagram.com\/cpleditorial\/\",\"https:\/\/www.youtube.com\/c\/CentredePastoralLitrgicaCPL\"]}]}<\/script>\n<!-- \/ Yoast SEO plugin. -->","yoast_head_json":{"title":"Hojas verdes MDde tem\u00e1tica conversi\u00f3n ecol\u00f3gica - Galilea.153","robots":{"index":"index","follow":"follow","max-snippet":"max-snippet:-1","max-image-preview":"max-image-preview:large","max-video-preview":"max-video-preview:-1"},"canonical":"https:\/\/www.cpl.es\/galilea\/ca\/hojas-verdes-mdde-tematica-conversion-ecologica\/","og_locale":"ca_ES","og_type":"article","og_title":"Hojas verdes MDde tem\u00e1tica conversi\u00f3n ecol\u00f3gica - Galilea.153","og_description":"La revista Misa Dominical edita las Hojas verdes como material para ser utilizado por comunidades parroquiales y grupos eclesiales como recurso para la oraci\u00f3n, la reflexi\u00f3n y el conocimiento cristiano.","og_url":"https:\/\/www.cpl.es\/galilea\/ca\/hojas-verdes-mdde-tematica-conversion-ecologica\/","og_site_name":"Galilea.153","article_publisher":"https:\/\/www.facebook.com\/CPLeditorial","article_modified_time":"2023-07-12T15:07:20+00:00","twitter_card":"summary_large_image","twitter_site":"@CPLeditorial","twitter_misc":{"Temps estimat de lectura":"1 minut"},"schema":{"@context":"https:\/\/schema.org","@graph":[{"@type":"WebPage","@id":"https:\/\/www.cpl.es\/galilea\/hojas-verdes-mdde-tematica-conversion-ecologica\/","url":"https:\/\/www.cpl.es\/galilea\/hojas-verdes-mdde-tematica-conversion-ecologica\/","name":"Hojas verdes MD de tem\u00e1tica conversi\u00f3n ecol\u00f3gica - Galilea.153","isPartOf":{"@id":"https:\/\/www.cpl.es\/galilea\/#website"},"datePublished":"2023-07-12T15:07:17+00:00","dateModified":"2023-07-12T15:07:20+00:00","breadcrumb":{"@id":"https:\/\/www.cpl.es\/galilea\/hojas-verdes-mdde-tematica-conversion-ecologica\/#breadcrumb"},"inLanguage":"ca","potentialAction":[{"@type":"ReadAction","target":["https:\/\/www.cpl.es\/galilea\/hojas-verdes-mdde-tematica-conversion-ecologica\/"]}]},{"@type":"BreadcrumbList","@id":"https:\/\/www.cpl.es\/galilea\/hojas-verdes-mdde-tematica-conversion-ecologica\/#breadcrumb","itemListElement":[{"@type":"ListItem","position":1,"name":"Home","item":"https:\/\/www.cpl.es\/galilea\/"},{"@type":"ListItem","position":2,"name":"Hojas verdes MDde tem\u00e1tica conversi\u00f3n ecol\u00f3gica"}]},{"@type":"WebSite","@id":"https:\/\/www.cpl.es\/galilea\/#website","url":"https:\/\/www.cpl.es\/galilea\/","name":"Galilea.153","description":"Liturgia, pastoral, vida cristiana","publisher":{"@id":"https:\/\/www.cpl.es\/galilea\/#organization"},"potentialAction":[{"@type":"SearchAction","target":{"@type":"EntryPoint","urlTemplate":"https:\/\/www.cpl.es\/galilea\/?s={search_term_string}"},"query-input":{"@type":"PropertyValueSpecification","valueRequired":true,"valueName":"search_term_string"}}],"inLanguage":"ca"},{"@type":"Organization","@id":"https:\/\/www.cpl.es\/galilea\/#organization","name":"Centre de Pastoral Lit\u00fargica","url":"https:\/\/www.cpl.es\/galilea\/","logo":{"@type":"ImageObject","inLanguage":"ca","@id":"https:\/\/www.cpl.es\/galilea\/#\/schema\/logo\/image\/","url":"https:\/\/i0.wp.com\/ivory-newt-719188.hostingersite.com\/wp-content\/uploads\/2022\/10\/perfil-xarxes-400x400-1.jpg?fit=400%2C400&ssl=1","contentUrl":"https:\/\/i0.wp.com\/ivory-newt-719188.hostingersite.com\/wp-content\/uploads\/2022\/10\/perfil-xarxes-400x400-1.jpg?fit=400%2C400&ssl=1","width":400,"height":400,"caption":"Centre de Pastoral Lit\u00fargica"},"image":{"@id":"https:\/\/www.cpl.es\/galilea\/#\/schema\/logo\/image\/"},"sameAs":["https:\/\/www.facebook.com\/CPLeditorial","https:\/\/x.com\/CPLeditorial","https:\/\/www.instagram.com\/cpleditorial\/","https:\/\/www.youtube.com\/c\/CentredePastoralLitrgicaCPL"]}]}},"_links":{"self":[{"href":"https:\/\/www.cpl.es\/galilea\/ca\/wp-json\/wp\/v2\/pages\/2687"}],"collection":[{"href":"https:\/\/www.cpl.es\/galilea\/ca\/wp-json\/wp\/v2\/pages"}],"about":[{"href":"https:\/\/www.cpl.es\/galilea\/ca\/wp-json\/wp\/v2\/types\/page"}],"author":[{"embeddable":true,"href":"https:\/\/www.cpl.es\/galilea\/ca\/wp-json\/wp\/v2\/users\/1"}],"replies":[{"embeddable":true,"href":"https:\/\/www.cpl.es\/galilea\/ca\/wp-json\/wp\/v2\/comments?post=2687"}],"version-history":[{"count":1,"href":"https:\/\/www.cpl.es\/galilea\/ca\/wp-json\/wp\/v2\/pages\/2687\/revisions"}],"predecessor-version":[{"id":2688,"href":"https:\/\/www.cpl.es\/galilea\/ca\/wp-json\/wp\/v2\/pages\/2687\/revisions\/2688"}],"wp:attachment":[{"href":"https:\/\/www.cpl.es\/galilea\/ca\/wp-json\/wp\/v2\/media?parent=2687"}],"curies":[{"name":"wp","href":"https:\/\/api.w.org\/{rel}","templated":true}]}}