{"id":2440,"date":"2023-02-22T19:02:16","date_gmt":"2023-02-22T17:02:16","guid":{"rendered":"https:\/\/ivory-newt-719188.hostingersite.com\/?page_id=2440"},"modified":"2023-02-22T19:40:10","modified_gmt":"2023-02-22T17:40:10","slug":"materiales-con-el-num-29-de-galilea-153","status":"publish","type":"page","link":"https:\/\/www.cpl.es\/galilea\/ca\/materiales-con-el-num-29-de-galilea-153\/","title":{"rendered":"Materials amb el n\u00fam. 29 de Galilea.153"},"content":{"rendered":"<p>El n\u00famero 29 de la revista Galilea.153 gener-febrer 2023 tractem i reflexionem sobre els avis i gent gran transmissors de la fe.<\/p>\n\n\n\n<p>Aqu\u00ed us oferim continguts de publicacions del Centre de Pastoral Lit\u00fargica sobre el tema que et poden interessar:<\/p>\n\n\n\n\n<table id=\"tablepress-35\" class=\"tablepress tablepress-id-35\">\n<thead>\n<tr class=\"row-1 odd\">\n\t<th class=\"column-1\"><figure id=\"attachment_2426\" aria-describedby=\"caption-attachment-2426\" style=\"width: 204px\" class=\"wp-caption alignnone\"><a href=\"http:\/\/ivory-newt-719188.hostingersite.com\/wp-content\/uploads\/2023\/02\/Anna-Joaquim.pdf\"><img loading=\"lazy\" decoding=\"async\" src=\"http:\/\/ivory-newt-719188.hostingersite.com\/wp-content\/uploads\/2023\/02\/Ana-Joaquin-204x300.jpg\" alt=\"\" width=\"204\" height=\"300\" class=\"size-medium wp-image-2426\" srcset=\"https:\/\/www.cpl.es\/galilea\/wp-content\/uploads\/2023\/02\/Ana-Joaquin-204x300.jpg 204w, https:\/\/www.cpl.es\/galilea\/wp-content\/uploads\/2023\/02\/Ana-Joaquin-8x12.jpg 8w, https:\/\/www.cpl.es\/galilea\/wp-content\/uploads\/2023\/02\/Ana-Joaquin.jpg 251w\" sizes=\"(max-width: 204px) 85vw, 204px\" \/><\/a><figcaption id=\"caption-attachment-2426\" class=\"wp-caption-text\">Sants i Santes: Santa Anna i Sant Joaquim<\/figcaption><\/figure><\/th><th class=\"column-2\"><figure id=\"attachment_2432\" aria-describedby=\"caption-attachment-2432\" style=\"width: 210px\" class=\"wp-caption alignnone\"><a href=\"http:\/\/ivory-newt-719188.hostingersite.com\/wp-content\/uploads\/2023\/02\/pregaries-gent-gran.pdf\"><img loading=\"lazy\" decoding=\"async\" src=\"http:\/\/ivory-newt-719188.hostingersite.com\/wp-content\/uploads\/2023\/02\/oraciones-tercera-edad-210x300.jpg\" alt=\"\" width=\"210\" height=\"300\" class=\"size-medium wp-image-2432\" srcset=\"https:\/\/www.cpl.es\/galilea\/wp-content\/uploads\/2023\/02\/oraciones-tercera-edad-210x300.jpg 210w, https:\/\/www.cpl.es\/galilea\/wp-content\/uploads\/2023\/02\/oraciones-tercera-edad-8x12.jpg 8w, https:\/\/www.cpl.es\/galilea\/wp-content\/uploads\/2023\/02\/oraciones-tercera-edad.jpg 259w\" sizes=\"(max-width: 210px) 85vw, 210px\" \/><\/a><figcaption id=\"caption-attachment-2432\" class=\"wp-caption-text\">Preg\u00e0ries per a la gent gran<\/figcaption><\/figure><\/th>\n<\/tr>\n<\/thead>\n<tbody class=\"row-hover\">\n<tr class=\"row-2 even\">\n\t<td class=\"column-1\"><figure id=\"attachment_2430\" aria-describedby=\"caption-attachment-2430\" style=\"width: 212px\" class=\"wp-caption alignnone\"><a href=\"http:\/\/ivory-newt-719188.hostingersite.com\/wp-content\/uploads\/2023\/02\/FV-trobada-gent-gran.pdf\"><img loading=\"lazy\" decoding=\"async\" src=\"http:\/\/ivory-newt-719188.hostingersite.com\/wp-content\/uploads\/2023\/02\/HV-encuentro-tercera-edad-212x300.jpg\" alt=\"\" width=\"212\" height=\"300\" class=\"size-medium wp-image-2430\" srcset=\"https:\/\/www.cpl.es\/galilea\/wp-content\/uploads\/2023\/02\/HV-encuentro-tercera-edad-212x300.jpg 212w, https:\/\/www.cpl.es\/galilea\/wp-content\/uploads\/2023\/02\/HV-encuentro-tercera-edad-8x12.jpg 8w, https:\/\/www.cpl.es\/galilea\/wp-content\/uploads\/2023\/02\/HV-encuentro-tercera-edad.jpg 261w\" sizes=\"(max-width: 212px) 85vw, 212px\" \/><\/a><figcaption id=\"caption-attachment-2430\" class=\"wp-caption-text\">Full verd MD: Pregr\u00e0ria en una trobada de la gent gran<\/figcaption><\/figure><\/td><td class=\"column-2\"><figure id=\"attachment_2436\" aria-describedby=\"caption-attachment-2436\" style=\"width: 161px\" class=\"wp-caption alignnone\"><a href=\"http:\/\/ivory-newt-719188.hostingersite.com\/wp-content\/uploads\/2023\/02\/paraboles-Jesus.pdf\"><img loading=\"lazy\" decoding=\"async\" src=\"http:\/\/ivory-newt-719188.hostingersite.com\/wp-content\/uploads\/2023\/02\/parabolas-Jesus-161x300.jpg\" alt=\"\" width=\"161\" height=\"300\" class=\"size-medium wp-image-2436\" srcset=\"https:\/\/www.cpl.es\/galilea\/wp-content\/uploads\/2023\/02\/parabolas-Jesus-161x300.jpg 161w, https:\/\/www.cpl.es\/galilea\/wp-content\/uploads\/2023\/02\/parabolas-Jesus-6x12.jpg 6w, https:\/\/www.cpl.es\/galilea\/wp-content\/uploads\/2023\/02\/parabolas-Jesus.jpg 198w\" sizes=\"(max-width: 161px) 85vw, 161px\" \/><\/a><figcaption id=\"caption-attachment-2436\" class=\"wp-caption-text\">Contes i par\u00e0boles de Jes\u00fas<\/figcaption><\/figure><\/td>\n<\/tr>\n<tr class=\"row-3 odd\">\n\t<td class=\"column-1\"><figure id=\"attachment_2428\" aria-describedby=\"caption-attachment-2428\" style=\"width: 217px\" class=\"wp-caption alignnone\"><a href=\"http:\/\/ivory-newt-719188.hostingersite.com\/wp-content\/uploads\/2023\/02\/Quaresma.pdf\"><img loading=\"lazy\" decoding=\"async\" src=\"http:\/\/ivory-newt-719188.hostingersite.com\/wp-content\/uploads\/2023\/02\/Cuaresma-217x300.jpg\" alt=\"\" width=\"217\" height=\"300\" class=\"size-medium wp-image-2428\" srcset=\"https:\/\/www.cpl.es\/galilea\/wp-content\/uploads\/2023\/02\/Cuaresma-217x300.jpg 217w, https:\/\/www.cpl.es\/galilea\/wp-content\/uploads\/2023\/02\/Cuaresma-9x12.jpg 9w, https:\/\/www.cpl.es\/galilea\/wp-content\/uploads\/2023\/02\/Cuaresma.jpg 268w\" sizes=\"(max-width: 217px) 85vw, 217px\" \/><\/a><figcaption id=\"caption-attachment-2428\" class=\"wp-caption-text\">Qu\u00e8 \u00e9s l'any lit\u00fargic: Quaresma<\/figcaption><\/figure><\/td><td class=\"column-2\"><figure id=\"attachment_2434\" aria-describedby=\"caption-attachment-2434\" style=\"width: 216px\" class=\"wp-caption alignnone\"><a href=\"http:\/\/ivory-newt-719188.hostingersite.com\/wp-content\/uploads\/2023\/02\/Paraula-celebrada-29.pdf\"><img loading=\"lazy\" decoding=\"async\" src=\"http:\/\/ivory-newt-719188.hostingersite.com\/wp-content\/uploads\/2023\/02\/Palabra-celebrada-29-216x300.jpg\" alt=\"\" width=\"216\" height=\"300\" class=\"size-medium wp-image-2434\" srcset=\"https:\/\/www.cpl.es\/galilea\/wp-content\/uploads\/2023\/02\/Palabra-celebrada-29-216x300.jpg 216w, https:\/\/www.cpl.es\/galilea\/wp-content\/uploads\/2023\/02\/Palabra-celebrada-29-9x12.jpg 9w, https:\/\/www.cpl.es\/galilea\/wp-content\/uploads\/2023\/02\/Palabra-celebrada-29.jpg 267w\" sizes=\"(max-width: 216px) 85vw, 216px\" \/><\/a><figcaption id=\"caption-attachment-2434\" class=\"wp-caption-text\">La Paraula celebrada 29<\/figcaption><\/figure><\/td>\n<\/tr>\n<\/tbody>\n<\/table>\n<!-- #tablepress-35 from cache -->","protected":false},"excerpt":{"rendered":"<p>El n\u00famero 29 de la revista Galilea.153 enero-febrero 2023 tratamos y reflexionamos sobre los abuelos y personas mayores transmisoras de la fe. Aqu\u00ed te ofrecemos contenidos publicados por el Centre de Pastoral Lit\u00fargica sobre este tema que te pueden interesar:<\/p>","protected":false},"author":1,"featured_media":0,"parent":0,"menu_order":0,"comment_status":"closed","ping_status":"closed","template":"","meta":{"footnotes":""},"class_list":["post-2440","page","type-page","status-publish","hentry"],"yoast_head":"<!-- This site is optimized with the Yoast SEO plugin v23.5 - https:\/\/yoast.com\/wordpress\/plugins\/seo\/ -->\n<title>Materiales con el n\u00fam. 29 de Galilea.153 - Galilea.153<\/title>\n<meta name=\"robots\" content=\"index, follow, max-snippet:-1, max-image-preview:large, max-video-preview:-1\" \/>\n<link rel=\"canonical\" href=\"https:\/\/www.cpl.es\/galilea\/ca\/materiales-con-el-num-29-de-galilea-153\/\" \/>\n<meta property=\"og:locale\" content=\"ca_ES\" \/>\n<meta property=\"og:type\" content=\"article\" \/>\n<meta property=\"og:title\" content=\"Materiales con el n\u00fam. 29 de Galilea.153 - Galilea.153\" \/>\n<meta property=\"og:description\" content=\"El n\u00famero 29 de la revista Galilea.153 enero-febrero 2023 tratamos y reflexionamos sobre los abuelos y personas mayores transmisoras de la fe. Aqu\u00ed te ofrecemos contenidos publicados por el Centre de Pastoral Lit\u00fargica sobre este tema que te pueden interesar:\" \/>\n<meta property=\"og:url\" content=\"https:\/\/www.cpl.es\/galilea\/ca\/materiales-con-el-num-29-de-galilea-153\/\" \/>\n<meta property=\"og:site_name\" content=\"Galilea.153\" \/>\n<meta property=\"article:publisher\" content=\"https:\/\/www.facebook.com\/CPLeditorial\" \/>\n<meta property=\"article:modified_time\" content=\"2023-02-22T17:40:10+00:00\" \/>\n<meta name=\"twitter:card\" content=\"summary_large_image\" \/>\n<meta name=\"twitter:site\" content=\"@CPLeditorial\" \/>\n<meta name=\"twitter:label1\" content=\"Temps estimat de lectura\" \/>\n\t<meta name=\"twitter:data1\" content=\"1 minut\" \/>\n<script type=\"application\/ld+json\" class=\"yoast-schema-graph\">{\"@context\":\"https:\/\/schema.org\",\"@graph\":[{\"@type\":\"WebPage\",\"@id\":\"https:\/\/www.cpl.es\/galilea\/materiales-con-el-num-29-de-galilea-153\/\",\"url\":\"https:\/\/www.cpl.es\/galilea\/materiales-con-el-num-29-de-galilea-153\/\",\"name\":\"Materiales con el n\u00fam. 29 de Galilea.153 - Galilea.153\",\"isPartOf\":{\"@id\":\"https:\/\/www.cpl.es\/galilea\/#website\"},\"datePublished\":\"2023-02-22T17:02:16+00:00\",\"dateModified\":\"2023-02-22T17:40:10+00:00\",\"breadcrumb\":{\"@id\":\"https:\/\/www.cpl.es\/galilea\/materiales-con-el-num-29-de-galilea-153\/#breadcrumb\"},\"inLanguage\":\"ca\",\"potentialAction\":[{\"@type\":\"ReadAction\",\"target\":[\"https:\/\/www.cpl.es\/galilea\/materiales-con-el-num-29-de-galilea-153\/\"]}]},{\"@type\":\"BreadcrumbList\",\"@id\":\"https:\/\/www.cpl.es\/galilea\/materiales-con-el-num-29-de-galilea-153\/#breadcrumb\",\"itemListElement\":[{\"@type\":\"ListItem\",\"position\":1,\"name\":\"Home\",\"item\":\"https:\/\/www.cpl.es\/galilea\/\"},{\"@type\":\"ListItem\",\"position\":2,\"name\":\"Materiales con el n\u00fam. 29 de Galilea.153\"}]},{\"@type\":\"WebSite\",\"@id\":\"https:\/\/www.cpl.es\/galilea\/#website\",\"url\":\"https:\/\/www.cpl.es\/galilea\/\",\"name\":\"Galilea.153\",\"description\":\"Liturgia, pastoral, vida cristiana\",\"publisher\":{\"@id\":\"https:\/\/www.cpl.es\/galilea\/#organization\"},\"potentialAction\":[{\"@type\":\"SearchAction\",\"target\":{\"@type\":\"EntryPoint\",\"urlTemplate\":\"https:\/\/www.cpl.es\/galilea\/?s={search_term_string}\"},\"query-input\":{\"@type\":\"PropertyValueSpecification\",\"valueRequired\":true,\"valueName\":\"search_term_string\"}}],\"inLanguage\":\"ca\"},{\"@type\":\"Organization\",\"@id\":\"https:\/\/www.cpl.es\/galilea\/#organization\",\"name\":\"Centre de Pastoral Lit\u00fargica\",\"url\":\"https:\/\/www.cpl.es\/galilea\/\",\"logo\":{\"@type\":\"ImageObject\",\"inLanguage\":\"ca\",\"@id\":\"https:\/\/www.cpl.es\/galilea\/#\/schema\/logo\/image\/\",\"url\":\"https:\/\/i0.wp.com\/ivory-newt-719188.hostingersite.com\/wp-content\/uploads\/2022\/10\/perfil-xarxes-400x400-1.jpg?fit=400%2C400&ssl=1\",\"contentUrl\":\"https:\/\/i0.wp.com\/ivory-newt-719188.hostingersite.com\/wp-content\/uploads\/2022\/10\/perfil-xarxes-400x400-1.jpg?fit=400%2C400&ssl=1\",\"width\":400,\"height\":400,\"caption\":\"Centre de Pastoral Lit\u00fargica\"},\"image\":{\"@id\":\"https:\/\/www.cpl.es\/galilea\/#\/schema\/logo\/image\/\"},\"sameAs\":[\"https:\/\/www.facebook.com\/CPLeditorial\",\"https:\/\/x.com\/CPLeditorial\",\"https:\/\/www.instagram.com\/cpleditorial\/\",\"https:\/\/www.youtube.com\/c\/CentredePastoralLitrgicaCPL\"]}]}<\/script>\n<!-- \/ Yoast SEO plugin. -->","yoast_head_json":{"title":"Materiales con el n\u00fam. 29 de Galilea.153 - Galilea.153","robots":{"index":"index","follow":"follow","max-snippet":"max-snippet:-1","max-image-preview":"max-image-preview:large","max-video-preview":"max-video-preview:-1"},"canonical":"https:\/\/www.cpl.es\/galilea\/ca\/materiales-con-el-num-29-de-galilea-153\/","og_locale":"ca_ES","og_type":"article","og_title":"Materiales con el n\u00fam. 29 de Galilea.153 - Galilea.153","og_description":"El n\u00famero 29 de la revista Galilea.153 enero-febrero 2023 tratamos y reflexionamos sobre los abuelos y personas mayores transmisoras de la fe. Aqu\u00ed te ofrecemos contenidos publicados por el Centre de Pastoral Lit\u00fargica sobre este tema que te pueden interesar:","og_url":"https:\/\/www.cpl.es\/galilea\/ca\/materiales-con-el-num-29-de-galilea-153\/","og_site_name":"Galilea.153","article_publisher":"https:\/\/www.facebook.com\/CPLeditorial","article_modified_time":"2023-02-22T17:40:10+00:00","twitter_card":"summary_large_image","twitter_site":"@CPLeditorial","twitter_misc":{"Temps estimat de lectura":"1 minut"},"schema":{"@context":"https:\/\/schema.org","@graph":[{"@type":"WebPage","@id":"https:\/\/www.cpl.es\/galilea\/materiales-con-el-num-29-de-galilea-153\/","url":"https:\/\/www.cpl.es\/galilea\/materiales-con-el-num-29-de-galilea-153\/","name":"Materiales con el n\u00fam. 29 de Galilea.153 - Galilea.153","isPartOf":{"@id":"https:\/\/www.cpl.es\/galilea\/#website"},"datePublished":"2023-02-22T17:02:16+00:00","dateModified":"2023-02-22T17:40:10+00:00","breadcrumb":{"@id":"https:\/\/www.cpl.es\/galilea\/materiales-con-el-num-29-de-galilea-153\/#breadcrumb"},"inLanguage":"ca","potentialAction":[{"@type":"ReadAction","target":["https:\/\/www.cpl.es\/galilea\/materiales-con-el-num-29-de-galilea-153\/"]}]},{"@type":"BreadcrumbList","@id":"https:\/\/www.cpl.es\/galilea\/materiales-con-el-num-29-de-galilea-153\/#breadcrumb","itemListElement":[{"@type":"ListItem","position":1,"name":"Home","item":"https:\/\/www.cpl.es\/galilea\/"},{"@type":"ListItem","position":2,"name":"Materiales con el n\u00fam. 29 de Galilea.153"}]},{"@type":"WebSite","@id":"https:\/\/www.cpl.es\/galilea\/#website","url":"https:\/\/www.cpl.es\/galilea\/","name":"Galilea.153","description":"Liturgia, pastoral, vida cristiana","publisher":{"@id":"https:\/\/www.cpl.es\/galilea\/#organization"},"potentialAction":[{"@type":"SearchAction","target":{"@type":"EntryPoint","urlTemplate":"https:\/\/www.cpl.es\/galilea\/?s={search_term_string}"},"query-input":{"@type":"PropertyValueSpecification","valueRequired":true,"valueName":"search_term_string"}}],"inLanguage":"ca"},{"@type":"Organization","@id":"https:\/\/www.cpl.es\/galilea\/#organization","name":"Centre de Pastoral Lit\u00fargica","url":"https:\/\/www.cpl.es\/galilea\/","logo":{"@type":"ImageObject","inLanguage":"ca","@id":"https:\/\/www.cpl.es\/galilea\/#\/schema\/logo\/image\/","url":"https:\/\/i0.wp.com\/ivory-newt-719188.hostingersite.com\/wp-content\/uploads\/2022\/10\/perfil-xarxes-400x400-1.jpg?fit=400%2C400&ssl=1","contentUrl":"https:\/\/i0.wp.com\/ivory-newt-719188.hostingersite.com\/wp-content\/uploads\/2022\/10\/perfil-xarxes-400x400-1.jpg?fit=400%2C400&ssl=1","width":400,"height":400,"caption":"Centre de Pastoral Lit\u00fargica"},"image":{"@id":"https:\/\/www.cpl.es\/galilea\/#\/schema\/logo\/image\/"},"sameAs":["https:\/\/www.facebook.com\/CPLeditorial","https:\/\/x.com\/CPLeditorial","https:\/\/www.instagram.com\/cpleditorial\/","https:\/\/www.youtube.com\/c\/CentredePastoralLitrgicaCPL"]}]}},"_links":{"self":[{"href":"https:\/\/www.cpl.es\/galilea\/ca\/wp-json\/wp\/v2\/pages\/2440"}],"collection":[{"href":"https:\/\/www.cpl.es\/galilea\/ca\/wp-json\/wp\/v2\/pages"}],"about":[{"href":"https:\/\/www.cpl.es\/galilea\/ca\/wp-json\/wp\/v2\/types\/page"}],"author":[{"embeddable":true,"href":"https:\/\/www.cpl.es\/galilea\/ca\/wp-json\/wp\/v2\/users\/1"}],"replies":[{"embeddable":true,"href":"https:\/\/www.cpl.es\/galilea\/ca\/wp-json\/wp\/v2\/comments?post=2440"}],"version-history":[{"count":2,"href":"https:\/\/www.cpl.es\/galilea\/ca\/wp-json\/wp\/v2\/pages\/2440\/revisions"}],"predecessor-version":[{"id":2442,"href":"https:\/\/www.cpl.es\/galilea\/ca\/wp-json\/wp\/v2\/pages\/2440\/revisions\/2442"}],"wp:attachment":[{"href":"https:\/\/www.cpl.es\/galilea\/ca\/wp-json\/wp\/v2\/media?parent=2440"}],"curies":[{"name":"wp","href":"https:\/\/api.w.org\/{rel}","templated":true}]}}