{"id":2329,"date":"2022-10-05T10:56:23","date_gmt":"2022-10-05T08:56:23","guid":{"rendered":"https:\/\/ivory-newt-719188.hostingersite.com\/?page_id=2329"},"modified":"2022-10-05T10:56:28","modified_gmt":"2022-10-05T08:56:28","slug":"materiales-del-num-27-de-galilea-153","status":"publish","type":"page","link":"https:\/\/www.cpl.es\/galilea\/ca\/materiales-del-num-27-de-galilea-153\/","title":{"rendered":"Materials del n\u00fam. 27 de Galilea.153"},"content":{"rendered":"<p>El n\u00famero 27 de la revista Galilea.153 setembre-octubre 2022 el dediquem a les Esgl\u00e9sies cristianes.<\/p>\n\n\n\n<p>Aqu\u00ed us oferim continguts de publicacions del Centre de Pastoral Lit\u00fargica sobre el tema que et poden interessar:<\/p>\n\n\n\n<table id=\"tablepress-33\" class=\"tablepress tablepress-id-33\">\n<thead>\n<tr class=\"row-1 odd\">\n\t<th class=\"column-1\"><figure id=\"attachment_2305\" aria-describedby=\"caption-attachment-2305\" style=\"width: 218px\" class=\"wp-caption alignnone\"><a href=\"http:\/\/ivory-newt-719188.hostingersite.com\/wp-content\/uploads\/2022\/10\/Ekklesia.pdf\"><img loading=\"lazy\" decoding=\"async\" src=\"http:\/\/ivory-newt-719188.hostingersite.com\/wp-content\/uploads\/2022\/10\/Ekklesia-218x300.jpg\" alt=\"\" width=\"218\" height=\"300\" class=\"size-medium wp-image-2305\" srcset=\"https:\/\/www.cpl.es\/galilea\/wp-content\/uploads\/2022\/10\/Ekklesia-218x300.jpg 218w, https:\/\/www.cpl.es\/galilea\/wp-content\/uploads\/2022\/10\/Ekklesia-9x12.jpg 9w, https:\/\/www.cpl.es\/galilea\/wp-content\/uploads\/2022\/10\/Ekklesia.jpg 269w\" sizes=\"(max-width: 218px) 85vw, 218px\" \/><\/a><figcaption id=\"caption-attachment-2305\" class=\"wp-caption-text\">La palabra \"Ekkles\u00eda\"<\/figcaption><\/figure><\/th><th class=\"column-2\"><figure id=\"attachment_2311\" aria-describedby=\"caption-attachment-2311\" style=\"width: 190px\" class=\"wp-caption alignnone\"><a href=\"http:\/\/ivory-newt-719188.hostingersite.com\/wp-content\/uploads\/2022\/10\/Esglesies-cristianes.pdf\"><img loading=\"lazy\" decoding=\"async\" src=\"http:\/\/ivory-newt-719188.hostingersite.com\/wp-content\/uploads\/2022\/10\/Iglesias-cristianas-190x300.jpg\" alt=\"\" width=\"190\" height=\"300\" class=\"size-medium wp-image-2311\" srcset=\"https:\/\/www.cpl.es\/galilea\/wp-content\/uploads\/2022\/10\/Iglesias-cristianas-190x300.jpg 190w, https:\/\/www.cpl.es\/galilea\/wp-content\/uploads\/2022\/10\/Iglesias-cristianas-8x12.jpg 8w, https:\/\/www.cpl.es\/galilea\/wp-content\/uploads\/2022\/10\/Iglesias-cristianas.jpg 234w\" sizes=\"(max-width: 190px) 85vw, 190px\" \/><\/a><figcaption id=\"caption-attachment-2311\" class=\"wp-caption-text\">Les diverses Esgl\u00e9sies i comunitats cristianes<\/figcaption><\/figure><\/th>\n<\/tr>\n<\/thead>\n<tbody class=\"row-hover\">\n<tr class=\"row-2 even\">\n\t<td class=\"column-1\"><figure id=\"attachment_2312\" aria-describedby=\"caption-attachment-2312\" style=\"width: 204px\" class=\"wp-caption alignnone\"><a href=\"http:\/\/ivory-newt-719188.hostingersite.com\/wp-content\/uploads\/2022\/10\/Iglesias-orientales.pdf\"><img loading=\"lazy\" decoding=\"async\" src=\"http:\/\/ivory-newt-719188.hostingersite.com\/wp-content\/uploads\/2022\/10\/Iglesias-oriental-204x300.jpg\" alt=\"\" width=\"204\" height=\"300\" class=\"size-medium wp-image-2312\" srcset=\"https:\/\/www.cpl.es\/galilea\/wp-content\/uploads\/2022\/10\/Iglesias-oriental-204x300.jpg 204w, https:\/\/www.cpl.es\/galilea\/wp-content\/uploads\/2022\/10\/Iglesias-oriental-8x12.jpg 8w, https:\/\/www.cpl.es\/galilea\/wp-content\/uploads\/2022\/10\/Iglesias-oriental.jpg 252w\" sizes=\"(max-width: 204px) 85vw, 204px\" \/><\/a><figcaption id=\"caption-attachment-2312\" class=\"wp-caption-text\">Las Iglesias orientales cristianas<\/figcaption><\/figure><\/td><td class=\"column-2\"><figure id=\"attachment_2307\" aria-describedby=\"caption-attachment-2307\" style=\"width: 214px\" class=\"wp-caption alignnone\"><a href=\"http:\/\/ivory-newt-719188.hostingersite.com\/wp-content\/uploads\/2022\/10\/FV-esglesies-no-catoliques.pdf\"><img loading=\"lazy\" decoding=\"async\" src=\"http:\/\/ivory-newt-719188.hostingersite.com\/wp-content\/uploads\/2022\/10\/HV-iglesias-no-catolicas-214x300.jpg\" alt=\"\" width=\"214\" height=\"300\" class=\"size-medium wp-image-2307\" srcset=\"https:\/\/www.cpl.es\/galilea\/wp-content\/uploads\/2022\/10\/HV-iglesias-no-catolicas-214x300.jpg 214w, https:\/\/www.cpl.es\/galilea\/wp-content\/uploads\/2022\/10\/HV-iglesias-no-catolicas-9x12.jpg 9w, https:\/\/www.cpl.es\/galilea\/wp-content\/uploads\/2022\/10\/HV-iglesias-no-catolicas.jpg 264w\" sizes=\"(max-width: 214px) 85vw, 214px\" \/><\/a><figcaption id=\"caption-attachment-2307\" class=\"wp-caption-text\">Full Verd MD: Les Esgl\u00e9sies i comunitats no cat\u00f2liques<\/figcaption><\/figure><\/td>\n<\/tr>\n<tr class=\"row-3 odd\">\n\t<td class=\"column-1\"><figure id=\"attachment_2309\" aria-describedby=\"caption-attachment-2309\" style=\"width: 214px\" class=\"wp-caption alignnone\"><a href=\"http:\/\/ivory-newt-719188.hostingersite.com\/wp-content\/uploads\/2022\/10\/FV-ecumenisme.pdf\"><img loading=\"lazy\" decoding=\"async\" src=\"http:\/\/ivory-newt-719188.hostingersite.com\/wp-content\/uploads\/2022\/10\/HV-ecumenismo-214x300.jpg\" alt=\"\" width=\"214\" height=\"300\" class=\"size-medium wp-image-2309\" srcset=\"https:\/\/www.cpl.es\/galilea\/wp-content\/uploads\/2022\/10\/HV-ecumenismo-214x300.jpg 214w, https:\/\/www.cpl.es\/galilea\/wp-content\/uploads\/2022\/10\/HV-ecumenismo-9x12.jpg 9w, https:\/\/www.cpl.es\/galilea\/wp-content\/uploads\/2022\/10\/HV-ecumenismo.jpg 264w\" sizes=\"(max-width: 214px) 85vw, 214px\" \/><\/a><figcaption id=\"caption-attachment-2309\" class=\"wp-caption-text\">Full Verd MD: Lit\u00fargia i ecumenisme<\/figcaption><\/figure><\/td><td class=\"column-2\"><figure id=\"attachment_2315\" aria-describedby=\"caption-attachment-2315\" style=\"width: 216px\" class=\"wp-caption alignnone\"><a href=\"http:\/\/ivory-newt-719188.hostingersite.com\/wp-content\/uploads\/2022\/10\/Paraula-celebrada-27.pdf\"><img loading=\"lazy\" decoding=\"async\" src=\"http:\/\/ivory-newt-719188.hostingersite.com\/wp-content\/uploads\/2022\/10\/Palabra-celebrada-27-216x300.jpg\" alt=\"\" width=\"216\" height=\"300\" class=\"size-medium wp-image-2315\" srcset=\"https:\/\/www.cpl.es\/galilea\/wp-content\/uploads\/2022\/10\/Palabra-celebrada-27-216x300.jpg 216w, https:\/\/www.cpl.es\/galilea\/wp-content\/uploads\/2022\/10\/Palabra-celebrada-27-9x12.jpg 9w, https:\/\/www.cpl.es\/galilea\/wp-content\/uploads\/2022\/10\/Palabra-celebrada-27.jpg 267w\" sizes=\"(max-width: 216px) 85vw, 216px\" \/><\/a><figcaption id=\"caption-attachment-2315\" class=\"wp-caption-text\">La Paraula celebrada<\/figcaption><\/figure><\/td>\n<\/tr>\n<\/tbody>\n<\/table>\n<!-- #tablepress-33 from cache -->","protected":false},"excerpt":{"rendered":"<p>El n\u00famero 27 de la revista Galilea.153 julio-agosto 2022 lo dedicamos a las Iglesias cristianas. Aqu\u00ed te ofrecemos contenidos publicados por el Centre de Pastoral Lit\u00fargica sobre este tema que te pueden interesar:<\/p>","protected":false},"author":1,"featured_media":0,"parent":0,"menu_order":0,"comment_status":"closed","ping_status":"closed","template":"","meta":{"footnotes":""},"class_list":["post-2329","page","type-page","status-publish","hentry"],"yoast_head":"<!-- This site is optimized with the Yoast SEO plugin v23.5 - https:\/\/yoast.com\/wordpress\/plugins\/seo\/ -->\n<title>Materiales del n\u00fam. 27 de Galilea.153 - Galilea.153<\/title>\n<meta name=\"robots\" content=\"index, follow, max-snippet:-1, max-image-preview:large, max-video-preview:-1\" \/>\n<link rel=\"canonical\" href=\"https:\/\/www.cpl.es\/galilea\/ca\/materiales-del-num-27-de-galilea-153\/\" \/>\n<meta property=\"og:locale\" content=\"ca_ES\" \/>\n<meta property=\"og:type\" content=\"article\" \/>\n<meta property=\"og:title\" content=\"Materiales del n\u00fam. 27 de Galilea.153 - Galilea.153\" \/>\n<meta property=\"og:description\" content=\"El n\u00famero 27 de la revista Galilea.153 julio-agosto 2022 lo dedicamos a las Iglesias cristianas. Aqu\u00ed te ofrecemos contenidos publicados por el Centre de Pastoral Lit\u00fargica sobre este tema que te pueden interesar:\" \/>\n<meta property=\"og:url\" content=\"https:\/\/www.cpl.es\/galilea\/ca\/materiales-del-num-27-de-galilea-153\/\" \/>\n<meta property=\"og:site_name\" content=\"Galilea.153\" \/>\n<meta property=\"article:publisher\" content=\"https:\/\/www.facebook.com\/CPLeditorial\" \/>\n<meta property=\"article:modified_time\" content=\"2022-10-05T08:56:28+00:00\" \/>\n<meta name=\"twitter:card\" content=\"summary_large_image\" \/>\n<meta name=\"twitter:site\" content=\"@CPLeditorial\" \/>\n<meta name=\"twitter:label1\" content=\"Temps estimat de lectura\" \/>\n\t<meta name=\"twitter:data1\" content=\"1 minut\" \/>\n<script type=\"application\/ld+json\" class=\"yoast-schema-graph\">{\"@context\":\"https:\/\/schema.org\",\"@graph\":[{\"@type\":\"WebPage\",\"@id\":\"https:\/\/www.cpl.es\/galilea\/materiales-del-num-27-de-galilea-153\/\",\"url\":\"https:\/\/www.cpl.es\/galilea\/materiales-del-num-27-de-galilea-153\/\",\"name\":\"Materiales del n\u00fam. 27 de Galilea.153 - Galilea.153\",\"isPartOf\":{\"@id\":\"https:\/\/www.cpl.es\/galilea\/#website\"},\"datePublished\":\"2022-10-05T08:56:23+00:00\",\"dateModified\":\"2022-10-05T08:56:28+00:00\",\"breadcrumb\":{\"@id\":\"https:\/\/www.cpl.es\/galilea\/materiales-del-num-27-de-galilea-153\/#breadcrumb\"},\"inLanguage\":\"ca\",\"potentialAction\":[{\"@type\":\"ReadAction\",\"target\":[\"https:\/\/www.cpl.es\/galilea\/materiales-del-num-27-de-galilea-153\/\"]}]},{\"@type\":\"BreadcrumbList\",\"@id\":\"https:\/\/www.cpl.es\/galilea\/materiales-del-num-27-de-galilea-153\/#breadcrumb\",\"itemListElement\":[{\"@type\":\"ListItem\",\"position\":1,\"name\":\"Home\",\"item\":\"https:\/\/www.cpl.es\/galilea\/\"},{\"@type\":\"ListItem\",\"position\":2,\"name\":\"Materiales del n\u00fam. 27 de Galilea.153\"}]},{\"@type\":\"WebSite\",\"@id\":\"https:\/\/www.cpl.es\/galilea\/#website\",\"url\":\"https:\/\/www.cpl.es\/galilea\/\",\"name\":\"Galilea.153\",\"description\":\"Liturgia, pastoral, vida cristiana\",\"publisher\":{\"@id\":\"https:\/\/www.cpl.es\/galilea\/#organization\"},\"potentialAction\":[{\"@type\":\"SearchAction\",\"target\":{\"@type\":\"EntryPoint\",\"urlTemplate\":\"https:\/\/www.cpl.es\/galilea\/?s={search_term_string}\"},\"query-input\":{\"@type\":\"PropertyValueSpecification\",\"valueRequired\":true,\"valueName\":\"search_term_string\"}}],\"inLanguage\":\"ca\"},{\"@type\":\"Organization\",\"@id\":\"https:\/\/www.cpl.es\/galilea\/#organization\",\"name\":\"Centre de Pastoral Lit\u00fargica\",\"url\":\"https:\/\/www.cpl.es\/galilea\/\",\"logo\":{\"@type\":\"ImageObject\",\"inLanguage\":\"ca\",\"@id\":\"https:\/\/www.cpl.es\/galilea\/#\/schema\/logo\/image\/\",\"url\":\"https:\/\/i0.wp.com\/ivory-newt-719188.hostingersite.com\/wp-content\/uploads\/2022\/10\/perfil-xarxes-400x400-1.jpg?fit=400%2C400&ssl=1\",\"contentUrl\":\"https:\/\/i0.wp.com\/ivory-newt-719188.hostingersite.com\/wp-content\/uploads\/2022\/10\/perfil-xarxes-400x400-1.jpg?fit=400%2C400&ssl=1\",\"width\":400,\"height\":400,\"caption\":\"Centre de Pastoral Lit\u00fargica\"},\"image\":{\"@id\":\"https:\/\/www.cpl.es\/galilea\/#\/schema\/logo\/image\/\"},\"sameAs\":[\"https:\/\/www.facebook.com\/CPLeditorial\",\"https:\/\/x.com\/CPLeditorial\",\"https:\/\/www.instagram.com\/cpleditorial\/\",\"https:\/\/www.youtube.com\/c\/CentredePastoralLitrgicaCPL\"]}]}<\/script>\n<!-- \/ Yoast SEO plugin. -->","yoast_head_json":{"title":"Materiales del n\u00fam. 27 de Galilea.153 - Galilea.153","robots":{"index":"index","follow":"follow","max-snippet":"max-snippet:-1","max-image-preview":"max-image-preview:large","max-video-preview":"max-video-preview:-1"},"canonical":"https:\/\/www.cpl.es\/galilea\/ca\/materiales-del-num-27-de-galilea-153\/","og_locale":"ca_ES","og_type":"article","og_title":"Materiales del n\u00fam. 27 de Galilea.153 - Galilea.153","og_description":"El n\u00famero 27 de la revista Galilea.153 julio-agosto 2022 lo dedicamos a las Iglesias cristianas. Aqu\u00ed te ofrecemos contenidos publicados por el Centre de Pastoral Lit\u00fargica sobre este tema que te pueden interesar:","og_url":"https:\/\/www.cpl.es\/galilea\/ca\/materiales-del-num-27-de-galilea-153\/","og_site_name":"Galilea.153","article_publisher":"https:\/\/www.facebook.com\/CPLeditorial","article_modified_time":"2022-10-05T08:56:28+00:00","twitter_card":"summary_large_image","twitter_site":"@CPLeditorial","twitter_misc":{"Temps estimat de lectura":"1 minut"},"schema":{"@context":"https:\/\/schema.org","@graph":[{"@type":"WebPage","@id":"https:\/\/www.cpl.es\/galilea\/materiales-del-num-27-de-galilea-153\/","url":"https:\/\/www.cpl.es\/galilea\/materiales-del-num-27-de-galilea-153\/","name":"Materiales del n\u00fam. 27 de Galilea.153 - Galilea.153","isPartOf":{"@id":"https:\/\/www.cpl.es\/galilea\/#website"},"datePublished":"2022-10-05T08:56:23+00:00","dateModified":"2022-10-05T08:56:28+00:00","breadcrumb":{"@id":"https:\/\/www.cpl.es\/galilea\/materiales-del-num-27-de-galilea-153\/#breadcrumb"},"inLanguage":"ca","potentialAction":[{"@type":"ReadAction","target":["https:\/\/www.cpl.es\/galilea\/materiales-del-num-27-de-galilea-153\/"]}]},{"@type":"BreadcrumbList","@id":"https:\/\/www.cpl.es\/galilea\/materiales-del-num-27-de-galilea-153\/#breadcrumb","itemListElement":[{"@type":"ListItem","position":1,"name":"Home","item":"https:\/\/www.cpl.es\/galilea\/"},{"@type":"ListItem","position":2,"name":"Materiales del n\u00fam. 27 de Galilea.153"}]},{"@type":"WebSite","@id":"https:\/\/www.cpl.es\/galilea\/#website","url":"https:\/\/www.cpl.es\/galilea\/","name":"Galilea.153","description":"Liturgia, pastoral, vida cristiana","publisher":{"@id":"https:\/\/www.cpl.es\/galilea\/#organization"},"potentialAction":[{"@type":"SearchAction","target":{"@type":"EntryPoint","urlTemplate":"https:\/\/www.cpl.es\/galilea\/?s={search_term_string}"},"query-input":{"@type":"PropertyValueSpecification","valueRequired":true,"valueName":"search_term_string"}}],"inLanguage":"ca"},{"@type":"Organization","@id":"https:\/\/www.cpl.es\/galilea\/#organization","name":"Centre de Pastoral Lit\u00fargica","url":"https:\/\/www.cpl.es\/galilea\/","logo":{"@type":"ImageObject","inLanguage":"ca","@id":"https:\/\/www.cpl.es\/galilea\/#\/schema\/logo\/image\/","url":"https:\/\/i0.wp.com\/ivory-newt-719188.hostingersite.com\/wp-content\/uploads\/2022\/10\/perfil-xarxes-400x400-1.jpg?fit=400%2C400&ssl=1","contentUrl":"https:\/\/i0.wp.com\/ivory-newt-719188.hostingersite.com\/wp-content\/uploads\/2022\/10\/perfil-xarxes-400x400-1.jpg?fit=400%2C400&ssl=1","width":400,"height":400,"caption":"Centre de Pastoral Lit\u00fargica"},"image":{"@id":"https:\/\/www.cpl.es\/galilea\/#\/schema\/logo\/image\/"},"sameAs":["https:\/\/www.facebook.com\/CPLeditorial","https:\/\/x.com\/CPLeditorial","https:\/\/www.instagram.com\/cpleditorial\/","https:\/\/www.youtube.com\/c\/CentredePastoralLitrgicaCPL"]}]}},"_links":{"self":[{"href":"https:\/\/www.cpl.es\/galilea\/ca\/wp-json\/wp\/v2\/pages\/2329"}],"collection":[{"href":"https:\/\/www.cpl.es\/galilea\/ca\/wp-json\/wp\/v2\/pages"}],"about":[{"href":"https:\/\/www.cpl.es\/galilea\/ca\/wp-json\/wp\/v2\/types\/page"}],"author":[{"embeddable":true,"href":"https:\/\/www.cpl.es\/galilea\/ca\/wp-json\/wp\/v2\/users\/1"}],"replies":[{"embeddable":true,"href":"https:\/\/www.cpl.es\/galilea\/ca\/wp-json\/wp\/v2\/comments?post=2329"}],"version-history":[{"count":1,"href":"https:\/\/www.cpl.es\/galilea\/ca\/wp-json\/wp\/v2\/pages\/2329\/revisions"}],"predecessor-version":[{"id":2330,"href":"https:\/\/www.cpl.es\/galilea\/ca\/wp-json\/wp\/v2\/pages\/2329\/revisions\/2330"}],"wp:attachment":[{"href":"https:\/\/www.cpl.es\/galilea\/ca\/wp-json\/wp\/v2\/media?parent=2329"}],"curies":[{"name":"wp","href":"https:\/\/api.w.org\/{rel}","templated":true}]}}