{"id":2223,"date":"2022-06-27T13:56:03","date_gmt":"2022-06-27T11:56:03","guid":{"rendered":"http:\/\/ivory-newt-719188.hostingersite.com\/?page_id=2223"},"modified":"2022-06-27T13:56:05","modified_gmt":"2022-06-27T11:56:05","slug":"materiales-con-el-numero-26-de-galilea-153","status":"publish","type":"page","link":"https:\/\/www.cpl.es\/galilea\/ca\/materiales-con-el-numero-26-de-galilea-153\/","title":{"rendered":"Materials amb el n\u00fam. 26 de Galilea.153"},"content":{"rendered":"<p>El n\u00famero 26 de la revista Galilea.153 juliol-agost 2022 el dediquem a ser cre\u00efbles com a persones cre\u00efents que som.<\/p>\n\n\n\n<p>Aqu\u00ed us oferim continguts de publicacions del Centre de Pastoral Lit\u00fargica sobre el tema que et poden interessar:<\/p>\n\n\n\n<table id=\"tablepress-31\" class=\"tablepress tablepress-id-31\">\n<thead>\n<tr class=\"row-1 odd\">\n\t<th class=\"column-1\"><figure id=\"attachment_2212\" aria-describedby=\"caption-attachment-2212\" style=\"width: 182px\" class=\"wp-caption alignnone\"><a href=\"http:\/\/ivory-newt-719188.hostingersite.com\/wp-content\/uploads\/2022\/06\/Benaurances.pdf\"><img loading=\"lazy\" decoding=\"async\" src=\"http:\/\/ivory-newt-719188.hostingersite.com\/wp-content\/uploads\/2022\/06\/Bienaventuranzas-182x300.jpg\" alt=\"\" width=\"182\" height=\"300\" class=\"size-medium wp-image-2212\" srcset=\"https:\/\/www.cpl.es\/galilea\/wp-content\/uploads\/2022\/06\/Bienaventuranzas-182x300.jpg 182w, https:\/\/www.cpl.es\/galilea\/wp-content\/uploads\/2022\/06\/Bienaventuranzas-7x12.jpg 7w, https:\/\/www.cpl.es\/galilea\/wp-content\/uploads\/2022\/06\/Bienaventuranzas.jpg 225w\" sizes=\"(max-width: 182px) 85vw, 182px\" \/><\/a><figcaption id=\"caption-attachment-2212\" class=\"wp-caption-text\">Les benaurances<\/figcaption><\/figure><\/th><th class=\"column-2\"><figure id=\"attachment_2214\" aria-describedby=\"caption-attachment-2214\" style=\"width: 184px\" class=\"wp-caption alignnone\"><a href=\"http:\/\/ivory-newt-719188.hostingersite.com\/wp-content\/uploads\/2022\/06\/Benaurances.pdf\"><img loading=\"lazy\" decoding=\"async\" src=\"http:\/\/ivory-newt-719188.hostingersite.com\/wp-content\/uploads\/2022\/06\/creer-testimonio-184x300.jpg\" alt=\"\" width=\"184\" height=\"300\" class=\"size-medium wp-image-2214\" srcset=\"https:\/\/www.cpl.es\/galilea\/wp-content\/uploads\/2022\/06\/creer-testimonio-184x300.jpg 184w, https:\/\/www.cpl.es\/galilea\/wp-content\/uploads\/2022\/06\/creer-testimonio-7x12.jpg 7w, https:\/\/www.cpl.es\/galilea\/wp-content\/uploads\/2022\/06\/creer-testimonio.jpg 227w\" sizes=\"(max-width: 184px) 85vw, 184px\" \/><\/a><figcaption id=\"caption-attachment-2214\" class=\"wp-caption-text\">Creure: la for\u00e7a del testimoniatge<\/figcaption><\/figure><\/th>\n<\/tr>\n<\/thead>\n<tbody class=\"row-hover\">\n<tr class=\"row-2 even\">\n\t<td class=\"column-1\"><figure id=\"attachment_2218\" aria-describedby=\"caption-attachment-2218\" style=\"width: 187px\" class=\"wp-caption alignnone\"><a href=\"http:\/\/ivory-newt-719188.hostingersite.com\/wp-content\/uploads\/2022\/06\/Nadie-durmiendo-calle.pdf\"><img loading=\"lazy\" decoding=\"async\" src=\"http:\/\/ivory-newt-719188.hostingersite.com\/wp-content\/uploads\/2022\/06\/nadie-durmiendo-calle-187x300.jpg\" alt=\"\" width=\"187\" height=\"300\" class=\"size-medium wp-image-2218\" srcset=\"https:\/\/www.cpl.es\/galilea\/wp-content\/uploads\/2022\/06\/nadie-durmiendo-calle-187x300.jpg 187w, https:\/\/www.cpl.es\/galilea\/wp-content\/uploads\/2022\/06\/nadie-durmiendo-calle-7x12.jpg 7w, https:\/\/www.cpl.es\/galilea\/wp-content\/uploads\/2022\/06\/nadie-durmiendo-calle.jpg 231w\" sizes=\"(max-width: 187px) 85vw, 187px\" \/><\/a><figcaption id=\"caption-attachment-2218\" class=\"wp-caption-text\">Nadie durmiendo en la calle<\/figcaption><\/figure><\/td><td class=\"column-2\"><figure id=\"attachment_2220\" aria-describedby=\"caption-attachment-2220\" style=\"width: 216px\" class=\"wp-caption alignnone\"><a href=\"http:\/\/ivory-newt-719188.hostingersite.com\/wp-content\/uploads\/2022\/06\/Portadores-luz-historia.pdf\"><img loading=\"lazy\" decoding=\"async\" src=\"http:\/\/ivory-newt-719188.hostingersite.com\/wp-content\/uploads\/2022\/06\/Portadores-luz-historia-216x300.jpg\" alt=\"\" width=\"216\" height=\"300\" class=\"size-medium wp-image-2220\" srcset=\"https:\/\/www.cpl.es\/galilea\/wp-content\/uploads\/2022\/06\/Portadores-luz-historia-216x300.jpg 216w, https:\/\/www.cpl.es\/galilea\/wp-content\/uploads\/2022\/06\/Portadores-luz-historia-9x12.jpg 9w, https:\/\/www.cpl.es\/galilea\/wp-content\/uploads\/2022\/06\/Portadores-luz-historia.jpg 267w\" sizes=\"(max-width: 216px) 85vw, 216px\" \/><\/a><figcaption id=\"caption-attachment-2220\" class=\"wp-caption-text\">Portadores de luz en la historia<\/figcaption><\/figure><\/td>\n<\/tr>\n<tr class=\"row-3 odd\">\n\t<td class=\"column-1\"><figure id=\"attachment_2216\" aria-describedby=\"caption-attachment-2216\" style=\"width: 216px\" class=\"wp-caption alignnone\"><a href=\"http:\/\/ivory-newt-719188.hostingersite.com\/wp-content\/uploads\/2022\/06\/HV-cristiano.pdf\"><img loading=\"lazy\" decoding=\"async\" src=\"http:\/\/ivory-newt-719188.hostingersite.com\/wp-content\/uploads\/2022\/06\/HV-cristiano-216x300.jpg\" alt=\"\" width=\"216\" height=\"300\" class=\"size-medium wp-image-2216\" srcset=\"https:\/\/www.cpl.es\/galilea\/wp-content\/uploads\/2022\/06\/HV-cristiano-216x300.jpg 216w, https:\/\/www.cpl.es\/galilea\/wp-content\/uploads\/2022\/06\/HV-cristiano-9x12.jpg 9w, https:\/\/www.cpl.es\/galilea\/wp-content\/uploads\/2022\/06\/HV-cristiano.jpg 267w\" sizes=\"(max-width: 216px) 85vw, 216px\" \/><\/a><figcaption id=\"caption-attachment-2216\" class=\"wp-caption-text\">Hoja verde MD: A\u00f1o cristiano<\/figcaption><\/figure><\/td><td class=\"column-2\"><figure id=\"attachment_2235\" aria-describedby=\"caption-attachment-2235\" style=\"width: 216px\" class=\"wp-caption alignnone\"><a href=\"https:\/\/bit.ly\/3unzG86\"><img loading=\"lazy\" decoding=\"async\" src=\"http:\/\/ivory-newt-719188.hostingersite.com\/wp-content\/uploads\/2022\/06\/Palabra-celebrada-26-216x300.jpg\" alt=\"\" width=\"216\" height=\"300\" class=\"size-medium wp-image-2235\" \/><\/a><figcaption id=\"caption-attachment-2235\" class=\"wp-caption-text\">La Paraula celebrada<\/figcaption><\/figure><\/td>\n<\/tr>\n<\/tbody>\n<\/table>\n<!-- #tablepress-31 from cache -->","protected":false},"excerpt":{"rendered":"<p>El n\u00famero 26 de la revista Galilea.153 julio-agosto 2022 lo dedicamos a ser cre\u00edbles como personas cristianas que somos. Aqu\u00ed te ofrecemos contenidos publicados por el Centre de Pastoral Lit\u00fargica sobre este tema que te pueden interesar:<\/p>","protected":false},"author":1,"featured_media":0,"parent":0,"menu_order":0,"comment_status":"closed","ping_status":"closed","template":"","meta":{"footnotes":""},"class_list":["post-2223","page","type-page","status-publish","hentry"],"yoast_head":"<!-- This site is optimized with the Yoast SEO plugin v23.5 - https:\/\/yoast.com\/wordpress\/plugins\/seo\/ -->\n<title>Materiales con el n\u00famero 26 de Galilea.153 - Galilea.153<\/title>\n<meta name=\"description\" content=\"Materiales que te pueden interesar publicados por el Centro de Pastoral Lit\u00fargica sobre el compromiso cristiano y el a\u00f1o lit\u00fargico.\" \/>\n<meta name=\"robots\" content=\"index, follow, max-snippet:-1, max-image-preview:large, max-video-preview:-1\" \/>\n<link rel=\"canonical\" href=\"https:\/\/www.cpl.es\/galilea\/ca\/materiales-con-el-numero-26-de-galilea-153\/\" \/>\n<meta property=\"og:locale\" content=\"ca_ES\" \/>\n<meta property=\"og:type\" content=\"article\" \/>\n<meta property=\"og:title\" content=\"Materiales con el n\u00famero 26 de Galilea.153 - Galilea.153\" \/>\n<meta property=\"og:description\" content=\"Materiales que te pueden interesar publicados por el Centro de Pastoral Lit\u00fargica sobre el compromiso cristiano y el a\u00f1o lit\u00fargico.\" \/>\n<meta property=\"og:url\" content=\"https:\/\/www.cpl.es\/galilea\/ca\/materiales-con-el-numero-26-de-galilea-153\/\" \/>\n<meta property=\"og:site_name\" content=\"Galilea.153\" \/>\n<meta property=\"article:publisher\" content=\"https:\/\/www.facebook.com\/CPLeditorial\" \/>\n<meta property=\"article:modified_time\" content=\"2022-06-27T11:56:05+00:00\" \/>\n<meta name=\"twitter:card\" content=\"summary_large_image\" \/>\n<meta name=\"twitter:site\" content=\"@CPLeditorial\" \/>\n<meta name=\"twitter:label1\" content=\"Temps estimat de lectura\" \/>\n\t<meta name=\"twitter:data1\" content=\"1 minut\" \/>\n<script type=\"application\/ld+json\" class=\"yoast-schema-graph\">{\"@context\":\"https:\/\/schema.org\",\"@graph\":[{\"@type\":\"WebPage\",\"@id\":\"https:\/\/www.cpl.es\/galilea\/materiales-con-el-numero-26-de-galilea-153\/\",\"url\":\"https:\/\/www.cpl.es\/galilea\/materiales-con-el-numero-26-de-galilea-153\/\",\"name\":\"Materiales con el n\u00famero 26 de Galilea.153 - Galilea.153\",\"isPartOf\":{\"@id\":\"https:\/\/www.cpl.es\/galilea\/#website\"},\"datePublished\":\"2022-06-27T11:56:03+00:00\",\"dateModified\":\"2022-06-27T11:56:05+00:00\",\"description\":\"Materiales que te pueden interesar publicados por el Centro de Pastoral Lit\u00fargica sobre el compromiso cristiano y el a\u00f1o lit\u00fargico.\",\"breadcrumb\":{\"@id\":\"https:\/\/www.cpl.es\/galilea\/materiales-con-el-numero-26-de-galilea-153\/#breadcrumb\"},\"inLanguage\":\"ca\",\"potentialAction\":[{\"@type\":\"ReadAction\",\"target\":[\"https:\/\/www.cpl.es\/galilea\/materiales-con-el-numero-26-de-galilea-153\/\"]}]},{\"@type\":\"BreadcrumbList\",\"@id\":\"https:\/\/www.cpl.es\/galilea\/materiales-con-el-numero-26-de-galilea-153\/#breadcrumb\",\"itemListElement\":[{\"@type\":\"ListItem\",\"position\":1,\"name\":\"Home\",\"item\":\"https:\/\/www.cpl.es\/galilea\/\"},{\"@type\":\"ListItem\",\"position\":2,\"name\":\"Materiales con el n\u00famero 26 de Galilea.153\"}]},{\"@type\":\"WebSite\",\"@id\":\"https:\/\/www.cpl.es\/galilea\/#website\",\"url\":\"https:\/\/www.cpl.es\/galilea\/\",\"name\":\"Galilea.153\",\"description\":\"Liturgia, pastoral, vida cristiana\",\"publisher\":{\"@id\":\"https:\/\/www.cpl.es\/galilea\/#organization\"},\"potentialAction\":[{\"@type\":\"SearchAction\",\"target\":{\"@type\":\"EntryPoint\",\"urlTemplate\":\"https:\/\/www.cpl.es\/galilea\/?s={search_term_string}\"},\"query-input\":{\"@type\":\"PropertyValueSpecification\",\"valueRequired\":true,\"valueName\":\"search_term_string\"}}],\"inLanguage\":\"ca\"},{\"@type\":\"Organization\",\"@id\":\"https:\/\/www.cpl.es\/galilea\/#organization\",\"name\":\"Centre de Pastoral Lit\u00fargica\",\"url\":\"https:\/\/www.cpl.es\/galilea\/\",\"logo\":{\"@type\":\"ImageObject\",\"inLanguage\":\"ca\",\"@id\":\"https:\/\/www.cpl.es\/galilea\/#\/schema\/logo\/image\/\",\"url\":\"https:\/\/i0.wp.com\/ivory-newt-719188.hostingersite.com\/wp-content\/uploads\/2022\/10\/perfil-xarxes-400x400-1.jpg?fit=400%2C400&ssl=1\",\"contentUrl\":\"https:\/\/i0.wp.com\/ivory-newt-719188.hostingersite.com\/wp-content\/uploads\/2022\/10\/perfil-xarxes-400x400-1.jpg?fit=400%2C400&ssl=1\",\"width\":400,\"height\":400,\"caption\":\"Centre de Pastoral Lit\u00fargica\"},\"image\":{\"@id\":\"https:\/\/www.cpl.es\/galilea\/#\/schema\/logo\/image\/\"},\"sameAs\":[\"https:\/\/www.facebook.com\/CPLeditorial\",\"https:\/\/x.com\/CPLeditorial\",\"https:\/\/www.instagram.com\/cpleditorial\/\",\"https:\/\/www.youtube.com\/c\/CentredePastoralLitrgicaCPL\"]}]}<\/script>\n<!-- \/ Yoast SEO plugin. -->","yoast_head_json":{"title":"Materiales con el n\u00famero 26 de Galilea.153 - Galilea.153","description":"Materiales que te pueden interesar publicados por el Centro de Pastoral Lit\u00fargica sobre el compromiso cristiano y el a\u00f1o lit\u00fargico.","robots":{"index":"index","follow":"follow","max-snippet":"max-snippet:-1","max-image-preview":"max-image-preview:large","max-video-preview":"max-video-preview:-1"},"canonical":"https:\/\/www.cpl.es\/galilea\/ca\/materiales-con-el-numero-26-de-galilea-153\/","og_locale":"ca_ES","og_type":"article","og_title":"Materiales con el n\u00famero 26 de Galilea.153 - Galilea.153","og_description":"Materiales que te pueden interesar publicados por el Centro de Pastoral Lit\u00fargica sobre el compromiso cristiano y el a\u00f1o lit\u00fargico.","og_url":"https:\/\/www.cpl.es\/galilea\/ca\/materiales-con-el-numero-26-de-galilea-153\/","og_site_name":"Galilea.153","article_publisher":"https:\/\/www.facebook.com\/CPLeditorial","article_modified_time":"2022-06-27T11:56:05+00:00","twitter_card":"summary_large_image","twitter_site":"@CPLeditorial","twitter_misc":{"Temps estimat de lectura":"1 minut"},"schema":{"@context":"https:\/\/schema.org","@graph":[{"@type":"WebPage","@id":"https:\/\/www.cpl.es\/galilea\/materiales-con-el-numero-26-de-galilea-153\/","url":"https:\/\/www.cpl.es\/galilea\/materiales-con-el-numero-26-de-galilea-153\/","name":"Materiales con el n\u00famero 26 de Galilea.153 - Galilea.153","isPartOf":{"@id":"https:\/\/www.cpl.es\/galilea\/#website"},"datePublished":"2022-06-27T11:56:03+00:00","dateModified":"2022-06-27T11:56:05+00:00","description":"Materiales que te pueden interesar publicados por el Centro de Pastoral Lit\u00fargica sobre el compromiso cristiano y el a\u00f1o lit\u00fargico.","breadcrumb":{"@id":"https:\/\/www.cpl.es\/galilea\/materiales-con-el-numero-26-de-galilea-153\/#breadcrumb"},"inLanguage":"ca","potentialAction":[{"@type":"ReadAction","target":["https:\/\/www.cpl.es\/galilea\/materiales-con-el-numero-26-de-galilea-153\/"]}]},{"@type":"BreadcrumbList","@id":"https:\/\/www.cpl.es\/galilea\/materiales-con-el-numero-26-de-galilea-153\/#breadcrumb","itemListElement":[{"@type":"ListItem","position":1,"name":"Home","item":"https:\/\/www.cpl.es\/galilea\/"},{"@type":"ListItem","position":2,"name":"Materiales con el n\u00famero 26 de Galilea.153"}]},{"@type":"WebSite","@id":"https:\/\/www.cpl.es\/galilea\/#website","url":"https:\/\/www.cpl.es\/galilea\/","name":"Galilea.153","description":"Liturgia, pastoral, vida cristiana","publisher":{"@id":"https:\/\/www.cpl.es\/galilea\/#organization"},"potentialAction":[{"@type":"SearchAction","target":{"@type":"EntryPoint","urlTemplate":"https:\/\/www.cpl.es\/galilea\/?s={search_term_string}"},"query-input":{"@type":"PropertyValueSpecification","valueRequired":true,"valueName":"search_term_string"}}],"inLanguage":"ca"},{"@type":"Organization","@id":"https:\/\/www.cpl.es\/galilea\/#organization","name":"Centre de Pastoral Lit\u00fargica","url":"https:\/\/www.cpl.es\/galilea\/","logo":{"@type":"ImageObject","inLanguage":"ca","@id":"https:\/\/www.cpl.es\/galilea\/#\/schema\/logo\/image\/","url":"https:\/\/i0.wp.com\/ivory-newt-719188.hostingersite.com\/wp-content\/uploads\/2022\/10\/perfil-xarxes-400x400-1.jpg?fit=400%2C400&ssl=1","contentUrl":"https:\/\/i0.wp.com\/ivory-newt-719188.hostingersite.com\/wp-content\/uploads\/2022\/10\/perfil-xarxes-400x400-1.jpg?fit=400%2C400&ssl=1","width":400,"height":400,"caption":"Centre de Pastoral Lit\u00fargica"},"image":{"@id":"https:\/\/www.cpl.es\/galilea\/#\/schema\/logo\/image\/"},"sameAs":["https:\/\/www.facebook.com\/CPLeditorial","https:\/\/x.com\/CPLeditorial","https:\/\/www.instagram.com\/cpleditorial\/","https:\/\/www.youtube.com\/c\/CentredePastoralLitrgicaCPL"]}]}},"_links":{"self":[{"href":"https:\/\/www.cpl.es\/galilea\/ca\/wp-json\/wp\/v2\/pages\/2223"}],"collection":[{"href":"https:\/\/www.cpl.es\/galilea\/ca\/wp-json\/wp\/v2\/pages"}],"about":[{"href":"https:\/\/www.cpl.es\/galilea\/ca\/wp-json\/wp\/v2\/types\/page"}],"author":[{"embeddable":true,"href":"https:\/\/www.cpl.es\/galilea\/ca\/wp-json\/wp\/v2\/users\/1"}],"replies":[{"embeddable":true,"href":"https:\/\/www.cpl.es\/galilea\/ca\/wp-json\/wp\/v2\/comments?post=2223"}],"version-history":[{"count":1,"href":"https:\/\/www.cpl.es\/galilea\/ca\/wp-json\/wp\/v2\/pages\/2223\/revisions"}],"predecessor-version":[{"id":2224,"href":"https:\/\/www.cpl.es\/galilea\/ca\/wp-json\/wp\/v2\/pages\/2223\/revisions\/2224"}],"wp:attachment":[{"href":"https:\/\/www.cpl.es\/galilea\/ca\/wp-json\/wp\/v2\/media?parent=2223"}],"curies":[{"name":"wp","href":"https:\/\/api.w.org\/{rel}","templated":true}]}}