{"id":2180,"date":"2022-05-25T09:31:14","date_gmt":"2022-05-25T07:31:14","guid":{"rendered":"https:\/\/ivory-newt-719188.hostingersite.com\/?page_id=2180"},"modified":"2022-05-25T09:31:17","modified_gmt":"2022-05-25T07:31:17","slug":"materiales-con-el-num-25-de-galilea-153","status":"publish","type":"page","link":"https:\/\/www.cpl.es\/galilea\/ca\/materiales-con-el-num-25-de-galilea-153\/","title":{"rendered":"Materials amb el n\u00fam. 25 de Galilea.153"},"content":{"rendered":"<p>Aquest n\u00famero 25 de la revista Galilea.153 el dediquem a la viv\u00e8ncia cristiana en les fam\u00edlies.<\/p>\n\n\n\n<p>Aqu\u00ed us oferim continguts publicats pel Centre de Pastoral Lit\u00fargica sobre el tema que et poden interessar: <\/p>\n\n\n\n\n<table id=\"tablepress-30\" class=\"tablepress tablepress-id-30\">\n<thead>\n<tr class=\"row-1 odd\">\n\t<th class=\"column-1\"><figure id=\"attachment_2130\" aria-describedby=\"caption-attachment-2130\" style=\"width: 212px\" class=\"wp-caption alignnone\"><a href=\"http:\/\/ivory-newt-719188.hostingersite.com\/wp-content\/uploads\/2022\/05\/celebracio-casament.pdf\"><img loading=\"lazy\" decoding=\"async\" src=\"http:\/\/ivory-newt-719188.hostingersite.com\/wp-content\/uploads\/2022\/05\/celegracion-matrimonio-212x300.jpg\" alt=\"\" width=\"212\" height=\"300\" class=\"size-medium wp-image-2130\" srcset=\"https:\/\/www.cpl.es\/galilea\/wp-content\/uploads\/2022\/05\/celegracion-matrimonio-212x300.jpg 212w, https:\/\/www.cpl.es\/galilea\/wp-content\/uploads\/2022\/05\/celegracion-matrimonio-8x12.jpg 8w, https:\/\/www.cpl.es\/galilea\/wp-content\/uploads\/2022\/05\/celegracion-matrimonio.jpg 261w\" sizes=\"(max-width: 212px) 85vw, 212px\" \/><\/a><figcaption id=\"caption-attachment-2130\" class=\"wp-caption-text\">Full verd MD: Celebraci\u00f3 del matrimoni<\/figcaption><\/figure><\/th><th class=\"column-2\"><figure id=\"attachment_2132\" aria-describedby=\"caption-attachment-2132\" style=\"width: 212px\" class=\"wp-caption alignnone\"><a href=\"http:\/\/ivory-newt-719188.hostingersite.com\/wp-content\/uploads\/2022\/05\/aniversari-casament.pdf\"><img loading=\"lazy\" decoding=\"async\" src=\"http:\/\/ivory-newt-719188.hostingersite.com\/wp-content\/uploads\/2022\/05\/aniversario-matrimonio-212x300.jpg\" alt=\"\" width=\"212\" height=\"300\" class=\"size-medium wp-image-2132\" srcset=\"https:\/\/www.cpl.es\/galilea\/wp-content\/uploads\/2022\/05\/aniversario-matrimonio-212x300.jpg 212w, https:\/\/www.cpl.es\/galilea\/wp-content\/uploads\/2022\/05\/aniversario-matrimonio-8x12.jpg 8w, https:\/\/www.cpl.es\/galilea\/wp-content\/uploads\/2022\/05\/aniversario-matrimonio.jpg 261w\" sizes=\"(max-width: 212px) 85vw, 212px\" \/><\/a><figcaption id=\"caption-attachment-2132\" class=\"wp-caption-text\">Full verd MD: Aniversari del casament<\/figcaption><\/figure><\/th><th class=\"column-3\"><figure id=\"attachment_2134\" aria-describedby=\"caption-attachment-2134\" style=\"width: 214px\" class=\"wp-caption alignnone\"><a href=\"http:\/\/ivory-newt-719188.hostingersite.com\/wp-content\/uploads\/2022\/05\/homilies-matrimoni.pdf\"><img loading=\"lazy\" decoding=\"async\" src=\"http:\/\/ivory-newt-719188.hostingersite.com\/wp-content\/uploads\/2022\/05\/homilias-matrimonio-214x300.jpg\" alt=\"\" width=\"214\" height=\"300\" class=\"size-medium wp-image-2134\" srcset=\"https:\/\/www.cpl.es\/galilea\/wp-content\/uploads\/2022\/05\/homilias-matrimonio-214x300.jpg 214w, https:\/\/www.cpl.es\/galilea\/wp-content\/uploads\/2022\/05\/homilias-matrimonio-9x12.jpg 9w, https:\/\/www.cpl.es\/galilea\/wp-content\/uploads\/2022\/05\/homilias-matrimonio.jpg 264w\" sizes=\"(max-width: 214px) 85vw, 214px\" \/><\/a><figcaption id=\"caption-attachment-2134\" class=\"wp-caption-text\">Matrimoni. Celebraci\u00f3, lectures i homilies<\/figcaption><\/figure><\/th>\n<\/tr>\n<\/thead>\n<tbody class=\"row-hover\">\n<tr class=\"row-2 even\">\n\t<td class=\"column-1\"><figure id=\"attachment_2136\" aria-describedby=\"caption-attachment-2136\" style=\"width: 210px\" class=\"wp-caption alignnone\"><a href=\"http:\/\/ivory-newt-719188.hostingersite.com\/wp-content\/uploads\/2022\/05\/llibre-matrimonio.pdf\"><img loading=\"lazy\" decoding=\"async\" src=\"http:\/\/ivory-newt-719188.hostingersite.com\/wp-content\/uploads\/2022\/05\/libro-matrimonio-210x300.jpg\" alt=\"\" width=\"210\" height=\"300\" class=\"size-medium wp-image-2136\" srcset=\"https:\/\/www.cpl.es\/galilea\/wp-content\/uploads\/2022\/05\/libro-matrimonio-210x300.jpg 210w, https:\/\/www.cpl.es\/galilea\/wp-content\/uploads\/2022\/05\/libro-matrimonio-8x12.jpg 8w, https:\/\/www.cpl.es\/galilea\/wp-content\/uploads\/2022\/05\/libro-matrimonio.jpg 262w\" sizes=\"(max-width: 210px) 85vw, 210px\" \/><\/a><figcaption id=\"caption-attachment-2136\" class=\"wp-caption-text\">Llibre criti\u00e0 de la fam\u00edlia<\/figcaption><\/figure><\/td><td class=\"column-2\"><figure id=\"attachment_2138\" aria-describedby=\"caption-attachment-2138\" style=\"width: 211px\" class=\"wp-caption alignnone\"><a href=\"http:\/\/ivory-newt-719188.hostingersite.com\/wp-content\/uploads\/2022\/05\/pregaries-familia.pdf\"><img loading=\"lazy\" decoding=\"async\" src=\"http:\/\/ivory-newt-719188.hostingersite.com\/wp-content\/uploads\/2022\/05\/plegarias-familia-211x300.jpg\" alt=\"\" width=\"211\" height=\"300\" class=\"size-medium wp-image-2138\" srcset=\"https:\/\/www.cpl.es\/galilea\/wp-content\/uploads\/2022\/05\/plegarias-familia-211x300.jpg 211w, https:\/\/www.cpl.es\/galilea\/wp-content\/uploads\/2022\/05\/plegarias-familia-8x12.jpg 8w, https:\/\/www.cpl.es\/galilea\/wp-content\/uploads\/2022\/05\/plegarias-familia.jpg 331w\" sizes=\"(max-width: 211px) 85vw, 211px\" \/><\/a><figcaption id=\"caption-attachment-2138\" class=\"wp-caption-text\">Les preg\u00e0ries de la fam\u00edlia<\/figcaption><\/figure><\/td><td class=\"column-3\"><figure id=\"attachment_2141\" aria-describedby=\"caption-attachment-2141\" style=\"width: 163px\" class=\"wp-caption alignnone\"><a href=\"http:\/\/ivory-newt-719188.hostingersite.com\/wp-content\/uploads\/2022\/05\/testimonis-matrimonis.pdf\"><img loading=\"lazy\" decoding=\"async\" src=\"http:\/\/ivory-newt-719188.hostingersite.com\/wp-content\/uploads\/2022\/05\/testimonios-matrimonios-163x300.jpg\" alt=\"\" width=\"163\" height=\"300\" class=\"size-medium wp-image-2141\" srcset=\"https:\/\/www.cpl.es\/galilea\/wp-content\/uploads\/2022\/05\/testimonios-matrimonios-163x300.jpg 163w, https:\/\/www.cpl.es\/galilea\/wp-content\/uploads\/2022\/05\/testimonios-matrimonios-7x12.jpg 7w, https:\/\/www.cpl.es\/galilea\/wp-content\/uploads\/2022\/05\/testimonios-matrimonios.jpg 201w\" sizes=\"(max-width: 163px) 85vw, 163px\" \/><\/a><figcaption id=\"caption-attachment-2141\" class=\"wp-caption-text\">Testimonis cristians de matrimoni<\/figcaption><\/figure><\/td>\n<\/tr>\n<tr class=\"row-3 odd\">\n\t<td class=\"column-1\"><figure id=\"attachment_2139\" aria-describedby=\"caption-attachment-2139\" style=\"width: 225px\" class=\"wp-caption alignnone\"><a href=\"http:\/\/ivory-newt-719188.hostingersite.com\/wp-content\/uploads\/2022\/05\/Sant-Agusti-Pau-universal.pdf\"><img loading=\"lazy\" decoding=\"async\" src=\"http:\/\/ivory-newt-719188.hostingersite.com\/wp-content\/uploads\/2022\/05\/San-Agustin-paz-universal-225x300.jpg\" alt=\"\" width=\"225\" height=\"300\" class=\"size-medium wp-image-2139\" srcset=\"https:\/\/www.cpl.es\/galilea\/wp-content\/uploads\/2022\/05\/San-Agustin-paz-universal-225x300.jpg 225w, https:\/\/www.cpl.es\/galilea\/wp-content\/uploads\/2022\/05\/San-Agustin-paz-universal-9x12.jpg 9w, https:\/\/www.cpl.es\/galilea\/wp-content\/uploads\/2022\/05\/San-Agustin-paz-universal.jpg 278w\" sizes=\"(max-width: 225px) 85vw, 225px\" \/><\/a><figcaption id=\"caption-attachment-2139\" class=\"wp-caption-text\">Sant Agust\u00ed: pau universal<\/figcaption><\/figure><\/td><td class=\"column-2\"><figure id=\"attachment_2189\" aria-describedby=\"caption-attachment-2189\" style=\"width: 216px\" class=\"wp-caption alignnone\"><a href=\"http:\/\/ivory-newt-719188.hostingersite.com\/wp-content\/uploads\/2022\/05\/Paraula-celebrada-25b.pdf\"><img loading=\"lazy\" decoding=\"async\" src=\"http:\/\/ivory-newt-719188.hostingersite.com\/wp-content\/uploads\/2022\/05\/Palabra-celebrada-25b-216x300.jpg\" alt=\"\" width=\"216\" height=\"300\" class=\"size-medium wp-image-2189\" srcset=\"https:\/\/www.cpl.es\/galilea\/wp-content\/uploads\/2022\/05\/Palabra-celebrada-25b-216x300.jpg 216w, https:\/\/www.cpl.es\/galilea\/wp-content\/uploads\/2022\/05\/Palabra-celebrada-25b-9x12.jpg 9w, https:\/\/www.cpl.es\/galilea\/wp-content\/uploads\/2022\/05\/Palabra-celebrada-25b.jpg 439w\" sizes=\"(max-width: 216px) 85vw, 216px\" \/><\/a><figcaption id=\"caption-attachment-2189\" class=\"wp-caption-text\">La Paraula celebrada<\/figcaption><\/figure><\/td><td class=\"column-3\"><\/td>\n<\/tr>\n<\/tbody>\n<\/table>\n<!-- #tablepress-30 from cache -->","protected":false},"excerpt":{"rendered":"<p>Este n\u00famero 25 de la revista Galilea.153 lo dedicamos a la vivencia cristiana en las familias. Aqu\u00ed te ofrecemos contenidos de publicaciones por el Centre de Pastoral Lit\u00fargica sobre este tema que te pueden interesar:<\/p>","protected":false},"author":1,"featured_media":0,"parent":0,"menu_order":0,"comment_status":"closed","ping_status":"closed","template":"","meta":{"footnotes":""},"class_list":["post-2180","page","type-page","status-publish","hentry"],"yoast_head":"<!-- This site is optimized with the Yoast SEO plugin v23.5 - https:\/\/yoast.com\/wordpress\/plugins\/seo\/ -->\n<title>Materiales con el n\u00fam. 25 de Galilea.153 - Galilea.153<\/title>\n<meta name=\"description\" content=\"Aqu\u00ed te ofrecemos contenidos de publicaciones por el Centre de Pastoral Lit\u00fargica sobre las familias que te pueden interesar.\" \/>\n<meta name=\"robots\" content=\"index, follow, max-snippet:-1, max-image-preview:large, max-video-preview:-1\" \/>\n<link rel=\"canonical\" href=\"https:\/\/www.cpl.es\/galilea\/ca\/materiales-con-el-num-25-de-galilea-153\/\" \/>\n<meta property=\"og:locale\" content=\"ca_ES\" \/>\n<meta property=\"og:type\" content=\"article\" \/>\n<meta property=\"og:title\" content=\"Materiales con el n\u00fam. 25 de Galilea.153 - Galilea.153\" \/>\n<meta property=\"og:description\" content=\"Aqu\u00ed te ofrecemos contenidos de publicaciones por el Centre de Pastoral Lit\u00fargica sobre las familias que te pueden interesar.\" \/>\n<meta property=\"og:url\" content=\"https:\/\/www.cpl.es\/galilea\/ca\/materiales-con-el-num-25-de-galilea-153\/\" \/>\n<meta property=\"og:site_name\" content=\"Galilea.153\" \/>\n<meta property=\"article:publisher\" content=\"https:\/\/www.facebook.com\/CPLeditorial\" \/>\n<meta property=\"article:modified_time\" content=\"2022-05-25T07:31:17+00:00\" \/>\n<meta name=\"twitter:card\" content=\"summary_large_image\" \/>\n<meta name=\"twitter:site\" content=\"@CPLeditorial\" \/>\n<meta name=\"twitter:label1\" content=\"Temps estimat de lectura\" \/>\n\t<meta name=\"twitter:data1\" content=\"1 minut\" \/>\n<script type=\"application\/ld+json\" class=\"yoast-schema-graph\">{\"@context\":\"https:\/\/schema.org\",\"@graph\":[{\"@type\":\"WebPage\",\"@id\":\"https:\/\/www.cpl.es\/galilea\/materiales-con-el-num-25-de-galilea-153\/\",\"url\":\"https:\/\/www.cpl.es\/galilea\/materiales-con-el-num-25-de-galilea-153\/\",\"name\":\"Materiales con el n\u00fam. 25 de Galilea.153 - Galilea.153\",\"isPartOf\":{\"@id\":\"https:\/\/www.cpl.es\/galilea\/#website\"},\"datePublished\":\"2022-05-25T07:31:14+00:00\",\"dateModified\":\"2022-05-25T07:31:17+00:00\",\"description\":\"Aqu\u00ed te ofrecemos contenidos de publicaciones por el Centre de Pastoral Lit\u00fargica sobre las familias que te pueden interesar.\",\"breadcrumb\":{\"@id\":\"https:\/\/www.cpl.es\/galilea\/materiales-con-el-num-25-de-galilea-153\/#breadcrumb\"},\"inLanguage\":\"ca\",\"potentialAction\":[{\"@type\":\"ReadAction\",\"target\":[\"https:\/\/www.cpl.es\/galilea\/materiales-con-el-num-25-de-galilea-153\/\"]}]},{\"@type\":\"BreadcrumbList\",\"@id\":\"https:\/\/www.cpl.es\/galilea\/materiales-con-el-num-25-de-galilea-153\/#breadcrumb\",\"itemListElement\":[{\"@type\":\"ListItem\",\"position\":1,\"name\":\"Home\",\"item\":\"https:\/\/www.cpl.es\/galilea\/\"},{\"@type\":\"ListItem\",\"position\":2,\"name\":\"Materiales con el n\u00fam. 25 de Galilea.153\"}]},{\"@type\":\"WebSite\",\"@id\":\"https:\/\/www.cpl.es\/galilea\/#website\",\"url\":\"https:\/\/www.cpl.es\/galilea\/\",\"name\":\"Galilea.153\",\"description\":\"Liturgia, pastoral, vida cristiana\",\"publisher\":{\"@id\":\"https:\/\/www.cpl.es\/galilea\/#organization\"},\"potentialAction\":[{\"@type\":\"SearchAction\",\"target\":{\"@type\":\"EntryPoint\",\"urlTemplate\":\"https:\/\/www.cpl.es\/galilea\/?s={search_term_string}\"},\"query-input\":{\"@type\":\"PropertyValueSpecification\",\"valueRequired\":true,\"valueName\":\"search_term_string\"}}],\"inLanguage\":\"ca\"},{\"@type\":\"Organization\",\"@id\":\"https:\/\/www.cpl.es\/galilea\/#organization\",\"name\":\"Centre de Pastoral Lit\u00fargica\",\"url\":\"https:\/\/www.cpl.es\/galilea\/\",\"logo\":{\"@type\":\"ImageObject\",\"inLanguage\":\"ca\",\"@id\":\"https:\/\/www.cpl.es\/galilea\/#\/schema\/logo\/image\/\",\"url\":\"https:\/\/i0.wp.com\/ivory-newt-719188.hostingersite.com\/wp-content\/uploads\/2022\/10\/perfil-xarxes-400x400-1.jpg?fit=400%2C400&ssl=1\",\"contentUrl\":\"https:\/\/i0.wp.com\/ivory-newt-719188.hostingersite.com\/wp-content\/uploads\/2022\/10\/perfil-xarxes-400x400-1.jpg?fit=400%2C400&ssl=1\",\"width\":400,\"height\":400,\"caption\":\"Centre de Pastoral Lit\u00fargica\"},\"image\":{\"@id\":\"https:\/\/www.cpl.es\/galilea\/#\/schema\/logo\/image\/\"},\"sameAs\":[\"https:\/\/www.facebook.com\/CPLeditorial\",\"https:\/\/x.com\/CPLeditorial\",\"https:\/\/www.instagram.com\/cpleditorial\/\",\"https:\/\/www.youtube.com\/c\/CentredePastoralLitrgicaCPL\"]}]}<\/script>\n<!-- \/ Yoast SEO plugin. -->","yoast_head_json":{"title":"Materiales con el n\u00fam. 25 de Galilea.153 - Galilea.153","description":"Aqu\u00ed te ofrecemos contenidos de publicaciones por el Centre de Pastoral Lit\u00fargica sobre las familias que te pueden interesar.","robots":{"index":"index","follow":"follow","max-snippet":"max-snippet:-1","max-image-preview":"max-image-preview:large","max-video-preview":"max-video-preview:-1"},"canonical":"https:\/\/www.cpl.es\/galilea\/ca\/materiales-con-el-num-25-de-galilea-153\/","og_locale":"ca_ES","og_type":"article","og_title":"Materiales con el n\u00fam. 25 de Galilea.153 - Galilea.153","og_description":"Aqu\u00ed te ofrecemos contenidos de publicaciones por el Centre de Pastoral Lit\u00fargica sobre las familias que te pueden interesar.","og_url":"https:\/\/www.cpl.es\/galilea\/ca\/materiales-con-el-num-25-de-galilea-153\/","og_site_name":"Galilea.153","article_publisher":"https:\/\/www.facebook.com\/CPLeditorial","article_modified_time":"2022-05-25T07:31:17+00:00","twitter_card":"summary_large_image","twitter_site":"@CPLeditorial","twitter_misc":{"Temps estimat de lectura":"1 minut"},"schema":{"@context":"https:\/\/schema.org","@graph":[{"@type":"WebPage","@id":"https:\/\/www.cpl.es\/galilea\/materiales-con-el-num-25-de-galilea-153\/","url":"https:\/\/www.cpl.es\/galilea\/materiales-con-el-num-25-de-galilea-153\/","name":"Materiales con el n\u00fam. 25 de Galilea.153 - Galilea.153","isPartOf":{"@id":"https:\/\/www.cpl.es\/galilea\/#website"},"datePublished":"2022-05-25T07:31:14+00:00","dateModified":"2022-05-25T07:31:17+00:00","description":"Aqu\u00ed te ofrecemos contenidos de publicaciones por el Centre de Pastoral Lit\u00fargica sobre las familias que te pueden interesar.","breadcrumb":{"@id":"https:\/\/www.cpl.es\/galilea\/materiales-con-el-num-25-de-galilea-153\/#breadcrumb"},"inLanguage":"ca","potentialAction":[{"@type":"ReadAction","target":["https:\/\/www.cpl.es\/galilea\/materiales-con-el-num-25-de-galilea-153\/"]}]},{"@type":"BreadcrumbList","@id":"https:\/\/www.cpl.es\/galilea\/materiales-con-el-num-25-de-galilea-153\/#breadcrumb","itemListElement":[{"@type":"ListItem","position":1,"name":"Home","item":"https:\/\/www.cpl.es\/galilea\/"},{"@type":"ListItem","position":2,"name":"Materiales con el n\u00fam. 25 de Galilea.153"}]},{"@type":"WebSite","@id":"https:\/\/www.cpl.es\/galilea\/#website","url":"https:\/\/www.cpl.es\/galilea\/","name":"Galilea.153","description":"Liturgia, pastoral, vida cristiana","publisher":{"@id":"https:\/\/www.cpl.es\/galilea\/#organization"},"potentialAction":[{"@type":"SearchAction","target":{"@type":"EntryPoint","urlTemplate":"https:\/\/www.cpl.es\/galilea\/?s={search_term_string}"},"query-input":{"@type":"PropertyValueSpecification","valueRequired":true,"valueName":"search_term_string"}}],"inLanguage":"ca"},{"@type":"Organization","@id":"https:\/\/www.cpl.es\/galilea\/#organization","name":"Centre de Pastoral Lit\u00fargica","url":"https:\/\/www.cpl.es\/galilea\/","logo":{"@type":"ImageObject","inLanguage":"ca","@id":"https:\/\/www.cpl.es\/galilea\/#\/schema\/logo\/image\/","url":"https:\/\/i0.wp.com\/ivory-newt-719188.hostingersite.com\/wp-content\/uploads\/2022\/10\/perfil-xarxes-400x400-1.jpg?fit=400%2C400&ssl=1","contentUrl":"https:\/\/i0.wp.com\/ivory-newt-719188.hostingersite.com\/wp-content\/uploads\/2022\/10\/perfil-xarxes-400x400-1.jpg?fit=400%2C400&ssl=1","width":400,"height":400,"caption":"Centre de Pastoral Lit\u00fargica"},"image":{"@id":"https:\/\/www.cpl.es\/galilea\/#\/schema\/logo\/image\/"},"sameAs":["https:\/\/www.facebook.com\/CPLeditorial","https:\/\/x.com\/CPLeditorial","https:\/\/www.instagram.com\/cpleditorial\/","https:\/\/www.youtube.com\/c\/CentredePastoralLitrgicaCPL"]}]}},"_links":{"self":[{"href":"https:\/\/www.cpl.es\/galilea\/ca\/wp-json\/wp\/v2\/pages\/2180"}],"collection":[{"href":"https:\/\/www.cpl.es\/galilea\/ca\/wp-json\/wp\/v2\/pages"}],"about":[{"href":"https:\/\/www.cpl.es\/galilea\/ca\/wp-json\/wp\/v2\/types\/page"}],"author":[{"embeddable":true,"href":"https:\/\/www.cpl.es\/galilea\/ca\/wp-json\/wp\/v2\/users\/1"}],"replies":[{"embeddable":true,"href":"https:\/\/www.cpl.es\/galilea\/ca\/wp-json\/wp\/v2\/comments?post=2180"}],"version-history":[{"count":1,"href":"https:\/\/www.cpl.es\/galilea\/ca\/wp-json\/wp\/v2\/pages\/2180\/revisions"}],"predecessor-version":[{"id":2181,"href":"https:\/\/www.cpl.es\/galilea\/ca\/wp-json\/wp\/v2\/pages\/2180\/revisions\/2181"}],"wp:attachment":[{"href":"https:\/\/www.cpl.es\/galilea\/ca\/wp-json\/wp\/v2\/media?parent=2180"}],"curies":[{"name":"wp","href":"https:\/\/api.w.org\/{rel}","templated":true}]}}