{"id":2014,"date":"2022-03-14T13:47:46","date_gmt":"2022-03-14T11:47:46","guid":{"rendered":"http:\/\/ivory-newt-719188.hostingersite.com\/?page_id=2014"},"modified":"2022-12-14T10:49:32","modified_gmt":"2022-12-14T08:49:32","slug":"material-del-num-24-de-galilea-153","status":"publish","type":"page","link":"https:\/\/www.cpl.es\/galilea\/ca\/material-del-num-24-de-galilea-153\/","title":{"rendered":"Materials amb el n\u00fam. 24 de Galilea.153"},"content":{"rendered":"<p>Aquest n\u00famero 24 de la revista Galilea.153 el dediquem a mirar la sinodalitat de l'Esgl\u00e9sia.<\/p>\n\n\n\n<p>Aqu\u00ed us oferim continguts de publicacions del Centre de Pastoral Lit\u00fargica sobre el tema que et poden interessar:<\/p>\n\n\n\n\n<table id=\"tablepress-28\" class=\"tablepress tablepress-id-28\">\n<thead>\n<tr class=\"row-1 odd\">\n\t<th class=\"column-1\"><figure id=\"attachment_1982\" aria-describedby=\"caption-attachment-1982\" style=\"width: 234px\" class=\"wp-caption alignnone\"><a href=\"http:\/\/ivory-newt-719188.hostingersite.com\/wp-content\/uploads\/2022\/03\/Caminar-juntos.pdf\"><img loading=\"lazy\" decoding=\"async\" src=\"http:\/\/ivory-newt-719188.hostingersite.com\/wp-content\/uploads\/2022\/03\/Caminar-juntos.jpg\" alt=\"\" width=\"234\" height=\"370\" class=\"size-full wp-image-1982\" srcset=\"https:\/\/www.cpl.es\/galilea\/wp-content\/uploads\/2022\/03\/Caminar-juntos.jpg 234w, https:\/\/www.cpl.es\/galilea\/wp-content\/uploads\/2022\/03\/Caminar-juntos-190x300.jpg 190w\" sizes=\"(max-width: 234px) 85vw, 234px\" \/><\/a><figcaption id=\"caption-attachment-1982\" class=\"wp-caption-text\">La sinodalidad como el \u00abcaminar juntos\u00bb en la Iglesia<\/figcaption><\/figure><\/th><th class=\"column-2\"><figure id=\"attachment_1989\" aria-describedby=\"caption-attachment-1989\" style=\"width: 262px\" class=\"wp-caption alignnone\"><a href=\"http:\/\/ivory-newt-719188.hostingersite.com\/wp-content\/uploads\/2022\/03\/Hoja-verde-paz.pdf\"><img loading=\"lazy\" decoding=\"async\" src=\"http:\/\/ivory-newt-719188.hostingersite.com\/wp-content\/uploads\/2022\/03\/Hoja-verde-paz.jpg\" alt=\"\" width=\"262\" height=\"370\" class=\"size-full wp-image-1989\" srcset=\"https:\/\/www.cpl.es\/galilea\/wp-content\/uploads\/2022\/03\/Hoja-verde-paz.jpg 262w, https:\/\/www.cpl.es\/galilea\/wp-content\/uploads\/2022\/03\/Hoja-verde-paz-212x300.jpg 212w\" sizes=\"(max-width: 262px) 85vw, 262px\" \/><\/a><figcaption id=\"caption-attachment-1989\" class=\"wp-caption-text\">Oraci\u00f3n por la paz<\/figcaption><\/figure><\/th><th class=\"column-3\"><figure id=\"attachment_1980\" aria-describedby=\"caption-attachment-1980\" style=\"width: 262px\" class=\"wp-caption alignnone\"><a href=\"http:\/\/ivory-newt-719188.hostingersite.com\/wp-content\/uploads\/2022\/03\/sinodalidad.pdf\"><img loading=\"lazy\" decoding=\"async\" src=\"http:\/\/ivory-newt-719188.hostingersite.com\/wp-content\/uploads\/2022\/03\/sinodalidad.jpg\" alt=\"\" width=\"262\" height=\"370\" class=\"size-full wp-image-1980\" srcset=\"https:\/\/www.cpl.es\/galilea\/wp-content\/uploads\/2022\/03\/sinodalidad.jpg 262w, https:\/\/www.cpl.es\/galilea\/wp-content\/uploads\/2022\/03\/sinodalidad-212x300.jpg 212w\" sizes=\"(max-width: 262px) 85vw, 262px\" \/><\/a><figcaption id=\"caption-attachment-1980\" class=\"wp-caption-text\">Hoja verda MD: Sinodalidad<\/figcaption><\/figure><\/th>\n<\/tr>\n<\/thead>\n<tbody class=\"row-hover\">\n<tr class=\"row-2 even\">\n\t<td class=\"column-1\"><figure id=\"attachment_1978\" aria-describedby=\"caption-attachment-1978\" style=\"width: 439px\" class=\"wp-caption alignnone\"><a href=\"http:\/\/ivory-newt-719188.hostingersite.com\/wp-content\/uploads\/2022\/03\/Palabra-celebrada-24.pdf\"><img loading=\"lazy\" decoding=\"async\" src=\"http:\/\/ivory-newt-719188.hostingersite.com\/wp-content\/uploads\/2022\/03\/Palabra-celebrada-24.jpg\" alt=\"\" width=\"234\" height=\"370\" class=\"size-full wp-image-1978\" \/><\/a><figcaption id=\"caption-attachment-1978\" class=\"wp-caption-text\">La Paraula celebrada<\/figcaption><\/figure><\/td><td class=\"column-2\"><figure id=\"attachment_1987\" aria-describedby=\"caption-attachment-1987\" style=\"width: 264px\" class=\"wp-caption alignnone\"><a href=\"http:\/\/ivory-newt-719188.hostingersite.com\/wp-content\/uploads\/2022\/03\/Hoja-verde-tablero.pdf\"><img loading=\"lazy\" decoding=\"async\" src=\"http:\/\/ivory-newt-719188.hostingersite.com\/wp-content\/uploads\/2022\/03\/Hoja-verda-tablero.jpg\" alt=\"\" width=\"264\" height=\"370\" class=\"size-full wp-image-1987\" srcset=\"https:\/\/www.cpl.es\/galilea\/wp-content\/uploads\/2022\/03\/Hoja-verda-tablero.jpg 264w, https:\/\/www.cpl.es\/galilea\/wp-content\/uploads\/2022\/03\/Hoja-verda-tablero-214x300.jpg 214w\" sizes=\"(max-width: 264px) 85vw, 264px\" \/><\/a><figcaption id=\"caption-attachment-1987\" class=\"wp-caption-text\">Hoja verde MD: Juego el camino sinodal<\/figcaption><\/figure><\/td><td class=\"column-3\"><figure id=\"attachment_1986\" aria-describedby=\"caption-attachment-1986\" style=\"width: 264px\" class=\"wp-caption alignnone\"><a href=\"http:\/\/ivory-newt-719188.hostingersite.com\/wp-content\/uploads\/2022\/03\/Hoja-verde-material-tablero.pdf\"><img loading=\"lazy\" decoding=\"async\" src=\"http:\/\/ivory-newt-719188.hostingersite.com\/wp-content\/uploads\/2022\/03\/Hoja-verda-material-tablero.jpg\" alt=\"\" width=\"264\" height=\"370\" class=\"size-full wp-image-1986\" srcset=\"https:\/\/www.cpl.es\/galilea\/wp-content\/uploads\/2022\/03\/Hoja-verda-material-tablero.jpg 264w, https:\/\/www.cpl.es\/galilea\/wp-content\/uploads\/2022\/03\/Hoja-verda-material-tablero-214x300.jpg 214w\" sizes=\"(max-width: 264px) 85vw, 264px\" \/><\/a><figcaption id=\"caption-attachment-1986\" class=\"wp-caption-text\">Hoja verde MD: Material del tablero del juego<\/figcaption><\/figure><\/td>\n<\/tr>\n<tr class=\"row-3 odd\">\n\t<td class=\"column-1\"><figure id=\"attachment_1984\" aria-describedby=\"caption-attachment-1984\" style=\"width: 278px\" class=\"wp-caption alignnone\"><a href=\"http:\/\/ivory-newt-719188.hostingersite.com\/wp-content\/uploads\/2022\/03\/Cipriano.pdf\"><img loading=\"lazy\" decoding=\"async\" src=\"http:\/\/ivory-newt-719188.hostingersite.com\/wp-content\/uploads\/2022\/03\/Cipriano-e1647247150859.jpg\" alt=\"\" width=\"278\" height=\"370\" class=\"size-full wp-image-1984\" \/><\/a><figcaption id=\"caption-attachment-1984\" class=\"wp-caption-text\">San Cipriano<\/figcaption><\/figure><\/td><td class=\"column-2\"><\/td><td class=\"column-3\"><\/td>\n<\/tr>\n<\/tbody>\n<\/table>","protected":false},"excerpt":{"rendered":"<p>Este n\u00famero 24 de la revista Galilea.153 lo dedicamos a mirar la sinodalidad de la Iglesia. Aqu\u00ed te ofrecemos contenidos de publicaciones del Centre de Pastoral Lit\u00fargica sobre este tema que te pueden interesar:<\/p>","protected":false},"author":1,"featured_media":0,"parent":0,"menu_order":0,"comment_status":"closed","ping_status":"closed","template":"","meta":{"footnotes":""},"class_list":["post-2014","page","type-page","status-publish","hentry"],"yoast_head":"<!-- This site is optimized with the Yoast SEO plugin v23.5 - https:\/\/yoast.com\/wordpress\/plugins\/seo\/ -->\n<title>Materiales con el n\u00fam. 24 de Galilea.153 - Galilea.153<\/title>\n<meta name=\"description\" content=\"Ofrecemos contenidos de publicaciones del Centre de Pastoral Lit\u00fargica sobre la sinodalidad en la Iglesia cat\u00f3lica.\" \/>\n<meta name=\"robots\" content=\"index, follow, max-snippet:-1, max-image-preview:large, max-video-preview:-1\" \/>\n<link rel=\"canonical\" href=\"https:\/\/www.cpl.es\/galilea\/ca\/material-del-num-24-de-galilea-153\/\" \/>\n<meta property=\"og:locale\" content=\"ca_ES\" \/>\n<meta property=\"og:type\" content=\"article\" \/>\n<meta property=\"og:title\" content=\"Materiales con el n\u00fam. 24 de Galilea.153 - Galilea.153\" \/>\n<meta property=\"og:description\" content=\"Ofrecemos contenidos de publicaciones del Centre de Pastoral Lit\u00fargica sobre la sinodalidad en la Iglesia cat\u00f3lica.\" \/>\n<meta property=\"og:url\" content=\"https:\/\/www.cpl.es\/galilea\/ca\/material-del-num-24-de-galilea-153\/\" \/>\n<meta property=\"og:site_name\" content=\"Galilea.153\" \/>\n<meta property=\"article:publisher\" content=\"https:\/\/www.facebook.com\/CPLeditorial\" \/>\n<meta property=\"article:modified_time\" content=\"2022-12-14T08:49:32+00:00\" \/>\n<meta name=\"twitter:card\" content=\"summary_large_image\" \/>\n<meta name=\"twitter:site\" content=\"@CPLeditorial\" \/>\n<meta name=\"twitter:label1\" content=\"Temps estimat de lectura\" \/>\n\t<meta name=\"twitter:data1\" content=\"1 minut\" \/>\n<script type=\"application\/ld+json\" class=\"yoast-schema-graph\">{\"@context\":\"https:\/\/schema.org\",\"@graph\":[{\"@type\":\"WebPage\",\"@id\":\"https:\/\/www.cpl.es\/galilea\/material-del-num-24-de-galilea-153\/\",\"url\":\"https:\/\/www.cpl.es\/galilea\/material-del-num-24-de-galilea-153\/\",\"name\":\"Materiales con el n\u00fam. 24 de Galilea.153 - Galilea.153\",\"isPartOf\":{\"@id\":\"https:\/\/www.cpl.es\/galilea\/#website\"},\"datePublished\":\"2022-03-14T11:47:46+00:00\",\"dateModified\":\"2022-12-14T08:49:32+00:00\",\"description\":\"Ofrecemos contenidos de publicaciones del Centre de Pastoral Lit\u00fargica sobre la sinodalidad en la Iglesia cat\u00f3lica.\",\"breadcrumb\":{\"@id\":\"https:\/\/www.cpl.es\/galilea\/material-del-num-24-de-galilea-153\/#breadcrumb\"},\"inLanguage\":\"ca\",\"potentialAction\":[{\"@type\":\"ReadAction\",\"target\":[\"https:\/\/www.cpl.es\/galilea\/material-del-num-24-de-galilea-153\/\"]}]},{\"@type\":\"BreadcrumbList\",\"@id\":\"https:\/\/www.cpl.es\/galilea\/material-del-num-24-de-galilea-153\/#breadcrumb\",\"itemListElement\":[{\"@type\":\"ListItem\",\"position\":1,\"name\":\"Home\",\"item\":\"https:\/\/www.cpl.es\/galilea\/\"},{\"@type\":\"ListItem\",\"position\":2,\"name\":\"Materiales con el n\u00fam. 24 de Galilea.153\"}]},{\"@type\":\"WebSite\",\"@id\":\"https:\/\/www.cpl.es\/galilea\/#website\",\"url\":\"https:\/\/www.cpl.es\/galilea\/\",\"name\":\"Galilea.153\",\"description\":\"Liturgia, pastoral, vida cristiana\",\"publisher\":{\"@id\":\"https:\/\/www.cpl.es\/galilea\/#organization\"},\"potentialAction\":[{\"@type\":\"SearchAction\",\"target\":{\"@type\":\"EntryPoint\",\"urlTemplate\":\"https:\/\/www.cpl.es\/galilea\/?s={search_term_string}\"},\"query-input\":{\"@type\":\"PropertyValueSpecification\",\"valueRequired\":true,\"valueName\":\"search_term_string\"}}],\"inLanguage\":\"ca\"},{\"@type\":\"Organization\",\"@id\":\"https:\/\/www.cpl.es\/galilea\/#organization\",\"name\":\"Centre de Pastoral Lit\u00fargica\",\"url\":\"https:\/\/www.cpl.es\/galilea\/\",\"logo\":{\"@type\":\"ImageObject\",\"inLanguage\":\"ca\",\"@id\":\"https:\/\/www.cpl.es\/galilea\/#\/schema\/logo\/image\/\",\"url\":\"https:\/\/i0.wp.com\/ivory-newt-719188.hostingersite.com\/wp-content\/uploads\/2022\/10\/perfil-xarxes-400x400-1.jpg?fit=400%2C400&ssl=1\",\"contentUrl\":\"https:\/\/i0.wp.com\/ivory-newt-719188.hostingersite.com\/wp-content\/uploads\/2022\/10\/perfil-xarxes-400x400-1.jpg?fit=400%2C400&ssl=1\",\"width\":400,\"height\":400,\"caption\":\"Centre de Pastoral Lit\u00fargica\"},\"image\":{\"@id\":\"https:\/\/www.cpl.es\/galilea\/#\/schema\/logo\/image\/\"},\"sameAs\":[\"https:\/\/www.facebook.com\/CPLeditorial\",\"https:\/\/x.com\/CPLeditorial\",\"https:\/\/www.instagram.com\/cpleditorial\/\",\"https:\/\/www.youtube.com\/c\/CentredePastoralLitrgicaCPL\"]}]}<\/script>\n<!-- \/ Yoast SEO plugin. -->","yoast_head_json":{"title":"Materiales con el n\u00fam. 24 de Galilea.153 - Galilea.153","description":"Ofrecemos contenidos de publicaciones del Centre de Pastoral Lit\u00fargica sobre la sinodalidad en la Iglesia cat\u00f3lica.","robots":{"index":"index","follow":"follow","max-snippet":"max-snippet:-1","max-image-preview":"max-image-preview:large","max-video-preview":"max-video-preview:-1"},"canonical":"https:\/\/www.cpl.es\/galilea\/ca\/material-del-num-24-de-galilea-153\/","og_locale":"ca_ES","og_type":"article","og_title":"Materiales con el n\u00fam. 24 de Galilea.153 - Galilea.153","og_description":"Ofrecemos contenidos de publicaciones del Centre de Pastoral Lit\u00fargica sobre la sinodalidad en la Iglesia cat\u00f3lica.","og_url":"https:\/\/www.cpl.es\/galilea\/ca\/material-del-num-24-de-galilea-153\/","og_site_name":"Galilea.153","article_publisher":"https:\/\/www.facebook.com\/CPLeditorial","article_modified_time":"2022-12-14T08:49:32+00:00","twitter_card":"summary_large_image","twitter_site":"@CPLeditorial","twitter_misc":{"Temps estimat de lectura":"1 minut"},"schema":{"@context":"https:\/\/schema.org","@graph":[{"@type":"WebPage","@id":"https:\/\/www.cpl.es\/galilea\/material-del-num-24-de-galilea-153\/","url":"https:\/\/www.cpl.es\/galilea\/material-del-num-24-de-galilea-153\/","name":"Materiales con el n\u00fam. 24 de Galilea.153 - Galilea.153","isPartOf":{"@id":"https:\/\/www.cpl.es\/galilea\/#website"},"datePublished":"2022-03-14T11:47:46+00:00","dateModified":"2022-12-14T08:49:32+00:00","description":"Ofrecemos contenidos de publicaciones del Centre de Pastoral Lit\u00fargica sobre la sinodalidad en la Iglesia cat\u00f3lica.","breadcrumb":{"@id":"https:\/\/www.cpl.es\/galilea\/material-del-num-24-de-galilea-153\/#breadcrumb"},"inLanguage":"ca","potentialAction":[{"@type":"ReadAction","target":["https:\/\/www.cpl.es\/galilea\/material-del-num-24-de-galilea-153\/"]}]},{"@type":"BreadcrumbList","@id":"https:\/\/www.cpl.es\/galilea\/material-del-num-24-de-galilea-153\/#breadcrumb","itemListElement":[{"@type":"ListItem","position":1,"name":"Home","item":"https:\/\/www.cpl.es\/galilea\/"},{"@type":"ListItem","position":2,"name":"Materiales con el n\u00fam. 24 de Galilea.153"}]},{"@type":"WebSite","@id":"https:\/\/www.cpl.es\/galilea\/#website","url":"https:\/\/www.cpl.es\/galilea\/","name":"Galilea.153","description":"Liturgia, pastoral, vida cristiana","publisher":{"@id":"https:\/\/www.cpl.es\/galilea\/#organization"},"potentialAction":[{"@type":"SearchAction","target":{"@type":"EntryPoint","urlTemplate":"https:\/\/www.cpl.es\/galilea\/?s={search_term_string}"},"query-input":{"@type":"PropertyValueSpecification","valueRequired":true,"valueName":"search_term_string"}}],"inLanguage":"ca"},{"@type":"Organization","@id":"https:\/\/www.cpl.es\/galilea\/#organization","name":"Centre de Pastoral Lit\u00fargica","url":"https:\/\/www.cpl.es\/galilea\/","logo":{"@type":"ImageObject","inLanguage":"ca","@id":"https:\/\/www.cpl.es\/galilea\/#\/schema\/logo\/image\/","url":"https:\/\/i0.wp.com\/ivory-newt-719188.hostingersite.com\/wp-content\/uploads\/2022\/10\/perfil-xarxes-400x400-1.jpg?fit=400%2C400&ssl=1","contentUrl":"https:\/\/i0.wp.com\/ivory-newt-719188.hostingersite.com\/wp-content\/uploads\/2022\/10\/perfil-xarxes-400x400-1.jpg?fit=400%2C400&ssl=1","width":400,"height":400,"caption":"Centre de Pastoral Lit\u00fargica"},"image":{"@id":"https:\/\/www.cpl.es\/galilea\/#\/schema\/logo\/image\/"},"sameAs":["https:\/\/www.facebook.com\/CPLeditorial","https:\/\/x.com\/CPLeditorial","https:\/\/www.instagram.com\/cpleditorial\/","https:\/\/www.youtube.com\/c\/CentredePastoralLitrgicaCPL"]}]}},"_links":{"self":[{"href":"https:\/\/www.cpl.es\/galilea\/ca\/wp-json\/wp\/v2\/pages\/2014"}],"collection":[{"href":"https:\/\/www.cpl.es\/galilea\/ca\/wp-json\/wp\/v2\/pages"}],"about":[{"href":"https:\/\/www.cpl.es\/galilea\/ca\/wp-json\/wp\/v2\/types\/page"}],"author":[{"embeddable":true,"href":"https:\/\/www.cpl.es\/galilea\/ca\/wp-json\/wp\/v2\/users\/1"}],"replies":[{"embeddable":true,"href":"https:\/\/www.cpl.es\/galilea\/ca\/wp-json\/wp\/v2\/comments?post=2014"}],"version-history":[{"count":4,"href":"https:\/\/www.cpl.es\/galilea\/ca\/wp-json\/wp\/v2\/pages\/2014\/revisions"}],"predecessor-version":[{"id":2394,"href":"https:\/\/www.cpl.es\/galilea\/ca\/wp-json\/wp\/v2\/pages\/2014\/revisions\/2394"}],"wp:attachment":[{"href":"https:\/\/www.cpl.es\/galilea\/ca\/wp-json\/wp\/v2\/media?parent=2014"}],"curies":[{"name":"wp","href":"https:\/\/api.w.org\/{rel}","templated":true}]}}