{"id":1862,"date":"2021-10-27T15:51:50","date_gmt":"2021-10-27T13:51:50","guid":{"rendered":"http:\/\/ivory-newt-719188.hostingersite.com\/?page_id=1862"},"modified":"2022-05-10T12:51:05","modified_gmt":"2022-05-10T10:51:05","slug":"material-del-num-22-de-galilea-153","status":"publish","type":"page","link":"https:\/\/www.cpl.es\/galilea\/ca\/material-del-num-22-de-galilea-153\/","title":{"rendered":"Materials amb el n\u00fam. 22 de Galilea.153"},"content":{"rendered":"<p>Aquest n\u00famero 22 de la revista <em>Galilea. 153<\/em> el dediquem a obrir-nos a la llibertad que ens ofereix la fe en D\u00e9u.<\/p>\n\n\n\n<p>Aqu\u00ed us oferim continguts de publicacions del Centre de Pastoral Lit\u00fargica sobre el tema que et poden interessar:<\/p>\n\n\n\n<table id=\"tablepress-24\" class=\"tablepress tablepress-id-24\">\n<thead>\n<tr class=\"row-1 odd\">\n\t<th class=\"column-1\"><figure id=\"attachment_1858\" aria-describedby=\"caption-attachment-1858\" style=\"width: 188px\" class=\"wp-caption alignnone\"><a href=\"http:\/\/ivory-newt-719188.hostingersite.com\/wp-content\/uploads\/2021\/11\/principis-humanitat.pdf\"><img loading=\"lazy\" decoding=\"async\" src=\"http:\/\/ivory-newt-719188.hostingersite.com\/wp-content\/uploads\/2021\/10\/principios-humanidad-188x300.jpg\" alt=\"\" width=\"188\" height=\"300\" class=\"size-medium wp-image-1858\" \/><\/a><figcaption id=\"caption-attachment-1858\" class=\"wp-caption-text\">Set principis d'humanitat<\/figcaption><\/figure><\/th><th class=\"column-2\"><figure id=\"attachment_1856\" aria-describedby=\"caption-attachment-1856\" style=\"width: 217px\" class=\"wp-caption alignnone\"><a href=\"http:\/\/ivory-newt-719188.hostingersite.com\/wp-content\/uploads\/2021\/11\/per-ser-lliure.pdf\"><img loading=\"lazy\" decoding=\"async\" src=\"http:\/\/ivory-newt-719188.hostingersite.com\/wp-content\/uploads\/2021\/10\/para-ser-libre-217x300.jpg\" alt=\"\" width=\"217\" height=\"300\" class=\"size-medium wp-image-1856\" \/><\/a><figcaption id=\"caption-attachment-1856\" class=\"wp-caption-text\">Textos per a sentir-se lliure<\/figcaption><\/figure><\/th>\n<\/tr>\n<\/thead>\n<tbody class=\"row-hover\">\n<tr class=\"row-2 even\">\n\t<td class=\"column-1\"><figure id=\"attachment_1902\" aria-describedby=\"caption-attachment-1902\" style=\"width: 300px\" class=\"wp-caption alignnone\"><a href=\"https:\/\/www.cpl.es\/galilea\/wp-content\/uploads\/2021\/11\/evangeli-epifania-baptisme.pdf\"><img loading=\"lazy\" decoding=\"async\" src=\"https:\/\/www.cpl.es\/galilea\/wp-content\/uploads\/2021\/11\/evangelio-epifania-bautismo-300x300.jpg\" alt=\"\" width=\"300\" height=\"300\" class=\"size-medium wp-image-1902\" \/><\/a><figcaption id=\"caption-attachment-1902\" class=\"wp-caption-text\">L'evangeli al mig de la vida. Cicle C<\/figcaption><\/figure><\/td><td class=\"column-2\"><figure id=\"attachment_1852\" aria-describedby=\"caption-attachment-1852\" style=\"width: 215px\" class=\"wp-caption alignnone\"><a href=\"http:\/\/ivory-newt-719188.hostingersite.com\/wp-content\/uploads\/2021\/11\/corona-advent.pdf\"><img loading=\"lazy\" decoding=\"async\" src=\"http:\/\/ivory-newt-719188.hostingersite.com\/wp-content\/uploads\/2021\/10\/corona-adviento-215x300.jpg\" alt=\"\" width=\"215\" height=\"300\" class=\"size-medium wp-image-1852\" \/><\/a><figcaption id=\"caption-attachment-1852\" class=\"wp-caption-text\">La corona d'Advent<\/figcaption><\/figure><\/td>\n<\/tr>\n<tr class=\"row-3 odd\">\n\t<td class=\"column-1\"><figure id=\"attachment_1850\" aria-describedby=\"caption-attachment-1850\" style=\"width: 225px\" class=\"wp-caption alignnone\"><a href=\"http:\/\/ivory-newt-719188.hostingersite.com\/wp-content\/uploads\/2022\/12\/Agusti-Jesus.pdf\"><img loading=\"lazy\" decoding=\"async\" src=\"http:\/\/ivory-newt-719188.hostingersite.com\/wp-content\/uploads\/2021\/10\/Agustin-Jesus-Nazaret-225x300.jpg\" alt=\"\" width=\"225\" height=\"300\" class=\"size-medium wp-image-1850\" srcset=\"https:\/\/www.cpl.es\/galilea\/wp-content\/uploads\/2021\/10\/Agustin-Jesus-Nazaret-225x300.jpg 225w, https:\/\/www.cpl.es\/galilea\/wp-content\/uploads\/2021\/10\/Agustin-Jesus-Nazaret-768x1024.jpg 768w, https:\/\/www.cpl.es\/galilea\/wp-content\/uploads\/2021\/10\/Agustin-Jesus-Nazaret-1152x1536.jpg 1152w, https:\/\/www.cpl.es\/galilea\/wp-content\/uploads\/2021\/10\/Agustin-Jesus-Nazaret-1536x2048.jpg 1536w, https:\/\/www.cpl.es\/galilea\/wp-content\/uploads\/2021\/10\/Agustin-Jesus-Nazaret-1200x1600.jpg 1200w, https:\/\/www.cpl.es\/galilea\/wp-content\/uploads\/2021\/10\/Agustin-Jesus-Nazaret-scaled.jpg 1920w\" sizes=\"(max-width: 225px) 85vw, 225px\" \/><\/a><figcaption id=\"caption-attachment-1850\" class=\"wp-caption-text\">Sant Agust\u00ed: Jes\u00fas de Natzaret<\/figcaption><\/figure><\/td><td class=\"column-2\"><figure id=\"attachment_1891\" aria-describedby=\"caption-attachment-1891\" style=\"width: 216px\" class=\"wp-caption alignnone\"><a href=\"http:\/\/ivory-newt-719188.hostingersite.com\/wp-content\/uploads\/2021\/11\/paraula-celebrada.pdf\"><img loading=\"lazy\" decoding=\"async\" src=\"http:\/\/ivory-newt-719188.hostingersite.com\/wp-content\/uploads\/2021\/11\/Palabra-celebrada-22-216x300.jpg\" alt=\"\" width=\"216\" height=\"300\" class=\"size-medium wp-image-1891\" srcset=\"https:\/\/www.cpl.es\/galilea\/wp-content\/uploads\/2021\/11\/Palabra-celebrada-22-216x300.jpg 216w, https:\/\/www.cpl.es\/galilea\/wp-content\/uploads\/2021\/11\/Palabra-celebrada-22-738x1024.jpg 738w, https:\/\/www.cpl.es\/galilea\/wp-content\/uploads\/2021\/11\/Palabra-celebrada-22-768x1065.jpg 768w, https:\/\/www.cpl.es\/galilea\/wp-content\/uploads\/2021\/11\/Palabra-celebrada-22-1108x1536.jpg 1108w, https:\/\/www.cpl.es\/galilea\/wp-content\/uploads\/2021\/11\/Palabra-celebrada-22-1477x2048.jpg 1477w, https:\/\/www.cpl.es\/galilea\/wp-content\/uploads\/2021\/11\/Palabra-celebrada-22-1200x1664.jpg 1200w, https:\/\/www.cpl.es\/galilea\/wp-content\/uploads\/2021\/11\/Palabra-celebrada-22.jpg 1831w\" sizes=\"(max-width: 216px) 85vw, 216px\" \/><\/a><figcaption id=\"caption-attachment-1891\" class=\"wp-caption-text\">La Paraula celebrada: Advent i Nadal, cicle C<\/figcaption><\/figure><\/td>\n<\/tr>\n<\/tbody>\n<\/table>\n<!-- #tablepress-24 from cache -->","protected":false},"excerpt":{"rendered":"<p>Este n\u00famero 22 de la revista Galilea. 153 lo dedicamos a abrirnos a la libertad que nos ofrece la fe en Dios. Aqu\u00ed te ofrecemos contenidos de publicaciones del Centre de Pastoral Lit\u00fargica sobre este tema que te pueden interesar:<\/p>","protected":false},"author":1,"featured_media":0,"parent":0,"menu_order":0,"comment_status":"closed","ping_status":"closed","template":"","meta":{"footnotes":""},"class_list":["post-1862","page","type-page","status-publish","hentry"],"yoast_head":"<!-- This site is optimized with the Yoast SEO plugin v23.5 - https:\/\/yoast.com\/wordpress\/plugins\/seo\/ -->\n<title>Materiales con n\u00fam. 22 de Galilea.153 - Galilea.153<\/title>\n<meta name=\"description\" content=\"Aqu\u00ed te ofrecemos contenidos de publicaciones del Centre de Pastoral Lit\u00fargica sobre abrirnos a la libertad que nos ofrece la fe en Dios.\" \/>\n<meta name=\"robots\" content=\"index, follow, max-snippet:-1, max-image-preview:large, max-video-preview:-1\" \/>\n<link rel=\"canonical\" href=\"https:\/\/www.cpl.es\/galilea\/ca\/material-del-num-22-de-galilea-153\/\" \/>\n<meta property=\"og:locale\" content=\"ca_ES\" \/>\n<meta property=\"og:type\" content=\"article\" \/>\n<meta property=\"og:title\" content=\"Materiales con n\u00fam. 22 de Galilea.153 - Galilea.153\" \/>\n<meta property=\"og:description\" content=\"Aqu\u00ed te ofrecemos contenidos de publicaciones del Centre de Pastoral Lit\u00fargica sobre abrirnos a la libertad que nos ofrece la fe en Dios.\" \/>\n<meta property=\"og:url\" content=\"https:\/\/www.cpl.es\/galilea\/ca\/material-del-num-22-de-galilea-153\/\" \/>\n<meta property=\"og:site_name\" content=\"Galilea.153\" \/>\n<meta property=\"article:publisher\" content=\"https:\/\/www.facebook.com\/CPLeditorial\" \/>\n<meta property=\"article:modified_time\" content=\"2022-05-10T10:51:05+00:00\" \/>\n<meta name=\"twitter:card\" content=\"summary_large_image\" \/>\n<meta name=\"twitter:site\" content=\"@CPLeditorial\" \/>\n<meta name=\"twitter:label1\" content=\"Temps estimat de lectura\" \/>\n\t<meta name=\"twitter:data1\" content=\"1 minut\" \/>\n<script type=\"application\/ld+json\" class=\"yoast-schema-graph\">{\"@context\":\"https:\/\/schema.org\",\"@graph\":[{\"@type\":\"WebPage\",\"@id\":\"https:\/\/www.cpl.es\/galilea\/material-del-num-22-de-galilea-153\/\",\"url\":\"https:\/\/www.cpl.es\/galilea\/material-del-num-22-de-galilea-153\/\",\"name\":\"Materiales con n\u00fam. 22 de Galilea.153 - Galilea.153\",\"isPartOf\":{\"@id\":\"https:\/\/www.cpl.es\/galilea\/#website\"},\"datePublished\":\"2021-10-27T13:51:50+00:00\",\"dateModified\":\"2022-05-10T10:51:05+00:00\",\"description\":\"Aqu\u00ed te ofrecemos contenidos de publicaciones del Centre de Pastoral Lit\u00fargica sobre abrirnos a la libertad que nos ofrece la fe en Dios.\",\"breadcrumb\":{\"@id\":\"https:\/\/www.cpl.es\/galilea\/material-del-num-22-de-galilea-153\/#breadcrumb\"},\"inLanguage\":\"ca\",\"potentialAction\":[{\"@type\":\"ReadAction\",\"target\":[\"https:\/\/www.cpl.es\/galilea\/material-del-num-22-de-galilea-153\/\"]}]},{\"@type\":\"BreadcrumbList\",\"@id\":\"https:\/\/www.cpl.es\/galilea\/material-del-num-22-de-galilea-153\/#breadcrumb\",\"itemListElement\":[{\"@type\":\"ListItem\",\"position\":1,\"name\":\"Home\",\"item\":\"https:\/\/www.cpl.es\/galilea\/\"},{\"@type\":\"ListItem\",\"position\":2,\"name\":\"Materiales con n\u00fam. 22 de Galilea.153\"}]},{\"@type\":\"WebSite\",\"@id\":\"https:\/\/www.cpl.es\/galilea\/#website\",\"url\":\"https:\/\/www.cpl.es\/galilea\/\",\"name\":\"Galilea.153\",\"description\":\"Liturgia, pastoral, vida cristiana\",\"publisher\":{\"@id\":\"https:\/\/www.cpl.es\/galilea\/#organization\"},\"potentialAction\":[{\"@type\":\"SearchAction\",\"target\":{\"@type\":\"EntryPoint\",\"urlTemplate\":\"https:\/\/www.cpl.es\/galilea\/?s={search_term_string}\"},\"query-input\":{\"@type\":\"PropertyValueSpecification\",\"valueRequired\":true,\"valueName\":\"search_term_string\"}}],\"inLanguage\":\"ca\"},{\"@type\":\"Organization\",\"@id\":\"https:\/\/www.cpl.es\/galilea\/#organization\",\"name\":\"Centre de Pastoral Lit\u00fargica\",\"url\":\"https:\/\/www.cpl.es\/galilea\/\",\"logo\":{\"@type\":\"ImageObject\",\"inLanguage\":\"ca\",\"@id\":\"https:\/\/www.cpl.es\/galilea\/#\/schema\/logo\/image\/\",\"url\":\"https:\/\/i0.wp.com\/ivory-newt-719188.hostingersite.com\/wp-content\/uploads\/2022\/10\/perfil-xarxes-400x400-1.jpg?fit=400%2C400&ssl=1\",\"contentUrl\":\"https:\/\/i0.wp.com\/ivory-newt-719188.hostingersite.com\/wp-content\/uploads\/2022\/10\/perfil-xarxes-400x400-1.jpg?fit=400%2C400&ssl=1\",\"width\":400,\"height\":400,\"caption\":\"Centre de Pastoral Lit\u00fargica\"},\"image\":{\"@id\":\"https:\/\/www.cpl.es\/galilea\/#\/schema\/logo\/image\/\"},\"sameAs\":[\"https:\/\/www.facebook.com\/CPLeditorial\",\"https:\/\/x.com\/CPLeditorial\",\"https:\/\/www.instagram.com\/cpleditorial\/\",\"https:\/\/www.youtube.com\/c\/CentredePastoralLitrgicaCPL\"]}]}<\/script>\n<!-- \/ Yoast SEO plugin. -->","yoast_head_json":{"title":"Materiales con n\u00fam. 22 de Galilea.153 - Galilea.153","description":"Aqu\u00ed te ofrecemos contenidos de publicaciones del Centre de Pastoral Lit\u00fargica sobre abrirnos a la libertad que nos ofrece la fe en Dios.","robots":{"index":"index","follow":"follow","max-snippet":"max-snippet:-1","max-image-preview":"max-image-preview:large","max-video-preview":"max-video-preview:-1"},"canonical":"https:\/\/www.cpl.es\/galilea\/ca\/material-del-num-22-de-galilea-153\/","og_locale":"ca_ES","og_type":"article","og_title":"Materiales con n\u00fam. 22 de Galilea.153 - Galilea.153","og_description":"Aqu\u00ed te ofrecemos contenidos de publicaciones del Centre de Pastoral Lit\u00fargica sobre abrirnos a la libertad que nos ofrece la fe en Dios.","og_url":"https:\/\/www.cpl.es\/galilea\/ca\/material-del-num-22-de-galilea-153\/","og_site_name":"Galilea.153","article_publisher":"https:\/\/www.facebook.com\/CPLeditorial","article_modified_time":"2022-05-10T10:51:05+00:00","twitter_card":"summary_large_image","twitter_site":"@CPLeditorial","twitter_misc":{"Temps estimat de lectura":"1 minut"},"schema":{"@context":"https:\/\/schema.org","@graph":[{"@type":"WebPage","@id":"https:\/\/www.cpl.es\/galilea\/material-del-num-22-de-galilea-153\/","url":"https:\/\/www.cpl.es\/galilea\/material-del-num-22-de-galilea-153\/","name":"Materiales con n\u00fam. 22 de Galilea.153 - Galilea.153","isPartOf":{"@id":"https:\/\/www.cpl.es\/galilea\/#website"},"datePublished":"2021-10-27T13:51:50+00:00","dateModified":"2022-05-10T10:51:05+00:00","description":"Aqu\u00ed te ofrecemos contenidos de publicaciones del Centre de Pastoral Lit\u00fargica sobre abrirnos a la libertad que nos ofrece la fe en Dios.","breadcrumb":{"@id":"https:\/\/www.cpl.es\/galilea\/material-del-num-22-de-galilea-153\/#breadcrumb"},"inLanguage":"ca","potentialAction":[{"@type":"ReadAction","target":["https:\/\/www.cpl.es\/galilea\/material-del-num-22-de-galilea-153\/"]}]},{"@type":"BreadcrumbList","@id":"https:\/\/www.cpl.es\/galilea\/material-del-num-22-de-galilea-153\/#breadcrumb","itemListElement":[{"@type":"ListItem","position":1,"name":"Home","item":"https:\/\/www.cpl.es\/galilea\/"},{"@type":"ListItem","position":2,"name":"Materiales con n\u00fam. 22 de Galilea.153"}]},{"@type":"WebSite","@id":"https:\/\/www.cpl.es\/galilea\/#website","url":"https:\/\/www.cpl.es\/galilea\/","name":"Galilea.153","description":"Liturgia, pastoral, vida cristiana","publisher":{"@id":"https:\/\/www.cpl.es\/galilea\/#organization"},"potentialAction":[{"@type":"SearchAction","target":{"@type":"EntryPoint","urlTemplate":"https:\/\/www.cpl.es\/galilea\/?s={search_term_string}"},"query-input":{"@type":"PropertyValueSpecification","valueRequired":true,"valueName":"search_term_string"}}],"inLanguage":"ca"},{"@type":"Organization","@id":"https:\/\/www.cpl.es\/galilea\/#organization","name":"Centre de Pastoral Lit\u00fargica","url":"https:\/\/www.cpl.es\/galilea\/","logo":{"@type":"ImageObject","inLanguage":"ca","@id":"https:\/\/www.cpl.es\/galilea\/#\/schema\/logo\/image\/","url":"https:\/\/i0.wp.com\/ivory-newt-719188.hostingersite.com\/wp-content\/uploads\/2022\/10\/perfil-xarxes-400x400-1.jpg?fit=400%2C400&ssl=1","contentUrl":"https:\/\/i0.wp.com\/ivory-newt-719188.hostingersite.com\/wp-content\/uploads\/2022\/10\/perfil-xarxes-400x400-1.jpg?fit=400%2C400&ssl=1","width":400,"height":400,"caption":"Centre de Pastoral Lit\u00fargica"},"image":{"@id":"https:\/\/www.cpl.es\/galilea\/#\/schema\/logo\/image\/"},"sameAs":["https:\/\/www.facebook.com\/CPLeditorial","https:\/\/x.com\/CPLeditorial","https:\/\/www.instagram.com\/cpleditorial\/","https:\/\/www.youtube.com\/c\/CentredePastoralLitrgicaCPL"]}]}},"_links":{"self":[{"href":"https:\/\/www.cpl.es\/galilea\/ca\/wp-json\/wp\/v2\/pages\/1862"}],"collection":[{"href":"https:\/\/www.cpl.es\/galilea\/ca\/wp-json\/wp\/v2\/pages"}],"about":[{"href":"https:\/\/www.cpl.es\/galilea\/ca\/wp-json\/wp\/v2\/types\/page"}],"author":[{"embeddable":true,"href":"https:\/\/www.cpl.es\/galilea\/ca\/wp-json\/wp\/v2\/users\/1"}],"replies":[{"embeddable":true,"href":"https:\/\/www.cpl.es\/galilea\/ca\/wp-json\/wp\/v2\/comments?post=1862"}],"version-history":[{"count":5,"href":"https:\/\/www.cpl.es\/galilea\/ca\/wp-json\/wp\/v2\/pages\/1862\/revisions"}],"predecessor-version":[{"id":2177,"href":"https:\/\/www.cpl.es\/galilea\/ca\/wp-json\/wp\/v2\/pages\/1862\/revisions\/2177"}],"wp:attachment":[{"href":"https:\/\/www.cpl.es\/galilea\/ca\/wp-json\/wp\/v2\/media?parent=1862"}],"curies":[{"name":"wp","href":"https:\/\/api.w.org\/{rel}","templated":true}]}}