{"id":1635,"date":"2021-02-16T14:08:31","date_gmt":"2021-02-16T12:08:31","guid":{"rendered":"http:\/\/ivory-newt-719188.hostingersite.com\/?page_id=1635"},"modified":"2021-02-16T14:15:46","modified_gmt":"2021-02-16T12:15:46","slug":"materiales-con-el-num-18-de-galilea-153","status":"publish","type":"page","link":"https:\/\/www.cpl.es\/galilea\/ca\/materiales-con-el-num-18-de-galilea-153\/","title":{"rendered":"Materiales con el n\u00fam. 18 de Galilea 153"},"content":{"rendered":"<p>En este n\u00famero 18 de la revista Galilea.153 hemos pensado que estar\u00eda bien profundizar en los signos y s\u00edmbolos de nuestra liturgia. Al menos para entenderlos. Porque la pandemia, y sobre todo el confinamiento, tambi\u00e9n han influido en las celebraciones. Y conviene que sepamos lo que hacemos tanto si estamos confinados como si no.<\/p>\n\n\n\n<p>Te ofrecemos contenidos de publicaciones del Centro de Pastoral Lit\u00fargica que sobre este tema te pueden interesar:<\/p>\n\n\n\n\n<table id=\"tablepress-20\" class=\"tablepress tablepress-id-20\">\n<thead>\n<tr class=\"row-1 odd\">\n\t<th class=\"column-1\"><figure id=\"attachment_1625\" aria-describedby=\"caption-attachment-1625\" style=\"width: 234px\" class=\"wp-caption alignnone\"><a href=\"http:\/\/ivory-newt-719188.hostingersite.com\/wp-content\/uploads\/2021\/02\/No-voy-misa.pdf\"><img loading=\"lazy\" decoding=\"async\" src=\"http:\/\/ivory-newt-719188.hostingersite.com\/wp-content\/uploads\/2021\/02\/No-voy-misa.jpg\" alt=\"\" width=\"234\" height=\"370\" class=\"size-full wp-image-1625\" srcset=\"https:\/\/www.cpl.es\/galilea\/wp-content\/uploads\/2021\/02\/No-voy-misa.jpg 234w, https:\/\/www.cpl.es\/galilea\/wp-content\/uploads\/2021\/02\/No-voy-misa-190x300.jpg 190w\" sizes=\"(max-width: 234px) 85vw, 234px\" \/><\/a><figcaption id=\"caption-attachment-1625\" class=\"wp-caption-text\">Por qu\u00e9 no voy a misa<\/figcaption><\/figure><\/th><th class=\"column-2\"><figure id=\"attachment_1624\" aria-describedby=\"caption-attachment-1624\" style=\"width: 267px\" class=\"wp-caption alignnone\"><a href=\"http:\/\/ivory-newt-719188.hostingersite.com\/wp-content\/uploads\/2021\/02\/Liturgia-cristiana.pdf\"><img loading=\"lazy\" decoding=\"async\" src=\"http:\/\/ivory-newt-719188.hostingersite.com\/wp-content\/uploads\/2021\/02\/Liturgia-cristiana.jpg\" alt=\"Liturgia B\u00e1sica 5 en Dossiers CPL: Liturgia, oraci\u00f3n, espacio y vida\" width=\"267\" height=\"370\" class=\"size-full wp-image-1624\" srcset=\"https:\/\/www.cpl.es\/galilea\/wp-content\/uploads\/2021\/02\/Liturgia-cristiana.jpg 267w, https:\/\/www.cpl.es\/galilea\/wp-content\/uploads\/2021\/02\/Liturgia-cristiana-216x300.jpg 216w\" sizes=\"(max-width: 267px) 85vw, 267px\" \/><\/a><figcaption id=\"caption-attachment-1624\" class=\"wp-caption-text\">Liturgia, oraci\u00f3n, espacio y vida<\/figcaption><\/figure><\/th><th class=\"column-3\"><figure id=\"attachment_1623\" aria-describedby=\"caption-attachment-1623\" style=\"width: 267px\" class=\"wp-caption alignnone\"><a href=\"http:\/\/ivory-newt-719188.hostingersite.com\/wp-content\/uploads\/2021\/02\/Gestos-simbolos-Aldazabal.pdf\"><img loading=\"lazy\" decoding=\"async\" src=\"http:\/\/ivory-newt-719188.hostingersite.com\/wp-content\/uploads\/2021\/02\/Gestos-y-simbolos-Aldazabal.jpg\" alt=\"Libro Gestos y s\u00edmbolos, de Jos\u00e9 Aldaz\u00e1bal de la colecci\u00f3n Dossiers CPL\" width=\"267\" height=\"370\" class=\"size-full wp-image-1623\" srcset=\"https:\/\/www.cpl.es\/galilea\/wp-content\/uploads\/2021\/02\/Gestos-y-simbolos-Aldazabal.jpg 267w, https:\/\/www.cpl.es\/galilea\/wp-content\/uploads\/2021\/02\/Gestos-y-simbolos-Aldazabal-216x300.jpg 216w\" sizes=\"(max-width: 267px) 85vw, 267px\" \/><\/a><figcaption id=\"caption-attachment-1623\" class=\"wp-caption-text\">Gestos i s\u00edmbols<\/figcaption><\/figure><\/th>\n<\/tr>\n<\/thead>\n<tbody class=\"row-hover\">\n<tr class=\"row-2 even\">\n\t<td class=\"column-1\"><figure id=\"attachment_1627\" aria-describedby=\"caption-attachment-1627\" style=\"width: 264px\" class=\"wp-caption alignnone\"><a href=\"http:\/\/ivory-newt-719188.hostingersite.com\/wp-content\/uploads\/2021\/02\/Signos-liturgicos.pdf\"><img loading=\"lazy\" decoding=\"async\" src=\"http:\/\/ivory-newt-719188.hostingersite.com\/wp-content\/uploads\/2021\/02\/Signos-liturgicos.jpg\" alt=\"\" width=\"264\" height=\"370\" class=\"size-full wp-image-1627\" srcset=\"https:\/\/www.cpl.es\/galilea\/wp-content\/uploads\/2021\/02\/Signos-liturgicos.jpg 264w, https:\/\/www.cpl.es\/galilea\/wp-content\/uploads\/2021\/02\/Signos-liturgicos-214x300.jpg 214w\" sizes=\"(max-width: 264px) 85vw, 264px\" \/><\/a><figcaption id=\"caption-attachment-1627\" class=\"wp-caption-text\">Signos lit\u00fargicos: la Eucarist\u00eda<\/figcaption><\/figure><\/td><td class=\"column-2\"><figure id=\"attachment_1626\" aria-describedby=\"caption-attachment-1626\" style=\"width: 277px\" class=\"wp-caption alignnone\"><a href=\"http:\/\/ivory-newt-719188.hostingersite.com\/wp-content\/uploads\/2021\/02\/Agustin-Signos.pdf\"><img loading=\"lazy\" decoding=\"async\" src=\"http:\/\/ivory-newt-719188.hostingersite.com\/wp-content\/uploads\/2021\/02\/Agustin-Signos.jpg\" alt=\"\" width=\"277\" height=\"370\" class=\"size-full wp-image-1626\" srcset=\"https:\/\/www.cpl.es\/galilea\/wp-content\/uploads\/2021\/02\/Agustin-Signos.jpg 277w, https:\/\/www.cpl.es\/galilea\/wp-content\/uploads\/2021\/02\/Agustin-Signos-225x300.jpg 225w\" sizes=\"(max-width: 277px) 85vw, 277px\" \/><\/a><figcaption id=\"caption-attachment-1626\" class=\"wp-caption-text\">San Agust\u00edn<\/figcaption><\/figure><\/td><td class=\"column-3\"><\/td>\n<\/tr>\n<\/tbody>\n<\/table>\n<!-- #tablepress-20 from cache -->","protected":false},"excerpt":{"rendered":"<p>En este n\u00famero 18 de la revista Galilea.153 hemos pensado que estar\u00eda bien profundizar en los signos y s\u00edmbolos de nuestra liturgia. Al menos para entenderlos. Porque la pandemia, y sobre todo el confinamiento, tambi\u00e9n han influido en las celebraciones. Y conviene que sepamos lo que hacemos tanto si estamos confinados como si no. Te &hellip; <a href=\"https:\/\/www.cpl.es\/galilea\/ca\/materiales-con-el-num-18-de-galilea-153\/\" class=\"more-link\">Continua llegint <span class=\"screen-reader-text\">\u00abMateriales con el n\u00fam. 18 de Galilea 153\u00bb<\/span><\/a><\/p>","protected":false},"author":1,"featured_media":0,"parent":0,"menu_order":0,"comment_status":"closed","ping_status":"closed","template":"","meta":{"footnotes":""},"class_list":["post-1635","page","type-page","status-publish","hentry"],"yoast_head":"<!-- This site is optimized with the Yoast SEO plugin v23.5 - https:\/\/yoast.com\/wordpress\/plugins\/seo\/ -->\n<title>Materiales con el n\u00fam. 18 de Galilea 153 - Galilea.153<\/title>\n<meta name=\"robots\" content=\"index, follow, max-snippet:-1, max-image-preview:large, max-video-preview:-1\" \/>\n<link rel=\"canonical\" href=\"https:\/\/www.cpl.es\/galilea\/ca\/materiales-con-el-num-18-de-galilea-153\/\" \/>\n<meta property=\"og:locale\" content=\"ca_ES\" \/>\n<meta property=\"og:type\" content=\"article\" \/>\n<meta property=\"og:title\" content=\"Materiales con el n\u00fam. 18 de Galilea 153 - Galilea.153\" \/>\n<meta property=\"og:description\" content=\"En este n\u00famero 18 de la revista Galilea.153 hemos pensado que estar\u00eda bien profundizar en los signos y s\u00edmbolos de nuestra liturgia. Al menos para entenderlos. Porque la pandemia, y sobre todo el confinamiento, tambi\u00e9n han influido en las celebraciones. Y conviene que sepamos lo que hacemos tanto si estamos confinados como si no. Te &hellip; Continua llegint \u00abMateriales con el n\u00fam. 18 de Galilea 153\u00bb\" \/>\n<meta property=\"og:url\" content=\"https:\/\/www.cpl.es\/galilea\/ca\/materiales-con-el-num-18-de-galilea-153\/\" \/>\n<meta property=\"og:site_name\" content=\"Galilea.153\" \/>\n<meta property=\"article:publisher\" content=\"https:\/\/www.facebook.com\/CPLeditorial\" \/>\n<meta property=\"article:modified_time\" content=\"2021-02-16T12:15:46+00:00\" \/>\n<meta name=\"twitter:card\" content=\"summary_large_image\" \/>\n<meta name=\"twitter:site\" content=\"@CPLeditorial\" \/>\n<script type=\"application\/ld+json\" class=\"yoast-schema-graph\">{\"@context\":\"https:\/\/schema.org\",\"@graph\":[{\"@type\":\"WebPage\",\"@id\":\"https:\/\/www.cpl.es\/galilea\/materiales-con-el-num-18-de-galilea-153\/\",\"url\":\"https:\/\/www.cpl.es\/galilea\/materiales-con-el-num-18-de-galilea-153\/\",\"name\":\"Materiales con el n\u00fam. 18 de Galilea 153 - Galilea.153\",\"isPartOf\":{\"@id\":\"https:\/\/www.cpl.es\/galilea\/#website\"},\"datePublished\":\"2021-02-16T12:08:31+00:00\",\"dateModified\":\"2021-02-16T12:15:46+00:00\",\"breadcrumb\":{\"@id\":\"https:\/\/www.cpl.es\/galilea\/materiales-con-el-num-18-de-galilea-153\/#breadcrumb\"},\"inLanguage\":\"ca\",\"potentialAction\":[{\"@type\":\"ReadAction\",\"target\":[\"https:\/\/www.cpl.es\/galilea\/materiales-con-el-num-18-de-galilea-153\/\"]}]},{\"@type\":\"BreadcrumbList\",\"@id\":\"https:\/\/www.cpl.es\/galilea\/materiales-con-el-num-18-de-galilea-153\/#breadcrumb\",\"itemListElement\":[{\"@type\":\"ListItem\",\"position\":1,\"name\":\"Home\",\"item\":\"https:\/\/www.cpl.es\/galilea\/\"},{\"@type\":\"ListItem\",\"position\":2,\"name\":\"Materiales con el n\u00fam. 18 de Galilea 153\"}]},{\"@type\":\"WebSite\",\"@id\":\"https:\/\/www.cpl.es\/galilea\/#website\",\"url\":\"https:\/\/www.cpl.es\/galilea\/\",\"name\":\"Galilea.153\",\"description\":\"Liturgia, pastoral, vida cristiana\",\"publisher\":{\"@id\":\"https:\/\/www.cpl.es\/galilea\/#organization\"},\"potentialAction\":[{\"@type\":\"SearchAction\",\"target\":{\"@type\":\"EntryPoint\",\"urlTemplate\":\"https:\/\/www.cpl.es\/galilea\/?s={search_term_string}\"},\"query-input\":{\"@type\":\"PropertyValueSpecification\",\"valueRequired\":true,\"valueName\":\"search_term_string\"}}],\"inLanguage\":\"ca\"},{\"@type\":\"Organization\",\"@id\":\"https:\/\/www.cpl.es\/galilea\/#organization\",\"name\":\"Centre de Pastoral Lit\u00fargica\",\"url\":\"https:\/\/www.cpl.es\/galilea\/\",\"logo\":{\"@type\":\"ImageObject\",\"inLanguage\":\"ca\",\"@id\":\"https:\/\/www.cpl.es\/galilea\/#\/schema\/logo\/image\/\",\"url\":\"https:\/\/i0.wp.com\/ivory-newt-719188.hostingersite.com\/wp-content\/uploads\/2022\/10\/perfil-xarxes-400x400-1.jpg?fit=400%2C400&ssl=1\",\"contentUrl\":\"https:\/\/i0.wp.com\/ivory-newt-719188.hostingersite.com\/wp-content\/uploads\/2022\/10\/perfil-xarxes-400x400-1.jpg?fit=400%2C400&ssl=1\",\"width\":400,\"height\":400,\"caption\":\"Centre de Pastoral Lit\u00fargica\"},\"image\":{\"@id\":\"https:\/\/www.cpl.es\/galilea\/#\/schema\/logo\/image\/\"},\"sameAs\":[\"https:\/\/www.facebook.com\/CPLeditorial\",\"https:\/\/x.com\/CPLeditorial\",\"https:\/\/www.instagram.com\/cpleditorial\/\",\"https:\/\/www.youtube.com\/c\/CentredePastoralLitrgicaCPL\"]}]}<\/script>\n<!-- \/ Yoast SEO plugin. -->","yoast_head_json":{"title":"Materiales con el n\u00fam. 18 de Galilea 153 - Galilea.153","robots":{"index":"index","follow":"follow","max-snippet":"max-snippet:-1","max-image-preview":"max-image-preview:large","max-video-preview":"max-video-preview:-1"},"canonical":"https:\/\/www.cpl.es\/galilea\/ca\/materiales-con-el-num-18-de-galilea-153\/","og_locale":"ca_ES","og_type":"article","og_title":"Materiales con el n\u00fam. 18 de Galilea 153 - Galilea.153","og_description":"En este n\u00famero 18 de la revista Galilea.153 hemos pensado que estar\u00eda bien profundizar en los signos y s\u00edmbolos de nuestra liturgia. Al menos para entenderlos. Porque la pandemia, y sobre todo el confinamiento, tambi\u00e9n han influido en las celebraciones. Y conviene que sepamos lo que hacemos tanto si estamos confinados como si no. Te &hellip; Continua llegint \u00abMateriales con el n\u00fam. 18 de Galilea 153\u00bb","og_url":"https:\/\/www.cpl.es\/galilea\/ca\/materiales-con-el-num-18-de-galilea-153\/","og_site_name":"Galilea.153","article_publisher":"https:\/\/www.facebook.com\/CPLeditorial","article_modified_time":"2021-02-16T12:15:46+00:00","twitter_card":"summary_large_image","twitter_site":"@CPLeditorial","schema":{"@context":"https:\/\/schema.org","@graph":[{"@type":"WebPage","@id":"https:\/\/www.cpl.es\/galilea\/materiales-con-el-num-18-de-galilea-153\/","url":"https:\/\/www.cpl.es\/galilea\/materiales-con-el-num-18-de-galilea-153\/","name":"Materiales con el n\u00fam. 18 de Galilea 153 - Galilea.153","isPartOf":{"@id":"https:\/\/www.cpl.es\/galilea\/#website"},"datePublished":"2021-02-16T12:08:31+00:00","dateModified":"2021-02-16T12:15:46+00:00","breadcrumb":{"@id":"https:\/\/www.cpl.es\/galilea\/materiales-con-el-num-18-de-galilea-153\/#breadcrumb"},"inLanguage":"ca","potentialAction":[{"@type":"ReadAction","target":["https:\/\/www.cpl.es\/galilea\/materiales-con-el-num-18-de-galilea-153\/"]}]},{"@type":"BreadcrumbList","@id":"https:\/\/www.cpl.es\/galilea\/materiales-con-el-num-18-de-galilea-153\/#breadcrumb","itemListElement":[{"@type":"ListItem","position":1,"name":"Home","item":"https:\/\/www.cpl.es\/galilea\/"},{"@type":"ListItem","position":2,"name":"Materiales con el n\u00fam. 18 de Galilea 153"}]},{"@type":"WebSite","@id":"https:\/\/www.cpl.es\/galilea\/#website","url":"https:\/\/www.cpl.es\/galilea\/","name":"Galilea.153","description":"Liturgia, pastoral, vida cristiana","publisher":{"@id":"https:\/\/www.cpl.es\/galilea\/#organization"},"potentialAction":[{"@type":"SearchAction","target":{"@type":"EntryPoint","urlTemplate":"https:\/\/www.cpl.es\/galilea\/?s={search_term_string}"},"query-input":{"@type":"PropertyValueSpecification","valueRequired":true,"valueName":"search_term_string"}}],"inLanguage":"ca"},{"@type":"Organization","@id":"https:\/\/www.cpl.es\/galilea\/#organization","name":"Centre de Pastoral Lit\u00fargica","url":"https:\/\/www.cpl.es\/galilea\/","logo":{"@type":"ImageObject","inLanguage":"ca","@id":"https:\/\/www.cpl.es\/galilea\/#\/schema\/logo\/image\/","url":"https:\/\/i0.wp.com\/ivory-newt-719188.hostingersite.com\/wp-content\/uploads\/2022\/10\/perfil-xarxes-400x400-1.jpg?fit=400%2C400&ssl=1","contentUrl":"https:\/\/i0.wp.com\/ivory-newt-719188.hostingersite.com\/wp-content\/uploads\/2022\/10\/perfil-xarxes-400x400-1.jpg?fit=400%2C400&ssl=1","width":400,"height":400,"caption":"Centre de Pastoral Lit\u00fargica"},"image":{"@id":"https:\/\/www.cpl.es\/galilea\/#\/schema\/logo\/image\/"},"sameAs":["https:\/\/www.facebook.com\/CPLeditorial","https:\/\/x.com\/CPLeditorial","https:\/\/www.instagram.com\/cpleditorial\/","https:\/\/www.youtube.com\/c\/CentredePastoralLitrgicaCPL"]}]}},"_links":{"self":[{"href":"https:\/\/www.cpl.es\/galilea\/ca\/wp-json\/wp\/v2\/pages\/1635"}],"collection":[{"href":"https:\/\/www.cpl.es\/galilea\/ca\/wp-json\/wp\/v2\/pages"}],"about":[{"href":"https:\/\/www.cpl.es\/galilea\/ca\/wp-json\/wp\/v2\/types\/page"}],"author":[{"embeddable":true,"href":"https:\/\/www.cpl.es\/galilea\/ca\/wp-json\/wp\/v2\/users\/1"}],"replies":[{"embeddable":true,"href":"https:\/\/www.cpl.es\/galilea\/ca\/wp-json\/wp\/v2\/comments?post=1635"}],"version-history":[{"count":2,"href":"https:\/\/www.cpl.es\/galilea\/ca\/wp-json\/wp\/v2\/pages\/1635\/revisions"}],"predecessor-version":[{"id":1638,"href":"https:\/\/www.cpl.es\/galilea\/ca\/wp-json\/wp\/v2\/pages\/1635\/revisions\/1638"}],"wp:attachment":[{"href":"https:\/\/www.cpl.es\/galilea\/ca\/wp-json\/wp\/v2\/media?parent=1635"}],"curies":[{"name":"wp","href":"https:\/\/api.w.org\/{rel}","templated":true}]}}