{"id":1539,"date":"2020-10-06T11:15:36","date_gmt":"2020-10-06T09:15:36","guid":{"rendered":"http:\/\/ivory-newt-719188.hostingersite.com\/?page_id=1539"},"modified":"2020-10-06T11:15:41","modified_gmt":"2020-10-06T09:15:41","slug":"materiales-con-el-num-16-de-galilea-153","status":"publish","type":"page","link":"https:\/\/www.cpl.es\/galilea\/ca\/materiales-con-el-num-16-de-galilea-153\/","title":{"rendered":"Materials amb el n\u00fam. 16 de Galilea.153"},"content":{"rendered":"<p>\u00abDol i esperan\u00e7a\u00bb, en aquesta revista tamb\u00e9 trobar\u00e0s material propi per ser utilitzat en els vostres grups i comunitats. I s\u00f3n els seg\u00fcents:<\/p>\n\n\n\n\n<table id=\"tablepress-18\" class=\"tablepress tablepress-id-18\">\n<thead>\n<tr class=\"row-1 odd\">\n\t<th class=\"column-1\"><figure id=\"attachment_1526\" aria-describedby=\"caption-attachment-1526\" style=\"width: 267px\" class=\"wp-caption alignnone\"><a href=\"http:\/\/ivory-newt-719188.hostingersite.com\/wp-content\/uploads\/2023\/09\/Esperit-Sant-Aldazabal.pdf\"><img loading=\"lazy\" decoding=\"async\" src=\"http:\/\/ivory-newt-719188.hostingersite.com\/wp-content\/uploads\/2020\/10\/Espiritu-Santo-Aldazabal.jpg\" alt=\"Libro Gestos y s\u00edmbolos, de Jos\u00e9 Aldaz\u00e1bal de la colecci\u00f3n Dossiers CPL\" width=\"267\" height=\"370\" class=\"size-full wp-image-1526\" srcset=\"https:\/\/www.cpl.es\/galilea\/wp-content\/uploads\/2020\/10\/Espiritu-Santo-Aldazabal.jpg 267w, https:\/\/www.cpl.es\/galilea\/wp-content\/uploads\/2020\/10\/Espiritu-Santo-Aldazabal-216x300.jpg 216w\" sizes=\"(max-width: 267px) 85vw, 267px\" \/><\/a><figcaption id=\"caption-attachment-1526\" class=\"wp-caption-text\">Gestos i s\u00edmbols<\/figcaption><\/figure><\/th><th class=\"column-2\"><figure id=\"attachment_1528\" aria-describedby=\"caption-attachment-1528\" style=\"width: 200px\" class=\"wp-caption alignnone\"><a href=\"http:\/\/ivory-newt-719188.hostingersite.com\/wp-content\/uploads\/2023\/09\/Cridats-vida-Iniesta.pdf\"><img loading=\"lazy\" decoding=\"async\" src=\"http:\/\/ivory-newt-719188.hostingersite.com\/wp-content\/uploads\/2020\/10\/Llamados-a-la-vida-Iniesta.jpg\" alt=\"Libro La hermana muerte, camino de plenitud, de Alberto Iniesta de la colecci\u00f3n Ema\u00fas\" width=\"200\" height=\"370\" class=\"size-full wp-image-1528\" srcset=\"https:\/\/www.cpl.es\/galilea\/wp-content\/uploads\/2020\/10\/Llamados-a-la-vida-Iniesta.jpg 200w, https:\/\/www.cpl.es\/galilea\/wp-content\/uploads\/2020\/10\/Llamados-a-la-vida-Iniesta-162x300.jpg 162w\" sizes=\"(max-width: 200px) 85vw, 200px\" \/><\/a><figcaption id=\"caption-attachment-1528\" class=\"wp-caption-text\">La germana mort, cam\u00ed de plenitud<\/figcaption><\/figure><\/th><th class=\"column-3\"><figure id=\"attachment_1525\" aria-describedby=\"caption-attachment-1525\" style=\"width: 234px\" class=\"wp-caption alignnone\"><a href=\"http:\/\/ivory-newt-719188.hostingersite.com\/wp-content\/uploads\/2023\/09\/Creacio-resurrecio-Cordovilla.pdf\"><img loading=\"lazy\" decoding=\"async\" src=\"http:\/\/ivory-newt-719188.hostingersite.com\/wp-content\/uploads\/2020\/10\/Creacion-resureccion-Cordovilla.jpg\" alt=\"Libro Dios Creador, de \u00c1ngel Cordovilla, Colecci\u00f3n Ema\u00fas,\" width=\"234\" height=\"370\" class=\"size-full wp-image-1525\" srcset=\"https:\/\/www.cpl.es\/galilea\/wp-content\/uploads\/2020\/10\/Creacion-resureccion-Cordovilla.jpg 234w, https:\/\/www.cpl.es\/galilea\/wp-content\/uploads\/2020\/10\/Creacion-resureccion-Cordovilla-190x300.jpg 190w\" sizes=\"(max-width: 234px) 85vw, 234px\" \/><\/a><figcaption id=\"caption-attachment-1525\" class=\"wp-caption-text\">D\u00e9u creador<\/figcaption><\/figure><\/th>\n<\/tr>\n<\/thead>\n<tbody class=\"row-hover\">\n<tr class=\"row-2 even\">\n\t<td class=\"column-1\"><figure id=\"attachment_1529\" aria-describedby=\"caption-attachment-1529\" style=\"width: 238px\" class=\"wp-caption alignnone\"><a href=\"http:\/\/ivory-newt-719188.hostingersite.com\/wp-content\/uploads\/2023\/09\/Vida-eterna-Lligadas.pdf\"><img loading=\"lazy\" decoding=\"async\" src=\"http:\/\/ivory-newt-719188.hostingersite.com\/wp-content\/uploads\/2020\/10\/Que-es-la-vida-eterna-Lligadas.jpg\" alt=\"Libro La muerte, la esperanza, la fe, de Josep Lligadas de la colecci\u00f3n Serie Fiesta\" width=\"238\" height=\"370\" class=\"size-full wp-image-1529\" srcset=\"https:\/\/www.cpl.es\/galilea\/wp-content\/uploads\/2020\/10\/Que-es-la-vida-eterna-Lligadas.jpg 238w, https:\/\/www.cpl.es\/galilea\/wp-content\/uploads\/2020\/10\/Que-es-la-vida-eterna-Lligadas-193x300.jpg 193w\" sizes=\"(max-width: 238px) 85vw, 238px\" \/><\/a><figcaption id=\"caption-attachment-1529\" class=\"wp-caption-text\">La mort, l'esperan\u00e7a, la fe<\/figcaption><\/figure><\/td><td class=\"column-2\"><figure id=\"attachment_1527\" aria-describedby=\"caption-attachment-1527\" style=\"width: 300px\" class=\"wp-caption alignnone\"><a href=\"http:\/\/ivory-newt-719188.hostingersite.com\/wp-content\/uploads\/2023\/09\/Fidels-difunts.pdf\"><img loading=\"lazy\" decoding=\"async\" src=\"http:\/\/ivory-newt-719188.hostingersite.com\/wp-content\/uploads\/2020\/10\/Fieles-difunto.jpg\" alt=\"Hoja verde MD: Todos los santos y Fieles difuntos\" width=\"300\" height=\"370\" class=\"size-full wp-image-1527\" srcset=\"https:\/\/www.cpl.es\/galilea\/wp-content\/uploads\/2020\/10\/Fieles-difunto.jpg 300w, https:\/\/www.cpl.es\/galilea\/wp-content\/uploads\/2020\/10\/Fieles-difunto-243x300.jpg 243w\" sizes=\"(max-width: 300px) 85vw, 300px\" \/><\/a><figcaption id=\"caption-attachment-1527\" class=\"wp-caption-text\">Tots sants i Fidels difunts<\/figcaption><\/figure><\/td><td class=\"column-3\"><\/td>\n<\/tr>\n<\/tbody>\n<\/table>\n<!-- #tablepress-18 from cache -->","protected":false},"excerpt":{"rendered":"<p>\u00abDol i esperan\u00e7a\u00bb, en aquesta revista tamb\u00e9 trobar\u00e0s material propi per ser utilitzat en els vostres grups i comunitats. I s\u00f3n els seg\u00fcents:<\/p>","protected":false},"author":1,"featured_media":0,"parent":0,"menu_order":0,"comment_status":"closed","ping_status":"closed","template":"","meta":{"footnotes":""},"class_list":["post-1539","page","type-page","status-publish","hentry"],"yoast_head":"<!-- This site is optimized with the Yoast SEO plugin v23.5 - https:\/\/yoast.com\/wordpress\/plugins\/seo\/ -->\n<title>Materiales con el n\u00fam. 16 de Galilea.153 - Galilea.153<\/title>\n<meta name=\"robots\" content=\"index, follow, max-snippet:-1, max-image-preview:large, max-video-preview:-1\" \/>\n<link rel=\"canonical\" href=\"https:\/\/www.cpl.es\/galilea\/ca\/materiales-con-el-num-16-de-galilea-153\/\" \/>\n<meta property=\"og:locale\" content=\"ca_ES\" \/>\n<meta property=\"og:type\" content=\"article\" \/>\n<meta property=\"og:title\" content=\"Materiales con el n\u00fam. 16 de Galilea.153 - Galilea.153\" \/>\n<meta property=\"og:description\" content=\"\u00abDuelo y esperanza\u00bb, en esta revista tambi\u00e9n encontrar\u00e1s material propio para ser utilizado en vuestros grupos y comunidades. Y son los siguientes:\" \/>\n<meta property=\"og:url\" content=\"https:\/\/www.cpl.es\/galilea\/ca\/materiales-con-el-num-16-de-galilea-153\/\" \/>\n<meta property=\"og:site_name\" content=\"Galilea.153\" \/>\n<meta property=\"article:publisher\" content=\"https:\/\/www.facebook.com\/CPLeditorial\" \/>\n<meta property=\"article:modified_time\" content=\"2020-10-06T09:15:41+00:00\" \/>\n<meta name=\"twitter:card\" content=\"summary_large_image\" \/>\n<meta name=\"twitter:site\" content=\"@CPLeditorial\" \/>\n<script type=\"application\/ld+json\" class=\"yoast-schema-graph\">{\"@context\":\"https:\/\/schema.org\",\"@graph\":[{\"@type\":\"WebPage\",\"@id\":\"https:\/\/www.cpl.es\/galilea\/materiales-con-el-num-16-de-galilea-153\/\",\"url\":\"https:\/\/www.cpl.es\/galilea\/materiales-con-el-num-16-de-galilea-153\/\",\"name\":\"Materiales con el n\u00fam. 16 de Galilea.153 - Galilea.153\",\"isPartOf\":{\"@id\":\"https:\/\/www.cpl.es\/galilea\/#website\"},\"datePublished\":\"2020-10-06T09:15:36+00:00\",\"dateModified\":\"2020-10-06T09:15:41+00:00\",\"breadcrumb\":{\"@id\":\"https:\/\/www.cpl.es\/galilea\/materiales-con-el-num-16-de-galilea-153\/#breadcrumb\"},\"inLanguage\":\"ca\",\"potentialAction\":[{\"@type\":\"ReadAction\",\"target\":[\"https:\/\/www.cpl.es\/galilea\/materiales-con-el-num-16-de-galilea-153\/\"]}]},{\"@type\":\"BreadcrumbList\",\"@id\":\"https:\/\/www.cpl.es\/galilea\/materiales-con-el-num-16-de-galilea-153\/#breadcrumb\",\"itemListElement\":[{\"@type\":\"ListItem\",\"position\":1,\"name\":\"Home\",\"item\":\"https:\/\/www.cpl.es\/galilea\/\"},{\"@type\":\"ListItem\",\"position\":2,\"name\":\"Materiales con el n\u00fam. 16 de Galilea.153\"}]},{\"@type\":\"WebSite\",\"@id\":\"https:\/\/www.cpl.es\/galilea\/#website\",\"url\":\"https:\/\/www.cpl.es\/galilea\/\",\"name\":\"Galilea.153\",\"description\":\"Liturgia, pastoral, vida cristiana\",\"publisher\":{\"@id\":\"https:\/\/www.cpl.es\/galilea\/#organization\"},\"potentialAction\":[{\"@type\":\"SearchAction\",\"target\":{\"@type\":\"EntryPoint\",\"urlTemplate\":\"https:\/\/www.cpl.es\/galilea\/?s={search_term_string}\"},\"query-input\":{\"@type\":\"PropertyValueSpecification\",\"valueRequired\":true,\"valueName\":\"search_term_string\"}}],\"inLanguage\":\"ca\"},{\"@type\":\"Organization\",\"@id\":\"https:\/\/www.cpl.es\/galilea\/#organization\",\"name\":\"Centre de Pastoral Lit\u00fargica\",\"url\":\"https:\/\/www.cpl.es\/galilea\/\",\"logo\":{\"@type\":\"ImageObject\",\"inLanguage\":\"ca\",\"@id\":\"https:\/\/www.cpl.es\/galilea\/#\/schema\/logo\/image\/\",\"url\":\"https:\/\/i0.wp.com\/ivory-newt-719188.hostingersite.com\/wp-content\/uploads\/2022\/10\/perfil-xarxes-400x400-1.jpg?fit=400%2C400&ssl=1\",\"contentUrl\":\"https:\/\/i0.wp.com\/ivory-newt-719188.hostingersite.com\/wp-content\/uploads\/2022\/10\/perfil-xarxes-400x400-1.jpg?fit=400%2C400&ssl=1\",\"width\":400,\"height\":400,\"caption\":\"Centre de Pastoral Lit\u00fargica\"},\"image\":{\"@id\":\"https:\/\/www.cpl.es\/galilea\/#\/schema\/logo\/image\/\"},\"sameAs\":[\"https:\/\/www.facebook.com\/CPLeditorial\",\"https:\/\/x.com\/CPLeditorial\",\"https:\/\/www.instagram.com\/cpleditorial\/\",\"https:\/\/www.youtube.com\/c\/CentredePastoralLitrgicaCPL\"]}]}<\/script>\n<!-- \/ Yoast SEO plugin. -->","yoast_head_json":{"title":"Materiales con el n\u00fam. 16 de Galilea.153 - Galilea.153","robots":{"index":"index","follow":"follow","max-snippet":"max-snippet:-1","max-image-preview":"max-image-preview:large","max-video-preview":"max-video-preview:-1"},"canonical":"https:\/\/www.cpl.es\/galilea\/ca\/materiales-con-el-num-16-de-galilea-153\/","og_locale":"ca_ES","og_type":"article","og_title":"Materiales con el n\u00fam. 16 de Galilea.153 - Galilea.153","og_description":"\u00abDuelo y esperanza\u00bb, en esta revista tambi\u00e9n encontrar\u00e1s material propio para ser utilizado en vuestros grupos y comunidades. Y son los siguientes:","og_url":"https:\/\/www.cpl.es\/galilea\/ca\/materiales-con-el-num-16-de-galilea-153\/","og_site_name":"Galilea.153","article_publisher":"https:\/\/www.facebook.com\/CPLeditorial","article_modified_time":"2020-10-06T09:15:41+00:00","twitter_card":"summary_large_image","twitter_site":"@CPLeditorial","schema":{"@context":"https:\/\/schema.org","@graph":[{"@type":"WebPage","@id":"https:\/\/www.cpl.es\/galilea\/materiales-con-el-num-16-de-galilea-153\/","url":"https:\/\/www.cpl.es\/galilea\/materiales-con-el-num-16-de-galilea-153\/","name":"Materiales con el n\u00fam. 16 de Galilea.153 - Galilea.153","isPartOf":{"@id":"https:\/\/www.cpl.es\/galilea\/#website"},"datePublished":"2020-10-06T09:15:36+00:00","dateModified":"2020-10-06T09:15:41+00:00","breadcrumb":{"@id":"https:\/\/www.cpl.es\/galilea\/materiales-con-el-num-16-de-galilea-153\/#breadcrumb"},"inLanguage":"ca","potentialAction":[{"@type":"ReadAction","target":["https:\/\/www.cpl.es\/galilea\/materiales-con-el-num-16-de-galilea-153\/"]}]},{"@type":"BreadcrumbList","@id":"https:\/\/www.cpl.es\/galilea\/materiales-con-el-num-16-de-galilea-153\/#breadcrumb","itemListElement":[{"@type":"ListItem","position":1,"name":"Home","item":"https:\/\/www.cpl.es\/galilea\/"},{"@type":"ListItem","position":2,"name":"Materiales con el n\u00fam. 16 de Galilea.153"}]},{"@type":"WebSite","@id":"https:\/\/www.cpl.es\/galilea\/#website","url":"https:\/\/www.cpl.es\/galilea\/","name":"Galilea.153","description":"Liturgia, pastoral, vida cristiana","publisher":{"@id":"https:\/\/www.cpl.es\/galilea\/#organization"},"potentialAction":[{"@type":"SearchAction","target":{"@type":"EntryPoint","urlTemplate":"https:\/\/www.cpl.es\/galilea\/?s={search_term_string}"},"query-input":{"@type":"PropertyValueSpecification","valueRequired":true,"valueName":"search_term_string"}}],"inLanguage":"ca"},{"@type":"Organization","@id":"https:\/\/www.cpl.es\/galilea\/#organization","name":"Centre de Pastoral Lit\u00fargica","url":"https:\/\/www.cpl.es\/galilea\/","logo":{"@type":"ImageObject","inLanguage":"ca","@id":"https:\/\/www.cpl.es\/galilea\/#\/schema\/logo\/image\/","url":"https:\/\/i0.wp.com\/ivory-newt-719188.hostingersite.com\/wp-content\/uploads\/2022\/10\/perfil-xarxes-400x400-1.jpg?fit=400%2C400&ssl=1","contentUrl":"https:\/\/i0.wp.com\/ivory-newt-719188.hostingersite.com\/wp-content\/uploads\/2022\/10\/perfil-xarxes-400x400-1.jpg?fit=400%2C400&ssl=1","width":400,"height":400,"caption":"Centre de Pastoral Lit\u00fargica"},"image":{"@id":"https:\/\/www.cpl.es\/galilea\/#\/schema\/logo\/image\/"},"sameAs":["https:\/\/www.facebook.com\/CPLeditorial","https:\/\/x.com\/CPLeditorial","https:\/\/www.instagram.com\/cpleditorial\/","https:\/\/www.youtube.com\/c\/CentredePastoralLitrgicaCPL"]}]}},"_links":{"self":[{"href":"https:\/\/www.cpl.es\/galilea\/ca\/wp-json\/wp\/v2\/pages\/1539"}],"collection":[{"href":"https:\/\/www.cpl.es\/galilea\/ca\/wp-json\/wp\/v2\/pages"}],"about":[{"href":"https:\/\/www.cpl.es\/galilea\/ca\/wp-json\/wp\/v2\/types\/page"}],"author":[{"embeddable":true,"href":"https:\/\/www.cpl.es\/galilea\/ca\/wp-json\/wp\/v2\/users\/1"}],"replies":[{"embeddable":true,"href":"https:\/\/www.cpl.es\/galilea\/ca\/wp-json\/wp\/v2\/comments?post=1539"}],"version-history":[{"count":3,"href":"https:\/\/www.cpl.es\/galilea\/ca\/wp-json\/wp\/v2\/pages\/1539\/revisions"}],"predecessor-version":[{"id":1546,"href":"https:\/\/www.cpl.es\/galilea\/ca\/wp-json\/wp\/v2\/pages\/1539\/revisions\/1546"}],"wp:attachment":[{"href":"https:\/\/www.cpl.es\/galilea\/ca\/wp-json\/wp\/v2\/media?parent=1539"}],"curies":[{"name":"wp","href":"https:\/\/api.w.org\/{rel}","templated":true}]}}