{"id":1381,"date":"2020-06-02T12:00:47","date_gmt":"2020-06-02T10:00:47","guid":{"rendered":"http:\/\/ivory-newt-719188.hostingersite.com\/?page_id=1381"},"modified":"2020-07-13T09:27:49","modified_gmt":"2020-07-13T07:27:49","slug":"material-dios-en-los-sentidos","status":"publish","type":"page","link":"https:\/\/www.cpl.es\/galilea\/ca\/material-dios-en-los-sentidos\/","title":{"rendered":"Materials amb el n\u00fam. 14 de Galilea.153"},"content":{"rendered":"<p>&#8220;Dios en los sentidos&#8221;, en esta revista tambi\u00e9n encontrar\u00e1s material propio para ser utilizado en vuestros grupos y comunidades. Y son los siguientes: <\/p>\n\n\n\n<table id=\"tablepress-16\" class=\"tablepress tablepress-id-16\">\n<thead>\n<tr class=\"row-1 odd\">\n\t<th class=\"column-1\"><figure id=\"attachment_1397\" aria-describedby=\"caption-attachment-1397\" style=\"width: 219px\" class=\"wp-caption alignnone\"><a href=\"http:\/\/ivory-newt-719188.hostingersite.com\/wp-content\/uploads\/2020\/06\/Aldazabal-Gestos-simbolos.pdf\"><img loading=\"lazy\" decoding=\"async\" src=\"http:\/\/ivory-newt-719188.hostingersite.com\/wp-content\/uploads\/2020\/06\/Aldazabal-Gestos-simbolos-219x300.jpg\" alt=\"Libro de Jos\u00e9 Aldaz\u00e1bal, Gestos y s\u00edmbolos\" width=\"219\" height=\"300\" class=\"size-medium wp-image-1397\" srcset=\"https:\/\/www.cpl.es\/galilea\/wp-content\/uploads\/2020\/06\/Aldazabal-Gestos-simbolos-219x300.jpg 219w, https:\/\/www.cpl.es\/galilea\/wp-content\/uploads\/2020\/06\/Aldazabal-Gestos-simbolos.jpg 468w\" sizes=\"(max-width: 219px) 85vw, 219px\" \/><\/a><figcaption id=\"caption-attachment-1397\" class=\"wp-caption-text\">Gestos i s\u00edmbols<\/figcaption><\/figure><\/th><th class=\"column-2\"><figure id=\"attachment_1392\" aria-describedby=\"caption-attachment-1392\" style=\"width: 219px\" class=\"wp-caption alignnone\"><a href=\"http:\/\/ivory-newt-719188.hostingersite.com\/wp-content\/uploads\/2020\/06\/Castellano-Oracion-iconos.pdf\"><img loading=\"lazy\" decoding=\"async\" src=\"http:\/\/ivory-newt-719188.hostingersite.com\/wp-content\/uploads\/2020\/06\/Castellano-Oracion-iconos-219x300.jpg\" alt=\"Libro de Jes\u00fas Castellanos, Oraci\u00f3n ante los iconos. Los misterios de Cristo en el a\u00f1o lit\u00fargico\" width=\"219\" height=\"300\" class=\"size-medium wp-image-1392\" srcset=\"https:\/\/www.cpl.es\/galilea\/wp-content\/uploads\/2020\/06\/Castellano-Oracion-iconos-219x300.jpg 219w, https:\/\/www.cpl.es\/galilea\/wp-content\/uploads\/2020\/06\/Castellano-Oracion-iconos.jpg 467w\" sizes=\"(max-width: 219px) 85vw, 219px\" \/><\/a><figcaption id=\"caption-attachment-1392\" class=\"wp-caption-text\">Oraci\u00f3n ante los iconos<\/figcaption><\/figure><\/th><th class=\"column-3\"><figure id=\"attachment_1395\" aria-describedby=\"caption-attachment-1395\" style=\"width: 219px\" class=\"wp-caption alignnone\"><a href=\"http:\/\/ivory-newt-719188.hostingersite.com\/wp-content\/uploads\/2020\/06\/Liturgia-basica-espacio.pdf\"><img loading=\"lazy\" decoding=\"async\" src=\"http:\/\/ivory-newt-719188.hostingersite.com\/wp-content\/uploads\/2020\/06\/Liturgia-basica-espacio-219x300.jpg\" alt=\"Liturgia B\u00e1sica 5 en Dossiers CPL: Liturgia, oraci\u00f3n, espacio y vida\" width=\"219\" height=\"300\" class=\"size-medium wp-image-1395\" srcset=\"https:\/\/www.cpl.es\/galilea\/wp-content\/uploads\/2020\/06\/Liturgia-basica-espacio-219x300.jpg 219w, https:\/\/www.cpl.es\/galilea\/wp-content\/uploads\/2020\/06\/Liturgia-basica-espacio.jpg 468w\" sizes=\"(max-width: 219px) 85vw, 219px\" \/><\/a><figcaption id=\"caption-attachment-1395\" class=\"wp-caption-text\">Liturgia, oraci\u00f3n, espacio y vida<\/figcaption><\/figure><\/th>\n<\/tr>\n<\/thead>\n<tbody class=\"row-hover\">\n<tr class=\"row-2 even\">\n\t<td class=\"column-1\"><figure id=\"attachment_1394\" aria-describedby=\"caption-attachment-1394\" style=\"width: 214px\" class=\"wp-caption alignnone\"><a href=\"http:\/\/ivory-newt-719188.hostingersite.com\/wp-content\/uploads\/2020\/06\/Hoja-unciones.pdf\"><img loading=\"lazy\" decoding=\"async\" src=\"http:\/\/ivory-newt-719188.hostingersite.com\/wp-content\/uploads\/2020\/06\/Hoja-unciones-214x300.jpg\" alt=\"Hoja verde de Misa Dominical: Las unciones\" width=\"214\" height=\"300\" class=\"size-medium wp-image-1394\" srcset=\"https:\/\/www.cpl.es\/galilea\/wp-content\/uploads\/2020\/06\/Hoja-unciones-214x300.jpg 214w, https:\/\/www.cpl.es\/galilea\/wp-content\/uploads\/2020\/06\/Hoja-unciones.jpg 457w\" sizes=\"(max-width: 214px) 85vw, 214px\" \/><\/a><figcaption id=\"caption-attachment-1394\" class=\"wp-caption-text\">Las unciones<\/figcaption><\/figure><\/td><td class=\"column-2\"><figure id=\"attachment_1393\" aria-describedby=\"caption-attachment-1393\" style=\"width: 214px\" class=\"wp-caption alignnone\"><a href=\"http:\/\/ivory-newt-719188.hostingersite.com\/wp-content\/uploads\/2020\/06\/Hoja-rezar-musica.pdf\"><img loading=\"lazy\" decoding=\"async\" src=\"http:\/\/ivory-newt-719188.hostingersite.com\/wp-content\/uploads\/2020\/06\/Hoja-rezar-musica-214x300.jpg\" alt=\"Hoja verde de Misa Dominical: Rezar con la m\u00fasica\" width=\"214\" height=\"300\" class=\"size-medium wp-image-1393\" srcset=\"https:\/\/www.cpl.es\/galilea\/wp-content\/uploads\/2020\/06\/Hoja-rezar-musica-214x300.jpg 214w, https:\/\/www.cpl.es\/galilea\/wp-content\/uploads\/2020\/06\/Hoja-rezar-musica.jpg 457w\" sizes=\"(max-width: 214px) 85vw, 214px\" \/><\/a><figcaption id=\"caption-attachment-1393\" class=\"wp-caption-text\">Rezar con la m\u00fasica<\/figcaption><\/figure><\/td><td class=\"column-3\"><figure id=\"attachment_1396\" aria-describedby=\"caption-attachment-1396\" style=\"width: 225px\" class=\"wp-caption alignnone\"><a href=\"http:\/\/ivory-newt-719188.hostingersite.com\/wp-content\/uploads\/2020\/06\/Agustin-Sentidos.pdf\"><img loading=\"lazy\" decoding=\"async\" src=\"http:\/\/ivory-newt-719188.hostingersite.com\/wp-content\/uploads\/2020\/06\/Agustin-Sentidos-225x300.jpg\" alt=\"En Confesiones de Agust\u00edn de Hipona trata de los sentidos en referencia a Dios\" width=\"225\" height=\"300\" class=\"size-medium wp-image-1396\" srcset=\"https:\/\/www.cpl.es\/galilea\/wp-content\/uploads\/2020\/06\/Agustin-Sentidos-225x300.jpg 225w, https:\/\/www.cpl.es\/galilea\/wp-content\/uploads\/2020\/06\/Agustin-Sentidos.jpg 480w\" sizes=\"(max-width: 225px) 85vw, 225px\" \/><\/a><figcaption id=\"caption-attachment-1396\" class=\"wp-caption-text\">Confesiones, sentidos<\/figcaption><\/figure><\/td>\n<\/tr>\n<\/tbody>\n<\/table>\n<!-- #tablepress-16 from cache -->","protected":false},"excerpt":{"rendered":"<p>&#8220;Dios en los sentidos&#8221;, en esta revista tambi\u00e9n encontrar\u00e1s material propio para ser utilizado en vuestros grupos y comunidades. Y son los siguientes:<\/p>","protected":false},"author":1,"featured_media":0,"parent":0,"menu_order":0,"comment_status":"closed","ping_status":"closed","template":"","meta":{"footnotes":""},"class_list":["post-1381","page","type-page","status-publish","hentry"],"yoast_head":"<!-- This site is optimized with the Yoast SEO plugin v23.5 - https:\/\/yoast.com\/wordpress\/plugins\/seo\/ -->\n<title>Galilea.153 - Materiales con el n\u00fam. 14 de Galilea.153 %<\/title>\n<meta name=\"description\" content=\"&quot;Dios en los sentidos&quot;, en esta revista tambi\u00e9n encontrar\u00e1s material propio para ser utilizado en vuestros grupos y comunidades.\" \/>\n<meta name=\"robots\" content=\"index, follow, max-snippet:-1, max-image-preview:large, max-video-preview:-1\" \/>\n<link rel=\"canonical\" href=\"https:\/\/www.cpl.es\/galilea\/ca\/material-dios-en-los-sentidos\/\" \/>\n<meta property=\"og:locale\" content=\"ca_ES\" \/>\n<meta property=\"og:type\" content=\"article\" \/>\n<meta property=\"og:title\" content=\"Galilea.153 - Materiales con el n\u00fam. 14 de Galilea.153 %\" \/>\n<meta property=\"og:description\" content=\"&quot;Dios en los sentidos&quot;, en esta revista tambi\u00e9n encontrar\u00e1s material propio para ser utilizado en vuestros grupos y comunidades.\" \/>\n<meta property=\"og:url\" content=\"https:\/\/www.cpl.es\/galilea\/ca\/material-dios-en-los-sentidos\/\" \/>\n<meta property=\"og:site_name\" content=\"Galilea.153\" \/>\n<meta property=\"article:publisher\" content=\"https:\/\/www.facebook.com\/CPLeditorial\" \/>\n<meta property=\"article:modified_time\" content=\"2020-07-13T07:27:49+00:00\" \/>\n<meta name=\"twitter:card\" content=\"summary_large_image\" \/>\n<meta name=\"twitter:site\" content=\"@CPLeditorial\" \/>\n<script type=\"application\/ld+json\" class=\"yoast-schema-graph\">{\"@context\":\"https:\/\/schema.org\",\"@graph\":[{\"@type\":\"WebPage\",\"@id\":\"https:\/\/www.cpl.es\/galilea\/material-dios-en-los-sentidos\/\",\"url\":\"https:\/\/www.cpl.es\/galilea\/material-dios-en-los-sentidos\/\",\"name\":\"Galilea.153 - Materiales con el n\u00fam. 14 de Galilea.153 %\",\"isPartOf\":{\"@id\":\"https:\/\/www.cpl.es\/galilea\/#website\"},\"datePublished\":\"2020-06-02T10:00:47+00:00\",\"dateModified\":\"2020-07-13T07:27:49+00:00\",\"description\":\"\\\"Dios en los sentidos\\\", en esta revista tambi\u00e9n encontrar\u00e1s material propio para ser utilizado en vuestros grupos y comunidades.\",\"breadcrumb\":{\"@id\":\"https:\/\/www.cpl.es\/galilea\/material-dios-en-los-sentidos\/#breadcrumb\"},\"inLanguage\":\"ca\",\"potentialAction\":[{\"@type\":\"ReadAction\",\"target\":[\"https:\/\/www.cpl.es\/galilea\/material-dios-en-los-sentidos\/\"]}]},{\"@type\":\"BreadcrumbList\",\"@id\":\"https:\/\/www.cpl.es\/galilea\/material-dios-en-los-sentidos\/#breadcrumb\",\"itemListElement\":[{\"@type\":\"ListItem\",\"position\":1,\"name\":\"Home\",\"item\":\"https:\/\/www.cpl.es\/galilea\/\"},{\"@type\":\"ListItem\",\"position\":2,\"name\":\"Materiales con el n\u00fam. 14 de Galilea.153\"}]},{\"@type\":\"WebSite\",\"@id\":\"https:\/\/www.cpl.es\/galilea\/#website\",\"url\":\"https:\/\/www.cpl.es\/galilea\/\",\"name\":\"Galilea.153\",\"description\":\"Liturgia, pastoral, vida cristiana\",\"publisher\":{\"@id\":\"https:\/\/www.cpl.es\/galilea\/#organization\"},\"potentialAction\":[{\"@type\":\"SearchAction\",\"target\":{\"@type\":\"EntryPoint\",\"urlTemplate\":\"https:\/\/www.cpl.es\/galilea\/?s={search_term_string}\"},\"query-input\":{\"@type\":\"PropertyValueSpecification\",\"valueRequired\":true,\"valueName\":\"search_term_string\"}}],\"inLanguage\":\"ca\"},{\"@type\":\"Organization\",\"@id\":\"https:\/\/www.cpl.es\/galilea\/#organization\",\"name\":\"Centre de Pastoral Lit\u00fargica\",\"url\":\"https:\/\/www.cpl.es\/galilea\/\",\"logo\":{\"@type\":\"ImageObject\",\"inLanguage\":\"ca\",\"@id\":\"https:\/\/www.cpl.es\/galilea\/#\/schema\/logo\/image\/\",\"url\":\"https:\/\/i0.wp.com\/ivory-newt-719188.hostingersite.com\/wp-content\/uploads\/2022\/10\/perfil-xarxes-400x400-1.jpg?fit=400%2C400&ssl=1\",\"contentUrl\":\"https:\/\/i0.wp.com\/ivory-newt-719188.hostingersite.com\/wp-content\/uploads\/2022\/10\/perfil-xarxes-400x400-1.jpg?fit=400%2C400&ssl=1\",\"width\":400,\"height\":400,\"caption\":\"Centre de Pastoral Lit\u00fargica\"},\"image\":{\"@id\":\"https:\/\/www.cpl.es\/galilea\/#\/schema\/logo\/image\/\"},\"sameAs\":[\"https:\/\/www.facebook.com\/CPLeditorial\",\"https:\/\/x.com\/CPLeditorial\",\"https:\/\/www.instagram.com\/cpleditorial\/\",\"https:\/\/www.youtube.com\/c\/CentredePastoralLitrgicaCPL\"]}]}<\/script>\n<!-- \/ Yoast SEO plugin. -->","yoast_head_json":{"title":"Galilea.153 - Materiales con el n\u00fam. 14 de Galilea.153 %","description":"\"Dios en los sentidos\", en esta revista tambi\u00e9n encontrar\u00e1s material propio para ser utilizado en vuestros grupos y comunidades.","robots":{"index":"index","follow":"follow","max-snippet":"max-snippet:-1","max-image-preview":"max-image-preview:large","max-video-preview":"max-video-preview:-1"},"canonical":"https:\/\/www.cpl.es\/galilea\/ca\/material-dios-en-los-sentidos\/","og_locale":"ca_ES","og_type":"article","og_title":"Galilea.153 - Materiales con el n\u00fam. 14 de Galilea.153 %","og_description":"\"Dios en los sentidos\", en esta revista tambi\u00e9n encontrar\u00e1s material propio para ser utilizado en vuestros grupos y comunidades.","og_url":"https:\/\/www.cpl.es\/galilea\/ca\/material-dios-en-los-sentidos\/","og_site_name":"Galilea.153","article_publisher":"https:\/\/www.facebook.com\/CPLeditorial","article_modified_time":"2020-07-13T07:27:49+00:00","twitter_card":"summary_large_image","twitter_site":"@CPLeditorial","schema":{"@context":"https:\/\/schema.org","@graph":[{"@type":"WebPage","@id":"https:\/\/www.cpl.es\/galilea\/material-dios-en-los-sentidos\/","url":"https:\/\/www.cpl.es\/galilea\/material-dios-en-los-sentidos\/","name":"Galilea.153 - Materiales con el n\u00fam. 14 de Galilea.153 %","isPartOf":{"@id":"https:\/\/www.cpl.es\/galilea\/#website"},"datePublished":"2020-06-02T10:00:47+00:00","dateModified":"2020-07-13T07:27:49+00:00","description":"\"Dios en los sentidos\", en esta revista tambi\u00e9n encontrar\u00e1s material propio para ser utilizado en vuestros grupos y comunidades.","breadcrumb":{"@id":"https:\/\/www.cpl.es\/galilea\/material-dios-en-los-sentidos\/#breadcrumb"},"inLanguage":"ca","potentialAction":[{"@type":"ReadAction","target":["https:\/\/www.cpl.es\/galilea\/material-dios-en-los-sentidos\/"]}]},{"@type":"BreadcrumbList","@id":"https:\/\/www.cpl.es\/galilea\/material-dios-en-los-sentidos\/#breadcrumb","itemListElement":[{"@type":"ListItem","position":1,"name":"Home","item":"https:\/\/www.cpl.es\/galilea\/"},{"@type":"ListItem","position":2,"name":"Materiales con el n\u00fam. 14 de Galilea.153"}]},{"@type":"WebSite","@id":"https:\/\/www.cpl.es\/galilea\/#website","url":"https:\/\/www.cpl.es\/galilea\/","name":"Galilea.153","description":"Liturgia, pastoral, vida cristiana","publisher":{"@id":"https:\/\/www.cpl.es\/galilea\/#organization"},"potentialAction":[{"@type":"SearchAction","target":{"@type":"EntryPoint","urlTemplate":"https:\/\/www.cpl.es\/galilea\/?s={search_term_string}"},"query-input":{"@type":"PropertyValueSpecification","valueRequired":true,"valueName":"search_term_string"}}],"inLanguage":"ca"},{"@type":"Organization","@id":"https:\/\/www.cpl.es\/galilea\/#organization","name":"Centre de Pastoral Lit\u00fargica","url":"https:\/\/www.cpl.es\/galilea\/","logo":{"@type":"ImageObject","inLanguage":"ca","@id":"https:\/\/www.cpl.es\/galilea\/#\/schema\/logo\/image\/","url":"https:\/\/i0.wp.com\/ivory-newt-719188.hostingersite.com\/wp-content\/uploads\/2022\/10\/perfil-xarxes-400x400-1.jpg?fit=400%2C400&ssl=1","contentUrl":"https:\/\/i0.wp.com\/ivory-newt-719188.hostingersite.com\/wp-content\/uploads\/2022\/10\/perfil-xarxes-400x400-1.jpg?fit=400%2C400&ssl=1","width":400,"height":400,"caption":"Centre de Pastoral Lit\u00fargica"},"image":{"@id":"https:\/\/www.cpl.es\/galilea\/#\/schema\/logo\/image\/"},"sameAs":["https:\/\/www.facebook.com\/CPLeditorial","https:\/\/x.com\/CPLeditorial","https:\/\/www.instagram.com\/cpleditorial\/","https:\/\/www.youtube.com\/c\/CentredePastoralLitrgicaCPL"]}]}},"_links":{"self":[{"href":"https:\/\/www.cpl.es\/galilea\/ca\/wp-json\/wp\/v2\/pages\/1381"}],"collection":[{"href":"https:\/\/www.cpl.es\/galilea\/ca\/wp-json\/wp\/v2\/pages"}],"about":[{"href":"https:\/\/www.cpl.es\/galilea\/ca\/wp-json\/wp\/v2\/types\/page"}],"author":[{"embeddable":true,"href":"https:\/\/www.cpl.es\/galilea\/ca\/wp-json\/wp\/v2\/users\/1"}],"replies":[{"embeddable":true,"href":"https:\/\/www.cpl.es\/galilea\/ca\/wp-json\/wp\/v2\/comments?post=1381"}],"version-history":[{"count":3,"href":"https:\/\/www.cpl.es\/galilea\/ca\/wp-json\/wp\/v2\/pages\/1381\/revisions"}],"predecessor-version":[{"id":1477,"href":"https:\/\/www.cpl.es\/galilea\/ca\/wp-json\/wp\/v2\/pages\/1381\/revisions\/1477"}],"wp:attachment":[{"href":"https:\/\/www.cpl.es\/galilea\/ca\/wp-json\/wp\/v2\/media?parent=1381"}],"curies":[{"name":"wp","href":"https:\/\/api.w.org\/{rel}","templated":true}]}}