{"id":1306,"date":"2020-02-13T13:19:41","date_gmt":"2020-02-13T11:19:41","guid":{"rendered":"http:\/\/ivory-newt-719188.hostingersite.com\/?page_id=1306"},"modified":"2020-07-13T09:26:59","modified_gmt":"2020-07-13T07:26:59","slug":"materiales-del-num-12-de-galilea-153","status":"publish","type":"page","link":"https:\/\/www.cpl.es\/galilea\/ca\/materiales-del-num-12-de-galilea-153\/","title":{"rendered":"Materials amb el n\u00fam. 12 de Galilea.153"},"content":{"rendered":"<p>El dibujo, la pintura, la escultura, la arquitectura, la m\u00fasica, la literatura en general y la poes\u00eda en particular\u2026 son m\u00faltiples manifestaciones del arte.<\/p>\n\n\n\n<p>El arte es la capacidad de expresar lo inexpresable, desde cualquier emoci\u00f3n humana hasta la fe, y de establecer una comunicaci\u00f3n y comuni\u00f3n profunda entre el autor y el receptor de la obra de arte.<\/p>\n\n\n\n<p><strong>Galilea.153 marzo-abril de 2020 \u201cDios es belleza\u201d<\/strong><br>En esta revista se incluye un material propicio para ser utilizado en vuestros grupos y comunidades. Y son los siguientes:<\/p>\n\n\n\n<table id=\"tablepress-14\" class=\"tablepress tablepress-id-14\">\n<thead>\n<tr class=\"row-1 odd\">\n\t<th class=\"column-1\"><figure id=\"attachment_1295\" aria-describedby=\"caption-attachment-1295\" style=\"width: 212px\" class=\"wp-caption alignnone\"><a href=\"http:\/\/ivory-newt-719188.hostingersite.com\/wp-content\/uploads\/2020\/02\/Una-casa-epilogo.pdf\"><img loading=\"lazy\" decoding=\"async\" src=\"http:\/\/ivory-newt-719188.hostingersite.com\/wp-content\/uploads\/2020\/02\/Una-casa-Pere-Tena-212x300.jpg\" alt=\"\" width=\"212\" height=\"300\" class=\"size-medium wp-image-1295\" srcset=\"https:\/\/www.cpl.es\/galilea\/wp-content\/uploads\/2020\/02\/Una-casa-Pere-Tena-212x300.jpg 212w, https:\/\/www.cpl.es\/galilea\/wp-content\/uploads\/2020\/02\/Una-casa-Pere-Tena.jpg 261w\" sizes=\"(max-width: 212px) 85vw, 212px\" \/><\/a><figcaption id=\"caption-attachment-1295\" class=\"wp-caption-text\">Una casa, una mesa, un solo coraz\u00f3n (pdf)<\/figcaption><\/figure><\/th><th class=\"column-2\"><figure id=\"attachment_1289\" aria-describedby=\"caption-attachment-1289\" style=\"width: 205px\" class=\"wp-caption alignnone\"><a href=\"http:\/\/ivory-newt-719188.hostingersite.com\/wp-content\/uploads\/2020\/02\/funcio-arquitectura-cristiana.pdf\"><img loading=\"lazy\" decoding=\"async\" src=\"http:\/\/ivory-newt-719188.hostingersite.com\/wp-content\/uploads\/2020\/02\/ambitos-de-revelacion-205x300.jpg\" alt=\"\" width=\"205\" height=\"300\" class=\"size-medium wp-image-1289\" srcset=\"https:\/\/www.cpl.es\/galilea\/wp-content\/uploads\/2020\/02\/ambitos-de-revelacion-205x300.jpg 205w, https:\/\/www.cpl.es\/galilea\/wp-content\/uploads\/2020\/02\/ambitos-de-revelacion.jpg 253w\" sizes=\"(max-width: 205px) 85vw, 205px\" \/><\/a><figcaption id=\"caption-attachment-1289\" class=\"wp-caption-text\">Las tres funciones de la arquitectura cristiana (pdf)<\/figcaption><\/figure><\/th><th class=\"column-3\"><figure id=\"attachment_1292\" aria-describedby=\"caption-attachment-1292\" style=\"width: 216px\" class=\"wp-caption alignnone\"><a href=\"http:\/\/ivory-newt-719188.hostingersite.com\/wp-content\/uploads\/2020\/02\/ambientar-una-iglesia.pdf\"><img loading=\"lazy\" decoding=\"async\" src=\"http:\/\/ivory-newt-719188.hostingersite.com\/wp-content\/uploads\/2020\/02\/Liturgia-espacio-216x300.jpg\" alt=\"\" width=\"216\" height=\"300\" class=\"size-medium wp-image-1292\" srcset=\"https:\/\/www.cpl.es\/galilea\/wp-content\/uploads\/2020\/02\/Liturgia-espacio-216x300.jpg 216w, https:\/\/www.cpl.es\/galilea\/wp-content\/uploads\/2020\/02\/Liturgia-espacio.jpg 267w\" sizes=\"(max-width: 216px) 85vw, 216px\" \/><\/a><figcaption id=\"caption-attachment-1292\" class=\"wp-caption-text\">Ambientar una iglesia (pdf)<\/figcaption><\/figure><\/th>\n<\/tr>\n<\/thead>\n<tbody class=\"row-hover\">\n<tr class=\"row-2 even\">\n\t<td class=\"column-1\"><figure id=\"attachment_1294\" aria-describedby=\"caption-attachment-1294\" style=\"width: 190px\" class=\"wp-caption alignnone\"><a href=\"http:\/\/ivory-newt-719188.hostingersite.com\/wp-content\/uploads\/2020\/02\/oremos-los-salmos.pdf\"><img loading=\"lazy\" decoding=\"async\" src=\"http:\/\/ivory-newt-719188.hostingersite.com\/wp-content\/uploads\/2020\/02\/oremos-los-salmos-190x300.jpg\" alt=\"\" width=\"190\" height=\"300\" class=\"size-medium wp-image-1294\" srcset=\"https:\/\/www.cpl.es\/galilea\/wp-content\/uploads\/2020\/02\/oremos-los-salmos-190x300.jpg 190w, https:\/\/www.cpl.es\/galilea\/wp-content\/uploads\/2020\/02\/oremos-los-salmos.jpg 234w\" sizes=\"(max-width: 190px) 85vw, 190px\" \/><\/a><figcaption id=\"caption-attachment-1294\" class=\"wp-caption-text\">Buscando la verdadera oraci\u00f3n (pdf)<\/figcaption><\/figure><\/td><td class=\"column-2\"><figure id=\"attachment_1293\" aria-describedby=\"caption-attachment-1293\" style=\"width: 216px\" class=\"wp-caption alignnone\"><a href=\"http:\/\/ivory-newt-719188.hostingersite.com\/wp-content\/uploads\/2020\/02\/oracion-ante-los-iconos.pdf\"><img loading=\"lazy\" decoding=\"async\" src=\"http:\/\/ivory-newt-719188.hostingersite.com\/wp-content\/uploads\/2020\/02\/Oracion-ante-los-iconos-216x300.jpg\" alt=\"\" width=\"216\" height=\"300\" class=\"size-medium wp-image-1293\" srcset=\"https:\/\/www.cpl.es\/galilea\/wp-content\/uploads\/2020\/02\/Oracion-ante-los-iconos-216x300.jpg 216w, https:\/\/www.cpl.es\/galilea\/wp-content\/uploads\/2020\/02\/Oracion-ante-los-iconos.jpg 267w\" sizes=\"(max-width: 216px) 85vw, 216px\" \/><\/a><figcaption id=\"caption-attachment-1293\" class=\"wp-caption-text\">Teolog\u00eda de los iconos (pdf)<\/figcaption><\/figure><\/td><td class=\"column-3\"><figure id=\"attachment_1296\" aria-describedby=\"caption-attachment-1296\" style=\"width: 158px\" class=\"wp-caption alignnone\"><a href=\"http:\/\/ivory-newt-719188.hostingersite.com\/wp-content\/uploads\/2020\/02\/el-Mesias.pdf\"><img loading=\"lazy\" decoding=\"async\" src=\"http:\/\/ivory-newt-719188.hostingersite.com\/wp-content\/uploads\/2020\/02\/El-Mesias-158x300.jpg\" alt=\"\" width=\"158\" height=\"300\" class=\"size-medium wp-image-1296\" srcset=\"https:\/\/www.cpl.es\/galilea\/wp-content\/uploads\/2020\/02\/El-Mesias-158x300.jpg 158w, https:\/\/www.cpl.es\/galilea\/wp-content\/uploads\/2020\/02\/El-Mesias.jpg 195w\" sizes=\"(max-width: 158px) 85vw, 158px\" \/><\/a><figcaption id=\"caption-attachment-1296\" class=\"wp-caption-text\">El Mes\u00edas de Handel, escuchar la fe (pdf)<\/figcaption><\/figure><\/td>\n<\/tr>\n<tr class=\"row-3 odd\">\n\t<td class=\"column-1\"><figure id=\"attachment_1290\" aria-describedby=\"caption-attachment-1290\" style=\"width: 225px\" class=\"wp-caption alignnone\"><a href=\"http:\/\/ivory-newt-719188.hostingersite.com\/wp-content\/uploads\/2020\/02\/crisostomo-sacerdocio.pdf\"><img loading=\"lazy\" decoding=\"async\" src=\"http:\/\/ivory-newt-719188.hostingersite.com\/wp-content\/uploads\/2020\/02\/Joan-Crisostomo-225x300.jpg\" alt=\"\" width=\"225\" height=\"300\" class=\"size-medium wp-image-1290\" srcset=\"https:\/\/www.cpl.es\/galilea\/wp-content\/uploads\/2020\/02\/Joan-Crisostomo-225x300.jpg 225w, https:\/\/www.cpl.es\/galilea\/wp-content\/uploads\/2020\/02\/Joan-Crisostomo.jpg 640w\" sizes=\"(max-width: 225px) 85vw, 225px\" \/><\/a><figcaption id=\"caption-attachment-1290\" class=\"wp-caption-text\">Joan Crisostomo (pdf)<\/figcaption><\/figure><\/td><td class=\"column-2\"><\/td><td class=\"column-3\"><\/td>\n<\/tr>\n<\/tbody>\n<\/table>\n<!-- #tablepress-14 from cache -->","protected":false},"excerpt":{"rendered":"<p>El dibujo, la pintura, la escultura, la arquitectura, la m\u00fasica, la literatura en general y la poes\u00eda en particular\u2026 son m\u00faltiples manifestaciones del arte. El arte es la capacidad de expresar lo inexpresable, desde cualquier emoci\u00f3n humana hasta la fe, y de establecer una comunicaci\u00f3n y comuni\u00f3n profunda entre el autor y el receptor de &hellip; <a href=\"https:\/\/www.cpl.es\/galilea\/ca\/materiales-del-num-12-de-galilea-153\/\" class=\"more-link\">Continua llegint <span class=\"screen-reader-text\">\u00abMateriales con el n\u00fam. 12 de Galilea.153\u00bb<\/span><\/a><\/p>","protected":false},"author":1,"featured_media":0,"parent":0,"menu_order":0,"comment_status":"closed","ping_status":"closed","template":"","meta":{"footnotes":""},"class_list":["post-1306","page","type-page","status-publish","hentry"],"yoast_head":"<!-- This site is optimized with the Yoast SEO plugin v23.5 - https:\/\/yoast.com\/wordpress\/plugins\/seo\/ -->\n<title>Materiales con el n\u00fam. 12 de Galilea.153 - Galilea.153<\/title>\n<meta name=\"robots\" content=\"index, follow, max-snippet:-1, max-image-preview:large, max-video-preview:-1\" \/>\n<link rel=\"canonical\" href=\"https:\/\/www.cpl.es\/galilea\/ca\/materiales-del-num-12-de-galilea-153\/\" \/>\n<meta property=\"og:locale\" content=\"ca_ES\" \/>\n<meta property=\"og:type\" content=\"article\" \/>\n<meta property=\"og:title\" content=\"Materiales con el n\u00fam. 12 de Galilea.153 - Galilea.153\" \/>\n<meta property=\"og:description\" content=\"El dibujo, la pintura, la escultura, la arquitectura, la m\u00fasica, la literatura en general y la poes\u00eda en particular\u2026 son m\u00faltiples manifestaciones del arte. El arte es la capacidad de expresar lo inexpresable, desde cualquier emoci\u00f3n humana hasta la fe, y de establecer una comunicaci\u00f3n y comuni\u00f3n profunda entre el autor y el receptor de &hellip; Continua llegint \u00abMateriales con el n\u00fam. 12 de Galilea.153\u00bb\" \/>\n<meta property=\"og:url\" content=\"https:\/\/www.cpl.es\/galilea\/ca\/materiales-del-num-12-de-galilea-153\/\" \/>\n<meta property=\"og:site_name\" content=\"Galilea.153\" \/>\n<meta property=\"article:publisher\" content=\"https:\/\/www.facebook.com\/CPLeditorial\" \/>\n<meta property=\"article:modified_time\" content=\"2020-07-13T07:26:59+00:00\" \/>\n<meta name=\"twitter:card\" content=\"summary_large_image\" \/>\n<meta name=\"twitter:site\" content=\"@CPLeditorial\" \/>\n<script type=\"application\/ld+json\" class=\"yoast-schema-graph\">{\"@context\":\"https:\/\/schema.org\",\"@graph\":[{\"@type\":\"WebPage\",\"@id\":\"https:\/\/www.cpl.es\/galilea\/materiales-del-num-12-de-galilea-153\/\",\"url\":\"https:\/\/www.cpl.es\/galilea\/materiales-del-num-12-de-galilea-153\/\",\"name\":\"Materiales con el n\u00fam. 12 de Galilea.153 - Galilea.153\",\"isPartOf\":{\"@id\":\"https:\/\/www.cpl.es\/galilea\/#website\"},\"datePublished\":\"2020-02-13T11:19:41+00:00\",\"dateModified\":\"2020-07-13T07:26:59+00:00\",\"breadcrumb\":{\"@id\":\"https:\/\/www.cpl.es\/galilea\/materiales-del-num-12-de-galilea-153\/#breadcrumb\"},\"inLanguage\":\"ca\",\"potentialAction\":[{\"@type\":\"ReadAction\",\"target\":[\"https:\/\/www.cpl.es\/galilea\/materiales-del-num-12-de-galilea-153\/\"]}]},{\"@type\":\"BreadcrumbList\",\"@id\":\"https:\/\/www.cpl.es\/galilea\/materiales-del-num-12-de-galilea-153\/#breadcrumb\",\"itemListElement\":[{\"@type\":\"ListItem\",\"position\":1,\"name\":\"Home\",\"item\":\"https:\/\/www.cpl.es\/galilea\/\"},{\"@type\":\"ListItem\",\"position\":2,\"name\":\"Materiales con el n\u00fam. 12 de Galilea.153\"}]},{\"@type\":\"WebSite\",\"@id\":\"https:\/\/www.cpl.es\/galilea\/#website\",\"url\":\"https:\/\/www.cpl.es\/galilea\/\",\"name\":\"Galilea.153\",\"description\":\"Liturgia, pastoral, vida cristiana\",\"publisher\":{\"@id\":\"https:\/\/www.cpl.es\/galilea\/#organization\"},\"potentialAction\":[{\"@type\":\"SearchAction\",\"target\":{\"@type\":\"EntryPoint\",\"urlTemplate\":\"https:\/\/www.cpl.es\/galilea\/?s={search_term_string}\"},\"query-input\":{\"@type\":\"PropertyValueSpecification\",\"valueRequired\":true,\"valueName\":\"search_term_string\"}}],\"inLanguage\":\"ca\"},{\"@type\":\"Organization\",\"@id\":\"https:\/\/www.cpl.es\/galilea\/#organization\",\"name\":\"Centre de Pastoral Lit\u00fargica\",\"url\":\"https:\/\/www.cpl.es\/galilea\/\",\"logo\":{\"@type\":\"ImageObject\",\"inLanguage\":\"ca\",\"@id\":\"https:\/\/www.cpl.es\/galilea\/#\/schema\/logo\/image\/\",\"url\":\"https:\/\/i0.wp.com\/ivory-newt-719188.hostingersite.com\/wp-content\/uploads\/2022\/10\/perfil-xarxes-400x400-1.jpg?fit=400%2C400&ssl=1\",\"contentUrl\":\"https:\/\/i0.wp.com\/ivory-newt-719188.hostingersite.com\/wp-content\/uploads\/2022\/10\/perfil-xarxes-400x400-1.jpg?fit=400%2C400&ssl=1\",\"width\":400,\"height\":400,\"caption\":\"Centre de Pastoral Lit\u00fargica\"},\"image\":{\"@id\":\"https:\/\/www.cpl.es\/galilea\/#\/schema\/logo\/image\/\"},\"sameAs\":[\"https:\/\/www.facebook.com\/CPLeditorial\",\"https:\/\/x.com\/CPLeditorial\",\"https:\/\/www.instagram.com\/cpleditorial\/\",\"https:\/\/www.youtube.com\/c\/CentredePastoralLitrgicaCPL\"]}]}<\/script>\n<!-- \/ Yoast SEO plugin. -->","yoast_head_json":{"title":"Materiales con el n\u00fam. 12 de Galilea.153 - Galilea.153","robots":{"index":"index","follow":"follow","max-snippet":"max-snippet:-1","max-image-preview":"max-image-preview:large","max-video-preview":"max-video-preview:-1"},"canonical":"https:\/\/www.cpl.es\/galilea\/ca\/materiales-del-num-12-de-galilea-153\/","og_locale":"ca_ES","og_type":"article","og_title":"Materiales con el n\u00fam. 12 de Galilea.153 - Galilea.153","og_description":"El dibujo, la pintura, la escultura, la arquitectura, la m\u00fasica, la literatura en general y la poes\u00eda en particular\u2026 son m\u00faltiples manifestaciones del arte. El arte es la capacidad de expresar lo inexpresable, desde cualquier emoci\u00f3n humana hasta la fe, y de establecer una comunicaci\u00f3n y comuni\u00f3n profunda entre el autor y el receptor de &hellip; Continua llegint \u00abMateriales con el n\u00fam. 12 de Galilea.153\u00bb","og_url":"https:\/\/www.cpl.es\/galilea\/ca\/materiales-del-num-12-de-galilea-153\/","og_site_name":"Galilea.153","article_publisher":"https:\/\/www.facebook.com\/CPLeditorial","article_modified_time":"2020-07-13T07:26:59+00:00","twitter_card":"summary_large_image","twitter_site":"@CPLeditorial","schema":{"@context":"https:\/\/schema.org","@graph":[{"@type":"WebPage","@id":"https:\/\/www.cpl.es\/galilea\/materiales-del-num-12-de-galilea-153\/","url":"https:\/\/www.cpl.es\/galilea\/materiales-del-num-12-de-galilea-153\/","name":"Materiales con el n\u00fam. 12 de Galilea.153 - Galilea.153","isPartOf":{"@id":"https:\/\/www.cpl.es\/galilea\/#website"},"datePublished":"2020-02-13T11:19:41+00:00","dateModified":"2020-07-13T07:26:59+00:00","breadcrumb":{"@id":"https:\/\/www.cpl.es\/galilea\/materiales-del-num-12-de-galilea-153\/#breadcrumb"},"inLanguage":"ca","potentialAction":[{"@type":"ReadAction","target":["https:\/\/www.cpl.es\/galilea\/materiales-del-num-12-de-galilea-153\/"]}]},{"@type":"BreadcrumbList","@id":"https:\/\/www.cpl.es\/galilea\/materiales-del-num-12-de-galilea-153\/#breadcrumb","itemListElement":[{"@type":"ListItem","position":1,"name":"Home","item":"https:\/\/www.cpl.es\/galilea\/"},{"@type":"ListItem","position":2,"name":"Materiales con el n\u00fam. 12 de Galilea.153"}]},{"@type":"WebSite","@id":"https:\/\/www.cpl.es\/galilea\/#website","url":"https:\/\/www.cpl.es\/galilea\/","name":"Galilea.153","description":"Liturgia, pastoral, vida cristiana","publisher":{"@id":"https:\/\/www.cpl.es\/galilea\/#organization"},"potentialAction":[{"@type":"SearchAction","target":{"@type":"EntryPoint","urlTemplate":"https:\/\/www.cpl.es\/galilea\/?s={search_term_string}"},"query-input":{"@type":"PropertyValueSpecification","valueRequired":true,"valueName":"search_term_string"}}],"inLanguage":"ca"},{"@type":"Organization","@id":"https:\/\/www.cpl.es\/galilea\/#organization","name":"Centre de Pastoral Lit\u00fargica","url":"https:\/\/www.cpl.es\/galilea\/","logo":{"@type":"ImageObject","inLanguage":"ca","@id":"https:\/\/www.cpl.es\/galilea\/#\/schema\/logo\/image\/","url":"https:\/\/i0.wp.com\/ivory-newt-719188.hostingersite.com\/wp-content\/uploads\/2022\/10\/perfil-xarxes-400x400-1.jpg?fit=400%2C400&ssl=1","contentUrl":"https:\/\/i0.wp.com\/ivory-newt-719188.hostingersite.com\/wp-content\/uploads\/2022\/10\/perfil-xarxes-400x400-1.jpg?fit=400%2C400&ssl=1","width":400,"height":400,"caption":"Centre de Pastoral Lit\u00fargica"},"image":{"@id":"https:\/\/www.cpl.es\/galilea\/#\/schema\/logo\/image\/"},"sameAs":["https:\/\/www.facebook.com\/CPLeditorial","https:\/\/x.com\/CPLeditorial","https:\/\/www.instagram.com\/cpleditorial\/","https:\/\/www.youtube.com\/c\/CentredePastoralLitrgicaCPL"]}]}},"_links":{"self":[{"href":"https:\/\/www.cpl.es\/galilea\/ca\/wp-json\/wp\/v2\/pages\/1306"}],"collection":[{"href":"https:\/\/www.cpl.es\/galilea\/ca\/wp-json\/wp\/v2\/pages"}],"about":[{"href":"https:\/\/www.cpl.es\/galilea\/ca\/wp-json\/wp\/v2\/types\/page"}],"author":[{"embeddable":true,"href":"https:\/\/www.cpl.es\/galilea\/ca\/wp-json\/wp\/v2\/users\/1"}],"replies":[{"embeddable":true,"href":"https:\/\/www.cpl.es\/galilea\/ca\/wp-json\/wp\/v2\/comments?post=1306"}],"version-history":[{"count":2,"href":"https:\/\/www.cpl.es\/galilea\/ca\/wp-json\/wp\/v2\/pages\/1306\/revisions"}],"predecessor-version":[{"id":1476,"href":"https:\/\/www.cpl.es\/galilea\/ca\/wp-json\/wp\/v2\/pages\/1306\/revisions\/1476"}],"wp:attachment":[{"href":"https:\/\/www.cpl.es\/galilea\/ca\/wp-json\/wp\/v2\/media?parent=1306"}],"curies":[{"name":"wp","href":"https:\/\/api.w.org\/{rel}","templated":true}]}}