{"id":946,"date":"2023-10-04T00:55:38","date_gmt":"2023-10-03T22:55:38","guid":{"rendered":"https:\/\/nuevaweb.cpl.es\/producto\/lesposa-del-diaca-consentiment-i-acompanyament-9788491654452\/"},"modified":"2023-12-20T18:18:25","modified_gmt":"2023-12-20T17:18:25","slug":"lesposa-del-diaca-consentiment-i-acompanyament-9788491654452","status":"publish","type":"product","link":"https:\/\/www.cpl.es\/ca\/producto\/lesposa-del-diaca-consentiment-i-acompanyament-9788491654452\/","title":{"rendered":"L&#8217;Esposa del diaca: consentiment i acompanyament"},"content":{"rendered":"<p>El Concili Vatic\u00e0 II (1962-65), en la seva Constituci\u00f3 Dogm\u00e0tica Lumen Gentium, al n\u00famero 29, va restaurar el diaconat com un grau de la jerarquia, independent i permanent, i va obrir la possibilitat que aquest diaconat tamb\u00e9 pogu\u00e9s ser conferit a homes casats d\u2019edat madura. Aquesta renovaci\u00f3, en fer-se realitat a l\u2019Esgl\u00e9sia, ha plantejat una s\u00e8rie de q\u00fcestions te\u00f2riques i pr\u00e0ctiques; una d\u2019elles \u00e9s la identitat de l\u2019esposa del diaca i el seu paper a l\u2019Esgl\u00e9sia.<br \/>Aquest llibre tracta aquesta q\u00fcesti\u00f3, amb la reflexi\u00f3 teol\u00f2gica i l\u2019experi\u00e8ncia familiar i eclesial, pr\u00f2pia i d\u2019altres. L\u2019esposa del diaca, com a dona cristiana i com a esposa d\u2019un diaca permanent, ha donat el seu consentiment, absolutament necessari perqu\u00e8 el seu marit sigui ordenat, i l\u2019acompanya, amb amor, esperit de preg\u00e0ria i de servei, en el seu cam\u00ed cap a l\u2019ordenaci\u00f3 diaconal i en el seu ministeri diaconal; en conseq\u00fc\u00e8ncia, t\u00e9 una identitat, formaci\u00f3 i funci\u00f3 espec\u00edfiques a l\u2019Esgl\u00e9sia; viu una experi\u00e8ncia eclesial i una espiritualitat pr\u00f2pia.<\/p>\n","protected":false},"excerpt":{"rendered":"<p>Mart\u00ednez Deschamps, Montserrat<\/p>\n","protected":false},"featured_media":947,"template":"","meta":{"_acf_changed":false,"inline_featured_image":false},"product_brand":[],"product_cat":[100],"product_tag":[],"class_list":{"0":"post-946","1":"product","2":"type-product","3":"status-publish","4":"has-post-thumbnail","6":"product_cat-cpl-libri-colleccions-catala","8":"first","9":"instock","10":"taxable","11":"shipping-taxable","12":"purchasable","13":"product-type-simple"},"acf":{"autor":"Mart\u00ednez Deschamps, Montserrat","codart":"217045","ediciones":"1","encuadernacion":"R\u00fastica","fecha_de_publicacion":"12\/05\/2021","novedad":false,"paginas":"124","subtitulo":"","orden":"999","portada":false,"idioma":"cat","editorial":[{"ID":6736,"post_author":"2","post_date":"2023-10-06 08:35:24","post_date_gmt":"2023-10-06 06:35:24","post_content":"","post_title":"CPL","post_excerpt":"","post_status":"publish","comment_status":"closed","ping_status":"closed","post_password":"","post_name":"cpl","to_ping":"","pinged":"","post_modified":"2023-10-06 08:35:24","post_modified_gmt":"2023-10-06 06:35:24","post_content_filtered":"","post_parent":0,"guid":"https:\/\/nuevaweb.cpl.es\/editorial\/cpl\/","menu_order":0,"post_type":"editorial","post_mime_type":"","comment_count":"0","filter":"raw"}]},"yoast_head":"<!-- This site is optimized with the Yoast SEO plugin v27.3 - https:\/\/yoast.com\/product\/yoast-seo-wordpress\/ -->\n<title>L&#039;Esposa del diaca: consentiment i acompanyament - CPL<\/title>\n<meta name=\"robots\" content=\"index, follow, max-snippet:-1, max-image-preview:large, max-video-preview:-1\" \/>\n<link rel=\"canonical\" href=\"https:\/\/www.cpl.es\/producto\/lesposa-del-diaca-consentiment-i-acompanyament-9788491654452\/\" \/>\n<meta property=\"og:locale\" content=\"ca_ES\" \/>\n<meta property=\"og:type\" content=\"article\" \/>\n<meta property=\"og:title\" content=\"L&#039;Esposa del diaca: consentiment i acompanyament - CPL\" \/>\n<meta property=\"og:description\" content=\"Mart\u00ednez Deschamps, Montserrat\" \/>\n<meta property=\"og:url\" content=\"https:\/\/www.cpl.es\/producto\/lesposa-del-diaca-consentiment-i-acompanyament-9788491654452\/\" \/>\n<meta property=\"og:site_name\" content=\"CPL\" \/>\n<meta property=\"article:modified_time\" content=\"2023-12-20T17:18:25+00:00\" \/>\n<meta property=\"og:image\" content=\"https:\/\/www.cpl.es\/wp-content\/uploads\/217045.jpg\" \/>\n\t<meta property=\"og:image:width\" content=\"280\" \/>\n\t<meta property=\"og:image:height\" content=\"443\" \/>\n\t<meta property=\"og:image:type\" content=\"image\/jpeg\" \/>\n<meta name=\"twitter:card\" content=\"summary_large_image\" \/>\n<meta name=\"twitter:label1\" content=\"Temps estimat de lectura\" \/>\n\t<meta name=\"twitter:data1\" content=\"1 minut\" \/>\n<script type=\"application\/ld+json\" class=\"yoast-schema-graph\">{\"@context\":\"https:\\\/\\\/schema.org\",\"@graph\":[{\"@type\":\"WebPage\",\"@id\":\"https:\\\/\\\/www.cpl.es\\\/producto\\\/lesposa-del-diaca-consentiment-i-acompanyament-9788491654452\\\/\",\"url\":\"https:\\\/\\\/www.cpl.es\\\/producto\\\/lesposa-del-diaca-consentiment-i-acompanyament-9788491654452\\\/\",\"name\":\"L'Esposa del diaca: consentiment i acompanyament - CPL\",\"isPartOf\":{\"@id\":\"https:\\\/\\\/www.cpl.es\\\/#website\"},\"primaryImageOfPage\":{\"@id\":\"https:\\\/\\\/www.cpl.es\\\/producto\\\/lesposa-del-diaca-consentiment-i-acompanyament-9788491654452\\\/#primaryimage\"},\"image\":{\"@id\":\"https:\\\/\\\/www.cpl.es\\\/producto\\\/lesposa-del-diaca-consentiment-i-acompanyament-9788491654452\\\/#primaryimage\"},\"thumbnailUrl\":\"https:\\\/\\\/www.cpl.es\\\/wp-content\\\/uploads\\\/217045.jpg\",\"datePublished\":\"2023-10-03T22:55:38+00:00\",\"dateModified\":\"2023-12-20T17:18:25+00:00\",\"breadcrumb\":{\"@id\":\"https:\\\/\\\/www.cpl.es\\\/producto\\\/lesposa-del-diaca-consentiment-i-acompanyament-9788491654452\\\/#breadcrumb\"},\"inLanguage\":\"ca\",\"potentialAction\":[{\"@type\":\"ReadAction\",\"target\":[\"https:\\\/\\\/www.cpl.es\\\/producto\\\/lesposa-del-diaca-consentiment-i-acompanyament-9788491654452\\\/\"]}]},{\"@type\":\"ImageObject\",\"inLanguage\":\"ca\",\"@id\":\"https:\\\/\\\/www.cpl.es\\\/producto\\\/lesposa-del-diaca-consentiment-i-acompanyament-9788491654452\\\/#primaryimage\",\"url\":\"https:\\\/\\\/www.cpl.es\\\/wp-content\\\/uploads\\\/217045.jpg\",\"contentUrl\":\"https:\\\/\\\/www.cpl.es\\\/wp-content\\\/uploads\\\/217045.jpg\",\"width\":280,\"height\":443,\"caption\":\"217045.jpg\"},{\"@type\":\"BreadcrumbList\",\"@id\":\"https:\\\/\\\/www.cpl.es\\\/producto\\\/lesposa-del-diaca-consentiment-i-acompanyament-9788491654452\\\/#breadcrumb\",\"itemListElement\":[{\"@type\":\"ListItem\",\"position\":1,\"name\":\"Portada\",\"item\":\"https:\\\/\\\/www.cpl.es\\\/ca\\\/\"},{\"@type\":\"ListItem\",\"position\":2,\"name\":\"Cat\u00e0leg\",\"item\":\"https:\\\/\\\/www.cpl.es\\\/ca\\\/cataleg\\\/\"},{\"@type\":\"ListItem\",\"position\":3,\"name\":\"L&#8217;Esposa del diaca: consentiment i acompanyament\"}]},{\"@type\":\"WebSite\",\"@id\":\"https:\\\/\\\/www.cpl.es\\\/#website\",\"url\":\"https:\\\/\\\/www.cpl.es\\\/\",\"name\":\"CPL\",\"description\":\"Centre de Pastoral Lit\u00fargica de Barcelona\",\"publisher\":{\"@id\":\"https:\\\/\\\/www.cpl.es\\\/#organization\"},\"alternateName\":\"Centre de Pastoral Lit\u00fargica\",\"potentialAction\":[{\"@type\":\"SearchAction\",\"target\":{\"@type\":\"EntryPoint\",\"urlTemplate\":\"https:\\\/\\\/www.cpl.es\\\/?s={search_term_string}\"},\"query-input\":{\"@type\":\"PropertyValueSpecification\",\"valueRequired\":true,\"valueName\":\"search_term_string\"}}],\"inLanguage\":\"ca\"},{\"@type\":\"Organization\",\"@id\":\"https:\\\/\\\/www.cpl.es\\\/#organization\",\"name\":\"Centre de Pastoral Lit\u00fargica\",\"alternateName\":\"Centre de Pastoral Lit\u00fargica de Barcelona\",\"url\":\"https:\\\/\\\/www.cpl.es\\\/\",\"logo\":{\"@type\":\"ImageObject\",\"inLanguage\":\"ca\",\"@id\":\"https:\\\/\\\/www.cpl.es\\\/#\\\/schema\\\/logo\\\/image\\\/\",\"url\":\"https:\\\/\\\/www.cpl.es\\\/wp-content\\\/uploads\\\/logo-cpl.svg\",\"contentUrl\":\"https:\\\/\\\/www.cpl.es\\\/wp-content\\\/uploads\\\/logo-cpl.svg\",\"caption\":\"Centre de Pastoral Lit\u00fargica\"},\"image\":{\"@id\":\"https:\\\/\\\/www.cpl.es\\\/#\\\/schema\\\/logo\\\/image\\\/\"}}]}<\/script>\n<!-- \/ Yoast SEO plugin. -->","yoast_head_json":{"title":"L'Esposa del diaca: consentiment i acompanyament - CPL","robots":{"index":"index","follow":"follow","max-snippet":"max-snippet:-1","max-image-preview":"max-image-preview:large","max-video-preview":"max-video-preview:-1"},"canonical":"https:\/\/www.cpl.es\/producto\/lesposa-del-diaca-consentiment-i-acompanyament-9788491654452\/","og_locale":"ca_ES","og_type":"article","og_title":"L'Esposa del diaca: consentiment i acompanyament - CPL","og_description":"Mart\u00ednez Deschamps, Montserrat","og_url":"https:\/\/www.cpl.es\/producto\/lesposa-del-diaca-consentiment-i-acompanyament-9788491654452\/","og_site_name":"CPL","article_modified_time":"2023-12-20T17:18:25+00:00","og_image":[{"width":280,"height":443,"url":"https:\/\/www.cpl.es\/wp-content\/uploads\/217045.jpg","type":"image\/jpeg"}],"twitter_card":"summary_large_image","twitter_misc":{"Temps estimat de lectura":"1 minut"},"schema":{"@context":"https:\/\/schema.org","@graph":[{"@type":"WebPage","@id":"https:\/\/www.cpl.es\/producto\/lesposa-del-diaca-consentiment-i-acompanyament-9788491654452\/","url":"https:\/\/www.cpl.es\/producto\/lesposa-del-diaca-consentiment-i-acompanyament-9788491654452\/","name":"L'Esposa del diaca: consentiment i acompanyament - CPL","isPartOf":{"@id":"https:\/\/www.cpl.es\/#website"},"primaryImageOfPage":{"@id":"https:\/\/www.cpl.es\/producto\/lesposa-del-diaca-consentiment-i-acompanyament-9788491654452\/#primaryimage"},"image":{"@id":"https:\/\/www.cpl.es\/producto\/lesposa-del-diaca-consentiment-i-acompanyament-9788491654452\/#primaryimage"},"thumbnailUrl":"https:\/\/www.cpl.es\/wp-content\/uploads\/217045.jpg","datePublished":"2023-10-03T22:55:38+00:00","dateModified":"2023-12-20T17:18:25+00:00","breadcrumb":{"@id":"https:\/\/www.cpl.es\/producto\/lesposa-del-diaca-consentiment-i-acompanyament-9788491654452\/#breadcrumb"},"inLanguage":"ca","potentialAction":[{"@type":"ReadAction","target":["https:\/\/www.cpl.es\/producto\/lesposa-del-diaca-consentiment-i-acompanyament-9788491654452\/"]}]},{"@type":"ImageObject","inLanguage":"ca","@id":"https:\/\/www.cpl.es\/producto\/lesposa-del-diaca-consentiment-i-acompanyament-9788491654452\/#primaryimage","url":"https:\/\/www.cpl.es\/wp-content\/uploads\/217045.jpg","contentUrl":"https:\/\/www.cpl.es\/wp-content\/uploads\/217045.jpg","width":280,"height":443,"caption":"217045.jpg"},{"@type":"BreadcrumbList","@id":"https:\/\/www.cpl.es\/producto\/lesposa-del-diaca-consentiment-i-acompanyament-9788491654452\/#breadcrumb","itemListElement":[{"@type":"ListItem","position":1,"name":"Portada","item":"https:\/\/www.cpl.es\/ca\/"},{"@type":"ListItem","position":2,"name":"Cat\u00e0leg","item":"https:\/\/www.cpl.es\/ca\/cataleg\/"},{"@type":"ListItem","position":3,"name":"L&#8217;Esposa del diaca: consentiment i acompanyament"}]},{"@type":"WebSite","@id":"https:\/\/www.cpl.es\/#website","url":"https:\/\/www.cpl.es\/","name":"CPL","description":"Centre de Pastoral Lit\u00fargica de Barcelona","publisher":{"@id":"https:\/\/www.cpl.es\/#organization"},"alternateName":"Centre de Pastoral Lit\u00fargica","potentialAction":[{"@type":"SearchAction","target":{"@type":"EntryPoint","urlTemplate":"https:\/\/www.cpl.es\/?s={search_term_string}"},"query-input":{"@type":"PropertyValueSpecification","valueRequired":true,"valueName":"search_term_string"}}],"inLanguage":"ca"},{"@type":"Organization","@id":"https:\/\/www.cpl.es\/#organization","name":"Centre de Pastoral Lit\u00fargica","alternateName":"Centre de Pastoral Lit\u00fargica de Barcelona","url":"https:\/\/www.cpl.es\/","logo":{"@type":"ImageObject","inLanguage":"ca","@id":"https:\/\/www.cpl.es\/#\/schema\/logo\/image\/","url":"https:\/\/www.cpl.es\/wp-content\/uploads\/logo-cpl.svg","contentUrl":"https:\/\/www.cpl.es\/wp-content\/uploads\/logo-cpl.svg","caption":"Centre de Pastoral Lit\u00fargica"},"image":{"@id":"https:\/\/www.cpl.es\/#\/schema\/logo\/image\/"}}]}},"_links":{"self":[{"href":"https:\/\/www.cpl.es\/ca\/wp-json\/wp\/v2\/product\/946","targetHints":{"allow":["GET"]}}],"collection":[{"href":"https:\/\/www.cpl.es\/ca\/wp-json\/wp\/v2\/product"}],"about":[{"href":"https:\/\/www.cpl.es\/ca\/wp-json\/wp\/v2\/types\/product"}],"wp:featuredmedia":[{"embeddable":true,"href":"https:\/\/www.cpl.es\/ca\/wp-json\/wp\/v2\/media\/947"}],"wp:attachment":[{"href":"https:\/\/www.cpl.es\/ca\/wp-json\/wp\/v2\/media?parent=946"}],"wp:term":[{"taxonomy":"product_brand","embeddable":true,"href":"https:\/\/www.cpl.es\/ca\/wp-json\/wp\/v2\/product_brand?post=946"},{"taxonomy":"product_cat","embeddable":true,"href":"https:\/\/www.cpl.es\/ca\/wp-json\/wp\/v2\/product_cat?post=946"},{"taxonomy":"product_tag","embeddable":true,"href":"https:\/\/www.cpl.es\/ca\/wp-json\/wp\/v2\/product_tag?post=946"}],"curies":[{"name":"wp","href":"https:\/\/api.w.org\/{rel}","templated":true}]}}