{"id":934,"date":"2023-10-04T00:55:15","date_gmt":"2023-10-03T22:55:15","guid":{"rendered":"https:\/\/nuevaweb.cpl.es\/producto\/a-deu-ningu-no-lha-vist-mai-jn-118-9788491654445\/"},"modified":"2023-10-04T00:55:18","modified_gmt":"2023-10-03T22:55:18","slug":"a-deu-ningu-no-lha-vist-mai-jn-118-9788491654445","status":"publish","type":"product","link":"https:\/\/www.cpl.es\/ca\/producto\/a-deu-ningu-no-lha-vist-mai-jn-118-9788491654445\/","title":{"rendered":"A D\u00e9u, ning\u00fa no l&#8217;ha vist mai (Jn 1,18)"},"content":{"rendered":"<p>Aquella frase de Jes\u00fas ressuscitat a Tom\u00e0s: \u00abFeli\u00e7os els qui creuran sense haver vist\u00bb, tot sovint s\u2019interpreta excessivament com a prova d\u2019oposici\u00f3 entre el veure i el creure, quan en el mateix cap\u00edtol de evangeli de Joan es diu que \u00abel deixeble que Jes\u00fas estimava\u00bb va creure despr\u00e9s d\u2019haver vist. L\u2019autor ens planteja en aquest llibre que no basta veure per creure, a m\u00e9s, cal que el qui veu trobi la m\u00e0 de D\u00e9u en all\u00f2 que ha vist. I el que encara no podem veure i cal que creguem, \u00e9s que D\u00e9u dur\u00e0 a terme la nostra salvaci\u00f3.<\/p>\n","protected":false},"excerpt":{"rendered":"<p>Moll, Xavier<\/p>\n","protected":false},"featured_media":935,"template":"","meta":{"_acf_changed":false,"inline_featured_image":false},"product_brand":[],"product_cat":[100],"product_tag":[],"class_list":{"0":"post-934","1":"product","2":"type-product","3":"status-publish","4":"has-post-thumbnail","6":"product_cat-cpl-libri-colleccions-catala","8":"first","9":"instock","10":"taxable","11":"shipping-taxable","12":"purchasable","13":"product-type-simple"},"acf":{"autor":"Moll, Xavier","codart":"217044","ediciones":"1","encuadernacion":"R\u00fastica","fecha_de_publicacion":"25\/05\/2021","novedad":false,"paginas":"136","subtitulo":"","orden":"999","portada":false,"idioma":"cat","editorial":[{"ID":6736,"post_author":"2","post_date":"2023-10-06 08:35:24","post_date_gmt":"2023-10-06 06:35:24","post_content":"","post_title":"CPL","post_excerpt":"","post_status":"publish","comment_status":"closed","ping_status":"closed","post_password":"","post_name":"cpl","to_ping":"","pinged":"","post_modified":"2023-10-06 08:35:24","post_modified_gmt":"2023-10-06 06:35:24","post_content_filtered":"","post_parent":0,"guid":"https:\/\/nuevaweb.cpl.es\/editorial\/cpl\/","menu_order":0,"post_type":"editorial","post_mime_type":"","comment_count":"0","filter":"raw"}]},"yoast_head":"<!-- This site is optimized with the Yoast SEO plugin v27.3 - https:\/\/yoast.com\/product\/yoast-seo-wordpress\/ -->\n<title>A D\u00e9u, ning\u00fa no l&#039;ha vist mai (Jn 1,18) - CPL<\/title>\n<meta name=\"robots\" content=\"index, follow, max-snippet:-1, max-image-preview:large, max-video-preview:-1\" \/>\n<link rel=\"canonical\" href=\"https:\/\/www.cpl.es\/producto\/a-deu-ningu-no-lha-vist-mai-jn-118-9788491654445\/\" \/>\n<meta property=\"og:locale\" content=\"ca_ES\" \/>\n<meta property=\"og:type\" content=\"article\" \/>\n<meta property=\"og:title\" content=\"A D\u00e9u, ning\u00fa no l&#039;ha vist mai (Jn 1,18) - CPL\" \/>\n<meta property=\"og:description\" content=\"Moll, Xavier\" \/>\n<meta property=\"og:url\" content=\"https:\/\/www.cpl.es\/producto\/a-deu-ningu-no-lha-vist-mai-jn-118-9788491654445\/\" \/>\n<meta property=\"og:site_name\" content=\"CPL\" \/>\n<meta property=\"article:modified_time\" content=\"2023-10-03T22:55:18+00:00\" \/>\n<meta property=\"og:image\" content=\"https:\/\/www.cpl.es\/wp-content\/uploads\/217044.jpg\" \/>\n\t<meta property=\"og:image:width\" content=\"294\" \/>\n\t<meta property=\"og:image:height\" content=\"432\" \/>\n\t<meta property=\"og:image:type\" content=\"image\/jpeg\" \/>\n<meta name=\"twitter:card\" content=\"summary_large_image\" \/>\n<meta name=\"twitter:label1\" content=\"Temps estimat de lectura\" \/>\n\t<meta name=\"twitter:data1\" content=\"1 minut\" \/>\n<script type=\"application\/ld+json\" class=\"yoast-schema-graph\">{\"@context\":\"https:\\\/\\\/schema.org\",\"@graph\":[{\"@type\":\"WebPage\",\"@id\":\"https:\\\/\\\/www.cpl.es\\\/producto\\\/a-deu-ningu-no-lha-vist-mai-jn-118-9788491654445\\\/\",\"url\":\"https:\\\/\\\/www.cpl.es\\\/producto\\\/a-deu-ningu-no-lha-vist-mai-jn-118-9788491654445\\\/\",\"name\":\"A D\u00e9u, ning\u00fa no l'ha vist mai (Jn 1,18) - CPL\",\"isPartOf\":{\"@id\":\"https:\\\/\\\/www.cpl.es\\\/#website\"},\"primaryImageOfPage\":{\"@id\":\"https:\\\/\\\/www.cpl.es\\\/producto\\\/a-deu-ningu-no-lha-vist-mai-jn-118-9788491654445\\\/#primaryimage\"},\"image\":{\"@id\":\"https:\\\/\\\/www.cpl.es\\\/producto\\\/a-deu-ningu-no-lha-vist-mai-jn-118-9788491654445\\\/#primaryimage\"},\"thumbnailUrl\":\"https:\\\/\\\/www.cpl.es\\\/wp-content\\\/uploads\\\/217044.jpg\",\"datePublished\":\"2023-10-03T22:55:15+00:00\",\"dateModified\":\"2023-10-03T22:55:18+00:00\",\"breadcrumb\":{\"@id\":\"https:\\\/\\\/www.cpl.es\\\/producto\\\/a-deu-ningu-no-lha-vist-mai-jn-118-9788491654445\\\/#breadcrumb\"},\"inLanguage\":\"ca\",\"potentialAction\":[{\"@type\":\"ReadAction\",\"target\":[\"https:\\\/\\\/www.cpl.es\\\/producto\\\/a-deu-ningu-no-lha-vist-mai-jn-118-9788491654445\\\/\"]}]},{\"@type\":\"ImageObject\",\"inLanguage\":\"ca\",\"@id\":\"https:\\\/\\\/www.cpl.es\\\/producto\\\/a-deu-ningu-no-lha-vist-mai-jn-118-9788491654445\\\/#primaryimage\",\"url\":\"https:\\\/\\\/www.cpl.es\\\/wp-content\\\/uploads\\\/217044.jpg\",\"contentUrl\":\"https:\\\/\\\/www.cpl.es\\\/wp-content\\\/uploads\\\/217044.jpg\",\"width\":294,\"height\":432,\"caption\":\"217044.jpg\"},{\"@type\":\"BreadcrumbList\",\"@id\":\"https:\\\/\\\/www.cpl.es\\\/producto\\\/a-deu-ningu-no-lha-vist-mai-jn-118-9788491654445\\\/#breadcrumb\",\"itemListElement\":[{\"@type\":\"ListItem\",\"position\":1,\"name\":\"Portada\",\"item\":\"https:\\\/\\\/www.cpl.es\\\/ca\\\/\"},{\"@type\":\"ListItem\",\"position\":2,\"name\":\"Cat\u00e0leg\",\"item\":\"https:\\\/\\\/www.cpl.es\\\/ca\\\/cataleg\\\/\"},{\"@type\":\"ListItem\",\"position\":3,\"name\":\"A D\u00e9u, ning\u00fa no l&#8217;ha vist mai (Jn 1,18)\"}]},{\"@type\":\"WebSite\",\"@id\":\"https:\\\/\\\/www.cpl.es\\\/#website\",\"url\":\"https:\\\/\\\/www.cpl.es\\\/\",\"name\":\"CPL\",\"description\":\"Centre de Pastoral Lit\u00fargica de Barcelona\",\"publisher\":{\"@id\":\"https:\\\/\\\/www.cpl.es\\\/#organization\"},\"alternateName\":\"Centre de Pastoral Lit\u00fargica\",\"potentialAction\":[{\"@type\":\"SearchAction\",\"target\":{\"@type\":\"EntryPoint\",\"urlTemplate\":\"https:\\\/\\\/www.cpl.es\\\/?s={search_term_string}\"},\"query-input\":{\"@type\":\"PropertyValueSpecification\",\"valueRequired\":true,\"valueName\":\"search_term_string\"}}],\"inLanguage\":\"ca\"},{\"@type\":\"Organization\",\"@id\":\"https:\\\/\\\/www.cpl.es\\\/#organization\",\"name\":\"Centre de Pastoral Lit\u00fargica\",\"alternateName\":\"Centre de Pastoral Lit\u00fargica de Barcelona\",\"url\":\"https:\\\/\\\/www.cpl.es\\\/\",\"logo\":{\"@type\":\"ImageObject\",\"inLanguage\":\"ca\",\"@id\":\"https:\\\/\\\/www.cpl.es\\\/#\\\/schema\\\/logo\\\/image\\\/\",\"url\":\"https:\\\/\\\/www.cpl.es\\\/wp-content\\\/uploads\\\/logo-cpl.svg\",\"contentUrl\":\"https:\\\/\\\/www.cpl.es\\\/wp-content\\\/uploads\\\/logo-cpl.svg\",\"caption\":\"Centre de Pastoral Lit\u00fargica\"},\"image\":{\"@id\":\"https:\\\/\\\/www.cpl.es\\\/#\\\/schema\\\/logo\\\/image\\\/\"}}]}<\/script>\n<!-- \/ Yoast SEO plugin. -->","yoast_head_json":{"title":"A D\u00e9u, ning\u00fa no l'ha vist mai (Jn 1,18) - CPL","robots":{"index":"index","follow":"follow","max-snippet":"max-snippet:-1","max-image-preview":"max-image-preview:large","max-video-preview":"max-video-preview:-1"},"canonical":"https:\/\/www.cpl.es\/producto\/a-deu-ningu-no-lha-vist-mai-jn-118-9788491654445\/","og_locale":"ca_ES","og_type":"article","og_title":"A D\u00e9u, ning\u00fa no l'ha vist mai (Jn 1,18) - CPL","og_description":"Moll, Xavier","og_url":"https:\/\/www.cpl.es\/producto\/a-deu-ningu-no-lha-vist-mai-jn-118-9788491654445\/","og_site_name":"CPL","article_modified_time":"2023-10-03T22:55:18+00:00","og_image":[{"width":294,"height":432,"url":"https:\/\/www.cpl.es\/wp-content\/uploads\/217044.jpg","type":"image\/jpeg"}],"twitter_card":"summary_large_image","twitter_misc":{"Temps estimat de lectura":"1 minut"},"schema":{"@context":"https:\/\/schema.org","@graph":[{"@type":"WebPage","@id":"https:\/\/www.cpl.es\/producto\/a-deu-ningu-no-lha-vist-mai-jn-118-9788491654445\/","url":"https:\/\/www.cpl.es\/producto\/a-deu-ningu-no-lha-vist-mai-jn-118-9788491654445\/","name":"A D\u00e9u, ning\u00fa no l'ha vist mai (Jn 1,18) - CPL","isPartOf":{"@id":"https:\/\/www.cpl.es\/#website"},"primaryImageOfPage":{"@id":"https:\/\/www.cpl.es\/producto\/a-deu-ningu-no-lha-vist-mai-jn-118-9788491654445\/#primaryimage"},"image":{"@id":"https:\/\/www.cpl.es\/producto\/a-deu-ningu-no-lha-vist-mai-jn-118-9788491654445\/#primaryimage"},"thumbnailUrl":"https:\/\/www.cpl.es\/wp-content\/uploads\/217044.jpg","datePublished":"2023-10-03T22:55:15+00:00","dateModified":"2023-10-03T22:55:18+00:00","breadcrumb":{"@id":"https:\/\/www.cpl.es\/producto\/a-deu-ningu-no-lha-vist-mai-jn-118-9788491654445\/#breadcrumb"},"inLanguage":"ca","potentialAction":[{"@type":"ReadAction","target":["https:\/\/www.cpl.es\/producto\/a-deu-ningu-no-lha-vist-mai-jn-118-9788491654445\/"]}]},{"@type":"ImageObject","inLanguage":"ca","@id":"https:\/\/www.cpl.es\/producto\/a-deu-ningu-no-lha-vist-mai-jn-118-9788491654445\/#primaryimage","url":"https:\/\/www.cpl.es\/wp-content\/uploads\/217044.jpg","contentUrl":"https:\/\/www.cpl.es\/wp-content\/uploads\/217044.jpg","width":294,"height":432,"caption":"217044.jpg"},{"@type":"BreadcrumbList","@id":"https:\/\/www.cpl.es\/producto\/a-deu-ningu-no-lha-vist-mai-jn-118-9788491654445\/#breadcrumb","itemListElement":[{"@type":"ListItem","position":1,"name":"Portada","item":"https:\/\/www.cpl.es\/ca\/"},{"@type":"ListItem","position":2,"name":"Cat\u00e0leg","item":"https:\/\/www.cpl.es\/ca\/cataleg\/"},{"@type":"ListItem","position":3,"name":"A D\u00e9u, ning\u00fa no l&#8217;ha vist mai (Jn 1,18)"}]},{"@type":"WebSite","@id":"https:\/\/www.cpl.es\/#website","url":"https:\/\/www.cpl.es\/","name":"CPL","description":"Centre de Pastoral Lit\u00fargica de Barcelona","publisher":{"@id":"https:\/\/www.cpl.es\/#organization"},"alternateName":"Centre de Pastoral Lit\u00fargica","potentialAction":[{"@type":"SearchAction","target":{"@type":"EntryPoint","urlTemplate":"https:\/\/www.cpl.es\/?s={search_term_string}"},"query-input":{"@type":"PropertyValueSpecification","valueRequired":true,"valueName":"search_term_string"}}],"inLanguage":"ca"},{"@type":"Organization","@id":"https:\/\/www.cpl.es\/#organization","name":"Centre de Pastoral Lit\u00fargica","alternateName":"Centre de Pastoral Lit\u00fargica de Barcelona","url":"https:\/\/www.cpl.es\/","logo":{"@type":"ImageObject","inLanguage":"ca","@id":"https:\/\/www.cpl.es\/#\/schema\/logo\/image\/","url":"https:\/\/www.cpl.es\/wp-content\/uploads\/logo-cpl.svg","contentUrl":"https:\/\/www.cpl.es\/wp-content\/uploads\/logo-cpl.svg","caption":"Centre de Pastoral Lit\u00fargica"},"image":{"@id":"https:\/\/www.cpl.es\/#\/schema\/logo\/image\/"}}]}},"_links":{"self":[{"href":"https:\/\/www.cpl.es\/ca\/wp-json\/wp\/v2\/product\/934","targetHints":{"allow":["GET"]}}],"collection":[{"href":"https:\/\/www.cpl.es\/ca\/wp-json\/wp\/v2\/product"}],"about":[{"href":"https:\/\/www.cpl.es\/ca\/wp-json\/wp\/v2\/types\/product"}],"wp:featuredmedia":[{"embeddable":true,"href":"https:\/\/www.cpl.es\/ca\/wp-json\/wp\/v2\/media\/935"}],"wp:attachment":[{"href":"https:\/\/www.cpl.es\/ca\/wp-json\/wp\/v2\/media?parent=934"}],"wp:term":[{"taxonomy":"product_brand","embeddable":true,"href":"https:\/\/www.cpl.es\/ca\/wp-json\/wp\/v2\/product_brand?post=934"},{"taxonomy":"product_cat","embeddable":true,"href":"https:\/\/www.cpl.es\/ca\/wp-json\/wp\/v2\/product_cat?post=934"},{"taxonomy":"product_tag","embeddable":true,"href":"https:\/\/www.cpl.es\/ca\/wp-json\/wp\/v2\/product_tag?post=934"}],"curies":[{"name":"wp","href":"https:\/\/api.w.org\/{rel}","templated":true}]}}