{"id":909,"date":"2023-10-04T00:54:26","date_gmt":"2023-10-03T22:54:26","guid":{"rendered":"https:\/\/nuevaweb.cpl.es\/producto\/bautismo-confirmacion-y-eucaristia-9788491654544\/"},"modified":"2023-12-05T13:34:27","modified_gmt":"2023-12-05T12:34:27","slug":"bautismo-confirmacion-y-eucaristia-9788491654544","status":"publish","type":"product","link":"https:\/\/www.cpl.es\/ca\/producto\/bautismo-confirmacion-y-eucaristia-9788491654544\/","title":{"rendered":"Bautismo &#8211; Confirmaci\u00f3n y Eucarist\u00eda"},"content":{"rendered":"<p>El bautismo, la confirmaci\u00f3n y la Eucarist\u00eda son los tres sacramentos mediante los cuales una persona creyente se convierte en una persona eclesial. Y por eso son los sacramentos de la iniciaci\u00f3n cristiana. Y desde su diversidad, forman una unidad enlazada en la Eucarist\u00eda, fuente y cumbre de tota la iniciaci\u00f3n cristiana. El bautismo expresa el misterio de la Pascua, la confirmaci\u00f3n, el de Pentecost\u00e9s y la Eucarist\u00eda, la unidad de ambos. El bautismo cristifica a la persona creyente, o sea, la inserta en Cristo, en su muerte y resurrecci\u00f3n (Rom 6,5); la confirmaci\u00f3n la pneumatitza, o sea, la robustece con la fuerza del Esp\u00edritu (Rom 8,15; 2Cor 1,22), Cristo glorificado vive y act\u00faa en la persona bautizada; y la Eucarist\u00eda la mantiene y nutre (Jn 6,53-58) ya cristificada y pneumatitzada, o sea, sigue diviniz\u00e1ndola hasta que llegue a participar plenamente de la naturaleza divina (2Pe 1,4).<br \/>Este libro presenta, en primer lugar, el concepto de sacramento y despu\u00e9s estudia de manera esmerada y precisa los tres sacramentos de la iniciaci\u00f3n cristiana, desde la perspectiva b\u00edblica, hist\u00f3rica, sistem\u00e1tica y lit\u00fargica. Y como novedad, ofrece textos de antiguas an\u00e1foras. Ciertamente es un libro de estudio para quien quiera iniciarse y profundizar en el misterio pascual manifestado y vivido en los sacramentos, y as\u00ed descubrir su importancia para la fe cristiana.<\/p>\n","protected":false},"excerpt":{"rendered":"<p>Fontbona Misse, Jaume<\/p>\n","protected":false},"featured_media":910,"template":"","meta":{"_acf_changed":false,"inline_featured_image":false},"product_brand":[],"product_cat":[100,99],"product_tag":[],"class_list":{"0":"post-909","1":"product","2":"type-product","3":"status-publish","4":"has-post-thumbnail","6":"product_cat-cpl-libri-colleccions-catala","7":"product_cat-cpl-libri","9":"first","10":"instock","11":"taxable","12":"shipping-taxable","13":"purchasable","14":"product-type-simple"},"acf":{"autor":"Fontbona Misse, Jaume","codart":"117046","ediciones":"1","encuadernacion":"R\u00fastica","fecha_de_publicacion":"29\/09\/2021","novedad":false,"paginas":"628","subtitulo":"","orden":"999","portada":false,"idioma":"spa","editorial":[{"ID":6736,"post_author":"2","post_date":"2023-10-06 08:35:24","post_date_gmt":"2023-10-06 06:35:24","post_content":"","post_title":"CPL","post_excerpt":"","post_status":"publish","comment_status":"closed","ping_status":"closed","post_password":"","post_name":"cpl","to_ping":"","pinged":"","post_modified":"2023-10-06 08:35:24","post_modified_gmt":"2023-10-06 06:35:24","post_content_filtered":"","post_parent":0,"guid":"https:\/\/nuevaweb.cpl.es\/editorial\/cpl\/","menu_order":0,"post_type":"editorial","post_mime_type":"","comment_count":"0","filter":"raw"}]},"yoast_head":"<!-- This site is optimized with the Yoast SEO plugin v27.3 - https:\/\/yoast.com\/product\/yoast-seo-wordpress\/ -->\n<title>Bautismo - Confirmaci\u00f3n y Eucarist\u00eda - CPL<\/title>\n<meta name=\"robots\" content=\"index, follow, max-snippet:-1, max-image-preview:large, max-video-preview:-1\" \/>\n<link rel=\"canonical\" href=\"https:\/\/www.cpl.es\/producto\/bautismo-confirmacion-y-eucaristia-9788491654544\/\" \/>\n<meta property=\"og:locale\" content=\"ca_ES\" \/>\n<meta property=\"og:type\" content=\"article\" \/>\n<meta property=\"og:title\" content=\"Bautismo - Confirmaci\u00f3n y Eucarist\u00eda - CPL\" \/>\n<meta property=\"og:description\" content=\"Fontbona Misse, Jaume\" \/>\n<meta property=\"og:url\" content=\"https:\/\/www.cpl.es\/producto\/bautismo-confirmacion-y-eucaristia-9788491654544\/\" \/>\n<meta property=\"og:site_name\" content=\"CPL\" \/>\n<meta property=\"article:modified_time\" content=\"2023-12-05T12:34:27+00:00\" \/>\n<meta property=\"og:image\" content=\"https:\/\/www.cpl.es\/wp-content\/uploads\/117046.jpg\" \/>\n\t<meta property=\"og:image:width\" content=\"294\" \/>\n\t<meta property=\"og:image:height\" content=\"435\" \/>\n\t<meta property=\"og:image:type\" content=\"image\/jpeg\" \/>\n<meta name=\"twitter:card\" content=\"summary_large_image\" \/>\n<meta name=\"twitter:label1\" content=\"Temps estimat de lectura\" \/>\n\t<meta name=\"twitter:data1\" content=\"1 minut\" \/>\n<script type=\"application\/ld+json\" class=\"yoast-schema-graph\">{\"@context\":\"https:\\\/\\\/schema.org\",\"@graph\":[{\"@type\":\"WebPage\",\"@id\":\"https:\\\/\\\/www.cpl.es\\\/producto\\\/bautismo-confirmacion-y-eucaristia-9788491654544\\\/\",\"url\":\"https:\\\/\\\/www.cpl.es\\\/producto\\\/bautismo-confirmacion-y-eucaristia-9788491654544\\\/\",\"name\":\"Bautismo - Confirmaci\u00f3n y Eucarist\u00eda - CPL\",\"isPartOf\":{\"@id\":\"https:\\\/\\\/www.cpl.es\\\/#website\"},\"primaryImageOfPage\":{\"@id\":\"https:\\\/\\\/www.cpl.es\\\/producto\\\/bautismo-confirmacion-y-eucaristia-9788491654544\\\/#primaryimage\"},\"image\":{\"@id\":\"https:\\\/\\\/www.cpl.es\\\/producto\\\/bautismo-confirmacion-y-eucaristia-9788491654544\\\/#primaryimage\"},\"thumbnailUrl\":\"https:\\\/\\\/www.cpl.es\\\/wp-content\\\/uploads\\\/117046.jpg\",\"datePublished\":\"2023-10-03T22:54:26+00:00\",\"dateModified\":\"2023-12-05T12:34:27+00:00\",\"breadcrumb\":{\"@id\":\"https:\\\/\\\/www.cpl.es\\\/producto\\\/bautismo-confirmacion-y-eucaristia-9788491654544\\\/#breadcrumb\"},\"inLanguage\":\"ca\",\"potentialAction\":[{\"@type\":\"ReadAction\",\"target\":[\"https:\\\/\\\/www.cpl.es\\\/producto\\\/bautismo-confirmacion-y-eucaristia-9788491654544\\\/\"]}]},{\"@type\":\"ImageObject\",\"inLanguage\":\"ca\",\"@id\":\"https:\\\/\\\/www.cpl.es\\\/producto\\\/bautismo-confirmacion-y-eucaristia-9788491654544\\\/#primaryimage\",\"url\":\"https:\\\/\\\/www.cpl.es\\\/wp-content\\\/uploads\\\/117046.jpg\",\"contentUrl\":\"https:\\\/\\\/www.cpl.es\\\/wp-content\\\/uploads\\\/117046.jpg\",\"width\":294,\"height\":435,\"caption\":\"117046.jpg\"},{\"@type\":\"BreadcrumbList\",\"@id\":\"https:\\\/\\\/www.cpl.es\\\/producto\\\/bautismo-confirmacion-y-eucaristia-9788491654544\\\/#breadcrumb\",\"itemListElement\":[{\"@type\":\"ListItem\",\"position\":1,\"name\":\"Portada\",\"item\":\"https:\\\/\\\/www.cpl.es\\\/ca\\\/\"},{\"@type\":\"ListItem\",\"position\":2,\"name\":\"Cat\u00e0leg\",\"item\":\"https:\\\/\\\/www.cpl.es\\\/ca\\\/cataleg\\\/\"},{\"@type\":\"ListItem\",\"position\":3,\"name\":\"Bautismo &#8211; Confirmaci\u00f3n y Eucarist\u00eda\"}]},{\"@type\":\"WebSite\",\"@id\":\"https:\\\/\\\/www.cpl.es\\\/#website\",\"url\":\"https:\\\/\\\/www.cpl.es\\\/\",\"name\":\"CPL\",\"description\":\"Centre de Pastoral Lit\u00fargica de Barcelona\",\"publisher\":{\"@id\":\"https:\\\/\\\/www.cpl.es\\\/#organization\"},\"alternateName\":\"Centre de Pastoral Lit\u00fargica\",\"potentialAction\":[{\"@type\":\"SearchAction\",\"target\":{\"@type\":\"EntryPoint\",\"urlTemplate\":\"https:\\\/\\\/www.cpl.es\\\/?s={search_term_string}\"},\"query-input\":{\"@type\":\"PropertyValueSpecification\",\"valueRequired\":true,\"valueName\":\"search_term_string\"}}],\"inLanguage\":\"ca\"},{\"@type\":\"Organization\",\"@id\":\"https:\\\/\\\/www.cpl.es\\\/#organization\",\"name\":\"Centre de Pastoral Lit\u00fargica\",\"alternateName\":\"Centre de Pastoral Lit\u00fargica de Barcelona\",\"url\":\"https:\\\/\\\/www.cpl.es\\\/\",\"logo\":{\"@type\":\"ImageObject\",\"inLanguage\":\"ca\",\"@id\":\"https:\\\/\\\/www.cpl.es\\\/#\\\/schema\\\/logo\\\/image\\\/\",\"url\":\"https:\\\/\\\/www.cpl.es\\\/wp-content\\\/uploads\\\/logo-cpl.svg\",\"contentUrl\":\"https:\\\/\\\/www.cpl.es\\\/wp-content\\\/uploads\\\/logo-cpl.svg\",\"caption\":\"Centre de Pastoral Lit\u00fargica\"},\"image\":{\"@id\":\"https:\\\/\\\/www.cpl.es\\\/#\\\/schema\\\/logo\\\/image\\\/\"}}]}<\/script>\n<!-- \/ Yoast SEO plugin. -->","yoast_head_json":{"title":"Bautismo - Confirmaci\u00f3n y Eucarist\u00eda - CPL","robots":{"index":"index","follow":"follow","max-snippet":"max-snippet:-1","max-image-preview":"max-image-preview:large","max-video-preview":"max-video-preview:-1"},"canonical":"https:\/\/www.cpl.es\/producto\/bautismo-confirmacion-y-eucaristia-9788491654544\/","og_locale":"ca_ES","og_type":"article","og_title":"Bautismo - Confirmaci\u00f3n y Eucarist\u00eda - CPL","og_description":"Fontbona Misse, Jaume","og_url":"https:\/\/www.cpl.es\/producto\/bautismo-confirmacion-y-eucaristia-9788491654544\/","og_site_name":"CPL","article_modified_time":"2023-12-05T12:34:27+00:00","og_image":[{"width":294,"height":435,"url":"https:\/\/www.cpl.es\/wp-content\/uploads\/117046.jpg","type":"image\/jpeg"}],"twitter_card":"summary_large_image","twitter_misc":{"Temps estimat de lectura":"1 minut"},"schema":{"@context":"https:\/\/schema.org","@graph":[{"@type":"WebPage","@id":"https:\/\/www.cpl.es\/producto\/bautismo-confirmacion-y-eucaristia-9788491654544\/","url":"https:\/\/www.cpl.es\/producto\/bautismo-confirmacion-y-eucaristia-9788491654544\/","name":"Bautismo - Confirmaci\u00f3n y Eucarist\u00eda - CPL","isPartOf":{"@id":"https:\/\/www.cpl.es\/#website"},"primaryImageOfPage":{"@id":"https:\/\/www.cpl.es\/producto\/bautismo-confirmacion-y-eucaristia-9788491654544\/#primaryimage"},"image":{"@id":"https:\/\/www.cpl.es\/producto\/bautismo-confirmacion-y-eucaristia-9788491654544\/#primaryimage"},"thumbnailUrl":"https:\/\/www.cpl.es\/wp-content\/uploads\/117046.jpg","datePublished":"2023-10-03T22:54:26+00:00","dateModified":"2023-12-05T12:34:27+00:00","breadcrumb":{"@id":"https:\/\/www.cpl.es\/producto\/bautismo-confirmacion-y-eucaristia-9788491654544\/#breadcrumb"},"inLanguage":"ca","potentialAction":[{"@type":"ReadAction","target":["https:\/\/www.cpl.es\/producto\/bautismo-confirmacion-y-eucaristia-9788491654544\/"]}]},{"@type":"ImageObject","inLanguage":"ca","@id":"https:\/\/www.cpl.es\/producto\/bautismo-confirmacion-y-eucaristia-9788491654544\/#primaryimage","url":"https:\/\/www.cpl.es\/wp-content\/uploads\/117046.jpg","contentUrl":"https:\/\/www.cpl.es\/wp-content\/uploads\/117046.jpg","width":294,"height":435,"caption":"117046.jpg"},{"@type":"BreadcrumbList","@id":"https:\/\/www.cpl.es\/producto\/bautismo-confirmacion-y-eucaristia-9788491654544\/#breadcrumb","itemListElement":[{"@type":"ListItem","position":1,"name":"Portada","item":"https:\/\/www.cpl.es\/ca\/"},{"@type":"ListItem","position":2,"name":"Cat\u00e0leg","item":"https:\/\/www.cpl.es\/ca\/cataleg\/"},{"@type":"ListItem","position":3,"name":"Bautismo &#8211; Confirmaci\u00f3n y Eucarist\u00eda"}]},{"@type":"WebSite","@id":"https:\/\/www.cpl.es\/#website","url":"https:\/\/www.cpl.es\/","name":"CPL","description":"Centre de Pastoral Lit\u00fargica de Barcelona","publisher":{"@id":"https:\/\/www.cpl.es\/#organization"},"alternateName":"Centre de Pastoral Lit\u00fargica","potentialAction":[{"@type":"SearchAction","target":{"@type":"EntryPoint","urlTemplate":"https:\/\/www.cpl.es\/?s={search_term_string}"},"query-input":{"@type":"PropertyValueSpecification","valueRequired":true,"valueName":"search_term_string"}}],"inLanguage":"ca"},{"@type":"Organization","@id":"https:\/\/www.cpl.es\/#organization","name":"Centre de Pastoral Lit\u00fargica","alternateName":"Centre de Pastoral Lit\u00fargica de Barcelona","url":"https:\/\/www.cpl.es\/","logo":{"@type":"ImageObject","inLanguage":"ca","@id":"https:\/\/www.cpl.es\/#\/schema\/logo\/image\/","url":"https:\/\/www.cpl.es\/wp-content\/uploads\/logo-cpl.svg","contentUrl":"https:\/\/www.cpl.es\/wp-content\/uploads\/logo-cpl.svg","caption":"Centre de Pastoral Lit\u00fargica"},"image":{"@id":"https:\/\/www.cpl.es\/#\/schema\/logo\/image\/"}}]}},"_links":{"self":[{"href":"https:\/\/www.cpl.es\/ca\/wp-json\/wp\/v2\/product\/909","targetHints":{"allow":["GET"]}}],"collection":[{"href":"https:\/\/www.cpl.es\/ca\/wp-json\/wp\/v2\/product"}],"about":[{"href":"https:\/\/www.cpl.es\/ca\/wp-json\/wp\/v2\/types\/product"}],"wp:featuredmedia":[{"embeddable":true,"href":"https:\/\/www.cpl.es\/ca\/wp-json\/wp\/v2\/media\/910"}],"wp:attachment":[{"href":"https:\/\/www.cpl.es\/ca\/wp-json\/wp\/v2\/media?parent=909"}],"wp:term":[{"taxonomy":"product_brand","embeddable":true,"href":"https:\/\/www.cpl.es\/ca\/wp-json\/wp\/v2\/product_brand?post=909"},{"taxonomy":"product_cat","embeddable":true,"href":"https:\/\/www.cpl.es\/ca\/wp-json\/wp\/v2\/product_cat?post=909"},{"taxonomy":"product_tag","embeddable":true,"href":"https:\/\/www.cpl.es\/ca\/wp-json\/wp\/v2\/product_tag?post=909"}],"curies":[{"name":"wp","href":"https:\/\/api.w.org\/{rel}","templated":true}]}}