{"id":877,"date":"2023-10-04T00:53:26","date_gmt":"2023-10-03T22:53:26","guid":{"rendered":"https:\/\/nuevaweb.cpl.es\/producto\/epistemologia-del-ano-liturgico-9788491654322\/"},"modified":"2026-02-12T17:43:07","modified_gmt":"2026-02-12T16:43:07","slug":"epistemologia-del-ano-liturgico-9788491654322","status":"publish","type":"product","link":"https:\/\/www.cpl.es\/ca\/producto\/epistemologia-del-ano-liturgico-9788491654322\/","title":{"rendered":"Epistemolog\u00eda del a\u00f1o lit\u00fargico"},"content":{"rendered":"<p>&#8216;Epistemolog\u00eda del a\u00f1o lit\u00fargico o \u00bfc\u00f3mo se estudia el a\u00f1o lit\u00fargico? Todo buen artesano conoce bien sus instrumentos de trabajo. Los cuida con esmero, los va perfeccionando, busca su uso m\u00e1s adecuado'. Este libro estudia ocho instrumentos utilizados a lo largo del \u00faltimo siglo para el estudio del ciclo anual de las celebraciones. La teolog\u00eda, la espiritualidad, la historia, la liturgia comparada, la catequesis, la psicolog\u00eda y la antropolog\u00eda. Estas siete herramientas son presentadas y analizadas cr\u00edticamente, a\u00f1adiendo algunos ejemplos en su aplicaci\u00f3n al estudio del a\u00f1o lit\u00fargico. El autor, adem\u00e1s, ofrece una aportaci\u00f3n original: el m\u00e9todo SPES, que ayuda al creyente a apropiarse a nivel som\u00e1tico, psico-emotivo y espiritual, de la salvaci\u00f3n celebrada a lo largo del ciclo anual. &#8216;Merece la pena este recorrido epistemol\u00f3gico. Contribuye a comprender mejor qu\u00e9 es el a\u00f1o lit\u00fargico, cu\u00e1l es su contenido. Es \u00fatil para ampliar horizontes m\u00e1s all\u00e1 de las propias competencias del lector y para conocer los distintos caminos abiertos por el af\u00e1n investigador del hombre para llegar al conocimiento. Al mismo tiempo, y no es lo menos importante, nos ha permitido adentrarnos en el misterio del hombre y en el misterio de Dios. Hemos transitado por una de las aventuras m\u00e1s atractivas y apasionantes del esp\u00edritu humano, la de su esfuerzo y su lucha por unificar el conocimiento racional, la imensi\u00f3n psico-emotiva, la vida espiritual y su quehacer diario, en su voluntad de que todas estas facetas confluyan en una palabra: amor, o mejor todav\u00eda en una acci\u00f3n: amar. Y todo esto como respuesta personal y comunitaria, como apropiaci\u00f3n libre y gozosa de la salvaci\u00f3n que viene del Misterio Pascual de Nuestro Se\u00f1or y Salvador Jesucristo'.<\/p>\n<p>Ignasi M. Fossas i Colet (Aiguafreda, 1960) es monje de la Abad\u00eda benedictina de Santa Mar\u00eda de Montserrat Barcelona). Se licenci\u00f3 en medicina por la Universidad de Barcelona, Facultad de Medicina (Hospital Cl\u00ednico) (1977-1983). En 1986 ingres\u00f3 en la Abad\u00eda de Montserrat; hizo la profesi\u00f3n mon\u00e1stica simple el 3 de septiembre de 1988 y la solemne el 21 de marzo de 1992. Fue ordenado presb\u00edtero por mons. Pere Tena el 30 de noviembre de 2002. Realiz\u00f3 su formaci\u00f3n teol\u00f3gica en el Studium de la Abad\u00eda de Montserrat, completada con la licencia y el doctorado en Liturgia por el Pontificio Instituto Lit\u00fargico de Sant'Anselmo, en Roma (1996; 2021). Diplomado en Archiv\u00edstica por el Archivo Secreto Vaticano (1995). Desde 1996 es profesor en el Instituto Superior de Liturgia de Barcelona y en el Studium Teol\u00f3gico de la Abad\u00eda de Montserrat. Ha sido profesor invitado en el Pontificio Instituto Lit\u00fargico de Roma (2015; 2017; 2019). Ha realizado un curso en el Programa de Alta Direcci\u00f3n de Empresas (PADE 1-2007) en el IESE Business School (Barcelona). Desde finales de 2011 es prior de la Abad\u00eda. Ha publicado libros y art\u00edculos sobre liturgia, espiritualidad, vida mon\u00e1stica, gesti\u00f3n y liderazgo.<\/p>\n","protected":false},"excerpt":{"rendered":"<p>Fossas Colet, Ignasi M.<\/p>\n","protected":false},"featured_media":878,"template":"","meta":{"_acf_changed":false,"inline_featured_image":false},"product_brand":[],"product_cat":[47,78,74,46,32,33,151,153,37,38,137,115,84,61],"product_tag":[],"class_list":{"0":"post-877","1":"product","2":"type-product","3":"status-publish","4":"has-post-thumbnail","6":"product_cat-ano-liturgico","7":"product_cat-any-liturgic","8":"product_cat-biblioteca-liturgica-colleccions-catala","9":"product_cat-biblioteca-liturgica","10":"product_cat-castellano","11":"product_cat-catala","12":"product_cat-celebracio-de-la-missa-celebracio-de-la-missa-per-temes","13":"product_cat-celebracion-de-la-misa-celebracion-de-la-misa-por-temas","14":"product_cat-colecciones","15":"product_cat-colleccions","16":"product_cat-eucaristia-sagraments-per-temes","17":"product_cat-eucaristia","18":"product_cat-liturgia-i-teologia","19":"product_cat-liturgia-y-teologia","21":"first","22":"instock","23":"taxable","24":"shipping-taxable","25":"purchasable","26":"product-type-simple"},"acf":{"autor":"Fossas Colet, Ignasi M.","codart":"111064","ediciones":"2","encuadernacion":"Cartone","fecha_de_publicacion":"21\/12\/2021","novedad":false,"paginas":"320","subtitulo":"An\u00e1lisis de distintos m\u00e9todos de estudio y presentaci\u00f3n del m\u00e9todo spes","orden":"999","portada":false,"idioma":"spa","editorial":[{"ID":6736,"post_author":"2","post_date":"2023-10-06 08:35:24","post_date_gmt":"2023-10-06 06:35:24","post_content":"","post_title":"CPL","post_excerpt":"","post_status":"publish","comment_status":"closed","ping_status":"closed","post_password":"","post_name":"cpl","to_ping":"","pinged":"","post_modified":"2023-10-06 08:35:24","post_modified_gmt":"2023-10-06 06:35:24","post_content_filtered":"","post_parent":0,"guid":"https:\/\/nuevaweb.cpl.es\/editorial\/cpl\/","menu_order":0,"post_type":"editorial","post_mime_type":"","comment_count":"0","filter":"raw"}],"coleccion_num":"64"},"yoast_head":"<!-- This site is optimized with the Yoast SEO plugin v27.3 - https:\/\/yoast.com\/product\/yoast-seo-wordpress\/ -->\n<title>Epistemolog\u00eda del a\u00f1o lit\u00fargico - CPL<\/title>\n<meta name=\"robots\" content=\"index, follow, max-snippet:-1, max-image-preview:large, max-video-preview:-1\" \/>\n<link rel=\"canonical\" href=\"https:\/\/www.cpl.es\/producto\/epistemologia-del-ano-liturgico-9788491654322\/\" \/>\n<meta property=\"og:locale\" content=\"ca_ES\" \/>\n<meta property=\"og:type\" content=\"article\" \/>\n<meta property=\"og:title\" content=\"Epistemolog\u00eda del a\u00f1o lit\u00fargico - CPL\" \/>\n<meta property=\"og:description\" content=\"Fossas Colet, Ignasi M.\" \/>\n<meta property=\"og:url\" content=\"https:\/\/www.cpl.es\/producto\/epistemologia-del-ano-liturgico-9788491654322\/\" \/>\n<meta property=\"og:site_name\" content=\"CPL\" \/>\n<meta property=\"article:modified_time\" content=\"2026-02-12T16:43:07+00:00\" \/>\n<meta property=\"og:image\" content=\"https:\/\/www.cpl.es\/wp-content\/uploads\/111064.jpg\" \/>\n\t<meta property=\"og:image:width\" content=\"294\" \/>\n\t<meta property=\"og:image:height\" content=\"404\" \/>\n\t<meta property=\"og:image:type\" content=\"image\/jpeg\" \/>\n<meta name=\"twitter:card\" content=\"summary_large_image\" \/>\n<meta name=\"twitter:label1\" content=\"Temps estimat de lectura\" \/>\n\t<meta name=\"twitter:data1\" content=\"3 minuts\" \/>\n<script type=\"application\/ld+json\" class=\"yoast-schema-graph\">{\"@context\":\"https:\\\/\\\/schema.org\",\"@graph\":[{\"@type\":\"WebPage\",\"@id\":\"https:\\\/\\\/www.cpl.es\\\/producto\\\/epistemologia-del-ano-liturgico-9788491654322\\\/\",\"url\":\"https:\\\/\\\/www.cpl.es\\\/producto\\\/epistemologia-del-ano-liturgico-9788491654322\\\/\",\"name\":\"Epistemolog\u00eda del a\u00f1o lit\u00fargico - CPL\",\"isPartOf\":{\"@id\":\"https:\\\/\\\/www.cpl.es\\\/#website\"},\"primaryImageOfPage\":{\"@id\":\"https:\\\/\\\/www.cpl.es\\\/producto\\\/epistemologia-del-ano-liturgico-9788491654322\\\/#primaryimage\"},\"image\":{\"@id\":\"https:\\\/\\\/www.cpl.es\\\/producto\\\/epistemologia-del-ano-liturgico-9788491654322\\\/#primaryimage\"},\"thumbnailUrl\":\"https:\\\/\\\/www.cpl.es\\\/wp-content\\\/uploads\\\/111064.jpg\",\"datePublished\":\"2023-10-03T22:53:26+00:00\",\"dateModified\":\"2026-02-12T16:43:07+00:00\",\"breadcrumb\":{\"@id\":\"https:\\\/\\\/www.cpl.es\\\/producto\\\/epistemologia-del-ano-liturgico-9788491654322\\\/#breadcrumb\"},\"inLanguage\":\"ca\",\"potentialAction\":[{\"@type\":\"ReadAction\",\"target\":[\"https:\\\/\\\/www.cpl.es\\\/producto\\\/epistemologia-del-ano-liturgico-9788491654322\\\/\"]}]},{\"@type\":\"ImageObject\",\"inLanguage\":\"ca\",\"@id\":\"https:\\\/\\\/www.cpl.es\\\/producto\\\/epistemologia-del-ano-liturgico-9788491654322\\\/#primaryimage\",\"url\":\"https:\\\/\\\/www.cpl.es\\\/wp-content\\\/uploads\\\/111064.jpg\",\"contentUrl\":\"https:\\\/\\\/www.cpl.es\\\/wp-content\\\/uploads\\\/111064.jpg\",\"width\":294,\"height\":404,\"caption\":\"111064.jpg\"},{\"@type\":\"BreadcrumbList\",\"@id\":\"https:\\\/\\\/www.cpl.es\\\/producto\\\/epistemologia-del-ano-liturgico-9788491654322\\\/#breadcrumb\",\"itemListElement\":[{\"@type\":\"ListItem\",\"position\":1,\"name\":\"Portada\",\"item\":\"https:\\\/\\\/www.cpl.es\\\/ca\\\/\"},{\"@type\":\"ListItem\",\"position\":2,\"name\":\"Cat\u00e0leg\",\"item\":\"https:\\\/\\\/www.cpl.es\\\/ca\\\/cataleg\\\/\"},{\"@type\":\"ListItem\",\"position\":3,\"name\":\"Epistemolog\u00eda del a\u00f1o lit\u00fargico\"}]},{\"@type\":\"WebSite\",\"@id\":\"https:\\\/\\\/www.cpl.es\\\/#website\",\"url\":\"https:\\\/\\\/www.cpl.es\\\/\",\"name\":\"CPL\",\"description\":\"Centre de Pastoral Lit\u00fargica de Barcelona\",\"publisher\":{\"@id\":\"https:\\\/\\\/www.cpl.es\\\/#organization\"},\"alternateName\":\"Centre de Pastoral Lit\u00fargica\",\"potentialAction\":[{\"@type\":\"SearchAction\",\"target\":{\"@type\":\"EntryPoint\",\"urlTemplate\":\"https:\\\/\\\/www.cpl.es\\\/?s={search_term_string}\"},\"query-input\":{\"@type\":\"PropertyValueSpecification\",\"valueRequired\":true,\"valueName\":\"search_term_string\"}}],\"inLanguage\":\"ca\"},{\"@type\":\"Organization\",\"@id\":\"https:\\\/\\\/www.cpl.es\\\/#organization\",\"name\":\"Centre de Pastoral Lit\u00fargica\",\"alternateName\":\"Centre de Pastoral Lit\u00fargica de Barcelona\",\"url\":\"https:\\\/\\\/www.cpl.es\\\/\",\"logo\":{\"@type\":\"ImageObject\",\"inLanguage\":\"ca\",\"@id\":\"https:\\\/\\\/www.cpl.es\\\/#\\\/schema\\\/logo\\\/image\\\/\",\"url\":\"https:\\\/\\\/www.cpl.es\\\/wp-content\\\/uploads\\\/logo-cpl.svg\",\"contentUrl\":\"https:\\\/\\\/www.cpl.es\\\/wp-content\\\/uploads\\\/logo-cpl.svg\",\"caption\":\"Centre de Pastoral Lit\u00fargica\"},\"image\":{\"@id\":\"https:\\\/\\\/www.cpl.es\\\/#\\\/schema\\\/logo\\\/image\\\/\"}}]}<\/script>\n<!-- \/ Yoast SEO plugin. -->","yoast_head_json":{"title":"Epistemolog\u00eda del a\u00f1o lit\u00fargico - CPL","robots":{"index":"index","follow":"follow","max-snippet":"max-snippet:-1","max-image-preview":"max-image-preview:large","max-video-preview":"max-video-preview:-1"},"canonical":"https:\/\/www.cpl.es\/producto\/epistemologia-del-ano-liturgico-9788491654322\/","og_locale":"ca_ES","og_type":"article","og_title":"Epistemolog\u00eda del a\u00f1o lit\u00fargico - CPL","og_description":"Fossas Colet, Ignasi M.","og_url":"https:\/\/www.cpl.es\/producto\/epistemologia-del-ano-liturgico-9788491654322\/","og_site_name":"CPL","article_modified_time":"2026-02-12T16:43:07+00:00","og_image":[{"width":294,"height":404,"url":"https:\/\/www.cpl.es\/wp-content\/uploads\/111064.jpg","type":"image\/jpeg"}],"twitter_card":"summary_large_image","twitter_misc":{"Temps estimat de lectura":"3 minuts"},"schema":{"@context":"https:\/\/schema.org","@graph":[{"@type":"WebPage","@id":"https:\/\/www.cpl.es\/producto\/epistemologia-del-ano-liturgico-9788491654322\/","url":"https:\/\/www.cpl.es\/producto\/epistemologia-del-ano-liturgico-9788491654322\/","name":"Epistemolog\u00eda del a\u00f1o lit\u00fargico - CPL","isPartOf":{"@id":"https:\/\/www.cpl.es\/#website"},"primaryImageOfPage":{"@id":"https:\/\/www.cpl.es\/producto\/epistemologia-del-ano-liturgico-9788491654322\/#primaryimage"},"image":{"@id":"https:\/\/www.cpl.es\/producto\/epistemologia-del-ano-liturgico-9788491654322\/#primaryimage"},"thumbnailUrl":"https:\/\/www.cpl.es\/wp-content\/uploads\/111064.jpg","datePublished":"2023-10-03T22:53:26+00:00","dateModified":"2026-02-12T16:43:07+00:00","breadcrumb":{"@id":"https:\/\/www.cpl.es\/producto\/epistemologia-del-ano-liturgico-9788491654322\/#breadcrumb"},"inLanguage":"ca","potentialAction":[{"@type":"ReadAction","target":["https:\/\/www.cpl.es\/producto\/epistemologia-del-ano-liturgico-9788491654322\/"]}]},{"@type":"ImageObject","inLanguage":"ca","@id":"https:\/\/www.cpl.es\/producto\/epistemologia-del-ano-liturgico-9788491654322\/#primaryimage","url":"https:\/\/www.cpl.es\/wp-content\/uploads\/111064.jpg","contentUrl":"https:\/\/www.cpl.es\/wp-content\/uploads\/111064.jpg","width":294,"height":404,"caption":"111064.jpg"},{"@type":"BreadcrumbList","@id":"https:\/\/www.cpl.es\/producto\/epistemologia-del-ano-liturgico-9788491654322\/#breadcrumb","itemListElement":[{"@type":"ListItem","position":1,"name":"Portada","item":"https:\/\/www.cpl.es\/ca\/"},{"@type":"ListItem","position":2,"name":"Cat\u00e0leg","item":"https:\/\/www.cpl.es\/ca\/cataleg\/"},{"@type":"ListItem","position":3,"name":"Epistemolog\u00eda del a\u00f1o lit\u00fargico"}]},{"@type":"WebSite","@id":"https:\/\/www.cpl.es\/#website","url":"https:\/\/www.cpl.es\/","name":"CPL","description":"Centre de Pastoral Lit\u00fargica de Barcelona","publisher":{"@id":"https:\/\/www.cpl.es\/#organization"},"alternateName":"Centre de Pastoral Lit\u00fargica","potentialAction":[{"@type":"SearchAction","target":{"@type":"EntryPoint","urlTemplate":"https:\/\/www.cpl.es\/?s={search_term_string}"},"query-input":{"@type":"PropertyValueSpecification","valueRequired":true,"valueName":"search_term_string"}}],"inLanguage":"ca"},{"@type":"Organization","@id":"https:\/\/www.cpl.es\/#organization","name":"Centre de Pastoral Lit\u00fargica","alternateName":"Centre de Pastoral Lit\u00fargica de Barcelona","url":"https:\/\/www.cpl.es\/","logo":{"@type":"ImageObject","inLanguage":"ca","@id":"https:\/\/www.cpl.es\/#\/schema\/logo\/image\/","url":"https:\/\/www.cpl.es\/wp-content\/uploads\/logo-cpl.svg","contentUrl":"https:\/\/www.cpl.es\/wp-content\/uploads\/logo-cpl.svg","caption":"Centre de Pastoral Lit\u00fargica"},"image":{"@id":"https:\/\/www.cpl.es\/#\/schema\/logo\/image\/"}}]}},"_links":{"self":[{"href":"https:\/\/www.cpl.es\/ca\/wp-json\/wp\/v2\/product\/877","targetHints":{"allow":["GET"]}}],"collection":[{"href":"https:\/\/www.cpl.es\/ca\/wp-json\/wp\/v2\/product"}],"about":[{"href":"https:\/\/www.cpl.es\/ca\/wp-json\/wp\/v2\/types\/product"}],"wp:featuredmedia":[{"embeddable":true,"href":"https:\/\/www.cpl.es\/ca\/wp-json\/wp\/v2\/media\/878"}],"wp:attachment":[{"href":"https:\/\/www.cpl.es\/ca\/wp-json\/wp\/v2\/media?parent=877"}],"wp:term":[{"taxonomy":"product_brand","embeddable":true,"href":"https:\/\/www.cpl.es\/ca\/wp-json\/wp\/v2\/product_brand?post=877"},{"taxonomy":"product_cat","embeddable":true,"href":"https:\/\/www.cpl.es\/ca\/wp-json\/wp\/v2\/product_cat?post=877"},{"taxonomy":"product_tag","embeddable":true,"href":"https:\/\/www.cpl.es\/ca\/wp-json\/wp\/v2\/product_tag?post=877"}],"curies":[{"name":"wp","href":"https:\/\/api.w.org\/{rel}","templated":true}]}}