{"id":868,"date":"2023-10-04T00:53:09","date_gmt":"2023-10-03T22:53:09","guid":{"rendered":"https:\/\/nuevaweb.cpl.es\/producto\/variedades-sobre-la-liturgia-y-los-sacramentos-hoy-9788491654582\/"},"modified":"2023-12-05T13:34:25","modified_gmt":"2023-12-05T12:34:25","slug":"variedades-sobre-la-liturgia-y-los-sacramentos-hoy-9788491654582","status":"publish","type":"product","link":"https:\/\/www.cpl.es\/ca\/producto\/variedades-sobre-la-liturgia-y-los-sacramentos-hoy-9788491654582\/","title":{"rendered":"Variedades sobre la liturgia y los sacramentos hoy"},"content":{"rendered":"<p>Esta publicaci\u00f3n puede servir o ayudar a quienes se dedican a la teolog\u00eda (te\u00f3logos, estudiantes); a los pastores que se preguntan c\u00f3mo renovar o revitalizar las diversas situaciones lit\u00fargico-sacramentales; y a los mismos laicos comprometidos en la preparaci\u00f3n y celebraci\u00f3n de estos actos. Esta publicaci\u00f3n quiere ser un servicio a la renovaci\u00f3n de la comunidad eclesial, en estos tiempos de un cierto desconcierto lit\u00fargico y pastoral.<br \/>La din\u00e1mica de desarrollo de los temas tratados en este libro, es: <br \/>1. Una lectura de la realidad o situaci\u00f3n concreta. <br \/>2.Una iluminaci\u00f3n a trav\u00e9s de las diversas fuentes (Escritura, Tradici\u00f3n, Magisterio). <br \/>3. Una reflexi\u00f3n teol\u00f3gico-lit\u00fargica-sacramental renovada. <br \/>4. Una aplicaci\u00f3n propositiva para la renovaci\u00f3n pastoral. <br \/>5. Una prospectiva sobre la evoluci\u00f3n posible en cada caso.<\/p>\n<p>Dionisio Borobio (Soria, 1938), es sacerdote de la di\u00f3cesis de Bilbao, licenciado en filosof\u00eda y doctor en Teolog\u00eda. Ha sido profesor de la Universidad de Deusto, y ha dedicado su vida a la docencia de la liturgia y de los sacramentos hasta su jubilaci\u00f3n como catedr\u00e1tico de la Universidad Pontificia de Salamanca. Es autor de numerosas publicaciones sobre liturgia y sobre pastoral sacramental y catequ\u00e9tica.<\/p>\n","protected":false},"excerpt":{"rendered":"<p>Borobio Garc\u00eda, Dionisio<\/p>\n","protected":false},"featured_media":869,"template":"","meta":{"_acf_changed":false,"inline_featured_image":false},"product_brand":[],"product_cat":[75,44,137,115,48,79],"product_tag":[],"class_list":{"0":"post-868","1":"product","2":"type-product","3":"status-publish","4":"has-post-thumbnail","6":"product_cat-dossiers-cpl-colleccions-catala","7":"product_cat-dossiers-cpl","8":"product_cat-eucaristia-sagraments-per-temes","9":"product_cat-eucaristia","10":"product_cat-sacramentos","11":"product_cat-sagraments","13":"first","14":"instock","15":"taxable","16":"shipping-taxable","17":"purchasable","18":"product-type-simple"},"acf":{"autor":"Borobio Garc\u00eda, Dionisio","codart":"101158","ediciones":"2","encuadernacion":"R\u00fastica","fecha_de_publicacion":"21\/12\/2021","novedad":false,"paginas":"416","subtitulo":"El futuro de los sacramentos","orden":"999","portada":false,"idioma":"spa","editorial":[{"ID":6736,"post_author":"2","post_date":"2023-10-06 08:35:24","post_date_gmt":"2023-10-06 06:35:24","post_content":"","post_title":"CPL","post_excerpt":"","post_status":"publish","comment_status":"closed","ping_status":"closed","post_password":"","post_name":"cpl","to_ping":"","pinged":"","post_modified":"2023-10-06 08:35:24","post_modified_gmt":"2023-10-06 06:35:24","post_content_filtered":"","post_parent":0,"guid":"https:\/\/nuevaweb.cpl.es\/editorial\/cpl\/","menu_order":0,"post_type":"editorial","post_mime_type":"","comment_count":"0","filter":"raw"}]},"yoast_head":"<!-- This site is optimized with the Yoast SEO plugin v27.3 - https:\/\/yoast.com\/product\/yoast-seo-wordpress\/ -->\n<title>Variedades sobre la liturgia y los sacramentos hoy - CPL<\/title>\n<meta name=\"robots\" content=\"index, follow, max-snippet:-1, max-image-preview:large, max-video-preview:-1\" \/>\n<link rel=\"canonical\" href=\"https:\/\/www.cpl.es\/producto\/variedades-sobre-la-liturgia-y-los-sacramentos-hoy-9788491654582\/\" \/>\n<meta property=\"og:locale\" content=\"ca_ES\" \/>\n<meta property=\"og:type\" content=\"article\" \/>\n<meta property=\"og:title\" content=\"Variedades sobre la liturgia y los sacramentos hoy - CPL\" \/>\n<meta property=\"og:description\" content=\"Borobio Garc\u00eda, Dionisio\" \/>\n<meta property=\"og:url\" content=\"https:\/\/www.cpl.es\/producto\/variedades-sobre-la-liturgia-y-los-sacramentos-hoy-9788491654582\/\" \/>\n<meta property=\"og:site_name\" content=\"CPL\" \/>\n<meta property=\"article:modified_time\" content=\"2023-12-05T12:34:25+00:00\" \/>\n<meta property=\"og:image\" content=\"https:\/\/www.cpl.es\/wp-content\/uploads\/101158.jpg\" \/>\n\t<meta property=\"og:image:width\" content=\"294\" \/>\n\t<meta property=\"og:image:height\" content=\"407\" \/>\n\t<meta property=\"og:image:type\" content=\"image\/jpeg\" \/>\n<meta name=\"twitter:card\" content=\"summary_large_image\" \/>\n<meta name=\"twitter:label1\" content=\"Temps estimat de lectura\" \/>\n\t<meta name=\"twitter:data1\" content=\"1 minut\" \/>\n<script type=\"application\/ld+json\" class=\"yoast-schema-graph\">{\"@context\":\"https:\\\/\\\/schema.org\",\"@graph\":[{\"@type\":\"WebPage\",\"@id\":\"https:\\\/\\\/www.cpl.es\\\/producto\\\/variedades-sobre-la-liturgia-y-los-sacramentos-hoy-9788491654582\\\/\",\"url\":\"https:\\\/\\\/www.cpl.es\\\/producto\\\/variedades-sobre-la-liturgia-y-los-sacramentos-hoy-9788491654582\\\/\",\"name\":\"Variedades sobre la liturgia y los sacramentos hoy - CPL\",\"isPartOf\":{\"@id\":\"https:\\\/\\\/www.cpl.es\\\/#website\"},\"primaryImageOfPage\":{\"@id\":\"https:\\\/\\\/www.cpl.es\\\/producto\\\/variedades-sobre-la-liturgia-y-los-sacramentos-hoy-9788491654582\\\/#primaryimage\"},\"image\":{\"@id\":\"https:\\\/\\\/www.cpl.es\\\/producto\\\/variedades-sobre-la-liturgia-y-los-sacramentos-hoy-9788491654582\\\/#primaryimage\"},\"thumbnailUrl\":\"https:\\\/\\\/www.cpl.es\\\/wp-content\\\/uploads\\\/101158.jpg\",\"datePublished\":\"2023-10-03T22:53:09+00:00\",\"dateModified\":\"2023-12-05T12:34:25+00:00\",\"breadcrumb\":{\"@id\":\"https:\\\/\\\/www.cpl.es\\\/producto\\\/variedades-sobre-la-liturgia-y-los-sacramentos-hoy-9788491654582\\\/#breadcrumb\"},\"inLanguage\":\"ca\",\"potentialAction\":[{\"@type\":\"ReadAction\",\"target\":[\"https:\\\/\\\/www.cpl.es\\\/producto\\\/variedades-sobre-la-liturgia-y-los-sacramentos-hoy-9788491654582\\\/\"]}]},{\"@type\":\"ImageObject\",\"inLanguage\":\"ca\",\"@id\":\"https:\\\/\\\/www.cpl.es\\\/producto\\\/variedades-sobre-la-liturgia-y-los-sacramentos-hoy-9788491654582\\\/#primaryimage\",\"url\":\"https:\\\/\\\/www.cpl.es\\\/wp-content\\\/uploads\\\/101158.jpg\",\"contentUrl\":\"https:\\\/\\\/www.cpl.es\\\/wp-content\\\/uploads\\\/101158.jpg\",\"width\":294,\"height\":407,\"caption\":\"101158.jpg\"},{\"@type\":\"BreadcrumbList\",\"@id\":\"https:\\\/\\\/www.cpl.es\\\/producto\\\/variedades-sobre-la-liturgia-y-los-sacramentos-hoy-9788491654582\\\/#breadcrumb\",\"itemListElement\":[{\"@type\":\"ListItem\",\"position\":1,\"name\":\"Portada\",\"item\":\"https:\\\/\\\/www.cpl.es\\\/ca\\\/\"},{\"@type\":\"ListItem\",\"position\":2,\"name\":\"Cat\u00e0leg\",\"item\":\"https:\\\/\\\/www.cpl.es\\\/ca\\\/cataleg\\\/\"},{\"@type\":\"ListItem\",\"position\":3,\"name\":\"Variedades sobre la liturgia y los sacramentos hoy\"}]},{\"@type\":\"WebSite\",\"@id\":\"https:\\\/\\\/www.cpl.es\\\/#website\",\"url\":\"https:\\\/\\\/www.cpl.es\\\/\",\"name\":\"CPL\",\"description\":\"Centre de Pastoral Lit\u00fargica de Barcelona\",\"publisher\":{\"@id\":\"https:\\\/\\\/www.cpl.es\\\/#organization\"},\"alternateName\":\"Centre de Pastoral Lit\u00fargica\",\"potentialAction\":[{\"@type\":\"SearchAction\",\"target\":{\"@type\":\"EntryPoint\",\"urlTemplate\":\"https:\\\/\\\/www.cpl.es\\\/?s={search_term_string}\"},\"query-input\":{\"@type\":\"PropertyValueSpecification\",\"valueRequired\":true,\"valueName\":\"search_term_string\"}}],\"inLanguage\":\"ca\"},{\"@type\":\"Organization\",\"@id\":\"https:\\\/\\\/www.cpl.es\\\/#organization\",\"name\":\"Centre de Pastoral Lit\u00fargica\",\"alternateName\":\"Centre de Pastoral Lit\u00fargica de Barcelona\",\"url\":\"https:\\\/\\\/www.cpl.es\\\/\",\"logo\":{\"@type\":\"ImageObject\",\"inLanguage\":\"ca\",\"@id\":\"https:\\\/\\\/www.cpl.es\\\/#\\\/schema\\\/logo\\\/image\\\/\",\"url\":\"https:\\\/\\\/www.cpl.es\\\/wp-content\\\/uploads\\\/logo-cpl.svg\",\"contentUrl\":\"https:\\\/\\\/www.cpl.es\\\/wp-content\\\/uploads\\\/logo-cpl.svg\",\"caption\":\"Centre de Pastoral Lit\u00fargica\"},\"image\":{\"@id\":\"https:\\\/\\\/www.cpl.es\\\/#\\\/schema\\\/logo\\\/image\\\/\"}}]}<\/script>\n<!-- \/ Yoast SEO plugin. -->","yoast_head_json":{"title":"Variedades sobre la liturgia y los sacramentos hoy - CPL","robots":{"index":"index","follow":"follow","max-snippet":"max-snippet:-1","max-image-preview":"max-image-preview:large","max-video-preview":"max-video-preview:-1"},"canonical":"https:\/\/www.cpl.es\/producto\/variedades-sobre-la-liturgia-y-los-sacramentos-hoy-9788491654582\/","og_locale":"ca_ES","og_type":"article","og_title":"Variedades sobre la liturgia y los sacramentos hoy - CPL","og_description":"Borobio Garc\u00eda, Dionisio","og_url":"https:\/\/www.cpl.es\/producto\/variedades-sobre-la-liturgia-y-los-sacramentos-hoy-9788491654582\/","og_site_name":"CPL","article_modified_time":"2023-12-05T12:34:25+00:00","og_image":[{"width":294,"height":407,"url":"https:\/\/www.cpl.es\/wp-content\/uploads\/101158.jpg","type":"image\/jpeg"}],"twitter_card":"summary_large_image","twitter_misc":{"Temps estimat de lectura":"1 minut"},"schema":{"@context":"https:\/\/schema.org","@graph":[{"@type":"WebPage","@id":"https:\/\/www.cpl.es\/producto\/variedades-sobre-la-liturgia-y-los-sacramentos-hoy-9788491654582\/","url":"https:\/\/www.cpl.es\/producto\/variedades-sobre-la-liturgia-y-los-sacramentos-hoy-9788491654582\/","name":"Variedades sobre la liturgia y los sacramentos hoy - CPL","isPartOf":{"@id":"https:\/\/www.cpl.es\/#website"},"primaryImageOfPage":{"@id":"https:\/\/www.cpl.es\/producto\/variedades-sobre-la-liturgia-y-los-sacramentos-hoy-9788491654582\/#primaryimage"},"image":{"@id":"https:\/\/www.cpl.es\/producto\/variedades-sobre-la-liturgia-y-los-sacramentos-hoy-9788491654582\/#primaryimage"},"thumbnailUrl":"https:\/\/www.cpl.es\/wp-content\/uploads\/101158.jpg","datePublished":"2023-10-03T22:53:09+00:00","dateModified":"2023-12-05T12:34:25+00:00","breadcrumb":{"@id":"https:\/\/www.cpl.es\/producto\/variedades-sobre-la-liturgia-y-los-sacramentos-hoy-9788491654582\/#breadcrumb"},"inLanguage":"ca","potentialAction":[{"@type":"ReadAction","target":["https:\/\/www.cpl.es\/producto\/variedades-sobre-la-liturgia-y-los-sacramentos-hoy-9788491654582\/"]}]},{"@type":"ImageObject","inLanguage":"ca","@id":"https:\/\/www.cpl.es\/producto\/variedades-sobre-la-liturgia-y-los-sacramentos-hoy-9788491654582\/#primaryimage","url":"https:\/\/www.cpl.es\/wp-content\/uploads\/101158.jpg","contentUrl":"https:\/\/www.cpl.es\/wp-content\/uploads\/101158.jpg","width":294,"height":407,"caption":"101158.jpg"},{"@type":"BreadcrumbList","@id":"https:\/\/www.cpl.es\/producto\/variedades-sobre-la-liturgia-y-los-sacramentos-hoy-9788491654582\/#breadcrumb","itemListElement":[{"@type":"ListItem","position":1,"name":"Portada","item":"https:\/\/www.cpl.es\/ca\/"},{"@type":"ListItem","position":2,"name":"Cat\u00e0leg","item":"https:\/\/www.cpl.es\/ca\/cataleg\/"},{"@type":"ListItem","position":3,"name":"Variedades sobre la liturgia y los sacramentos hoy"}]},{"@type":"WebSite","@id":"https:\/\/www.cpl.es\/#website","url":"https:\/\/www.cpl.es\/","name":"CPL","description":"Centre de Pastoral Lit\u00fargica de Barcelona","publisher":{"@id":"https:\/\/www.cpl.es\/#organization"},"alternateName":"Centre de Pastoral Lit\u00fargica","potentialAction":[{"@type":"SearchAction","target":{"@type":"EntryPoint","urlTemplate":"https:\/\/www.cpl.es\/?s={search_term_string}"},"query-input":{"@type":"PropertyValueSpecification","valueRequired":true,"valueName":"search_term_string"}}],"inLanguage":"ca"},{"@type":"Organization","@id":"https:\/\/www.cpl.es\/#organization","name":"Centre de Pastoral Lit\u00fargica","alternateName":"Centre de Pastoral Lit\u00fargica de Barcelona","url":"https:\/\/www.cpl.es\/","logo":{"@type":"ImageObject","inLanguage":"ca","@id":"https:\/\/www.cpl.es\/#\/schema\/logo\/image\/","url":"https:\/\/www.cpl.es\/wp-content\/uploads\/logo-cpl.svg","contentUrl":"https:\/\/www.cpl.es\/wp-content\/uploads\/logo-cpl.svg","caption":"Centre de Pastoral Lit\u00fargica"},"image":{"@id":"https:\/\/www.cpl.es\/#\/schema\/logo\/image\/"}}]}},"_links":{"self":[{"href":"https:\/\/www.cpl.es\/ca\/wp-json\/wp\/v2\/product\/868","targetHints":{"allow":["GET"]}}],"collection":[{"href":"https:\/\/www.cpl.es\/ca\/wp-json\/wp\/v2\/product"}],"about":[{"href":"https:\/\/www.cpl.es\/ca\/wp-json\/wp\/v2\/types\/product"}],"wp:featuredmedia":[{"embeddable":true,"href":"https:\/\/www.cpl.es\/ca\/wp-json\/wp\/v2\/media\/869"}],"wp:attachment":[{"href":"https:\/\/www.cpl.es\/ca\/wp-json\/wp\/v2\/media?parent=868"}],"wp:term":[{"taxonomy":"product_brand","embeddable":true,"href":"https:\/\/www.cpl.es\/ca\/wp-json\/wp\/v2\/product_brand?post=868"},{"taxonomy":"product_cat","embeddable":true,"href":"https:\/\/www.cpl.es\/ca\/wp-json\/wp\/v2\/product_cat?post=868"},{"taxonomy":"product_tag","embeddable":true,"href":"https:\/\/www.cpl.es\/ca\/wp-json\/wp\/v2\/product_tag?post=868"}],"curies":[{"name":"wp","href":"https:\/\/api.w.org\/{rel}","templated":true}]}}