{"id":834,"date":"2023-10-04T00:51:59","date_gmt":"2023-10-03T22:51:59","guid":{"rendered":"https:\/\/nuevaweb.cpl.es\/producto\/la-sinodalitat-de-lesglesia-9788491654957\/"},"modified":"2026-01-07T09:25:35","modified_gmt":"2026-01-07T08:25:35","slug":"la-sinodalitat-de-lesglesia-9788491654957","status":"publish","type":"product","link":"https:\/\/www.cpl.es\/ca\/producto\/la-sinodalitat-de-lesglesia-9788491654957\/","title":{"rendered":"La sinodalitat de l&#8217;Esgl\u00e9sia"},"content":{"rendered":"<p>El treball teol\u00f2gic que ofereix el llibre pot ajudar tots els cristians que, havent ja treballat en la pastoral de l\u2019Esgl\u00e9sia, s\u2019adonen que queda molta feina per fer. I tamb\u00e9 adonar-nos que treballar sinodalment, des la comuni\u00f3 i com a fruit seu, \u00e9s imprescindible si volem fer una pastoral inscrita en la missi\u00f3 de l\u2019Esgl\u00e9sia de portar l\u2019Evangeli a tots els pobles. El llibre vol ajudar a integrar all\u00f2 que mai no havia d\u2019haver estat separat: la pastoral i la teologia, la teoria i la pr\u00e0ctica.<br \/>Aquest llibre \u00e9s fruit de l\u2019experi\u00e8ncia sinodal de l\u2019autor al si dels moviments d\u2019Acci\u00f3 Cat\u00f2lica, especialment al MIJAC de Catalunya i les Illes, a la JOC Nacional de Catalunya i les Illes i a l\u2019ACO.<\/p>\n<p>Jaume Fontbona i Miss\u00e9 (Arenys de Munt, 1958) \u00e9s prevere de l\u2019Esgl\u00e9sia local de Barcelona, doctor en Teologia, professor ordinari de la Facultat de Teologia de l\u2019Ateneu Universitari Sant Paci\u00e0, vicari parroquial de Santa Maria del Taulat i Sant Bernat Calv\u00f3 de Barcelona. \u00c9s membre del Centre de Pastoral Lit\u00fargica de Barcelona, del qual ha estat president durant nou anys (2008-2017) i ara n\u2019\u00e9s el Cap de Publicacions. \u00c9s membre de l\u2019Associaci\u00f3 de Preveres del Prad\u00f3 i de l\u2019Associaci\u00f3 B\u00edblica de Catalunya. \u00c9s consiliari de l\u2019Acci\u00f3 Cat\u00f2lica, tant de l\u2019especialitzada (JOC i ACO) com de la general (ACG). Ha estat consiliari nacional de la JOC Nacional de Catalunya i les Illes durant cinc anys (2016-2021) i rector de la parr\u00f2quia del Crist Rei de La Sagrera durant cinc anys (2014-2019).<\/p>\n","protected":false},"excerpt":{"rendered":"<p>Fontbona Miss\u00e9, Jaume<\/p>\n","protected":false},"featured_media":835,"template":"","meta":{"_acf_changed":false,"inline_featured_image":false},"product_brand":[],"product_cat":[100],"product_tag":[],"class_list":{"0":"post-834","1":"product","2":"type-product","3":"status-publish","4":"has-post-thumbnail","6":"product_cat-cpl-libri-colleccions-catala","8":"first","9":"instock","10":"taxable","11":"shipping-taxable","12":"purchasable","13":"product-type-simple"},"acf":{"autor":"Fontbona Miss\u00e9, Jaume","codart":"217048","ediciones":"1","encuadernacion":"R\u00fastica","fecha_de_publicacion":"03\/02\/2022","novedad":false,"paginas":"188","subtitulo":"","orden":"999","portada":false,"idioma":"cat","editorial":[{"ID":6736,"post_author":"2","post_date":"2023-10-06 08:35:24","post_date_gmt":"2023-10-06 06:35:24","post_content":"","post_title":"CPL","post_excerpt":"","post_status":"publish","comment_status":"closed","ping_status":"closed","post_password":"","post_name":"cpl","to_ping":"","pinged":"","post_modified":"2023-10-06 08:35:24","post_modified_gmt":"2023-10-06 06:35:24","post_content_filtered":"","post_parent":0,"guid":"https:\/\/nuevaweb.cpl.es\/editorial\/cpl\/","menu_order":0,"post_type":"editorial","post_mime_type":"","comment_count":"0","filter":"raw"}],"coleccion_num":"48"},"yoast_head":"<!-- This site is optimized with the Yoast SEO plugin v27.3 - https:\/\/yoast.com\/product\/yoast-seo-wordpress\/ -->\n<title>La sinodalitat de l&#039;Esgl\u00e9sia - CPL<\/title>\n<meta name=\"robots\" content=\"index, follow, max-snippet:-1, max-image-preview:large, max-video-preview:-1\" \/>\n<link rel=\"canonical\" href=\"https:\/\/www.cpl.es\/producto\/la-sinodalitat-de-lesglesia-9788491654957\/\" \/>\n<meta property=\"og:locale\" content=\"ca_ES\" \/>\n<meta property=\"og:type\" content=\"article\" \/>\n<meta property=\"og:title\" content=\"La sinodalitat de l&#039;Esgl\u00e9sia - CPL\" \/>\n<meta property=\"og:description\" content=\"Fontbona Miss\u00e9, Jaume\" \/>\n<meta property=\"og:url\" content=\"https:\/\/www.cpl.es\/producto\/la-sinodalitat-de-lesglesia-9788491654957\/\" \/>\n<meta property=\"og:site_name\" content=\"CPL\" \/>\n<meta property=\"article:modified_time\" content=\"2026-01-07T08:25:35+00:00\" \/>\n<meta property=\"og:image\" content=\"https:\/\/www.cpl.es\/wp-content\/uploads\/217048.jpg\" \/>\n\t<meta property=\"og:image:width\" content=\"280\" \/>\n\t<meta property=\"og:image:height\" content=\"443\" \/>\n\t<meta property=\"og:image:type\" content=\"image\/jpeg\" \/>\n<meta name=\"twitter:card\" content=\"summary_large_image\" \/>\n<meta name=\"twitter:label1\" content=\"Temps estimat de lectura\" \/>\n\t<meta name=\"twitter:data1\" content=\"1 minut\" \/>\n<script type=\"application\/ld+json\" class=\"yoast-schema-graph\">{\"@context\":\"https:\\\/\\\/schema.org\",\"@graph\":[{\"@type\":\"WebPage\",\"@id\":\"https:\\\/\\\/www.cpl.es\\\/producto\\\/la-sinodalitat-de-lesglesia-9788491654957\\\/\",\"url\":\"https:\\\/\\\/www.cpl.es\\\/producto\\\/la-sinodalitat-de-lesglesia-9788491654957\\\/\",\"name\":\"La sinodalitat de l'Esgl\u00e9sia - CPL\",\"isPartOf\":{\"@id\":\"https:\\\/\\\/www.cpl.es\\\/#website\"},\"primaryImageOfPage\":{\"@id\":\"https:\\\/\\\/www.cpl.es\\\/producto\\\/la-sinodalitat-de-lesglesia-9788491654957\\\/#primaryimage\"},\"image\":{\"@id\":\"https:\\\/\\\/www.cpl.es\\\/producto\\\/la-sinodalitat-de-lesglesia-9788491654957\\\/#primaryimage\"},\"thumbnailUrl\":\"https:\\\/\\\/www.cpl.es\\\/wp-content\\\/uploads\\\/217048.jpg\",\"datePublished\":\"2023-10-03T22:51:59+00:00\",\"dateModified\":\"2026-01-07T08:25:35+00:00\",\"breadcrumb\":{\"@id\":\"https:\\\/\\\/www.cpl.es\\\/producto\\\/la-sinodalitat-de-lesglesia-9788491654957\\\/#breadcrumb\"},\"inLanguage\":\"ca\",\"potentialAction\":[{\"@type\":\"ReadAction\",\"target\":[\"https:\\\/\\\/www.cpl.es\\\/producto\\\/la-sinodalitat-de-lesglesia-9788491654957\\\/\"]}]},{\"@type\":\"ImageObject\",\"inLanguage\":\"ca\",\"@id\":\"https:\\\/\\\/www.cpl.es\\\/producto\\\/la-sinodalitat-de-lesglesia-9788491654957\\\/#primaryimage\",\"url\":\"https:\\\/\\\/www.cpl.es\\\/wp-content\\\/uploads\\\/217048.jpg\",\"contentUrl\":\"https:\\\/\\\/www.cpl.es\\\/wp-content\\\/uploads\\\/217048.jpg\",\"width\":280,\"height\":443,\"caption\":\"217048.jpg\"},{\"@type\":\"BreadcrumbList\",\"@id\":\"https:\\\/\\\/www.cpl.es\\\/producto\\\/la-sinodalitat-de-lesglesia-9788491654957\\\/#breadcrumb\",\"itemListElement\":[{\"@type\":\"ListItem\",\"position\":1,\"name\":\"Portada\",\"item\":\"https:\\\/\\\/www.cpl.es\\\/ca\\\/\"},{\"@type\":\"ListItem\",\"position\":2,\"name\":\"Cat\u00e0leg\",\"item\":\"https:\\\/\\\/www.cpl.es\\\/ca\\\/cataleg\\\/\"},{\"@type\":\"ListItem\",\"position\":3,\"name\":\"La sinodalitat de l&#8217;Esgl\u00e9sia\"}]},{\"@type\":\"WebSite\",\"@id\":\"https:\\\/\\\/www.cpl.es\\\/#website\",\"url\":\"https:\\\/\\\/www.cpl.es\\\/\",\"name\":\"CPL\",\"description\":\"Centre de Pastoral Lit\u00fargica de Barcelona\",\"publisher\":{\"@id\":\"https:\\\/\\\/www.cpl.es\\\/#organization\"},\"alternateName\":\"Centre de Pastoral Lit\u00fargica\",\"potentialAction\":[{\"@type\":\"SearchAction\",\"target\":{\"@type\":\"EntryPoint\",\"urlTemplate\":\"https:\\\/\\\/www.cpl.es\\\/?s={search_term_string}\"},\"query-input\":{\"@type\":\"PropertyValueSpecification\",\"valueRequired\":true,\"valueName\":\"search_term_string\"}}],\"inLanguage\":\"ca\"},{\"@type\":\"Organization\",\"@id\":\"https:\\\/\\\/www.cpl.es\\\/#organization\",\"name\":\"Centre de Pastoral Lit\u00fargica\",\"alternateName\":\"Centre de Pastoral Lit\u00fargica de Barcelona\",\"url\":\"https:\\\/\\\/www.cpl.es\\\/\",\"logo\":{\"@type\":\"ImageObject\",\"inLanguage\":\"ca\",\"@id\":\"https:\\\/\\\/www.cpl.es\\\/#\\\/schema\\\/logo\\\/image\\\/\",\"url\":\"https:\\\/\\\/www.cpl.es\\\/wp-content\\\/uploads\\\/logo-cpl.svg\",\"contentUrl\":\"https:\\\/\\\/www.cpl.es\\\/wp-content\\\/uploads\\\/logo-cpl.svg\",\"caption\":\"Centre de Pastoral Lit\u00fargica\"},\"image\":{\"@id\":\"https:\\\/\\\/www.cpl.es\\\/#\\\/schema\\\/logo\\\/image\\\/\"}}]}<\/script>\n<!-- \/ Yoast SEO plugin. -->","yoast_head_json":{"title":"La sinodalitat de l'Esgl\u00e9sia - CPL","robots":{"index":"index","follow":"follow","max-snippet":"max-snippet:-1","max-image-preview":"max-image-preview:large","max-video-preview":"max-video-preview:-1"},"canonical":"https:\/\/www.cpl.es\/producto\/la-sinodalitat-de-lesglesia-9788491654957\/","og_locale":"ca_ES","og_type":"article","og_title":"La sinodalitat de l'Esgl\u00e9sia - CPL","og_description":"Fontbona Miss\u00e9, Jaume","og_url":"https:\/\/www.cpl.es\/producto\/la-sinodalitat-de-lesglesia-9788491654957\/","og_site_name":"CPL","article_modified_time":"2026-01-07T08:25:35+00:00","og_image":[{"width":280,"height":443,"url":"https:\/\/www.cpl.es\/wp-content\/uploads\/217048.jpg","type":"image\/jpeg"}],"twitter_card":"summary_large_image","twitter_misc":{"Temps estimat de lectura":"1 minut"},"schema":{"@context":"https:\/\/schema.org","@graph":[{"@type":"WebPage","@id":"https:\/\/www.cpl.es\/producto\/la-sinodalitat-de-lesglesia-9788491654957\/","url":"https:\/\/www.cpl.es\/producto\/la-sinodalitat-de-lesglesia-9788491654957\/","name":"La sinodalitat de l'Esgl\u00e9sia - CPL","isPartOf":{"@id":"https:\/\/www.cpl.es\/#website"},"primaryImageOfPage":{"@id":"https:\/\/www.cpl.es\/producto\/la-sinodalitat-de-lesglesia-9788491654957\/#primaryimage"},"image":{"@id":"https:\/\/www.cpl.es\/producto\/la-sinodalitat-de-lesglesia-9788491654957\/#primaryimage"},"thumbnailUrl":"https:\/\/www.cpl.es\/wp-content\/uploads\/217048.jpg","datePublished":"2023-10-03T22:51:59+00:00","dateModified":"2026-01-07T08:25:35+00:00","breadcrumb":{"@id":"https:\/\/www.cpl.es\/producto\/la-sinodalitat-de-lesglesia-9788491654957\/#breadcrumb"},"inLanguage":"ca","potentialAction":[{"@type":"ReadAction","target":["https:\/\/www.cpl.es\/producto\/la-sinodalitat-de-lesglesia-9788491654957\/"]}]},{"@type":"ImageObject","inLanguage":"ca","@id":"https:\/\/www.cpl.es\/producto\/la-sinodalitat-de-lesglesia-9788491654957\/#primaryimage","url":"https:\/\/www.cpl.es\/wp-content\/uploads\/217048.jpg","contentUrl":"https:\/\/www.cpl.es\/wp-content\/uploads\/217048.jpg","width":280,"height":443,"caption":"217048.jpg"},{"@type":"BreadcrumbList","@id":"https:\/\/www.cpl.es\/producto\/la-sinodalitat-de-lesglesia-9788491654957\/#breadcrumb","itemListElement":[{"@type":"ListItem","position":1,"name":"Portada","item":"https:\/\/www.cpl.es\/ca\/"},{"@type":"ListItem","position":2,"name":"Cat\u00e0leg","item":"https:\/\/www.cpl.es\/ca\/cataleg\/"},{"@type":"ListItem","position":3,"name":"La sinodalitat de l&#8217;Esgl\u00e9sia"}]},{"@type":"WebSite","@id":"https:\/\/www.cpl.es\/#website","url":"https:\/\/www.cpl.es\/","name":"CPL","description":"Centre de Pastoral Lit\u00fargica de Barcelona","publisher":{"@id":"https:\/\/www.cpl.es\/#organization"},"alternateName":"Centre de Pastoral Lit\u00fargica","potentialAction":[{"@type":"SearchAction","target":{"@type":"EntryPoint","urlTemplate":"https:\/\/www.cpl.es\/?s={search_term_string}"},"query-input":{"@type":"PropertyValueSpecification","valueRequired":true,"valueName":"search_term_string"}}],"inLanguage":"ca"},{"@type":"Organization","@id":"https:\/\/www.cpl.es\/#organization","name":"Centre de Pastoral Lit\u00fargica","alternateName":"Centre de Pastoral Lit\u00fargica de Barcelona","url":"https:\/\/www.cpl.es\/","logo":{"@type":"ImageObject","inLanguage":"ca","@id":"https:\/\/www.cpl.es\/#\/schema\/logo\/image\/","url":"https:\/\/www.cpl.es\/wp-content\/uploads\/logo-cpl.svg","contentUrl":"https:\/\/www.cpl.es\/wp-content\/uploads\/logo-cpl.svg","caption":"Centre de Pastoral Lit\u00fargica"},"image":{"@id":"https:\/\/www.cpl.es\/#\/schema\/logo\/image\/"}}]}},"_links":{"self":[{"href":"https:\/\/www.cpl.es\/ca\/wp-json\/wp\/v2\/product\/834","targetHints":{"allow":["GET"]}}],"collection":[{"href":"https:\/\/www.cpl.es\/ca\/wp-json\/wp\/v2\/product"}],"about":[{"href":"https:\/\/www.cpl.es\/ca\/wp-json\/wp\/v2\/types\/product"}],"wp:featuredmedia":[{"embeddable":true,"href":"https:\/\/www.cpl.es\/ca\/wp-json\/wp\/v2\/media\/835"}],"wp:attachment":[{"href":"https:\/\/www.cpl.es\/ca\/wp-json\/wp\/v2\/media?parent=834"}],"wp:term":[{"taxonomy":"product_brand","embeddable":true,"href":"https:\/\/www.cpl.es\/ca\/wp-json\/wp\/v2\/product_brand?post=834"},{"taxonomy":"product_cat","embeddable":true,"href":"https:\/\/www.cpl.es\/ca\/wp-json\/wp\/v2\/product_cat?post=834"},{"taxonomy":"product_tag","embeddable":true,"href":"https:\/\/www.cpl.es\/ca\/wp-json\/wp\/v2\/product_tag?post=834"}],"curies":[{"name":"wp","href":"https:\/\/api.w.org\/{rel}","templated":true}]}}