{"id":825,"date":"2023-10-04T00:51:43","date_gmt":"2023-10-03T22:51:43","guid":{"rendered":"https:\/\/nuevaweb.cpl.es\/producto\/la-bona-noticia-de-jesus-levangeli-segons-marc-9788491654902\/"},"modified":"2023-10-04T00:51:46","modified_gmt":"2023-10-03T22:51:46","slug":"la-bona-noticia-de-jesus-levangeli-segons-marc-9788491654902","status":"publish","type":"product","link":"https:\/\/www.cpl.es\/ca\/producto\/la-bona-noticia-de-jesus-levangeli-segons-marc-9788491654902\/","title":{"rendered":"La Bona Not\u00edcia de Jes\u00fas. L\u2019Evangeli segons Marc"},"content":{"rendered":"<p>La Bona Not\u00edcia de Jes\u00fas \u00e9s una edici\u00f3 de l\u2019Evangeli segons Marc, que fa resplendir un text venerable apropant-lo a la llum original. La import\u00e0ncia donada a la seva estructura i a les seves caracter\u00edstiques liter\u00e0ries fa que la veu de l\u2019evangeli ressoni amb una transpar\u00e8ncia m\u00e9s gran.<br \/>La distinci\u00f3 de les diverses redaccions del text evang\u00e8lic ve subratllada per la distinci\u00f3 de colors; la repetici\u00f3 de termes, amb l\u2019\u00fas de la cursiva; les paraules que formen inclusi\u00f3 o expressen la fe de la comunitat, amb lletres versaletes; la caracter\u00edstica especial de certs relats de llum, amb la reproducci\u00f3 d\u2019icones bizantines. La introducci\u00f3 clara i concisa situa el lector en l\u2019aventura de la lectura. Un extens vocabulari permet entendre les diverses expressions des de l\u2019\u00f2ptica pr\u00f2pia de l\u2019evangelista Marc. Un llibre que renova la lectura d\u2019un text bimil\u00b7lenari.<\/p>\n<p>Rodolf Puigdollers i Noblom (Barcelona, 1948) \u00e9s escolapi, doctor en teologia i rector de les parr\u00f2quies de Sant<br \/>Sadurn\u00ed de la Roca del Vall\u00e8s i de Santa Maria del Jaire de la Torreta, a la di\u00f2cesi de Terrassa. Professor de Nou<br \/>Testament a la Facultat de Teologia de Catalunya i a l\u2019Institut Superior de Ci\u00e8ncies Religioses de Vic.<br \/>\u00c9s autor d\u2019una \u00e0mplia s\u00e8rie de publicacions b\u00edbliques, catequ\u00e8tiques i pastorals, un bon nombre de les quals han<br \/>estat editades pel Centre de Pastoral Lit\u00fargica.<\/p>\n","protected":false},"excerpt":{"rendered":"<p>Puigdollers i Noblom, Rodolf<\/p>\n","protected":false},"featured_media":826,"template":"","meta":{"_acf_changed":false,"inline_featured_image":false},"product_brand":[],"product_cat":[100],"product_tag":[],"class_list":{"0":"post-825","1":"product","2":"type-product","3":"status-publish","4":"has-post-thumbnail","6":"product_cat-cpl-libri-colleccions-catala","8":"first","9":"instock","10":"taxable","11":"shipping-taxable","12":"purchasable","13":"product-type-simple"},"acf":{"autor":"Puigdollers i Noblom, Rodolf","codart":"217049","ediciones":"1","encuadernacion":"R\u00fastica","fecha_de_publicacion":"16\/02\/2022","novedad":false,"paginas":"292","subtitulo":"Amb vocabulari b\u00edblic","orden":"999","portada":false,"idioma":"cat","editorial":[{"ID":6736,"post_author":"2","post_date":"2023-10-06 08:35:24","post_date_gmt":"2023-10-06 06:35:24","post_content":"","post_title":"CPL","post_excerpt":"","post_status":"publish","comment_status":"closed","ping_status":"closed","post_password":"","post_name":"cpl","to_ping":"","pinged":"","post_modified":"2023-10-06 08:35:24","post_modified_gmt":"2023-10-06 06:35:24","post_content_filtered":"","post_parent":0,"guid":"https:\/\/nuevaweb.cpl.es\/editorial\/cpl\/","menu_order":0,"post_type":"editorial","post_mime_type":"","comment_count":"0","filter":"raw"}]},"yoast_head":"<!-- This site is optimized with the Yoast SEO plugin v27.3 - https:\/\/yoast.com\/product\/yoast-seo-wordpress\/ -->\n<title>La Bona Not\u00edcia de Jes\u00fas. L\u2019Evangeli segons Marc - CPL<\/title>\n<meta name=\"robots\" content=\"index, follow, max-snippet:-1, max-image-preview:large, max-video-preview:-1\" \/>\n<link rel=\"canonical\" href=\"https:\/\/www.cpl.es\/ca\/producto\/la-bona-noticia-de-jesus-levangeli-segons-marc-9788491654902\/\" \/>\n<meta property=\"og:locale\" content=\"ca_ES\" \/>\n<meta property=\"og:type\" content=\"article\" \/>\n<meta property=\"og:title\" content=\"La Bona Not\u00edcia de Jes\u00fas. L\u2019Evangeli segons Marc - CPL\" \/>\n<meta property=\"og:description\" content=\"Puigdollers i Noblom, Rodolf\" \/>\n<meta property=\"og:url\" content=\"https:\/\/www.cpl.es\/ca\/producto\/la-bona-noticia-de-jesus-levangeli-segons-marc-9788491654902\/\" \/>\n<meta property=\"og:site_name\" content=\"CPL\" \/>\n<meta property=\"article:modified_time\" content=\"2023-10-03T22:51:46+00:00\" \/>\n<meta property=\"og:image\" content=\"https:\/\/www.cpl.es\/wp-content\/uploads\/217049.jpg\" \/>\n\t<meta property=\"og:image:width\" content=\"294\" \/>\n\t<meta property=\"og:image:height\" content=\"425\" \/>\n\t<meta property=\"og:image:type\" content=\"image\/jpeg\" \/>\n<meta name=\"twitter:card\" content=\"summary_large_image\" \/>\n<meta name=\"twitter:label1\" content=\"Temps estimat de lectura\" \/>\n\t<meta name=\"twitter:data1\" content=\"1 minut\" \/>\n<script type=\"application\/ld+json\" class=\"yoast-schema-graph\">{\"@context\":\"https:\\\/\\\/schema.org\",\"@graph\":[{\"@type\":\"WebPage\",\"@id\":\"https:\\\/\\\/www.cpl.es\\\/ca\\\/producto\\\/la-bona-noticia-de-jesus-levangeli-segons-marc-9788491654902\\\/\",\"url\":\"https:\\\/\\\/www.cpl.es\\\/ca\\\/producto\\\/la-bona-noticia-de-jesus-levangeli-segons-marc-9788491654902\\\/\",\"name\":\"La Bona Not\u00edcia de Jes\u00fas. L\u2019Evangeli segons Marc - CPL\",\"isPartOf\":{\"@id\":\"https:\\\/\\\/www.cpl.es\\\/#website\"},\"primaryImageOfPage\":{\"@id\":\"https:\\\/\\\/www.cpl.es\\\/ca\\\/producto\\\/la-bona-noticia-de-jesus-levangeli-segons-marc-9788491654902\\\/#primaryimage\"},\"image\":{\"@id\":\"https:\\\/\\\/www.cpl.es\\\/ca\\\/producto\\\/la-bona-noticia-de-jesus-levangeli-segons-marc-9788491654902\\\/#primaryimage\"},\"thumbnailUrl\":\"https:\\\/\\\/www.cpl.es\\\/wp-content\\\/uploads\\\/217049.jpg\",\"datePublished\":\"2023-10-03T22:51:43+00:00\",\"dateModified\":\"2023-10-03T22:51:46+00:00\",\"breadcrumb\":{\"@id\":\"https:\\\/\\\/www.cpl.es\\\/ca\\\/producto\\\/la-bona-noticia-de-jesus-levangeli-segons-marc-9788491654902\\\/#breadcrumb\"},\"inLanguage\":\"ca\",\"potentialAction\":[{\"@type\":\"ReadAction\",\"target\":[\"https:\\\/\\\/www.cpl.es\\\/ca\\\/producto\\\/la-bona-noticia-de-jesus-levangeli-segons-marc-9788491654902\\\/\"]}]},{\"@type\":\"ImageObject\",\"inLanguage\":\"ca\",\"@id\":\"https:\\\/\\\/www.cpl.es\\\/ca\\\/producto\\\/la-bona-noticia-de-jesus-levangeli-segons-marc-9788491654902\\\/#primaryimage\",\"url\":\"https:\\\/\\\/www.cpl.es\\\/wp-content\\\/uploads\\\/217049.jpg\",\"contentUrl\":\"https:\\\/\\\/www.cpl.es\\\/wp-content\\\/uploads\\\/217049.jpg\",\"width\":294,\"height\":425,\"caption\":\"217049.jpg\"},{\"@type\":\"BreadcrumbList\",\"@id\":\"https:\\\/\\\/www.cpl.es\\\/ca\\\/producto\\\/la-bona-noticia-de-jesus-levangeli-segons-marc-9788491654902\\\/#breadcrumb\",\"itemListElement\":[{\"@type\":\"ListItem\",\"position\":1,\"name\":\"Portada\",\"item\":\"https:\\\/\\\/www.cpl.es\\\/ca\\\/\"},{\"@type\":\"ListItem\",\"position\":2,\"name\":\"Cat\u00e0leg\",\"item\":\"https:\\\/\\\/www.cpl.es\\\/ca\\\/cataleg\\\/\"},{\"@type\":\"ListItem\",\"position\":3,\"name\":\"La Bona Not\u00edcia de Jes\u00fas. L\u2019Evangeli segons Marc\"}]},{\"@type\":\"WebSite\",\"@id\":\"https:\\\/\\\/www.cpl.es\\\/#website\",\"url\":\"https:\\\/\\\/www.cpl.es\\\/\",\"name\":\"CPL\",\"description\":\"Centre de Pastoral Lit\u00fargica de Barcelona\",\"publisher\":{\"@id\":\"https:\\\/\\\/www.cpl.es\\\/#organization\"},\"alternateName\":\"Centre de Pastoral Lit\u00fargica\",\"potentialAction\":[{\"@type\":\"SearchAction\",\"target\":{\"@type\":\"EntryPoint\",\"urlTemplate\":\"https:\\\/\\\/www.cpl.es\\\/?s={search_term_string}\"},\"query-input\":{\"@type\":\"PropertyValueSpecification\",\"valueRequired\":true,\"valueName\":\"search_term_string\"}}],\"inLanguage\":\"ca\"},{\"@type\":\"Organization\",\"@id\":\"https:\\\/\\\/www.cpl.es\\\/#organization\",\"name\":\"Centre de Pastoral Lit\u00fargica\",\"alternateName\":\"Centre de Pastoral Lit\u00fargica de Barcelona\",\"url\":\"https:\\\/\\\/www.cpl.es\\\/\",\"logo\":{\"@type\":\"ImageObject\",\"inLanguage\":\"ca\",\"@id\":\"https:\\\/\\\/www.cpl.es\\\/#\\\/schema\\\/logo\\\/image\\\/\",\"url\":\"https:\\\/\\\/www.cpl.es\\\/wp-content\\\/uploads\\\/logo-cpl.svg\",\"contentUrl\":\"https:\\\/\\\/www.cpl.es\\\/wp-content\\\/uploads\\\/logo-cpl.svg\",\"caption\":\"Centre de Pastoral Lit\u00fargica\"},\"image\":{\"@id\":\"https:\\\/\\\/www.cpl.es\\\/#\\\/schema\\\/logo\\\/image\\\/\"}}]}<\/script>\n<!-- \/ Yoast SEO plugin. -->","yoast_head_json":{"title":"La Bona Not\u00edcia de Jes\u00fas. L\u2019Evangeli segons Marc - CPL","robots":{"index":"index","follow":"follow","max-snippet":"max-snippet:-1","max-image-preview":"max-image-preview:large","max-video-preview":"max-video-preview:-1"},"canonical":"https:\/\/www.cpl.es\/ca\/producto\/la-bona-noticia-de-jesus-levangeli-segons-marc-9788491654902\/","og_locale":"ca_ES","og_type":"article","og_title":"La Bona Not\u00edcia de Jes\u00fas. L\u2019Evangeli segons Marc - CPL","og_description":"Puigdollers i Noblom, Rodolf","og_url":"https:\/\/www.cpl.es\/ca\/producto\/la-bona-noticia-de-jesus-levangeli-segons-marc-9788491654902\/","og_site_name":"CPL","article_modified_time":"2023-10-03T22:51:46+00:00","og_image":[{"width":294,"height":425,"url":"https:\/\/www.cpl.es\/wp-content\/uploads\/217049.jpg","type":"image\/jpeg"}],"twitter_card":"summary_large_image","twitter_misc":{"Temps estimat de lectura":"1 minut"},"schema":{"@context":"https:\/\/schema.org","@graph":[{"@type":"WebPage","@id":"https:\/\/www.cpl.es\/ca\/producto\/la-bona-noticia-de-jesus-levangeli-segons-marc-9788491654902\/","url":"https:\/\/www.cpl.es\/ca\/producto\/la-bona-noticia-de-jesus-levangeli-segons-marc-9788491654902\/","name":"La Bona Not\u00edcia de Jes\u00fas. L\u2019Evangeli segons Marc - CPL","isPartOf":{"@id":"https:\/\/www.cpl.es\/#website"},"primaryImageOfPage":{"@id":"https:\/\/www.cpl.es\/ca\/producto\/la-bona-noticia-de-jesus-levangeli-segons-marc-9788491654902\/#primaryimage"},"image":{"@id":"https:\/\/www.cpl.es\/ca\/producto\/la-bona-noticia-de-jesus-levangeli-segons-marc-9788491654902\/#primaryimage"},"thumbnailUrl":"https:\/\/www.cpl.es\/wp-content\/uploads\/217049.jpg","datePublished":"2023-10-03T22:51:43+00:00","dateModified":"2023-10-03T22:51:46+00:00","breadcrumb":{"@id":"https:\/\/www.cpl.es\/ca\/producto\/la-bona-noticia-de-jesus-levangeli-segons-marc-9788491654902\/#breadcrumb"},"inLanguage":"ca","potentialAction":[{"@type":"ReadAction","target":["https:\/\/www.cpl.es\/ca\/producto\/la-bona-noticia-de-jesus-levangeli-segons-marc-9788491654902\/"]}]},{"@type":"ImageObject","inLanguage":"ca","@id":"https:\/\/www.cpl.es\/ca\/producto\/la-bona-noticia-de-jesus-levangeli-segons-marc-9788491654902\/#primaryimage","url":"https:\/\/www.cpl.es\/wp-content\/uploads\/217049.jpg","contentUrl":"https:\/\/www.cpl.es\/wp-content\/uploads\/217049.jpg","width":294,"height":425,"caption":"217049.jpg"},{"@type":"BreadcrumbList","@id":"https:\/\/www.cpl.es\/ca\/producto\/la-bona-noticia-de-jesus-levangeli-segons-marc-9788491654902\/#breadcrumb","itemListElement":[{"@type":"ListItem","position":1,"name":"Portada","item":"https:\/\/www.cpl.es\/ca\/"},{"@type":"ListItem","position":2,"name":"Cat\u00e0leg","item":"https:\/\/www.cpl.es\/ca\/cataleg\/"},{"@type":"ListItem","position":3,"name":"La Bona Not\u00edcia de Jes\u00fas. L\u2019Evangeli segons Marc"}]},{"@type":"WebSite","@id":"https:\/\/www.cpl.es\/#website","url":"https:\/\/www.cpl.es\/","name":"CPL","description":"Centre de Pastoral Lit\u00fargica de Barcelona","publisher":{"@id":"https:\/\/www.cpl.es\/#organization"},"alternateName":"Centre de Pastoral Lit\u00fargica","potentialAction":[{"@type":"SearchAction","target":{"@type":"EntryPoint","urlTemplate":"https:\/\/www.cpl.es\/?s={search_term_string}"},"query-input":{"@type":"PropertyValueSpecification","valueRequired":true,"valueName":"search_term_string"}}],"inLanguage":"ca"},{"@type":"Organization","@id":"https:\/\/www.cpl.es\/#organization","name":"Centre de Pastoral Lit\u00fargica","alternateName":"Centre de Pastoral Lit\u00fargica de Barcelona","url":"https:\/\/www.cpl.es\/","logo":{"@type":"ImageObject","inLanguage":"ca","@id":"https:\/\/www.cpl.es\/#\/schema\/logo\/image\/","url":"https:\/\/www.cpl.es\/wp-content\/uploads\/logo-cpl.svg","contentUrl":"https:\/\/www.cpl.es\/wp-content\/uploads\/logo-cpl.svg","caption":"Centre de Pastoral Lit\u00fargica"},"image":{"@id":"https:\/\/www.cpl.es\/#\/schema\/logo\/image\/"}}]}},"_links":{"self":[{"href":"https:\/\/www.cpl.es\/ca\/wp-json\/wp\/v2\/product\/825","targetHints":{"allow":["GET"]}}],"collection":[{"href":"https:\/\/www.cpl.es\/ca\/wp-json\/wp\/v2\/product"}],"about":[{"href":"https:\/\/www.cpl.es\/ca\/wp-json\/wp\/v2\/types\/product"}],"wp:featuredmedia":[{"embeddable":true,"href":"https:\/\/www.cpl.es\/ca\/wp-json\/wp\/v2\/media\/826"}],"wp:attachment":[{"href":"https:\/\/www.cpl.es\/ca\/wp-json\/wp\/v2\/media?parent=825"}],"wp:term":[{"taxonomy":"product_brand","embeddable":true,"href":"https:\/\/www.cpl.es\/ca\/wp-json\/wp\/v2\/product_brand?post=825"},{"taxonomy":"product_cat","embeddable":true,"href":"https:\/\/www.cpl.es\/ca\/wp-json\/wp\/v2\/product_cat?post=825"},{"taxonomy":"product_tag","embeddable":true,"href":"https:\/\/www.cpl.es\/ca\/wp-json\/wp\/v2\/product_tag?post=825"}],"curies":[{"name":"wp","href":"https:\/\/api.w.org\/{rel}","templated":true}]}}