{"id":749,"date":"2023-10-04T00:49:14","date_gmt":"2023-10-03T22:49:14","guid":{"rendered":"https:\/\/nuevaweb.cpl.es\/producto\/san-agustin-respuesta-a-las-cuestiones-presentadas-por-jenaro-9788491653080\/"},"modified":"2026-02-12T17:40:42","modified_gmt":"2026-02-12T16:40:42","slug":"san-agustin-respuesta-a-las-cuestiones-presentadas-por-jenaro-9788491653080","status":"publish","type":"product","link":"https:\/\/www.cpl.es\/ca\/producto\/san-agustin-respuesta-a-las-cuestiones-presentadas-por-jenaro-9788491653080\/","title":{"rendered":"San Agust\u00edn. Respuesta a las cuestiones presentadas por Jenaro"},"content":{"rendered":"<p>Las cartas 54 y 55 que se analizan en este Cuadernos Phase son unos textos importantes de san Agust\u00edn, conocidos tambi\u00e9n como los dos libros Ad inquisitiones Ianuarii. Jenaro est\u00e1 preocupado por la liturgia celebrada en distintas partes del mundo. San Agust\u00edn explica c\u00f3mo las Escrituras, la pr\u00e1ctica universal de la Iglesia y el no perturbar la paz son los criterios para la pr\u00e1ctica lit\u00fargica. Y analiza a fondo la celebraci\u00f3n de la Pascua y la de la Navidad, explicando que solo la Pascua se celebra como sacramento porque se hace conmemoraci\u00f3n de lo acaecido, de modo que se sobrentienda, al mismo tiempo, que hay un oculto significado que debe recibirse santamente. Por esto, la Pascua goza de sacramentalidad y de ah\u00ed la importancia de las semejanzas que explica.<\/p>\n","protected":false},"excerpt":{"rendered":"<p>Torra Bitlloch, Joan<\/p>\n","protected":false},"featured_media":750,"template":"","meta":{"_acf_changed":false,"inline_featured_image":false},"product_brand":[],"product_cat":[54,69],"product_tag":[],"class_list":{"0":"post-749","1":"product","2":"type-product","3":"status-publish","4":"has-post-thumbnail","6":"product_cat-cuadernos-phase","7":"product_cat-cuadernos-phase-colleccions-catala","9":"first","10":"instock","11":"taxable","12":"shipping-taxable","13":"purchasable","14":"product-type-simple"},"acf":{"autor":"Torra Bitlloch, Joan","codart":"110267","ediciones":"1","encuadernacion":"R\u00fastica","fecha_de_publicacion":"27\/06\/2022","novedad":false,"paginas":"112","subtitulo":"Estudio de las cartas 54 y 55. La Pascua como sacramento","orden":"999","portada":false,"idioma":"spa","editorial":[{"ID":6736,"post_author":"2","post_date":"2023-10-06 08:35:24","post_date_gmt":"2023-10-06 06:35:24","post_content":"","post_title":"CPL","post_excerpt":"","post_status":"publish","comment_status":"closed","ping_status":"closed","post_password":"","post_name":"cpl","to_ping":"","pinged":"","post_modified":"2023-10-06 08:35:24","post_modified_gmt":"2023-10-06 06:35:24","post_content_filtered":"","post_parent":0,"guid":"https:\/\/nuevaweb.cpl.es\/editorial\/cpl\/","menu_order":0,"post_type":"editorial","post_mime_type":"","comment_count":"0","filter":"raw"}],"coleccion_num":"267"},"yoast_head":"<!-- This site is optimized with the Yoast SEO plugin v27.3 - https:\/\/yoast.com\/product\/yoast-seo-wordpress\/ -->\n<title>San Agust\u00edn. Respuesta a las cuestiones presentadas por Jenaro - CPL<\/title>\n<meta name=\"robots\" content=\"index, follow, max-snippet:-1, max-image-preview:large, max-video-preview:-1\" \/>\n<link rel=\"canonical\" href=\"https:\/\/www.cpl.es\/producto\/san-agustin-respuesta-a-las-cuestiones-presentadas-por-jenaro-9788491653080\/\" \/>\n<meta property=\"og:locale\" content=\"ca_ES\" \/>\n<meta property=\"og:type\" content=\"article\" \/>\n<meta property=\"og:title\" content=\"San Agust\u00edn. Respuesta a las cuestiones presentadas por Jenaro - CPL\" \/>\n<meta property=\"og:description\" content=\"Torra Bitlloch, Joan\" \/>\n<meta property=\"og:url\" content=\"https:\/\/www.cpl.es\/producto\/san-agustin-respuesta-a-las-cuestiones-presentadas-por-jenaro-9788491653080\/\" \/>\n<meta property=\"og:site_name\" content=\"CPL\" \/>\n<meta property=\"article:modified_time\" content=\"2026-02-12T16:40:42+00:00\" \/>\n<meta property=\"og:image\" content=\"https:\/\/www.cpl.es\/wp-content\/uploads\/110267.jpg\" \/>\n\t<meta property=\"og:image:width\" content=\"294\" \/>\n\t<meta property=\"og:image:height\" content=\"443\" \/>\n\t<meta property=\"og:image:type\" content=\"image\/jpeg\" \/>\n<meta name=\"twitter:card\" content=\"summary_large_image\" \/>\n<meta name=\"twitter:label1\" content=\"Temps estimat de lectura\" \/>\n\t<meta name=\"twitter:data1\" content=\"1 minut\" \/>\n<script type=\"application\/ld+json\" class=\"yoast-schema-graph\">{\"@context\":\"https:\\\/\\\/schema.org\",\"@graph\":[{\"@type\":\"WebPage\",\"@id\":\"https:\\\/\\\/www.cpl.es\\\/producto\\\/san-agustin-respuesta-a-las-cuestiones-presentadas-por-jenaro-9788491653080\\\/\",\"url\":\"https:\\\/\\\/www.cpl.es\\\/producto\\\/san-agustin-respuesta-a-las-cuestiones-presentadas-por-jenaro-9788491653080\\\/\",\"name\":\"San Agust\u00edn. Respuesta a las cuestiones presentadas por Jenaro - CPL\",\"isPartOf\":{\"@id\":\"https:\\\/\\\/www.cpl.es\\\/#website\"},\"primaryImageOfPage\":{\"@id\":\"https:\\\/\\\/www.cpl.es\\\/producto\\\/san-agustin-respuesta-a-las-cuestiones-presentadas-por-jenaro-9788491653080\\\/#primaryimage\"},\"image\":{\"@id\":\"https:\\\/\\\/www.cpl.es\\\/producto\\\/san-agustin-respuesta-a-las-cuestiones-presentadas-por-jenaro-9788491653080\\\/#primaryimage\"},\"thumbnailUrl\":\"https:\\\/\\\/www.cpl.es\\\/wp-content\\\/uploads\\\/110267.jpg\",\"datePublished\":\"2023-10-03T22:49:14+00:00\",\"dateModified\":\"2026-02-12T16:40:42+00:00\",\"breadcrumb\":{\"@id\":\"https:\\\/\\\/www.cpl.es\\\/producto\\\/san-agustin-respuesta-a-las-cuestiones-presentadas-por-jenaro-9788491653080\\\/#breadcrumb\"},\"inLanguage\":\"ca\",\"potentialAction\":[{\"@type\":\"ReadAction\",\"target\":[\"https:\\\/\\\/www.cpl.es\\\/producto\\\/san-agustin-respuesta-a-las-cuestiones-presentadas-por-jenaro-9788491653080\\\/\"]}]},{\"@type\":\"ImageObject\",\"inLanguage\":\"ca\",\"@id\":\"https:\\\/\\\/www.cpl.es\\\/producto\\\/san-agustin-respuesta-a-las-cuestiones-presentadas-por-jenaro-9788491653080\\\/#primaryimage\",\"url\":\"https:\\\/\\\/www.cpl.es\\\/wp-content\\\/uploads\\\/110267.jpg\",\"contentUrl\":\"https:\\\/\\\/www.cpl.es\\\/wp-content\\\/uploads\\\/110267.jpg\",\"width\":294,\"height\":443,\"caption\":\"110267.jpg\"},{\"@type\":\"BreadcrumbList\",\"@id\":\"https:\\\/\\\/www.cpl.es\\\/producto\\\/san-agustin-respuesta-a-las-cuestiones-presentadas-por-jenaro-9788491653080\\\/#breadcrumb\",\"itemListElement\":[{\"@type\":\"ListItem\",\"position\":1,\"name\":\"Portada\",\"item\":\"https:\\\/\\\/www.cpl.es\\\/ca\\\/\"},{\"@type\":\"ListItem\",\"position\":2,\"name\":\"Cat\u00e0leg\",\"item\":\"https:\\\/\\\/www.cpl.es\\\/ca\\\/cataleg\\\/\"},{\"@type\":\"ListItem\",\"position\":3,\"name\":\"San Agust\u00edn. Respuesta a las cuestiones presentadas por Jenaro\"}]},{\"@type\":\"WebSite\",\"@id\":\"https:\\\/\\\/www.cpl.es\\\/#website\",\"url\":\"https:\\\/\\\/www.cpl.es\\\/\",\"name\":\"CPL\",\"description\":\"Centre de Pastoral Lit\u00fargica de Barcelona\",\"publisher\":{\"@id\":\"https:\\\/\\\/www.cpl.es\\\/#organization\"},\"alternateName\":\"Centre de Pastoral Lit\u00fargica\",\"potentialAction\":[{\"@type\":\"SearchAction\",\"target\":{\"@type\":\"EntryPoint\",\"urlTemplate\":\"https:\\\/\\\/www.cpl.es\\\/?s={search_term_string}\"},\"query-input\":{\"@type\":\"PropertyValueSpecification\",\"valueRequired\":true,\"valueName\":\"search_term_string\"}}],\"inLanguage\":\"ca\"},{\"@type\":\"Organization\",\"@id\":\"https:\\\/\\\/www.cpl.es\\\/#organization\",\"name\":\"Centre de Pastoral Lit\u00fargica\",\"alternateName\":\"Centre de Pastoral Lit\u00fargica de Barcelona\",\"url\":\"https:\\\/\\\/www.cpl.es\\\/\",\"logo\":{\"@type\":\"ImageObject\",\"inLanguage\":\"ca\",\"@id\":\"https:\\\/\\\/www.cpl.es\\\/#\\\/schema\\\/logo\\\/image\\\/\",\"url\":\"https:\\\/\\\/www.cpl.es\\\/wp-content\\\/uploads\\\/logo-cpl.svg\",\"contentUrl\":\"https:\\\/\\\/www.cpl.es\\\/wp-content\\\/uploads\\\/logo-cpl.svg\",\"caption\":\"Centre de Pastoral Lit\u00fargica\"},\"image\":{\"@id\":\"https:\\\/\\\/www.cpl.es\\\/#\\\/schema\\\/logo\\\/image\\\/\"}}]}<\/script>\n<!-- \/ Yoast SEO plugin. -->","yoast_head_json":{"title":"San Agust\u00edn. Respuesta a las cuestiones presentadas por Jenaro - CPL","robots":{"index":"index","follow":"follow","max-snippet":"max-snippet:-1","max-image-preview":"max-image-preview:large","max-video-preview":"max-video-preview:-1"},"canonical":"https:\/\/www.cpl.es\/producto\/san-agustin-respuesta-a-las-cuestiones-presentadas-por-jenaro-9788491653080\/","og_locale":"ca_ES","og_type":"article","og_title":"San Agust\u00edn. Respuesta a las cuestiones presentadas por Jenaro - CPL","og_description":"Torra Bitlloch, Joan","og_url":"https:\/\/www.cpl.es\/producto\/san-agustin-respuesta-a-las-cuestiones-presentadas-por-jenaro-9788491653080\/","og_site_name":"CPL","article_modified_time":"2026-02-12T16:40:42+00:00","og_image":[{"width":294,"height":443,"url":"https:\/\/www.cpl.es\/wp-content\/uploads\/110267.jpg","type":"image\/jpeg"}],"twitter_card":"summary_large_image","twitter_misc":{"Temps estimat de lectura":"1 minut"},"schema":{"@context":"https:\/\/schema.org","@graph":[{"@type":"WebPage","@id":"https:\/\/www.cpl.es\/producto\/san-agustin-respuesta-a-las-cuestiones-presentadas-por-jenaro-9788491653080\/","url":"https:\/\/www.cpl.es\/producto\/san-agustin-respuesta-a-las-cuestiones-presentadas-por-jenaro-9788491653080\/","name":"San Agust\u00edn. Respuesta a las cuestiones presentadas por Jenaro - CPL","isPartOf":{"@id":"https:\/\/www.cpl.es\/#website"},"primaryImageOfPage":{"@id":"https:\/\/www.cpl.es\/producto\/san-agustin-respuesta-a-las-cuestiones-presentadas-por-jenaro-9788491653080\/#primaryimage"},"image":{"@id":"https:\/\/www.cpl.es\/producto\/san-agustin-respuesta-a-las-cuestiones-presentadas-por-jenaro-9788491653080\/#primaryimage"},"thumbnailUrl":"https:\/\/www.cpl.es\/wp-content\/uploads\/110267.jpg","datePublished":"2023-10-03T22:49:14+00:00","dateModified":"2026-02-12T16:40:42+00:00","breadcrumb":{"@id":"https:\/\/www.cpl.es\/producto\/san-agustin-respuesta-a-las-cuestiones-presentadas-por-jenaro-9788491653080\/#breadcrumb"},"inLanguage":"ca","potentialAction":[{"@type":"ReadAction","target":["https:\/\/www.cpl.es\/producto\/san-agustin-respuesta-a-las-cuestiones-presentadas-por-jenaro-9788491653080\/"]}]},{"@type":"ImageObject","inLanguage":"ca","@id":"https:\/\/www.cpl.es\/producto\/san-agustin-respuesta-a-las-cuestiones-presentadas-por-jenaro-9788491653080\/#primaryimage","url":"https:\/\/www.cpl.es\/wp-content\/uploads\/110267.jpg","contentUrl":"https:\/\/www.cpl.es\/wp-content\/uploads\/110267.jpg","width":294,"height":443,"caption":"110267.jpg"},{"@type":"BreadcrumbList","@id":"https:\/\/www.cpl.es\/producto\/san-agustin-respuesta-a-las-cuestiones-presentadas-por-jenaro-9788491653080\/#breadcrumb","itemListElement":[{"@type":"ListItem","position":1,"name":"Portada","item":"https:\/\/www.cpl.es\/ca\/"},{"@type":"ListItem","position":2,"name":"Cat\u00e0leg","item":"https:\/\/www.cpl.es\/ca\/cataleg\/"},{"@type":"ListItem","position":3,"name":"San Agust\u00edn. Respuesta a las cuestiones presentadas por Jenaro"}]},{"@type":"WebSite","@id":"https:\/\/www.cpl.es\/#website","url":"https:\/\/www.cpl.es\/","name":"CPL","description":"Centre de Pastoral Lit\u00fargica de Barcelona","publisher":{"@id":"https:\/\/www.cpl.es\/#organization"},"alternateName":"Centre de Pastoral Lit\u00fargica","potentialAction":[{"@type":"SearchAction","target":{"@type":"EntryPoint","urlTemplate":"https:\/\/www.cpl.es\/?s={search_term_string}"},"query-input":{"@type":"PropertyValueSpecification","valueRequired":true,"valueName":"search_term_string"}}],"inLanguage":"ca"},{"@type":"Organization","@id":"https:\/\/www.cpl.es\/#organization","name":"Centre de Pastoral Lit\u00fargica","alternateName":"Centre de Pastoral Lit\u00fargica de Barcelona","url":"https:\/\/www.cpl.es\/","logo":{"@type":"ImageObject","inLanguage":"ca","@id":"https:\/\/www.cpl.es\/#\/schema\/logo\/image\/","url":"https:\/\/www.cpl.es\/wp-content\/uploads\/logo-cpl.svg","contentUrl":"https:\/\/www.cpl.es\/wp-content\/uploads\/logo-cpl.svg","caption":"Centre de Pastoral Lit\u00fargica"},"image":{"@id":"https:\/\/www.cpl.es\/#\/schema\/logo\/image\/"}}]}},"_links":{"self":[{"href":"https:\/\/www.cpl.es\/ca\/wp-json\/wp\/v2\/product\/749","targetHints":{"allow":["GET"]}}],"collection":[{"href":"https:\/\/www.cpl.es\/ca\/wp-json\/wp\/v2\/product"}],"about":[{"href":"https:\/\/www.cpl.es\/ca\/wp-json\/wp\/v2\/types\/product"}],"wp:featuredmedia":[{"embeddable":true,"href":"https:\/\/www.cpl.es\/ca\/wp-json\/wp\/v2\/media\/750"}],"wp:attachment":[{"href":"https:\/\/www.cpl.es\/ca\/wp-json\/wp\/v2\/media?parent=749"}],"wp:term":[{"taxonomy":"product_brand","embeddable":true,"href":"https:\/\/www.cpl.es\/ca\/wp-json\/wp\/v2\/product_brand?post=749"},{"taxonomy":"product_cat","embeddable":true,"href":"https:\/\/www.cpl.es\/ca\/wp-json\/wp\/v2\/product_cat?post=749"},{"taxonomy":"product_tag","embeddable":true,"href":"https:\/\/www.cpl.es\/ca\/wp-json\/wp\/v2\/product_tag?post=749"}],"curies":[{"name":"wp","href":"https:\/\/api.w.org\/{rel}","templated":true}]}}