{"id":716,"date":"2023-10-04T00:48:10","date_gmt":"2023-10-03T22:48:10","guid":{"rendered":"https:\/\/nuevaweb.cpl.es\/producto\/devasahayam-pillai-el-primer-laic-indi-canonitzat-9788491655282\/"},"modified":"2023-10-04T00:48:13","modified_gmt":"2023-10-03T22:48:13","slug":"devasahayam-pillai-el-primer-laic-indi-canonitzat-9788491655282","status":"publish","type":"product","link":"https:\/\/www.cpl.es\/ca\/producto\/devasahayam-pillai-el-primer-laic-indi-canonitzat-9788491655282\/","title":{"rendered":"Devasahayam Pillai, el primer laic indi canonitzat"},"content":{"rendered":"<p>San Devasahayam Pillai nasqu\u00e9 el 1712 a Nattalam, al regne de Travancore (\u00cdndia), com hind\u00fa. Es deia Neelam o Neelakandan. El 14 de maig de 1745 fou batejat pel sacerdot jesu\u00efta Giovanni Battista Buttari, a l\u2019esgl\u00e9sia de la Sagrada Fam\u00edlia de Vadakkankulam. El 23 de febrer de 1749 fou detingut i acusat de practicar i predicar el cristianisme.<br \/>Durant tres anys fou torturat. El 14 de gener de 1752 fou afusellat per ordre del rei. Les restes mortals van ser enterrades davant de l\u2019altar major de l\u2019esgl\u00e9sia de Sant Francesc Xavier a Kottar. All\u00e0 fou beatificat el 2 de desembre del 2012 i canonitzat a Roma el 15 de maig del 2022.<\/p>\n","protected":false},"excerpt":{"rendered":"<p>Edwin-Paul Arulanandu<\/p>\n","protected":false},"featured_media":717,"template":"","meta":{"_acf_changed":false,"inline_featured_image":false},"product_brand":[],"product_cat":[87,133,70,155],"product_tag":[],"class_list":{"0":"post-716","1":"product","2":"type-product","3":"status-publish","4":"has-post-thumbnail","6":"product_cat-religiositat-popular","7":"product_cat-santoral-any-liturgic-per-temes","8":"product_cat-sants-i-santes","9":"product_cat-vida-de-sants","11":"first","12":"instock","13":"taxable","14":"shipping-taxable","15":"purchasable","16":"product-type-simple"},"acf":{"autor":"Edwin-Paul Arulanandu","codart":"212290","ediciones":"1","encuadernacion":"Grapado","fecha_de_publicacion":"28\/10\/2022","novedad":true,"paginas":"36","subtitulo":"","orden":"55","portada":false,"idioma":"cat","editorial":[{"ID":6736,"post_author":"2","post_date":"2023-10-06 08:35:24","post_date_gmt":"2023-10-06 06:35:24","post_content":"","post_title":"CPL","post_excerpt":"","post_status":"publish","comment_status":"closed","ping_status":"closed","post_password":"","post_name":"cpl","to_ping":"","pinged":"","post_modified":"2023-10-06 08:35:24","post_modified_gmt":"2023-10-06 06:35:24","post_content_filtered":"","post_parent":0,"guid":"https:\/\/nuevaweb.cpl.es\/editorial\/cpl\/","menu_order":0,"post_type":"editorial","post_mime_type":"","comment_count":"0","filter":"raw"}]},"yoast_head":"<!-- This site is optimized with the Yoast SEO plugin v27.3 - https:\/\/yoast.com\/product\/yoast-seo-wordpress\/ -->\n<title>Devasahayam Pillai, el primer laic indi canonitzat - CPL<\/title>\n<meta name=\"robots\" content=\"index, follow, max-snippet:-1, max-image-preview:large, max-video-preview:-1\" \/>\n<link rel=\"canonical\" href=\"https:\/\/www.cpl.es\/producto\/devasahayam-pillai-el-primer-laic-indi-canonitzat-9788491655282\/\" \/>\n<meta property=\"og:locale\" content=\"ca_ES\" \/>\n<meta property=\"og:type\" content=\"article\" \/>\n<meta property=\"og:title\" content=\"Devasahayam Pillai, el primer laic indi canonitzat - CPL\" \/>\n<meta property=\"og:description\" content=\"Edwin-Paul Arulanandu\" \/>\n<meta property=\"og:url\" content=\"https:\/\/www.cpl.es\/producto\/devasahayam-pillai-el-primer-laic-indi-canonitzat-9788491655282\/\" \/>\n<meta property=\"og:site_name\" content=\"CPL\" \/>\n<meta property=\"article:modified_time\" content=\"2023-10-03T22:48:13+00:00\" \/>\n<meta property=\"og:image\" content=\"https:\/\/www.cpl.es\/wp-content\/uploads\/212290.jpg\" \/>\n\t<meta property=\"og:image:width\" content=\"280\" \/>\n\t<meta property=\"og:image:height\" content=\"443\" \/>\n\t<meta property=\"og:image:type\" content=\"image\/jpeg\" \/>\n<meta name=\"twitter:card\" content=\"summary_large_image\" \/>\n<meta name=\"twitter:label1\" content=\"Temps estimat de lectura\" \/>\n\t<meta name=\"twitter:data1\" content=\"1 minut\" \/>\n<script type=\"application\/ld+json\" class=\"yoast-schema-graph\">{\"@context\":\"https:\\\/\\\/schema.org\",\"@graph\":[{\"@type\":\"WebPage\",\"@id\":\"https:\\\/\\\/www.cpl.es\\\/producto\\\/devasahayam-pillai-el-primer-laic-indi-canonitzat-9788491655282\\\/\",\"url\":\"https:\\\/\\\/www.cpl.es\\\/producto\\\/devasahayam-pillai-el-primer-laic-indi-canonitzat-9788491655282\\\/\",\"name\":\"Devasahayam Pillai, el primer laic indi canonitzat - CPL\",\"isPartOf\":{\"@id\":\"https:\\\/\\\/www.cpl.es\\\/#website\"},\"primaryImageOfPage\":{\"@id\":\"https:\\\/\\\/www.cpl.es\\\/producto\\\/devasahayam-pillai-el-primer-laic-indi-canonitzat-9788491655282\\\/#primaryimage\"},\"image\":{\"@id\":\"https:\\\/\\\/www.cpl.es\\\/producto\\\/devasahayam-pillai-el-primer-laic-indi-canonitzat-9788491655282\\\/#primaryimage\"},\"thumbnailUrl\":\"https:\\\/\\\/www.cpl.es\\\/wp-content\\\/uploads\\\/212290.jpg\",\"datePublished\":\"2023-10-03T22:48:10+00:00\",\"dateModified\":\"2023-10-03T22:48:13+00:00\",\"breadcrumb\":{\"@id\":\"https:\\\/\\\/www.cpl.es\\\/producto\\\/devasahayam-pillai-el-primer-laic-indi-canonitzat-9788491655282\\\/#breadcrumb\"},\"inLanguage\":\"ca\",\"potentialAction\":[{\"@type\":\"ReadAction\",\"target\":[\"https:\\\/\\\/www.cpl.es\\\/producto\\\/devasahayam-pillai-el-primer-laic-indi-canonitzat-9788491655282\\\/\"]}]},{\"@type\":\"ImageObject\",\"inLanguage\":\"ca\",\"@id\":\"https:\\\/\\\/www.cpl.es\\\/producto\\\/devasahayam-pillai-el-primer-laic-indi-canonitzat-9788491655282\\\/#primaryimage\",\"url\":\"https:\\\/\\\/www.cpl.es\\\/wp-content\\\/uploads\\\/212290.jpg\",\"contentUrl\":\"https:\\\/\\\/www.cpl.es\\\/wp-content\\\/uploads\\\/212290.jpg\",\"width\":280,\"height\":443,\"caption\":\"212290.jpg\"},{\"@type\":\"BreadcrumbList\",\"@id\":\"https:\\\/\\\/www.cpl.es\\\/producto\\\/devasahayam-pillai-el-primer-laic-indi-canonitzat-9788491655282\\\/#breadcrumb\",\"itemListElement\":[{\"@type\":\"ListItem\",\"position\":1,\"name\":\"Portada\",\"item\":\"https:\\\/\\\/www.cpl.es\\\/ca\\\/\"},{\"@type\":\"ListItem\",\"position\":2,\"name\":\"Cat\u00e0leg\",\"item\":\"https:\\\/\\\/www.cpl.es\\\/ca\\\/cataleg\\\/\"},{\"@type\":\"ListItem\",\"position\":3,\"name\":\"Devasahayam Pillai, el primer laic indi canonitzat\"}]},{\"@type\":\"WebSite\",\"@id\":\"https:\\\/\\\/www.cpl.es\\\/#website\",\"url\":\"https:\\\/\\\/www.cpl.es\\\/\",\"name\":\"CPL\",\"description\":\"Centre de Pastoral Lit\u00fargica de Barcelona\",\"publisher\":{\"@id\":\"https:\\\/\\\/www.cpl.es\\\/#organization\"},\"alternateName\":\"Centre de Pastoral Lit\u00fargica\",\"potentialAction\":[{\"@type\":\"SearchAction\",\"target\":{\"@type\":\"EntryPoint\",\"urlTemplate\":\"https:\\\/\\\/www.cpl.es\\\/?s={search_term_string}\"},\"query-input\":{\"@type\":\"PropertyValueSpecification\",\"valueRequired\":true,\"valueName\":\"search_term_string\"}}],\"inLanguage\":\"ca\"},{\"@type\":\"Organization\",\"@id\":\"https:\\\/\\\/www.cpl.es\\\/#organization\",\"name\":\"Centre de Pastoral Lit\u00fargica\",\"alternateName\":\"Centre de Pastoral Lit\u00fargica de Barcelona\",\"url\":\"https:\\\/\\\/www.cpl.es\\\/\",\"logo\":{\"@type\":\"ImageObject\",\"inLanguage\":\"ca\",\"@id\":\"https:\\\/\\\/www.cpl.es\\\/#\\\/schema\\\/logo\\\/image\\\/\",\"url\":\"https:\\\/\\\/www.cpl.es\\\/wp-content\\\/uploads\\\/logo-cpl.svg\",\"contentUrl\":\"https:\\\/\\\/www.cpl.es\\\/wp-content\\\/uploads\\\/logo-cpl.svg\",\"caption\":\"Centre de Pastoral Lit\u00fargica\"},\"image\":{\"@id\":\"https:\\\/\\\/www.cpl.es\\\/#\\\/schema\\\/logo\\\/image\\\/\"}}]}<\/script>\n<!-- \/ Yoast SEO plugin. -->","yoast_head_json":{"title":"Devasahayam Pillai, el primer laic indi canonitzat - CPL","robots":{"index":"index","follow":"follow","max-snippet":"max-snippet:-1","max-image-preview":"max-image-preview:large","max-video-preview":"max-video-preview:-1"},"canonical":"https:\/\/www.cpl.es\/producto\/devasahayam-pillai-el-primer-laic-indi-canonitzat-9788491655282\/","og_locale":"ca_ES","og_type":"article","og_title":"Devasahayam Pillai, el primer laic indi canonitzat - CPL","og_description":"Edwin-Paul Arulanandu","og_url":"https:\/\/www.cpl.es\/producto\/devasahayam-pillai-el-primer-laic-indi-canonitzat-9788491655282\/","og_site_name":"CPL","article_modified_time":"2023-10-03T22:48:13+00:00","og_image":[{"width":280,"height":443,"url":"https:\/\/www.cpl.es\/wp-content\/uploads\/212290.jpg","type":"image\/jpeg"}],"twitter_card":"summary_large_image","twitter_misc":{"Temps estimat de lectura":"1 minut"},"schema":{"@context":"https:\/\/schema.org","@graph":[{"@type":"WebPage","@id":"https:\/\/www.cpl.es\/producto\/devasahayam-pillai-el-primer-laic-indi-canonitzat-9788491655282\/","url":"https:\/\/www.cpl.es\/producto\/devasahayam-pillai-el-primer-laic-indi-canonitzat-9788491655282\/","name":"Devasahayam Pillai, el primer laic indi canonitzat - CPL","isPartOf":{"@id":"https:\/\/www.cpl.es\/#website"},"primaryImageOfPage":{"@id":"https:\/\/www.cpl.es\/producto\/devasahayam-pillai-el-primer-laic-indi-canonitzat-9788491655282\/#primaryimage"},"image":{"@id":"https:\/\/www.cpl.es\/producto\/devasahayam-pillai-el-primer-laic-indi-canonitzat-9788491655282\/#primaryimage"},"thumbnailUrl":"https:\/\/www.cpl.es\/wp-content\/uploads\/212290.jpg","datePublished":"2023-10-03T22:48:10+00:00","dateModified":"2023-10-03T22:48:13+00:00","breadcrumb":{"@id":"https:\/\/www.cpl.es\/producto\/devasahayam-pillai-el-primer-laic-indi-canonitzat-9788491655282\/#breadcrumb"},"inLanguage":"ca","potentialAction":[{"@type":"ReadAction","target":["https:\/\/www.cpl.es\/producto\/devasahayam-pillai-el-primer-laic-indi-canonitzat-9788491655282\/"]}]},{"@type":"ImageObject","inLanguage":"ca","@id":"https:\/\/www.cpl.es\/producto\/devasahayam-pillai-el-primer-laic-indi-canonitzat-9788491655282\/#primaryimage","url":"https:\/\/www.cpl.es\/wp-content\/uploads\/212290.jpg","contentUrl":"https:\/\/www.cpl.es\/wp-content\/uploads\/212290.jpg","width":280,"height":443,"caption":"212290.jpg"},{"@type":"BreadcrumbList","@id":"https:\/\/www.cpl.es\/producto\/devasahayam-pillai-el-primer-laic-indi-canonitzat-9788491655282\/#breadcrumb","itemListElement":[{"@type":"ListItem","position":1,"name":"Portada","item":"https:\/\/www.cpl.es\/ca\/"},{"@type":"ListItem","position":2,"name":"Cat\u00e0leg","item":"https:\/\/www.cpl.es\/ca\/cataleg\/"},{"@type":"ListItem","position":3,"name":"Devasahayam Pillai, el primer laic indi canonitzat"}]},{"@type":"WebSite","@id":"https:\/\/www.cpl.es\/#website","url":"https:\/\/www.cpl.es\/","name":"CPL","description":"Centre de Pastoral Lit\u00fargica de Barcelona","publisher":{"@id":"https:\/\/www.cpl.es\/#organization"},"alternateName":"Centre de Pastoral Lit\u00fargica","potentialAction":[{"@type":"SearchAction","target":{"@type":"EntryPoint","urlTemplate":"https:\/\/www.cpl.es\/?s={search_term_string}"},"query-input":{"@type":"PropertyValueSpecification","valueRequired":true,"valueName":"search_term_string"}}],"inLanguage":"ca"},{"@type":"Organization","@id":"https:\/\/www.cpl.es\/#organization","name":"Centre de Pastoral Lit\u00fargica","alternateName":"Centre de Pastoral Lit\u00fargica de Barcelona","url":"https:\/\/www.cpl.es\/","logo":{"@type":"ImageObject","inLanguage":"ca","@id":"https:\/\/www.cpl.es\/#\/schema\/logo\/image\/","url":"https:\/\/www.cpl.es\/wp-content\/uploads\/logo-cpl.svg","contentUrl":"https:\/\/www.cpl.es\/wp-content\/uploads\/logo-cpl.svg","caption":"Centre de Pastoral Lit\u00fargica"},"image":{"@id":"https:\/\/www.cpl.es\/#\/schema\/logo\/image\/"}}]}},"_links":{"self":[{"href":"https:\/\/www.cpl.es\/ca\/wp-json\/wp\/v2\/product\/716","targetHints":{"allow":["GET"]}}],"collection":[{"href":"https:\/\/www.cpl.es\/ca\/wp-json\/wp\/v2\/product"}],"about":[{"href":"https:\/\/www.cpl.es\/ca\/wp-json\/wp\/v2\/types\/product"}],"wp:featuredmedia":[{"embeddable":true,"href":"https:\/\/www.cpl.es\/ca\/wp-json\/wp\/v2\/media\/717"}],"wp:attachment":[{"href":"https:\/\/www.cpl.es\/ca\/wp-json\/wp\/v2\/media?parent=716"}],"wp:term":[{"taxonomy":"product_brand","embeddable":true,"href":"https:\/\/www.cpl.es\/ca\/wp-json\/wp\/v2\/product_brand?post=716"},{"taxonomy":"product_cat","embeddable":true,"href":"https:\/\/www.cpl.es\/ca\/wp-json\/wp\/v2\/product_cat?post=716"},{"taxonomy":"product_tag","embeddable":true,"href":"https:\/\/www.cpl.es\/ca\/wp-json\/wp\/v2\/product_tag?post=716"}],"curies":[{"name":"wp","href":"https:\/\/api.w.org\/{rel}","templated":true}]}}