{"id":683,"date":"2023-10-04T00:47:06","date_gmt":"2023-10-03T22:47:06","guid":{"rendered":"https:\/\/nuevaweb.cpl.es\/producto\/celebrar-a-cristo-en-el-tiempo-ordinario-9788491655213\/"},"modified":"2023-12-05T13:44:00","modified_gmt":"2023-12-05T12:44:00","slug":"celebrar-a-cristo-en-el-tiempo-ordinario-9788491655213","status":"publish","type":"product","link":"https:\/\/www.cpl.es\/ca\/producto\/celebrar-a-cristo-en-el-tiempo-ordinario-9788491655213\/","title":{"rendered":"Celebrar a Cristo en el tiempo ordinario"},"content":{"rendered":"<p>El libro Celebrar a Cristo en el tiempo ordinario es un instrumento para adentrarnos en las profundidades de la celebraci\u00f3n en y del tiempo ordinario. Descubrir sus riquezas, pararnos a contemplarlas y apropi\u00e1rnoslas para poder pasar de lo visible a lo invisible, de este complejo entretejido de gestos y palabras que conforma toda celebraci\u00f3n a vislumbrar, con el auxilio del Esp\u00edritu, el rostro del Padre que se refleja en el Hijo. El tiempo ordinario evidencia abierta y rotundamente la raz\u00f3n \u00faltima por la que la Iglesia no ha dejado de reunirse cada domingo desde sus or\u00edgenes m\u00e1s remotos. No hay vida cristiana, no hay Iglesia sin domingo.<br \/>Antonio Astigarraga Mateos, presb\u00edtero, doctor en teolog\u00eda, especialidad en liturgia por la Facultat de Teologia de Catalunya. Es can\u00f3nigo de la catedral del Buen Pastor de San Sebasti\u00e1n y profesor extraordinario en el Instituto de Liturgia &#8216;ad instar Facultatis' del Ateneo Universitario &#8216;Sant Paci\u00e0' (Barcelona). Es miembro del Consejo de la revista Liturgia y Espiritualidad del Centre de Pastoral Lit\u00fargica.<\/p>\n","protected":false},"excerpt":{"rendered":"<p>Astigarraga Mateos, Antonio<\/p>\n","protected":false},"featured_media":684,"template":"","meta":{"_acf_changed":false,"inline_featured_image":false},"product_brand":[],"product_cat":[47,78,151,153,75,44,164,110],"product_tag":[],"class_list":{"0":"post-683","1":"product","2":"type-product","3":"status-publish","4":"has-post-thumbnail","6":"product_cat-ano-liturgico","7":"product_cat-any-liturgic","8":"product_cat-celebracio-de-la-missa-celebracio-de-la-missa-per-temes","9":"product_cat-celebracion-de-la-misa-celebracion-de-la-misa-por-temas","10":"product_cat-dossiers-cpl-colleccions-catala","11":"product_cat-dossiers-cpl","12":"product_cat-temps-de-durant-lany-any-liturgic-per-temes","13":"product_cat-tiempo-ordinario","15":"first","16":"instock","17":"taxable","18":"shipping-taxable","19":"purchasable","20":"product-type-simple"},"acf":{"autor":"Astigarraga Mateos, Antonio","codart":"101161","ediciones":"2","encuadernacion":"R\u00fastica","fecha_de_publicacion":"19\/12\/2022","novedad":true,"paginas":"196","subtitulo":"","orden":"10","portada":false,"idioma":"spa","editorial":[{"ID":6736,"post_author":"2","post_date":"2023-10-06 08:35:24","post_date_gmt":"2023-10-06 06:35:24","post_content":"","post_title":"CPL","post_excerpt":"","post_status":"publish","comment_status":"closed","ping_status":"closed","post_password":"","post_name":"cpl","to_ping":"","pinged":"","post_modified":"2023-10-06 08:35:24","post_modified_gmt":"2023-10-06 06:35:24","post_content_filtered":"","post_parent":0,"guid":"https:\/\/nuevaweb.cpl.es\/editorial\/cpl\/","menu_order":0,"post_type":"editorial","post_mime_type":"","comment_count":"0","filter":"raw"}]},"yoast_head":"<!-- This site is optimized with the Yoast SEO plugin v27.3 - https:\/\/yoast.com\/product\/yoast-seo-wordpress\/ -->\n<title>Celebrar a Cristo en el tiempo ordinario - CPL<\/title>\n<meta name=\"robots\" content=\"index, follow, max-snippet:-1, max-image-preview:large, max-video-preview:-1\" \/>\n<link rel=\"canonical\" href=\"https:\/\/www.cpl.es\/producto\/celebrar-a-cristo-en-el-tiempo-ordinario-9788491655213\/\" \/>\n<meta property=\"og:locale\" content=\"ca_ES\" \/>\n<meta property=\"og:type\" content=\"article\" \/>\n<meta property=\"og:title\" content=\"Celebrar a Cristo en el tiempo ordinario - CPL\" \/>\n<meta property=\"og:description\" content=\"Astigarraga Mateos, Antonio\" \/>\n<meta property=\"og:url\" content=\"https:\/\/www.cpl.es\/producto\/celebrar-a-cristo-en-el-tiempo-ordinario-9788491655213\/\" \/>\n<meta property=\"og:site_name\" content=\"CPL\" \/>\n<meta property=\"article:modified_time\" content=\"2023-12-05T12:44:00+00:00\" \/>\n<meta property=\"og:image\" content=\"https:\/\/www.cpl.es\/wp-content\/uploads\/101161.jpg\" \/>\n\t<meta property=\"og:image:width\" content=\"294\" \/>\n\t<meta property=\"og:image:height\" content=\"407\" \/>\n\t<meta property=\"og:image:type\" content=\"image\/jpeg\" \/>\n<meta name=\"twitter:card\" content=\"summary_large_image\" \/>\n<meta name=\"twitter:label1\" content=\"Temps estimat de lectura\" \/>\n\t<meta name=\"twitter:data1\" content=\"1 minut\" \/>\n<script type=\"application\/ld+json\" class=\"yoast-schema-graph\">{\"@context\":\"https:\\\/\\\/schema.org\",\"@graph\":[{\"@type\":\"WebPage\",\"@id\":\"https:\\\/\\\/www.cpl.es\\\/producto\\\/celebrar-a-cristo-en-el-tiempo-ordinario-9788491655213\\\/\",\"url\":\"https:\\\/\\\/www.cpl.es\\\/producto\\\/celebrar-a-cristo-en-el-tiempo-ordinario-9788491655213\\\/\",\"name\":\"Celebrar a Cristo en el tiempo ordinario - CPL\",\"isPartOf\":{\"@id\":\"https:\\\/\\\/www.cpl.es\\\/#website\"},\"primaryImageOfPage\":{\"@id\":\"https:\\\/\\\/www.cpl.es\\\/producto\\\/celebrar-a-cristo-en-el-tiempo-ordinario-9788491655213\\\/#primaryimage\"},\"image\":{\"@id\":\"https:\\\/\\\/www.cpl.es\\\/producto\\\/celebrar-a-cristo-en-el-tiempo-ordinario-9788491655213\\\/#primaryimage\"},\"thumbnailUrl\":\"https:\\\/\\\/www.cpl.es\\\/wp-content\\\/uploads\\\/101161.jpg\",\"datePublished\":\"2023-10-03T22:47:06+00:00\",\"dateModified\":\"2023-12-05T12:44:00+00:00\",\"breadcrumb\":{\"@id\":\"https:\\\/\\\/www.cpl.es\\\/producto\\\/celebrar-a-cristo-en-el-tiempo-ordinario-9788491655213\\\/#breadcrumb\"},\"inLanguage\":\"ca\",\"potentialAction\":[{\"@type\":\"ReadAction\",\"target\":[\"https:\\\/\\\/www.cpl.es\\\/producto\\\/celebrar-a-cristo-en-el-tiempo-ordinario-9788491655213\\\/\"]}]},{\"@type\":\"ImageObject\",\"inLanguage\":\"ca\",\"@id\":\"https:\\\/\\\/www.cpl.es\\\/producto\\\/celebrar-a-cristo-en-el-tiempo-ordinario-9788491655213\\\/#primaryimage\",\"url\":\"https:\\\/\\\/www.cpl.es\\\/wp-content\\\/uploads\\\/101161.jpg\",\"contentUrl\":\"https:\\\/\\\/www.cpl.es\\\/wp-content\\\/uploads\\\/101161.jpg\",\"width\":294,\"height\":407,\"caption\":\"101161.jpg\"},{\"@type\":\"BreadcrumbList\",\"@id\":\"https:\\\/\\\/www.cpl.es\\\/producto\\\/celebrar-a-cristo-en-el-tiempo-ordinario-9788491655213\\\/#breadcrumb\",\"itemListElement\":[{\"@type\":\"ListItem\",\"position\":1,\"name\":\"Portada\",\"item\":\"https:\\\/\\\/www.cpl.es\\\/ca\\\/\"},{\"@type\":\"ListItem\",\"position\":2,\"name\":\"Cat\u00e0leg\",\"item\":\"https:\\\/\\\/www.cpl.es\\\/ca\\\/cataleg\\\/\"},{\"@type\":\"ListItem\",\"position\":3,\"name\":\"Celebrar a Cristo en el tiempo ordinario\"}]},{\"@type\":\"WebSite\",\"@id\":\"https:\\\/\\\/www.cpl.es\\\/#website\",\"url\":\"https:\\\/\\\/www.cpl.es\\\/\",\"name\":\"CPL\",\"description\":\"Centre de Pastoral Lit\u00fargica de Barcelona\",\"publisher\":{\"@id\":\"https:\\\/\\\/www.cpl.es\\\/#organization\"},\"alternateName\":\"Centre de Pastoral Lit\u00fargica\",\"potentialAction\":[{\"@type\":\"SearchAction\",\"target\":{\"@type\":\"EntryPoint\",\"urlTemplate\":\"https:\\\/\\\/www.cpl.es\\\/?s={search_term_string}\"},\"query-input\":{\"@type\":\"PropertyValueSpecification\",\"valueRequired\":true,\"valueName\":\"search_term_string\"}}],\"inLanguage\":\"ca\"},{\"@type\":\"Organization\",\"@id\":\"https:\\\/\\\/www.cpl.es\\\/#organization\",\"name\":\"Centre de Pastoral Lit\u00fargica\",\"alternateName\":\"Centre de Pastoral Lit\u00fargica de Barcelona\",\"url\":\"https:\\\/\\\/www.cpl.es\\\/\",\"logo\":{\"@type\":\"ImageObject\",\"inLanguage\":\"ca\",\"@id\":\"https:\\\/\\\/www.cpl.es\\\/#\\\/schema\\\/logo\\\/image\\\/\",\"url\":\"https:\\\/\\\/www.cpl.es\\\/wp-content\\\/uploads\\\/logo-cpl.svg\",\"contentUrl\":\"https:\\\/\\\/www.cpl.es\\\/wp-content\\\/uploads\\\/logo-cpl.svg\",\"caption\":\"Centre de Pastoral Lit\u00fargica\"},\"image\":{\"@id\":\"https:\\\/\\\/www.cpl.es\\\/#\\\/schema\\\/logo\\\/image\\\/\"}}]}<\/script>\n<!-- \/ Yoast SEO plugin. -->","yoast_head_json":{"title":"Celebrar a Cristo en el tiempo ordinario - CPL","robots":{"index":"index","follow":"follow","max-snippet":"max-snippet:-1","max-image-preview":"max-image-preview:large","max-video-preview":"max-video-preview:-1"},"canonical":"https:\/\/www.cpl.es\/producto\/celebrar-a-cristo-en-el-tiempo-ordinario-9788491655213\/","og_locale":"ca_ES","og_type":"article","og_title":"Celebrar a Cristo en el tiempo ordinario - CPL","og_description":"Astigarraga Mateos, Antonio","og_url":"https:\/\/www.cpl.es\/producto\/celebrar-a-cristo-en-el-tiempo-ordinario-9788491655213\/","og_site_name":"CPL","article_modified_time":"2023-12-05T12:44:00+00:00","og_image":[{"width":294,"height":407,"url":"https:\/\/www.cpl.es\/wp-content\/uploads\/101161.jpg","type":"image\/jpeg"}],"twitter_card":"summary_large_image","twitter_misc":{"Temps estimat de lectura":"1 minut"},"schema":{"@context":"https:\/\/schema.org","@graph":[{"@type":"WebPage","@id":"https:\/\/www.cpl.es\/producto\/celebrar-a-cristo-en-el-tiempo-ordinario-9788491655213\/","url":"https:\/\/www.cpl.es\/producto\/celebrar-a-cristo-en-el-tiempo-ordinario-9788491655213\/","name":"Celebrar a Cristo en el tiempo ordinario - CPL","isPartOf":{"@id":"https:\/\/www.cpl.es\/#website"},"primaryImageOfPage":{"@id":"https:\/\/www.cpl.es\/producto\/celebrar-a-cristo-en-el-tiempo-ordinario-9788491655213\/#primaryimage"},"image":{"@id":"https:\/\/www.cpl.es\/producto\/celebrar-a-cristo-en-el-tiempo-ordinario-9788491655213\/#primaryimage"},"thumbnailUrl":"https:\/\/www.cpl.es\/wp-content\/uploads\/101161.jpg","datePublished":"2023-10-03T22:47:06+00:00","dateModified":"2023-12-05T12:44:00+00:00","breadcrumb":{"@id":"https:\/\/www.cpl.es\/producto\/celebrar-a-cristo-en-el-tiempo-ordinario-9788491655213\/#breadcrumb"},"inLanguage":"ca","potentialAction":[{"@type":"ReadAction","target":["https:\/\/www.cpl.es\/producto\/celebrar-a-cristo-en-el-tiempo-ordinario-9788491655213\/"]}]},{"@type":"ImageObject","inLanguage":"ca","@id":"https:\/\/www.cpl.es\/producto\/celebrar-a-cristo-en-el-tiempo-ordinario-9788491655213\/#primaryimage","url":"https:\/\/www.cpl.es\/wp-content\/uploads\/101161.jpg","contentUrl":"https:\/\/www.cpl.es\/wp-content\/uploads\/101161.jpg","width":294,"height":407,"caption":"101161.jpg"},{"@type":"BreadcrumbList","@id":"https:\/\/www.cpl.es\/producto\/celebrar-a-cristo-en-el-tiempo-ordinario-9788491655213\/#breadcrumb","itemListElement":[{"@type":"ListItem","position":1,"name":"Portada","item":"https:\/\/www.cpl.es\/ca\/"},{"@type":"ListItem","position":2,"name":"Cat\u00e0leg","item":"https:\/\/www.cpl.es\/ca\/cataleg\/"},{"@type":"ListItem","position":3,"name":"Celebrar a Cristo en el tiempo ordinario"}]},{"@type":"WebSite","@id":"https:\/\/www.cpl.es\/#website","url":"https:\/\/www.cpl.es\/","name":"CPL","description":"Centre de Pastoral Lit\u00fargica de Barcelona","publisher":{"@id":"https:\/\/www.cpl.es\/#organization"},"alternateName":"Centre de Pastoral Lit\u00fargica","potentialAction":[{"@type":"SearchAction","target":{"@type":"EntryPoint","urlTemplate":"https:\/\/www.cpl.es\/?s={search_term_string}"},"query-input":{"@type":"PropertyValueSpecification","valueRequired":true,"valueName":"search_term_string"}}],"inLanguage":"ca"},{"@type":"Organization","@id":"https:\/\/www.cpl.es\/#organization","name":"Centre de Pastoral Lit\u00fargica","alternateName":"Centre de Pastoral Lit\u00fargica de Barcelona","url":"https:\/\/www.cpl.es\/","logo":{"@type":"ImageObject","inLanguage":"ca","@id":"https:\/\/www.cpl.es\/#\/schema\/logo\/image\/","url":"https:\/\/www.cpl.es\/wp-content\/uploads\/logo-cpl.svg","contentUrl":"https:\/\/www.cpl.es\/wp-content\/uploads\/logo-cpl.svg","caption":"Centre de Pastoral Lit\u00fargica"},"image":{"@id":"https:\/\/www.cpl.es\/#\/schema\/logo\/image\/"}}]}},"_links":{"self":[{"href":"https:\/\/www.cpl.es\/ca\/wp-json\/wp\/v2\/product\/683","targetHints":{"allow":["GET"]}}],"collection":[{"href":"https:\/\/www.cpl.es\/ca\/wp-json\/wp\/v2\/product"}],"about":[{"href":"https:\/\/www.cpl.es\/ca\/wp-json\/wp\/v2\/types\/product"}],"wp:featuredmedia":[{"embeddable":true,"href":"https:\/\/www.cpl.es\/ca\/wp-json\/wp\/v2\/media\/684"}],"wp:attachment":[{"href":"https:\/\/www.cpl.es\/ca\/wp-json\/wp\/v2\/media?parent=683"}],"wp:term":[{"taxonomy":"product_brand","embeddable":true,"href":"https:\/\/www.cpl.es\/ca\/wp-json\/wp\/v2\/product_brand?post=683"},{"taxonomy":"product_cat","embeddable":true,"href":"https:\/\/www.cpl.es\/ca\/wp-json\/wp\/v2\/product_cat?post=683"},{"taxonomy":"product_tag","embeddable":true,"href":"https:\/\/www.cpl.es\/ca\/wp-json\/wp\/v2\/product_tag?post=683"}],"curies":[{"name":"wp","href":"https:\/\/api.w.org\/{rel}","templated":true}]}}