{"id":6732,"date":"2023-10-04T09:38:33","date_gmt":"2023-10-04T07:38:33","guid":{"rendered":"https:\/\/nuevaweb.cpl.es\/producto\/llamada-de-la-palabra-la-ciclo-a-9788498056532\/"},"modified":"2023-12-05T13:39:24","modified_gmt":"2023-12-05T12:39:24","slug":"llamada-de-la-palabra-la-ciclo-a-9788498056532","status":"publish","type":"product","link":"https:\/\/www.cpl.es\/ca\/producto\/llamada-de-la-palabra-la-ciclo-a-9788498056532\/","title":{"rendered":"Llamada de la Palabra, La. Ciclo A"},"content":{"rendered":"<p>La lectura de la Palabra de Dios es un momento fundamental en la celebraci\u00f3n de la Eucarist\u00eda. Cuando cada domingo nos reunimos como Iglesia y vivimos juntos la proclamaci\u00f3n de la Palabra, Jes\u00fas se hace presente entre nosotros para impulsar nuestra  delidad a su camino. Y despu\u00e9s de la lectura, la homil\u00eda concreta esta  delidad arraigando la Palabra a la vida de la asemblea.<br \/>Este enraizamiento de la Palabra debe tener en cuenta, en su  globalidad, la compleja, y a menudo dura, realidad social. Y a ello pretende contribuir el presente libro. En \u00e9l se encuentran las homil\u00edas de todos los domingos y  estas del ciclo A del a\u00f1o lit\u00fargico, realizadas teniendo en cuenta de una manera especial la amplia y rica re exi\u00f3n que la doctrina social de la Iglesia nos ofrece para ayudarnos a vivir una vida cristiana<br \/>realmente atenta a nuestro mundo.<\/p>\n<p>Sebasti\u00e0 Taltavull Anglada (Ciutadella de Menorca, 1948) es obispo auxiliar de Barcelona desde el a\u00f1o 2009. Despu\u00e9s de llevar a cabo una amplia labor en diversos \u00e1mbitos de la pastoral en su di\u00f3cesis de Menorca, desde 2005 ha sido director del Secretariado de la Comisi\u00f3n Pastoral de la Conferencia Episcopal Espa\u00f1ola, comisi\u00f3n de la que ahora es presidente. Es autor de diversas publicaciones sobre todo de temas de pastoral y catequesis.<\/p>\n","protected":false},"excerpt":{"rendered":"<p>Taltavull Anglada, Sebasti\u00e0<\/p>\n","protected":false},"featured_media":6733,"template":"","meta":{"_acf_changed":false,"inline_featured_image":false},"product_brand":[],"product_cat":[148,149,80,151,57,153,75,44],"product_tag":[],"class_list":{"0":"post-6732","1":"product","2":"type-product","3":"status-publish","4":"has-post-thumbnail","6":"product_cat-ano-liturgico-ano-liturgico-por-temas","7":"product_cat-any-liturgic-any-liturgic-per-temes","8":"product_cat-celebracio-de-la-missa","9":"product_cat-celebracio-de-la-missa-celebracio-de-la-missa-per-temes","10":"product_cat-celebracion-de-la-misa","11":"product_cat-celebracion-de-la-misa-celebracion-de-la-misa-por-temas","12":"product_cat-dossiers-cpl-colleccions-catala","13":"product_cat-dossiers-cpl","15":"first","16":"instock","17":"taxable","18":"shipping-taxable","19":"purchasable","20":"product-type-simple"},"acf":{"autor":"Taltavull Anglada, Sebasti\u00e0","codart":"101130","ediciones":"1","encuadernacion":"R\u00fastica","fecha_de_publicacion":"27\/09\/2013","novedad":false,"paginas":"332","subtitulo":"Homil\u00edas con la Doctrina Social de la Iglesia. Ciclo A","orden":"10","portada":false,"idioma":"spa","editorial":[{"ID":6736,"post_author":"2","post_date":"2023-10-06 08:35:24","post_date_gmt":"2023-10-06 06:35:24","post_content":"","post_title":"CPL","post_excerpt":"","post_status":"publish","comment_status":"closed","ping_status":"closed","post_password":"","post_name":"cpl","to_ping":"","pinged":"","post_modified":"2023-10-06 08:35:24","post_modified_gmt":"2023-10-06 06:35:24","post_content_filtered":"","post_parent":0,"guid":"https:\/\/nuevaweb.cpl.es\/editorial\/cpl\/","menu_order":0,"post_type":"editorial","post_mime_type":"","comment_count":"0","filter":"raw"}]},"yoast_head":"<!-- This site is optimized with the Yoast SEO plugin v27.3 - https:\/\/yoast.com\/product\/yoast-seo-wordpress\/ -->\n<title>Llamada de la Palabra, La. Ciclo A - CPL<\/title>\n<meta name=\"robots\" content=\"index, follow, max-snippet:-1, max-image-preview:large, max-video-preview:-1\" \/>\n<link rel=\"canonical\" href=\"https:\/\/www.cpl.es\/ca\/producto\/llamada-de-la-palabra-la-ciclo-a-9788498056532\/\" \/>\n<meta property=\"og:locale\" content=\"ca_ES\" \/>\n<meta property=\"og:type\" content=\"article\" \/>\n<meta property=\"og:title\" content=\"Llamada de la Palabra, La. Ciclo A - CPL\" \/>\n<meta property=\"og:description\" content=\"Taltavull Anglada, Sebasti\u00e0\" \/>\n<meta property=\"og:url\" content=\"https:\/\/www.cpl.es\/ca\/producto\/llamada-de-la-palabra-la-ciclo-a-9788498056532\/\" \/>\n<meta property=\"og:site_name\" content=\"CPL\" \/>\n<meta property=\"article:modified_time\" content=\"2023-12-05T12:39:24+00:00\" \/>\n<meta property=\"og:image\" content=\"https:\/\/www.cpl.es\/wp-content\/uploads\/101130.jpg\" \/>\n\t<meta property=\"og:image:width\" content=\"250\" \/>\n\t<meta property=\"og:image:height\" content=\"347\" \/>\n\t<meta property=\"og:image:type\" content=\"image\/jpeg\" \/>\n<meta name=\"twitter:card\" content=\"summary_large_image\" \/>\n<meta name=\"twitter:label1\" content=\"Temps estimat de lectura\" \/>\n\t<meta name=\"twitter:data1\" content=\"1 minut\" \/>\n<script type=\"application\/ld+json\" class=\"yoast-schema-graph\">{\"@context\":\"https:\\\/\\\/schema.org\",\"@graph\":[{\"@type\":\"WebPage\",\"@id\":\"https:\\\/\\\/www.cpl.es\\\/ca\\\/producto\\\/llamada-de-la-palabra-la-ciclo-a-9788498056532\\\/\",\"url\":\"https:\\\/\\\/www.cpl.es\\\/ca\\\/producto\\\/llamada-de-la-palabra-la-ciclo-a-9788498056532\\\/\",\"name\":\"Llamada de la Palabra, La. Ciclo A - CPL\",\"isPartOf\":{\"@id\":\"https:\\\/\\\/www.cpl.es\\\/#website\"},\"primaryImageOfPage\":{\"@id\":\"https:\\\/\\\/www.cpl.es\\\/ca\\\/producto\\\/llamada-de-la-palabra-la-ciclo-a-9788498056532\\\/#primaryimage\"},\"image\":{\"@id\":\"https:\\\/\\\/www.cpl.es\\\/ca\\\/producto\\\/llamada-de-la-palabra-la-ciclo-a-9788498056532\\\/#primaryimage\"},\"thumbnailUrl\":\"https:\\\/\\\/www.cpl.es\\\/wp-content\\\/uploads\\\/101130.jpg\",\"datePublished\":\"2023-10-04T07:38:33+00:00\",\"dateModified\":\"2023-12-05T12:39:24+00:00\",\"breadcrumb\":{\"@id\":\"https:\\\/\\\/www.cpl.es\\\/ca\\\/producto\\\/llamada-de-la-palabra-la-ciclo-a-9788498056532\\\/#breadcrumb\"},\"inLanguage\":\"ca\",\"potentialAction\":[{\"@type\":\"ReadAction\",\"target\":[\"https:\\\/\\\/www.cpl.es\\\/ca\\\/producto\\\/llamada-de-la-palabra-la-ciclo-a-9788498056532\\\/\"]}]},{\"@type\":\"ImageObject\",\"inLanguage\":\"ca\",\"@id\":\"https:\\\/\\\/www.cpl.es\\\/ca\\\/producto\\\/llamada-de-la-palabra-la-ciclo-a-9788498056532\\\/#primaryimage\",\"url\":\"https:\\\/\\\/www.cpl.es\\\/wp-content\\\/uploads\\\/101130.jpg\",\"contentUrl\":\"https:\\\/\\\/www.cpl.es\\\/wp-content\\\/uploads\\\/101130.jpg\",\"width\":250,\"height\":347,\"caption\":\"101130.jpg\"},{\"@type\":\"BreadcrumbList\",\"@id\":\"https:\\\/\\\/www.cpl.es\\\/ca\\\/producto\\\/llamada-de-la-palabra-la-ciclo-a-9788498056532\\\/#breadcrumb\",\"itemListElement\":[{\"@type\":\"ListItem\",\"position\":1,\"name\":\"Portada\",\"item\":\"https:\\\/\\\/www.cpl.es\\\/ca\\\/\"},{\"@type\":\"ListItem\",\"position\":2,\"name\":\"Cat\u00e0leg\",\"item\":\"https:\\\/\\\/www.cpl.es\\\/ca\\\/cataleg\\\/\"},{\"@type\":\"ListItem\",\"position\":3,\"name\":\"Llamada de la Palabra, La. Ciclo A\"}]},{\"@type\":\"WebSite\",\"@id\":\"https:\\\/\\\/www.cpl.es\\\/#website\",\"url\":\"https:\\\/\\\/www.cpl.es\\\/\",\"name\":\"CPL\",\"description\":\"Centre de Pastoral Lit\u00fargica de Barcelona\",\"publisher\":{\"@id\":\"https:\\\/\\\/www.cpl.es\\\/#organization\"},\"alternateName\":\"Centre de Pastoral Lit\u00fargica\",\"potentialAction\":[{\"@type\":\"SearchAction\",\"target\":{\"@type\":\"EntryPoint\",\"urlTemplate\":\"https:\\\/\\\/www.cpl.es\\\/?s={search_term_string}\"},\"query-input\":{\"@type\":\"PropertyValueSpecification\",\"valueRequired\":true,\"valueName\":\"search_term_string\"}}],\"inLanguage\":\"ca\"},{\"@type\":\"Organization\",\"@id\":\"https:\\\/\\\/www.cpl.es\\\/#organization\",\"name\":\"Centre de Pastoral Lit\u00fargica\",\"alternateName\":\"Centre de Pastoral Lit\u00fargica de Barcelona\",\"url\":\"https:\\\/\\\/www.cpl.es\\\/\",\"logo\":{\"@type\":\"ImageObject\",\"inLanguage\":\"ca\",\"@id\":\"https:\\\/\\\/www.cpl.es\\\/#\\\/schema\\\/logo\\\/image\\\/\",\"url\":\"https:\\\/\\\/www.cpl.es\\\/wp-content\\\/uploads\\\/logo-cpl.svg\",\"contentUrl\":\"https:\\\/\\\/www.cpl.es\\\/wp-content\\\/uploads\\\/logo-cpl.svg\",\"caption\":\"Centre de Pastoral Lit\u00fargica\"},\"image\":{\"@id\":\"https:\\\/\\\/www.cpl.es\\\/#\\\/schema\\\/logo\\\/image\\\/\"}}]}<\/script>\n<!-- \/ Yoast SEO plugin. -->","yoast_head_json":{"title":"Llamada de la Palabra, La. Ciclo A - CPL","robots":{"index":"index","follow":"follow","max-snippet":"max-snippet:-1","max-image-preview":"max-image-preview:large","max-video-preview":"max-video-preview:-1"},"canonical":"https:\/\/www.cpl.es\/ca\/producto\/llamada-de-la-palabra-la-ciclo-a-9788498056532\/","og_locale":"ca_ES","og_type":"article","og_title":"Llamada de la Palabra, La. Ciclo A - CPL","og_description":"Taltavull Anglada, Sebasti\u00e0","og_url":"https:\/\/www.cpl.es\/ca\/producto\/llamada-de-la-palabra-la-ciclo-a-9788498056532\/","og_site_name":"CPL","article_modified_time":"2023-12-05T12:39:24+00:00","og_image":[{"width":250,"height":347,"url":"https:\/\/www.cpl.es\/wp-content\/uploads\/101130.jpg","type":"image\/jpeg"}],"twitter_card":"summary_large_image","twitter_misc":{"Temps estimat de lectura":"1 minut"},"schema":{"@context":"https:\/\/schema.org","@graph":[{"@type":"WebPage","@id":"https:\/\/www.cpl.es\/ca\/producto\/llamada-de-la-palabra-la-ciclo-a-9788498056532\/","url":"https:\/\/www.cpl.es\/ca\/producto\/llamada-de-la-palabra-la-ciclo-a-9788498056532\/","name":"Llamada de la Palabra, La. Ciclo A - CPL","isPartOf":{"@id":"https:\/\/www.cpl.es\/#website"},"primaryImageOfPage":{"@id":"https:\/\/www.cpl.es\/ca\/producto\/llamada-de-la-palabra-la-ciclo-a-9788498056532\/#primaryimage"},"image":{"@id":"https:\/\/www.cpl.es\/ca\/producto\/llamada-de-la-palabra-la-ciclo-a-9788498056532\/#primaryimage"},"thumbnailUrl":"https:\/\/www.cpl.es\/wp-content\/uploads\/101130.jpg","datePublished":"2023-10-04T07:38:33+00:00","dateModified":"2023-12-05T12:39:24+00:00","breadcrumb":{"@id":"https:\/\/www.cpl.es\/ca\/producto\/llamada-de-la-palabra-la-ciclo-a-9788498056532\/#breadcrumb"},"inLanguage":"ca","potentialAction":[{"@type":"ReadAction","target":["https:\/\/www.cpl.es\/ca\/producto\/llamada-de-la-palabra-la-ciclo-a-9788498056532\/"]}]},{"@type":"ImageObject","inLanguage":"ca","@id":"https:\/\/www.cpl.es\/ca\/producto\/llamada-de-la-palabra-la-ciclo-a-9788498056532\/#primaryimage","url":"https:\/\/www.cpl.es\/wp-content\/uploads\/101130.jpg","contentUrl":"https:\/\/www.cpl.es\/wp-content\/uploads\/101130.jpg","width":250,"height":347,"caption":"101130.jpg"},{"@type":"BreadcrumbList","@id":"https:\/\/www.cpl.es\/ca\/producto\/llamada-de-la-palabra-la-ciclo-a-9788498056532\/#breadcrumb","itemListElement":[{"@type":"ListItem","position":1,"name":"Portada","item":"https:\/\/www.cpl.es\/ca\/"},{"@type":"ListItem","position":2,"name":"Cat\u00e0leg","item":"https:\/\/www.cpl.es\/ca\/cataleg\/"},{"@type":"ListItem","position":3,"name":"Llamada de la Palabra, La. Ciclo A"}]},{"@type":"WebSite","@id":"https:\/\/www.cpl.es\/#website","url":"https:\/\/www.cpl.es\/","name":"CPL","description":"Centre de Pastoral Lit\u00fargica de Barcelona","publisher":{"@id":"https:\/\/www.cpl.es\/#organization"},"alternateName":"Centre de Pastoral Lit\u00fargica","potentialAction":[{"@type":"SearchAction","target":{"@type":"EntryPoint","urlTemplate":"https:\/\/www.cpl.es\/?s={search_term_string}"},"query-input":{"@type":"PropertyValueSpecification","valueRequired":true,"valueName":"search_term_string"}}],"inLanguage":"ca"},{"@type":"Organization","@id":"https:\/\/www.cpl.es\/#organization","name":"Centre de Pastoral Lit\u00fargica","alternateName":"Centre de Pastoral Lit\u00fargica de Barcelona","url":"https:\/\/www.cpl.es\/","logo":{"@type":"ImageObject","inLanguage":"ca","@id":"https:\/\/www.cpl.es\/#\/schema\/logo\/image\/","url":"https:\/\/www.cpl.es\/wp-content\/uploads\/logo-cpl.svg","contentUrl":"https:\/\/www.cpl.es\/wp-content\/uploads\/logo-cpl.svg","caption":"Centre de Pastoral Lit\u00fargica"},"image":{"@id":"https:\/\/www.cpl.es\/#\/schema\/logo\/image\/"}}]}},"_links":{"self":[{"href":"https:\/\/www.cpl.es\/ca\/wp-json\/wp\/v2\/product\/6732","targetHints":{"allow":["GET"]}}],"collection":[{"href":"https:\/\/www.cpl.es\/ca\/wp-json\/wp\/v2\/product"}],"about":[{"href":"https:\/\/www.cpl.es\/ca\/wp-json\/wp\/v2\/types\/product"}],"wp:featuredmedia":[{"embeddable":true,"href":"https:\/\/www.cpl.es\/ca\/wp-json\/wp\/v2\/media\/6733"}],"wp:attachment":[{"href":"https:\/\/www.cpl.es\/ca\/wp-json\/wp\/v2\/media?parent=6732"}],"wp:term":[{"taxonomy":"product_brand","embeddable":true,"href":"https:\/\/www.cpl.es\/ca\/wp-json\/wp\/v2\/product_brand?post=6732"},{"taxonomy":"product_cat","embeddable":true,"href":"https:\/\/www.cpl.es\/ca\/wp-json\/wp\/v2\/product_cat?post=6732"},{"taxonomy":"product_tag","embeddable":true,"href":"https:\/\/www.cpl.es\/ca\/wp-json\/wp\/v2\/product_tag?post=6732"}],"curies":[{"name":"wp","href":"https:\/\/api.w.org\/{rel}","templated":true}]}}