{"id":6699,"date":"2023-10-04T08:49:15","date_gmt":"2023-10-04T06:49:15","guid":{"rendered":"https:\/\/nuevaweb.cpl.es\/producto\/santoral-del-calendario-el-9788474675603\/"},"modified":"2026-01-07T08:33:17","modified_gmt":"2026-01-07T07:33:17","slug":"santoral-del-calendario-el-9788491656609","status":"publish","type":"product","link":"https:\/\/www.cpl.es\/ca\/producto\/santoral-del-calendario-el-9788491656609\/","title":{"rendered":"Santoral del calendario, El"},"content":{"rendered":"<p> Entre la gran multitud de cristianas y cristianos que, a trav\u00e9s de los siglos, la Iglesia ha reconocido como santas y santos, solo de una selecci\u00f3n de ellos hacemos memoria en la celebraci\u00f3n lit\u00fargica, en la Eucarist\u00eda y la Liturgia de las Horas. Por eso mismo, es importante valorar su ejemplo cristiano, sentirnos en comuni\u00f3n de gozo y de oraci\u00f3n con ellos. El monje de la abad\u00eda de Montserrat, Alejandro Olivar, presenta en este Dossier una breve biograf\u00eda de cada uno de estos santos y santas del actual Calendario lit\u00fargico. Su sabidur\u00eda de historiador eclesial logra unir seriedad ver\u00eddica y hondura espiritual (y a\u00fan, en ocasiones, fino humor). Esta presentaci\u00f3n de cada santa o santo del Calendario puede ser \u00fatil para quienes siguen d\u00eda a d\u00eda las celebraciones lit\u00fargicas. Para ser le\u00eddas p\u00fablicamente, o ayudar en la preparaci\u00f3n de la homil\u00eda; tambi\u00e9n para motivar la oraci\u00f3n personal. Tantos y diversos ejemplos de seguimiento del Se\u00f1or Jes\u00fas, estimulan nuestro anhelo de respuesta cristiana. Alexandre M. (Llu\u00eds) Olivar i Dayd\u00ed (Barcelona 1919 &#8211; Montserrat 2018). Monje de Montserrat (1935). Especialista de la liturgia catalano-narbonesa, public\u00f3 fuentes esenciales de la historia lit\u00fargica de esta zona. En 1965 fue organizador y secretario general del II Congreso Lit\u00fargico de Montserrat. Miembro correspondiente del Instituto de Estudios Catalanes, en 1969 promovi\u00f3 la fundaci\u00f3n de la Sociedad catalana de Estudios Lit\u00fargicos, filial del Instituto de Estudios Catalanes, de la que ser\u00eda presidente em\u00e9rito hasta su fallecimiento. El 2017 recibi\u00f3 el doctorado honoris causa del Ateneo Universitario Sant Paci\u00e0.<\/p>\n","protected":false},"excerpt":{"rendered":"<p>Olivar Dayd\u00ed, Alexandre<\/p>\n","protected":false},"featured_media":18622,"template":"","meta":{"_acf_changed":false,"inline_featured_image":false},"product_brand":[],"product_cat":[75,44,133,112],"product_tag":[],"class_list":{"0":"post-6699","1":"product","2":"type-product","3":"status-publish","4":"has-post-thumbnail","6":"product_cat-dossiers-cpl-colleccions-catala","7":"product_cat-dossiers-cpl","8":"product_cat-santoral-any-liturgic-per-temes","9":"product_cat-santoral","11":"first","12":"instock","13":"taxable","14":"shipping-taxable","15":"purchasable","16":"product-type-simple"},"acf":{"autor":"Olivar Dayd\u00ed, Alexandre","codart":"101083","ediciones":"2","encuadernacion":"R\u00fastica","fecha_de_publicacion":"04\/03\/2025","novedad":false,"paginas":"212","subtitulo":"","orden":"999","portada":false,"idioma":"spa","editorial":[{"ID":6736,"post_author":"2","post_date":"2023-10-06 08:35:24","post_date_gmt":"2023-10-06 06:35:24","post_content":"","post_title":"CPL","post_excerpt":"","post_status":"publish","comment_status":"closed","ping_status":"closed","post_password":"","post_name":"cpl","to_ping":"","pinged":"","post_modified":"2023-10-06 08:35:24","post_modified_gmt":"2023-10-06 06:35:24","post_content_filtered":"","post_parent":0,"guid":"https:\/\/nuevaweb.cpl.es\/editorial\/cpl\/","menu_order":0,"post_type":"editorial","post_mime_type":"","comment_count":"0","filter":"raw"}],"coleccion_num":"83"},"yoast_head":"<!-- This site is optimized with the Yoast SEO plugin v27.3 - https:\/\/yoast.com\/product\/yoast-seo-wordpress\/ -->\n<title>Santoral del calendario, El - CPL<\/title>\n<meta name=\"robots\" content=\"index, follow, max-snippet:-1, max-image-preview:large, max-video-preview:-1\" \/>\n<link rel=\"canonical\" href=\"https:\/\/www.cpl.es\/producto\/santoral-del-calendario-el-9788491656609\/\" \/>\n<meta property=\"og:locale\" content=\"ca_ES\" \/>\n<meta property=\"og:type\" content=\"article\" \/>\n<meta property=\"og:title\" content=\"Santoral del calendario, El - CPL\" \/>\n<meta property=\"og:description\" content=\"Olivar Dayd\u00ed, Alexandre\" \/>\n<meta property=\"og:url\" content=\"https:\/\/www.cpl.es\/producto\/santoral-del-calendario-el-9788491656609\/\" \/>\n<meta property=\"og:site_name\" content=\"CPL\" \/>\n<meta property=\"article:modified_time\" content=\"2026-01-07T07:33:17+00:00\" \/>\n<meta property=\"og:image\" content=\"https:\/\/www.cpl.es\/wp-content\/uploads\/9788491656609-1.jpg\" \/>\n\t<meta property=\"og:image:width\" content=\"216\" \/>\n\t<meta property=\"og:image:height\" content=\"300\" \/>\n\t<meta property=\"og:image:type\" content=\"image\/jpeg\" \/>\n<meta name=\"twitter:card\" content=\"summary_large_image\" \/>\n<meta name=\"twitter:label1\" content=\"Temps estimat de lectura\" \/>\n\t<meta name=\"twitter:data1\" content=\"1 minut\" \/>\n<script type=\"application\/ld+json\" class=\"yoast-schema-graph\">{\"@context\":\"https:\\\/\\\/schema.org\",\"@graph\":[{\"@type\":\"WebPage\",\"@id\":\"https:\\\/\\\/www.cpl.es\\\/producto\\\/santoral-del-calendario-el-9788491656609\\\/\",\"url\":\"https:\\\/\\\/www.cpl.es\\\/producto\\\/santoral-del-calendario-el-9788491656609\\\/\",\"name\":\"Santoral del calendario, El - CPL\",\"isPartOf\":{\"@id\":\"https:\\\/\\\/www.cpl.es\\\/#website\"},\"primaryImageOfPage\":{\"@id\":\"https:\\\/\\\/www.cpl.es\\\/producto\\\/santoral-del-calendario-el-9788491656609\\\/#primaryimage\"},\"image\":{\"@id\":\"https:\\\/\\\/www.cpl.es\\\/producto\\\/santoral-del-calendario-el-9788491656609\\\/#primaryimage\"},\"thumbnailUrl\":\"https:\\\/\\\/www.cpl.es\\\/wp-content\\\/uploads\\\/9788491656609-1.jpg\",\"datePublished\":\"2023-10-04T06:49:15+00:00\",\"dateModified\":\"2026-01-07T07:33:17+00:00\",\"breadcrumb\":{\"@id\":\"https:\\\/\\\/www.cpl.es\\\/producto\\\/santoral-del-calendario-el-9788491656609\\\/#breadcrumb\"},\"inLanguage\":\"ca\",\"potentialAction\":[{\"@type\":\"ReadAction\",\"target\":[\"https:\\\/\\\/www.cpl.es\\\/producto\\\/santoral-del-calendario-el-9788491656609\\\/\"]}]},{\"@type\":\"ImageObject\",\"inLanguage\":\"ca\",\"@id\":\"https:\\\/\\\/www.cpl.es\\\/producto\\\/santoral-del-calendario-el-9788491656609\\\/#primaryimage\",\"url\":\"https:\\\/\\\/www.cpl.es\\\/wp-content\\\/uploads\\\/9788491656609-1.jpg\",\"contentUrl\":\"https:\\\/\\\/www.cpl.es\\\/wp-content\\\/uploads\\\/9788491656609-1.jpg\",\"width\":216,\"height\":300,\"caption\":\"9788491656609.jpg\"},{\"@type\":\"BreadcrumbList\",\"@id\":\"https:\\\/\\\/www.cpl.es\\\/producto\\\/santoral-del-calendario-el-9788491656609\\\/#breadcrumb\",\"itemListElement\":[{\"@type\":\"ListItem\",\"position\":1,\"name\":\"Portada\",\"item\":\"https:\\\/\\\/www.cpl.es\\\/ca\\\/\"},{\"@type\":\"ListItem\",\"position\":2,\"name\":\"Cat\u00e0leg\",\"item\":\"https:\\\/\\\/www.cpl.es\\\/ca\\\/cataleg\\\/\"},{\"@type\":\"ListItem\",\"position\":3,\"name\":\"Santoral del calendario, El\"}]},{\"@type\":\"WebSite\",\"@id\":\"https:\\\/\\\/www.cpl.es\\\/#website\",\"url\":\"https:\\\/\\\/www.cpl.es\\\/\",\"name\":\"CPL\",\"description\":\"Centre de Pastoral Lit\u00fargica de Barcelona\",\"publisher\":{\"@id\":\"https:\\\/\\\/www.cpl.es\\\/#organization\"},\"alternateName\":\"Centre de Pastoral Lit\u00fargica\",\"potentialAction\":[{\"@type\":\"SearchAction\",\"target\":{\"@type\":\"EntryPoint\",\"urlTemplate\":\"https:\\\/\\\/www.cpl.es\\\/?s={search_term_string}\"},\"query-input\":{\"@type\":\"PropertyValueSpecification\",\"valueRequired\":true,\"valueName\":\"search_term_string\"}}],\"inLanguage\":\"ca\"},{\"@type\":\"Organization\",\"@id\":\"https:\\\/\\\/www.cpl.es\\\/#organization\",\"name\":\"Centre de Pastoral Lit\u00fargica\",\"alternateName\":\"Centre de Pastoral Lit\u00fargica de Barcelona\",\"url\":\"https:\\\/\\\/www.cpl.es\\\/\",\"logo\":{\"@type\":\"ImageObject\",\"inLanguage\":\"ca\",\"@id\":\"https:\\\/\\\/www.cpl.es\\\/#\\\/schema\\\/logo\\\/image\\\/\",\"url\":\"https:\\\/\\\/www.cpl.es\\\/wp-content\\\/uploads\\\/logo-cpl.svg\",\"contentUrl\":\"https:\\\/\\\/www.cpl.es\\\/wp-content\\\/uploads\\\/logo-cpl.svg\",\"caption\":\"Centre de Pastoral Lit\u00fargica\"},\"image\":{\"@id\":\"https:\\\/\\\/www.cpl.es\\\/#\\\/schema\\\/logo\\\/image\\\/\"}}]}<\/script>\n<!-- \/ Yoast SEO plugin. -->","yoast_head_json":{"title":"Santoral del calendario, El - CPL","robots":{"index":"index","follow":"follow","max-snippet":"max-snippet:-1","max-image-preview":"max-image-preview:large","max-video-preview":"max-video-preview:-1"},"canonical":"https:\/\/www.cpl.es\/producto\/santoral-del-calendario-el-9788491656609\/","og_locale":"ca_ES","og_type":"article","og_title":"Santoral del calendario, El - CPL","og_description":"Olivar Dayd\u00ed, Alexandre","og_url":"https:\/\/www.cpl.es\/producto\/santoral-del-calendario-el-9788491656609\/","og_site_name":"CPL","article_modified_time":"2026-01-07T07:33:17+00:00","og_image":[{"width":216,"height":300,"url":"https:\/\/www.cpl.es\/wp-content\/uploads\/9788491656609-1.jpg","type":"image\/jpeg"}],"twitter_card":"summary_large_image","twitter_misc":{"Temps estimat de lectura":"1 minut"},"schema":{"@context":"https:\/\/schema.org","@graph":[{"@type":"WebPage","@id":"https:\/\/www.cpl.es\/producto\/santoral-del-calendario-el-9788491656609\/","url":"https:\/\/www.cpl.es\/producto\/santoral-del-calendario-el-9788491656609\/","name":"Santoral del calendario, El - CPL","isPartOf":{"@id":"https:\/\/www.cpl.es\/#website"},"primaryImageOfPage":{"@id":"https:\/\/www.cpl.es\/producto\/santoral-del-calendario-el-9788491656609\/#primaryimage"},"image":{"@id":"https:\/\/www.cpl.es\/producto\/santoral-del-calendario-el-9788491656609\/#primaryimage"},"thumbnailUrl":"https:\/\/www.cpl.es\/wp-content\/uploads\/9788491656609-1.jpg","datePublished":"2023-10-04T06:49:15+00:00","dateModified":"2026-01-07T07:33:17+00:00","breadcrumb":{"@id":"https:\/\/www.cpl.es\/producto\/santoral-del-calendario-el-9788491656609\/#breadcrumb"},"inLanguage":"ca","potentialAction":[{"@type":"ReadAction","target":["https:\/\/www.cpl.es\/producto\/santoral-del-calendario-el-9788491656609\/"]}]},{"@type":"ImageObject","inLanguage":"ca","@id":"https:\/\/www.cpl.es\/producto\/santoral-del-calendario-el-9788491656609\/#primaryimage","url":"https:\/\/www.cpl.es\/wp-content\/uploads\/9788491656609-1.jpg","contentUrl":"https:\/\/www.cpl.es\/wp-content\/uploads\/9788491656609-1.jpg","width":216,"height":300,"caption":"9788491656609.jpg"},{"@type":"BreadcrumbList","@id":"https:\/\/www.cpl.es\/producto\/santoral-del-calendario-el-9788491656609\/#breadcrumb","itemListElement":[{"@type":"ListItem","position":1,"name":"Portada","item":"https:\/\/www.cpl.es\/ca\/"},{"@type":"ListItem","position":2,"name":"Cat\u00e0leg","item":"https:\/\/www.cpl.es\/ca\/cataleg\/"},{"@type":"ListItem","position":3,"name":"Santoral del calendario, El"}]},{"@type":"WebSite","@id":"https:\/\/www.cpl.es\/#website","url":"https:\/\/www.cpl.es\/","name":"CPL","description":"Centre de Pastoral Lit\u00fargica de Barcelona","publisher":{"@id":"https:\/\/www.cpl.es\/#organization"},"alternateName":"Centre de Pastoral Lit\u00fargica","potentialAction":[{"@type":"SearchAction","target":{"@type":"EntryPoint","urlTemplate":"https:\/\/www.cpl.es\/?s={search_term_string}"},"query-input":{"@type":"PropertyValueSpecification","valueRequired":true,"valueName":"search_term_string"}}],"inLanguage":"ca"},{"@type":"Organization","@id":"https:\/\/www.cpl.es\/#organization","name":"Centre de Pastoral Lit\u00fargica","alternateName":"Centre de Pastoral Lit\u00fargica de Barcelona","url":"https:\/\/www.cpl.es\/","logo":{"@type":"ImageObject","inLanguage":"ca","@id":"https:\/\/www.cpl.es\/#\/schema\/logo\/image\/","url":"https:\/\/www.cpl.es\/wp-content\/uploads\/logo-cpl.svg","contentUrl":"https:\/\/www.cpl.es\/wp-content\/uploads\/logo-cpl.svg","caption":"Centre de Pastoral Lit\u00fargica"},"image":{"@id":"https:\/\/www.cpl.es\/#\/schema\/logo\/image\/"}}]}},"_links":{"self":[{"href":"https:\/\/www.cpl.es\/ca\/wp-json\/wp\/v2\/product\/6699","targetHints":{"allow":["GET"]}}],"collection":[{"href":"https:\/\/www.cpl.es\/ca\/wp-json\/wp\/v2\/product"}],"about":[{"href":"https:\/\/www.cpl.es\/ca\/wp-json\/wp\/v2\/types\/product"}],"wp:featuredmedia":[{"embeddable":true,"href":"https:\/\/www.cpl.es\/ca\/wp-json\/wp\/v2\/media\/18622"}],"wp:attachment":[{"href":"https:\/\/www.cpl.es\/ca\/wp-json\/wp\/v2\/media?parent=6699"}],"wp:term":[{"taxonomy":"product_brand","embeddable":true,"href":"https:\/\/www.cpl.es\/ca\/wp-json\/wp\/v2\/product_brand?post=6699"},{"taxonomy":"product_cat","embeddable":true,"href":"https:\/\/www.cpl.es\/ca\/wp-json\/wp\/v2\/product_cat?post=6699"},{"taxonomy":"product_tag","embeddable":true,"href":"https:\/\/www.cpl.es\/ca\/wp-json\/wp\/v2\/product_tag?post=6699"}],"curies":[{"name":"wp","href":"https:\/\/api.w.org\/{rel}","templated":true}]}}