{"id":668,"date":"2023-10-04T00:46:38","date_gmt":"2023-10-03T22:46:38","guid":{"rendered":"https:\/\/nuevaweb.cpl.es\/producto\/columba-marmion-cien-anos-de-legado-espiritual-9788491655237\/"},"modified":"2023-12-05T13:55:39","modified_gmt":"2023-12-05T12:55:39","slug":"columba-marmion-cien-anos-de-legado-espiritual-9788491655237","status":"publish","type":"product","link":"https:\/\/www.cpl.es\/ca\/producto\/columba-marmion-cien-anos-de-legado-espiritual-9788491655237\/","title":{"rendered":"Columba Marmion, cien a\u00f1os de legado espiritual"},"content":{"rendered":"<p>En este libro se recoge una selecci\u00f3n de las tres obras principales de Columba Marmion, precedida de un apunte biogr\u00e1fico que las contextualiza y una nota explicativa al inicio de cada una: Cristo Vida del Alma, Cristo en sus misterios, Cristo ideal del monje. Los acontecimientos mundiales y eclesiales que han ido marcando las dos primeras d\u00e9cadas del siglo XXI han dejado en la penumbra la figura de este hombre de acci\u00f3n y a la vez m\u00edstico. Fue el tercer abad del monasterio belga de Maredsous y su doctrina recibi\u00f3, ya en vida, una amplia difusi\u00f3n a lo largo del siglo pasado, propiciando que en el a\u00f1o 2000 fuera proclamado beato.<\/p>\n<p>Bernab\u00e9 Dalmau (Igualada, Barcelona, 1944), es monje de Montserrat, licenciado en teolog\u00eda y en derecho can\u00f3nico, experto en liturgia, director de la revista Documents d'Esgl\u00e9sia y miembro del Centre de Pastoral Lit\u00fargica. Recientemente ha publicado diversas obras, tanto de car\u00e1cter lit\u00fargico como de vida cristiana.<\/p>\n","protected":false},"excerpt":{"rendered":"<p>Dalmau Ribalta, Bernab\u00e9<\/p>\n","protected":false},"featured_media":669,"template":"","meta":{"_acf_changed":false,"inline_featured_image":false},"product_brand":[],"product_cat":[99,100,156,65,88,62,85,84,61],"product_tag":[],"class_list":{"0":"post-668","1":"product","2":"type-product","3":"status-publish","4":"has-post-thumbnail","6":"product_cat-cpl-libri","7":"product_cat-cpl-libri-colleccions-catala","8":"product_cat-documentacion-liturgica-de-la-antiguedad","9":"product_cat-espiritualidad","10":"product_cat-espiritualitat","11":"product_cat-historia-de-la-liturgia","12":"product_cat-historia-de-la-liturgia-per-temes-catala","13":"product_cat-liturgia-i-teologia","14":"product_cat-liturgia-y-teologia","16":"first","17":"instock","18":"taxable","19":"shipping-taxable","20":"purchasable","21":"product-type-simple"},"acf":{"autor":"Dalmau Ribalta, Bernab\u00e9","codart":"117054","ediciones":"2","encuadernacion":"R\u00fastica","fecha_de_publicacion":"19\/12\/2022","novedad":true,"paginas":"120","subtitulo":"","orden":"1","portada":false,"idioma":"spa","editorial":[{"ID":6736,"post_author":"2","post_date":"2023-10-06 08:35:24","post_date_gmt":"2023-10-06 06:35:24","post_content":"","post_title":"CPL","post_excerpt":"","post_status":"publish","comment_status":"closed","ping_status":"closed","post_password":"","post_name":"cpl","to_ping":"","pinged":"","post_modified":"2023-10-06 08:35:24","post_modified_gmt":"2023-10-06 06:35:24","post_content_filtered":"","post_parent":0,"guid":"https:\/\/nuevaweb.cpl.es\/editorial\/cpl\/","menu_order":0,"post_type":"editorial","post_mime_type":"","comment_count":"0","filter":"raw"}]},"yoast_head":"<!-- This site is optimized with the Yoast SEO plugin v27.3 - https:\/\/yoast.com\/product\/yoast-seo-wordpress\/ -->\n<title>Columba Marmion, cien a\u00f1os de legado espiritual - CPL<\/title>\n<meta name=\"robots\" content=\"index, follow, max-snippet:-1, max-image-preview:large, max-video-preview:-1\" \/>\n<link rel=\"canonical\" href=\"https:\/\/www.cpl.es\/producto\/columba-marmion-cien-anos-de-legado-espiritual-9788491655237\/\" \/>\n<meta property=\"og:locale\" content=\"ca_ES\" \/>\n<meta property=\"og:type\" content=\"article\" \/>\n<meta property=\"og:title\" content=\"Columba Marmion, cien a\u00f1os de legado espiritual - CPL\" \/>\n<meta property=\"og:description\" content=\"Dalmau Ribalta, Bernab\u00e9\" \/>\n<meta property=\"og:url\" content=\"https:\/\/www.cpl.es\/producto\/columba-marmion-cien-anos-de-legado-espiritual-9788491655237\/\" \/>\n<meta property=\"og:site_name\" content=\"CPL\" \/>\n<meta property=\"article:modified_time\" content=\"2023-12-05T12:55:39+00:00\" \/>\n<meta property=\"og:image\" content=\"https:\/\/www.cpl.es\/wp-content\/uploads\/117054.jpg\" \/>\n\t<meta property=\"og:image:width\" content=\"280\" \/>\n\t<meta property=\"og:image:height\" content=\"443\" \/>\n\t<meta property=\"og:image:type\" content=\"image\/jpeg\" \/>\n<meta name=\"twitter:card\" content=\"summary_large_image\" \/>\n<meta name=\"twitter:label1\" content=\"Temps estimat de lectura\" \/>\n\t<meta name=\"twitter:data1\" content=\"1 minut\" \/>\n<script type=\"application\/ld+json\" class=\"yoast-schema-graph\">{\"@context\":\"https:\\\/\\\/schema.org\",\"@graph\":[{\"@type\":\"WebPage\",\"@id\":\"https:\\\/\\\/www.cpl.es\\\/producto\\\/columba-marmion-cien-anos-de-legado-espiritual-9788491655237\\\/\",\"url\":\"https:\\\/\\\/www.cpl.es\\\/producto\\\/columba-marmion-cien-anos-de-legado-espiritual-9788491655237\\\/\",\"name\":\"Columba Marmion, cien a\u00f1os de legado espiritual - CPL\",\"isPartOf\":{\"@id\":\"https:\\\/\\\/www.cpl.es\\\/#website\"},\"primaryImageOfPage\":{\"@id\":\"https:\\\/\\\/www.cpl.es\\\/producto\\\/columba-marmion-cien-anos-de-legado-espiritual-9788491655237\\\/#primaryimage\"},\"image\":{\"@id\":\"https:\\\/\\\/www.cpl.es\\\/producto\\\/columba-marmion-cien-anos-de-legado-espiritual-9788491655237\\\/#primaryimage\"},\"thumbnailUrl\":\"https:\\\/\\\/www.cpl.es\\\/wp-content\\\/uploads\\\/117054.jpg\",\"datePublished\":\"2023-10-03T22:46:38+00:00\",\"dateModified\":\"2023-12-05T12:55:39+00:00\",\"breadcrumb\":{\"@id\":\"https:\\\/\\\/www.cpl.es\\\/producto\\\/columba-marmion-cien-anos-de-legado-espiritual-9788491655237\\\/#breadcrumb\"},\"inLanguage\":\"ca\",\"potentialAction\":[{\"@type\":\"ReadAction\",\"target\":[\"https:\\\/\\\/www.cpl.es\\\/producto\\\/columba-marmion-cien-anos-de-legado-espiritual-9788491655237\\\/\"]}]},{\"@type\":\"ImageObject\",\"inLanguage\":\"ca\",\"@id\":\"https:\\\/\\\/www.cpl.es\\\/producto\\\/columba-marmion-cien-anos-de-legado-espiritual-9788491655237\\\/#primaryimage\",\"url\":\"https:\\\/\\\/www.cpl.es\\\/wp-content\\\/uploads\\\/117054.jpg\",\"contentUrl\":\"https:\\\/\\\/www.cpl.es\\\/wp-content\\\/uploads\\\/117054.jpg\",\"width\":280,\"height\":443,\"caption\":\"117054.jpg\"},{\"@type\":\"BreadcrumbList\",\"@id\":\"https:\\\/\\\/www.cpl.es\\\/producto\\\/columba-marmion-cien-anos-de-legado-espiritual-9788491655237\\\/#breadcrumb\",\"itemListElement\":[{\"@type\":\"ListItem\",\"position\":1,\"name\":\"Portada\",\"item\":\"https:\\\/\\\/www.cpl.es\\\/ca\\\/\"},{\"@type\":\"ListItem\",\"position\":2,\"name\":\"Cat\u00e0leg\",\"item\":\"https:\\\/\\\/www.cpl.es\\\/ca\\\/cataleg\\\/\"},{\"@type\":\"ListItem\",\"position\":3,\"name\":\"Columba Marmion, cien a\u00f1os de legado espiritual\"}]},{\"@type\":\"WebSite\",\"@id\":\"https:\\\/\\\/www.cpl.es\\\/#website\",\"url\":\"https:\\\/\\\/www.cpl.es\\\/\",\"name\":\"CPL\",\"description\":\"Centre de Pastoral Lit\u00fargica de Barcelona\",\"publisher\":{\"@id\":\"https:\\\/\\\/www.cpl.es\\\/#organization\"},\"alternateName\":\"Centre de Pastoral Lit\u00fargica\",\"potentialAction\":[{\"@type\":\"SearchAction\",\"target\":{\"@type\":\"EntryPoint\",\"urlTemplate\":\"https:\\\/\\\/www.cpl.es\\\/?s={search_term_string}\"},\"query-input\":{\"@type\":\"PropertyValueSpecification\",\"valueRequired\":true,\"valueName\":\"search_term_string\"}}],\"inLanguage\":\"ca\"},{\"@type\":\"Organization\",\"@id\":\"https:\\\/\\\/www.cpl.es\\\/#organization\",\"name\":\"Centre de Pastoral Lit\u00fargica\",\"alternateName\":\"Centre de Pastoral Lit\u00fargica de Barcelona\",\"url\":\"https:\\\/\\\/www.cpl.es\\\/\",\"logo\":{\"@type\":\"ImageObject\",\"inLanguage\":\"ca\",\"@id\":\"https:\\\/\\\/www.cpl.es\\\/#\\\/schema\\\/logo\\\/image\\\/\",\"url\":\"https:\\\/\\\/www.cpl.es\\\/wp-content\\\/uploads\\\/logo-cpl.svg\",\"contentUrl\":\"https:\\\/\\\/www.cpl.es\\\/wp-content\\\/uploads\\\/logo-cpl.svg\",\"caption\":\"Centre de Pastoral Lit\u00fargica\"},\"image\":{\"@id\":\"https:\\\/\\\/www.cpl.es\\\/#\\\/schema\\\/logo\\\/image\\\/\"}}]}<\/script>\n<!-- \/ Yoast SEO plugin. -->","yoast_head_json":{"title":"Columba Marmion, cien a\u00f1os de legado espiritual - CPL","robots":{"index":"index","follow":"follow","max-snippet":"max-snippet:-1","max-image-preview":"max-image-preview:large","max-video-preview":"max-video-preview:-1"},"canonical":"https:\/\/www.cpl.es\/producto\/columba-marmion-cien-anos-de-legado-espiritual-9788491655237\/","og_locale":"ca_ES","og_type":"article","og_title":"Columba Marmion, cien a\u00f1os de legado espiritual - CPL","og_description":"Dalmau Ribalta, Bernab\u00e9","og_url":"https:\/\/www.cpl.es\/producto\/columba-marmion-cien-anos-de-legado-espiritual-9788491655237\/","og_site_name":"CPL","article_modified_time":"2023-12-05T12:55:39+00:00","og_image":[{"width":280,"height":443,"url":"https:\/\/www.cpl.es\/wp-content\/uploads\/117054.jpg","type":"image\/jpeg"}],"twitter_card":"summary_large_image","twitter_misc":{"Temps estimat de lectura":"1 minut"},"schema":{"@context":"https:\/\/schema.org","@graph":[{"@type":"WebPage","@id":"https:\/\/www.cpl.es\/producto\/columba-marmion-cien-anos-de-legado-espiritual-9788491655237\/","url":"https:\/\/www.cpl.es\/producto\/columba-marmion-cien-anos-de-legado-espiritual-9788491655237\/","name":"Columba Marmion, cien a\u00f1os de legado espiritual - CPL","isPartOf":{"@id":"https:\/\/www.cpl.es\/#website"},"primaryImageOfPage":{"@id":"https:\/\/www.cpl.es\/producto\/columba-marmion-cien-anos-de-legado-espiritual-9788491655237\/#primaryimage"},"image":{"@id":"https:\/\/www.cpl.es\/producto\/columba-marmion-cien-anos-de-legado-espiritual-9788491655237\/#primaryimage"},"thumbnailUrl":"https:\/\/www.cpl.es\/wp-content\/uploads\/117054.jpg","datePublished":"2023-10-03T22:46:38+00:00","dateModified":"2023-12-05T12:55:39+00:00","breadcrumb":{"@id":"https:\/\/www.cpl.es\/producto\/columba-marmion-cien-anos-de-legado-espiritual-9788491655237\/#breadcrumb"},"inLanguage":"ca","potentialAction":[{"@type":"ReadAction","target":["https:\/\/www.cpl.es\/producto\/columba-marmion-cien-anos-de-legado-espiritual-9788491655237\/"]}]},{"@type":"ImageObject","inLanguage":"ca","@id":"https:\/\/www.cpl.es\/producto\/columba-marmion-cien-anos-de-legado-espiritual-9788491655237\/#primaryimage","url":"https:\/\/www.cpl.es\/wp-content\/uploads\/117054.jpg","contentUrl":"https:\/\/www.cpl.es\/wp-content\/uploads\/117054.jpg","width":280,"height":443,"caption":"117054.jpg"},{"@type":"BreadcrumbList","@id":"https:\/\/www.cpl.es\/producto\/columba-marmion-cien-anos-de-legado-espiritual-9788491655237\/#breadcrumb","itemListElement":[{"@type":"ListItem","position":1,"name":"Portada","item":"https:\/\/www.cpl.es\/ca\/"},{"@type":"ListItem","position":2,"name":"Cat\u00e0leg","item":"https:\/\/www.cpl.es\/ca\/cataleg\/"},{"@type":"ListItem","position":3,"name":"Columba Marmion, cien a\u00f1os de legado espiritual"}]},{"@type":"WebSite","@id":"https:\/\/www.cpl.es\/#website","url":"https:\/\/www.cpl.es\/","name":"CPL","description":"Centre de Pastoral Lit\u00fargica de Barcelona","publisher":{"@id":"https:\/\/www.cpl.es\/#organization"},"alternateName":"Centre de Pastoral Lit\u00fargica","potentialAction":[{"@type":"SearchAction","target":{"@type":"EntryPoint","urlTemplate":"https:\/\/www.cpl.es\/?s={search_term_string}"},"query-input":{"@type":"PropertyValueSpecification","valueRequired":true,"valueName":"search_term_string"}}],"inLanguage":"ca"},{"@type":"Organization","@id":"https:\/\/www.cpl.es\/#organization","name":"Centre de Pastoral Lit\u00fargica","alternateName":"Centre de Pastoral Lit\u00fargica de Barcelona","url":"https:\/\/www.cpl.es\/","logo":{"@type":"ImageObject","inLanguage":"ca","@id":"https:\/\/www.cpl.es\/#\/schema\/logo\/image\/","url":"https:\/\/www.cpl.es\/wp-content\/uploads\/logo-cpl.svg","contentUrl":"https:\/\/www.cpl.es\/wp-content\/uploads\/logo-cpl.svg","caption":"Centre de Pastoral Lit\u00fargica"},"image":{"@id":"https:\/\/www.cpl.es\/#\/schema\/logo\/image\/"}}]}},"_links":{"self":[{"href":"https:\/\/www.cpl.es\/ca\/wp-json\/wp\/v2\/product\/668","targetHints":{"allow":["GET"]}}],"collection":[{"href":"https:\/\/www.cpl.es\/ca\/wp-json\/wp\/v2\/product"}],"about":[{"href":"https:\/\/www.cpl.es\/ca\/wp-json\/wp\/v2\/types\/product"}],"wp:featuredmedia":[{"embeddable":true,"href":"https:\/\/www.cpl.es\/ca\/wp-json\/wp\/v2\/media\/669"}],"wp:attachment":[{"href":"https:\/\/www.cpl.es\/ca\/wp-json\/wp\/v2\/media?parent=668"}],"wp:term":[{"taxonomy":"product_brand","embeddable":true,"href":"https:\/\/www.cpl.es\/ca\/wp-json\/wp\/v2\/product_brand?post=668"},{"taxonomy":"product_cat","embeddable":true,"href":"https:\/\/www.cpl.es\/ca\/wp-json\/wp\/v2\/product_cat?post=668"},{"taxonomy":"product_tag","embeddable":true,"href":"https:\/\/www.cpl.es\/ca\/wp-json\/wp\/v2\/product_tag?post=668"}],"curies":[{"name":"wp","href":"https:\/\/api.w.org\/{rel}","templated":true}]}}