{"id":656,"date":"2023-10-04T00:46:14","date_gmt":"2023-10-03T22:46:14","guid":{"rendered":"https:\/\/nuevaweb.cpl.es\/producto\/el-peregrinaje-ecumenico-9788491655435\/"},"modified":"2025-10-03T11:08:45","modified_gmt":"2025-10-03T09:08:45","slug":"el-peregrinaje-ecumenico-9788491655435","status":"publish","type":"product","link":"https:\/\/www.cpl.es\/ca\/producto\/el-peregrinaje-ecumenico-9788491655435\/","title":{"rendered":"El peregrinaje ecum\u00e9nico"},"content":{"rendered":"<p> En el transcurso de los siglos se han producido graves divisiones de la unidad cristiana (las Iglesias orientales en el siglo V, Iglesias ortodoxas en el siglo XI y la Reforma Protestante en el siglo XVI). Este libro estudia la evoluci\u00f3n de las Iglesias divididas hacia la unidad que Cristo quiso para su Iglesia, desde 1965 con la finalizaci\u00f3n del Concilio Vaticano II y la IV Asamblea del Consejo Mundial de las Iglesias (Upsala, 1968), hasta la actualidad (X Asamblea del CMI en Karlsruhe, 2022). Esta obra pretende aportar una s\u00edntesis de como han evolucionado los esfuerzos para conseguir la unidad visible de las principales confesiones cristianas. Durante estos casi sesenta a\u00f1os, el movimiento ecum\u00e9nico ha conseguido muy buenos hitos. De hecho, el grueso del mensaje cristiano es b\u00e1sicamente com\u00fan en casi todas las Iglesias y constituye un buen y s\u00f3lido punto de partida para empezar y coser los temas en disputa que provocaron las divisiones. El movimiento ecum\u00e9nico hacia la unidad avanza, a pesar de lo que muchos puedan pensar. El mandato de Jes\u00fas \u00abque todos sean uno\u00bb se va consiguiendo. Este es el mensaje del libro que tienes en tus manos.<\/p>\n","protected":false},"excerpt":{"rendered":"<p>Matabosch i Soler, Antoni<\/p>\n","protected":false},"featured_media":657,"template":"","meta":{"_acf_changed":false,"inline_featured_image":false},"product_brand":[],"product_cat":[73,49],"product_tag":[],"class_list":{"0":"post-656","1":"product","2":"type-product","3":"status-publish","4":"has-post-thumbnail","6":"product_cat-emaus-colleccions-catala","7":"product_cat-emaus","9":"first","10":"instock","11":"taxable","12":"shipping-taxable","13":"purchasable","14":"product-type-simple"},"acf":{"autor":"Matabosch i Soler, Antoni","codart":"108173","ediciones":"1","encuadernacion":"R\u00fastica con solapas","fecha_de_publicacion":"23\/02\/2023","novedad":false,"paginas":"248","subtitulo":"Del Vaticano II hasta nuestros d\u00edas","orden":"30","portada":false,"idioma":"spa","editorial":[{"ID":6736,"post_author":"2","post_date":"2023-10-06 08:35:24","post_date_gmt":"2023-10-06 06:35:24","post_content":"","post_title":"CPL","post_excerpt":"","post_status":"publish","comment_status":"closed","ping_status":"closed","post_password":"","post_name":"cpl","to_ping":"","pinged":"","post_modified":"2023-10-06 08:35:24","post_modified_gmt":"2023-10-06 06:35:24","post_content_filtered":"","post_parent":0,"guid":"https:\/\/nuevaweb.cpl.es\/editorial\/cpl\/","menu_order":0,"post_type":"editorial","post_mime_type":"","comment_count":"0","filter":"raw"}],"coleccion_num":"173"},"yoast_head":"<!-- This site is optimized with the Yoast SEO plugin v27.3 - https:\/\/yoast.com\/product\/yoast-seo-wordpress\/ -->\n<title>El peregrinaje ecum\u00e9nico - CPL<\/title>\n<meta name=\"robots\" content=\"index, follow, max-snippet:-1, max-image-preview:large, max-video-preview:-1\" \/>\n<link rel=\"canonical\" href=\"https:\/\/www.cpl.es\/producto\/el-peregrinaje-ecumenico-9788491655435\/\" \/>\n<meta property=\"og:locale\" content=\"ca_ES\" \/>\n<meta property=\"og:type\" content=\"article\" \/>\n<meta property=\"og:title\" content=\"El peregrinaje ecum\u00e9nico - CPL\" \/>\n<meta property=\"og:description\" content=\"Matabosch i Soler, Antoni\" \/>\n<meta property=\"og:url\" content=\"https:\/\/www.cpl.es\/producto\/el-peregrinaje-ecumenico-9788491655435\/\" \/>\n<meta property=\"og:site_name\" content=\"CPL\" \/>\n<meta property=\"article:modified_time\" content=\"2025-10-03T09:08:45+00:00\" \/>\n<meta property=\"og:image\" content=\"https:\/\/www.cpl.es\/wp-content\/uploads\/108173.jpg\" \/>\n\t<meta property=\"og:image:width\" content=\"280\" \/>\n\t<meta property=\"og:image:height\" content=\"443\" \/>\n\t<meta property=\"og:image:type\" content=\"image\/jpeg\" \/>\n<meta name=\"twitter:card\" content=\"summary_large_image\" \/>\n<meta name=\"twitter:label1\" content=\"Temps estimat de lectura\" \/>\n\t<meta name=\"twitter:data1\" content=\"1 minut\" \/>\n<script type=\"application\/ld+json\" class=\"yoast-schema-graph\">{\"@context\":\"https:\\\/\\\/schema.org\",\"@graph\":[{\"@type\":\"WebPage\",\"@id\":\"https:\\\/\\\/www.cpl.es\\\/producto\\\/el-peregrinaje-ecumenico-9788491655435\\\/\",\"url\":\"https:\\\/\\\/www.cpl.es\\\/producto\\\/el-peregrinaje-ecumenico-9788491655435\\\/\",\"name\":\"El peregrinaje ecum\u00e9nico - CPL\",\"isPartOf\":{\"@id\":\"https:\\\/\\\/www.cpl.es\\\/#website\"},\"primaryImageOfPage\":{\"@id\":\"https:\\\/\\\/www.cpl.es\\\/producto\\\/el-peregrinaje-ecumenico-9788491655435\\\/#primaryimage\"},\"image\":{\"@id\":\"https:\\\/\\\/www.cpl.es\\\/producto\\\/el-peregrinaje-ecumenico-9788491655435\\\/#primaryimage\"},\"thumbnailUrl\":\"https:\\\/\\\/www.cpl.es\\\/wp-content\\\/uploads\\\/108173.jpg\",\"datePublished\":\"2023-10-03T22:46:14+00:00\",\"dateModified\":\"2025-10-03T09:08:45+00:00\",\"breadcrumb\":{\"@id\":\"https:\\\/\\\/www.cpl.es\\\/producto\\\/el-peregrinaje-ecumenico-9788491655435\\\/#breadcrumb\"},\"inLanguage\":\"ca\",\"potentialAction\":[{\"@type\":\"ReadAction\",\"target\":[\"https:\\\/\\\/www.cpl.es\\\/producto\\\/el-peregrinaje-ecumenico-9788491655435\\\/\"]}]},{\"@type\":\"ImageObject\",\"inLanguage\":\"ca\",\"@id\":\"https:\\\/\\\/www.cpl.es\\\/producto\\\/el-peregrinaje-ecumenico-9788491655435\\\/#primaryimage\",\"url\":\"https:\\\/\\\/www.cpl.es\\\/wp-content\\\/uploads\\\/108173.jpg\",\"contentUrl\":\"https:\\\/\\\/www.cpl.es\\\/wp-content\\\/uploads\\\/108173.jpg\",\"width\":280,\"height\":443,\"caption\":\"108173.jpg\"},{\"@type\":\"BreadcrumbList\",\"@id\":\"https:\\\/\\\/www.cpl.es\\\/producto\\\/el-peregrinaje-ecumenico-9788491655435\\\/#breadcrumb\",\"itemListElement\":[{\"@type\":\"ListItem\",\"position\":1,\"name\":\"Portada\",\"item\":\"https:\\\/\\\/www.cpl.es\\\/ca\\\/\"},{\"@type\":\"ListItem\",\"position\":2,\"name\":\"Cat\u00e0leg\",\"item\":\"https:\\\/\\\/www.cpl.es\\\/ca\\\/cataleg\\\/\"},{\"@type\":\"ListItem\",\"position\":3,\"name\":\"El peregrinaje ecum\u00e9nico\"}]},{\"@type\":\"WebSite\",\"@id\":\"https:\\\/\\\/www.cpl.es\\\/#website\",\"url\":\"https:\\\/\\\/www.cpl.es\\\/\",\"name\":\"CPL\",\"description\":\"Centre de Pastoral Lit\u00fargica de Barcelona\",\"publisher\":{\"@id\":\"https:\\\/\\\/www.cpl.es\\\/#organization\"},\"alternateName\":\"Centre de Pastoral Lit\u00fargica\",\"potentialAction\":[{\"@type\":\"SearchAction\",\"target\":{\"@type\":\"EntryPoint\",\"urlTemplate\":\"https:\\\/\\\/www.cpl.es\\\/?s={search_term_string}\"},\"query-input\":{\"@type\":\"PropertyValueSpecification\",\"valueRequired\":true,\"valueName\":\"search_term_string\"}}],\"inLanguage\":\"ca\"},{\"@type\":\"Organization\",\"@id\":\"https:\\\/\\\/www.cpl.es\\\/#organization\",\"name\":\"Centre de Pastoral Lit\u00fargica\",\"alternateName\":\"Centre de Pastoral Lit\u00fargica de Barcelona\",\"url\":\"https:\\\/\\\/www.cpl.es\\\/\",\"logo\":{\"@type\":\"ImageObject\",\"inLanguage\":\"ca\",\"@id\":\"https:\\\/\\\/www.cpl.es\\\/#\\\/schema\\\/logo\\\/image\\\/\",\"url\":\"https:\\\/\\\/www.cpl.es\\\/wp-content\\\/uploads\\\/logo-cpl.svg\",\"contentUrl\":\"https:\\\/\\\/www.cpl.es\\\/wp-content\\\/uploads\\\/logo-cpl.svg\",\"caption\":\"Centre de Pastoral Lit\u00fargica\"},\"image\":{\"@id\":\"https:\\\/\\\/www.cpl.es\\\/#\\\/schema\\\/logo\\\/image\\\/\"}}]}<\/script>\n<!-- \/ Yoast SEO plugin. -->","yoast_head_json":{"title":"El peregrinaje ecum\u00e9nico - CPL","robots":{"index":"index","follow":"follow","max-snippet":"max-snippet:-1","max-image-preview":"max-image-preview:large","max-video-preview":"max-video-preview:-1"},"canonical":"https:\/\/www.cpl.es\/producto\/el-peregrinaje-ecumenico-9788491655435\/","og_locale":"ca_ES","og_type":"article","og_title":"El peregrinaje ecum\u00e9nico - CPL","og_description":"Matabosch i Soler, Antoni","og_url":"https:\/\/www.cpl.es\/producto\/el-peregrinaje-ecumenico-9788491655435\/","og_site_name":"CPL","article_modified_time":"2025-10-03T09:08:45+00:00","og_image":[{"width":280,"height":443,"url":"https:\/\/www.cpl.es\/wp-content\/uploads\/108173.jpg","type":"image\/jpeg"}],"twitter_card":"summary_large_image","twitter_misc":{"Temps estimat de lectura":"1 minut"},"schema":{"@context":"https:\/\/schema.org","@graph":[{"@type":"WebPage","@id":"https:\/\/www.cpl.es\/producto\/el-peregrinaje-ecumenico-9788491655435\/","url":"https:\/\/www.cpl.es\/producto\/el-peregrinaje-ecumenico-9788491655435\/","name":"El peregrinaje ecum\u00e9nico - CPL","isPartOf":{"@id":"https:\/\/www.cpl.es\/#website"},"primaryImageOfPage":{"@id":"https:\/\/www.cpl.es\/producto\/el-peregrinaje-ecumenico-9788491655435\/#primaryimage"},"image":{"@id":"https:\/\/www.cpl.es\/producto\/el-peregrinaje-ecumenico-9788491655435\/#primaryimage"},"thumbnailUrl":"https:\/\/www.cpl.es\/wp-content\/uploads\/108173.jpg","datePublished":"2023-10-03T22:46:14+00:00","dateModified":"2025-10-03T09:08:45+00:00","breadcrumb":{"@id":"https:\/\/www.cpl.es\/producto\/el-peregrinaje-ecumenico-9788491655435\/#breadcrumb"},"inLanguage":"ca","potentialAction":[{"@type":"ReadAction","target":["https:\/\/www.cpl.es\/producto\/el-peregrinaje-ecumenico-9788491655435\/"]}]},{"@type":"ImageObject","inLanguage":"ca","@id":"https:\/\/www.cpl.es\/producto\/el-peregrinaje-ecumenico-9788491655435\/#primaryimage","url":"https:\/\/www.cpl.es\/wp-content\/uploads\/108173.jpg","contentUrl":"https:\/\/www.cpl.es\/wp-content\/uploads\/108173.jpg","width":280,"height":443,"caption":"108173.jpg"},{"@type":"BreadcrumbList","@id":"https:\/\/www.cpl.es\/producto\/el-peregrinaje-ecumenico-9788491655435\/#breadcrumb","itemListElement":[{"@type":"ListItem","position":1,"name":"Portada","item":"https:\/\/www.cpl.es\/ca\/"},{"@type":"ListItem","position":2,"name":"Cat\u00e0leg","item":"https:\/\/www.cpl.es\/ca\/cataleg\/"},{"@type":"ListItem","position":3,"name":"El peregrinaje ecum\u00e9nico"}]},{"@type":"WebSite","@id":"https:\/\/www.cpl.es\/#website","url":"https:\/\/www.cpl.es\/","name":"CPL","description":"Centre de Pastoral Lit\u00fargica de Barcelona","publisher":{"@id":"https:\/\/www.cpl.es\/#organization"},"alternateName":"Centre de Pastoral Lit\u00fargica","potentialAction":[{"@type":"SearchAction","target":{"@type":"EntryPoint","urlTemplate":"https:\/\/www.cpl.es\/?s={search_term_string}"},"query-input":{"@type":"PropertyValueSpecification","valueRequired":true,"valueName":"search_term_string"}}],"inLanguage":"ca"},{"@type":"Organization","@id":"https:\/\/www.cpl.es\/#organization","name":"Centre de Pastoral Lit\u00fargica","alternateName":"Centre de Pastoral Lit\u00fargica de Barcelona","url":"https:\/\/www.cpl.es\/","logo":{"@type":"ImageObject","inLanguage":"ca","@id":"https:\/\/www.cpl.es\/#\/schema\/logo\/image\/","url":"https:\/\/www.cpl.es\/wp-content\/uploads\/logo-cpl.svg","contentUrl":"https:\/\/www.cpl.es\/wp-content\/uploads\/logo-cpl.svg","caption":"Centre de Pastoral Lit\u00fargica"},"image":{"@id":"https:\/\/www.cpl.es\/#\/schema\/logo\/image\/"}}]}},"_links":{"self":[{"href":"https:\/\/www.cpl.es\/ca\/wp-json\/wp\/v2\/product\/656","targetHints":{"allow":["GET"]}}],"collection":[{"href":"https:\/\/www.cpl.es\/ca\/wp-json\/wp\/v2\/product"}],"about":[{"href":"https:\/\/www.cpl.es\/ca\/wp-json\/wp\/v2\/types\/product"}],"wp:featuredmedia":[{"embeddable":true,"href":"https:\/\/www.cpl.es\/ca\/wp-json\/wp\/v2\/media\/657"}],"wp:attachment":[{"href":"https:\/\/www.cpl.es\/ca\/wp-json\/wp\/v2\/media?parent=656"}],"wp:term":[{"taxonomy":"product_brand","embeddable":true,"href":"https:\/\/www.cpl.es\/ca\/wp-json\/wp\/v2\/product_brand?post=656"},{"taxonomy":"product_cat","embeddable":true,"href":"https:\/\/www.cpl.es\/ca\/wp-json\/wp\/v2\/product_cat?post=656"},{"taxonomy":"product_tag","embeddable":true,"href":"https:\/\/www.cpl.es\/ca\/wp-json\/wp\/v2\/product_tag?post=656"}],"curies":[{"name":"wp","href":"https:\/\/api.w.org\/{rel}","templated":true}]}}