{"id":6378,"date":"2023-10-04T08:41:11","date_gmt":"2023-10-04T06:41:11","guid":{"rendered":"https:\/\/nuevaweb.cpl.es\/producto\/una-llengua-estranya-9788491653219\/"},"modified":"2023-10-04T08:41:14","modified_gmt":"2023-10-04T06:41:14","slug":"una-llengua-estranya-9788491653219","status":"publish","type":"product","link":"https:\/\/www.cpl.es\/ca\/producto\/una-llengua-estranya-9788491653219\/","title":{"rendered":"Una llengua estranya"},"content":{"rendered":"<p>Una llengua estranya. Sento un parlar que m'\u00e9s desconegut (Sl 81,6) \u00e9s un assaig sobre el sentit que una colla de paraules essencials (com ara: alegria, amor, esgl\u00e9sia, esperan\u00e7a, mort, pau, salvaci\u00f3&#8230;) tenen en el cor de la B\u00edblia llegida com a Sagrada Escriptura, com a Paraula de D\u00e9u (que prov\u00e9 de D\u00e9u i que ens revela el misteri de D\u00e9u). Xavier Moll, amb un llenguatge encantador, que palesa una cultura i una exquisidesa imponents, fa la feina humil de &#8216;restaurador de paraules', a fi d'ajudar-nos a escoltar amb m\u00e9s nitidesa aquests llenguatge que ens comunica un misteri d'amor, de vida i de sentit.<\/p>\n<p>Xavier Moll va n\u00e9ixer a Ciutadella de Menorca l'any 1935. Els seus inicis de coneixement de la Sagrada Escriptura ja els va fer en la seva condici\u00f3 d'escolanet i cantor de la catedral. Tenia 11 anys quan va entrar al seminari, i l'estudi del llat\u00ed li va ser un nou pas en la comprensi\u00f3 d'aquells textos que sabia de mem\u00f2ria. L'any 1958 es va ordenar. Aquell any mateix va morir Pius XII. El nou papa, Joan XXIII va convocar un concili i es van produir dins l'esgl\u00e9sia canvis prometedors i inesperats. L'any 1970 va ampliar els estudis de teologia a la universitat de Tubinga. L'any 1974 es va secularitzar a Rottenburg. L'any 1984 es va casar. Ha publicat llibres i articles de temes teol\u00f2gics i de m\u00fasica sagrada.<\/p>\n","protected":false},"excerpt":{"rendered":"<p>Moll, Xavier<\/p>\n","protected":false},"featured_media":6379,"template":"","meta":{"_acf_changed":false,"inline_featured_image":false},"product_brand":[],"product_cat":[100],"product_tag":[],"class_list":{"0":"post-6378","1":"product","2":"type-product","3":"status-publish","4":"has-post-thumbnail","6":"product_cat-cpl-libri-colleccions-catala","8":"first","9":"instock","10":"taxable","11":"shipping-taxable","12":"purchasable","13":"product-type-simple"},"acf":{"autor":"Moll, Xavier","codart":"217041","ediciones":"1","encuadernacion":"R\u00fastica","fecha_de_publicacion":"27\/11\/2020","novedad":false,"paginas":"328","subtitulo":"Sento un parlar que m'\u00e9s desconegut (SL 81.6)","orden":"999","portada":false,"idioma":"cat","editorial":[{"ID":6736,"post_author":"2","post_date":"2023-10-06 08:35:24","post_date_gmt":"2023-10-06 06:35:24","post_content":"","post_title":"CPL","post_excerpt":"","post_status":"publish","comment_status":"closed","ping_status":"closed","post_password":"","post_name":"cpl","to_ping":"","pinged":"","post_modified":"2023-10-06 08:35:24","post_modified_gmt":"2023-10-06 06:35:24","post_content_filtered":"","post_parent":0,"guid":"https:\/\/nuevaweb.cpl.es\/editorial\/cpl\/","menu_order":0,"post_type":"editorial","post_mime_type":"","comment_count":"0","filter":"raw"}]},"yoast_head":"<!-- This site is optimized with the Yoast SEO plugin v27.3 - https:\/\/yoast.com\/product\/yoast-seo-wordpress\/ -->\n<title>Una llengua estranya - CPL<\/title>\n<meta name=\"robots\" content=\"index, follow, max-snippet:-1, max-image-preview:large, max-video-preview:-1\" \/>\n<link rel=\"canonical\" href=\"https:\/\/www.cpl.es\/producto\/una-llengua-estranya-9788491653219\/\" \/>\n<meta property=\"og:locale\" content=\"ca_ES\" \/>\n<meta property=\"og:type\" content=\"article\" \/>\n<meta property=\"og:title\" content=\"Una llengua estranya - CPL\" \/>\n<meta property=\"og:description\" content=\"Moll, Xavier\" \/>\n<meta property=\"og:url\" content=\"https:\/\/www.cpl.es\/producto\/una-llengua-estranya-9788491653219\/\" \/>\n<meta property=\"og:site_name\" content=\"CPL\" \/>\n<meta property=\"article:modified_time\" content=\"2023-10-04T06:41:14+00:00\" \/>\n<meta property=\"og:image\" content=\"https:\/\/www.cpl.es\/wp-content\/uploads\/portada-26.jpg\" \/>\n\t<meta property=\"og:image:width\" content=\"280\" \/>\n\t<meta property=\"og:image:height\" content=\"397\" \/>\n\t<meta property=\"og:image:type\" content=\"image\/jpeg\" \/>\n<meta name=\"twitter:card\" content=\"summary_large_image\" \/>\n<meta name=\"twitter:label1\" content=\"Temps estimat de lectura\" \/>\n\t<meta name=\"twitter:data1\" content=\"1 minut\" \/>\n<script type=\"application\/ld+json\" class=\"yoast-schema-graph\">{\"@context\":\"https:\\\/\\\/schema.org\",\"@graph\":[{\"@type\":\"WebPage\",\"@id\":\"https:\\\/\\\/www.cpl.es\\\/producto\\\/una-llengua-estranya-9788491653219\\\/\",\"url\":\"https:\\\/\\\/www.cpl.es\\\/producto\\\/una-llengua-estranya-9788491653219\\\/\",\"name\":\"Una llengua estranya - CPL\",\"isPartOf\":{\"@id\":\"https:\\\/\\\/www.cpl.es\\\/#website\"},\"primaryImageOfPage\":{\"@id\":\"https:\\\/\\\/www.cpl.es\\\/producto\\\/una-llengua-estranya-9788491653219\\\/#primaryimage\"},\"image\":{\"@id\":\"https:\\\/\\\/www.cpl.es\\\/producto\\\/una-llengua-estranya-9788491653219\\\/#primaryimage\"},\"thumbnailUrl\":\"https:\\\/\\\/www.cpl.es\\\/wp-content\\\/uploads\\\/portada-26.jpg\",\"datePublished\":\"2023-10-04T06:41:11+00:00\",\"dateModified\":\"2023-10-04T06:41:14+00:00\",\"breadcrumb\":{\"@id\":\"https:\\\/\\\/www.cpl.es\\\/producto\\\/una-llengua-estranya-9788491653219\\\/#breadcrumb\"},\"inLanguage\":\"ca\",\"potentialAction\":[{\"@type\":\"ReadAction\",\"target\":[\"https:\\\/\\\/www.cpl.es\\\/producto\\\/una-llengua-estranya-9788491653219\\\/\"]}]},{\"@type\":\"ImageObject\",\"inLanguage\":\"ca\",\"@id\":\"https:\\\/\\\/www.cpl.es\\\/producto\\\/una-llengua-estranya-9788491653219\\\/#primaryimage\",\"url\":\"https:\\\/\\\/www.cpl.es\\\/wp-content\\\/uploads\\\/portada-26.jpg\",\"contentUrl\":\"https:\\\/\\\/www.cpl.es\\\/wp-content\\\/uploads\\\/portada-26.jpg\",\"width\":280,\"height\":397,\"caption\":\"portada.jpg\"},{\"@type\":\"BreadcrumbList\",\"@id\":\"https:\\\/\\\/www.cpl.es\\\/producto\\\/una-llengua-estranya-9788491653219\\\/#breadcrumb\",\"itemListElement\":[{\"@type\":\"ListItem\",\"position\":1,\"name\":\"Portada\",\"item\":\"https:\\\/\\\/www.cpl.es\\\/ca\\\/\"},{\"@type\":\"ListItem\",\"position\":2,\"name\":\"Cat\u00e0leg\",\"item\":\"https:\\\/\\\/www.cpl.es\\\/ca\\\/cataleg\\\/\"},{\"@type\":\"ListItem\",\"position\":3,\"name\":\"Una llengua estranya\"}]},{\"@type\":\"WebSite\",\"@id\":\"https:\\\/\\\/www.cpl.es\\\/#website\",\"url\":\"https:\\\/\\\/www.cpl.es\\\/\",\"name\":\"CPL\",\"description\":\"Centre de Pastoral Lit\u00fargica de Barcelona\",\"publisher\":{\"@id\":\"https:\\\/\\\/www.cpl.es\\\/#organization\"},\"alternateName\":\"Centre de Pastoral Lit\u00fargica\",\"potentialAction\":[{\"@type\":\"SearchAction\",\"target\":{\"@type\":\"EntryPoint\",\"urlTemplate\":\"https:\\\/\\\/www.cpl.es\\\/?s={search_term_string}\"},\"query-input\":{\"@type\":\"PropertyValueSpecification\",\"valueRequired\":true,\"valueName\":\"search_term_string\"}}],\"inLanguage\":\"ca\"},{\"@type\":\"Organization\",\"@id\":\"https:\\\/\\\/www.cpl.es\\\/#organization\",\"name\":\"Centre de Pastoral Lit\u00fargica\",\"alternateName\":\"Centre de Pastoral Lit\u00fargica de Barcelona\",\"url\":\"https:\\\/\\\/www.cpl.es\\\/\",\"logo\":{\"@type\":\"ImageObject\",\"inLanguage\":\"ca\",\"@id\":\"https:\\\/\\\/www.cpl.es\\\/#\\\/schema\\\/logo\\\/image\\\/\",\"url\":\"https:\\\/\\\/www.cpl.es\\\/wp-content\\\/uploads\\\/logo-cpl.svg\",\"contentUrl\":\"https:\\\/\\\/www.cpl.es\\\/wp-content\\\/uploads\\\/logo-cpl.svg\",\"caption\":\"Centre de Pastoral Lit\u00fargica\"},\"image\":{\"@id\":\"https:\\\/\\\/www.cpl.es\\\/#\\\/schema\\\/logo\\\/image\\\/\"}}]}<\/script>\n<!-- \/ Yoast SEO plugin. -->","yoast_head_json":{"title":"Una llengua estranya - CPL","robots":{"index":"index","follow":"follow","max-snippet":"max-snippet:-1","max-image-preview":"max-image-preview:large","max-video-preview":"max-video-preview:-1"},"canonical":"https:\/\/www.cpl.es\/producto\/una-llengua-estranya-9788491653219\/","og_locale":"ca_ES","og_type":"article","og_title":"Una llengua estranya - CPL","og_description":"Moll, Xavier","og_url":"https:\/\/www.cpl.es\/producto\/una-llengua-estranya-9788491653219\/","og_site_name":"CPL","article_modified_time":"2023-10-04T06:41:14+00:00","og_image":[{"width":280,"height":397,"url":"https:\/\/www.cpl.es\/wp-content\/uploads\/portada-26.jpg","type":"image\/jpeg"}],"twitter_card":"summary_large_image","twitter_misc":{"Temps estimat de lectura":"1 minut"},"schema":{"@context":"https:\/\/schema.org","@graph":[{"@type":"WebPage","@id":"https:\/\/www.cpl.es\/producto\/una-llengua-estranya-9788491653219\/","url":"https:\/\/www.cpl.es\/producto\/una-llengua-estranya-9788491653219\/","name":"Una llengua estranya - CPL","isPartOf":{"@id":"https:\/\/www.cpl.es\/#website"},"primaryImageOfPage":{"@id":"https:\/\/www.cpl.es\/producto\/una-llengua-estranya-9788491653219\/#primaryimage"},"image":{"@id":"https:\/\/www.cpl.es\/producto\/una-llengua-estranya-9788491653219\/#primaryimage"},"thumbnailUrl":"https:\/\/www.cpl.es\/wp-content\/uploads\/portada-26.jpg","datePublished":"2023-10-04T06:41:11+00:00","dateModified":"2023-10-04T06:41:14+00:00","breadcrumb":{"@id":"https:\/\/www.cpl.es\/producto\/una-llengua-estranya-9788491653219\/#breadcrumb"},"inLanguage":"ca","potentialAction":[{"@type":"ReadAction","target":["https:\/\/www.cpl.es\/producto\/una-llengua-estranya-9788491653219\/"]}]},{"@type":"ImageObject","inLanguage":"ca","@id":"https:\/\/www.cpl.es\/producto\/una-llengua-estranya-9788491653219\/#primaryimage","url":"https:\/\/www.cpl.es\/wp-content\/uploads\/portada-26.jpg","contentUrl":"https:\/\/www.cpl.es\/wp-content\/uploads\/portada-26.jpg","width":280,"height":397,"caption":"portada.jpg"},{"@type":"BreadcrumbList","@id":"https:\/\/www.cpl.es\/producto\/una-llengua-estranya-9788491653219\/#breadcrumb","itemListElement":[{"@type":"ListItem","position":1,"name":"Portada","item":"https:\/\/www.cpl.es\/ca\/"},{"@type":"ListItem","position":2,"name":"Cat\u00e0leg","item":"https:\/\/www.cpl.es\/ca\/cataleg\/"},{"@type":"ListItem","position":3,"name":"Una llengua estranya"}]},{"@type":"WebSite","@id":"https:\/\/www.cpl.es\/#website","url":"https:\/\/www.cpl.es\/","name":"CPL","description":"Centre de Pastoral Lit\u00fargica de Barcelona","publisher":{"@id":"https:\/\/www.cpl.es\/#organization"},"alternateName":"Centre de Pastoral Lit\u00fargica","potentialAction":[{"@type":"SearchAction","target":{"@type":"EntryPoint","urlTemplate":"https:\/\/www.cpl.es\/?s={search_term_string}"},"query-input":{"@type":"PropertyValueSpecification","valueRequired":true,"valueName":"search_term_string"}}],"inLanguage":"ca"},{"@type":"Organization","@id":"https:\/\/www.cpl.es\/#organization","name":"Centre de Pastoral Lit\u00fargica","alternateName":"Centre de Pastoral Lit\u00fargica de Barcelona","url":"https:\/\/www.cpl.es\/","logo":{"@type":"ImageObject","inLanguage":"ca","@id":"https:\/\/www.cpl.es\/#\/schema\/logo\/image\/","url":"https:\/\/www.cpl.es\/wp-content\/uploads\/logo-cpl.svg","contentUrl":"https:\/\/www.cpl.es\/wp-content\/uploads\/logo-cpl.svg","caption":"Centre de Pastoral Lit\u00fargica"},"image":{"@id":"https:\/\/www.cpl.es\/#\/schema\/logo\/image\/"}}]}},"_links":{"self":[{"href":"https:\/\/www.cpl.es\/ca\/wp-json\/wp\/v2\/product\/6378","targetHints":{"allow":["GET"]}}],"collection":[{"href":"https:\/\/www.cpl.es\/ca\/wp-json\/wp\/v2\/product"}],"about":[{"href":"https:\/\/www.cpl.es\/ca\/wp-json\/wp\/v2\/types\/product"}],"wp:featuredmedia":[{"embeddable":true,"href":"https:\/\/www.cpl.es\/ca\/wp-json\/wp\/v2\/media\/6379"}],"wp:attachment":[{"href":"https:\/\/www.cpl.es\/ca\/wp-json\/wp\/v2\/media?parent=6378"}],"wp:term":[{"taxonomy":"product_brand","embeddable":true,"href":"https:\/\/www.cpl.es\/ca\/wp-json\/wp\/v2\/product_brand?post=6378"},{"taxonomy":"product_cat","embeddable":true,"href":"https:\/\/www.cpl.es\/ca\/wp-json\/wp\/v2\/product_cat?post=6378"},{"taxonomy":"product_tag","embeddable":true,"href":"https:\/\/www.cpl.es\/ca\/wp-json\/wp\/v2\/product_tag?post=6378"}],"curies":[{"name":"wp","href":"https:\/\/api.w.org\/{rel}","templated":true}]}}