{"id":6366,"date":"2023-10-04T08:40:52","date_gmt":"2023-10-04T06:40:52","guid":{"rendered":"https:\/\/nuevaweb.cpl.es\/producto\/typos-del-espiritu-santo-la-diaconisa-en-la-didascalia-apostolorum-9788491654742\/"},"modified":"2023-10-04T08:40:55","modified_gmt":"2023-10-04T06:40:55","slug":"typos-del-espiritu-santo-la-diaconisa-en-la-didascalia-apostolorum-9788491654742","status":"publish","type":"product","link":"https:\/\/www.cpl.es\/ca\/producto\/typos-del-espiritu-santo-la-diaconisa-en-la-didascalia-apostolorum-9788491654742\/","title":{"rendered":"Typos del Esp\u00edritu Santo. La diaconisa en la Didascalia Apostolorum"},"content":{"rendered":"<p>La importancia singular de la Didascalia Apostolorum para el conocimiento de las diaconisas es algo afirmado de un modo u otro por los diferentes estudiosos de esta instituci\u00f3n. Ello, sin embargo, no ha supuesto el dedicarle una atenci\u00f3n minuciosa y detallada a este testimonio que ha llegado a ser calificado como el &#8216;Acta de Nacimiento' de las diaconisas, al contrario de lo ocurrido con otros documentos posteriores a \u00e9l. De ah\u00ed, entre otros aspectos, la importancia del libro que ponemos ahora en manos de los lectores.<br \/>Como se afirma en el pr\u00f3logo, tras calificarlo de &#8216;pionero y detallado estudio': &#8216;Quien quiera ponerse al d\u00eda sobre la discusi\u00f3n acerca del significado de las diaconisas en la Didascalia, encontrar\u00e1 aqu\u00ed un examen cr\u00edtico de lo que se ha escrito al respecto por autores de todas las lenguas principales. Sobre la base de lo investigado por otros y del minucioso examen propio de los textos, el autor responde de modo bien fundado a las cuestiones fundamentales: \u00bfCu\u00e1ndo aparecen las diaconisas y por qu\u00e9? \u00bfCu\u00e1l fue su estatuto teol\u00f3gico y su misi\u00f3n pastoral? \u00bfFue el suyo un ministerio ordenado o no?'.<\/p>\n","protected":false},"excerpt":{"rendered":"<p>Fresnillo Ahij\u00f3n, Jos\u00e9-Juan<\/p>\n","protected":false},"featured_media":6367,"template":"","meta":{"_acf_changed":false,"inline_featured_image":false},"product_brand":[],"product_cat":[103],"product_tag":[],"class_list":{"0":"post-6366","1":"product","2":"type-product","3":"status-publish","4":"has-post-thumbnail","6":"product_cat-culmen-et-fons-minor","8":"first","9":"instock","10":"taxable","11":"shipping-taxable","12":"purchasable","13":"product-type-simple"},"acf":{"autor":"Fresnillo Ahij\u00f3n, Jos\u00e9-Juan","codart":"109208","ediciones":"1","encuadernacion":"R\u00fastica","fecha_de_publicacion":"27\/10\/2021","novedad":false,"paginas":"262","subtitulo":"","orden":"999","portada":false,"idioma":"spa","editorial":[{"ID":6736,"post_author":"2","post_date":"2023-10-06 08:35:24","post_date_gmt":"2023-10-06 06:35:24","post_content":"","post_title":"CPL","post_excerpt":"","post_status":"publish","comment_status":"closed","ping_status":"closed","post_password":"","post_name":"cpl","to_ping":"","pinged":"","post_modified":"2023-10-06 08:35:24","post_modified_gmt":"2023-10-06 06:35:24","post_content_filtered":"","post_parent":0,"guid":"https:\/\/nuevaweb.cpl.es\/editorial\/cpl\/","menu_order":0,"post_type":"editorial","post_mime_type":"","comment_count":"0","filter":"raw"}]},"yoast_head":"<!-- This site is optimized with the Yoast SEO plugin v27.3 - https:\/\/yoast.com\/product\/yoast-seo-wordpress\/ -->\n<title>Typos del Esp\u00edritu Santo. La diaconisa en la Didascalia Apostolorum - CPL<\/title>\n<meta name=\"robots\" content=\"index, follow, max-snippet:-1, max-image-preview:large, max-video-preview:-1\" \/>\n<link rel=\"canonical\" href=\"https:\/\/www.cpl.es\/producto\/typos-del-espiritu-santo-la-diaconisa-en-la-didascalia-apostolorum-9788491654742\/\" \/>\n<meta property=\"og:locale\" content=\"ca_ES\" \/>\n<meta property=\"og:type\" content=\"article\" \/>\n<meta property=\"og:title\" content=\"Typos del Esp\u00edritu Santo. La diaconisa en la Didascalia Apostolorum - CPL\" \/>\n<meta property=\"og:description\" content=\"Fresnillo Ahij\u00f3n, Jos\u00e9-Juan\" \/>\n<meta property=\"og:url\" content=\"https:\/\/www.cpl.es\/producto\/typos-del-espiritu-santo-la-diaconisa-en-la-didascalia-apostolorum-9788491654742\/\" \/>\n<meta property=\"og:site_name\" content=\"CPL\" \/>\n<meta property=\"article:modified_time\" content=\"2023-10-04T06:40:55+00:00\" \/>\n<meta property=\"og:image\" content=\"https:\/\/www.cpl.es\/wp-content\/uploads\/portada-22.jpg\" \/>\n\t<meta property=\"og:image:width\" content=\"280\" \/>\n\t<meta property=\"og:image:height\" content=\"397\" \/>\n\t<meta property=\"og:image:type\" content=\"image\/jpeg\" \/>\n<meta name=\"twitter:card\" content=\"summary_large_image\" \/>\n<meta name=\"twitter:label1\" content=\"Temps estimat de lectura\" \/>\n\t<meta name=\"twitter:data1\" content=\"1 minut\" \/>\n<script type=\"application\/ld+json\" class=\"yoast-schema-graph\">{\"@context\":\"https:\\\/\\\/schema.org\",\"@graph\":[{\"@type\":\"WebPage\",\"@id\":\"https:\\\/\\\/www.cpl.es\\\/producto\\\/typos-del-espiritu-santo-la-diaconisa-en-la-didascalia-apostolorum-9788491654742\\\/\",\"url\":\"https:\\\/\\\/www.cpl.es\\\/producto\\\/typos-del-espiritu-santo-la-diaconisa-en-la-didascalia-apostolorum-9788491654742\\\/\",\"name\":\"Typos del Esp\u00edritu Santo. La diaconisa en la Didascalia Apostolorum - CPL\",\"isPartOf\":{\"@id\":\"https:\\\/\\\/www.cpl.es\\\/#website\"},\"primaryImageOfPage\":{\"@id\":\"https:\\\/\\\/www.cpl.es\\\/producto\\\/typos-del-espiritu-santo-la-diaconisa-en-la-didascalia-apostolorum-9788491654742\\\/#primaryimage\"},\"image\":{\"@id\":\"https:\\\/\\\/www.cpl.es\\\/producto\\\/typos-del-espiritu-santo-la-diaconisa-en-la-didascalia-apostolorum-9788491654742\\\/#primaryimage\"},\"thumbnailUrl\":\"https:\\\/\\\/www.cpl.es\\\/wp-content\\\/uploads\\\/portada-22.jpg\",\"datePublished\":\"2023-10-04T06:40:52+00:00\",\"dateModified\":\"2023-10-04T06:40:55+00:00\",\"breadcrumb\":{\"@id\":\"https:\\\/\\\/www.cpl.es\\\/producto\\\/typos-del-espiritu-santo-la-diaconisa-en-la-didascalia-apostolorum-9788491654742\\\/#breadcrumb\"},\"inLanguage\":\"ca\",\"potentialAction\":[{\"@type\":\"ReadAction\",\"target\":[\"https:\\\/\\\/www.cpl.es\\\/producto\\\/typos-del-espiritu-santo-la-diaconisa-en-la-didascalia-apostolorum-9788491654742\\\/\"]}]},{\"@type\":\"ImageObject\",\"inLanguage\":\"ca\",\"@id\":\"https:\\\/\\\/www.cpl.es\\\/producto\\\/typos-del-espiritu-santo-la-diaconisa-en-la-didascalia-apostolorum-9788491654742\\\/#primaryimage\",\"url\":\"https:\\\/\\\/www.cpl.es\\\/wp-content\\\/uploads\\\/portada-22.jpg\",\"contentUrl\":\"https:\\\/\\\/www.cpl.es\\\/wp-content\\\/uploads\\\/portada-22.jpg\",\"width\":280,\"height\":397,\"caption\":\"portada.jpg\"},{\"@type\":\"BreadcrumbList\",\"@id\":\"https:\\\/\\\/www.cpl.es\\\/producto\\\/typos-del-espiritu-santo-la-diaconisa-en-la-didascalia-apostolorum-9788491654742\\\/#breadcrumb\",\"itemListElement\":[{\"@type\":\"ListItem\",\"position\":1,\"name\":\"Portada\",\"item\":\"https:\\\/\\\/www.cpl.es\\\/ca\\\/\"},{\"@type\":\"ListItem\",\"position\":2,\"name\":\"Cat\u00e0leg\",\"item\":\"https:\\\/\\\/www.cpl.es\\\/ca\\\/cataleg\\\/\"},{\"@type\":\"ListItem\",\"position\":3,\"name\":\"Typos del Esp\u00edritu Santo. La diaconisa en la Didascalia Apostolorum\"}]},{\"@type\":\"WebSite\",\"@id\":\"https:\\\/\\\/www.cpl.es\\\/#website\",\"url\":\"https:\\\/\\\/www.cpl.es\\\/\",\"name\":\"CPL\",\"description\":\"Centre de Pastoral Lit\u00fargica de Barcelona\",\"publisher\":{\"@id\":\"https:\\\/\\\/www.cpl.es\\\/#organization\"},\"alternateName\":\"Centre de Pastoral Lit\u00fargica\",\"potentialAction\":[{\"@type\":\"SearchAction\",\"target\":{\"@type\":\"EntryPoint\",\"urlTemplate\":\"https:\\\/\\\/www.cpl.es\\\/?s={search_term_string}\"},\"query-input\":{\"@type\":\"PropertyValueSpecification\",\"valueRequired\":true,\"valueName\":\"search_term_string\"}}],\"inLanguage\":\"ca\"},{\"@type\":\"Organization\",\"@id\":\"https:\\\/\\\/www.cpl.es\\\/#organization\",\"name\":\"Centre de Pastoral Lit\u00fargica\",\"alternateName\":\"Centre de Pastoral Lit\u00fargica de Barcelona\",\"url\":\"https:\\\/\\\/www.cpl.es\\\/\",\"logo\":{\"@type\":\"ImageObject\",\"inLanguage\":\"ca\",\"@id\":\"https:\\\/\\\/www.cpl.es\\\/#\\\/schema\\\/logo\\\/image\\\/\",\"url\":\"https:\\\/\\\/www.cpl.es\\\/wp-content\\\/uploads\\\/logo-cpl.svg\",\"contentUrl\":\"https:\\\/\\\/www.cpl.es\\\/wp-content\\\/uploads\\\/logo-cpl.svg\",\"caption\":\"Centre de Pastoral Lit\u00fargica\"},\"image\":{\"@id\":\"https:\\\/\\\/www.cpl.es\\\/#\\\/schema\\\/logo\\\/image\\\/\"}}]}<\/script>\n<!-- \/ Yoast SEO plugin. -->","yoast_head_json":{"title":"Typos del Esp\u00edritu Santo. La diaconisa en la Didascalia Apostolorum - CPL","robots":{"index":"index","follow":"follow","max-snippet":"max-snippet:-1","max-image-preview":"max-image-preview:large","max-video-preview":"max-video-preview:-1"},"canonical":"https:\/\/www.cpl.es\/producto\/typos-del-espiritu-santo-la-diaconisa-en-la-didascalia-apostolorum-9788491654742\/","og_locale":"ca_ES","og_type":"article","og_title":"Typos del Esp\u00edritu Santo. La diaconisa en la Didascalia Apostolorum - CPL","og_description":"Fresnillo Ahij\u00f3n, Jos\u00e9-Juan","og_url":"https:\/\/www.cpl.es\/producto\/typos-del-espiritu-santo-la-diaconisa-en-la-didascalia-apostolorum-9788491654742\/","og_site_name":"CPL","article_modified_time":"2023-10-04T06:40:55+00:00","og_image":[{"width":280,"height":397,"url":"https:\/\/www.cpl.es\/wp-content\/uploads\/portada-22.jpg","type":"image\/jpeg"}],"twitter_card":"summary_large_image","twitter_misc":{"Temps estimat de lectura":"1 minut"},"schema":{"@context":"https:\/\/schema.org","@graph":[{"@type":"WebPage","@id":"https:\/\/www.cpl.es\/producto\/typos-del-espiritu-santo-la-diaconisa-en-la-didascalia-apostolorum-9788491654742\/","url":"https:\/\/www.cpl.es\/producto\/typos-del-espiritu-santo-la-diaconisa-en-la-didascalia-apostolorum-9788491654742\/","name":"Typos del Esp\u00edritu Santo. La diaconisa en la Didascalia Apostolorum - CPL","isPartOf":{"@id":"https:\/\/www.cpl.es\/#website"},"primaryImageOfPage":{"@id":"https:\/\/www.cpl.es\/producto\/typos-del-espiritu-santo-la-diaconisa-en-la-didascalia-apostolorum-9788491654742\/#primaryimage"},"image":{"@id":"https:\/\/www.cpl.es\/producto\/typos-del-espiritu-santo-la-diaconisa-en-la-didascalia-apostolorum-9788491654742\/#primaryimage"},"thumbnailUrl":"https:\/\/www.cpl.es\/wp-content\/uploads\/portada-22.jpg","datePublished":"2023-10-04T06:40:52+00:00","dateModified":"2023-10-04T06:40:55+00:00","breadcrumb":{"@id":"https:\/\/www.cpl.es\/producto\/typos-del-espiritu-santo-la-diaconisa-en-la-didascalia-apostolorum-9788491654742\/#breadcrumb"},"inLanguage":"ca","potentialAction":[{"@type":"ReadAction","target":["https:\/\/www.cpl.es\/producto\/typos-del-espiritu-santo-la-diaconisa-en-la-didascalia-apostolorum-9788491654742\/"]}]},{"@type":"ImageObject","inLanguage":"ca","@id":"https:\/\/www.cpl.es\/producto\/typos-del-espiritu-santo-la-diaconisa-en-la-didascalia-apostolorum-9788491654742\/#primaryimage","url":"https:\/\/www.cpl.es\/wp-content\/uploads\/portada-22.jpg","contentUrl":"https:\/\/www.cpl.es\/wp-content\/uploads\/portada-22.jpg","width":280,"height":397,"caption":"portada.jpg"},{"@type":"BreadcrumbList","@id":"https:\/\/www.cpl.es\/producto\/typos-del-espiritu-santo-la-diaconisa-en-la-didascalia-apostolorum-9788491654742\/#breadcrumb","itemListElement":[{"@type":"ListItem","position":1,"name":"Portada","item":"https:\/\/www.cpl.es\/ca\/"},{"@type":"ListItem","position":2,"name":"Cat\u00e0leg","item":"https:\/\/www.cpl.es\/ca\/cataleg\/"},{"@type":"ListItem","position":3,"name":"Typos del Esp\u00edritu Santo. La diaconisa en la Didascalia Apostolorum"}]},{"@type":"WebSite","@id":"https:\/\/www.cpl.es\/#website","url":"https:\/\/www.cpl.es\/","name":"CPL","description":"Centre de Pastoral Lit\u00fargica de Barcelona","publisher":{"@id":"https:\/\/www.cpl.es\/#organization"},"alternateName":"Centre de Pastoral Lit\u00fargica","potentialAction":[{"@type":"SearchAction","target":{"@type":"EntryPoint","urlTemplate":"https:\/\/www.cpl.es\/?s={search_term_string}"},"query-input":{"@type":"PropertyValueSpecification","valueRequired":true,"valueName":"search_term_string"}}],"inLanguage":"ca"},{"@type":"Organization","@id":"https:\/\/www.cpl.es\/#organization","name":"Centre de Pastoral Lit\u00fargica","alternateName":"Centre de Pastoral Lit\u00fargica de Barcelona","url":"https:\/\/www.cpl.es\/","logo":{"@type":"ImageObject","inLanguage":"ca","@id":"https:\/\/www.cpl.es\/#\/schema\/logo\/image\/","url":"https:\/\/www.cpl.es\/wp-content\/uploads\/logo-cpl.svg","contentUrl":"https:\/\/www.cpl.es\/wp-content\/uploads\/logo-cpl.svg","caption":"Centre de Pastoral Lit\u00fargica"},"image":{"@id":"https:\/\/www.cpl.es\/#\/schema\/logo\/image\/"}}]}},"_links":{"self":[{"href":"https:\/\/www.cpl.es\/ca\/wp-json\/wp\/v2\/product\/6366","targetHints":{"allow":["GET"]}}],"collection":[{"href":"https:\/\/www.cpl.es\/ca\/wp-json\/wp\/v2\/product"}],"about":[{"href":"https:\/\/www.cpl.es\/ca\/wp-json\/wp\/v2\/types\/product"}],"wp:featuredmedia":[{"embeddable":true,"href":"https:\/\/www.cpl.es\/ca\/wp-json\/wp\/v2\/media\/6367"}],"wp:attachment":[{"href":"https:\/\/www.cpl.es\/ca\/wp-json\/wp\/v2\/media?parent=6366"}],"wp:term":[{"taxonomy":"product_brand","embeddable":true,"href":"https:\/\/www.cpl.es\/ca\/wp-json\/wp\/v2\/product_brand?post=6366"},{"taxonomy":"product_cat","embeddable":true,"href":"https:\/\/www.cpl.es\/ca\/wp-json\/wp\/v2\/product_cat?post=6366"},{"taxonomy":"product_tag","embeddable":true,"href":"https:\/\/www.cpl.es\/ca\/wp-json\/wp\/v2\/product_tag?post=6366"}],"curies":[{"name":"wp","href":"https:\/\/api.w.org\/{rel}","templated":true}]}}