{"id":626,"date":"2023-10-04T00:45:18","date_gmt":"2023-10-03T22:45:18","guid":{"rendered":"https:\/\/nuevaweb.cpl.es\/producto\/introduccion-al-estudio-de-los-libros-liturgicos-9788491655619\/"},"modified":"2025-10-03T11:10:19","modified_gmt":"2025-10-03T09:10:19","slug":"introduccion-al-estudio-de-los-libros-liturgicos-9788491655619","status":"publish","type":"product","link":"https:\/\/www.cpl.es\/ca\/producto\/introduccion-al-estudio-de-los-libros-liturgicos-9788491655619\/","title":{"rendered":"Introducci\u00f3n al estudio de los libros lit\u00fargicos"},"content":{"rendered":"<p> El libro lit\u00fargico es esencial para el estudio de la liturgia. Con esta denominaci\u00f3n se entienden dos tipolog\u00edas de textos: en primer lugar, est\u00e1n los libros escritos \u00edntegramente para su uso en el culto p\u00fablico o redactados para su organizaci\u00f3n, es decir, composiciones para la celebraci\u00f3n o instrucciones pr\u00e1cticas para que esta se desarrolle; en segundo lugar, est\u00e1 aquella categor\u00eda de libros lit\u00fargicos que no est\u00e1n compuestos para los fines descritos, contienen instrucciones lit\u00fargicas, pero no han sido compuestos para su uso directo en el culto. En ellos se encuentran las f\u00f3rmulas y los ritos que constituyen la liturgia. La intenci\u00f3n de este volumen es proporcionar al lector una primera herramienta de acceso a las fuentes de la liturgia latina, en la forma que m\u00e1s tarde se establecer\u00e1 como \u00abromana\u00bb. No faltan  publicaciones sobre el tema, pero, como se ha elegido en el t\u00edtulo, la presente obra ha pretendido y seguir\u00e1 siendo una introducci\u00f3n para que los estudiosos de la liturgia y los estudiantes que inician su andadura acad\u00e9mica por los caminos de la scientia liturgica puedan utilizar el texto para dar sus primeros pasos en la investigaci\u00f3n y, a trav\u00e9s de la bibliograf\u00eda, encontrar f\u00e1cilmente material para su estudio posterior.<\/p>\n","protected":false},"excerpt":{"rendered":"<p>Bonomo, Francesco<\/p>\n","protected":false},"featured_media":627,"template":"","meta":{"_acf_changed":false,"inline_featured_image":false},"product_brand":[],"product_cat":[74,46],"product_tag":[],"class_list":{"0":"post-626","1":"product","2":"type-product","3":"status-publish","4":"has-post-thumbnail","6":"product_cat-biblioteca-liturgica-colleccions-catala","7":"product_cat-biblioteca-liturgica","9":"first","10":"instock","11":"taxable","12":"shipping-taxable","13":"purchasable","14":"product-type-simple"},"acf":{"autor":"Bonomo, Francesco","codart":"111067","ediciones":"1","encuadernacion":"Cartone","fecha_de_publicacion":"21\/03\/2023","novedad":false,"paginas":"224","subtitulo":"","orden":"50","portada":false,"idioma":"spa","editorial":[{"ID":6736,"post_author":"2","post_date":"2023-10-06 08:35:24","post_date_gmt":"2023-10-06 06:35:24","post_content":"","post_title":"CPL","post_excerpt":"","post_status":"publish","comment_status":"closed","ping_status":"closed","post_password":"","post_name":"cpl","to_ping":"","pinged":"","post_modified":"2023-10-06 08:35:24","post_modified_gmt":"2023-10-06 06:35:24","post_content_filtered":"","post_parent":0,"guid":"https:\/\/nuevaweb.cpl.es\/editorial\/cpl\/","menu_order":0,"post_type":"editorial","post_mime_type":"","comment_count":"0","filter":"raw"}],"coleccion_num":"67"},"yoast_head":"<!-- This site is optimized with the Yoast SEO plugin v27.3 - https:\/\/yoast.com\/product\/yoast-seo-wordpress\/ -->\n<title>Introducci\u00f3n al estudio de los libros lit\u00fargicos - CPL<\/title>\n<meta name=\"robots\" content=\"index, follow, max-snippet:-1, max-image-preview:large, max-video-preview:-1\" \/>\n<link rel=\"canonical\" href=\"https:\/\/www.cpl.es\/producto\/introduccion-al-estudio-de-los-libros-liturgicos-9788491655619\/\" \/>\n<meta property=\"og:locale\" content=\"ca_ES\" \/>\n<meta property=\"og:type\" content=\"article\" \/>\n<meta property=\"og:title\" content=\"Introducci\u00f3n al estudio de los libros lit\u00fargicos - CPL\" \/>\n<meta property=\"og:description\" content=\"Bonomo, Francesco\" \/>\n<meta property=\"og:url\" content=\"https:\/\/www.cpl.es\/producto\/introduccion-al-estudio-de-los-libros-liturgicos-9788491655619\/\" \/>\n<meta property=\"og:site_name\" content=\"CPL\" \/>\n<meta property=\"article:modified_time\" content=\"2025-10-03T09:10:19+00:00\" \/>\n<meta property=\"og:image\" content=\"https:\/\/www.cpl.es\/wp-content\/uploads\/111067.jpg\" \/>\n\t<meta property=\"og:image:width\" content=\"280\" \/>\n\t<meta property=\"og:image:height\" content=\"443\" \/>\n\t<meta property=\"og:image:type\" content=\"image\/jpeg\" \/>\n<meta name=\"twitter:card\" content=\"summary_large_image\" \/>\n<meta name=\"twitter:label1\" content=\"Temps estimat de lectura\" \/>\n\t<meta name=\"twitter:data1\" content=\"1 minut\" \/>\n<script type=\"application\/ld+json\" class=\"yoast-schema-graph\">{\"@context\":\"https:\\\/\\\/schema.org\",\"@graph\":[{\"@type\":\"WebPage\",\"@id\":\"https:\\\/\\\/www.cpl.es\\\/producto\\\/introduccion-al-estudio-de-los-libros-liturgicos-9788491655619\\\/\",\"url\":\"https:\\\/\\\/www.cpl.es\\\/producto\\\/introduccion-al-estudio-de-los-libros-liturgicos-9788491655619\\\/\",\"name\":\"Introducci\u00f3n al estudio de los libros lit\u00fargicos - CPL\",\"isPartOf\":{\"@id\":\"https:\\\/\\\/www.cpl.es\\\/#website\"},\"primaryImageOfPage\":{\"@id\":\"https:\\\/\\\/www.cpl.es\\\/producto\\\/introduccion-al-estudio-de-los-libros-liturgicos-9788491655619\\\/#primaryimage\"},\"image\":{\"@id\":\"https:\\\/\\\/www.cpl.es\\\/producto\\\/introduccion-al-estudio-de-los-libros-liturgicos-9788491655619\\\/#primaryimage\"},\"thumbnailUrl\":\"https:\\\/\\\/www.cpl.es\\\/wp-content\\\/uploads\\\/111067.jpg\",\"datePublished\":\"2023-10-03T22:45:18+00:00\",\"dateModified\":\"2025-10-03T09:10:19+00:00\",\"breadcrumb\":{\"@id\":\"https:\\\/\\\/www.cpl.es\\\/producto\\\/introduccion-al-estudio-de-los-libros-liturgicos-9788491655619\\\/#breadcrumb\"},\"inLanguage\":\"ca\",\"potentialAction\":[{\"@type\":\"ReadAction\",\"target\":[\"https:\\\/\\\/www.cpl.es\\\/producto\\\/introduccion-al-estudio-de-los-libros-liturgicos-9788491655619\\\/\"]}]},{\"@type\":\"ImageObject\",\"inLanguage\":\"ca\",\"@id\":\"https:\\\/\\\/www.cpl.es\\\/producto\\\/introduccion-al-estudio-de-los-libros-liturgicos-9788491655619\\\/#primaryimage\",\"url\":\"https:\\\/\\\/www.cpl.es\\\/wp-content\\\/uploads\\\/111067.jpg\",\"contentUrl\":\"https:\\\/\\\/www.cpl.es\\\/wp-content\\\/uploads\\\/111067.jpg\",\"width\":280,\"height\":443,\"caption\":\"111067.jpg\"},{\"@type\":\"BreadcrumbList\",\"@id\":\"https:\\\/\\\/www.cpl.es\\\/producto\\\/introduccion-al-estudio-de-los-libros-liturgicos-9788491655619\\\/#breadcrumb\",\"itemListElement\":[{\"@type\":\"ListItem\",\"position\":1,\"name\":\"Portada\",\"item\":\"https:\\\/\\\/www.cpl.es\\\/ca\\\/\"},{\"@type\":\"ListItem\",\"position\":2,\"name\":\"Cat\u00e0leg\",\"item\":\"https:\\\/\\\/www.cpl.es\\\/ca\\\/cataleg\\\/\"},{\"@type\":\"ListItem\",\"position\":3,\"name\":\"Introducci\u00f3n al estudio de los libros lit\u00fargicos\"}]},{\"@type\":\"WebSite\",\"@id\":\"https:\\\/\\\/www.cpl.es\\\/#website\",\"url\":\"https:\\\/\\\/www.cpl.es\\\/\",\"name\":\"CPL\",\"description\":\"Centre de Pastoral Lit\u00fargica de Barcelona\",\"publisher\":{\"@id\":\"https:\\\/\\\/www.cpl.es\\\/#organization\"},\"alternateName\":\"Centre de Pastoral Lit\u00fargica\",\"potentialAction\":[{\"@type\":\"SearchAction\",\"target\":{\"@type\":\"EntryPoint\",\"urlTemplate\":\"https:\\\/\\\/www.cpl.es\\\/?s={search_term_string}\"},\"query-input\":{\"@type\":\"PropertyValueSpecification\",\"valueRequired\":true,\"valueName\":\"search_term_string\"}}],\"inLanguage\":\"ca\"},{\"@type\":\"Organization\",\"@id\":\"https:\\\/\\\/www.cpl.es\\\/#organization\",\"name\":\"Centre de Pastoral Lit\u00fargica\",\"alternateName\":\"Centre de Pastoral Lit\u00fargica de Barcelona\",\"url\":\"https:\\\/\\\/www.cpl.es\\\/\",\"logo\":{\"@type\":\"ImageObject\",\"inLanguage\":\"ca\",\"@id\":\"https:\\\/\\\/www.cpl.es\\\/#\\\/schema\\\/logo\\\/image\\\/\",\"url\":\"https:\\\/\\\/www.cpl.es\\\/wp-content\\\/uploads\\\/logo-cpl.svg\",\"contentUrl\":\"https:\\\/\\\/www.cpl.es\\\/wp-content\\\/uploads\\\/logo-cpl.svg\",\"caption\":\"Centre de Pastoral Lit\u00fargica\"},\"image\":{\"@id\":\"https:\\\/\\\/www.cpl.es\\\/#\\\/schema\\\/logo\\\/image\\\/\"}}]}<\/script>\n<!-- \/ Yoast SEO plugin. -->","yoast_head_json":{"title":"Introducci\u00f3n al estudio de los libros lit\u00fargicos - CPL","robots":{"index":"index","follow":"follow","max-snippet":"max-snippet:-1","max-image-preview":"max-image-preview:large","max-video-preview":"max-video-preview:-1"},"canonical":"https:\/\/www.cpl.es\/producto\/introduccion-al-estudio-de-los-libros-liturgicos-9788491655619\/","og_locale":"ca_ES","og_type":"article","og_title":"Introducci\u00f3n al estudio de los libros lit\u00fargicos - CPL","og_description":"Bonomo, Francesco","og_url":"https:\/\/www.cpl.es\/producto\/introduccion-al-estudio-de-los-libros-liturgicos-9788491655619\/","og_site_name":"CPL","article_modified_time":"2025-10-03T09:10:19+00:00","og_image":[{"width":280,"height":443,"url":"https:\/\/www.cpl.es\/wp-content\/uploads\/111067.jpg","type":"image\/jpeg"}],"twitter_card":"summary_large_image","twitter_misc":{"Temps estimat de lectura":"1 minut"},"schema":{"@context":"https:\/\/schema.org","@graph":[{"@type":"WebPage","@id":"https:\/\/www.cpl.es\/producto\/introduccion-al-estudio-de-los-libros-liturgicos-9788491655619\/","url":"https:\/\/www.cpl.es\/producto\/introduccion-al-estudio-de-los-libros-liturgicos-9788491655619\/","name":"Introducci\u00f3n al estudio de los libros lit\u00fargicos - CPL","isPartOf":{"@id":"https:\/\/www.cpl.es\/#website"},"primaryImageOfPage":{"@id":"https:\/\/www.cpl.es\/producto\/introduccion-al-estudio-de-los-libros-liturgicos-9788491655619\/#primaryimage"},"image":{"@id":"https:\/\/www.cpl.es\/producto\/introduccion-al-estudio-de-los-libros-liturgicos-9788491655619\/#primaryimage"},"thumbnailUrl":"https:\/\/www.cpl.es\/wp-content\/uploads\/111067.jpg","datePublished":"2023-10-03T22:45:18+00:00","dateModified":"2025-10-03T09:10:19+00:00","breadcrumb":{"@id":"https:\/\/www.cpl.es\/producto\/introduccion-al-estudio-de-los-libros-liturgicos-9788491655619\/#breadcrumb"},"inLanguage":"ca","potentialAction":[{"@type":"ReadAction","target":["https:\/\/www.cpl.es\/producto\/introduccion-al-estudio-de-los-libros-liturgicos-9788491655619\/"]}]},{"@type":"ImageObject","inLanguage":"ca","@id":"https:\/\/www.cpl.es\/producto\/introduccion-al-estudio-de-los-libros-liturgicos-9788491655619\/#primaryimage","url":"https:\/\/www.cpl.es\/wp-content\/uploads\/111067.jpg","contentUrl":"https:\/\/www.cpl.es\/wp-content\/uploads\/111067.jpg","width":280,"height":443,"caption":"111067.jpg"},{"@type":"BreadcrumbList","@id":"https:\/\/www.cpl.es\/producto\/introduccion-al-estudio-de-los-libros-liturgicos-9788491655619\/#breadcrumb","itemListElement":[{"@type":"ListItem","position":1,"name":"Portada","item":"https:\/\/www.cpl.es\/ca\/"},{"@type":"ListItem","position":2,"name":"Cat\u00e0leg","item":"https:\/\/www.cpl.es\/ca\/cataleg\/"},{"@type":"ListItem","position":3,"name":"Introducci\u00f3n al estudio de los libros lit\u00fargicos"}]},{"@type":"WebSite","@id":"https:\/\/www.cpl.es\/#website","url":"https:\/\/www.cpl.es\/","name":"CPL","description":"Centre de Pastoral Lit\u00fargica de Barcelona","publisher":{"@id":"https:\/\/www.cpl.es\/#organization"},"alternateName":"Centre de Pastoral Lit\u00fargica","potentialAction":[{"@type":"SearchAction","target":{"@type":"EntryPoint","urlTemplate":"https:\/\/www.cpl.es\/?s={search_term_string}"},"query-input":{"@type":"PropertyValueSpecification","valueRequired":true,"valueName":"search_term_string"}}],"inLanguage":"ca"},{"@type":"Organization","@id":"https:\/\/www.cpl.es\/#organization","name":"Centre de Pastoral Lit\u00fargica","alternateName":"Centre de Pastoral Lit\u00fargica de Barcelona","url":"https:\/\/www.cpl.es\/","logo":{"@type":"ImageObject","inLanguage":"ca","@id":"https:\/\/www.cpl.es\/#\/schema\/logo\/image\/","url":"https:\/\/www.cpl.es\/wp-content\/uploads\/logo-cpl.svg","contentUrl":"https:\/\/www.cpl.es\/wp-content\/uploads\/logo-cpl.svg","caption":"Centre de Pastoral Lit\u00fargica"},"image":{"@id":"https:\/\/www.cpl.es\/#\/schema\/logo\/image\/"}}]}},"_links":{"self":[{"href":"https:\/\/www.cpl.es\/ca\/wp-json\/wp\/v2\/product\/626","targetHints":{"allow":["GET"]}}],"collection":[{"href":"https:\/\/www.cpl.es\/ca\/wp-json\/wp\/v2\/product"}],"about":[{"href":"https:\/\/www.cpl.es\/ca\/wp-json\/wp\/v2\/types\/product"}],"wp:featuredmedia":[{"embeddable":true,"href":"https:\/\/www.cpl.es\/ca\/wp-json\/wp\/v2\/media\/627"}],"wp:attachment":[{"href":"https:\/\/www.cpl.es\/ca\/wp-json\/wp\/v2\/media?parent=626"}],"wp:term":[{"taxonomy":"product_brand","embeddable":true,"href":"https:\/\/www.cpl.es\/ca\/wp-json\/wp\/v2\/product_brand?post=626"},{"taxonomy":"product_cat","embeddable":true,"href":"https:\/\/www.cpl.es\/ca\/wp-json\/wp\/v2\/product_cat?post=626"},{"taxonomy":"product_tag","embeddable":true,"href":"https:\/\/www.cpl.es\/ca\/wp-json\/wp\/v2\/product_tag?post=626"}],"curies":[{"name":"wp","href":"https:\/\/api.w.org\/{rel}","templated":true}]}}