{"id":6178,"date":"2023-10-04T03:21:05","date_gmt":"2023-10-04T01:21:05","guid":{"rendered":"https:\/\/nuevaweb.cpl.es\/producto\/evangelizacion-catequesis-y-liturgia-9788474672343\/"},"modified":"2026-02-12T17:34:10","modified_gmt":"2026-02-12T16:34:10","slug":"evangelizacion-catequesis-y-liturgia-9788474672343","status":"publish","type":"product","link":"https:\/\/www.cpl.es\/ca\/producto\/evangelizacion-catequesis-y-liturgia-9788474672343\/","title":{"rendered":"Evangelizaci\u00f3n, catequesis y liturgia"},"content":{"rendered":"<p>Su mutua relaci\u00f3n: problem\u00e1tica actual. Coffy, M. Ramos, D. Borobio, J. L\u00f3pez y J. Aldaz\u00e1bal<\/p>\n","protected":false},"excerpt":{"rendered":"<p>Coffy; Ramos, M.; Borobio Garc\u00eda, Dionisio; L\u00f3pez, J.; Aldaz\u00e1bal Larra\u00f1aga, Jos\u00e9<\/p>\n","protected":false},"featured_media":6179,"template":"","meta":{"_acf_changed":false,"inline_featured_image":false},"product_brand":[],"product_cat":[83,60,69,54],"product_tag":[],"class_list":{"0":"post-6178","1":"product","2":"type-product","3":"status-publish","4":"has-post-thumbnail","6":"product_cat-catequesi-liturgica","7":"product_cat-catequesis-liturgica","8":"product_cat-cuadernos-phase-colleccions-catala","9":"product_cat-cuadernos-phase","11":"first","12":"outofstock","13":"taxable","14":"shipping-taxable","15":"purchasable","16":"product-type-simple"},"acf":{"autor":"Coffy; Ramos, M.; Borobio Garc\u00eda, Dionisio; L\u00f3pez, J.; Aldaz\u00e1bal Larra\u00f1aga, Jos\u00e9","codart":"110038","ediciones":"1","encuadernacion":"R\u00fastica","fecha_de_publicacion":"21\/10\/1992","novedad":false,"paginas":"80","subtitulo":"","orden":"999","portada":false,"idioma":"spa","editorial":[{"ID":6736,"post_author":"2","post_date":"2023-10-06 08:35:24","post_date_gmt":"2023-10-06 06:35:24","post_content":"","post_title":"CPL","post_excerpt":"","post_status":"publish","comment_status":"closed","ping_status":"closed","post_password":"","post_name":"cpl","to_ping":"","pinged":"","post_modified":"2023-10-06 08:35:24","post_modified_gmt":"2023-10-06 06:35:24","post_content_filtered":"","post_parent":0,"guid":"https:\/\/nuevaweb.cpl.es\/editorial\/cpl\/","menu_order":0,"post_type":"editorial","post_mime_type":"","comment_count":"0","filter":"raw"}],"coleccion_num":"38"},"yoast_head":"<!-- This site is optimized with the Yoast SEO plugin v27.3 - https:\/\/yoast.com\/product\/yoast-seo-wordpress\/ -->\n<title>Evangelizaci\u00f3n, catequesis y liturgia - CPL<\/title>\n<meta name=\"robots\" content=\"index, follow, max-snippet:-1, max-image-preview:large, max-video-preview:-1\" \/>\n<link rel=\"canonical\" href=\"https:\/\/www.cpl.es\/producto\/evangelizacion-catequesis-y-liturgia-9788474672343\/\" \/>\n<meta property=\"og:locale\" content=\"ca_ES\" \/>\n<meta property=\"og:type\" content=\"article\" \/>\n<meta property=\"og:title\" content=\"Evangelizaci\u00f3n, catequesis y liturgia - CPL\" \/>\n<meta property=\"og:description\" content=\"Coffy; Ramos, M.; Borobio Garc\u00eda, Dionisio; L\u00f3pez, J.; Aldaz\u00e1bal Larra\u00f1aga, Jos\u00e9\" \/>\n<meta property=\"og:url\" content=\"https:\/\/www.cpl.es\/producto\/evangelizacion-catequesis-y-liturgia-9788474672343\/\" \/>\n<meta property=\"og:site_name\" content=\"CPL\" \/>\n<meta property=\"article:modified_time\" content=\"2026-02-12T16:34:10+00:00\" \/>\n<meta property=\"og:image\" content=\"https:\/\/www.cpl.es\/wp-content\/uploads\/110038.jpg\" \/>\n\t<meta property=\"og:image:width\" content=\"278\" \/>\n\t<meta property=\"og:image:height\" content=\"446\" \/>\n\t<meta property=\"og:image:type\" content=\"image\/jpeg\" \/>\n<meta name=\"twitter:card\" content=\"summary_large_image\" \/>\n<script type=\"application\/ld+json\" class=\"yoast-schema-graph\">{\"@context\":\"https:\\\/\\\/schema.org\",\"@graph\":[{\"@type\":\"WebPage\",\"@id\":\"https:\\\/\\\/www.cpl.es\\\/producto\\\/evangelizacion-catequesis-y-liturgia-9788474672343\\\/\",\"url\":\"https:\\\/\\\/www.cpl.es\\\/producto\\\/evangelizacion-catequesis-y-liturgia-9788474672343\\\/\",\"name\":\"Evangelizaci\u00f3n, catequesis y liturgia - CPL\",\"isPartOf\":{\"@id\":\"https:\\\/\\\/www.cpl.es\\\/#website\"},\"primaryImageOfPage\":{\"@id\":\"https:\\\/\\\/www.cpl.es\\\/producto\\\/evangelizacion-catequesis-y-liturgia-9788474672343\\\/#primaryimage\"},\"image\":{\"@id\":\"https:\\\/\\\/www.cpl.es\\\/producto\\\/evangelizacion-catequesis-y-liturgia-9788474672343\\\/#primaryimage\"},\"thumbnailUrl\":\"https:\\\/\\\/www.cpl.es\\\/wp-content\\\/uploads\\\/110038.jpg\",\"datePublished\":\"2023-10-04T01:21:05+00:00\",\"dateModified\":\"2026-02-12T16:34:10+00:00\",\"breadcrumb\":{\"@id\":\"https:\\\/\\\/www.cpl.es\\\/producto\\\/evangelizacion-catequesis-y-liturgia-9788474672343\\\/#breadcrumb\"},\"inLanguage\":\"ca\",\"potentialAction\":[{\"@type\":\"ReadAction\",\"target\":[\"https:\\\/\\\/www.cpl.es\\\/producto\\\/evangelizacion-catequesis-y-liturgia-9788474672343\\\/\"]}]},{\"@type\":\"ImageObject\",\"inLanguage\":\"ca\",\"@id\":\"https:\\\/\\\/www.cpl.es\\\/producto\\\/evangelizacion-catequesis-y-liturgia-9788474672343\\\/#primaryimage\",\"url\":\"https:\\\/\\\/www.cpl.es\\\/wp-content\\\/uploads\\\/110038.jpg\",\"contentUrl\":\"https:\\\/\\\/www.cpl.es\\\/wp-content\\\/uploads\\\/110038.jpg\",\"width\":278,\"height\":446,\"caption\":\"110038.jpg\"},{\"@type\":\"BreadcrumbList\",\"@id\":\"https:\\\/\\\/www.cpl.es\\\/producto\\\/evangelizacion-catequesis-y-liturgia-9788474672343\\\/#breadcrumb\",\"itemListElement\":[{\"@type\":\"ListItem\",\"position\":1,\"name\":\"Portada\",\"item\":\"https:\\\/\\\/www.cpl.es\\\/ca\\\/\"},{\"@type\":\"ListItem\",\"position\":2,\"name\":\"Cat\u00e0leg\",\"item\":\"https:\\\/\\\/www.cpl.es\\\/ca\\\/cataleg\\\/\"},{\"@type\":\"ListItem\",\"position\":3,\"name\":\"Evangelizaci\u00f3n, catequesis y liturgia\"}]},{\"@type\":\"WebSite\",\"@id\":\"https:\\\/\\\/www.cpl.es\\\/#website\",\"url\":\"https:\\\/\\\/www.cpl.es\\\/\",\"name\":\"CPL\",\"description\":\"Centre de Pastoral Lit\u00fargica de Barcelona\",\"publisher\":{\"@id\":\"https:\\\/\\\/www.cpl.es\\\/#organization\"},\"alternateName\":\"Centre de Pastoral Lit\u00fargica\",\"potentialAction\":[{\"@type\":\"SearchAction\",\"target\":{\"@type\":\"EntryPoint\",\"urlTemplate\":\"https:\\\/\\\/www.cpl.es\\\/?s={search_term_string}\"},\"query-input\":{\"@type\":\"PropertyValueSpecification\",\"valueRequired\":true,\"valueName\":\"search_term_string\"}}],\"inLanguage\":\"ca\"},{\"@type\":\"Organization\",\"@id\":\"https:\\\/\\\/www.cpl.es\\\/#organization\",\"name\":\"Centre de Pastoral Lit\u00fargica\",\"alternateName\":\"Centre de Pastoral Lit\u00fargica de Barcelona\",\"url\":\"https:\\\/\\\/www.cpl.es\\\/\",\"logo\":{\"@type\":\"ImageObject\",\"inLanguage\":\"ca\",\"@id\":\"https:\\\/\\\/www.cpl.es\\\/#\\\/schema\\\/logo\\\/image\\\/\",\"url\":\"https:\\\/\\\/www.cpl.es\\\/wp-content\\\/uploads\\\/logo-cpl.svg\",\"contentUrl\":\"https:\\\/\\\/www.cpl.es\\\/wp-content\\\/uploads\\\/logo-cpl.svg\",\"caption\":\"Centre de Pastoral Lit\u00fargica\"},\"image\":{\"@id\":\"https:\\\/\\\/www.cpl.es\\\/#\\\/schema\\\/logo\\\/image\\\/\"}}]}<\/script>\n<!-- \/ Yoast SEO plugin. -->","yoast_head_json":{"title":"Evangelizaci\u00f3n, catequesis y liturgia - CPL","robots":{"index":"index","follow":"follow","max-snippet":"max-snippet:-1","max-image-preview":"max-image-preview:large","max-video-preview":"max-video-preview:-1"},"canonical":"https:\/\/www.cpl.es\/producto\/evangelizacion-catequesis-y-liturgia-9788474672343\/","og_locale":"ca_ES","og_type":"article","og_title":"Evangelizaci\u00f3n, catequesis y liturgia - CPL","og_description":"Coffy; Ramos, M.; Borobio Garc\u00eda, Dionisio; L\u00f3pez, J.; Aldaz\u00e1bal Larra\u00f1aga, Jos\u00e9","og_url":"https:\/\/www.cpl.es\/producto\/evangelizacion-catequesis-y-liturgia-9788474672343\/","og_site_name":"CPL","article_modified_time":"2026-02-12T16:34:10+00:00","og_image":[{"width":278,"height":446,"url":"https:\/\/www.cpl.es\/wp-content\/uploads\/110038.jpg","type":"image\/jpeg"}],"twitter_card":"summary_large_image","schema":{"@context":"https:\/\/schema.org","@graph":[{"@type":"WebPage","@id":"https:\/\/www.cpl.es\/producto\/evangelizacion-catequesis-y-liturgia-9788474672343\/","url":"https:\/\/www.cpl.es\/producto\/evangelizacion-catequesis-y-liturgia-9788474672343\/","name":"Evangelizaci\u00f3n, catequesis y liturgia - CPL","isPartOf":{"@id":"https:\/\/www.cpl.es\/#website"},"primaryImageOfPage":{"@id":"https:\/\/www.cpl.es\/producto\/evangelizacion-catequesis-y-liturgia-9788474672343\/#primaryimage"},"image":{"@id":"https:\/\/www.cpl.es\/producto\/evangelizacion-catequesis-y-liturgia-9788474672343\/#primaryimage"},"thumbnailUrl":"https:\/\/www.cpl.es\/wp-content\/uploads\/110038.jpg","datePublished":"2023-10-04T01:21:05+00:00","dateModified":"2026-02-12T16:34:10+00:00","breadcrumb":{"@id":"https:\/\/www.cpl.es\/producto\/evangelizacion-catequesis-y-liturgia-9788474672343\/#breadcrumb"},"inLanguage":"ca","potentialAction":[{"@type":"ReadAction","target":["https:\/\/www.cpl.es\/producto\/evangelizacion-catequesis-y-liturgia-9788474672343\/"]}]},{"@type":"ImageObject","inLanguage":"ca","@id":"https:\/\/www.cpl.es\/producto\/evangelizacion-catequesis-y-liturgia-9788474672343\/#primaryimage","url":"https:\/\/www.cpl.es\/wp-content\/uploads\/110038.jpg","contentUrl":"https:\/\/www.cpl.es\/wp-content\/uploads\/110038.jpg","width":278,"height":446,"caption":"110038.jpg"},{"@type":"BreadcrumbList","@id":"https:\/\/www.cpl.es\/producto\/evangelizacion-catequesis-y-liturgia-9788474672343\/#breadcrumb","itemListElement":[{"@type":"ListItem","position":1,"name":"Portada","item":"https:\/\/www.cpl.es\/ca\/"},{"@type":"ListItem","position":2,"name":"Cat\u00e0leg","item":"https:\/\/www.cpl.es\/ca\/cataleg\/"},{"@type":"ListItem","position":3,"name":"Evangelizaci\u00f3n, catequesis y liturgia"}]},{"@type":"WebSite","@id":"https:\/\/www.cpl.es\/#website","url":"https:\/\/www.cpl.es\/","name":"CPL","description":"Centre de Pastoral Lit\u00fargica de Barcelona","publisher":{"@id":"https:\/\/www.cpl.es\/#organization"},"alternateName":"Centre de Pastoral Lit\u00fargica","potentialAction":[{"@type":"SearchAction","target":{"@type":"EntryPoint","urlTemplate":"https:\/\/www.cpl.es\/?s={search_term_string}"},"query-input":{"@type":"PropertyValueSpecification","valueRequired":true,"valueName":"search_term_string"}}],"inLanguage":"ca"},{"@type":"Organization","@id":"https:\/\/www.cpl.es\/#organization","name":"Centre de Pastoral Lit\u00fargica","alternateName":"Centre de Pastoral Lit\u00fargica de Barcelona","url":"https:\/\/www.cpl.es\/","logo":{"@type":"ImageObject","inLanguage":"ca","@id":"https:\/\/www.cpl.es\/#\/schema\/logo\/image\/","url":"https:\/\/www.cpl.es\/wp-content\/uploads\/logo-cpl.svg","contentUrl":"https:\/\/www.cpl.es\/wp-content\/uploads\/logo-cpl.svg","caption":"Centre de Pastoral Lit\u00fargica"},"image":{"@id":"https:\/\/www.cpl.es\/#\/schema\/logo\/image\/"}}]}},"_links":{"self":[{"href":"https:\/\/www.cpl.es\/ca\/wp-json\/wp\/v2\/product\/6178","targetHints":{"allow":["GET"]}}],"collection":[{"href":"https:\/\/www.cpl.es\/ca\/wp-json\/wp\/v2\/product"}],"about":[{"href":"https:\/\/www.cpl.es\/ca\/wp-json\/wp\/v2\/types\/product"}],"wp:featuredmedia":[{"embeddable":true,"href":"https:\/\/www.cpl.es\/ca\/wp-json\/wp\/v2\/media\/6179"}],"wp:attachment":[{"href":"https:\/\/www.cpl.es\/ca\/wp-json\/wp\/v2\/media?parent=6178"}],"wp:term":[{"taxonomy":"product_brand","embeddable":true,"href":"https:\/\/www.cpl.es\/ca\/wp-json\/wp\/v2\/product_brand?post=6178"},{"taxonomy":"product_cat","embeddable":true,"href":"https:\/\/www.cpl.es\/ca\/wp-json\/wp\/v2\/product_cat?post=6178"},{"taxonomy":"product_tag","embeddable":true,"href":"https:\/\/www.cpl.es\/ca\/wp-json\/wp\/v2\/product_tag?post=6178"}],"curies":[{"name":"wp","href":"https:\/\/api.w.org\/{rel}","templated":true}]}}