{"id":6100,"date":"2023-10-04T03:19:07","date_gmt":"2023-10-04T01:19:07","guid":{"rendered":"https:\/\/nuevaweb.cpl.es\/producto\/ano-liturgico-el-9788474672893\/"},"modified":"2026-04-08T16:28:04","modified_gmt":"2026-04-08T14:28:04","slug":"ano-liturgico-el-9788474672893","status":"publish","type":"product","link":"https:\/\/www.cpl.es\/ca\/producto\/ano-liturgico-el-9788474672893\/","title":{"rendered":"A\u00f1o lit\u00fargico, El"},"content":{"rendered":"<p>Este libro sobre el a\u00f1o lit\u00fargico, sobre su conjunto y sobre cada uno de sus tiempos y fiestas, subraya sobre todo su dimensi\u00f3n espiritual. De ah\u00ed que, si bien nacido de la docencia, se ofrezca tambi\u00e9n a los pastores y a las comunidades eclesiales como catequesis lit\u00fargica e iniciaci\u00f3n espiritual. <br \/>Despu\u00e9s de una introducci\u00f3n en la teolog\u00eda y en la espiritualidad del a\u00f1o lit\u00fargico, se estudian cada uno de los tiempos del a\u00f1o cristiano desde la perspectiva de cinco claves: la historia, la teolog\u00eda, la liturgia, la pastoral, la espiritualidad (con peculiar referencia a la liturgia oriental, sobre todo bizantina). Y tambi\u00e9n a la presencia y ejemplaridad de Mar\u00eda en cada tiempo. <br \/>Como dice su autor, \u201cestas p\u00e1ginas quieren ser de car\u00e1cter mistag\u00f3gico. Profundizan en la teolog\u00eda y explican el complejo ca\u00f1amazo de la liturgia: palabras, oraciones, ritos, im\u00e1genes\u201d. Basado en dos ediciones en italiano, ha sido reelaborado y adaptado por su autor para su publicaci\u00f3n en castellano.<\/p>\n<p>Jes\u00fas Castellano Cervera, carmelita descalzo, naci\u00f3 en Villar del Arzobispo (Valencia). Doctor en teolog\u00eda (con una tesis sobre la Eucarist\u00eda), se ha especializado en espiritualidad lit\u00fargica. Es profesor de teolog\u00eda sacramentaria y de<br \/>espiritualidad lit\u00fargica en la Facultad del Teresianum y en el Instituto Regina Mundi de Roma. Consultor de la  Congregaci\u00f3n para la Doctrina de la fe y del Oficio para las celebraciones lit\u00fargicas del Papa, ha colaborado en la redacci\u00f3n de varios diccionarios especializados y en revistas de liturgia y espiritualidad. En el CPL ha publicado \u201cOraci\u00f3n ante los iconos: los misterios de Cristo en el a\u00f1o lit\u00fargico\u201d, \u201cPedagog\u00eda de la oraci\u00f3n cristiana\u201d y \u201cLa liturgia de las Horas. Teolog\u00eda y espiritualidad\u201d. [Muri\u00f3 en Roma el 15 de junio de 2006].<\/p>\n","protected":false},"excerpt":{"rendered":"<p>Castellano Cervera, Jes\u00fas<\/p>\n","protected":false},"featured_media":6101,"template":"","meta":{"_acf_changed":false,"inline_featured_image":false},"product_brand":[],"product_cat":[148,149,74,46],"product_tag":[],"class_list":{"0":"post-6100","1":"product","2":"type-product","3":"status-publish","4":"has-post-thumbnail","6":"product_cat-ano-liturgico-ano-liturgico-por-temas","7":"product_cat-any-liturgic-any-liturgic-per-temes","8":"product_cat-biblioteca-liturgica-colleccions-catala","9":"product_cat-biblioteca-liturgica","11":"first","12":"instock","13":"taxable","14":"shipping-taxable","15":"purchasable","16":"product-type-simple"},"acf":{"autor":"Castellano Cervera, Jes\u00fas","codart":"111001","ediciones":"1","encuadernacion":"R\u00fastica","fecha_de_publicacion":"23\/11\/2017","novedad":false,"paginas":"360","subtitulo":"El Memorial de Cristo y mistagog\u00eda de la Iglesia","orden":"999","portada":false,"idioma":"spa","editorial":[{"ID":6736,"post_author":"2","post_date":"2023-10-06 08:35:24","post_date_gmt":"2023-10-06 06:35:24","post_content":"","post_title":"CPL","post_excerpt":"","post_status":"publish","comment_status":"closed","ping_status":"closed","post_password":"","post_name":"cpl","to_ping":"","pinged":"","post_modified":"2023-10-06 08:35:24","post_modified_gmt":"2023-10-06 06:35:24","post_content_filtered":"","post_parent":0,"guid":"https:\/\/nuevaweb.cpl.es\/editorial\/cpl\/","menu_order":0,"post_type":"editorial","post_mime_type":"","comment_count":"0","filter":"raw"}],"coleccion_num":"1"},"yoast_head":"<!-- This site is optimized with the Yoast SEO plugin v27.3 - https:\/\/yoast.com\/product\/yoast-seo-wordpress\/ -->\n<title>A\u00f1o lit\u00fargico, El - CPL<\/title>\n<meta name=\"robots\" content=\"index, follow, max-snippet:-1, max-image-preview:large, max-video-preview:-1\" \/>\n<link rel=\"canonical\" href=\"https:\/\/www.cpl.es\/producto\/ano-liturgico-el-9788474672893\/\" \/>\n<meta property=\"og:locale\" content=\"ca_ES\" \/>\n<meta property=\"og:type\" content=\"article\" \/>\n<meta property=\"og:title\" content=\"A\u00f1o lit\u00fargico, El - CPL\" \/>\n<meta property=\"og:description\" content=\"Castellano Cervera, Jes\u00fas\" \/>\n<meta property=\"og:url\" content=\"https:\/\/www.cpl.es\/producto\/ano-liturgico-el-9788474672893\/\" \/>\n<meta property=\"og:site_name\" content=\"CPL\" \/>\n<meta property=\"article:modified_time\" content=\"2026-04-08T14:28:04+00:00\" \/>\n<meta property=\"og:image\" content=\"https:\/\/www.cpl.es\/wp-content\/uploads\/111001.jpg\" \/>\n\t<meta property=\"og:image:width\" content=\"280\" \/>\n\t<meta property=\"og:image:height\" content=\"389\" \/>\n\t<meta property=\"og:image:type\" content=\"image\/jpeg\" \/>\n<meta name=\"twitter:card\" content=\"summary_large_image\" \/>\n<meta name=\"twitter:label1\" content=\"Temps estimat de lectura\" \/>\n\t<meta name=\"twitter:data1\" content=\"2 minuts\" \/>\n<script type=\"application\/ld+json\" class=\"yoast-schema-graph\">{\"@context\":\"https:\\\/\\\/schema.org\",\"@graph\":[{\"@type\":\"WebPage\",\"@id\":\"https:\\\/\\\/www.cpl.es\\\/producto\\\/ano-liturgico-el-9788474672893\\\/\",\"url\":\"https:\\\/\\\/www.cpl.es\\\/producto\\\/ano-liturgico-el-9788474672893\\\/\",\"name\":\"A\u00f1o lit\u00fargico, El - CPL\",\"isPartOf\":{\"@id\":\"https:\\\/\\\/www.cpl.es\\\/#website\"},\"primaryImageOfPage\":{\"@id\":\"https:\\\/\\\/www.cpl.es\\\/producto\\\/ano-liturgico-el-9788474672893\\\/#primaryimage\"},\"image\":{\"@id\":\"https:\\\/\\\/www.cpl.es\\\/producto\\\/ano-liturgico-el-9788474672893\\\/#primaryimage\"},\"thumbnailUrl\":\"https:\\\/\\\/www.cpl.es\\\/wp-content\\\/uploads\\\/111001.jpg\",\"datePublished\":\"2023-10-04T01:19:07+00:00\",\"dateModified\":\"2026-04-08T14:28:04+00:00\",\"breadcrumb\":{\"@id\":\"https:\\\/\\\/www.cpl.es\\\/producto\\\/ano-liturgico-el-9788474672893\\\/#breadcrumb\"},\"inLanguage\":\"ca\",\"potentialAction\":[{\"@type\":\"ReadAction\",\"target\":[\"https:\\\/\\\/www.cpl.es\\\/producto\\\/ano-liturgico-el-9788474672893\\\/\"]}]},{\"@type\":\"ImageObject\",\"inLanguage\":\"ca\",\"@id\":\"https:\\\/\\\/www.cpl.es\\\/producto\\\/ano-liturgico-el-9788474672893\\\/#primaryimage\",\"url\":\"https:\\\/\\\/www.cpl.es\\\/wp-content\\\/uploads\\\/111001.jpg\",\"contentUrl\":\"https:\\\/\\\/www.cpl.es\\\/wp-content\\\/uploads\\\/111001.jpg\",\"width\":280,\"height\":389,\"caption\":\"111001.jpg\"},{\"@type\":\"BreadcrumbList\",\"@id\":\"https:\\\/\\\/www.cpl.es\\\/producto\\\/ano-liturgico-el-9788474672893\\\/#breadcrumb\",\"itemListElement\":[{\"@type\":\"ListItem\",\"position\":1,\"name\":\"Portada\",\"item\":\"https:\\\/\\\/www.cpl.es\\\/ca\\\/\"},{\"@type\":\"ListItem\",\"position\":2,\"name\":\"Cat\u00e0leg\",\"item\":\"https:\\\/\\\/www.cpl.es\\\/ca\\\/cataleg\\\/\"},{\"@type\":\"ListItem\",\"position\":3,\"name\":\"A\u00f1o lit\u00fargico, El\"}]},{\"@type\":\"WebSite\",\"@id\":\"https:\\\/\\\/www.cpl.es\\\/#website\",\"url\":\"https:\\\/\\\/www.cpl.es\\\/\",\"name\":\"CPL\",\"description\":\"Centre de Pastoral Lit\u00fargica de Barcelona\",\"publisher\":{\"@id\":\"https:\\\/\\\/www.cpl.es\\\/#organization\"},\"alternateName\":\"Centre de Pastoral Lit\u00fargica\",\"potentialAction\":[{\"@type\":\"SearchAction\",\"target\":{\"@type\":\"EntryPoint\",\"urlTemplate\":\"https:\\\/\\\/www.cpl.es\\\/?s={search_term_string}\"},\"query-input\":{\"@type\":\"PropertyValueSpecification\",\"valueRequired\":true,\"valueName\":\"search_term_string\"}}],\"inLanguage\":\"ca\"},{\"@type\":\"Organization\",\"@id\":\"https:\\\/\\\/www.cpl.es\\\/#organization\",\"name\":\"Centre de Pastoral Lit\u00fargica\",\"alternateName\":\"Centre de Pastoral Lit\u00fargica de Barcelona\",\"url\":\"https:\\\/\\\/www.cpl.es\\\/\",\"logo\":{\"@type\":\"ImageObject\",\"inLanguage\":\"ca\",\"@id\":\"https:\\\/\\\/www.cpl.es\\\/#\\\/schema\\\/logo\\\/image\\\/\",\"url\":\"https:\\\/\\\/www.cpl.es\\\/wp-content\\\/uploads\\\/logo-cpl.svg\",\"contentUrl\":\"https:\\\/\\\/www.cpl.es\\\/wp-content\\\/uploads\\\/logo-cpl.svg\",\"caption\":\"Centre de Pastoral Lit\u00fargica\"},\"image\":{\"@id\":\"https:\\\/\\\/www.cpl.es\\\/#\\\/schema\\\/logo\\\/image\\\/\"}}]}<\/script>\n<!-- \/ Yoast SEO plugin. -->","yoast_head_json":{"title":"A\u00f1o lit\u00fargico, El - CPL","robots":{"index":"index","follow":"follow","max-snippet":"max-snippet:-1","max-image-preview":"max-image-preview:large","max-video-preview":"max-video-preview:-1"},"canonical":"https:\/\/www.cpl.es\/producto\/ano-liturgico-el-9788474672893\/","og_locale":"ca_ES","og_type":"article","og_title":"A\u00f1o lit\u00fargico, El - CPL","og_description":"Castellano Cervera, Jes\u00fas","og_url":"https:\/\/www.cpl.es\/producto\/ano-liturgico-el-9788474672893\/","og_site_name":"CPL","article_modified_time":"2026-04-08T14:28:04+00:00","og_image":[{"width":280,"height":389,"url":"https:\/\/www.cpl.es\/wp-content\/uploads\/111001.jpg","type":"image\/jpeg"}],"twitter_card":"summary_large_image","twitter_misc":{"Temps estimat de lectura":"2 minuts"},"schema":{"@context":"https:\/\/schema.org","@graph":[{"@type":"WebPage","@id":"https:\/\/www.cpl.es\/producto\/ano-liturgico-el-9788474672893\/","url":"https:\/\/www.cpl.es\/producto\/ano-liturgico-el-9788474672893\/","name":"A\u00f1o lit\u00fargico, El - CPL","isPartOf":{"@id":"https:\/\/www.cpl.es\/#website"},"primaryImageOfPage":{"@id":"https:\/\/www.cpl.es\/producto\/ano-liturgico-el-9788474672893\/#primaryimage"},"image":{"@id":"https:\/\/www.cpl.es\/producto\/ano-liturgico-el-9788474672893\/#primaryimage"},"thumbnailUrl":"https:\/\/www.cpl.es\/wp-content\/uploads\/111001.jpg","datePublished":"2023-10-04T01:19:07+00:00","dateModified":"2026-04-08T14:28:04+00:00","breadcrumb":{"@id":"https:\/\/www.cpl.es\/producto\/ano-liturgico-el-9788474672893\/#breadcrumb"},"inLanguage":"ca","potentialAction":[{"@type":"ReadAction","target":["https:\/\/www.cpl.es\/producto\/ano-liturgico-el-9788474672893\/"]}]},{"@type":"ImageObject","inLanguage":"ca","@id":"https:\/\/www.cpl.es\/producto\/ano-liturgico-el-9788474672893\/#primaryimage","url":"https:\/\/www.cpl.es\/wp-content\/uploads\/111001.jpg","contentUrl":"https:\/\/www.cpl.es\/wp-content\/uploads\/111001.jpg","width":280,"height":389,"caption":"111001.jpg"},{"@type":"BreadcrumbList","@id":"https:\/\/www.cpl.es\/producto\/ano-liturgico-el-9788474672893\/#breadcrumb","itemListElement":[{"@type":"ListItem","position":1,"name":"Portada","item":"https:\/\/www.cpl.es\/ca\/"},{"@type":"ListItem","position":2,"name":"Cat\u00e0leg","item":"https:\/\/www.cpl.es\/ca\/cataleg\/"},{"@type":"ListItem","position":3,"name":"A\u00f1o lit\u00fargico, El"}]},{"@type":"WebSite","@id":"https:\/\/www.cpl.es\/#website","url":"https:\/\/www.cpl.es\/","name":"CPL","description":"Centre de Pastoral Lit\u00fargica de Barcelona","publisher":{"@id":"https:\/\/www.cpl.es\/#organization"},"alternateName":"Centre de Pastoral Lit\u00fargica","potentialAction":[{"@type":"SearchAction","target":{"@type":"EntryPoint","urlTemplate":"https:\/\/www.cpl.es\/?s={search_term_string}"},"query-input":{"@type":"PropertyValueSpecification","valueRequired":true,"valueName":"search_term_string"}}],"inLanguage":"ca"},{"@type":"Organization","@id":"https:\/\/www.cpl.es\/#organization","name":"Centre de Pastoral Lit\u00fargica","alternateName":"Centre de Pastoral Lit\u00fargica de Barcelona","url":"https:\/\/www.cpl.es\/","logo":{"@type":"ImageObject","inLanguage":"ca","@id":"https:\/\/www.cpl.es\/#\/schema\/logo\/image\/","url":"https:\/\/www.cpl.es\/wp-content\/uploads\/logo-cpl.svg","contentUrl":"https:\/\/www.cpl.es\/wp-content\/uploads\/logo-cpl.svg","caption":"Centre de Pastoral Lit\u00fargica"},"image":{"@id":"https:\/\/www.cpl.es\/#\/schema\/logo\/image\/"}}]}},"_links":{"self":[{"href":"https:\/\/www.cpl.es\/ca\/wp-json\/wp\/v2\/product\/6100","targetHints":{"allow":["GET"]}}],"collection":[{"href":"https:\/\/www.cpl.es\/ca\/wp-json\/wp\/v2\/product"}],"about":[{"href":"https:\/\/www.cpl.es\/ca\/wp-json\/wp\/v2\/types\/product"}],"wp:featuredmedia":[{"embeddable":true,"href":"https:\/\/www.cpl.es\/ca\/wp-json\/wp\/v2\/media\/6101"}],"wp:attachment":[{"href":"https:\/\/www.cpl.es\/ca\/wp-json\/wp\/v2\/media?parent=6100"}],"wp:term":[{"taxonomy":"product_brand","embeddable":true,"href":"https:\/\/www.cpl.es\/ca\/wp-json\/wp\/v2\/product_brand?post=6100"},{"taxonomy":"product_cat","embeddable":true,"href":"https:\/\/www.cpl.es\/ca\/wp-json\/wp\/v2\/product_cat?post=6100"},{"taxonomy":"product_tag","embeddable":true,"href":"https:\/\/www.cpl.es\/ca\/wp-json\/wp\/v2\/product_tag?post=6100"}],"curies":[{"name":"wp","href":"https:\/\/api.w.org\/{rel}","templated":true}]}}