{"id":590,"date":"2023-10-04T00:44:09","date_gmt":"2023-10-03T22:44:09","guid":{"rendered":"https:\/\/nuevaweb.cpl.es\/producto\/paraula-de-deu-lectura-divina-9788491655688\/"},"modified":"2026-02-12T17:02:33","modified_gmt":"2026-02-12T16:02:33","slug":"paraula-de-deu-lectura-divina-9788491655688","status":"publish","type":"product","link":"https:\/\/www.cpl.es\/ca\/producto\/paraula-de-deu-lectura-divina-9788491655688\/","title":{"rendered":"Paraula de D\u00e9u, lectura divina"},"content":{"rendered":"<p> A les p\u00e0gines seg\u00fcents, abans d\u2019endinsar-nos en el guiatge de la lectura divina, mostrarem com, en el fons, ja es troba en la redacci\u00f3 mateixa dels textos de l\u2019Antic Testament. En una paraula: l\u2019Escriptura mateixa neix com a fruit de la lectura divina. No cal dir, per reblar el clau, que els autors del Nou Testament, per descriure la persona i l\u2019obra salvadora de Jes\u00fas, practicaren lectura divina de l\u2019Antic Testament. Els pares de l\u2019Esgl\u00e9sia es mogueren pel mateix cam\u00ed i els monjos, tant en l\u2019\u00e8poca tardoromana com fins arribar a l\u2019Edat Moderna, en feren l\u2019eix de la seva vida. El moviment lit\u00fargic del segle XX supos\u00e0 un apropament a les fonts b\u00edbliques. \u00c9s en el Concili Vatic\u00e0 II, amb les Constitucions sobre la sagrada lit\u00fargia i la divina revelaci\u00f3, que s\u2019obre el cam\u00ed a un amor m\u00e9s gran per la Sagrada Escriptura. I el S\u00ednode de 2008 sobre \u00abLa Paraula de D\u00e9u en la vida i la missi\u00f3 de l\u2019Esgl\u00e9sia\u00bb dona carta de naturalesa a la lectura divina i en descriu les caracter\u00edstiques i els valors. Bernab\u00e9 Dalmau ens facilita aquest recorregut no per donar un simple resum hist\u00f2ric de la lectura divina, sin\u00f3 per copsar-ne millor el valor. Aix\u00ed estarem m\u00e9s preparats per con\u00e8ixer-ne les caracter\u00edstiques i aprofundir-hi. Bernab\u00e9 Dalmau (Igualada, 1944), \u00e9s monjo de Montserrat, llicenciat en teologia i dret can\u00f2nic, expert en lit\u00fargia, director de la revista Documents d\u2019Esgl\u00e9sia i membre del Centre de Pastoral Lit\u00fargica, on darrerament ha publicat diverses obres tant de caire lit\u00fargic com de vida cristiana.<\/p>\n","protected":false},"excerpt":{"rendered":"<p>Dalmau i Ribalta, Bernab\u00e9<\/p>\n","protected":false},"featured_media":591,"template":"","meta":{"_acf_changed":false,"inline_featured_image":false},"product_brand":[],"product_cat":[15],"product_tag":[],"class_list":{"0":"post-590","1":"product","2":"type-product","3":"status-publish","4":"has-post-thumbnail","6":"product_cat-sin-categorizar","8":"first","9":"instock","10":"taxable","11":"shipping-taxable","12":"purchasable","13":"product-type-simple"},"acf":{"autor":"Dalmau i Ribalta, Bernab\u00e9","codart":"208175","ediciones":"1","encuadernacion":"R\u00fastica","fecha_de_publicacion":"14\/06\/2023","novedad":false,"paginas":"72","subtitulo":"","orden":"999","portada":false,"idioma":"cat","editorial":[{"ID":6736,"post_author":"2","post_date":"2023-10-06 08:35:24","post_date_gmt":"2023-10-06 06:35:24","post_content":"","post_title":"CPL","post_excerpt":"","post_status":"publish","comment_status":"closed","ping_status":"closed","post_password":"","post_name":"cpl","to_ping":"","pinged":"","post_modified":"2023-10-06 08:35:24","post_modified_gmt":"2023-10-06 06:35:24","post_content_filtered":"","post_parent":0,"guid":"https:\/\/nuevaweb.cpl.es\/editorial\/cpl\/","menu_order":0,"post_type":"editorial","post_mime_type":"","comment_count":"0","filter":"raw"}],"coleccion_num":"175"},"yoast_head":"<!-- This site is optimized with the Yoast SEO plugin v27.3 - https:\/\/yoast.com\/product\/yoast-seo-wordpress\/ -->\n<title>Paraula de D\u00e9u, lectura divina - CPL<\/title>\n<meta name=\"robots\" content=\"index, follow, max-snippet:-1, max-image-preview:large, max-video-preview:-1\" \/>\n<link rel=\"canonical\" href=\"https:\/\/www.cpl.es\/producto\/paraula-de-deu-lectura-divina-9788491655688\/\" \/>\n<meta property=\"og:locale\" content=\"ca_ES\" \/>\n<meta property=\"og:type\" content=\"article\" \/>\n<meta property=\"og:title\" content=\"Paraula de D\u00e9u, lectura divina - CPL\" \/>\n<meta property=\"og:description\" content=\"Dalmau i Ribalta, Bernab\u00e9\" \/>\n<meta property=\"og:url\" content=\"https:\/\/www.cpl.es\/producto\/paraula-de-deu-lectura-divina-9788491655688\/\" \/>\n<meta property=\"og:site_name\" content=\"CPL\" \/>\n<meta property=\"article:modified_time\" content=\"2026-02-12T16:02:33+00:00\" \/>\n<meta property=\"og:image\" content=\"https:\/\/www.cpl.es\/wp-content\/uploads\/208175.jpg\" \/>\n\t<meta property=\"og:image:width\" content=\"280\" \/>\n\t<meta property=\"og:image:height\" content=\"443\" \/>\n\t<meta property=\"og:image:type\" content=\"image\/jpeg\" \/>\n<meta name=\"twitter:card\" content=\"summary_large_image\" \/>\n<meta name=\"twitter:label1\" content=\"Temps estimat de lectura\" \/>\n\t<meta name=\"twitter:data1\" content=\"1 minut\" \/>\n<script type=\"application\/ld+json\" class=\"yoast-schema-graph\">{\"@context\":\"https:\\\/\\\/schema.org\",\"@graph\":[{\"@type\":\"WebPage\",\"@id\":\"https:\\\/\\\/www.cpl.es\\\/producto\\\/paraula-de-deu-lectura-divina-9788491655688\\\/\",\"url\":\"https:\\\/\\\/www.cpl.es\\\/producto\\\/paraula-de-deu-lectura-divina-9788491655688\\\/\",\"name\":\"Paraula de D\u00e9u, lectura divina - CPL\",\"isPartOf\":{\"@id\":\"https:\\\/\\\/www.cpl.es\\\/#website\"},\"primaryImageOfPage\":{\"@id\":\"https:\\\/\\\/www.cpl.es\\\/producto\\\/paraula-de-deu-lectura-divina-9788491655688\\\/#primaryimage\"},\"image\":{\"@id\":\"https:\\\/\\\/www.cpl.es\\\/producto\\\/paraula-de-deu-lectura-divina-9788491655688\\\/#primaryimage\"},\"thumbnailUrl\":\"https:\\\/\\\/www.cpl.es\\\/wp-content\\\/uploads\\\/208175.jpg\",\"datePublished\":\"2023-10-03T22:44:09+00:00\",\"dateModified\":\"2026-02-12T16:02:33+00:00\",\"breadcrumb\":{\"@id\":\"https:\\\/\\\/www.cpl.es\\\/producto\\\/paraula-de-deu-lectura-divina-9788491655688\\\/#breadcrumb\"},\"inLanguage\":\"ca\",\"potentialAction\":[{\"@type\":\"ReadAction\",\"target\":[\"https:\\\/\\\/www.cpl.es\\\/producto\\\/paraula-de-deu-lectura-divina-9788491655688\\\/\"]}]},{\"@type\":\"ImageObject\",\"inLanguage\":\"ca\",\"@id\":\"https:\\\/\\\/www.cpl.es\\\/producto\\\/paraula-de-deu-lectura-divina-9788491655688\\\/#primaryimage\",\"url\":\"https:\\\/\\\/www.cpl.es\\\/wp-content\\\/uploads\\\/208175.jpg\",\"contentUrl\":\"https:\\\/\\\/www.cpl.es\\\/wp-content\\\/uploads\\\/208175.jpg\",\"width\":280,\"height\":443,\"caption\":\"208175.jpg\"},{\"@type\":\"BreadcrumbList\",\"@id\":\"https:\\\/\\\/www.cpl.es\\\/producto\\\/paraula-de-deu-lectura-divina-9788491655688\\\/#breadcrumb\",\"itemListElement\":[{\"@type\":\"ListItem\",\"position\":1,\"name\":\"Portada\",\"item\":\"https:\\\/\\\/www.cpl.es\\\/ca\\\/\"},{\"@type\":\"ListItem\",\"position\":2,\"name\":\"Cat\u00e0leg\",\"item\":\"https:\\\/\\\/www.cpl.es\\\/ca\\\/cataleg\\\/\"},{\"@type\":\"ListItem\",\"position\":3,\"name\":\"Paraula de D\u00e9u, lectura divina\"}]},{\"@type\":\"WebSite\",\"@id\":\"https:\\\/\\\/www.cpl.es\\\/#website\",\"url\":\"https:\\\/\\\/www.cpl.es\\\/\",\"name\":\"CPL\",\"description\":\"Centre de Pastoral Lit\u00fargica de Barcelona\",\"publisher\":{\"@id\":\"https:\\\/\\\/www.cpl.es\\\/#organization\"},\"alternateName\":\"Centre de Pastoral Lit\u00fargica\",\"potentialAction\":[{\"@type\":\"SearchAction\",\"target\":{\"@type\":\"EntryPoint\",\"urlTemplate\":\"https:\\\/\\\/www.cpl.es\\\/?s={search_term_string}\"},\"query-input\":{\"@type\":\"PropertyValueSpecification\",\"valueRequired\":true,\"valueName\":\"search_term_string\"}}],\"inLanguage\":\"ca\"},{\"@type\":\"Organization\",\"@id\":\"https:\\\/\\\/www.cpl.es\\\/#organization\",\"name\":\"Centre de Pastoral Lit\u00fargica\",\"alternateName\":\"Centre de Pastoral Lit\u00fargica de Barcelona\",\"url\":\"https:\\\/\\\/www.cpl.es\\\/\",\"logo\":{\"@type\":\"ImageObject\",\"inLanguage\":\"ca\",\"@id\":\"https:\\\/\\\/www.cpl.es\\\/#\\\/schema\\\/logo\\\/image\\\/\",\"url\":\"https:\\\/\\\/www.cpl.es\\\/wp-content\\\/uploads\\\/logo-cpl.svg\",\"contentUrl\":\"https:\\\/\\\/www.cpl.es\\\/wp-content\\\/uploads\\\/logo-cpl.svg\",\"caption\":\"Centre de Pastoral Lit\u00fargica\"},\"image\":{\"@id\":\"https:\\\/\\\/www.cpl.es\\\/#\\\/schema\\\/logo\\\/image\\\/\"}}]}<\/script>\n<!-- \/ Yoast SEO plugin. -->","yoast_head_json":{"title":"Paraula de D\u00e9u, lectura divina - CPL","robots":{"index":"index","follow":"follow","max-snippet":"max-snippet:-1","max-image-preview":"max-image-preview:large","max-video-preview":"max-video-preview:-1"},"canonical":"https:\/\/www.cpl.es\/producto\/paraula-de-deu-lectura-divina-9788491655688\/","og_locale":"ca_ES","og_type":"article","og_title":"Paraula de D\u00e9u, lectura divina - CPL","og_description":"Dalmau i Ribalta, Bernab\u00e9","og_url":"https:\/\/www.cpl.es\/producto\/paraula-de-deu-lectura-divina-9788491655688\/","og_site_name":"CPL","article_modified_time":"2026-02-12T16:02:33+00:00","og_image":[{"width":280,"height":443,"url":"https:\/\/www.cpl.es\/wp-content\/uploads\/208175.jpg","type":"image\/jpeg"}],"twitter_card":"summary_large_image","twitter_misc":{"Temps estimat de lectura":"1 minut"},"schema":{"@context":"https:\/\/schema.org","@graph":[{"@type":"WebPage","@id":"https:\/\/www.cpl.es\/producto\/paraula-de-deu-lectura-divina-9788491655688\/","url":"https:\/\/www.cpl.es\/producto\/paraula-de-deu-lectura-divina-9788491655688\/","name":"Paraula de D\u00e9u, lectura divina - CPL","isPartOf":{"@id":"https:\/\/www.cpl.es\/#website"},"primaryImageOfPage":{"@id":"https:\/\/www.cpl.es\/producto\/paraula-de-deu-lectura-divina-9788491655688\/#primaryimage"},"image":{"@id":"https:\/\/www.cpl.es\/producto\/paraula-de-deu-lectura-divina-9788491655688\/#primaryimage"},"thumbnailUrl":"https:\/\/www.cpl.es\/wp-content\/uploads\/208175.jpg","datePublished":"2023-10-03T22:44:09+00:00","dateModified":"2026-02-12T16:02:33+00:00","breadcrumb":{"@id":"https:\/\/www.cpl.es\/producto\/paraula-de-deu-lectura-divina-9788491655688\/#breadcrumb"},"inLanguage":"ca","potentialAction":[{"@type":"ReadAction","target":["https:\/\/www.cpl.es\/producto\/paraula-de-deu-lectura-divina-9788491655688\/"]}]},{"@type":"ImageObject","inLanguage":"ca","@id":"https:\/\/www.cpl.es\/producto\/paraula-de-deu-lectura-divina-9788491655688\/#primaryimage","url":"https:\/\/www.cpl.es\/wp-content\/uploads\/208175.jpg","contentUrl":"https:\/\/www.cpl.es\/wp-content\/uploads\/208175.jpg","width":280,"height":443,"caption":"208175.jpg"},{"@type":"BreadcrumbList","@id":"https:\/\/www.cpl.es\/producto\/paraula-de-deu-lectura-divina-9788491655688\/#breadcrumb","itemListElement":[{"@type":"ListItem","position":1,"name":"Portada","item":"https:\/\/www.cpl.es\/ca\/"},{"@type":"ListItem","position":2,"name":"Cat\u00e0leg","item":"https:\/\/www.cpl.es\/ca\/cataleg\/"},{"@type":"ListItem","position":3,"name":"Paraula de D\u00e9u, lectura divina"}]},{"@type":"WebSite","@id":"https:\/\/www.cpl.es\/#website","url":"https:\/\/www.cpl.es\/","name":"CPL","description":"Centre de Pastoral Lit\u00fargica de Barcelona","publisher":{"@id":"https:\/\/www.cpl.es\/#organization"},"alternateName":"Centre de Pastoral Lit\u00fargica","potentialAction":[{"@type":"SearchAction","target":{"@type":"EntryPoint","urlTemplate":"https:\/\/www.cpl.es\/?s={search_term_string}"},"query-input":{"@type":"PropertyValueSpecification","valueRequired":true,"valueName":"search_term_string"}}],"inLanguage":"ca"},{"@type":"Organization","@id":"https:\/\/www.cpl.es\/#organization","name":"Centre de Pastoral Lit\u00fargica","alternateName":"Centre de Pastoral Lit\u00fargica de Barcelona","url":"https:\/\/www.cpl.es\/","logo":{"@type":"ImageObject","inLanguage":"ca","@id":"https:\/\/www.cpl.es\/#\/schema\/logo\/image\/","url":"https:\/\/www.cpl.es\/wp-content\/uploads\/logo-cpl.svg","contentUrl":"https:\/\/www.cpl.es\/wp-content\/uploads\/logo-cpl.svg","caption":"Centre de Pastoral Lit\u00fargica"},"image":{"@id":"https:\/\/www.cpl.es\/#\/schema\/logo\/image\/"}}]}},"_links":{"self":[{"href":"https:\/\/www.cpl.es\/ca\/wp-json\/wp\/v2\/product\/590","targetHints":{"allow":["GET"]}}],"collection":[{"href":"https:\/\/www.cpl.es\/ca\/wp-json\/wp\/v2\/product"}],"about":[{"href":"https:\/\/www.cpl.es\/ca\/wp-json\/wp\/v2\/types\/product"}],"wp:featuredmedia":[{"embeddable":true,"href":"https:\/\/www.cpl.es\/ca\/wp-json\/wp\/v2\/media\/591"}],"wp:attachment":[{"href":"https:\/\/www.cpl.es\/ca\/wp-json\/wp\/v2\/media?parent=590"}],"wp:term":[{"taxonomy":"product_brand","embeddable":true,"href":"https:\/\/www.cpl.es\/ca\/wp-json\/wp\/v2\/product_brand?post=590"},{"taxonomy":"product_cat","embeddable":true,"href":"https:\/\/www.cpl.es\/ca\/wp-json\/wp\/v2\/product_cat?post=590"},{"taxonomy":"product_tag","embeddable":true,"href":"https:\/\/www.cpl.es\/ca\/wp-json\/wp\/v2\/product_tag?post=590"}],"curies":[{"name":"wp","href":"https:\/\/api.w.org\/{rel}","templated":true}]}}