{"id":581,"date":"2023-10-04T00:43:52","date_gmt":"2023-10-03T22:43:52","guid":{"rendered":"https:\/\/nuevaweb.cpl.es\/producto\/la-constitucion-liturgica-del-vaticano-ii-en-la-historia-de-la-liturgia-9788491655725\/"},"modified":"2026-02-12T16:47:03","modified_gmt":"2026-02-12T15:47:03","slug":"la-constitucion-liturgica-del-vaticano-ii-en-la-historia-de-la-liturgia-9788491655725","status":"publish","type":"product","link":"https:\/\/www.cpl.es\/ca\/producto\/la-constitucion-liturgica-del-vaticano-ii-en-la-historia-de-la-liturgia-9788491655725\/","title":{"rendered":"La Constituci\u00f3n Lit\u00fargica del Vaticano II en la historia de la liturgia"},"content":{"rendered":"<p> Resumen: La historia de la liturgia tiene un cap\u00edtulo espec\u00edfico en la Constituci\u00f3n Lit\u00fargica del Concilio Vaticano II, Sacrosanctum Concilium. El marco hist\u00f3rico de la convocatoria de Juan XXIII del Concilio Ecum\u00e9nico en 1959 y la visi\u00f3n teol\u00f3gica de la Constituci\u00f3n De sacra Liturgia inician en este libro el comentario a los diversos cap\u00edtulos de la constituci\u00f3n conciliar. La reflexi\u00f3n doctrinal de la Constituci\u00f3n tiene la finalidad que revelar el contenido de la acci\u00f3n sagrada, hacernos descubrir la realidad mist\u00e9rica de la liturgia. La reuni\u00f3n del pueblo santo en la diversidad de sus miembros \u00aben torno al libro y al c\u00e1liz\u00bb, en expresi\u00f3n tan querida por Juan XXIII, realiza la Iglesia en acto, el Pueblo de Dios como acontecimiento. La acci\u00f3n lit\u00fargica es Palabra de Dios, Palabra a Dios y tambi\u00e9n Palabra sobre Dios. Palabras clave: Constituci\u00f3n Lit\u00fargica, Concilio de Trento, Concilio Vaticano II, Sacrosanctum Concilium, Xabier Basurko. Abstract: The history of the liturgy has a specific chapter in Sacrosanctum Concilium, the Liturgical Constitution of the Second Vatican Council. In this book, the historical framework of John XXIII\u2019s convocation of the Ecumenical Council in 1959 and the theological vision of the Constitution De sacra Liturgia initiate the commentary to the various chapters of the conciliar constitution. The purpose of the doctrinal consideration of the Constitution is to reveal the content of sacred action, to make us discover the mysterious reality of the liturgy. The gathering of the holy people in the diversity of their members \u00abaround the book and the chalice\u00bb, in expression so dear to John XXIII, performs the Church in action, the people of God as an event. Liturgical action is Word of God, Word to God and also Word about God. Keywords: Council of Trent, Liturgical Constitution, Sacrosanctum Concilium, Second Vatican Council, Xabier Basurko. <br \/> Xabier Basurko (Motrico, 1937 &#8211; San Sebasti\u00e1n 2022), recibi\u00f3 el sacramento del orden en 1960. Doctor en teolog\u00eda, dedic\u00f3 su vida de profesor de teolog\u00eda y liturgia en el Seminario de San Sebasti\u00e1n, en la Universidad de Deusto, en el Centro de Estudios Teol\u00f3gicos de Pamplona y en la Facultad de Teolog\u00eda de Vitoria-Gasteiz. Entre sus publicaciones destacan: su tesis doctoral El canto cristiano en la tradici\u00f3n primitiva, traducida y editada tambi\u00e9n en Brasil; Para vivir el domingo; La Eucarist\u00eda \u00bfnos educa en la fe?; Para comprender la Eucarist\u00eda; Historia de la liturgia; Jacinto Argaya: Diario del Concilio; Compartir el pan; Veinte estudios sobre el culto y la cultura; Liturgia ulertu eta bizi. Xabier Basurko fue uno de los liturgistas pertenecientes a aquella generaci\u00f3n que vivi\u00f3 con ilusi\u00f3n y esperanza la celebraci\u00f3n del Concilio Vaticano II, y acogi\u00f3 y asumi\u00f3 con \u00edmpetu y entusiasmo la renovaci\u00f3n lit\u00fargica emanada de Sacrosanctum Concilium.<\/p>\n","protected":false},"excerpt":{"rendered":"<p>Basurko Ulazia, Xabier<\/p>\n","protected":false},"featured_media":582,"template":"","meta":{"_acf_changed":false,"inline_featured_image":false},"product_brand":[],"product_cat":[54,69],"product_tag":[],"class_list":{"0":"post-581","1":"product","2":"type-product","3":"status-publish","4":"has-post-thumbnail","6":"product_cat-cuadernos-phase","7":"product_cat-cuadernos-phase-colleccions-catala","9":"first","10":"instock","11":"taxable","12":"shipping-taxable","13":"purchasable","14":"product-type-simple"},"acf":{"autor":"Basurko Ulazia, Xabier","codart":"110274","ediciones":"1","encuadernacion":"R\u00fastica","fecha_de_publicacion":"20\/06\/2023","novedad":false,"paginas":"160","subtitulo":"","orden":"999","portada":false,"idioma":"spa","editorial":[{"ID":6736,"post_author":"2","post_date":"2023-10-06 08:35:24","post_date_gmt":"2023-10-06 06:35:24","post_content":"","post_title":"CPL","post_excerpt":"","post_status":"publish","comment_status":"closed","ping_status":"closed","post_password":"","post_name":"cpl","to_ping":"","pinged":"","post_modified":"2023-10-06 08:35:24","post_modified_gmt":"2023-10-06 06:35:24","post_content_filtered":"","post_parent":0,"guid":"https:\/\/nuevaweb.cpl.es\/editorial\/cpl\/","menu_order":0,"post_type":"editorial","post_mime_type":"","comment_count":"0","filter":"raw"}],"coleccion_num":"274"},"yoast_head":"<!-- This site is optimized with the Yoast SEO plugin v27.0 - https:\/\/yoast.com\/product\/yoast-seo-wordpress\/ -->\n<title>La Constituci\u00f3n Lit\u00fargica del Vaticano II en la historia de la liturgia - CPL<\/title>\n<meta name=\"robots\" content=\"index, follow, max-snippet:-1, max-image-preview:large, max-video-preview:-1\" \/>\n<link rel=\"canonical\" href=\"https:\/\/www.cpl.es\/producto\/la-constitucion-liturgica-del-vaticano-ii-en-la-historia-de-la-liturgia-9788491655725\/\" \/>\n<meta property=\"og:locale\" content=\"ca_ES\" \/>\n<meta property=\"og:type\" content=\"article\" \/>\n<meta property=\"og:title\" content=\"La Constituci\u00f3n Lit\u00fargica del Vaticano II en la historia de la liturgia - CPL\" \/>\n<meta property=\"og:description\" content=\"Basurko Ulazia, Xabier\" \/>\n<meta property=\"og:url\" content=\"https:\/\/www.cpl.es\/producto\/la-constitucion-liturgica-del-vaticano-ii-en-la-historia-de-la-liturgia-9788491655725\/\" \/>\n<meta property=\"og:site_name\" content=\"CPL\" \/>\n<meta property=\"article:modified_time\" content=\"2026-02-12T15:47:03+00:00\" \/>\n<meta property=\"og:image\" content=\"https:\/\/www.cpl.es\/wp-content\/uploads\/110274.jpg\" \/>\n\t<meta property=\"og:image:width\" content=\"280\" \/>\n\t<meta property=\"og:image:height\" content=\"443\" \/>\n\t<meta property=\"og:image:type\" content=\"image\/jpeg\" \/>\n<meta name=\"twitter:card\" content=\"summary_large_image\" \/>\n<meta name=\"twitter:label1\" content=\"Temps estimat de lectura\" \/>\n\t<meta name=\"twitter:data1\" content=\"2 minuts\" \/>\n<script type=\"application\/ld+json\" class=\"yoast-schema-graph\">{\"@context\":\"https:\/\/schema.org\",\"@graph\":[{\"@type\":\"WebPage\",\"@id\":\"https:\/\/www.cpl.es\/producto\/la-constitucion-liturgica-del-vaticano-ii-en-la-historia-de-la-liturgia-9788491655725\/\",\"url\":\"https:\/\/www.cpl.es\/producto\/la-constitucion-liturgica-del-vaticano-ii-en-la-historia-de-la-liturgia-9788491655725\/\",\"name\":\"La Constituci\u00f3n Lit\u00fargica del Vaticano II en la historia de la liturgia - CPL\",\"isPartOf\":{\"@id\":\"https:\/\/www.cpl.es\/#website\"},\"primaryImageOfPage\":{\"@id\":\"https:\/\/www.cpl.es\/producto\/la-constitucion-liturgica-del-vaticano-ii-en-la-historia-de-la-liturgia-9788491655725\/#primaryimage\"},\"image\":{\"@id\":\"https:\/\/www.cpl.es\/producto\/la-constitucion-liturgica-del-vaticano-ii-en-la-historia-de-la-liturgia-9788491655725\/#primaryimage\"},\"thumbnailUrl\":\"https:\/\/www.cpl.es\/wp-content\/uploads\/110274.jpg\",\"datePublished\":\"2023-10-03T22:43:52+00:00\",\"dateModified\":\"2026-02-12T15:47:03+00:00\",\"breadcrumb\":{\"@id\":\"https:\/\/www.cpl.es\/producto\/la-constitucion-liturgica-del-vaticano-ii-en-la-historia-de-la-liturgia-9788491655725\/#breadcrumb\"},\"inLanguage\":\"ca\",\"potentialAction\":[{\"@type\":\"ReadAction\",\"target\":[\"https:\/\/www.cpl.es\/producto\/la-constitucion-liturgica-del-vaticano-ii-en-la-historia-de-la-liturgia-9788491655725\/\"]}]},{\"@type\":\"ImageObject\",\"inLanguage\":\"ca\",\"@id\":\"https:\/\/www.cpl.es\/producto\/la-constitucion-liturgica-del-vaticano-ii-en-la-historia-de-la-liturgia-9788491655725\/#primaryimage\",\"url\":\"https:\/\/www.cpl.es\/wp-content\/uploads\/110274.jpg\",\"contentUrl\":\"https:\/\/www.cpl.es\/wp-content\/uploads\/110274.jpg\",\"width\":280,\"height\":443,\"caption\":\"110274.jpg\"},{\"@type\":\"BreadcrumbList\",\"@id\":\"https:\/\/www.cpl.es\/producto\/la-constitucion-liturgica-del-vaticano-ii-en-la-historia-de-la-liturgia-9788491655725\/#breadcrumb\",\"itemListElement\":[{\"@type\":\"ListItem\",\"position\":1,\"name\":\"Portada\",\"item\":\"https:\/\/www.cpl.es\/ca\/\"},{\"@type\":\"ListItem\",\"position\":2,\"name\":\"Cat\u00e0leg\",\"item\":\"https:\/\/www.cpl.es\/ca\/cataleg\/\"},{\"@type\":\"ListItem\",\"position\":3,\"name\":\"La Constituci\u00f3n Lit\u00fargica del Vaticano II en la historia de la liturgia\"}]},{\"@type\":\"WebSite\",\"@id\":\"https:\/\/www.cpl.es\/#website\",\"url\":\"https:\/\/www.cpl.es\/\",\"name\":\"CPL\",\"description\":\"Centre de Pastoral Lit\u00fargica de Barcelona\",\"publisher\":{\"@id\":\"https:\/\/www.cpl.es\/#organization\"},\"alternateName\":\"Centre de Pastoral Lit\u00fargica\",\"potentialAction\":[{\"@type\":\"SearchAction\",\"target\":{\"@type\":\"EntryPoint\",\"urlTemplate\":\"https:\/\/www.cpl.es\/?s={search_term_string}\"},\"query-input\":{\"@type\":\"PropertyValueSpecification\",\"valueRequired\":true,\"valueName\":\"search_term_string\"}}],\"inLanguage\":\"ca\"},{\"@type\":\"Organization\",\"@id\":\"https:\/\/www.cpl.es\/#organization\",\"name\":\"Centre de Pastoral Lit\u00fargica\",\"alternateName\":\"Centre de Pastoral Lit\u00fargica de Barcelona\",\"url\":\"https:\/\/www.cpl.es\/\",\"logo\":{\"@type\":\"ImageObject\",\"inLanguage\":\"ca\",\"@id\":\"https:\/\/www.cpl.es\/#\/schema\/logo\/image\/\",\"url\":\"https:\/\/www.cpl.es\/wp-content\/uploads\/logo-cpl.svg\",\"contentUrl\":\"https:\/\/www.cpl.es\/wp-content\/uploads\/logo-cpl.svg\",\"caption\":\"Centre de Pastoral Lit\u00fargica\"},\"image\":{\"@id\":\"https:\/\/www.cpl.es\/#\/schema\/logo\/image\/\"}}]}<\/script>\n<!-- \/ Yoast SEO plugin. -->","yoast_head_json":{"title":"La Constituci\u00f3n Lit\u00fargica del Vaticano II en la historia de la liturgia - CPL","robots":{"index":"index","follow":"follow","max-snippet":"max-snippet:-1","max-image-preview":"max-image-preview:large","max-video-preview":"max-video-preview:-1"},"canonical":"https:\/\/www.cpl.es\/producto\/la-constitucion-liturgica-del-vaticano-ii-en-la-historia-de-la-liturgia-9788491655725\/","og_locale":"ca_ES","og_type":"article","og_title":"La Constituci\u00f3n Lit\u00fargica del Vaticano II en la historia de la liturgia - CPL","og_description":"Basurko Ulazia, Xabier","og_url":"https:\/\/www.cpl.es\/producto\/la-constitucion-liturgica-del-vaticano-ii-en-la-historia-de-la-liturgia-9788491655725\/","og_site_name":"CPL","article_modified_time":"2026-02-12T15:47:03+00:00","og_image":[{"width":280,"height":443,"url":"https:\/\/www.cpl.es\/wp-content\/uploads\/110274.jpg","type":"image\/jpeg"}],"twitter_card":"summary_large_image","twitter_misc":{"Temps estimat de lectura":"2 minuts"},"schema":{"@context":"https:\/\/schema.org","@graph":[{"@type":"WebPage","@id":"https:\/\/www.cpl.es\/producto\/la-constitucion-liturgica-del-vaticano-ii-en-la-historia-de-la-liturgia-9788491655725\/","url":"https:\/\/www.cpl.es\/producto\/la-constitucion-liturgica-del-vaticano-ii-en-la-historia-de-la-liturgia-9788491655725\/","name":"La Constituci\u00f3n Lit\u00fargica del Vaticano II en la historia de la liturgia - CPL","isPartOf":{"@id":"https:\/\/www.cpl.es\/#website"},"primaryImageOfPage":{"@id":"https:\/\/www.cpl.es\/producto\/la-constitucion-liturgica-del-vaticano-ii-en-la-historia-de-la-liturgia-9788491655725\/#primaryimage"},"image":{"@id":"https:\/\/www.cpl.es\/producto\/la-constitucion-liturgica-del-vaticano-ii-en-la-historia-de-la-liturgia-9788491655725\/#primaryimage"},"thumbnailUrl":"https:\/\/www.cpl.es\/wp-content\/uploads\/110274.jpg","datePublished":"2023-10-03T22:43:52+00:00","dateModified":"2026-02-12T15:47:03+00:00","breadcrumb":{"@id":"https:\/\/www.cpl.es\/producto\/la-constitucion-liturgica-del-vaticano-ii-en-la-historia-de-la-liturgia-9788491655725\/#breadcrumb"},"inLanguage":"ca","potentialAction":[{"@type":"ReadAction","target":["https:\/\/www.cpl.es\/producto\/la-constitucion-liturgica-del-vaticano-ii-en-la-historia-de-la-liturgia-9788491655725\/"]}]},{"@type":"ImageObject","inLanguage":"ca","@id":"https:\/\/www.cpl.es\/producto\/la-constitucion-liturgica-del-vaticano-ii-en-la-historia-de-la-liturgia-9788491655725\/#primaryimage","url":"https:\/\/www.cpl.es\/wp-content\/uploads\/110274.jpg","contentUrl":"https:\/\/www.cpl.es\/wp-content\/uploads\/110274.jpg","width":280,"height":443,"caption":"110274.jpg"},{"@type":"BreadcrumbList","@id":"https:\/\/www.cpl.es\/producto\/la-constitucion-liturgica-del-vaticano-ii-en-la-historia-de-la-liturgia-9788491655725\/#breadcrumb","itemListElement":[{"@type":"ListItem","position":1,"name":"Portada","item":"https:\/\/www.cpl.es\/ca\/"},{"@type":"ListItem","position":2,"name":"Cat\u00e0leg","item":"https:\/\/www.cpl.es\/ca\/cataleg\/"},{"@type":"ListItem","position":3,"name":"La Constituci\u00f3n Lit\u00fargica del Vaticano II en la historia de la liturgia"}]},{"@type":"WebSite","@id":"https:\/\/www.cpl.es\/#website","url":"https:\/\/www.cpl.es\/","name":"CPL","description":"Centre de Pastoral Lit\u00fargica de Barcelona","publisher":{"@id":"https:\/\/www.cpl.es\/#organization"},"alternateName":"Centre de Pastoral Lit\u00fargica","potentialAction":[{"@type":"SearchAction","target":{"@type":"EntryPoint","urlTemplate":"https:\/\/www.cpl.es\/?s={search_term_string}"},"query-input":{"@type":"PropertyValueSpecification","valueRequired":true,"valueName":"search_term_string"}}],"inLanguage":"ca"},{"@type":"Organization","@id":"https:\/\/www.cpl.es\/#organization","name":"Centre de Pastoral Lit\u00fargica","alternateName":"Centre de Pastoral Lit\u00fargica de Barcelona","url":"https:\/\/www.cpl.es\/","logo":{"@type":"ImageObject","inLanguage":"ca","@id":"https:\/\/www.cpl.es\/#\/schema\/logo\/image\/","url":"https:\/\/www.cpl.es\/wp-content\/uploads\/logo-cpl.svg","contentUrl":"https:\/\/www.cpl.es\/wp-content\/uploads\/logo-cpl.svg","caption":"Centre de Pastoral Lit\u00fargica"},"image":{"@id":"https:\/\/www.cpl.es\/#\/schema\/logo\/image\/"}}]}},"_links":{"self":[{"href":"https:\/\/www.cpl.es\/ca\/wp-json\/wp\/v2\/product\/581","targetHints":{"allow":["GET"]}}],"collection":[{"href":"https:\/\/www.cpl.es\/ca\/wp-json\/wp\/v2\/product"}],"about":[{"href":"https:\/\/www.cpl.es\/ca\/wp-json\/wp\/v2\/types\/product"}],"wp:featuredmedia":[{"embeddable":true,"href":"https:\/\/www.cpl.es\/ca\/wp-json\/wp\/v2\/media\/582"}],"wp:attachment":[{"href":"https:\/\/www.cpl.es\/ca\/wp-json\/wp\/v2\/media?parent=581"}],"wp:term":[{"taxonomy":"product_brand","embeddable":true,"href":"https:\/\/www.cpl.es\/ca\/wp-json\/wp\/v2\/product_brand?post=581"},{"taxonomy":"product_cat","embeddable":true,"href":"https:\/\/www.cpl.es\/ca\/wp-json\/wp\/v2\/product_cat?post=581"},{"taxonomy":"product_tag","embeddable":true,"href":"https:\/\/www.cpl.es\/ca\/wp-json\/wp\/v2\/product_tag?post=581"}],"curies":[{"name":"wp","href":"https:\/\/api.w.org\/{rel}","templated":true}]}}