{"id":5551,"date":"2023-10-04T03:05:34","date_gmt":"2023-10-04T01:05:34","guid":{"rendered":"https:\/\/nuevaweb.cpl.es\/producto\/pelegrinar-a-roma-les-set-esglesies-9788474675405\/"},"modified":"2026-01-07T09:01:45","modified_gmt":"2026-01-07T08:01:45","slug":"pelegrinar-a-roma-les-set-esglesies-9788474675405","status":"publish","type":"product","link":"https:\/\/www.cpl.es\/ca\/producto\/pelegrinar-a-roma-les-set-esglesies-9788474675405\/","title":{"rendered":"Pelegrinar a Roma. Les set esgl\u00e9sies"},"content":{"rendered":"<p>Per a visitar les set grans bas\u00edliques romanes. Per a cada una, guia hist\u00f3rica, reflexi\u00f3 espiritual, textos b\u00edblics, preg\u00e0ries i cants. Un bon material per al Jubileu 2000 i per a qualsevol altra ocasi\u00f3. <\/p>\n","protected":false},"excerpt":{"rendered":"<p>Domingo Ferrerons, Josep Maria; Termes Ferre, Enric<\/p>\n","protected":false},"featured_media":5552,"template":"","meta":{"_acf_changed":false,"inline_featured_image":false},"product_brand":[],"product_cat":[77,87],"product_tag":[],"class_list":{"0":"post-5551","1":"product","2":"type-product","3":"status-publish","4":"has-post-thumbnail","6":"product_cat-celebrar-colleccions-catala","7":"product_cat-religiositat-popular","9":"first","10":"instock","11":"taxable","12":"shipping-taxable","13":"purchasable","14":"product-type-simple"},"acf":{"autor":"Domingo Ferrerons, Josep Maria; Termes Ferre, Enric","codart":"202054","ediciones":"1","encuadernacion":"R\u00fastica","fecha_de_publicacion":"01\/02\/1999","novedad":false,"paginas":"68","subtitulo":"","orden":"999","portada":false,"idioma":"cat","editorial":[{"ID":6736,"post_author":"2","post_date":"2023-10-06 08:35:24","post_date_gmt":"2023-10-06 06:35:24","post_content":"","post_title":"CPL","post_excerpt":"","post_status":"publish","comment_status":"closed","ping_status":"closed","post_password":"","post_name":"cpl","to_ping":"","pinged":"","post_modified":"2023-10-06 08:35:24","post_modified_gmt":"2023-10-06 06:35:24","post_content_filtered":"","post_parent":0,"guid":"https:\/\/nuevaweb.cpl.es\/editorial\/cpl\/","menu_order":0,"post_type":"editorial","post_mime_type":"","comment_count":"0","filter":"raw"}],"coleccion_num":"54"},"yoast_head":"<!-- This site is optimized with the Yoast SEO plugin v27.3 - https:\/\/yoast.com\/product\/yoast-seo-wordpress\/ -->\n<title>Pelegrinar a Roma. Les set esgl\u00e9sies - CPL<\/title>\n<meta name=\"robots\" content=\"index, follow, max-snippet:-1, max-image-preview:large, max-video-preview:-1\" \/>\n<link rel=\"canonical\" href=\"https:\/\/www.cpl.es\/producto\/pelegrinar-a-roma-les-set-esglesies-9788474675405\/\" \/>\n<meta property=\"og:locale\" content=\"ca_ES\" \/>\n<meta property=\"og:type\" content=\"article\" \/>\n<meta property=\"og:title\" content=\"Pelegrinar a Roma. Les set esgl\u00e9sies - CPL\" \/>\n<meta property=\"og:description\" content=\"Domingo Ferrerons, Josep Maria; Termes Ferre, Enric\" \/>\n<meta property=\"og:url\" content=\"https:\/\/www.cpl.es\/producto\/pelegrinar-a-roma-les-set-esglesies-9788474675405\/\" \/>\n<meta property=\"og:site_name\" content=\"CPL\" \/>\n<meta property=\"article:modified_time\" content=\"2026-01-07T08:01:45+00:00\" \/>\n<meta property=\"og:image\" content=\"https:\/\/www.cpl.es\/wp-content\/uploads\/202054.jpg\" \/>\n\t<meta property=\"og:image:width\" content=\"280\" \/>\n\t<meta property=\"og:image:height\" content=\"408\" \/>\n\t<meta property=\"og:image:type\" content=\"image\/jpeg\" \/>\n<meta name=\"twitter:card\" content=\"summary_large_image\" \/>\n<script type=\"application\/ld+json\" class=\"yoast-schema-graph\">{\"@context\":\"https:\\\/\\\/schema.org\",\"@graph\":[{\"@type\":\"WebPage\",\"@id\":\"https:\\\/\\\/www.cpl.es\\\/producto\\\/pelegrinar-a-roma-les-set-esglesies-9788474675405\\\/\",\"url\":\"https:\\\/\\\/www.cpl.es\\\/producto\\\/pelegrinar-a-roma-les-set-esglesies-9788474675405\\\/\",\"name\":\"Pelegrinar a Roma. Les set esgl\u00e9sies - CPL\",\"isPartOf\":{\"@id\":\"https:\\\/\\\/www.cpl.es\\\/#website\"},\"primaryImageOfPage\":{\"@id\":\"https:\\\/\\\/www.cpl.es\\\/producto\\\/pelegrinar-a-roma-les-set-esglesies-9788474675405\\\/#primaryimage\"},\"image\":{\"@id\":\"https:\\\/\\\/www.cpl.es\\\/producto\\\/pelegrinar-a-roma-les-set-esglesies-9788474675405\\\/#primaryimage\"},\"thumbnailUrl\":\"https:\\\/\\\/www.cpl.es\\\/wp-content\\\/uploads\\\/202054.jpg\",\"datePublished\":\"2023-10-04T01:05:34+00:00\",\"dateModified\":\"2026-01-07T08:01:45+00:00\",\"breadcrumb\":{\"@id\":\"https:\\\/\\\/www.cpl.es\\\/producto\\\/pelegrinar-a-roma-les-set-esglesies-9788474675405\\\/#breadcrumb\"},\"inLanguage\":\"ca\",\"potentialAction\":[{\"@type\":\"ReadAction\",\"target\":[\"https:\\\/\\\/www.cpl.es\\\/producto\\\/pelegrinar-a-roma-les-set-esglesies-9788474675405\\\/\"]}]},{\"@type\":\"ImageObject\",\"inLanguage\":\"ca\",\"@id\":\"https:\\\/\\\/www.cpl.es\\\/producto\\\/pelegrinar-a-roma-les-set-esglesies-9788474675405\\\/#primaryimage\",\"url\":\"https:\\\/\\\/www.cpl.es\\\/wp-content\\\/uploads\\\/202054.jpg\",\"contentUrl\":\"https:\\\/\\\/www.cpl.es\\\/wp-content\\\/uploads\\\/202054.jpg\",\"width\":280,\"height\":408,\"caption\":\"202054.jpg\"},{\"@type\":\"BreadcrumbList\",\"@id\":\"https:\\\/\\\/www.cpl.es\\\/producto\\\/pelegrinar-a-roma-les-set-esglesies-9788474675405\\\/#breadcrumb\",\"itemListElement\":[{\"@type\":\"ListItem\",\"position\":1,\"name\":\"Portada\",\"item\":\"https:\\\/\\\/www.cpl.es\\\/ca\\\/\"},{\"@type\":\"ListItem\",\"position\":2,\"name\":\"Cat\u00e0leg\",\"item\":\"https:\\\/\\\/www.cpl.es\\\/ca\\\/cataleg\\\/\"},{\"@type\":\"ListItem\",\"position\":3,\"name\":\"Pelegrinar a Roma. Les set esgl\u00e9sies\"}]},{\"@type\":\"WebSite\",\"@id\":\"https:\\\/\\\/www.cpl.es\\\/#website\",\"url\":\"https:\\\/\\\/www.cpl.es\\\/\",\"name\":\"CPL\",\"description\":\"Centre de Pastoral Lit\u00fargica de Barcelona\",\"publisher\":{\"@id\":\"https:\\\/\\\/www.cpl.es\\\/#organization\"},\"alternateName\":\"Centre de Pastoral Lit\u00fargica\",\"potentialAction\":[{\"@type\":\"SearchAction\",\"target\":{\"@type\":\"EntryPoint\",\"urlTemplate\":\"https:\\\/\\\/www.cpl.es\\\/?s={search_term_string}\"},\"query-input\":{\"@type\":\"PropertyValueSpecification\",\"valueRequired\":true,\"valueName\":\"search_term_string\"}}],\"inLanguage\":\"ca\"},{\"@type\":\"Organization\",\"@id\":\"https:\\\/\\\/www.cpl.es\\\/#organization\",\"name\":\"Centre de Pastoral Lit\u00fargica\",\"alternateName\":\"Centre de Pastoral Lit\u00fargica de Barcelona\",\"url\":\"https:\\\/\\\/www.cpl.es\\\/\",\"logo\":{\"@type\":\"ImageObject\",\"inLanguage\":\"ca\",\"@id\":\"https:\\\/\\\/www.cpl.es\\\/#\\\/schema\\\/logo\\\/image\\\/\",\"url\":\"https:\\\/\\\/www.cpl.es\\\/wp-content\\\/uploads\\\/logo-cpl.svg\",\"contentUrl\":\"https:\\\/\\\/www.cpl.es\\\/wp-content\\\/uploads\\\/logo-cpl.svg\",\"caption\":\"Centre de Pastoral Lit\u00fargica\"},\"image\":{\"@id\":\"https:\\\/\\\/www.cpl.es\\\/#\\\/schema\\\/logo\\\/image\\\/\"}}]}<\/script>\n<!-- \/ Yoast SEO plugin. -->","yoast_head_json":{"title":"Pelegrinar a Roma. Les set esgl\u00e9sies - CPL","robots":{"index":"index","follow":"follow","max-snippet":"max-snippet:-1","max-image-preview":"max-image-preview:large","max-video-preview":"max-video-preview:-1"},"canonical":"https:\/\/www.cpl.es\/producto\/pelegrinar-a-roma-les-set-esglesies-9788474675405\/","og_locale":"ca_ES","og_type":"article","og_title":"Pelegrinar a Roma. Les set esgl\u00e9sies - CPL","og_description":"Domingo Ferrerons, Josep Maria; Termes Ferre, Enric","og_url":"https:\/\/www.cpl.es\/producto\/pelegrinar-a-roma-les-set-esglesies-9788474675405\/","og_site_name":"CPL","article_modified_time":"2026-01-07T08:01:45+00:00","og_image":[{"width":280,"height":408,"url":"https:\/\/www.cpl.es\/wp-content\/uploads\/202054.jpg","type":"image\/jpeg"}],"twitter_card":"summary_large_image","schema":{"@context":"https:\/\/schema.org","@graph":[{"@type":"WebPage","@id":"https:\/\/www.cpl.es\/producto\/pelegrinar-a-roma-les-set-esglesies-9788474675405\/","url":"https:\/\/www.cpl.es\/producto\/pelegrinar-a-roma-les-set-esglesies-9788474675405\/","name":"Pelegrinar a Roma. Les set esgl\u00e9sies - CPL","isPartOf":{"@id":"https:\/\/www.cpl.es\/#website"},"primaryImageOfPage":{"@id":"https:\/\/www.cpl.es\/producto\/pelegrinar-a-roma-les-set-esglesies-9788474675405\/#primaryimage"},"image":{"@id":"https:\/\/www.cpl.es\/producto\/pelegrinar-a-roma-les-set-esglesies-9788474675405\/#primaryimage"},"thumbnailUrl":"https:\/\/www.cpl.es\/wp-content\/uploads\/202054.jpg","datePublished":"2023-10-04T01:05:34+00:00","dateModified":"2026-01-07T08:01:45+00:00","breadcrumb":{"@id":"https:\/\/www.cpl.es\/producto\/pelegrinar-a-roma-les-set-esglesies-9788474675405\/#breadcrumb"},"inLanguage":"ca","potentialAction":[{"@type":"ReadAction","target":["https:\/\/www.cpl.es\/producto\/pelegrinar-a-roma-les-set-esglesies-9788474675405\/"]}]},{"@type":"ImageObject","inLanguage":"ca","@id":"https:\/\/www.cpl.es\/producto\/pelegrinar-a-roma-les-set-esglesies-9788474675405\/#primaryimage","url":"https:\/\/www.cpl.es\/wp-content\/uploads\/202054.jpg","contentUrl":"https:\/\/www.cpl.es\/wp-content\/uploads\/202054.jpg","width":280,"height":408,"caption":"202054.jpg"},{"@type":"BreadcrumbList","@id":"https:\/\/www.cpl.es\/producto\/pelegrinar-a-roma-les-set-esglesies-9788474675405\/#breadcrumb","itemListElement":[{"@type":"ListItem","position":1,"name":"Portada","item":"https:\/\/www.cpl.es\/ca\/"},{"@type":"ListItem","position":2,"name":"Cat\u00e0leg","item":"https:\/\/www.cpl.es\/ca\/cataleg\/"},{"@type":"ListItem","position":3,"name":"Pelegrinar a Roma. Les set esgl\u00e9sies"}]},{"@type":"WebSite","@id":"https:\/\/www.cpl.es\/#website","url":"https:\/\/www.cpl.es\/","name":"CPL","description":"Centre de Pastoral Lit\u00fargica de Barcelona","publisher":{"@id":"https:\/\/www.cpl.es\/#organization"},"alternateName":"Centre de Pastoral Lit\u00fargica","potentialAction":[{"@type":"SearchAction","target":{"@type":"EntryPoint","urlTemplate":"https:\/\/www.cpl.es\/?s={search_term_string}"},"query-input":{"@type":"PropertyValueSpecification","valueRequired":true,"valueName":"search_term_string"}}],"inLanguage":"ca"},{"@type":"Organization","@id":"https:\/\/www.cpl.es\/#organization","name":"Centre de Pastoral Lit\u00fargica","alternateName":"Centre de Pastoral Lit\u00fargica de Barcelona","url":"https:\/\/www.cpl.es\/","logo":{"@type":"ImageObject","inLanguage":"ca","@id":"https:\/\/www.cpl.es\/#\/schema\/logo\/image\/","url":"https:\/\/www.cpl.es\/wp-content\/uploads\/logo-cpl.svg","contentUrl":"https:\/\/www.cpl.es\/wp-content\/uploads\/logo-cpl.svg","caption":"Centre de Pastoral Lit\u00fargica"},"image":{"@id":"https:\/\/www.cpl.es\/#\/schema\/logo\/image\/"}}]}},"_links":{"self":[{"href":"https:\/\/www.cpl.es\/ca\/wp-json\/wp\/v2\/product\/5551","targetHints":{"allow":["GET"]}}],"collection":[{"href":"https:\/\/www.cpl.es\/ca\/wp-json\/wp\/v2\/product"}],"about":[{"href":"https:\/\/www.cpl.es\/ca\/wp-json\/wp\/v2\/types\/product"}],"wp:featuredmedia":[{"embeddable":true,"href":"https:\/\/www.cpl.es\/ca\/wp-json\/wp\/v2\/media\/5552"}],"wp:attachment":[{"href":"https:\/\/www.cpl.es\/ca\/wp-json\/wp\/v2\/media?parent=5551"}],"wp:term":[{"taxonomy":"product_brand","embeddable":true,"href":"https:\/\/www.cpl.es\/ca\/wp-json\/wp\/v2\/product_brand?post=5551"},{"taxonomy":"product_cat","embeddable":true,"href":"https:\/\/www.cpl.es\/ca\/wp-json\/wp\/v2\/product_cat?post=5551"},{"taxonomy":"product_tag","embeddable":true,"href":"https:\/\/www.cpl.es\/ca\/wp-json\/wp\/v2\/product_tag?post=5551"}],"curies":[{"name":"wp","href":"https:\/\/api.w.org\/{rel}","templated":true}]}}