{"id":551,"date":"2023-10-04T00:42:56","date_gmt":"2023-10-03T22:42:56","guid":{"rendered":"https:\/\/nuevaweb.cpl.es\/producto\/joan-vic-i-manrique-de-lara-bisbe-de-mallorca-i-arquebisbe-de-tarragona-15731612-9788491655800\/"},"modified":"2024-03-20T17:04:24","modified_gmt":"2024-03-20T16:04:24","slug":"joan-vic-i-manrique-de-lara-bisbe-de-mallorca-i-arquebisbe-de-tarragona-15731612-9788491655800","status":"publish","type":"product","link":"https:\/\/www.cpl.es\/ca\/producto\/joan-vic-i-manrique-de-lara-bisbe-de-mallorca-i-arquebisbe-de-tarragona-15731612-9788491655800\/","title":{"rendered":"Joan Vic i Manrique de Lara. Bisbe de Mallorca i arquebisbe de Tarragona (1573-1612)"},"content":{"rendered":"<p>La recerca en l\u2019\u00e0mbit de la hist\u00f2ria de l\u2019art passa no solament per l\u2019an\u00e0lisi estil\u00edstica de les obres de creaci\u00f3 en la seva \u00e0mplia gamma, sin\u00f3 tamb\u00e9 per la feixuga, dura, i de vegades est\u00e8ril, capbussada en els arxius i en els centres documentals, per examinar la documentaci\u00f3 que contextualitza i ajuda a explicar la motivaci\u00f3, la g\u00e8nesi i la pretensi\u00f3 de les obres d\u2019art. Precisament, l\u2019activitat acad\u00e8mica del Dr. Bartomeu Mart\u00ednez Oliver s\u2019ha centrat en gran part en la investigaci\u00f3 de les visites pastorals del bisbe Joan Vich i Manrique durant el seu llarg pontificat mallorqu\u00ed (1573-1606), que fou especialment fecund en l\u2019aplicaci\u00f3 dels decrets reformadors del Concili de Trento (1545-1563). En aquest sentit, fou un reformador molt m\u00e9s pac\u00edfic i pacient que el seu antecessor, el bisbe Diego de Arnedo (1561-1572), del qual el Dr. Lloren\u00e7 P\u00e9rez Mart\u00ednez public\u00e0 les visites pastorals en una edici\u00f3 encara de refer\u00e8ncia per a la hist\u00f2ria de l\u2019Esgl\u00e9sia de Mallorca. Del pr\u00f2leg del Dr. Gabriel Segu\u00ed Trobat, MSSCC.<\/p>\n","protected":false},"excerpt":{"rendered":"<p>Mart\u00ednez Oliver, Bartomeu<\/p>\n","protected":false},"featured_media":552,"template":"","meta":{"_acf_changed":false,"inline_featured_image":false},"product_brand":[],"product_cat":[103],"product_tag":[],"class_list":{"0":"post-551","1":"product","2":"type-product","3":"status-publish","4":"has-post-thumbnail","6":"product_cat-culmen-et-fons-minor","8":"first","9":"instock","10":"taxable","11":"shipping-taxable","12":"purchasable","13":"product-type-simple"},"acf":{"autor":"Mart\u00ednez Oliver, Bartomeu","codart":"109213","ediciones":"1","encuadernacion":"R\u00fastica","fecha_de_publicacion":"06\/07\/2023","novedad":false,"paginas":"456","subtitulo":"Visites pastorals, s\u00ednodes diocesans i edictes generals","orden":"999","portada":false,"idioma":"cat","editorial":[{"ID":6736,"post_author":"2","post_date":"2023-10-06 08:35:24","post_date_gmt":"2023-10-06 06:35:24","post_content":"","post_title":"CPL","post_excerpt":"","post_status":"publish","comment_status":"closed","ping_status":"closed","post_password":"","post_name":"cpl","to_ping":"","pinged":"","post_modified":"2023-10-06 08:35:24","post_modified_gmt":"2023-10-06 06:35:24","post_content_filtered":"","post_parent":0,"guid":"https:\/\/nuevaweb.cpl.es\/editorial\/cpl\/","menu_order":0,"post_type":"editorial","post_mime_type":"","comment_count":"0","filter":"raw"}],"coleccion_num":"13"},"yoast_head":"<!-- This site is optimized with the Yoast SEO plugin v27.3 - https:\/\/yoast.com\/product\/yoast-seo-wordpress\/ -->\n<title>Joan Vic i Manrique de Lara. Bisbe de Mallorca i arquebisbe de Tarragona (1573-1612) - CPL<\/title>\n<meta name=\"robots\" content=\"index, follow, max-snippet:-1, max-image-preview:large, max-video-preview:-1\" \/>\n<link rel=\"canonical\" href=\"https:\/\/www.cpl.es\/producto\/joan-vic-i-manrique-de-lara-bisbe-de-mallorca-i-arquebisbe-de-tarragona-15731612-9788491655800\/\" \/>\n<meta property=\"og:locale\" content=\"ca_ES\" \/>\n<meta property=\"og:type\" content=\"article\" \/>\n<meta property=\"og:title\" content=\"Joan Vic i Manrique de Lara. Bisbe de Mallorca i arquebisbe de Tarragona (1573-1612) - CPL\" \/>\n<meta property=\"og:description\" content=\"Mart\u00ednez Oliver, Bartomeu\" \/>\n<meta property=\"og:url\" content=\"https:\/\/www.cpl.es\/producto\/joan-vic-i-manrique-de-lara-bisbe-de-mallorca-i-arquebisbe-de-tarragona-15731612-9788491655800\/\" \/>\n<meta property=\"og:site_name\" content=\"CPL\" \/>\n<meta property=\"article:modified_time\" content=\"2024-03-20T16:04:24+00:00\" \/>\n<meta property=\"og:image\" content=\"https:\/\/www.cpl.es\/wp-content\/uploads\/portada-7.jpg\" \/>\n\t<meta property=\"og:image:width\" content=\"280\" \/>\n\t<meta property=\"og:image:height\" content=\"397\" \/>\n\t<meta property=\"og:image:type\" content=\"image\/jpeg\" \/>\n<meta name=\"twitter:card\" content=\"summary_large_image\" \/>\n<meta name=\"twitter:label1\" content=\"Temps estimat de lectura\" \/>\n\t<meta name=\"twitter:data1\" content=\"1 minut\" \/>\n<script type=\"application\/ld+json\" class=\"yoast-schema-graph\">{\"@context\":\"https:\\\/\\\/schema.org\",\"@graph\":[{\"@type\":\"WebPage\",\"@id\":\"https:\\\/\\\/www.cpl.es\\\/producto\\\/joan-vic-i-manrique-de-lara-bisbe-de-mallorca-i-arquebisbe-de-tarragona-15731612-9788491655800\\\/\",\"url\":\"https:\\\/\\\/www.cpl.es\\\/producto\\\/joan-vic-i-manrique-de-lara-bisbe-de-mallorca-i-arquebisbe-de-tarragona-15731612-9788491655800\\\/\",\"name\":\"Joan Vic i Manrique de Lara. Bisbe de Mallorca i arquebisbe de Tarragona (1573-1612) - CPL\",\"isPartOf\":{\"@id\":\"https:\\\/\\\/www.cpl.es\\\/#website\"},\"primaryImageOfPage\":{\"@id\":\"https:\\\/\\\/www.cpl.es\\\/producto\\\/joan-vic-i-manrique-de-lara-bisbe-de-mallorca-i-arquebisbe-de-tarragona-15731612-9788491655800\\\/#primaryimage\"},\"image\":{\"@id\":\"https:\\\/\\\/www.cpl.es\\\/producto\\\/joan-vic-i-manrique-de-lara-bisbe-de-mallorca-i-arquebisbe-de-tarragona-15731612-9788491655800\\\/#primaryimage\"},\"thumbnailUrl\":\"https:\\\/\\\/www.cpl.es\\\/wp-content\\\/uploads\\\/portada-7.jpg\",\"datePublished\":\"2023-10-03T22:42:56+00:00\",\"dateModified\":\"2024-03-20T16:04:24+00:00\",\"breadcrumb\":{\"@id\":\"https:\\\/\\\/www.cpl.es\\\/producto\\\/joan-vic-i-manrique-de-lara-bisbe-de-mallorca-i-arquebisbe-de-tarragona-15731612-9788491655800\\\/#breadcrumb\"},\"inLanguage\":\"ca\",\"potentialAction\":[{\"@type\":\"ReadAction\",\"target\":[\"https:\\\/\\\/www.cpl.es\\\/producto\\\/joan-vic-i-manrique-de-lara-bisbe-de-mallorca-i-arquebisbe-de-tarragona-15731612-9788491655800\\\/\"]}]},{\"@type\":\"ImageObject\",\"inLanguage\":\"ca\",\"@id\":\"https:\\\/\\\/www.cpl.es\\\/producto\\\/joan-vic-i-manrique-de-lara-bisbe-de-mallorca-i-arquebisbe-de-tarragona-15731612-9788491655800\\\/#primaryimage\",\"url\":\"https:\\\/\\\/www.cpl.es\\\/wp-content\\\/uploads\\\/portada-7.jpg\",\"contentUrl\":\"https:\\\/\\\/www.cpl.es\\\/wp-content\\\/uploads\\\/portada-7.jpg\",\"width\":280,\"height\":397,\"caption\":\"portada.jpg\"},{\"@type\":\"BreadcrumbList\",\"@id\":\"https:\\\/\\\/www.cpl.es\\\/producto\\\/joan-vic-i-manrique-de-lara-bisbe-de-mallorca-i-arquebisbe-de-tarragona-15731612-9788491655800\\\/#breadcrumb\",\"itemListElement\":[{\"@type\":\"ListItem\",\"position\":1,\"name\":\"Portada\",\"item\":\"https:\\\/\\\/www.cpl.es\\\/ca\\\/\"},{\"@type\":\"ListItem\",\"position\":2,\"name\":\"Cat\u00e0leg\",\"item\":\"https:\\\/\\\/www.cpl.es\\\/ca\\\/cataleg\\\/\"},{\"@type\":\"ListItem\",\"position\":3,\"name\":\"Joan Vic i Manrique de Lara. Bisbe de Mallorca i arquebisbe de Tarragona (1573-1612)\"}]},{\"@type\":\"WebSite\",\"@id\":\"https:\\\/\\\/www.cpl.es\\\/#website\",\"url\":\"https:\\\/\\\/www.cpl.es\\\/\",\"name\":\"CPL\",\"description\":\"Centre de Pastoral Lit\u00fargica de Barcelona\",\"publisher\":{\"@id\":\"https:\\\/\\\/www.cpl.es\\\/#organization\"},\"alternateName\":\"Centre de Pastoral Lit\u00fargica\",\"potentialAction\":[{\"@type\":\"SearchAction\",\"target\":{\"@type\":\"EntryPoint\",\"urlTemplate\":\"https:\\\/\\\/www.cpl.es\\\/?s={search_term_string}\"},\"query-input\":{\"@type\":\"PropertyValueSpecification\",\"valueRequired\":true,\"valueName\":\"search_term_string\"}}],\"inLanguage\":\"ca\"},{\"@type\":\"Organization\",\"@id\":\"https:\\\/\\\/www.cpl.es\\\/#organization\",\"name\":\"Centre de Pastoral Lit\u00fargica\",\"alternateName\":\"Centre de Pastoral Lit\u00fargica de Barcelona\",\"url\":\"https:\\\/\\\/www.cpl.es\\\/\",\"logo\":{\"@type\":\"ImageObject\",\"inLanguage\":\"ca\",\"@id\":\"https:\\\/\\\/www.cpl.es\\\/#\\\/schema\\\/logo\\\/image\\\/\",\"url\":\"https:\\\/\\\/www.cpl.es\\\/wp-content\\\/uploads\\\/logo-cpl.svg\",\"contentUrl\":\"https:\\\/\\\/www.cpl.es\\\/wp-content\\\/uploads\\\/logo-cpl.svg\",\"caption\":\"Centre de Pastoral Lit\u00fargica\"},\"image\":{\"@id\":\"https:\\\/\\\/www.cpl.es\\\/#\\\/schema\\\/logo\\\/image\\\/\"}}]}<\/script>\n<!-- \/ Yoast SEO plugin. -->","yoast_head_json":{"title":"Joan Vic i Manrique de Lara. Bisbe de Mallorca i arquebisbe de Tarragona (1573-1612) - CPL","robots":{"index":"index","follow":"follow","max-snippet":"max-snippet:-1","max-image-preview":"max-image-preview:large","max-video-preview":"max-video-preview:-1"},"canonical":"https:\/\/www.cpl.es\/producto\/joan-vic-i-manrique-de-lara-bisbe-de-mallorca-i-arquebisbe-de-tarragona-15731612-9788491655800\/","og_locale":"ca_ES","og_type":"article","og_title":"Joan Vic i Manrique de Lara. Bisbe de Mallorca i arquebisbe de Tarragona (1573-1612) - CPL","og_description":"Mart\u00ednez Oliver, Bartomeu","og_url":"https:\/\/www.cpl.es\/producto\/joan-vic-i-manrique-de-lara-bisbe-de-mallorca-i-arquebisbe-de-tarragona-15731612-9788491655800\/","og_site_name":"CPL","article_modified_time":"2024-03-20T16:04:24+00:00","og_image":[{"width":280,"height":397,"url":"https:\/\/www.cpl.es\/wp-content\/uploads\/portada-7.jpg","type":"image\/jpeg"}],"twitter_card":"summary_large_image","twitter_misc":{"Temps estimat de lectura":"1 minut"},"schema":{"@context":"https:\/\/schema.org","@graph":[{"@type":"WebPage","@id":"https:\/\/www.cpl.es\/producto\/joan-vic-i-manrique-de-lara-bisbe-de-mallorca-i-arquebisbe-de-tarragona-15731612-9788491655800\/","url":"https:\/\/www.cpl.es\/producto\/joan-vic-i-manrique-de-lara-bisbe-de-mallorca-i-arquebisbe-de-tarragona-15731612-9788491655800\/","name":"Joan Vic i Manrique de Lara. Bisbe de Mallorca i arquebisbe de Tarragona (1573-1612) - CPL","isPartOf":{"@id":"https:\/\/www.cpl.es\/#website"},"primaryImageOfPage":{"@id":"https:\/\/www.cpl.es\/producto\/joan-vic-i-manrique-de-lara-bisbe-de-mallorca-i-arquebisbe-de-tarragona-15731612-9788491655800\/#primaryimage"},"image":{"@id":"https:\/\/www.cpl.es\/producto\/joan-vic-i-manrique-de-lara-bisbe-de-mallorca-i-arquebisbe-de-tarragona-15731612-9788491655800\/#primaryimage"},"thumbnailUrl":"https:\/\/www.cpl.es\/wp-content\/uploads\/portada-7.jpg","datePublished":"2023-10-03T22:42:56+00:00","dateModified":"2024-03-20T16:04:24+00:00","breadcrumb":{"@id":"https:\/\/www.cpl.es\/producto\/joan-vic-i-manrique-de-lara-bisbe-de-mallorca-i-arquebisbe-de-tarragona-15731612-9788491655800\/#breadcrumb"},"inLanguage":"ca","potentialAction":[{"@type":"ReadAction","target":["https:\/\/www.cpl.es\/producto\/joan-vic-i-manrique-de-lara-bisbe-de-mallorca-i-arquebisbe-de-tarragona-15731612-9788491655800\/"]}]},{"@type":"ImageObject","inLanguage":"ca","@id":"https:\/\/www.cpl.es\/producto\/joan-vic-i-manrique-de-lara-bisbe-de-mallorca-i-arquebisbe-de-tarragona-15731612-9788491655800\/#primaryimage","url":"https:\/\/www.cpl.es\/wp-content\/uploads\/portada-7.jpg","contentUrl":"https:\/\/www.cpl.es\/wp-content\/uploads\/portada-7.jpg","width":280,"height":397,"caption":"portada.jpg"},{"@type":"BreadcrumbList","@id":"https:\/\/www.cpl.es\/producto\/joan-vic-i-manrique-de-lara-bisbe-de-mallorca-i-arquebisbe-de-tarragona-15731612-9788491655800\/#breadcrumb","itemListElement":[{"@type":"ListItem","position":1,"name":"Portada","item":"https:\/\/www.cpl.es\/ca\/"},{"@type":"ListItem","position":2,"name":"Cat\u00e0leg","item":"https:\/\/www.cpl.es\/ca\/cataleg\/"},{"@type":"ListItem","position":3,"name":"Joan Vic i Manrique de Lara. Bisbe de Mallorca i arquebisbe de Tarragona (1573-1612)"}]},{"@type":"WebSite","@id":"https:\/\/www.cpl.es\/#website","url":"https:\/\/www.cpl.es\/","name":"CPL","description":"Centre de Pastoral Lit\u00fargica de Barcelona","publisher":{"@id":"https:\/\/www.cpl.es\/#organization"},"alternateName":"Centre de Pastoral Lit\u00fargica","potentialAction":[{"@type":"SearchAction","target":{"@type":"EntryPoint","urlTemplate":"https:\/\/www.cpl.es\/?s={search_term_string}"},"query-input":{"@type":"PropertyValueSpecification","valueRequired":true,"valueName":"search_term_string"}}],"inLanguage":"ca"},{"@type":"Organization","@id":"https:\/\/www.cpl.es\/#organization","name":"Centre de Pastoral Lit\u00fargica","alternateName":"Centre de Pastoral Lit\u00fargica de Barcelona","url":"https:\/\/www.cpl.es\/","logo":{"@type":"ImageObject","inLanguage":"ca","@id":"https:\/\/www.cpl.es\/#\/schema\/logo\/image\/","url":"https:\/\/www.cpl.es\/wp-content\/uploads\/logo-cpl.svg","contentUrl":"https:\/\/www.cpl.es\/wp-content\/uploads\/logo-cpl.svg","caption":"Centre de Pastoral Lit\u00fargica"},"image":{"@id":"https:\/\/www.cpl.es\/#\/schema\/logo\/image\/"}}]}},"_links":{"self":[{"href":"https:\/\/www.cpl.es\/ca\/wp-json\/wp\/v2\/product\/551","targetHints":{"allow":["GET"]}}],"collection":[{"href":"https:\/\/www.cpl.es\/ca\/wp-json\/wp\/v2\/product"}],"about":[{"href":"https:\/\/www.cpl.es\/ca\/wp-json\/wp\/v2\/types\/product"}],"wp:featuredmedia":[{"embeddable":true,"href":"https:\/\/www.cpl.es\/ca\/wp-json\/wp\/v2\/media\/552"}],"wp:attachment":[{"href":"https:\/\/www.cpl.es\/ca\/wp-json\/wp\/v2\/media?parent=551"}],"wp:term":[{"taxonomy":"product_brand","embeddable":true,"href":"https:\/\/www.cpl.es\/ca\/wp-json\/wp\/v2\/product_brand?post=551"},{"taxonomy":"product_cat","embeddable":true,"href":"https:\/\/www.cpl.es\/ca\/wp-json\/wp\/v2\/product_cat?post=551"},{"taxonomy":"product_tag","embeddable":true,"href":"https:\/\/www.cpl.es\/ca\/wp-json\/wp\/v2\/product_tag?post=551"}],"curies":[{"name":"wp","href":"https:\/\/api.w.org\/{rel}","templated":true}]}}