{"id":548,"date":"2023-10-04T00:42:50","date_gmt":"2023-10-03T22:42:50","guid":{"rendered":"https:\/\/nuevaweb.cpl.es\/producto\/ministerios-liturgicos-para-las-unidades-pastorales-9788491655596\/"},"modified":"2025-10-03T11:11:39","modified_gmt":"2025-10-03T09:11:39","slug":"ministerios-liturgicos-para-las-unidades-pastorales-9788491655596","status":"publish","type":"product","link":"https:\/\/www.cpl.es\/ca\/producto\/ministerios-liturgicos-para-las-unidades-pastorales-9788491655596\/","title":{"rendered":"Ministerios lit\u00fargicos para las unidades Pastorales"},"content":{"rendered":"<p> Estamos en una nueva \u00e9poca donde los bautizados van a tener que tomar una parte m\u00e1s activa y responsable en la marcha pastoral de las comunidades parroquiales; esto permitir\u00e1 avivar y aunar el esfuerzo para que siga navegando la barca de la Iglesia en medio de la tormenta actual. Momento de crisis y momento tambi\u00e9n de esperanza hacia una nueva \u00e9poca, donde los cristianos puedan desarrollar su vocaci\u00f3n de bautizados y participar en la comunidad cristiana en sus diferentes ministerios. Ministerios lit\u00fargicos para las Unidades Pastorales va dirigido a los laicos y las laicas, para ayudar a tomar conciencia y formarse en las tareas lit\u00fargicas a las que, como bautizados, est\u00e1n llamados a participar. Antonio Muerza Chocarro (San Adri\u00e1n &#8211; Navarra 1942), Sacerdote jubilado, exp\u00e1rroco de Padre Nuestro en Pamplona, donde actualmente colabora pastoralmente. Ha trabajado como sacerdote en las periferias de Maracaibo y Caracas, en Venezuela, durante 30 a\u00f1os. Ha publicado numerosos art\u00edculos en diarios de estas ciudades venezolanas. Autor de Historia de Ant\u00edmano para sus habitantes. As\u00ed mismo es coautor de Mi Confirmaci\u00f3n. Gu\u00eda del catequista y Gu\u00eda del Confirmado (Caracas: San Pablo 1996). Premio de investigaci\u00f3n hist\u00f3rica \u00abVilla de San Adri\u00e1n 2008\u00bb con el trabajo titulado San Adri\u00e1n, nuestro templo, nuestra historia y premio compartido con San Adri\u00e1n, siglo XVII, 2007. Es autor de Moniciones para Laudes y V\u00edsperas, de la colecci\u00f3n Celebrar del CPL.<\/p>\n","protected":false},"excerpt":{"rendered":"<p>Muerza Chocarro, Antonio<\/p>\n","protected":false},"featured_media":549,"template":"","meta":{"_acf_changed":false,"inline_featured_image":false},"product_brand":[],"product_cat":[99,100],"product_tag":[],"class_list":{"0":"post-548","1":"product","2":"type-product","3":"status-publish","4":"has-post-thumbnail","6":"product_cat-cpl-libri","7":"product_cat-cpl-libri-colleccions-catala","9":"first","10":"instock","11":"taxable","12":"shipping-taxable","13":"purchasable","14":"product-type-simple"},"acf":{"autor":"Muerza Chocarro, Antonio","codart":"117056","ediciones":"1","encuadernacion":"R\u00fastica","fecha_de_publicacion":"18\/07\/2023","novedad":false,"paginas":"168","subtitulo":"","orden":"60","portada":false,"idioma":"spa","editorial":[{"ID":6736,"post_author":"2","post_date":"2023-10-06 08:35:24","post_date_gmt":"2023-10-06 06:35:24","post_content":"","post_title":"CPL","post_excerpt":"","post_status":"publish","comment_status":"closed","ping_status":"closed","post_password":"","post_name":"cpl","to_ping":"","pinged":"","post_modified":"2023-10-06 08:35:24","post_modified_gmt":"2023-10-06 06:35:24","post_content_filtered":"","post_parent":0,"guid":"https:\/\/nuevaweb.cpl.es\/editorial\/cpl\/","menu_order":0,"post_type":"editorial","post_mime_type":"","comment_count":"0","filter":"raw"}],"coleccion_num":"56"},"yoast_head":"<!-- This site is optimized with the Yoast SEO plugin v27.3 - https:\/\/yoast.com\/product\/yoast-seo-wordpress\/ -->\n<title>Ministerios lit\u00fargicos para las unidades Pastorales - CPL<\/title>\n<meta name=\"robots\" content=\"index, follow, max-snippet:-1, max-image-preview:large, max-video-preview:-1\" \/>\n<link rel=\"canonical\" href=\"https:\/\/www.cpl.es\/producto\/ministerios-liturgicos-para-las-unidades-pastorales-9788491655596\/\" \/>\n<meta property=\"og:locale\" content=\"ca_ES\" \/>\n<meta property=\"og:type\" content=\"article\" \/>\n<meta property=\"og:title\" content=\"Ministerios lit\u00fargicos para las unidades Pastorales - CPL\" \/>\n<meta property=\"og:description\" content=\"Muerza Chocarro, Antonio\" \/>\n<meta property=\"og:url\" content=\"https:\/\/www.cpl.es\/producto\/ministerios-liturgicos-para-las-unidades-pastorales-9788491655596\/\" \/>\n<meta property=\"og:site_name\" content=\"CPL\" \/>\n<meta property=\"article:modified_time\" content=\"2025-10-03T09:11:39+00:00\" \/>\n<meta property=\"og:image\" content=\"https:\/\/www.cpl.es\/wp-content\/uploads\/117056.jpg\" \/>\n\t<meta property=\"og:image:width\" content=\"280\" \/>\n\t<meta property=\"og:image:height\" content=\"443\" \/>\n\t<meta property=\"og:image:type\" content=\"image\/jpeg\" \/>\n<meta name=\"twitter:card\" content=\"summary_large_image\" \/>\n<meta name=\"twitter:label1\" content=\"Temps estimat de lectura\" \/>\n\t<meta name=\"twitter:data1\" content=\"1 minut\" \/>\n<script type=\"application\/ld+json\" class=\"yoast-schema-graph\">{\"@context\":\"https:\\\/\\\/schema.org\",\"@graph\":[{\"@type\":\"WebPage\",\"@id\":\"https:\\\/\\\/www.cpl.es\\\/producto\\\/ministerios-liturgicos-para-las-unidades-pastorales-9788491655596\\\/\",\"url\":\"https:\\\/\\\/www.cpl.es\\\/producto\\\/ministerios-liturgicos-para-las-unidades-pastorales-9788491655596\\\/\",\"name\":\"Ministerios lit\u00fargicos para las unidades Pastorales - CPL\",\"isPartOf\":{\"@id\":\"https:\\\/\\\/www.cpl.es\\\/#website\"},\"primaryImageOfPage\":{\"@id\":\"https:\\\/\\\/www.cpl.es\\\/producto\\\/ministerios-liturgicos-para-las-unidades-pastorales-9788491655596\\\/#primaryimage\"},\"image\":{\"@id\":\"https:\\\/\\\/www.cpl.es\\\/producto\\\/ministerios-liturgicos-para-las-unidades-pastorales-9788491655596\\\/#primaryimage\"},\"thumbnailUrl\":\"https:\\\/\\\/www.cpl.es\\\/wp-content\\\/uploads\\\/117056.jpg\",\"datePublished\":\"2023-10-03T22:42:50+00:00\",\"dateModified\":\"2025-10-03T09:11:39+00:00\",\"breadcrumb\":{\"@id\":\"https:\\\/\\\/www.cpl.es\\\/producto\\\/ministerios-liturgicos-para-las-unidades-pastorales-9788491655596\\\/#breadcrumb\"},\"inLanguage\":\"ca\",\"potentialAction\":[{\"@type\":\"ReadAction\",\"target\":[\"https:\\\/\\\/www.cpl.es\\\/producto\\\/ministerios-liturgicos-para-las-unidades-pastorales-9788491655596\\\/\"]}]},{\"@type\":\"ImageObject\",\"inLanguage\":\"ca\",\"@id\":\"https:\\\/\\\/www.cpl.es\\\/producto\\\/ministerios-liturgicos-para-las-unidades-pastorales-9788491655596\\\/#primaryimage\",\"url\":\"https:\\\/\\\/www.cpl.es\\\/wp-content\\\/uploads\\\/117056.jpg\",\"contentUrl\":\"https:\\\/\\\/www.cpl.es\\\/wp-content\\\/uploads\\\/117056.jpg\",\"width\":280,\"height\":443,\"caption\":\"117056.jpg\"},{\"@type\":\"BreadcrumbList\",\"@id\":\"https:\\\/\\\/www.cpl.es\\\/producto\\\/ministerios-liturgicos-para-las-unidades-pastorales-9788491655596\\\/#breadcrumb\",\"itemListElement\":[{\"@type\":\"ListItem\",\"position\":1,\"name\":\"Portada\",\"item\":\"https:\\\/\\\/www.cpl.es\\\/ca\\\/\"},{\"@type\":\"ListItem\",\"position\":2,\"name\":\"Cat\u00e0leg\",\"item\":\"https:\\\/\\\/www.cpl.es\\\/ca\\\/cataleg\\\/\"},{\"@type\":\"ListItem\",\"position\":3,\"name\":\"Ministerios lit\u00fargicos para las unidades Pastorales\"}]},{\"@type\":\"WebSite\",\"@id\":\"https:\\\/\\\/www.cpl.es\\\/#website\",\"url\":\"https:\\\/\\\/www.cpl.es\\\/\",\"name\":\"CPL\",\"description\":\"Centre de Pastoral Lit\u00fargica de Barcelona\",\"publisher\":{\"@id\":\"https:\\\/\\\/www.cpl.es\\\/#organization\"},\"alternateName\":\"Centre de Pastoral Lit\u00fargica\",\"potentialAction\":[{\"@type\":\"SearchAction\",\"target\":{\"@type\":\"EntryPoint\",\"urlTemplate\":\"https:\\\/\\\/www.cpl.es\\\/?s={search_term_string}\"},\"query-input\":{\"@type\":\"PropertyValueSpecification\",\"valueRequired\":true,\"valueName\":\"search_term_string\"}}],\"inLanguage\":\"ca\"},{\"@type\":\"Organization\",\"@id\":\"https:\\\/\\\/www.cpl.es\\\/#organization\",\"name\":\"Centre de Pastoral Lit\u00fargica\",\"alternateName\":\"Centre de Pastoral Lit\u00fargica de Barcelona\",\"url\":\"https:\\\/\\\/www.cpl.es\\\/\",\"logo\":{\"@type\":\"ImageObject\",\"inLanguage\":\"ca\",\"@id\":\"https:\\\/\\\/www.cpl.es\\\/#\\\/schema\\\/logo\\\/image\\\/\",\"url\":\"https:\\\/\\\/www.cpl.es\\\/wp-content\\\/uploads\\\/logo-cpl.svg\",\"contentUrl\":\"https:\\\/\\\/www.cpl.es\\\/wp-content\\\/uploads\\\/logo-cpl.svg\",\"caption\":\"Centre de Pastoral Lit\u00fargica\"},\"image\":{\"@id\":\"https:\\\/\\\/www.cpl.es\\\/#\\\/schema\\\/logo\\\/image\\\/\"}}]}<\/script>\n<!-- \/ Yoast SEO plugin. -->","yoast_head_json":{"title":"Ministerios lit\u00fargicos para las unidades Pastorales - CPL","robots":{"index":"index","follow":"follow","max-snippet":"max-snippet:-1","max-image-preview":"max-image-preview:large","max-video-preview":"max-video-preview:-1"},"canonical":"https:\/\/www.cpl.es\/producto\/ministerios-liturgicos-para-las-unidades-pastorales-9788491655596\/","og_locale":"ca_ES","og_type":"article","og_title":"Ministerios lit\u00fargicos para las unidades Pastorales - CPL","og_description":"Muerza Chocarro, Antonio","og_url":"https:\/\/www.cpl.es\/producto\/ministerios-liturgicos-para-las-unidades-pastorales-9788491655596\/","og_site_name":"CPL","article_modified_time":"2025-10-03T09:11:39+00:00","og_image":[{"width":280,"height":443,"url":"https:\/\/www.cpl.es\/wp-content\/uploads\/117056.jpg","type":"image\/jpeg"}],"twitter_card":"summary_large_image","twitter_misc":{"Temps estimat de lectura":"1 minut"},"schema":{"@context":"https:\/\/schema.org","@graph":[{"@type":"WebPage","@id":"https:\/\/www.cpl.es\/producto\/ministerios-liturgicos-para-las-unidades-pastorales-9788491655596\/","url":"https:\/\/www.cpl.es\/producto\/ministerios-liturgicos-para-las-unidades-pastorales-9788491655596\/","name":"Ministerios lit\u00fargicos para las unidades Pastorales - CPL","isPartOf":{"@id":"https:\/\/www.cpl.es\/#website"},"primaryImageOfPage":{"@id":"https:\/\/www.cpl.es\/producto\/ministerios-liturgicos-para-las-unidades-pastorales-9788491655596\/#primaryimage"},"image":{"@id":"https:\/\/www.cpl.es\/producto\/ministerios-liturgicos-para-las-unidades-pastorales-9788491655596\/#primaryimage"},"thumbnailUrl":"https:\/\/www.cpl.es\/wp-content\/uploads\/117056.jpg","datePublished":"2023-10-03T22:42:50+00:00","dateModified":"2025-10-03T09:11:39+00:00","breadcrumb":{"@id":"https:\/\/www.cpl.es\/producto\/ministerios-liturgicos-para-las-unidades-pastorales-9788491655596\/#breadcrumb"},"inLanguage":"ca","potentialAction":[{"@type":"ReadAction","target":["https:\/\/www.cpl.es\/producto\/ministerios-liturgicos-para-las-unidades-pastorales-9788491655596\/"]}]},{"@type":"ImageObject","inLanguage":"ca","@id":"https:\/\/www.cpl.es\/producto\/ministerios-liturgicos-para-las-unidades-pastorales-9788491655596\/#primaryimage","url":"https:\/\/www.cpl.es\/wp-content\/uploads\/117056.jpg","contentUrl":"https:\/\/www.cpl.es\/wp-content\/uploads\/117056.jpg","width":280,"height":443,"caption":"117056.jpg"},{"@type":"BreadcrumbList","@id":"https:\/\/www.cpl.es\/producto\/ministerios-liturgicos-para-las-unidades-pastorales-9788491655596\/#breadcrumb","itemListElement":[{"@type":"ListItem","position":1,"name":"Portada","item":"https:\/\/www.cpl.es\/ca\/"},{"@type":"ListItem","position":2,"name":"Cat\u00e0leg","item":"https:\/\/www.cpl.es\/ca\/cataleg\/"},{"@type":"ListItem","position":3,"name":"Ministerios lit\u00fargicos para las unidades Pastorales"}]},{"@type":"WebSite","@id":"https:\/\/www.cpl.es\/#website","url":"https:\/\/www.cpl.es\/","name":"CPL","description":"Centre de Pastoral Lit\u00fargica de Barcelona","publisher":{"@id":"https:\/\/www.cpl.es\/#organization"},"alternateName":"Centre de Pastoral Lit\u00fargica","potentialAction":[{"@type":"SearchAction","target":{"@type":"EntryPoint","urlTemplate":"https:\/\/www.cpl.es\/?s={search_term_string}"},"query-input":{"@type":"PropertyValueSpecification","valueRequired":true,"valueName":"search_term_string"}}],"inLanguage":"ca"},{"@type":"Organization","@id":"https:\/\/www.cpl.es\/#organization","name":"Centre de Pastoral Lit\u00fargica","alternateName":"Centre de Pastoral Lit\u00fargica de Barcelona","url":"https:\/\/www.cpl.es\/","logo":{"@type":"ImageObject","inLanguage":"ca","@id":"https:\/\/www.cpl.es\/#\/schema\/logo\/image\/","url":"https:\/\/www.cpl.es\/wp-content\/uploads\/logo-cpl.svg","contentUrl":"https:\/\/www.cpl.es\/wp-content\/uploads\/logo-cpl.svg","caption":"Centre de Pastoral Lit\u00fargica"},"image":{"@id":"https:\/\/www.cpl.es\/#\/schema\/logo\/image\/"}}]}},"_links":{"self":[{"href":"https:\/\/www.cpl.es\/ca\/wp-json\/wp\/v2\/product\/548","targetHints":{"allow":["GET"]}}],"collection":[{"href":"https:\/\/www.cpl.es\/ca\/wp-json\/wp\/v2\/product"}],"about":[{"href":"https:\/\/www.cpl.es\/ca\/wp-json\/wp\/v2\/types\/product"}],"wp:featuredmedia":[{"embeddable":true,"href":"https:\/\/www.cpl.es\/ca\/wp-json\/wp\/v2\/media\/549"}],"wp:attachment":[{"href":"https:\/\/www.cpl.es\/ca\/wp-json\/wp\/v2\/media?parent=548"}],"wp:term":[{"taxonomy":"product_brand","embeddable":true,"href":"https:\/\/www.cpl.es\/ca\/wp-json\/wp\/v2\/product_brand?post=548"},{"taxonomy":"product_cat","embeddable":true,"href":"https:\/\/www.cpl.es\/ca\/wp-json\/wp\/v2\/product_cat?post=548"},{"taxonomy":"product_tag","embeddable":true,"href":"https:\/\/www.cpl.es\/ca\/wp-json\/wp\/v2\/product_tag?post=548"}],"curies":[{"name":"wp","href":"https:\/\/api.w.org\/{rel}","templated":true}]}}