{"id":5334,"date":"2023-10-04T03:00:12","date_gmt":"2023-10-04T01:00:12","guid":{"rendered":"https:\/\/nuevaweb.cpl.es\/producto\/historias-de-un-enfermo-terminal-9788474676600\/"},"modified":"2026-02-12T17:45:16","modified_gmt":"2026-02-12T16:45:16","slug":"historias-de-un-enfermo-terminal-9788474676600","status":"publish","type":"product","link":"https:\/\/www.cpl.es\/ca\/producto\/historias-de-un-enfermo-terminal-9788474676600\/","title":{"rendered":"Historias de un enfermo terminal"},"content":{"rendered":"<p>&#8216;AL PRINCIPIO cre\u00ed que no pod\u00eda hacer nada o que perd\u00eda el tiempo'. As\u00ed empieza esta historia de afecto y cari\u00f1o. De compa\u00f1\u00eda, ayuda y descubrimientos. De c\u00f3mo Dios se hace presente en esa situaci\u00f3n.<br \/>ES LA HISTORIA del padre enfermo terminal. Y del hijo que le acompa\u00f1a. Y de las enfermeras, monjas, ayudantes, m\u00e9dicos, que comparten y ayudan en este camino dif\u00edcil. Una historia sencilla y entra\u00f1ablemente explicada, convertida en oraci\u00f3n. Que puede acompa\u00f1ar -ayudar- a todos aquellos que se encuentran -o alg\u00fan d\u00eda podr\u00edan encontrarse- en situaciones semejantes.<br \/>La fuerza de esta historia hizo que el jurado otorgase el I PREMIO EMA\u00daS, convocado por el Centro de Pastoral Lit\u00fargica, a este libro de XAVIER BATISTE. Nacido en Vallclara (Tarragona) en 1935, es sacerdote de la di\u00f3cesis de L\u00e9rida, p\u00e1rroco de Torres de Segre y de Sunyer, consiliario del Movimiento de J\u00f3venes Cristianos de Comarcas, autor de distintas publicaciones sobre temas pastorales. Su padre, protagonista de este libro, muri\u00f3 el 10 de mayo de 1990.<\/p>\n","protected":false},"excerpt":{"rendered":"<p>Baptiste Mercace, Xavier<\/p>\n","protected":false},"featured_media":5335,"template":"","meta":{"_acf_changed":false,"inline_featured_image":false},"product_brand":[],"product_cat":[73,49,85,62,139,117],"product_tag":[],"class_list":{"0":"post-5334","1":"product","2":"type-product","3":"status-publish","4":"has-post-thumbnail","6":"product_cat-emaus-colleccions-catala","7":"product_cat-emaus","8":"product_cat-historia-de-la-liturgia-per-temes-catala","9":"product_cat-historia-de-la-liturgia","10":"product_cat-uncio-dels-malalts","11":"product_cat-uncion-de-los-enfermos","13":"first","14":"instock","15":"taxable","16":"shipping-taxable","17":"purchasable","18":"product-type-simple"},"acf":{"autor":"Baptiste Mercace, Xavier","codart":"108041","ediciones":"1","encuadernacion":"R\u00fastica","fecha_de_publicacion":"01\/06\/2000","novedad":false,"paginas":"88","subtitulo":"","orden":"999","portada":false,"idioma":"spa","editorial":[{"ID":6736,"post_author":"2","post_date":"2023-10-06 08:35:24","post_date_gmt":"2023-10-06 06:35:24","post_content":"","post_title":"CPL","post_excerpt":"","post_status":"publish","comment_status":"closed","ping_status":"closed","post_password":"","post_name":"cpl","to_ping":"","pinged":"","post_modified":"2023-10-06 08:35:24","post_modified_gmt":"2023-10-06 06:35:24","post_content_filtered":"","post_parent":0,"guid":"https:\/\/nuevaweb.cpl.es\/editorial\/cpl\/","menu_order":0,"post_type":"editorial","post_mime_type":"","comment_count":"0","filter":"raw"}],"coleccion_num":"41"},"yoast_head":"<!-- This site is optimized with the Yoast SEO plugin v27.3 - https:\/\/yoast.com\/product\/yoast-seo-wordpress\/ -->\n<title>Historias de un enfermo terminal - CPL<\/title>\n<meta name=\"robots\" content=\"index, follow, max-snippet:-1, max-image-preview:large, max-video-preview:-1\" \/>\n<link rel=\"canonical\" href=\"https:\/\/www.cpl.es\/producto\/historias-de-un-enfermo-terminal-9788474676600\/\" \/>\n<meta property=\"og:locale\" content=\"ca_ES\" \/>\n<meta property=\"og:type\" content=\"article\" \/>\n<meta property=\"og:title\" content=\"Historias de un enfermo terminal - CPL\" \/>\n<meta property=\"og:description\" content=\"Baptiste Mercace, Xavier\" \/>\n<meta property=\"og:url\" content=\"https:\/\/www.cpl.es\/producto\/historias-de-un-enfermo-terminal-9788474676600\/\" \/>\n<meta property=\"og:site_name\" content=\"CPL\" \/>\n<meta property=\"article:modified_time\" content=\"2026-02-12T16:45:16+00:00\" \/>\n<meta property=\"og:image\" content=\"https:\/\/www.cpl.es\/wp-content\/uploads\/108041.jpg\" \/>\n\t<meta property=\"og:image:width\" content=\"278\" \/>\n\t<meta property=\"og:image:height\" content=\"547\" \/>\n\t<meta property=\"og:image:type\" content=\"image\/jpeg\" \/>\n<meta name=\"twitter:card\" content=\"summary_large_image\" \/>\n<meta name=\"twitter:label1\" content=\"Temps estimat de lectura\" \/>\n\t<meta name=\"twitter:data1\" content=\"1 minut\" \/>\n<script type=\"application\/ld+json\" class=\"yoast-schema-graph\">{\"@context\":\"https:\\\/\\\/schema.org\",\"@graph\":[{\"@type\":\"WebPage\",\"@id\":\"https:\\\/\\\/www.cpl.es\\\/producto\\\/historias-de-un-enfermo-terminal-9788474676600\\\/\",\"url\":\"https:\\\/\\\/www.cpl.es\\\/producto\\\/historias-de-un-enfermo-terminal-9788474676600\\\/\",\"name\":\"Historias de un enfermo terminal - CPL\",\"isPartOf\":{\"@id\":\"https:\\\/\\\/www.cpl.es\\\/#website\"},\"primaryImageOfPage\":{\"@id\":\"https:\\\/\\\/www.cpl.es\\\/producto\\\/historias-de-un-enfermo-terminal-9788474676600\\\/#primaryimage\"},\"image\":{\"@id\":\"https:\\\/\\\/www.cpl.es\\\/producto\\\/historias-de-un-enfermo-terminal-9788474676600\\\/#primaryimage\"},\"thumbnailUrl\":\"https:\\\/\\\/www.cpl.es\\\/wp-content\\\/uploads\\\/108041.jpg\",\"datePublished\":\"2023-10-04T01:00:12+00:00\",\"dateModified\":\"2026-02-12T16:45:16+00:00\",\"breadcrumb\":{\"@id\":\"https:\\\/\\\/www.cpl.es\\\/producto\\\/historias-de-un-enfermo-terminal-9788474676600\\\/#breadcrumb\"},\"inLanguage\":\"ca\",\"potentialAction\":[{\"@type\":\"ReadAction\",\"target\":[\"https:\\\/\\\/www.cpl.es\\\/producto\\\/historias-de-un-enfermo-terminal-9788474676600\\\/\"]}]},{\"@type\":\"ImageObject\",\"inLanguage\":\"ca\",\"@id\":\"https:\\\/\\\/www.cpl.es\\\/producto\\\/historias-de-un-enfermo-terminal-9788474676600\\\/#primaryimage\",\"url\":\"https:\\\/\\\/www.cpl.es\\\/wp-content\\\/uploads\\\/108041.jpg\",\"contentUrl\":\"https:\\\/\\\/www.cpl.es\\\/wp-content\\\/uploads\\\/108041.jpg\",\"width\":278,\"height\":547,\"caption\":\"108041.jpg\"},{\"@type\":\"BreadcrumbList\",\"@id\":\"https:\\\/\\\/www.cpl.es\\\/producto\\\/historias-de-un-enfermo-terminal-9788474676600\\\/#breadcrumb\",\"itemListElement\":[{\"@type\":\"ListItem\",\"position\":1,\"name\":\"Portada\",\"item\":\"https:\\\/\\\/www.cpl.es\\\/ca\\\/\"},{\"@type\":\"ListItem\",\"position\":2,\"name\":\"Cat\u00e0leg\",\"item\":\"https:\\\/\\\/www.cpl.es\\\/ca\\\/cataleg\\\/\"},{\"@type\":\"ListItem\",\"position\":3,\"name\":\"Historias de un enfermo terminal\"}]},{\"@type\":\"WebSite\",\"@id\":\"https:\\\/\\\/www.cpl.es\\\/#website\",\"url\":\"https:\\\/\\\/www.cpl.es\\\/\",\"name\":\"CPL\",\"description\":\"Centre de Pastoral Lit\u00fargica de Barcelona\",\"publisher\":{\"@id\":\"https:\\\/\\\/www.cpl.es\\\/#organization\"},\"alternateName\":\"Centre de Pastoral Lit\u00fargica\",\"potentialAction\":[{\"@type\":\"SearchAction\",\"target\":{\"@type\":\"EntryPoint\",\"urlTemplate\":\"https:\\\/\\\/www.cpl.es\\\/?s={search_term_string}\"},\"query-input\":{\"@type\":\"PropertyValueSpecification\",\"valueRequired\":true,\"valueName\":\"search_term_string\"}}],\"inLanguage\":\"ca\"},{\"@type\":\"Organization\",\"@id\":\"https:\\\/\\\/www.cpl.es\\\/#organization\",\"name\":\"Centre de Pastoral Lit\u00fargica\",\"alternateName\":\"Centre de Pastoral Lit\u00fargica de Barcelona\",\"url\":\"https:\\\/\\\/www.cpl.es\\\/\",\"logo\":{\"@type\":\"ImageObject\",\"inLanguage\":\"ca\",\"@id\":\"https:\\\/\\\/www.cpl.es\\\/#\\\/schema\\\/logo\\\/image\\\/\",\"url\":\"https:\\\/\\\/www.cpl.es\\\/wp-content\\\/uploads\\\/logo-cpl.svg\",\"contentUrl\":\"https:\\\/\\\/www.cpl.es\\\/wp-content\\\/uploads\\\/logo-cpl.svg\",\"caption\":\"Centre de Pastoral Lit\u00fargica\"},\"image\":{\"@id\":\"https:\\\/\\\/www.cpl.es\\\/#\\\/schema\\\/logo\\\/image\\\/\"}}]}<\/script>\n<!-- \/ Yoast SEO plugin. -->","yoast_head_json":{"title":"Historias de un enfermo terminal - CPL","robots":{"index":"index","follow":"follow","max-snippet":"max-snippet:-1","max-image-preview":"max-image-preview:large","max-video-preview":"max-video-preview:-1"},"canonical":"https:\/\/www.cpl.es\/producto\/historias-de-un-enfermo-terminal-9788474676600\/","og_locale":"ca_ES","og_type":"article","og_title":"Historias de un enfermo terminal - CPL","og_description":"Baptiste Mercace, Xavier","og_url":"https:\/\/www.cpl.es\/producto\/historias-de-un-enfermo-terminal-9788474676600\/","og_site_name":"CPL","article_modified_time":"2026-02-12T16:45:16+00:00","og_image":[{"width":278,"height":547,"url":"https:\/\/www.cpl.es\/wp-content\/uploads\/108041.jpg","type":"image\/jpeg"}],"twitter_card":"summary_large_image","twitter_misc":{"Temps estimat de lectura":"1 minut"},"schema":{"@context":"https:\/\/schema.org","@graph":[{"@type":"WebPage","@id":"https:\/\/www.cpl.es\/producto\/historias-de-un-enfermo-terminal-9788474676600\/","url":"https:\/\/www.cpl.es\/producto\/historias-de-un-enfermo-terminal-9788474676600\/","name":"Historias de un enfermo terminal - CPL","isPartOf":{"@id":"https:\/\/www.cpl.es\/#website"},"primaryImageOfPage":{"@id":"https:\/\/www.cpl.es\/producto\/historias-de-un-enfermo-terminal-9788474676600\/#primaryimage"},"image":{"@id":"https:\/\/www.cpl.es\/producto\/historias-de-un-enfermo-terminal-9788474676600\/#primaryimage"},"thumbnailUrl":"https:\/\/www.cpl.es\/wp-content\/uploads\/108041.jpg","datePublished":"2023-10-04T01:00:12+00:00","dateModified":"2026-02-12T16:45:16+00:00","breadcrumb":{"@id":"https:\/\/www.cpl.es\/producto\/historias-de-un-enfermo-terminal-9788474676600\/#breadcrumb"},"inLanguage":"ca","potentialAction":[{"@type":"ReadAction","target":["https:\/\/www.cpl.es\/producto\/historias-de-un-enfermo-terminal-9788474676600\/"]}]},{"@type":"ImageObject","inLanguage":"ca","@id":"https:\/\/www.cpl.es\/producto\/historias-de-un-enfermo-terminal-9788474676600\/#primaryimage","url":"https:\/\/www.cpl.es\/wp-content\/uploads\/108041.jpg","contentUrl":"https:\/\/www.cpl.es\/wp-content\/uploads\/108041.jpg","width":278,"height":547,"caption":"108041.jpg"},{"@type":"BreadcrumbList","@id":"https:\/\/www.cpl.es\/producto\/historias-de-un-enfermo-terminal-9788474676600\/#breadcrumb","itemListElement":[{"@type":"ListItem","position":1,"name":"Portada","item":"https:\/\/www.cpl.es\/ca\/"},{"@type":"ListItem","position":2,"name":"Cat\u00e0leg","item":"https:\/\/www.cpl.es\/ca\/cataleg\/"},{"@type":"ListItem","position":3,"name":"Historias de un enfermo terminal"}]},{"@type":"WebSite","@id":"https:\/\/www.cpl.es\/#website","url":"https:\/\/www.cpl.es\/","name":"CPL","description":"Centre de Pastoral Lit\u00fargica de Barcelona","publisher":{"@id":"https:\/\/www.cpl.es\/#organization"},"alternateName":"Centre de Pastoral Lit\u00fargica","potentialAction":[{"@type":"SearchAction","target":{"@type":"EntryPoint","urlTemplate":"https:\/\/www.cpl.es\/?s={search_term_string}"},"query-input":{"@type":"PropertyValueSpecification","valueRequired":true,"valueName":"search_term_string"}}],"inLanguage":"ca"},{"@type":"Organization","@id":"https:\/\/www.cpl.es\/#organization","name":"Centre de Pastoral Lit\u00fargica","alternateName":"Centre de Pastoral Lit\u00fargica de Barcelona","url":"https:\/\/www.cpl.es\/","logo":{"@type":"ImageObject","inLanguage":"ca","@id":"https:\/\/www.cpl.es\/#\/schema\/logo\/image\/","url":"https:\/\/www.cpl.es\/wp-content\/uploads\/logo-cpl.svg","contentUrl":"https:\/\/www.cpl.es\/wp-content\/uploads\/logo-cpl.svg","caption":"Centre de Pastoral Lit\u00fargica"},"image":{"@id":"https:\/\/www.cpl.es\/#\/schema\/logo\/image\/"}}]}},"_links":{"self":[{"href":"https:\/\/www.cpl.es\/ca\/wp-json\/wp\/v2\/product\/5334","targetHints":{"allow":["GET"]}}],"collection":[{"href":"https:\/\/www.cpl.es\/ca\/wp-json\/wp\/v2\/product"}],"about":[{"href":"https:\/\/www.cpl.es\/ca\/wp-json\/wp\/v2\/types\/product"}],"wp:featuredmedia":[{"embeddable":true,"href":"https:\/\/www.cpl.es\/ca\/wp-json\/wp\/v2\/media\/5335"}],"wp:attachment":[{"href":"https:\/\/www.cpl.es\/ca\/wp-json\/wp\/v2\/media?parent=5334"}],"wp:term":[{"taxonomy":"product_brand","embeddable":true,"href":"https:\/\/www.cpl.es\/ca\/wp-json\/wp\/v2\/product_brand?post=5334"},{"taxonomy":"product_cat","embeddable":true,"href":"https:\/\/www.cpl.es\/ca\/wp-json\/wp\/v2\/product_cat?post=5334"},{"taxonomy":"product_tag","embeddable":true,"href":"https:\/\/www.cpl.es\/ca\/wp-json\/wp\/v2\/product_tag?post=5334"}],"curies":[{"name":"wp","href":"https:\/\/api.w.org\/{rel}","templated":true}]}}