{"id":533,"date":"2023-10-04T00:42:22","date_gmt":"2023-10-03T22:42:22","guid":{"rendered":"https:\/\/nuevaweb.cpl.es\/producto\/los-libros-liturgicos-del-rito-romano-una-guia-para-el-estudio-de-su-tipologia-e-historia-9788491655817\/"},"modified":"2025-10-03T11:10:22","modified_gmt":"2025-10-03T09:10:22","slug":"los-libros-liturgicos-del-rito-romano-una-guia-para-el-estudio-de-su-tipologia-e-historia-9788491655817","status":"publish","type":"product","link":"https:\/\/www.cpl.es\/ca\/producto\/los-libros-liturgicos-del-rito-romano-una-guia-para-el-estudio-de-su-tipologia-e-historia-9788491655817\/","title":{"rendered":"Los libros lit\u00fargicos del rito romano. Una gu\u00eda para el estudio de su tipolog\u00eda e historia"},"content":{"rendered":"<p> El prop\u00f3sito de estas p\u00e1ginas es ofrecer al lector un libro de texto para el estudio de los libros lit\u00fargicos del rito romano; un manual que tiene en cuenta los estudios m\u00e1s recientes en la materia. Muchos de los estudios cl\u00e1sicos sobre los libros lit\u00fargicos se limitan a un per\u00edodo determinado: la Edad Media, por ejemplo, o el per\u00edodopostridentino, o el per\u00edodo pos Vaticano II. Este libro, en cambio, pretende dar una \u00abvisi\u00f3n de conjunto\u00bb, abarcando la evoluci\u00f3n de los libros lit\u00fargicos desde el siglo iv hasta nuestros d\u00edas.  Como indica el t\u00edtulo, este estudio se limita al rito romano. El material se presentar\u00e1 en dos vol\u00famenes. Este primer volumen describe los libros utilizados para la misa. El segundo volumen tratar\u00e1 de los libros para el Oficio Divino, los libros para el buen ordenamiento de la liturgia y los libros para los sacramentos y otros ritos.  Esperamos que el estudio de los libros lit\u00fargicos no solo permita a los interesados en liturgia navegar por el mare magnum de la historia lit\u00fargica, sino que tambi\u00e9n les proporcione algunos de los elementos necesarios para adquirir una cultura lit\u00fargica. Dom Cassian Folsom, O.S.B., estudioso de m\u00fasica sacra y liturgia, es el fundador y prior em\u00e9rito del monasterio de San Benedetto in Monte en Urcia. Nacido en 1955 en Lynn, Massachusetts, Dom Cassian estudi\u00f3 m\u00fasica y literatura antes de ingresar en el monasterio de Saint Meinrad, Indiana, en 1979. En 1998 fund\u00f3 una comunidad mon\u00e1stica en Roma y en 2000 la traslad\u00f3 a Urcia, donde ha continuado creciendo y atrayendo nuevas vocaciones y peregrinos de todo el mundo. En 2016 dej\u00f3 su cargo como prior. Actualmente contin\u00faa sirviendo en el monasterio y ense\u00f1ando liturgia en el Pontificio Istituto Lit\u00fargico Sant\u2019Anselmo de Roma.<\/p>\n","protected":false},"excerpt":{"rendered":"<p>Folsom, Cassian O.S.B.<\/p>\n","protected":false},"featured_media":534,"template":"","meta":{"_acf_changed":false,"inline_featured_image":false},"product_brand":[],"product_cat":[74,46],"product_tag":[],"class_list":{"0":"post-533","1":"product","2":"type-product","3":"status-publish","4":"has-post-thumbnail","6":"product_cat-biblioteca-liturgica-colleccions-catala","7":"product_cat-biblioteca-liturgica","9":"first","10":"instock","11":"taxable","12":"shipping-taxable","13":"purchasable","14":"product-type-simple"},"acf":{"autor":"Folsom, Cassian O.S.B.","codart":"111068","ediciones":"1","encuadernacion":"Cartone","fecha_de_publicacion":"27\/09\/2023","novedad":false,"paginas":"296","subtitulo":"","orden":"999","portada":false,"idioma":"spa","editorial":[{"ID":6736,"post_author":"2","post_date":"2023-10-06 08:35:24","post_date_gmt":"2023-10-06 06:35:24","post_content":"","post_title":"CPL","post_excerpt":"","post_status":"publish","comment_status":"closed","ping_status":"closed","post_password":"","post_name":"cpl","to_ping":"","pinged":"","post_modified":"2023-10-06 08:35:24","post_modified_gmt":"2023-10-06 06:35:24","post_content_filtered":"","post_parent":0,"guid":"https:\/\/nuevaweb.cpl.es\/editorial\/cpl\/","menu_order":0,"post_type":"editorial","post_mime_type":"","comment_count":"0","filter":"raw"}],"coleccion_num":"68"},"yoast_head":"<!-- This site is optimized with the Yoast SEO plugin v27.3 - https:\/\/yoast.com\/product\/yoast-seo-wordpress\/ -->\n<title>Los libros lit\u00fargicos del rito romano. Una gu\u00eda para el estudio de su tipolog\u00eda e historia - CPL<\/title>\n<meta name=\"robots\" content=\"index, follow, max-snippet:-1, max-image-preview:large, max-video-preview:-1\" \/>\n<link rel=\"canonical\" href=\"https:\/\/www.cpl.es\/producto\/los-libros-liturgicos-del-rito-romano-una-guia-para-el-estudio-de-su-tipologia-e-historia-9788491655817\/\" \/>\n<meta property=\"og:locale\" content=\"ca_ES\" \/>\n<meta property=\"og:type\" content=\"article\" \/>\n<meta property=\"og:title\" content=\"Los libros lit\u00fargicos del rito romano. Una gu\u00eda para el estudio de su tipolog\u00eda e historia - CPL\" \/>\n<meta property=\"og:description\" content=\"Folsom, Cassian O.S.B.\" \/>\n<meta property=\"og:url\" content=\"https:\/\/www.cpl.es\/producto\/los-libros-liturgicos-del-rito-romano-una-guia-para-el-estudio-de-su-tipologia-e-historia-9788491655817\/\" \/>\n<meta property=\"og:site_name\" content=\"CPL\" \/>\n<meta property=\"article:modified_time\" content=\"2025-10-03T09:10:22+00:00\" \/>\n<meta property=\"og:image\" content=\"https:\/\/www.cpl.es\/wp-content\/uploads\/111068.jpg\" \/>\n\t<meta property=\"og:image:width\" content=\"280\" \/>\n\t<meta property=\"og:image:height\" content=\"443\" \/>\n\t<meta property=\"og:image:type\" content=\"image\/jpeg\" \/>\n<meta name=\"twitter:card\" content=\"summary_large_image\" \/>\n<meta name=\"twitter:label1\" content=\"Temps estimat de lectura\" \/>\n\t<meta name=\"twitter:data1\" content=\"2 minuts\" \/>\n<script type=\"application\/ld+json\" class=\"yoast-schema-graph\">{\"@context\":\"https:\\\/\\\/schema.org\",\"@graph\":[{\"@type\":\"WebPage\",\"@id\":\"https:\\\/\\\/www.cpl.es\\\/producto\\\/los-libros-liturgicos-del-rito-romano-una-guia-para-el-estudio-de-su-tipologia-e-historia-9788491655817\\\/\",\"url\":\"https:\\\/\\\/www.cpl.es\\\/producto\\\/los-libros-liturgicos-del-rito-romano-una-guia-para-el-estudio-de-su-tipologia-e-historia-9788491655817\\\/\",\"name\":\"Los libros lit\u00fargicos del rito romano. Una gu\u00eda para el estudio de su tipolog\u00eda e historia - CPL\",\"isPartOf\":{\"@id\":\"https:\\\/\\\/www.cpl.es\\\/#website\"},\"primaryImageOfPage\":{\"@id\":\"https:\\\/\\\/www.cpl.es\\\/producto\\\/los-libros-liturgicos-del-rito-romano-una-guia-para-el-estudio-de-su-tipologia-e-historia-9788491655817\\\/#primaryimage\"},\"image\":{\"@id\":\"https:\\\/\\\/www.cpl.es\\\/producto\\\/los-libros-liturgicos-del-rito-romano-una-guia-para-el-estudio-de-su-tipologia-e-historia-9788491655817\\\/#primaryimage\"},\"thumbnailUrl\":\"https:\\\/\\\/www.cpl.es\\\/wp-content\\\/uploads\\\/111068.jpg\",\"datePublished\":\"2023-10-03T22:42:22+00:00\",\"dateModified\":\"2025-10-03T09:10:22+00:00\",\"breadcrumb\":{\"@id\":\"https:\\\/\\\/www.cpl.es\\\/producto\\\/los-libros-liturgicos-del-rito-romano-una-guia-para-el-estudio-de-su-tipologia-e-historia-9788491655817\\\/#breadcrumb\"},\"inLanguage\":\"ca\",\"potentialAction\":[{\"@type\":\"ReadAction\",\"target\":[\"https:\\\/\\\/www.cpl.es\\\/producto\\\/los-libros-liturgicos-del-rito-romano-una-guia-para-el-estudio-de-su-tipologia-e-historia-9788491655817\\\/\"]}]},{\"@type\":\"ImageObject\",\"inLanguage\":\"ca\",\"@id\":\"https:\\\/\\\/www.cpl.es\\\/producto\\\/los-libros-liturgicos-del-rito-romano-una-guia-para-el-estudio-de-su-tipologia-e-historia-9788491655817\\\/#primaryimage\",\"url\":\"https:\\\/\\\/www.cpl.es\\\/wp-content\\\/uploads\\\/111068.jpg\",\"contentUrl\":\"https:\\\/\\\/www.cpl.es\\\/wp-content\\\/uploads\\\/111068.jpg\",\"width\":280,\"height\":443,\"caption\":\"111068.jpg\"},{\"@type\":\"BreadcrumbList\",\"@id\":\"https:\\\/\\\/www.cpl.es\\\/producto\\\/los-libros-liturgicos-del-rito-romano-una-guia-para-el-estudio-de-su-tipologia-e-historia-9788491655817\\\/#breadcrumb\",\"itemListElement\":[{\"@type\":\"ListItem\",\"position\":1,\"name\":\"Portada\",\"item\":\"https:\\\/\\\/www.cpl.es\\\/ca\\\/\"},{\"@type\":\"ListItem\",\"position\":2,\"name\":\"Cat\u00e0leg\",\"item\":\"https:\\\/\\\/www.cpl.es\\\/ca\\\/cataleg\\\/\"},{\"@type\":\"ListItem\",\"position\":3,\"name\":\"Los libros lit\u00fargicos del rito romano. Una gu\u00eda para el estudio de su tipolog\u00eda e historia\"}]},{\"@type\":\"WebSite\",\"@id\":\"https:\\\/\\\/www.cpl.es\\\/#website\",\"url\":\"https:\\\/\\\/www.cpl.es\\\/\",\"name\":\"CPL\",\"description\":\"Centre de Pastoral Lit\u00fargica de Barcelona\",\"publisher\":{\"@id\":\"https:\\\/\\\/www.cpl.es\\\/#organization\"},\"alternateName\":\"Centre de Pastoral Lit\u00fargica\",\"potentialAction\":[{\"@type\":\"SearchAction\",\"target\":{\"@type\":\"EntryPoint\",\"urlTemplate\":\"https:\\\/\\\/www.cpl.es\\\/?s={search_term_string}\"},\"query-input\":{\"@type\":\"PropertyValueSpecification\",\"valueRequired\":true,\"valueName\":\"search_term_string\"}}],\"inLanguage\":\"ca\"},{\"@type\":\"Organization\",\"@id\":\"https:\\\/\\\/www.cpl.es\\\/#organization\",\"name\":\"Centre de Pastoral Lit\u00fargica\",\"alternateName\":\"Centre de Pastoral Lit\u00fargica de Barcelona\",\"url\":\"https:\\\/\\\/www.cpl.es\\\/\",\"logo\":{\"@type\":\"ImageObject\",\"inLanguage\":\"ca\",\"@id\":\"https:\\\/\\\/www.cpl.es\\\/#\\\/schema\\\/logo\\\/image\\\/\",\"url\":\"https:\\\/\\\/www.cpl.es\\\/wp-content\\\/uploads\\\/logo-cpl.svg\",\"contentUrl\":\"https:\\\/\\\/www.cpl.es\\\/wp-content\\\/uploads\\\/logo-cpl.svg\",\"caption\":\"Centre de Pastoral Lit\u00fargica\"},\"image\":{\"@id\":\"https:\\\/\\\/www.cpl.es\\\/#\\\/schema\\\/logo\\\/image\\\/\"}}]}<\/script>\n<!-- \/ Yoast SEO plugin. -->","yoast_head_json":{"title":"Los libros lit\u00fargicos del rito romano. Una gu\u00eda para el estudio de su tipolog\u00eda e historia - CPL","robots":{"index":"index","follow":"follow","max-snippet":"max-snippet:-1","max-image-preview":"max-image-preview:large","max-video-preview":"max-video-preview:-1"},"canonical":"https:\/\/www.cpl.es\/producto\/los-libros-liturgicos-del-rito-romano-una-guia-para-el-estudio-de-su-tipologia-e-historia-9788491655817\/","og_locale":"ca_ES","og_type":"article","og_title":"Los libros lit\u00fargicos del rito romano. Una gu\u00eda para el estudio de su tipolog\u00eda e historia - CPL","og_description":"Folsom, Cassian O.S.B.","og_url":"https:\/\/www.cpl.es\/producto\/los-libros-liturgicos-del-rito-romano-una-guia-para-el-estudio-de-su-tipologia-e-historia-9788491655817\/","og_site_name":"CPL","article_modified_time":"2025-10-03T09:10:22+00:00","og_image":[{"width":280,"height":443,"url":"https:\/\/www.cpl.es\/wp-content\/uploads\/111068.jpg","type":"image\/jpeg"}],"twitter_card":"summary_large_image","twitter_misc":{"Temps estimat de lectura":"2 minuts"},"schema":{"@context":"https:\/\/schema.org","@graph":[{"@type":"WebPage","@id":"https:\/\/www.cpl.es\/producto\/los-libros-liturgicos-del-rito-romano-una-guia-para-el-estudio-de-su-tipologia-e-historia-9788491655817\/","url":"https:\/\/www.cpl.es\/producto\/los-libros-liturgicos-del-rito-romano-una-guia-para-el-estudio-de-su-tipologia-e-historia-9788491655817\/","name":"Los libros lit\u00fargicos del rito romano. Una gu\u00eda para el estudio de su tipolog\u00eda e historia - CPL","isPartOf":{"@id":"https:\/\/www.cpl.es\/#website"},"primaryImageOfPage":{"@id":"https:\/\/www.cpl.es\/producto\/los-libros-liturgicos-del-rito-romano-una-guia-para-el-estudio-de-su-tipologia-e-historia-9788491655817\/#primaryimage"},"image":{"@id":"https:\/\/www.cpl.es\/producto\/los-libros-liturgicos-del-rito-romano-una-guia-para-el-estudio-de-su-tipologia-e-historia-9788491655817\/#primaryimage"},"thumbnailUrl":"https:\/\/www.cpl.es\/wp-content\/uploads\/111068.jpg","datePublished":"2023-10-03T22:42:22+00:00","dateModified":"2025-10-03T09:10:22+00:00","breadcrumb":{"@id":"https:\/\/www.cpl.es\/producto\/los-libros-liturgicos-del-rito-romano-una-guia-para-el-estudio-de-su-tipologia-e-historia-9788491655817\/#breadcrumb"},"inLanguage":"ca","potentialAction":[{"@type":"ReadAction","target":["https:\/\/www.cpl.es\/producto\/los-libros-liturgicos-del-rito-romano-una-guia-para-el-estudio-de-su-tipologia-e-historia-9788491655817\/"]}]},{"@type":"ImageObject","inLanguage":"ca","@id":"https:\/\/www.cpl.es\/producto\/los-libros-liturgicos-del-rito-romano-una-guia-para-el-estudio-de-su-tipologia-e-historia-9788491655817\/#primaryimage","url":"https:\/\/www.cpl.es\/wp-content\/uploads\/111068.jpg","contentUrl":"https:\/\/www.cpl.es\/wp-content\/uploads\/111068.jpg","width":280,"height":443,"caption":"111068.jpg"},{"@type":"BreadcrumbList","@id":"https:\/\/www.cpl.es\/producto\/los-libros-liturgicos-del-rito-romano-una-guia-para-el-estudio-de-su-tipologia-e-historia-9788491655817\/#breadcrumb","itemListElement":[{"@type":"ListItem","position":1,"name":"Portada","item":"https:\/\/www.cpl.es\/ca\/"},{"@type":"ListItem","position":2,"name":"Cat\u00e0leg","item":"https:\/\/www.cpl.es\/ca\/cataleg\/"},{"@type":"ListItem","position":3,"name":"Los libros lit\u00fargicos del rito romano. Una gu\u00eda para el estudio de su tipolog\u00eda e historia"}]},{"@type":"WebSite","@id":"https:\/\/www.cpl.es\/#website","url":"https:\/\/www.cpl.es\/","name":"CPL","description":"Centre de Pastoral Lit\u00fargica de Barcelona","publisher":{"@id":"https:\/\/www.cpl.es\/#organization"},"alternateName":"Centre de Pastoral Lit\u00fargica","potentialAction":[{"@type":"SearchAction","target":{"@type":"EntryPoint","urlTemplate":"https:\/\/www.cpl.es\/?s={search_term_string}"},"query-input":{"@type":"PropertyValueSpecification","valueRequired":true,"valueName":"search_term_string"}}],"inLanguage":"ca"},{"@type":"Organization","@id":"https:\/\/www.cpl.es\/#organization","name":"Centre de Pastoral Lit\u00fargica","alternateName":"Centre de Pastoral Lit\u00fargica de Barcelona","url":"https:\/\/www.cpl.es\/","logo":{"@type":"ImageObject","inLanguage":"ca","@id":"https:\/\/www.cpl.es\/#\/schema\/logo\/image\/","url":"https:\/\/www.cpl.es\/wp-content\/uploads\/logo-cpl.svg","contentUrl":"https:\/\/www.cpl.es\/wp-content\/uploads\/logo-cpl.svg","caption":"Centre de Pastoral Lit\u00fargica"},"image":{"@id":"https:\/\/www.cpl.es\/#\/schema\/logo\/image\/"}}]}},"_links":{"self":[{"href":"https:\/\/www.cpl.es\/ca\/wp-json\/wp\/v2\/product\/533","targetHints":{"allow":["GET"]}}],"collection":[{"href":"https:\/\/www.cpl.es\/ca\/wp-json\/wp\/v2\/product"}],"about":[{"href":"https:\/\/www.cpl.es\/ca\/wp-json\/wp\/v2\/types\/product"}],"wp:featuredmedia":[{"embeddable":true,"href":"https:\/\/www.cpl.es\/ca\/wp-json\/wp\/v2\/media\/534"}],"wp:attachment":[{"href":"https:\/\/www.cpl.es\/ca\/wp-json\/wp\/v2\/media?parent=533"}],"wp:term":[{"taxonomy":"product_brand","embeddable":true,"href":"https:\/\/www.cpl.es\/ca\/wp-json\/wp\/v2\/product_brand?post=533"},{"taxonomy":"product_cat","embeddable":true,"href":"https:\/\/www.cpl.es\/ca\/wp-json\/wp\/v2\/product_cat?post=533"},{"taxonomy":"product_tag","embeddable":true,"href":"https:\/\/www.cpl.es\/ca\/wp-json\/wp\/v2\/product_tag?post=533"}],"curies":[{"name":"wp","href":"https:\/\/api.w.org\/{rel}","templated":true}]}}