{"id":5229,"date":"2023-10-04T02:57:29","date_gmt":"2023-10-04T00:57:29","guid":{"rendered":"https:\/\/nuevaweb.cpl.es\/producto\/confirmacio-i-primera-comunio-9788474676914\/"},"modified":"2026-01-07T09:12:51","modified_gmt":"2026-01-07T08:12:51","slug":"confirmacio-i-primera-comunio-9788474676914","status":"publish","type":"product","link":"https:\/\/www.cpl.es\/ca\/producto\/confirmacio-i-primera-comunio-9788474676914\/","title":{"rendered":"Confirmaci\u00f3 i Primera Comuni\u00f3"},"content":{"rendered":"<p>El problema \u00e9s com realitzar de manera \u00e0gil aquestes celebracions. Aquesta \u00e9s la intenci\u00f3 d'aquest llibre. Oferir ampli material, molt concret, alhora que tamb\u00e9 imaginatiu. Inclou els textos b\u00e0sics del Ritual, per facilitar-ne l'\u00fas. Tamb\u00e9: monicions, preg\u00e0ries dels fidels, suggeriments per als cants, etc. de manera que es pugui utilitzar sense complicacions en les diverses circumst\u00e0ncies. S'inclou amb el llibre un disquet (per a PC o Mac). Amb tot el text. Com un mitj\u00e0 f\u00e1cil per preparar cada celebraci\u00f3.<\/p>\n","protected":false},"excerpt":{"rendered":"<p>Lligadas Vendrell, Josep; i altres<\/p>\n","protected":false},"featured_media":5230,"template":"","meta":{"_acf_changed":false,"inline_featured_image":false},"product_brand":[],"product_cat":[136,75,137,138,139],"product_tag":[],"class_list":{"0":"post-5229","1":"product","2":"type-product","3":"status-publish","4":"has-post-thumbnail","6":"product_cat-confirmacio","7":"product_cat-dossiers-cpl-colleccions-catala","8":"product_cat-eucaristia-sagraments-per-temes","9":"product_cat-penitencia-reconciliacio","10":"product_cat-uncio-dels-malalts","12":"first","13":"instock","14":"taxable","15":"shipping-taxable","16":"purchasable","17":"product-type-simple"},"acf":{"autor":"Lligadas Vendrell, Josep; i altres","codart":"201088","ediciones":"1","encuadernacion":"R\u00fastica","fecha_de_publicacion":"01\/02\/2001","novedad":false,"paginas":"168","subtitulo":"Materials i monicions","orden":"999","portada":false,"idioma":"cat","editorial":[{"ID":6736,"post_author":"2","post_date":"2023-10-06 08:35:24","post_date_gmt":"2023-10-06 06:35:24","post_content":"","post_title":"CPL","post_excerpt":"","post_status":"publish","comment_status":"closed","ping_status":"closed","post_password":"","post_name":"cpl","to_ping":"","pinged":"","post_modified":"2023-10-06 08:35:24","post_modified_gmt":"2023-10-06 06:35:24","post_content_filtered":"","post_parent":0,"guid":"https:\/\/nuevaweb.cpl.es\/editorial\/cpl\/","menu_order":0,"post_type":"editorial","post_mime_type":"","comment_count":"0","filter":"raw"}],"coleccion_num":"88"},"yoast_head":"<!-- This site is optimized with the Yoast SEO plugin v27.3 - https:\/\/yoast.com\/product\/yoast-seo-wordpress\/ -->\n<title>Confirmaci\u00f3 i Primera Comuni\u00f3 - CPL<\/title>\n<meta name=\"robots\" content=\"index, follow, max-snippet:-1, max-image-preview:large, max-video-preview:-1\" \/>\n<link rel=\"canonical\" href=\"https:\/\/www.cpl.es\/producto\/confirmacio-i-primera-comunio-9788474676914\/\" \/>\n<meta property=\"og:locale\" content=\"ca_ES\" \/>\n<meta property=\"og:type\" content=\"article\" \/>\n<meta property=\"og:title\" content=\"Confirmaci\u00f3 i Primera Comuni\u00f3 - CPL\" \/>\n<meta property=\"og:description\" content=\"Lligadas Vendrell, Josep; i altres\" \/>\n<meta property=\"og:url\" content=\"https:\/\/www.cpl.es\/producto\/confirmacio-i-primera-comunio-9788474676914\/\" \/>\n<meta property=\"og:site_name\" content=\"CPL\" \/>\n<meta property=\"article:modified_time\" content=\"2026-01-07T08:12:51+00:00\" \/>\n<meta property=\"og:image\" content=\"https:\/\/www.cpl.es\/wp-content\/uploads\/201088.jpg\" \/>\n\t<meta property=\"og:image:width\" content=\"280\" \/>\n\t<meta property=\"og:image:height\" content=\"384\" \/>\n\t<meta property=\"og:image:type\" content=\"image\/jpeg\" \/>\n<meta name=\"twitter:card\" content=\"summary_large_image\" \/>\n<script type=\"application\/ld+json\" class=\"yoast-schema-graph\">{\"@context\":\"https:\\\/\\\/schema.org\",\"@graph\":[{\"@type\":\"WebPage\",\"@id\":\"https:\\\/\\\/www.cpl.es\\\/producto\\\/confirmacio-i-primera-comunio-9788474676914\\\/\",\"url\":\"https:\\\/\\\/www.cpl.es\\\/producto\\\/confirmacio-i-primera-comunio-9788474676914\\\/\",\"name\":\"Confirmaci\u00f3 i Primera Comuni\u00f3 - CPL\",\"isPartOf\":{\"@id\":\"https:\\\/\\\/www.cpl.es\\\/#website\"},\"primaryImageOfPage\":{\"@id\":\"https:\\\/\\\/www.cpl.es\\\/producto\\\/confirmacio-i-primera-comunio-9788474676914\\\/#primaryimage\"},\"image\":{\"@id\":\"https:\\\/\\\/www.cpl.es\\\/producto\\\/confirmacio-i-primera-comunio-9788474676914\\\/#primaryimage\"},\"thumbnailUrl\":\"https:\\\/\\\/www.cpl.es\\\/wp-content\\\/uploads\\\/201088.jpg\",\"datePublished\":\"2023-10-04T00:57:29+00:00\",\"dateModified\":\"2026-01-07T08:12:51+00:00\",\"breadcrumb\":{\"@id\":\"https:\\\/\\\/www.cpl.es\\\/producto\\\/confirmacio-i-primera-comunio-9788474676914\\\/#breadcrumb\"},\"inLanguage\":\"ca\",\"potentialAction\":[{\"@type\":\"ReadAction\",\"target\":[\"https:\\\/\\\/www.cpl.es\\\/producto\\\/confirmacio-i-primera-comunio-9788474676914\\\/\"]}]},{\"@type\":\"ImageObject\",\"inLanguage\":\"ca\",\"@id\":\"https:\\\/\\\/www.cpl.es\\\/producto\\\/confirmacio-i-primera-comunio-9788474676914\\\/#primaryimage\",\"url\":\"https:\\\/\\\/www.cpl.es\\\/wp-content\\\/uploads\\\/201088.jpg\",\"contentUrl\":\"https:\\\/\\\/www.cpl.es\\\/wp-content\\\/uploads\\\/201088.jpg\",\"width\":280,\"height\":384,\"caption\":\"201088.jpg\"},{\"@type\":\"BreadcrumbList\",\"@id\":\"https:\\\/\\\/www.cpl.es\\\/producto\\\/confirmacio-i-primera-comunio-9788474676914\\\/#breadcrumb\",\"itemListElement\":[{\"@type\":\"ListItem\",\"position\":1,\"name\":\"Portada\",\"item\":\"https:\\\/\\\/www.cpl.es\\\/ca\\\/\"},{\"@type\":\"ListItem\",\"position\":2,\"name\":\"Cat\u00e0leg\",\"item\":\"https:\\\/\\\/www.cpl.es\\\/ca\\\/cataleg\\\/\"},{\"@type\":\"ListItem\",\"position\":3,\"name\":\"Confirmaci\u00f3 i Primera Comuni\u00f3\"}]},{\"@type\":\"WebSite\",\"@id\":\"https:\\\/\\\/www.cpl.es\\\/#website\",\"url\":\"https:\\\/\\\/www.cpl.es\\\/\",\"name\":\"CPL\",\"description\":\"Centre de Pastoral Lit\u00fargica de Barcelona\",\"publisher\":{\"@id\":\"https:\\\/\\\/www.cpl.es\\\/#organization\"},\"alternateName\":\"Centre de Pastoral Lit\u00fargica\",\"potentialAction\":[{\"@type\":\"SearchAction\",\"target\":{\"@type\":\"EntryPoint\",\"urlTemplate\":\"https:\\\/\\\/www.cpl.es\\\/?s={search_term_string}\"},\"query-input\":{\"@type\":\"PropertyValueSpecification\",\"valueRequired\":true,\"valueName\":\"search_term_string\"}}],\"inLanguage\":\"ca\"},{\"@type\":\"Organization\",\"@id\":\"https:\\\/\\\/www.cpl.es\\\/#organization\",\"name\":\"Centre de Pastoral Lit\u00fargica\",\"alternateName\":\"Centre de Pastoral Lit\u00fargica de Barcelona\",\"url\":\"https:\\\/\\\/www.cpl.es\\\/\",\"logo\":{\"@type\":\"ImageObject\",\"inLanguage\":\"ca\",\"@id\":\"https:\\\/\\\/www.cpl.es\\\/#\\\/schema\\\/logo\\\/image\\\/\",\"url\":\"https:\\\/\\\/www.cpl.es\\\/wp-content\\\/uploads\\\/logo-cpl.svg\",\"contentUrl\":\"https:\\\/\\\/www.cpl.es\\\/wp-content\\\/uploads\\\/logo-cpl.svg\",\"caption\":\"Centre de Pastoral Lit\u00fargica\"},\"image\":{\"@id\":\"https:\\\/\\\/www.cpl.es\\\/#\\\/schema\\\/logo\\\/image\\\/\"}}]}<\/script>\n<!-- \/ Yoast SEO plugin. -->","yoast_head_json":{"title":"Confirmaci\u00f3 i Primera Comuni\u00f3 - CPL","robots":{"index":"index","follow":"follow","max-snippet":"max-snippet:-1","max-image-preview":"max-image-preview:large","max-video-preview":"max-video-preview:-1"},"canonical":"https:\/\/www.cpl.es\/producto\/confirmacio-i-primera-comunio-9788474676914\/","og_locale":"ca_ES","og_type":"article","og_title":"Confirmaci\u00f3 i Primera Comuni\u00f3 - CPL","og_description":"Lligadas Vendrell, Josep; i altres","og_url":"https:\/\/www.cpl.es\/producto\/confirmacio-i-primera-comunio-9788474676914\/","og_site_name":"CPL","article_modified_time":"2026-01-07T08:12:51+00:00","og_image":[{"width":280,"height":384,"url":"https:\/\/www.cpl.es\/wp-content\/uploads\/201088.jpg","type":"image\/jpeg"}],"twitter_card":"summary_large_image","schema":{"@context":"https:\/\/schema.org","@graph":[{"@type":"WebPage","@id":"https:\/\/www.cpl.es\/producto\/confirmacio-i-primera-comunio-9788474676914\/","url":"https:\/\/www.cpl.es\/producto\/confirmacio-i-primera-comunio-9788474676914\/","name":"Confirmaci\u00f3 i Primera Comuni\u00f3 - CPL","isPartOf":{"@id":"https:\/\/www.cpl.es\/#website"},"primaryImageOfPage":{"@id":"https:\/\/www.cpl.es\/producto\/confirmacio-i-primera-comunio-9788474676914\/#primaryimage"},"image":{"@id":"https:\/\/www.cpl.es\/producto\/confirmacio-i-primera-comunio-9788474676914\/#primaryimage"},"thumbnailUrl":"https:\/\/www.cpl.es\/wp-content\/uploads\/201088.jpg","datePublished":"2023-10-04T00:57:29+00:00","dateModified":"2026-01-07T08:12:51+00:00","breadcrumb":{"@id":"https:\/\/www.cpl.es\/producto\/confirmacio-i-primera-comunio-9788474676914\/#breadcrumb"},"inLanguage":"ca","potentialAction":[{"@type":"ReadAction","target":["https:\/\/www.cpl.es\/producto\/confirmacio-i-primera-comunio-9788474676914\/"]}]},{"@type":"ImageObject","inLanguage":"ca","@id":"https:\/\/www.cpl.es\/producto\/confirmacio-i-primera-comunio-9788474676914\/#primaryimage","url":"https:\/\/www.cpl.es\/wp-content\/uploads\/201088.jpg","contentUrl":"https:\/\/www.cpl.es\/wp-content\/uploads\/201088.jpg","width":280,"height":384,"caption":"201088.jpg"},{"@type":"BreadcrumbList","@id":"https:\/\/www.cpl.es\/producto\/confirmacio-i-primera-comunio-9788474676914\/#breadcrumb","itemListElement":[{"@type":"ListItem","position":1,"name":"Portada","item":"https:\/\/www.cpl.es\/ca\/"},{"@type":"ListItem","position":2,"name":"Cat\u00e0leg","item":"https:\/\/www.cpl.es\/ca\/cataleg\/"},{"@type":"ListItem","position":3,"name":"Confirmaci\u00f3 i Primera Comuni\u00f3"}]},{"@type":"WebSite","@id":"https:\/\/www.cpl.es\/#website","url":"https:\/\/www.cpl.es\/","name":"CPL","description":"Centre de Pastoral Lit\u00fargica de Barcelona","publisher":{"@id":"https:\/\/www.cpl.es\/#organization"},"alternateName":"Centre de Pastoral Lit\u00fargica","potentialAction":[{"@type":"SearchAction","target":{"@type":"EntryPoint","urlTemplate":"https:\/\/www.cpl.es\/?s={search_term_string}"},"query-input":{"@type":"PropertyValueSpecification","valueRequired":true,"valueName":"search_term_string"}}],"inLanguage":"ca"},{"@type":"Organization","@id":"https:\/\/www.cpl.es\/#organization","name":"Centre de Pastoral Lit\u00fargica","alternateName":"Centre de Pastoral Lit\u00fargica de Barcelona","url":"https:\/\/www.cpl.es\/","logo":{"@type":"ImageObject","inLanguage":"ca","@id":"https:\/\/www.cpl.es\/#\/schema\/logo\/image\/","url":"https:\/\/www.cpl.es\/wp-content\/uploads\/logo-cpl.svg","contentUrl":"https:\/\/www.cpl.es\/wp-content\/uploads\/logo-cpl.svg","caption":"Centre de Pastoral Lit\u00fargica"},"image":{"@id":"https:\/\/www.cpl.es\/#\/schema\/logo\/image\/"}}]}},"_links":{"self":[{"href":"https:\/\/www.cpl.es\/ca\/wp-json\/wp\/v2\/product\/5229","targetHints":{"allow":["GET"]}}],"collection":[{"href":"https:\/\/www.cpl.es\/ca\/wp-json\/wp\/v2\/product"}],"about":[{"href":"https:\/\/www.cpl.es\/ca\/wp-json\/wp\/v2\/types\/product"}],"wp:featuredmedia":[{"embeddable":true,"href":"https:\/\/www.cpl.es\/ca\/wp-json\/wp\/v2\/media\/5230"}],"wp:attachment":[{"href":"https:\/\/www.cpl.es\/ca\/wp-json\/wp\/v2\/media?parent=5229"}],"wp:term":[{"taxonomy":"product_brand","embeddable":true,"href":"https:\/\/www.cpl.es\/ca\/wp-json\/wp\/v2\/product_brand?post=5229"},{"taxonomy":"product_cat","embeddable":true,"href":"https:\/\/www.cpl.es\/ca\/wp-json\/wp\/v2\/product_cat?post=5229"},{"taxonomy":"product_tag","embeddable":true,"href":"https:\/\/www.cpl.es\/ca\/wp-json\/wp\/v2\/product_tag?post=5229"}],"curies":[{"name":"wp","href":"https:\/\/api.w.org\/{rel}","templated":true}]}}