{"id":5025,"date":"2023-10-04T02:52:21","date_gmt":"2023-10-04T00:52:21","guid":{"rendered":"https:\/\/nuevaweb.cpl.es\/producto\/ambientar-una-iglesia-9788474677980\/"},"modified":"2023-12-05T13:54:51","modified_gmt":"2023-12-05T12:54:51","slug":"ambientar-una-iglesia-9788474677980","status":"publish","type":"product","link":"https:\/\/www.cpl.es\/ca\/producto\/ambientar-una-iglesia-9788474677980\/","title":{"rendered":"Ambientar una iglesia"},"content":{"rendered":"<p>Todos solemos gustar de tener nuestra casa bien arreglada. La pregunta es: \u00bfy la casa del pueblo cristiano, nuestras iglesias? \u00bfNo padecemos un d\u00e9ficit de adecuado cuidado para que sean acogedoras, ayuden a orar lo que en ellas celebramos? Pr\u00f3ximamente en esta colecci\u00f3n se explicar\u00e1 el sentido lit\u00fargico de cada lugar de la iglesia. Ahora, m\u00e1s modestamente, se ofrecen pistas para su buen cuidado. Porque los detalles son importantes. Incluso, por ejemplo, c\u00f3mo conviene situar los cirios o arreglar las flores.<\/p>\n","protected":false},"excerpt":{"rendered":"<p>Raya Ibar, Francisco Ferm\u00edn<\/p>\n","protected":false},"featured_media":5026,"template":"","meta":{"_acf_changed":false,"inline_featured_image":false},"product_brand":[],"product_cat":[124,166,71,52],"product_tag":[],"class_list":{"0":"post-5025","1":"product","2":"type-product","3":"status-publish","4":"has-post-thumbnail","6":"product_cat-el-espacio-celebrativo","7":"product_cat-lespai-celebratiu-celebracio-de-la-missa-per-temes","8":"product_cat-liturgia-basica-colleccions-catala","9":"product_cat-liturgia-basica","11":"first","12":"instock","13":"taxable","14":"shipping-taxable","15":"purchasable","16":"product-type-simple"},"acf":{"autor":"Raya Ibar, Francisco Ferm\u00edn","codart":"116006","ediciones":"1","encuadernacion":"R\u00fastica","fecha_de_publicacion":"01\/01\/2002","novedad":false,"paginas":"24","subtitulo":"","orden":"999","portada":false,"idioma":"spa","editorial":[{"ID":6736,"post_author":"2","post_date":"2023-10-06 08:35:24","post_date_gmt":"2023-10-06 06:35:24","post_content":"","post_title":"CPL","post_excerpt":"","post_status":"publish","comment_status":"closed","ping_status":"closed","post_password":"","post_name":"cpl","to_ping":"","pinged":"","post_modified":"2023-10-06 08:35:24","post_modified_gmt":"2023-10-06 06:35:24","post_content_filtered":"","post_parent":0,"guid":"https:\/\/nuevaweb.cpl.es\/editorial\/cpl\/","menu_order":0,"post_type":"editorial","post_mime_type":"","comment_count":"0","filter":"raw"}]},"yoast_head":"<!-- This site is optimized with the Yoast SEO plugin v27.3 - https:\/\/yoast.com\/product\/yoast-seo-wordpress\/ -->\n<title>Ambientar una iglesia - CPL<\/title>\n<meta name=\"robots\" content=\"index, follow, max-snippet:-1, max-image-preview:large, max-video-preview:-1\" \/>\n<link rel=\"canonical\" href=\"https:\/\/www.cpl.es\/ca\/producto\/ambientar-una-iglesia-9788474677980\/\" \/>\n<meta property=\"og:locale\" content=\"ca_ES\" \/>\n<meta property=\"og:type\" content=\"article\" \/>\n<meta property=\"og:title\" content=\"Ambientar una iglesia - CPL\" \/>\n<meta property=\"og:description\" content=\"Raya Ibar, Francisco Ferm\u00edn\" \/>\n<meta property=\"og:url\" content=\"https:\/\/www.cpl.es\/ca\/producto\/ambientar-una-iglesia-9788474677980\/\" \/>\n<meta property=\"og:site_name\" content=\"CPL\" \/>\n<meta property=\"article:modified_time\" content=\"2023-12-05T12:54:51+00:00\" \/>\n<meta property=\"og:image\" content=\"https:\/\/www.cpl.es\/wp-content\/uploads\/116006.jpg\" \/>\n\t<meta property=\"og:image:width\" content=\"217\" \/>\n\t<meta property=\"og:image:height\" content=\"232\" \/>\n\t<meta property=\"og:image:type\" content=\"image\/jpeg\" \/>\n<meta name=\"twitter:card\" content=\"summary_large_image\" \/>\n<script type=\"application\/ld+json\" class=\"yoast-schema-graph\">{\"@context\":\"https:\\\/\\\/schema.org\",\"@graph\":[{\"@type\":\"WebPage\",\"@id\":\"https:\\\/\\\/www.cpl.es\\\/ca\\\/producto\\\/ambientar-una-iglesia-9788474677980\\\/\",\"url\":\"https:\\\/\\\/www.cpl.es\\\/ca\\\/producto\\\/ambientar-una-iglesia-9788474677980\\\/\",\"name\":\"Ambientar una iglesia - CPL\",\"isPartOf\":{\"@id\":\"https:\\\/\\\/www.cpl.es\\\/#website\"},\"primaryImageOfPage\":{\"@id\":\"https:\\\/\\\/www.cpl.es\\\/ca\\\/producto\\\/ambientar-una-iglesia-9788474677980\\\/#primaryimage\"},\"image\":{\"@id\":\"https:\\\/\\\/www.cpl.es\\\/ca\\\/producto\\\/ambientar-una-iglesia-9788474677980\\\/#primaryimage\"},\"thumbnailUrl\":\"https:\\\/\\\/www.cpl.es\\\/wp-content\\\/uploads\\\/116006.jpg\",\"datePublished\":\"2023-10-04T00:52:21+00:00\",\"dateModified\":\"2023-12-05T12:54:51+00:00\",\"breadcrumb\":{\"@id\":\"https:\\\/\\\/www.cpl.es\\\/ca\\\/producto\\\/ambientar-una-iglesia-9788474677980\\\/#breadcrumb\"},\"inLanguage\":\"ca\",\"potentialAction\":[{\"@type\":\"ReadAction\",\"target\":[\"https:\\\/\\\/www.cpl.es\\\/ca\\\/producto\\\/ambientar-una-iglesia-9788474677980\\\/\"]}]},{\"@type\":\"ImageObject\",\"inLanguage\":\"ca\",\"@id\":\"https:\\\/\\\/www.cpl.es\\\/ca\\\/producto\\\/ambientar-una-iglesia-9788474677980\\\/#primaryimage\",\"url\":\"https:\\\/\\\/www.cpl.es\\\/wp-content\\\/uploads\\\/116006.jpg\",\"contentUrl\":\"https:\\\/\\\/www.cpl.es\\\/wp-content\\\/uploads\\\/116006.jpg\",\"width\":217,\"height\":232,\"caption\":\"116006.jpg\"},{\"@type\":\"BreadcrumbList\",\"@id\":\"https:\\\/\\\/www.cpl.es\\\/ca\\\/producto\\\/ambientar-una-iglesia-9788474677980\\\/#breadcrumb\",\"itemListElement\":[{\"@type\":\"ListItem\",\"position\":1,\"name\":\"Portada\",\"item\":\"https:\\\/\\\/www.cpl.es\\\/ca\\\/\"},{\"@type\":\"ListItem\",\"position\":2,\"name\":\"Cat\u00e0leg\",\"item\":\"https:\\\/\\\/www.cpl.es\\\/ca\\\/cataleg\\\/\"},{\"@type\":\"ListItem\",\"position\":3,\"name\":\"Ambientar una iglesia\"}]},{\"@type\":\"WebSite\",\"@id\":\"https:\\\/\\\/www.cpl.es\\\/#website\",\"url\":\"https:\\\/\\\/www.cpl.es\\\/\",\"name\":\"CPL\",\"description\":\"Centre de Pastoral Lit\u00fargica de Barcelona\",\"publisher\":{\"@id\":\"https:\\\/\\\/www.cpl.es\\\/#organization\"},\"alternateName\":\"Centre de Pastoral Lit\u00fargica\",\"potentialAction\":[{\"@type\":\"SearchAction\",\"target\":{\"@type\":\"EntryPoint\",\"urlTemplate\":\"https:\\\/\\\/www.cpl.es\\\/?s={search_term_string}\"},\"query-input\":{\"@type\":\"PropertyValueSpecification\",\"valueRequired\":true,\"valueName\":\"search_term_string\"}}],\"inLanguage\":\"ca\"},{\"@type\":\"Organization\",\"@id\":\"https:\\\/\\\/www.cpl.es\\\/#organization\",\"name\":\"Centre de Pastoral Lit\u00fargica\",\"alternateName\":\"Centre de Pastoral Lit\u00fargica de Barcelona\",\"url\":\"https:\\\/\\\/www.cpl.es\\\/\",\"logo\":{\"@type\":\"ImageObject\",\"inLanguage\":\"ca\",\"@id\":\"https:\\\/\\\/www.cpl.es\\\/#\\\/schema\\\/logo\\\/image\\\/\",\"url\":\"https:\\\/\\\/www.cpl.es\\\/wp-content\\\/uploads\\\/logo-cpl.svg\",\"contentUrl\":\"https:\\\/\\\/www.cpl.es\\\/wp-content\\\/uploads\\\/logo-cpl.svg\",\"caption\":\"Centre de Pastoral Lit\u00fargica\"},\"image\":{\"@id\":\"https:\\\/\\\/www.cpl.es\\\/#\\\/schema\\\/logo\\\/image\\\/\"}}]}<\/script>\n<!-- \/ Yoast SEO plugin. -->","yoast_head_json":{"title":"Ambientar una iglesia - CPL","robots":{"index":"index","follow":"follow","max-snippet":"max-snippet:-1","max-image-preview":"max-image-preview:large","max-video-preview":"max-video-preview:-1"},"canonical":"https:\/\/www.cpl.es\/ca\/producto\/ambientar-una-iglesia-9788474677980\/","og_locale":"ca_ES","og_type":"article","og_title":"Ambientar una iglesia - CPL","og_description":"Raya Ibar, Francisco Ferm\u00edn","og_url":"https:\/\/www.cpl.es\/ca\/producto\/ambientar-una-iglesia-9788474677980\/","og_site_name":"CPL","article_modified_time":"2023-12-05T12:54:51+00:00","og_image":[{"width":217,"height":232,"url":"https:\/\/www.cpl.es\/wp-content\/uploads\/116006.jpg","type":"image\/jpeg"}],"twitter_card":"summary_large_image","schema":{"@context":"https:\/\/schema.org","@graph":[{"@type":"WebPage","@id":"https:\/\/www.cpl.es\/ca\/producto\/ambientar-una-iglesia-9788474677980\/","url":"https:\/\/www.cpl.es\/ca\/producto\/ambientar-una-iglesia-9788474677980\/","name":"Ambientar una iglesia - CPL","isPartOf":{"@id":"https:\/\/www.cpl.es\/#website"},"primaryImageOfPage":{"@id":"https:\/\/www.cpl.es\/ca\/producto\/ambientar-una-iglesia-9788474677980\/#primaryimage"},"image":{"@id":"https:\/\/www.cpl.es\/ca\/producto\/ambientar-una-iglesia-9788474677980\/#primaryimage"},"thumbnailUrl":"https:\/\/www.cpl.es\/wp-content\/uploads\/116006.jpg","datePublished":"2023-10-04T00:52:21+00:00","dateModified":"2023-12-05T12:54:51+00:00","breadcrumb":{"@id":"https:\/\/www.cpl.es\/ca\/producto\/ambientar-una-iglesia-9788474677980\/#breadcrumb"},"inLanguage":"ca","potentialAction":[{"@type":"ReadAction","target":["https:\/\/www.cpl.es\/ca\/producto\/ambientar-una-iglesia-9788474677980\/"]}]},{"@type":"ImageObject","inLanguage":"ca","@id":"https:\/\/www.cpl.es\/ca\/producto\/ambientar-una-iglesia-9788474677980\/#primaryimage","url":"https:\/\/www.cpl.es\/wp-content\/uploads\/116006.jpg","contentUrl":"https:\/\/www.cpl.es\/wp-content\/uploads\/116006.jpg","width":217,"height":232,"caption":"116006.jpg"},{"@type":"BreadcrumbList","@id":"https:\/\/www.cpl.es\/ca\/producto\/ambientar-una-iglesia-9788474677980\/#breadcrumb","itemListElement":[{"@type":"ListItem","position":1,"name":"Portada","item":"https:\/\/www.cpl.es\/ca\/"},{"@type":"ListItem","position":2,"name":"Cat\u00e0leg","item":"https:\/\/www.cpl.es\/ca\/cataleg\/"},{"@type":"ListItem","position":3,"name":"Ambientar una iglesia"}]},{"@type":"WebSite","@id":"https:\/\/www.cpl.es\/#website","url":"https:\/\/www.cpl.es\/","name":"CPL","description":"Centre de Pastoral Lit\u00fargica de Barcelona","publisher":{"@id":"https:\/\/www.cpl.es\/#organization"},"alternateName":"Centre de Pastoral Lit\u00fargica","potentialAction":[{"@type":"SearchAction","target":{"@type":"EntryPoint","urlTemplate":"https:\/\/www.cpl.es\/?s={search_term_string}"},"query-input":{"@type":"PropertyValueSpecification","valueRequired":true,"valueName":"search_term_string"}}],"inLanguage":"ca"},{"@type":"Organization","@id":"https:\/\/www.cpl.es\/#organization","name":"Centre de Pastoral Lit\u00fargica","alternateName":"Centre de Pastoral Lit\u00fargica de Barcelona","url":"https:\/\/www.cpl.es\/","logo":{"@type":"ImageObject","inLanguage":"ca","@id":"https:\/\/www.cpl.es\/#\/schema\/logo\/image\/","url":"https:\/\/www.cpl.es\/wp-content\/uploads\/logo-cpl.svg","contentUrl":"https:\/\/www.cpl.es\/wp-content\/uploads\/logo-cpl.svg","caption":"Centre de Pastoral Lit\u00fargica"},"image":{"@id":"https:\/\/www.cpl.es\/#\/schema\/logo\/image\/"}}]}},"_links":{"self":[{"href":"https:\/\/www.cpl.es\/ca\/wp-json\/wp\/v2\/product\/5025","targetHints":{"allow":["GET"]}}],"collection":[{"href":"https:\/\/www.cpl.es\/ca\/wp-json\/wp\/v2\/product"}],"about":[{"href":"https:\/\/www.cpl.es\/ca\/wp-json\/wp\/v2\/types\/product"}],"wp:featuredmedia":[{"embeddable":true,"href":"https:\/\/www.cpl.es\/ca\/wp-json\/wp\/v2\/media\/5026"}],"wp:attachment":[{"href":"https:\/\/www.cpl.es\/ca\/wp-json\/wp\/v2\/media?parent=5025"}],"wp:term":[{"taxonomy":"product_brand","embeddable":true,"href":"https:\/\/www.cpl.es\/ca\/wp-json\/wp\/v2\/product_brand?post=5025"},{"taxonomy":"product_cat","embeddable":true,"href":"https:\/\/www.cpl.es\/ca\/wp-json\/wp\/v2\/product_cat?post=5025"},{"taxonomy":"product_tag","embeddable":true,"href":"https:\/\/www.cpl.es\/ca\/wp-json\/wp\/v2\/product_tag?post=5025"}],"curies":[{"name":"wp","href":"https:\/\/api.w.org\/{rel}","templated":true}]}}