{"id":4923,"date":"2023-10-04T02:49:53","date_gmt":"2023-10-04T00:49:53","guid":{"rendered":"https:\/\/nuevaweb.cpl.es\/producto\/misa-diaria-en-el-tiempo-ordinario-la-9788474678031\/"},"modified":"2026-01-07T08:58:22","modified_gmt":"2026-01-07T07:58:22","slug":"misa-diaria-en-el-tiempo-ordinario-la-9788474678031","status":"publish","type":"product","link":"https:\/\/www.cpl.es\/ca\/producto\/misa-diaria-en-el-tiempo-ordinario-la-9788474678031\/","title":{"rendered":"Misa diaria en el tiempo ordinario, La"},"content":{"rendered":"<p>Incluye amplio y concreto material para ayudar a la celebraci\u00f3n de la misa diaria en las semanas del tiempo ordinario. F\u00e1cilmente adaptable a cada circunstancia. Por ejemplo, 75 formularios sencillos para la oraci\u00f3n de los fieles, 30 para el acto penitencial, una selecci\u00f3n de oraciones (colecta, ofrendas postcomuni\u00f3n) para facilitar su uso variado, etc. Adjunta un disquete (para PC o Mac).<\/p>\n","protected":false},"excerpt":{"rendered":"<p>Lligadas Vendrell, Josep<\/p>\n","protected":false},"featured_media":4924,"template":"","meta":{"_acf_changed":false,"inline_featured_image":false},"product_brand":[],"product_cat":[80,57,75,44,115,137,164,110],"product_tag":[],"class_list":{"0":"post-4923","1":"product","2":"type-product","3":"status-publish","4":"has-post-thumbnail","6":"product_cat-celebracio-de-la-missa","7":"product_cat-celebracion-de-la-misa","8":"product_cat-dossiers-cpl-colleccions-catala","9":"product_cat-dossiers-cpl","10":"product_cat-eucaristia","11":"product_cat-eucaristia-sagraments-per-temes","12":"product_cat-temps-de-durant-lany-any-liturgic-per-temes","13":"product_cat-tiempo-ordinario","15":"first","16":"instock","17":"taxable","18":"shipping-taxable","19":"purchasable","20":"product-type-simple"},"acf":{"autor":"Lligadas Vendrell, Josep","codart":"101093","ediciones":"1","encuadernacion":"R\u00fastica","fecha_de_publicacion":"22\/05\/2002","novedad":false,"paginas":"144","subtitulo":"Sugerencias y materiales","orden":"999","portada":false,"idioma":"spa","editorial":[{"ID":6736,"post_author":"2","post_date":"2023-10-06 08:35:24","post_date_gmt":"2023-10-06 06:35:24","post_content":"","post_title":"CPL","post_excerpt":"","post_status":"publish","comment_status":"closed","ping_status":"closed","post_password":"","post_name":"cpl","to_ping":"","pinged":"","post_modified":"2023-10-06 08:35:24","post_modified_gmt":"2023-10-06 06:35:24","post_content_filtered":"","post_parent":0,"guid":"https:\/\/nuevaweb.cpl.es\/editorial\/cpl\/","menu_order":0,"post_type":"editorial","post_mime_type":"","comment_count":"0","filter":"raw"}],"coleccion_num":"93"},"yoast_head":"<!-- This site is optimized with the Yoast SEO plugin v27.3 - https:\/\/yoast.com\/product\/yoast-seo-wordpress\/ -->\n<title>Misa diaria en el tiempo ordinario, La - CPL<\/title>\n<meta name=\"robots\" content=\"index, follow, max-snippet:-1, max-image-preview:large, max-video-preview:-1\" \/>\n<link rel=\"canonical\" href=\"https:\/\/www.cpl.es\/producto\/misa-diaria-en-el-tiempo-ordinario-la-9788474678031\/\" \/>\n<meta property=\"og:locale\" content=\"ca_ES\" \/>\n<meta property=\"og:type\" content=\"article\" \/>\n<meta property=\"og:title\" content=\"Misa diaria en el tiempo ordinario, La - CPL\" \/>\n<meta property=\"og:description\" content=\"Lligadas Vendrell, Josep\" \/>\n<meta property=\"og:url\" content=\"https:\/\/www.cpl.es\/producto\/misa-diaria-en-el-tiempo-ordinario-la-9788474678031\/\" \/>\n<meta property=\"og:site_name\" content=\"CPL\" \/>\n<meta property=\"article:modified_time\" content=\"2026-01-07T07:58:22+00:00\" \/>\n<meta property=\"og:image\" content=\"https:\/\/www.cpl.es\/wp-content\/uploads\/101093.jpg\" \/>\n\t<meta property=\"og:image:width\" content=\"278\" \/>\n\t<meta property=\"og:image:height\" content=\"401\" \/>\n\t<meta property=\"og:image:type\" content=\"image\/jpeg\" \/>\n<meta name=\"twitter:card\" content=\"summary_large_image\" \/>\n<script type=\"application\/ld+json\" class=\"yoast-schema-graph\">{\"@context\":\"https:\\\/\\\/schema.org\",\"@graph\":[{\"@type\":\"WebPage\",\"@id\":\"https:\\\/\\\/www.cpl.es\\\/producto\\\/misa-diaria-en-el-tiempo-ordinario-la-9788474678031\\\/\",\"url\":\"https:\\\/\\\/www.cpl.es\\\/producto\\\/misa-diaria-en-el-tiempo-ordinario-la-9788474678031\\\/\",\"name\":\"Misa diaria en el tiempo ordinario, La - CPL\",\"isPartOf\":{\"@id\":\"https:\\\/\\\/www.cpl.es\\\/#website\"},\"primaryImageOfPage\":{\"@id\":\"https:\\\/\\\/www.cpl.es\\\/producto\\\/misa-diaria-en-el-tiempo-ordinario-la-9788474678031\\\/#primaryimage\"},\"image\":{\"@id\":\"https:\\\/\\\/www.cpl.es\\\/producto\\\/misa-diaria-en-el-tiempo-ordinario-la-9788474678031\\\/#primaryimage\"},\"thumbnailUrl\":\"https:\\\/\\\/www.cpl.es\\\/wp-content\\\/uploads\\\/101093.jpg\",\"datePublished\":\"2023-10-04T00:49:53+00:00\",\"dateModified\":\"2026-01-07T07:58:22+00:00\",\"breadcrumb\":{\"@id\":\"https:\\\/\\\/www.cpl.es\\\/producto\\\/misa-diaria-en-el-tiempo-ordinario-la-9788474678031\\\/#breadcrumb\"},\"inLanguage\":\"ca\",\"potentialAction\":[{\"@type\":\"ReadAction\",\"target\":[\"https:\\\/\\\/www.cpl.es\\\/producto\\\/misa-diaria-en-el-tiempo-ordinario-la-9788474678031\\\/\"]}]},{\"@type\":\"ImageObject\",\"inLanguage\":\"ca\",\"@id\":\"https:\\\/\\\/www.cpl.es\\\/producto\\\/misa-diaria-en-el-tiempo-ordinario-la-9788474678031\\\/#primaryimage\",\"url\":\"https:\\\/\\\/www.cpl.es\\\/wp-content\\\/uploads\\\/101093.jpg\",\"contentUrl\":\"https:\\\/\\\/www.cpl.es\\\/wp-content\\\/uploads\\\/101093.jpg\",\"width\":278,\"height\":401,\"caption\":\"101093.jpg\"},{\"@type\":\"BreadcrumbList\",\"@id\":\"https:\\\/\\\/www.cpl.es\\\/producto\\\/misa-diaria-en-el-tiempo-ordinario-la-9788474678031\\\/#breadcrumb\",\"itemListElement\":[{\"@type\":\"ListItem\",\"position\":1,\"name\":\"Portada\",\"item\":\"https:\\\/\\\/www.cpl.es\\\/ca\\\/\"},{\"@type\":\"ListItem\",\"position\":2,\"name\":\"Cat\u00e0leg\",\"item\":\"https:\\\/\\\/www.cpl.es\\\/ca\\\/cataleg\\\/\"},{\"@type\":\"ListItem\",\"position\":3,\"name\":\"Misa diaria en el tiempo ordinario, La\"}]},{\"@type\":\"WebSite\",\"@id\":\"https:\\\/\\\/www.cpl.es\\\/#website\",\"url\":\"https:\\\/\\\/www.cpl.es\\\/\",\"name\":\"CPL\",\"description\":\"Centre de Pastoral Lit\u00fargica de Barcelona\",\"publisher\":{\"@id\":\"https:\\\/\\\/www.cpl.es\\\/#organization\"},\"alternateName\":\"Centre de Pastoral Lit\u00fargica\",\"potentialAction\":[{\"@type\":\"SearchAction\",\"target\":{\"@type\":\"EntryPoint\",\"urlTemplate\":\"https:\\\/\\\/www.cpl.es\\\/?s={search_term_string}\"},\"query-input\":{\"@type\":\"PropertyValueSpecification\",\"valueRequired\":true,\"valueName\":\"search_term_string\"}}],\"inLanguage\":\"ca\"},{\"@type\":\"Organization\",\"@id\":\"https:\\\/\\\/www.cpl.es\\\/#organization\",\"name\":\"Centre de Pastoral Lit\u00fargica\",\"alternateName\":\"Centre de Pastoral Lit\u00fargica de Barcelona\",\"url\":\"https:\\\/\\\/www.cpl.es\\\/\",\"logo\":{\"@type\":\"ImageObject\",\"inLanguage\":\"ca\",\"@id\":\"https:\\\/\\\/www.cpl.es\\\/#\\\/schema\\\/logo\\\/image\\\/\",\"url\":\"https:\\\/\\\/www.cpl.es\\\/wp-content\\\/uploads\\\/logo-cpl.svg\",\"contentUrl\":\"https:\\\/\\\/www.cpl.es\\\/wp-content\\\/uploads\\\/logo-cpl.svg\",\"caption\":\"Centre de Pastoral Lit\u00fargica\"},\"image\":{\"@id\":\"https:\\\/\\\/www.cpl.es\\\/#\\\/schema\\\/logo\\\/image\\\/\"}}]}<\/script>\n<!-- \/ Yoast SEO plugin. -->","yoast_head_json":{"title":"Misa diaria en el tiempo ordinario, La - CPL","robots":{"index":"index","follow":"follow","max-snippet":"max-snippet:-1","max-image-preview":"max-image-preview:large","max-video-preview":"max-video-preview:-1"},"canonical":"https:\/\/www.cpl.es\/producto\/misa-diaria-en-el-tiempo-ordinario-la-9788474678031\/","og_locale":"ca_ES","og_type":"article","og_title":"Misa diaria en el tiempo ordinario, La - CPL","og_description":"Lligadas Vendrell, Josep","og_url":"https:\/\/www.cpl.es\/producto\/misa-diaria-en-el-tiempo-ordinario-la-9788474678031\/","og_site_name":"CPL","article_modified_time":"2026-01-07T07:58:22+00:00","og_image":[{"width":278,"height":401,"url":"https:\/\/www.cpl.es\/wp-content\/uploads\/101093.jpg","type":"image\/jpeg"}],"twitter_card":"summary_large_image","schema":{"@context":"https:\/\/schema.org","@graph":[{"@type":"WebPage","@id":"https:\/\/www.cpl.es\/producto\/misa-diaria-en-el-tiempo-ordinario-la-9788474678031\/","url":"https:\/\/www.cpl.es\/producto\/misa-diaria-en-el-tiempo-ordinario-la-9788474678031\/","name":"Misa diaria en el tiempo ordinario, La - CPL","isPartOf":{"@id":"https:\/\/www.cpl.es\/#website"},"primaryImageOfPage":{"@id":"https:\/\/www.cpl.es\/producto\/misa-diaria-en-el-tiempo-ordinario-la-9788474678031\/#primaryimage"},"image":{"@id":"https:\/\/www.cpl.es\/producto\/misa-diaria-en-el-tiempo-ordinario-la-9788474678031\/#primaryimage"},"thumbnailUrl":"https:\/\/www.cpl.es\/wp-content\/uploads\/101093.jpg","datePublished":"2023-10-04T00:49:53+00:00","dateModified":"2026-01-07T07:58:22+00:00","breadcrumb":{"@id":"https:\/\/www.cpl.es\/producto\/misa-diaria-en-el-tiempo-ordinario-la-9788474678031\/#breadcrumb"},"inLanguage":"ca","potentialAction":[{"@type":"ReadAction","target":["https:\/\/www.cpl.es\/producto\/misa-diaria-en-el-tiempo-ordinario-la-9788474678031\/"]}]},{"@type":"ImageObject","inLanguage":"ca","@id":"https:\/\/www.cpl.es\/producto\/misa-diaria-en-el-tiempo-ordinario-la-9788474678031\/#primaryimage","url":"https:\/\/www.cpl.es\/wp-content\/uploads\/101093.jpg","contentUrl":"https:\/\/www.cpl.es\/wp-content\/uploads\/101093.jpg","width":278,"height":401,"caption":"101093.jpg"},{"@type":"BreadcrumbList","@id":"https:\/\/www.cpl.es\/producto\/misa-diaria-en-el-tiempo-ordinario-la-9788474678031\/#breadcrumb","itemListElement":[{"@type":"ListItem","position":1,"name":"Portada","item":"https:\/\/www.cpl.es\/ca\/"},{"@type":"ListItem","position":2,"name":"Cat\u00e0leg","item":"https:\/\/www.cpl.es\/ca\/cataleg\/"},{"@type":"ListItem","position":3,"name":"Misa diaria en el tiempo ordinario, La"}]},{"@type":"WebSite","@id":"https:\/\/www.cpl.es\/#website","url":"https:\/\/www.cpl.es\/","name":"CPL","description":"Centre de Pastoral Lit\u00fargica de Barcelona","publisher":{"@id":"https:\/\/www.cpl.es\/#organization"},"alternateName":"Centre de Pastoral Lit\u00fargica","potentialAction":[{"@type":"SearchAction","target":{"@type":"EntryPoint","urlTemplate":"https:\/\/www.cpl.es\/?s={search_term_string}"},"query-input":{"@type":"PropertyValueSpecification","valueRequired":true,"valueName":"search_term_string"}}],"inLanguage":"ca"},{"@type":"Organization","@id":"https:\/\/www.cpl.es\/#organization","name":"Centre de Pastoral Lit\u00fargica","alternateName":"Centre de Pastoral Lit\u00fargica de Barcelona","url":"https:\/\/www.cpl.es\/","logo":{"@type":"ImageObject","inLanguage":"ca","@id":"https:\/\/www.cpl.es\/#\/schema\/logo\/image\/","url":"https:\/\/www.cpl.es\/wp-content\/uploads\/logo-cpl.svg","contentUrl":"https:\/\/www.cpl.es\/wp-content\/uploads\/logo-cpl.svg","caption":"Centre de Pastoral Lit\u00fargica"},"image":{"@id":"https:\/\/www.cpl.es\/#\/schema\/logo\/image\/"}}]}},"_links":{"self":[{"href":"https:\/\/www.cpl.es\/ca\/wp-json\/wp\/v2\/product\/4923","targetHints":{"allow":["GET"]}}],"collection":[{"href":"https:\/\/www.cpl.es\/ca\/wp-json\/wp\/v2\/product"}],"about":[{"href":"https:\/\/www.cpl.es\/ca\/wp-json\/wp\/v2\/types\/product"}],"wp:featuredmedia":[{"embeddable":true,"href":"https:\/\/www.cpl.es\/ca\/wp-json\/wp\/v2\/media\/4924"}],"wp:attachment":[{"href":"https:\/\/www.cpl.es\/ca\/wp-json\/wp\/v2\/media?parent=4923"}],"wp:term":[{"taxonomy":"product_brand","embeddable":true,"href":"https:\/\/www.cpl.es\/ca\/wp-json\/wp\/v2\/product_brand?post=4923"},{"taxonomy":"product_cat","embeddable":true,"href":"https:\/\/www.cpl.es\/ca\/wp-json\/wp\/v2\/product_cat?post=4923"},{"taxonomy":"product_tag","embeddable":true,"href":"https:\/\/www.cpl.es\/ca\/wp-json\/wp\/v2\/product_tag?post=4923"}],"curies":[{"name":"wp","href":"https:\/\/api.w.org\/{rel}","templated":true}]}}