{"id":4737,"date":"2023-10-04T02:45:13","date_gmt":"2023-10-04T00:45:13","guid":{"rendered":"https:\/\/nuevaweb.cpl.es\/producto\/gestos-y-simbolos-9788474678840\/"},"modified":"2025-12-24T10:53:02","modified_gmt":"2025-12-24T09:53:02","slug":"gestos-y-simbolos-9788474678840","status":"publish","type":"product","link":"https:\/\/www.cpl.es\/ca\/producto\/gestos-y-simbolos-9788474678840\/","title":{"rendered":"Gestos y s\u00edmbolos"},"content":{"rendered":"<p>Amplia presentaci\u00f3n teol\u00f3gica y pastoral de los gestos y s\u00edmbolos que tejen la liturgia (luz, im\u00e1genes, colores, las manos, el beso, el agua, pan y vino, caminar, escuchar, etc.)<\/p>\n","protected":false},"excerpt":{"rendered":"<p>Aldaz\u00e1bal Larra\u00f1aga, Jos\u00e9<\/p>\n","protected":false},"featured_media":19244,"template":"","meta":{"_acf_changed":false,"inline_featured_image":false},"product_brand":[],"product_cat":[80,57,44,75],"product_tag":[],"class_list":{"0":"post-4737","1":"product","2":"type-product","3":"status-publish","4":"has-post-thumbnail","6":"product_cat-celebracio-de-la-missa","7":"product_cat-celebracion-de-la-misa","8":"product_cat-dossiers-cpl","9":"product_cat-dossiers-cpl-colleccions-catala","11":"first","12":"instock","13":"taxable","14":"shipping-taxable","15":"purchasable","16":"product-type-simple"},"acf":{"autor":"Aldaz\u00e1bal Larra\u00f1aga, Jos\u00e9","codart":"101040","ediciones":"2","encuadernacion":"R\u00fastica","fecha_de_publicacion":"21\/05\/2024","novedad":false,"paginas":"400","subtitulo":"","orden":"999","portada":false,"idioma":"spa","editorial":[{"ID":6736,"post_author":"2","post_date":"2023-10-06 08:35:24","post_date_gmt":"2023-10-06 06:35:24","post_content":"","post_title":"CPL","post_excerpt":"","post_status":"publish","comment_status":"closed","ping_status":"closed","post_password":"","post_name":"cpl","to_ping":"","pinged":"","post_modified":"2023-10-06 08:35:24","post_modified_gmt":"2023-10-06 06:35:24","post_content_filtered":"","post_parent":0,"guid":"https:\/\/nuevaweb.cpl.es\/editorial\/cpl\/","menu_order":0,"post_type":"editorial","post_mime_type":"","comment_count":"0","filter":"raw"}],"coleccion_num":"40"},"yoast_head":"<!-- This site is optimized with the Yoast SEO plugin v27.0 - https:\/\/yoast.com\/product\/yoast-seo-wordpress\/ -->\n<title>Gestos y s\u00edmbolos - CPL<\/title>\n<meta name=\"robots\" content=\"index, follow, max-snippet:-1, max-image-preview:large, max-video-preview:-1\" \/>\n<link rel=\"canonical\" href=\"https:\/\/www.cpl.es\/producto\/gestos-y-simbolos-9788474678840\/\" \/>\n<meta property=\"og:locale\" content=\"ca_ES\" \/>\n<meta property=\"og:type\" content=\"article\" \/>\n<meta property=\"og:title\" content=\"Gestos y s\u00edmbolos - CPL\" \/>\n<meta property=\"og:description\" content=\"Aldaz\u00e1bal Larra\u00f1aga, Jos\u00e9\" \/>\n<meta property=\"og:url\" content=\"https:\/\/www.cpl.es\/producto\/gestos-y-simbolos-9788474678840\/\" \/>\n<meta property=\"og:site_name\" content=\"CPL\" \/>\n<meta property=\"article:modified_time\" content=\"2025-12-24T09:53:02+00:00\" \/>\n<meta property=\"og:image\" content=\"https:\/\/www.cpl.es\/wp-content\/uploads\/101040-1.jpg\" \/>\n\t<meta property=\"og:image:width\" content=\"280\" \/>\n\t<meta property=\"og:image:height\" content=\"388\" \/>\n\t<meta property=\"og:image:type\" content=\"image\/jpeg\" \/>\n<meta name=\"twitter:card\" content=\"summary_large_image\" \/>\n<script type=\"application\/ld+json\" class=\"yoast-schema-graph\">{\"@context\":\"https:\/\/schema.org\",\"@graph\":[{\"@type\":\"WebPage\",\"@id\":\"https:\/\/www.cpl.es\/producto\/gestos-y-simbolos-9788474678840\/\",\"url\":\"https:\/\/www.cpl.es\/producto\/gestos-y-simbolos-9788474678840\/\",\"name\":\"Gestos y s\u00edmbolos - CPL\",\"isPartOf\":{\"@id\":\"https:\/\/www.cpl.es\/#website\"},\"primaryImageOfPage\":{\"@id\":\"https:\/\/www.cpl.es\/producto\/gestos-y-simbolos-9788474678840\/#primaryimage\"},\"image\":{\"@id\":\"https:\/\/www.cpl.es\/producto\/gestos-y-simbolos-9788474678840\/#primaryimage\"},\"thumbnailUrl\":\"https:\/\/www.cpl.es\/wp-content\/uploads\/101040-1.jpg\",\"datePublished\":\"2023-10-04T00:45:13+00:00\",\"dateModified\":\"2025-12-24T09:53:02+00:00\",\"breadcrumb\":{\"@id\":\"https:\/\/www.cpl.es\/producto\/gestos-y-simbolos-9788474678840\/#breadcrumb\"},\"inLanguage\":\"ca\",\"potentialAction\":[{\"@type\":\"ReadAction\",\"target\":[\"https:\/\/www.cpl.es\/producto\/gestos-y-simbolos-9788474678840\/\"]}]},{\"@type\":\"ImageObject\",\"inLanguage\":\"ca\",\"@id\":\"https:\/\/www.cpl.es\/producto\/gestos-y-simbolos-9788474678840\/#primaryimage\",\"url\":\"https:\/\/www.cpl.es\/wp-content\/uploads\/101040-1.jpg\",\"contentUrl\":\"https:\/\/www.cpl.es\/wp-content\/uploads\/101040-1.jpg\",\"width\":280,\"height\":388,\"caption\":\"101040.jpg\"},{\"@type\":\"BreadcrumbList\",\"@id\":\"https:\/\/www.cpl.es\/producto\/gestos-y-simbolos-9788474678840\/#breadcrumb\",\"itemListElement\":[{\"@type\":\"ListItem\",\"position\":1,\"name\":\"Portada\",\"item\":\"https:\/\/www.cpl.es\/ca\/\"},{\"@type\":\"ListItem\",\"position\":2,\"name\":\"Cat\u00e0leg\",\"item\":\"https:\/\/www.cpl.es\/ca\/cataleg\/\"},{\"@type\":\"ListItem\",\"position\":3,\"name\":\"Gestos y s\u00edmbolos\"}]},{\"@type\":\"WebSite\",\"@id\":\"https:\/\/www.cpl.es\/#website\",\"url\":\"https:\/\/www.cpl.es\/\",\"name\":\"CPL\",\"description\":\"Centre de Pastoral Lit\u00fargica de Barcelona\",\"publisher\":{\"@id\":\"https:\/\/www.cpl.es\/#organization\"},\"alternateName\":\"Centre de Pastoral Lit\u00fargica\",\"potentialAction\":[{\"@type\":\"SearchAction\",\"target\":{\"@type\":\"EntryPoint\",\"urlTemplate\":\"https:\/\/www.cpl.es\/?s={search_term_string}\"},\"query-input\":{\"@type\":\"PropertyValueSpecification\",\"valueRequired\":true,\"valueName\":\"search_term_string\"}}],\"inLanguage\":\"ca\"},{\"@type\":\"Organization\",\"@id\":\"https:\/\/www.cpl.es\/#organization\",\"name\":\"Centre de Pastoral Lit\u00fargica\",\"alternateName\":\"Centre de Pastoral Lit\u00fargica de Barcelona\",\"url\":\"https:\/\/www.cpl.es\/\",\"logo\":{\"@type\":\"ImageObject\",\"inLanguage\":\"ca\",\"@id\":\"https:\/\/www.cpl.es\/#\/schema\/logo\/image\/\",\"url\":\"https:\/\/www.cpl.es\/wp-content\/uploads\/logo-cpl.svg\",\"contentUrl\":\"https:\/\/www.cpl.es\/wp-content\/uploads\/logo-cpl.svg\",\"caption\":\"Centre de Pastoral Lit\u00fargica\"},\"image\":{\"@id\":\"https:\/\/www.cpl.es\/#\/schema\/logo\/image\/\"}}]}<\/script>\n<!-- \/ Yoast SEO plugin. -->","yoast_head_json":{"title":"Gestos y s\u00edmbolos - CPL","robots":{"index":"index","follow":"follow","max-snippet":"max-snippet:-1","max-image-preview":"max-image-preview:large","max-video-preview":"max-video-preview:-1"},"canonical":"https:\/\/www.cpl.es\/producto\/gestos-y-simbolos-9788474678840\/","og_locale":"ca_ES","og_type":"article","og_title":"Gestos y s\u00edmbolos - CPL","og_description":"Aldaz\u00e1bal Larra\u00f1aga, Jos\u00e9","og_url":"https:\/\/www.cpl.es\/producto\/gestos-y-simbolos-9788474678840\/","og_site_name":"CPL","article_modified_time":"2025-12-24T09:53:02+00:00","og_image":[{"width":280,"height":388,"url":"https:\/\/www.cpl.es\/wp-content\/uploads\/101040-1.jpg","type":"image\/jpeg"}],"twitter_card":"summary_large_image","schema":{"@context":"https:\/\/schema.org","@graph":[{"@type":"WebPage","@id":"https:\/\/www.cpl.es\/producto\/gestos-y-simbolos-9788474678840\/","url":"https:\/\/www.cpl.es\/producto\/gestos-y-simbolos-9788474678840\/","name":"Gestos y s\u00edmbolos - CPL","isPartOf":{"@id":"https:\/\/www.cpl.es\/#website"},"primaryImageOfPage":{"@id":"https:\/\/www.cpl.es\/producto\/gestos-y-simbolos-9788474678840\/#primaryimage"},"image":{"@id":"https:\/\/www.cpl.es\/producto\/gestos-y-simbolos-9788474678840\/#primaryimage"},"thumbnailUrl":"https:\/\/www.cpl.es\/wp-content\/uploads\/101040-1.jpg","datePublished":"2023-10-04T00:45:13+00:00","dateModified":"2025-12-24T09:53:02+00:00","breadcrumb":{"@id":"https:\/\/www.cpl.es\/producto\/gestos-y-simbolos-9788474678840\/#breadcrumb"},"inLanguage":"ca","potentialAction":[{"@type":"ReadAction","target":["https:\/\/www.cpl.es\/producto\/gestos-y-simbolos-9788474678840\/"]}]},{"@type":"ImageObject","inLanguage":"ca","@id":"https:\/\/www.cpl.es\/producto\/gestos-y-simbolos-9788474678840\/#primaryimage","url":"https:\/\/www.cpl.es\/wp-content\/uploads\/101040-1.jpg","contentUrl":"https:\/\/www.cpl.es\/wp-content\/uploads\/101040-1.jpg","width":280,"height":388,"caption":"101040.jpg"},{"@type":"BreadcrumbList","@id":"https:\/\/www.cpl.es\/producto\/gestos-y-simbolos-9788474678840\/#breadcrumb","itemListElement":[{"@type":"ListItem","position":1,"name":"Portada","item":"https:\/\/www.cpl.es\/ca\/"},{"@type":"ListItem","position":2,"name":"Cat\u00e0leg","item":"https:\/\/www.cpl.es\/ca\/cataleg\/"},{"@type":"ListItem","position":3,"name":"Gestos y s\u00edmbolos"}]},{"@type":"WebSite","@id":"https:\/\/www.cpl.es\/#website","url":"https:\/\/www.cpl.es\/","name":"CPL","description":"Centre de Pastoral Lit\u00fargica de Barcelona","publisher":{"@id":"https:\/\/www.cpl.es\/#organization"},"alternateName":"Centre de Pastoral Lit\u00fargica","potentialAction":[{"@type":"SearchAction","target":{"@type":"EntryPoint","urlTemplate":"https:\/\/www.cpl.es\/?s={search_term_string}"},"query-input":{"@type":"PropertyValueSpecification","valueRequired":true,"valueName":"search_term_string"}}],"inLanguage":"ca"},{"@type":"Organization","@id":"https:\/\/www.cpl.es\/#organization","name":"Centre de Pastoral Lit\u00fargica","alternateName":"Centre de Pastoral Lit\u00fargica de Barcelona","url":"https:\/\/www.cpl.es\/","logo":{"@type":"ImageObject","inLanguage":"ca","@id":"https:\/\/www.cpl.es\/#\/schema\/logo\/image\/","url":"https:\/\/www.cpl.es\/wp-content\/uploads\/logo-cpl.svg","contentUrl":"https:\/\/www.cpl.es\/wp-content\/uploads\/logo-cpl.svg","caption":"Centre de Pastoral Lit\u00fargica"},"image":{"@id":"https:\/\/www.cpl.es\/#\/schema\/logo\/image\/"}}]}},"_links":{"self":[{"href":"https:\/\/www.cpl.es\/ca\/wp-json\/wp\/v2\/product\/4737","targetHints":{"allow":["GET"]}}],"collection":[{"href":"https:\/\/www.cpl.es\/ca\/wp-json\/wp\/v2\/product"}],"about":[{"href":"https:\/\/www.cpl.es\/ca\/wp-json\/wp\/v2\/types\/product"}],"wp:featuredmedia":[{"embeddable":true,"href":"https:\/\/www.cpl.es\/ca\/wp-json\/wp\/v2\/media\/19244"}],"wp:attachment":[{"href":"https:\/\/www.cpl.es\/ca\/wp-json\/wp\/v2\/media?parent=4737"}],"wp:term":[{"taxonomy":"product_brand","embeddable":true,"href":"https:\/\/www.cpl.es\/ca\/wp-json\/wp\/v2\/product_brand?post=4737"},{"taxonomy":"product_cat","embeddable":true,"href":"https:\/\/www.cpl.es\/ca\/wp-json\/wp\/v2\/product_cat?post=4737"},{"taxonomy":"product_tag","embeddable":true,"href":"https:\/\/www.cpl.es\/ca\/wp-json\/wp\/v2\/product_tag?post=4737"}],"curies":[{"name":"wp","href":"https:\/\/api.w.org\/{rel}","templated":true}]}}