{"id":4253,"date":"2023-10-04T02:33:10","date_gmt":"2023-10-04T00:33:10","guid":{"rendered":"https:\/\/nuevaweb.cpl.es\/producto\/oracion-de-los-fieles-dias-laborales-santoral-y-sacramentos-9788498057294\/"},"modified":"2025-05-30T11:13:14","modified_gmt":"2025-05-30T09:13:14","slug":"oracion-de-los-fieles-dias-laborales-santoral-y-sacramentos-9788498057294","status":"publish","type":"product","link":"https:\/\/www.cpl.es\/ca\/producto\/oracion-de-los-fieles-dias-laborales-santoral-y-sacramentos-9788498057294\/","title":{"rendered":"Oraci\u00f3n de los fieles. D\u00edas laborales, Santoral y Sacramentos"},"content":{"rendered":"<p>Un libro imprescindible en cualquier iglesia. Para los tiempos fuertes, dos series de formularios, de Josep Lligadas y Josep Urdeix respectivamente. Para el resto del a\u00f1o lit\u00fargico, una serie preparada por Josep Lligadas con otros colaboradores del CPL. El estilo &#8216;Misa Dominical' para los domingos y fiestas, ahora tambi\u00e9n para los d\u00edas laborables. En estos libros se ofrece material para todos los tiempos lit\u00fargicos y para todos los sacramentos. <\/p>\n","protected":false},"excerpt":{"rendered":"<p>Josep Lligadas; Josep Urdeix <\/p>\n","protected":false},"featured_media":19355,"template":"","meta":{"_acf_changed":false,"inline_featured_image":false},"product_brand":[],"product_cat":[80,162,57,161,44,75,63,86],"product_tag":[],"class_list":{"0":"post-4253","1":"product","2":"type-product","3":"status-publish","4":"has-post-thumbnail","6":"product_cat-celebracio-de-la-missa","7":"product_cat-celebracio-liturgica","8":"product_cat-celebracion-de-la-misa","9":"product_cat-celebracion-liturgica","10":"product_cat-dossiers-cpl","11":"product_cat-dossiers-cpl-colleccions-catala","12":"product_cat-oracion","13":"product_cat-pregaria","15":"first","16":"instock","17":"taxable","18":"shipping-taxable","19":"purchasable","20":"product-type-simple"},"acf":{"autor":"Josep Lligadas; Josep Urdeix ","codart":"101107","ediciones":"2","encuadernacion":"Cartone","fecha_de_publicacion":"12\/02\/2025","novedad":false,"paginas":"444","subtitulo":"","orden":"20","portada":false,"idioma":"spa","editorial":[{"ID":6736,"post_author":"2","post_date":"2023-10-06 08:35:24","post_date_gmt":"2023-10-06 06:35:24","post_content":"","post_title":"CPL","post_excerpt":"","post_status":"publish","comment_status":"closed","ping_status":"closed","post_password":"","post_name":"cpl","to_ping":"","pinged":"","post_modified":"2023-10-06 08:35:24","post_modified_gmt":"2023-10-06 06:35:24","post_content_filtered":"","post_parent":0,"guid":"https:\/\/nuevaweb.cpl.es\/editorial\/cpl\/","menu_order":0,"post_type":"editorial","post_mime_type":"","comment_count":"0","filter":"raw"}],"coleccion_num":"107"},"yoast_head":"<!-- This site is optimized with the Yoast SEO plugin v27.3 - https:\/\/yoast.com\/product\/yoast-seo-wordpress\/ -->\n<title>Oraci\u00f3n de los fieles. D\u00edas laborales, Santoral y Sacramentos - CPL<\/title>\n<meta name=\"robots\" content=\"index, follow, max-snippet:-1, max-image-preview:large, max-video-preview:-1\" \/>\n<link rel=\"canonical\" href=\"https:\/\/www.cpl.es\/producto\/oracion-de-los-fieles-dias-laborales-santoral-y-sacramentos-9788498057294\/\" \/>\n<meta property=\"og:locale\" content=\"ca_ES\" \/>\n<meta property=\"og:type\" content=\"article\" \/>\n<meta property=\"og:title\" content=\"Oraci\u00f3n de los fieles. D\u00edas laborales, Santoral y Sacramentos - CPL\" \/>\n<meta property=\"og:description\" content=\"Josep Lligadas; Josep Urdeix\" \/>\n<meta property=\"og:url\" content=\"https:\/\/www.cpl.es\/producto\/oracion-de-los-fieles-dias-laborales-santoral-y-sacramentos-9788498057294\/\" \/>\n<meta property=\"og:site_name\" content=\"CPL\" \/>\n<meta property=\"article:modified_time\" content=\"2025-05-30T09:13:14+00:00\" \/>\n<meta property=\"og:image\" content=\"https:\/\/www.cpl.es\/wp-content\/uploads\/9788498057294-2.jpg\" \/>\n\t<meta property=\"og:image:width\" content=\"280\" \/>\n\t<meta property=\"og:image:height\" content=\"384\" \/>\n\t<meta property=\"og:image:type\" content=\"image\/jpeg\" \/>\n<meta name=\"twitter:card\" content=\"summary_large_image\" \/>\n<script type=\"application\/ld+json\" class=\"yoast-schema-graph\">{\"@context\":\"https:\\\/\\\/schema.org\",\"@graph\":[{\"@type\":\"WebPage\",\"@id\":\"https:\\\/\\\/www.cpl.es\\\/producto\\\/oracion-de-los-fieles-dias-laborales-santoral-y-sacramentos-9788498057294\\\/\",\"url\":\"https:\\\/\\\/www.cpl.es\\\/producto\\\/oracion-de-los-fieles-dias-laborales-santoral-y-sacramentos-9788498057294\\\/\",\"name\":\"Oraci\u00f3n de los fieles. D\u00edas laborales, Santoral y Sacramentos - CPL\",\"isPartOf\":{\"@id\":\"https:\\\/\\\/www.cpl.es\\\/#website\"},\"primaryImageOfPage\":{\"@id\":\"https:\\\/\\\/www.cpl.es\\\/producto\\\/oracion-de-los-fieles-dias-laborales-santoral-y-sacramentos-9788498057294\\\/#primaryimage\"},\"image\":{\"@id\":\"https:\\\/\\\/www.cpl.es\\\/producto\\\/oracion-de-los-fieles-dias-laborales-santoral-y-sacramentos-9788498057294\\\/#primaryimage\"},\"thumbnailUrl\":\"https:\\\/\\\/www.cpl.es\\\/wp-content\\\/uploads\\\/9788498057294-2.jpg\",\"datePublished\":\"2023-10-04T00:33:10+00:00\",\"dateModified\":\"2025-05-30T09:13:14+00:00\",\"breadcrumb\":{\"@id\":\"https:\\\/\\\/www.cpl.es\\\/producto\\\/oracion-de-los-fieles-dias-laborales-santoral-y-sacramentos-9788498057294\\\/#breadcrumb\"},\"inLanguage\":\"ca\",\"potentialAction\":[{\"@type\":\"ReadAction\",\"target\":[\"https:\\\/\\\/www.cpl.es\\\/producto\\\/oracion-de-los-fieles-dias-laborales-santoral-y-sacramentos-9788498057294\\\/\"]}]},{\"@type\":\"ImageObject\",\"inLanguage\":\"ca\",\"@id\":\"https:\\\/\\\/www.cpl.es\\\/producto\\\/oracion-de-los-fieles-dias-laborales-santoral-y-sacramentos-9788498057294\\\/#primaryimage\",\"url\":\"https:\\\/\\\/www.cpl.es\\\/wp-content\\\/uploads\\\/9788498057294-2.jpg\",\"contentUrl\":\"https:\\\/\\\/www.cpl.es\\\/wp-content\\\/uploads\\\/9788498057294-2.jpg\",\"width\":280,\"height\":384,\"caption\":\"9788498057294.jpg\"},{\"@type\":\"BreadcrumbList\",\"@id\":\"https:\\\/\\\/www.cpl.es\\\/producto\\\/oracion-de-los-fieles-dias-laborales-santoral-y-sacramentos-9788498057294\\\/#breadcrumb\",\"itemListElement\":[{\"@type\":\"ListItem\",\"position\":1,\"name\":\"Portada\",\"item\":\"https:\\\/\\\/www.cpl.es\\\/ca\\\/\"},{\"@type\":\"ListItem\",\"position\":2,\"name\":\"Cat\u00e0leg\",\"item\":\"https:\\\/\\\/www.cpl.es\\\/ca\\\/cataleg\\\/\"},{\"@type\":\"ListItem\",\"position\":3,\"name\":\"Oraci\u00f3n de los fieles. D\u00edas laborales, Santoral y Sacramentos\"}]},{\"@type\":\"WebSite\",\"@id\":\"https:\\\/\\\/www.cpl.es\\\/#website\",\"url\":\"https:\\\/\\\/www.cpl.es\\\/\",\"name\":\"CPL\",\"description\":\"Centre de Pastoral Lit\u00fargica de Barcelona\",\"publisher\":{\"@id\":\"https:\\\/\\\/www.cpl.es\\\/#organization\"},\"alternateName\":\"Centre de Pastoral Lit\u00fargica\",\"potentialAction\":[{\"@type\":\"SearchAction\",\"target\":{\"@type\":\"EntryPoint\",\"urlTemplate\":\"https:\\\/\\\/www.cpl.es\\\/?s={search_term_string}\"},\"query-input\":{\"@type\":\"PropertyValueSpecification\",\"valueRequired\":true,\"valueName\":\"search_term_string\"}}],\"inLanguage\":\"ca\"},{\"@type\":\"Organization\",\"@id\":\"https:\\\/\\\/www.cpl.es\\\/#organization\",\"name\":\"Centre de Pastoral Lit\u00fargica\",\"alternateName\":\"Centre de Pastoral Lit\u00fargica de Barcelona\",\"url\":\"https:\\\/\\\/www.cpl.es\\\/\",\"logo\":{\"@type\":\"ImageObject\",\"inLanguage\":\"ca\",\"@id\":\"https:\\\/\\\/www.cpl.es\\\/#\\\/schema\\\/logo\\\/image\\\/\",\"url\":\"https:\\\/\\\/www.cpl.es\\\/wp-content\\\/uploads\\\/logo-cpl.svg\",\"contentUrl\":\"https:\\\/\\\/www.cpl.es\\\/wp-content\\\/uploads\\\/logo-cpl.svg\",\"caption\":\"Centre de Pastoral Lit\u00fargica\"},\"image\":{\"@id\":\"https:\\\/\\\/www.cpl.es\\\/#\\\/schema\\\/logo\\\/image\\\/\"}}]}<\/script>\n<!-- \/ Yoast SEO plugin. -->","yoast_head_json":{"title":"Oraci\u00f3n de los fieles. D\u00edas laborales, Santoral y Sacramentos - CPL","robots":{"index":"index","follow":"follow","max-snippet":"max-snippet:-1","max-image-preview":"max-image-preview:large","max-video-preview":"max-video-preview:-1"},"canonical":"https:\/\/www.cpl.es\/producto\/oracion-de-los-fieles-dias-laborales-santoral-y-sacramentos-9788498057294\/","og_locale":"ca_ES","og_type":"article","og_title":"Oraci\u00f3n de los fieles. D\u00edas laborales, Santoral y Sacramentos - CPL","og_description":"Josep Lligadas; Josep Urdeix","og_url":"https:\/\/www.cpl.es\/producto\/oracion-de-los-fieles-dias-laborales-santoral-y-sacramentos-9788498057294\/","og_site_name":"CPL","article_modified_time":"2025-05-30T09:13:14+00:00","og_image":[{"width":280,"height":384,"url":"https:\/\/www.cpl.es\/wp-content\/uploads\/9788498057294-2.jpg","type":"image\/jpeg"}],"twitter_card":"summary_large_image","schema":{"@context":"https:\/\/schema.org","@graph":[{"@type":"WebPage","@id":"https:\/\/www.cpl.es\/producto\/oracion-de-los-fieles-dias-laborales-santoral-y-sacramentos-9788498057294\/","url":"https:\/\/www.cpl.es\/producto\/oracion-de-los-fieles-dias-laborales-santoral-y-sacramentos-9788498057294\/","name":"Oraci\u00f3n de los fieles. D\u00edas laborales, Santoral y Sacramentos - CPL","isPartOf":{"@id":"https:\/\/www.cpl.es\/#website"},"primaryImageOfPage":{"@id":"https:\/\/www.cpl.es\/producto\/oracion-de-los-fieles-dias-laborales-santoral-y-sacramentos-9788498057294\/#primaryimage"},"image":{"@id":"https:\/\/www.cpl.es\/producto\/oracion-de-los-fieles-dias-laborales-santoral-y-sacramentos-9788498057294\/#primaryimage"},"thumbnailUrl":"https:\/\/www.cpl.es\/wp-content\/uploads\/9788498057294-2.jpg","datePublished":"2023-10-04T00:33:10+00:00","dateModified":"2025-05-30T09:13:14+00:00","breadcrumb":{"@id":"https:\/\/www.cpl.es\/producto\/oracion-de-los-fieles-dias-laborales-santoral-y-sacramentos-9788498057294\/#breadcrumb"},"inLanguage":"ca","potentialAction":[{"@type":"ReadAction","target":["https:\/\/www.cpl.es\/producto\/oracion-de-los-fieles-dias-laborales-santoral-y-sacramentos-9788498057294\/"]}]},{"@type":"ImageObject","inLanguage":"ca","@id":"https:\/\/www.cpl.es\/producto\/oracion-de-los-fieles-dias-laborales-santoral-y-sacramentos-9788498057294\/#primaryimage","url":"https:\/\/www.cpl.es\/wp-content\/uploads\/9788498057294-2.jpg","contentUrl":"https:\/\/www.cpl.es\/wp-content\/uploads\/9788498057294-2.jpg","width":280,"height":384,"caption":"9788498057294.jpg"},{"@type":"BreadcrumbList","@id":"https:\/\/www.cpl.es\/producto\/oracion-de-los-fieles-dias-laborales-santoral-y-sacramentos-9788498057294\/#breadcrumb","itemListElement":[{"@type":"ListItem","position":1,"name":"Portada","item":"https:\/\/www.cpl.es\/ca\/"},{"@type":"ListItem","position":2,"name":"Cat\u00e0leg","item":"https:\/\/www.cpl.es\/ca\/cataleg\/"},{"@type":"ListItem","position":3,"name":"Oraci\u00f3n de los fieles. D\u00edas laborales, Santoral y Sacramentos"}]},{"@type":"WebSite","@id":"https:\/\/www.cpl.es\/#website","url":"https:\/\/www.cpl.es\/","name":"CPL","description":"Centre de Pastoral Lit\u00fargica de Barcelona","publisher":{"@id":"https:\/\/www.cpl.es\/#organization"},"alternateName":"Centre de Pastoral Lit\u00fargica","potentialAction":[{"@type":"SearchAction","target":{"@type":"EntryPoint","urlTemplate":"https:\/\/www.cpl.es\/?s={search_term_string}"},"query-input":{"@type":"PropertyValueSpecification","valueRequired":true,"valueName":"search_term_string"}}],"inLanguage":"ca"},{"@type":"Organization","@id":"https:\/\/www.cpl.es\/#organization","name":"Centre de Pastoral Lit\u00fargica","alternateName":"Centre de Pastoral Lit\u00fargica de Barcelona","url":"https:\/\/www.cpl.es\/","logo":{"@type":"ImageObject","inLanguage":"ca","@id":"https:\/\/www.cpl.es\/#\/schema\/logo\/image\/","url":"https:\/\/www.cpl.es\/wp-content\/uploads\/logo-cpl.svg","contentUrl":"https:\/\/www.cpl.es\/wp-content\/uploads\/logo-cpl.svg","caption":"Centre de Pastoral Lit\u00fargica"},"image":{"@id":"https:\/\/www.cpl.es\/#\/schema\/logo\/image\/"}}]}},"_links":{"self":[{"href":"https:\/\/www.cpl.es\/ca\/wp-json\/wp\/v2\/product\/4253","targetHints":{"allow":["GET"]}}],"collection":[{"href":"https:\/\/www.cpl.es\/ca\/wp-json\/wp\/v2\/product"}],"about":[{"href":"https:\/\/www.cpl.es\/ca\/wp-json\/wp\/v2\/types\/product"}],"wp:featuredmedia":[{"embeddable":true,"href":"https:\/\/www.cpl.es\/ca\/wp-json\/wp\/v2\/media\/19355"}],"wp:attachment":[{"href":"https:\/\/www.cpl.es\/ca\/wp-json\/wp\/v2\/media?parent=4253"}],"wp:term":[{"taxonomy":"product_brand","embeddable":true,"href":"https:\/\/www.cpl.es\/ca\/wp-json\/wp\/v2\/product_brand?post=4253"},{"taxonomy":"product_cat","embeddable":true,"href":"https:\/\/www.cpl.es\/ca\/wp-json\/wp\/v2\/product_cat?post=4253"},{"taxonomy":"product_tag","embeddable":true,"href":"https:\/\/www.cpl.es\/ca\/wp-json\/wp\/v2\/product_tag?post=4253"}],"curies":[{"name":"wp","href":"https:\/\/api.w.org\/{rel}","templated":true}]}}